{"id":847,"date":"2025-11-10T13:03:27","date_gmt":"2025-11-10T13:03:27","guid":{"rendered":"https:\/\/fcquna.edu.py\/v3\/?page_id=847"},"modified":"2025-11-20T21:18:14","modified_gmt":"2025-11-20T21:18:14","slug":"formularios-3","status":"publish","type":"page","link":"https:\/\/fcquna.edu.py\/v3\/institucional\/formularios-3\/","title":{"rendered":"Formularios"},"content":{"rendered":"\t\t<div data-elementor-type=\"wp-post\" data-elementor-id=\"847\" class=\"elementor elementor-847\" data-elementor-post-type=\"page\">\n\t\t\t\t<div class=\"elementor-element elementor-element-80cf60c e-flex e-con-boxed e-con e-parent\" data-id=\"80cf60c\" data-element_type=\"container\" data-settings=\"{&quot;jet_parallax_layout_list&quot;:[]}\">\n\t\t\t\t\t<div class=\"e-con-inner\">\n\t\t\t\t<div class=\"elementor-element elementor-element-6f027d5 elementor-widget elementor-widget-heading\" data-id=\"6f027d5\" data-element_type=\"widget\" data-widget_type=\"heading.default\">\n\t\t\t\t\t<h2 class=\"elementor-heading-title elementor-size-default\">Docentes y Estudiantes<\/h2>\t\t\t\t<\/div>\n\t\t\t\t\t<\/div>\n\t\t\t\t<\/div>\n\t\t<div class=\"elementor-element elementor-element-c384b46 e-flex e-con-boxed e-con e-parent\" data-id=\"c384b46\" data-element_type=\"container\" data-settings=\"{&quot;jet_parallax_layout_list&quot;:[]}\">\n\t\t\t\t\t<div class=\"e-con-inner\">\n\t\t\t\t<div class=\"elementor-element elementor-element-1fedce1 elementor-widget elementor-widget-text-editor\" data-id=\"1fedce1\" data-element_type=\"widget\" data-widget_type=\"text-editor.default\">\n\t\t\t\t\t\t\t\t\t<p><b>Los formularios son exclusivamente para uso \u201cpresencial\u201d en la Mesa de Entrada; para e\u2011Tr\u00e1mite est\u00e1n disponibles \u00fanicamente en la plataforma.<\/b><\/p>\t\t\t\t\t\t\t\t<\/div>\n\t\t\t\t\t<\/div>\n\t\t\t\t<\/div>\n\t\t<div class=\"elementor-element elementor-element-a83e0b4 e-flex e-con-boxed e-con e-parent\" data-id=\"a83e0b4\" data-element_type=\"container\" data-settings=\"{&quot;jet_parallax_layout_list&quot;:[]}\">\n\t\t\t\t\t<div class=\"e-con-inner\">\n\t\t\t\t<div class=\"elementor-element elementor-element-0c23f5d elementor-widget elementor-widget-text-editor\" data-id=\"0c23f5d\" data-element_type=\"widget\" data-widget_type=\"text-editor.default\">\n\t\t\t\t\t\t\t\t\t<ul>\n<li><a href=\"https:\/\/www.qui.una.py\/v2\/wp-content\/uploads\/01-Solicitud-de-Certificado-de-Estudios-de-Grado.pdf\" target=\"_blank\" rel=\"noopener\">Solicitud de Certificado de Estudios de Grado<\/a><\/li>\n<li><a href=\"https:\/\/www.qui.una.py\/v2\/wp-content\/uploads\/02-Solicitud-de-Certificado-de-Estudios-de-Postgrado.pdf\" target=\"_blank\" rel=\"noopener\">Solicitud de Certificado de Estudios de Postgrado<\/a><\/li>\n<li><a href=\"https:\/\/www.qui.una.py\/v2\/wp-content\/uploads\/03-Solicitud-de-Constancia-en-General.pdf\" target=\"_blank\" rel=\"noopener\">Solicitud de Constancia en General<\/a><\/li>\n<li><a href=\"https:\/\/www.qui.una.py\/v2\/wp-content\/uploads\/04-Solicitud-de-Constancia-de-Antecedentes-Disciplinarios-1.pdf\" target=\"_blank\" rel=\"noopener\">Solicitud de Constancia de Antecedentes Disciplinarios<\/a><\/li>\n<li><a href=\"https:\/\/www.qui.una.py\/v2\/wp-content\/uploads\/05-Solicitud-de-Autenticacion-de-Certificado-de-Estudios.pdf\" target=\"_blank\" rel=\"noopener\">Solicitud de Autenticaci\u00f3n de Certificado de Estudios<\/a><\/li>\n<li><a href=\"https:\/\/www.qui.una.py\/v2\/wp-content\/uploads\/06-Solicitud-de-copia-simple.pdf\" target=\"_blank\" rel=\"noopener\">Solicitud de Fotocopia simple de Documento\/s<\/a><\/li>\n<li><a href=\"https:\/\/www.qui.una.py\/v2\/wp-content\/uploads\/07-Solicitud-de-Revision-de-Examen.pdf\" target=\"_blank\" rel=\"noopener\">Solicitud de Revisi\u00f3n de Examen Final<\/a><\/li>\n<li><a href=\"https:\/\/www.qui.una.py\/v2\/wp-content\/uploads\/08-Solicitud-de-incripcion-a-asignaturas-agregado.pdf\" target=\"_blank\" rel=\"noopener\">Solicitud de Inscripci\u00f3n a Asignatura\/s (Agregado)<\/a><\/li>\n<li><a href=\"https:\/\/www.qui.una.py\/v2\/wp-content\/uploads\/09-Solicitud-de-incripcion-a-asignaturas-agregado-Semestre-Opuesto.pdf\" target=\"_blank\" rel=\"noopener\">Solicitud de Inscripci\u00f3n a Asignatura\/s (Agregado) \u2013 Semestre Opuesto<\/a><\/li>\n<li><a href=\"https:\/\/www.qui.una.py\/v2\/wp-content\/uploads\/10-Solicitud-de-Desmatriculacion-de-asignatura.pdf\" target=\"_blank\" rel=\"noopener\">Solicitud de Desmatriculaci\u00f3n de Asignatura\/s<\/a><\/li>\n<li><a href=\"https:\/\/www.qui.una.py\/v2\/wp-content\/uploads\/11-Solicitud-de-Homologacion-de-Asignaturas.pdf\" target=\"_blank\" rel=\"noopener\">Solicitud de Homologaci\u00f3n de Asignatura\/s<\/a><\/li>\n<li><a href=\"https:\/\/www.qui.una.py\/v2\/wp-content\/uploads\/12-Solicitud-de-Convalidacion-de-Asignaturas.pdf\" target=\"_blank\" rel=\"noopener\">Solicitud de Convalidaci\u00f3n de Asignatura\/s<\/a><\/li>\n<li><a href=\"https:\/\/www.qui.una.py\/v2\/wp-content\/uploads\/13-Solicitud-de-Matriculacion-Simultanea-de-la-FCQ-UNA.pdf\" target=\"_blank\" rel=\"noopener\">Solicitud de Matriculaci\u00f3n Simult\u00e1nea<\/a><\/li>\n<li><a href=\"https:\/\/www.qui.una.py\/v2\/wp-content\/uploads\/14-Solicitud-de-Traslado-de-Carrera-de-la-FCQ-UNA.pdf\" target=\"_blank\" rel=\"noopener\">Solicitud de Traslado de Carrera de estudiante de la FCQ-UNA<\/a><\/li>\n<li><a href=\"https:\/\/www.qui.una.py\/v2\/wp-content\/uploads\/15-Solicitud-de-Traslado-de-otras-Universidades-o-de-la-UNA.pdf\" target=\"_blank\" rel=\"noopener\">Solicitud de Traslado de estudiante de otra unidad acad\u00e9mica de la UNA u otra universidad nacional o del exterior<\/a><\/li>\n<li><a href=\"https:\/\/www.qui.una.py\/v2\/wp-content\/uploads\/16-Solicitud-de-Traslado-de-Plan-Academico.pdf\" target=\"_blank\" rel=\"noopener\">Solicitud de Traslado de Plan Acad\u00e9mico<\/a><\/li>\n<li><a href=\"https:\/\/www.qui.una.py\/v2\/wp-content\/uploads\/17-Solicitud-de-Admision-Directa-de-egresados-de-la-FCQ-UNA.pdf\" target=\"_blank\" rel=\"noopener\">Solicitud de Admisi\u00f3n Directa de egresado de la FCQ-UNA<\/a><\/li>\n<li><a href=\"https:\/\/www.qui.una.py\/v2\/wp-content\/uploads\/18-Solicitud-de-Admision-Directa-de-egresado-de-la-UNA-u-otra-universidad-nacional.pdf\" target=\"_blank\" rel=\"noopener\">Solicitud de Admisi\u00f3n Directa de egresado de otra unidad acad\u00e9mica de la UNA u otra universidad nacional<\/a><\/li>\n<li><a href=\"https:\/\/www.qui.una.py\/v2\/wp-content\/uploads\/19-Solicitud-de-Admision-Directa-de-egresado-de-universidad-privada.pdf\" target=\"_blank\" rel=\"noopener\">Solicitud de Admisi\u00f3n Directa de egresado de una universidad privada \u2013 reconocida por el CONES<\/a><\/li>\n<li><a href=\"https:\/\/www.qui.una.py\/v2\/wp-content\/uploads\/20-Solicitud-de-Admision-Directa-de-egresado-de-universidad-del-extranjero.pdf\" target=\"_blank\" rel=\"noopener\">Solicitud de Admisi\u00f3n Directa de egresado paraguayo de una universidad del extranjero<\/a><\/li>\n<li><a href=\"https:\/\/www.qui.una.py\/v2\/wp-content\/uploads\/21-Solicitud-de-Prorroga-Extension-de-Prorroga-o-Readmision-a-la-carrera.pdf\" target=\"_blank\" rel=\"noopener\">Solicitud de Pr\u00f3rroga, Extensi\u00f3n de Pr\u00f3rroga o Readmisi\u00f3n a la Carrera de la FCQ-UNA<\/a><\/li>\n<li><a href=\"https:\/\/www.qui.una.py\/v2\/wp-content\/uploads\/22-Solicitud-de-Exoneracion-de-Excelencia-Estudiantil.pdf\" target=\"_blank\" rel=\"noopener\">Solicitud de Exoneraci\u00f3n de Excelencia Estudiantil<\/a><\/li>\n<li><a href=\"https:\/\/www.qui.una.py\/v2\/wp-content\/uploads\/23-Solicitud-de-Exoneracion-de-Ayuda-al-Estudio.pdf\" target=\"_blank\" rel=\"noopener\">Solicitud de Exoneraci\u00f3n de Ayuda al Estudio<\/a><\/li>\n<li><a href=\"https:\/\/www.qui.una.py\/v2\/wp-content\/uploads\/24-Solicitud-de-Exoneracion-Deportiva.pdf\" target=\"_blank\" rel=\"noopener\">Solicitud de Exoneraci\u00f3n Deportiva<\/a><\/li>\n<li><a href=\"https:\/\/www.qui.una.py\/v2\/wp-content\/uploads\/25-Solicitud-de-Exoneracion-Cultural.pdf\" target=\"_blank\" rel=\"noopener\">Solicitud de Exoneraci\u00f3n Cultural<\/a><\/li>\n<li><a href=\"https:\/\/www.qui.una.py\/v2\/wp-content\/uploads\/26-Solicitud-de-Exoneracion-por-Iniciacion-Cientifica.pdf\" target=\"_blank\" rel=\"noopener\">Solicitud de Exoneraci\u00f3n por Iniciaci\u00f3n Cient\u00edfica<\/a><\/li>\n<li><a href=\"https:\/\/www.qui.una.py\/v2\/wp-content\/uploads\/27-Solicitud-de-nombramiento-de-Auxiliar-de-la-Ensenanza-IV.pdf\" target=\"_blank\" rel=\"noopener\">Solicitud de Nombramiento de Auxiliar de la Ense\u00f1anza IV<\/a><\/li>\n<li><a href=\"https:\/\/www.qui.una.py\/v2\/wp-content\/uploads\/28-Solicitud-de-nombramiento-de-Adscripto.pdf\" target=\"_blank\" rel=\"noopener\">Solicitud de Nombramiento como Docente Adscripto<\/a><\/li>\n<\/ul>\t\t\t\t\t\t\t\t<\/div>\n\t\t\t\t<div class=\"elementor-element elementor-element-4fc7c84 elementor-widget elementor-widget-spacer\" data-id=\"4fc7c84\" data-element_type=\"widget\" data-widget_type=\"spacer.default\">\n\t\t\t\t\t\t\t<div class=\"elementor-spacer\">\n\t\t\t<div class=\"elementor-spacer-inner\"><\/div>\n\t\t<\/div>\n\t\t\t\t\t\t<\/div>\n\t\t\t\t\t<\/div>\n\t\t\t\t<\/div>\n\t\t<div class=\"elementor-element elementor-element-1fd8534 e-flex e-con-boxed e-con e-parent\" data-id=\"1fd8534\" data-element_type=\"container\" data-settings=\"{&quot;jet_parallax_layout_list&quot;:[]}\">\n\t\t\t\t\t<div class=\"e-con-inner\">\n\t\t\t\t<div class=\"elementor-element elementor-element-2cd02db elementor-widget elementor-widget-heading\" data-id=\"2cd02db\" data-element_type=\"widget\" data-widget_type=\"heading.default\">\n\t\t\t\t\t<h2 class=\"elementor-heading-title elementor-size-default\">Becas Grado del Rectorado \u2013 Periodo 2025<\/h2>\t\t\t\t<\/div>\n\t\t\t\t\t<\/div>\n\t\t\t\t<\/div>\n\t\t<div class=\"elementor-element elementor-element-42966e0 e-flex e-con-boxed e-con e-parent\" data-id=\"42966e0\" data-element_type=\"container\" data-settings=\"{&quot;jet_parallax_layout_list&quot;:[]}\">\n\t\t\t\t\t<div class=\"e-con-inner\">\n\t\t\t\t<div class=\"elementor-element elementor-element-4cda08e elementor-widget elementor-widget-text-editor\" data-id=\"4cda08e\" data-element_type=\"widget\" data-widget_type=\"text-editor.default\">\n\t\t\t\t\t\t\t\t\t<ul>\n<li>La FCQ-UNA adjudicar\u00e1 un total de setenta y cinco (75) Becas de Grado.<\/li>\n<li>El monto a ser adjudicado por cada estudiante es de guaran\u00edes dos millones (\u20b2<br \/>2.000.000), a realizarse en un solo pago.<\/li>\n<li>Periodo de postulaci\u00f3n: viernes 02 al viernes 30 de mayo de 2025, hasta las 18:00 horas.<\/li>\n<li>Los interesados en las Becas de Grado \u2013 Per\u00edodo 2025, deber\u00e1n presentar en el momento<br \/>de la inscripci\u00f3n los siguientes documentos, en la Mesa de Entrada de la Secretar\u00eda de la<br \/>Facultad de Ciencias Qu\u00edmicas de la UNA:<\/li>\n<li>Constancia de Matr\u00edcula del periodo acad\u00e9mico 2025.<\/li>\n<li>Fotocopia de C\u00e9dula de Identidad Civil, legible y vigente<strong>\u00a0(anverso y reverso \u2013<\/strong><br \/><strong>nacionalidad paraguaya).<\/strong><\/li>\n<li>Reporte acad\u00e9mico (Ficha de Alumno) o registro de las notas del a\u00f1o lectivo anterior<br \/>resultado de la plataforma oficial de la Facultad.\u00a0<strong>(firmado por la autoridad<\/strong><br \/><strong>competente).<\/strong><\/li>\n<li>Constancia de registrar un promedio no inferior a 3 o pertenecer al 25 % de los mejores<br \/>promedios en el periodo acad\u00e9mico inmediatamente anterior, en cada caso. Adem\u00e1s,<br \/>haber cursado y aprobado un m\u00ednimo de materias igual al 50% de las desarrolladas en<br \/>el mismo periodo. Para el caso de ingresantes en su primera matriculaci\u00f3n, haber<br \/>obtenido como m\u00ednimo equivalente al 80% del total posible.\u00a0<strong>(expedida por la<\/strong><br \/><strong>Facultad).<\/strong><\/li>\n<li>Declaraci\u00f3n jurada de no contar en el periodo acad\u00e9mico de la postulaci\u00f3n con otra<br \/>beca.\u00a0<strong>(firmada por el postulante).<br \/><\/strong><\/li>\n<li><strong>Obs.<\/strong>: Las solicitudes de inscripci\u00f3n que no tengan todos los documentos exigidos<\/li>\n<\/ul>\t\t\t\t\t\t\t\t<\/div>\n\t\t\t\t<div class=\"elementor-element elementor-element-4285cde elementor-widget elementor-widget-text-editor\" data-id=\"4285cde\" data-element_type=\"widget\" data-widget_type=\"text-editor.default\">\n\t\t\t\t\t\t\t\t\t\n<ul>\n<p><strong>Descargas<\/strong><\/p>\n<li style=\"list-style-type: none;\">\n<ul>\n<li><strong><a href=\"https:\/\/www.qui.una.py\/v2\/wp-content\/uploads\/01-Solicitud-de-Beca-de-Grado-1.pdf\" target=\"_blank\" rel=\"noopener\">Solicitud de Beca de Grado<\/a><\/strong><\/li>\n<li><strong><a href=\"https:\/\/www.qui.una.py\/v2\/wp-content\/uploads\/02-Solicitud-de-Recibo-de-dinero-1.pdf\" target=\"_blank\" rel=\"noopener\">Solicitud de Recibo de dinero<\/a><\/strong><\/li>\n<li><strong><a href=\"https:\/\/www.qui.una.py\/v2\/wp-content\/uploads\/03-Solicitud-de-Constancia-de-Promedio-1.pdf\" target=\"_blank\" rel=\"noopener\">Solicitud de Constancia de Promedio<\/a><\/strong><\/li>\n<li><strong><a href=\"https:\/\/www.qui.una.py\/v2\/wp-content\/uploads\/04-Declaracion-Jurada-de-no-contar-con-otra-beca-1.pdf\" target=\"_blank\" rel=\"noopener\">Declaraci\u00f3n Jurada de no contar con otra beca<\/a><\/strong><\/li>\n<\/ul>\n<\/li>\n<\/ul>\t\t\t\t\t\t\t\t<\/div>\n\t\t\t\t<div class=\"elementor-element elementor-element-abcc64b elementor-widget elementor-widget-spacer\" data-id=\"abcc64b\" data-element_type=\"widget\" data-widget_type=\"spacer.default\">\n\t\t\t\t\t\t\t<div class=\"elementor-spacer\">\n\t\t\t<div class=\"elementor-spacer-inner\"><\/div>\n\t\t<\/div>\n\t\t\t\t\t\t<\/div>\n\t\t\t\t\t<\/div>\n\t\t\t\t<\/div>\n\t\t<div class=\"elementor-element elementor-element-4b2add2 e-flex e-con-boxed e-con e-parent\" data-id=\"4b2add2\" data-element_type=\"container\" data-settings=\"{&quot;jet_parallax_layout_list&quot;:[]}\">\n\t\t\t\t\t<div class=\"e-con-inner\">\n\t\t\t\t<div class=\"elementor-element elementor-element-f5f9b8f elementor-widget elementor-widget-heading\" data-id=\"f5f9b8f\" data-element_type=\"widget\" data-widget_type=\"heading.default\">\n\t\t\t\t\t<h2 class=\"elementor-heading-title elementor-size-default\">Becas Postgrado del Rectorado \u2013 Periodo 2025<\/h2>\t\t\t\t<\/div>\n\t\t\t\t\t<\/div>\n\t\t\t\t<\/div>\n\t\t<div class=\"elementor-element elementor-element-f5d6525 e-flex e-con-boxed e-con e-parent\" data-id=\"f5d6525\" data-element_type=\"container\" data-settings=\"{&quot;jet_parallax_layout_list&quot;:[]}\">\n\t\t\t\t\t<div class=\"e-con-inner\">\n\t\t\t\t<div class=\"elementor-element elementor-element-0691984 elementor-widget elementor-widget-text-editor\" data-id=\"0691984\" data-element_type=\"widget\" data-widget_type=\"text-editor.default\">\n\t\t\t\t\t\t\t\t\t<ul>\n<li style=\"list-style-type: none;\">\n<ul>\n<li>La FCQ-UNA adjudicar\u00e1 las Becas de Postgrado.<\/li>\n<li>El monto a ser adjudicado es de guaran\u00edes treinta y un millones trescientos noventa y<br \/>cuatro mil trescientos cincuenta y cuatro (\u20b2 31.394.354) a realizarse en un solo pago<\/li>\n<li>Periodo de postulaci\u00f3n: viernes 02 al viernes 30 de mayo de 2025, hasta las 18:00 horas<\/li>\n<li>Los interesados en las Becas de Postgrado \u2013 Per\u00edodo 2025, deber\u00e1n presentar en el momento de la inscripci\u00f3n los siguientes documentos, en la Mesa de Entrada de la Secretar\u00eda de la Facultad de Ciencias Qu\u00edmicas de la UNA\n<ul>\n<li>Constancia de aceptaci\u00f3n para realizar un Programa de Postgrado en la Instituci\u00f3n a la<br \/>que se ha postulado, con la descripci\u00f3n del costo total del programa, del periodo<br \/>lectivo, la duraci\u00f3n total del programa. En caso de que este cursando un programa de<br \/>postgrado deber\u00e1 presentar un informe del estado acad\u00e9mico (<strong>firmada por la<\/strong><br \/><strong>autoridad competente).<\/strong><\/li>\n<li>Fotocopia de C\u00e9dula de Identidad Civil, legible y vigente<strong>\u00a0(anverso y reverso \u2013<\/strong><br \/><strong>nacionalidad paraguaya).<\/strong><\/li>\n<li>Formulario de solicitud prove\u00eddo por la Facultad para el otorgamiento de becas para<br \/>solventar los gastos de estudio.<\/li>\n<li>Fotocopia autenticada por escriban\u00eda p\u00fablica del diploma de grado de la UNA con el<br \/>registro del MEC o constancia de encontrarse en tr\u00e1mite en el VES\u00a0<strong>(anverso y<\/strong><br \/><strong>reverso).<\/strong><\/li>\n<\/ul>\n<\/li>\n<li><strong>Obs.:<\/strong>\u00a0<em>Las solicitudes de inscripci\u00f3n que no tengan todos los documentos exigidos no ser\u00e1n admitidas<\/em><\/li>\n<\/ul>\n<\/li>\n<\/ul>\n\n<ul>\n<p><strong>Descarga<\/strong><\/p>\n<li style=\"list-style-type: none;\">\n<ul>\n<li><a href=\"https:\/\/www.qui.una.py\/v2\/wp-content\/uploads\/01-Solicitud-de-Beca-de-Postgrado-1.pdf\" target=\"_blank\" rel=\"noopener\"><strong>Solicitud de Beca de Postgrado<\/strong><\/a><\/li>\n<\/ul>\n<\/li>\n<\/ul>\t\t\t\t\t\t\t\t<\/div>\n\t\t\t\t\t<\/div>\n\t\t\t\t<\/div>\n\t\t\t\t<\/div>\n\t\t","protected":false},"excerpt":{"rendered":"<p>Docentes y Estudiantes Los formularios son exclusivamente para uso \u201cpresencial\u201d en la Mesa de Entrada; para e\u2011Tr\u00e1mite est\u00e1n disponibles \u00fanicamente en la plataforma. Solicitud de Certificado de Estudios de Grado Solicitud de Certificado de Estudios de Postgrado Solicitud de Constancia en General Solicitud de Constancia de Antecedentes Disciplinarios Solicitud de Autenticaci\u00f3n de Certificado de Estudios [&hellip;]<\/p>\n","protected":false},"author":1,"featured_media":0,"parent":9,"menu_order":0,"comment_status":"closed","ping_status":"closed","template":"","meta":{"footnotes":""},"class_list":["post-847","page","type-page","status-publish","hentry"],"_links":{"self":[{"href":"https:\/\/fcquna.edu.py\/v3\/wp-json\/wp\/v2\/pages\/847","targetHints":{"allow":["GET"]}}],"collection":[{"href":"https:\/\/fcquna.edu.py\/v3\/wp-json\/wp\/v2\/pages"}],"about":[{"href":"https:\/\/fcquna.edu.py\/v3\/wp-json\/wp\/v2\/types\/page"}],"author":[{"embeddable":true,"href":"https:\/\/fcquna.edu.py\/v3\/wp-json\/wp\/v2\/users\/1"}],"replies":[{"embeddable":true,"href":"https:\/\/fcquna.edu.py\/v3\/wp-json\/wp\/v2\/comments?post=847"}],"version-history":[{"count":29,"href":"https:\/\/fcquna.edu.py\/v3\/wp-json\/wp\/v2\/pages\/847\/revisions"}],"predecessor-version":[{"id":45946,"href":"https:\/\/fcquna.edu.py\/v3\/wp-json\/wp\/v2\/pages\/847\/revisions\/45946"}],"up":[{"embeddable":true,"href":"https:\/\/fcquna.edu.py\/v3\/wp-json\/wp\/v2\/pages\/9"}],"wp:attachment":[{"href":"https:\/\/fcquna.edu.py\/v3\/wp-json\/wp\/v2\/media?parent=847"}],"curies":[{"name":"wp","href":"https:\/\/api.w.org\/{rel}","templated":true}]}}