{"id":56187,"date":"2026-04-10T12:18:35","date_gmt":"2026-04-10T12:18:35","guid":{"rendered":"https:\/\/fcquna.edu.py\/v3\/?page_id=56187"},"modified":"2026-04-10T12:26:01","modified_gmt":"2026-04-10T12:26:01","slug":"horario-de-clases","status":"publish","type":"page","link":"https:\/\/fcquna.edu.py\/v3\/horario-de-clases\/","title":{"rendered":"Horario de Clases"},"content":{"rendered":"\t\t<div data-elementor-type=\"wp-page\" data-elementor-id=\"56187\" class=\"elementor elementor-56187\" data-elementor-post-type=\"page\">\n\t\t\t\t<div class=\"elementor-element elementor-element-e6cd834 e-flex e-con-boxed e-con e-parent\" data-id=\"e6cd834\" data-element_type=\"container\" data-settings=\"{&quot;jet_parallax_layout_list&quot;:[]}\">\n\t\t\t\t\t<div class=\"e-con-inner\">\n\t\t\t\t<div class=\"elementor-element elementor-element-db11b50 elementor-widget elementor-widget-eael-breadcrumbs\" data-id=\"db11b50\" data-element_type=\"widget\" data-widget_type=\"eael-breadcrumbs.default\">\n\t\t\t\t<div class=\"elementor-widget-container\">\n\t\t\t\t\t\t\t<div class=\"eael-breadcrumbs\">\n\t\t\t<div class=\"eael-breadcrumbs__content\"><a href=\"https:\/\/fcquna.edu.py\/v3\">Home<\/a> <span class=\"eael-breadcrumb-separator\">\/<\/span> <span class = \"eael-current\">Page<\/span><\/div>\t\t<\/div>\n\t\t\t\t\t\t<\/div>\n\t\t\t\t<\/div>\n\t\t\t\t<div class=\"elementor-element elementor-element-b7d6f16 elementor-widget elementor-widget-spacer\" data-id=\"b7d6f16\" data-element_type=\"widget\" data-widget_type=\"spacer.default\">\n\t\t\t\t\t\t\t<div class=\"elementor-spacer\">\n\t\t\t<div class=\"elementor-spacer-inner\"><\/div>\n\t\t<\/div>\n\t\t\t\t\t\t<\/div>\n\t\t\t\t<div class=\"elementor-element elementor-element-eef5440 elementor-widget elementor-widget-heading\" data-id=\"eef5440\" data-element_type=\"widget\" data-widget_type=\"heading.default\">\n\t\t\t\t\t<h2 class=\"elementor-heading-title elementor-size-default\">HORARIO DE CLASES<\/h2>\t\t\t\t<\/div>\n\t\t\t\t<div class=\"elementor-element elementor-element-c51d74c elementor-widget elementor-widget-spacer\" data-id=\"c51d74c\" data-element_type=\"widget\" data-widget_type=\"spacer.default\">\n\t\t\t\t\t\t\t<div class=\"elementor-spacer\">\n\t\t\t<div class=\"elementor-spacer-inner\"><\/div>\n\t\t<\/div>\n\t\t\t\t\t\t<\/div>\n\t\t\t\t<div class=\"elementor-element elementor-element-f3d431f elementor-widget elementor-widget-text-editor\" data-id=\"f3d431f\" data-element_type=\"widget\" data-widget_type=\"text-editor.default\">\n\t\t\t\t\t\t\t\t\t<h3><span style=\"font-weight: 400;\">Primer Periodo Acad\u00e9mico 2026 \u2013 Carreras de Grado &#8211; Central<\/span><\/h3><p><strong><i>Inicio de clases: Febrero de 2026<\/i><\/strong><\/p><ul><li style=\"font-weight: 400;\" aria-level=\"1\"><a href=\"https:\/\/fcquna.edu.py\/v3\/wp-content\/uploads\/2026\/04\/Farmacia_VF_06_03_2026.pdf\" target=\"_blank\" rel=\"noopener\"><i><span style=\"font-weight: 400;\">Horario de Clases &#8211; Primer periodo 2026 &#8211; FARMACIA<\/span><\/i><\/a><\/li><li style=\"font-weight: 400;\" aria-level=\"1\"><a href=\"https:\/\/fcquna.edu.py\/v3\/wp-content\/uploads\/2026\/04\/Bioquimica_VF_06_03_2026.pdf\" target=\"_blank\" rel=\"noopener\"><i><span style=\"font-weight: 400;\">Horario de Clases &#8211; Primer periodo 2026 &#8211; BIOQU\u00cdMICA<\/span><\/i><\/a><\/li><\/ul><ul><li style=\"font-weight: 400;\" aria-level=\"1\"><a href=\"https:\/\/fcquna.edu.py\/v3\/wp-content\/uploads\/2026\/04\/Ingenieria-Quimica_VF_06_03_2026.pdf\" target=\"_blank\" rel=\"noopener\"><i><span style=\"font-weight: 400;\">Horario de Clases &#8211; Primer periodo 2026 &#8211; INGENIER\u00cdA QU\u00cdMICA<\/span><\/i><\/a><\/li><\/ul><ul><li style=\"font-weight: 400;\" aria-level=\"1\"><a href=\"https:\/\/fcquna.edu.py\/v3\/wp-content\/uploads\/2026\/04\/QUIMICA-INDUSTRIAL_VF_06_03_2026.pdf\" target=\"_blank\" rel=\"noopener\"><i><span style=\"font-weight: 400;\">Horario de Clases &#8211; Primer periodo 2026 &#8211; QU\u00cdMICA INDUSTRIAL<\/span><\/i><\/a><\/li><\/ul><ul><li style=\"font-weight: 400;\" aria-level=\"1\"><a href=\"https:\/\/fcquna.edu.py\/v3\/wp-content\/uploads\/2026\/04\/Ingenieria-de-Alimentos_VF_06_03_2026.pdf\" target=\"_blank\" rel=\"noopener\"><i><span style=\"font-weight: 400;\">Horario de Clases &#8211; Primer periodo 2026 &#8211; CIENCIA Y TECNOLOG\u00cdA DE ALIMENTOS<\/span><\/i><\/a><\/li><\/ul><ul><li style=\"font-weight: 400;\" aria-level=\"1\"><a href=\"https:\/\/fcquna.edu.py\/v3\/wp-content\/uploads\/2026\/04\/NUTRICION_VF_06_03_2026.pdf\" target=\"_blank\" rel=\"noopener\"><i><span style=\"font-weight: 400;\">Horario de Clases &#8211; Primer periodo 2026 &#8211; NUTRICI\u00d3N<\/span><\/i><\/a><\/li><\/ul><ul><li style=\"font-weight: 400;\" aria-level=\"1\"><i><span style=\"font-weight: 400;\">Horario de Clases &#8211; Primer periodo 2026 &#8211; INGENIER\u00cdA DE ALIMENTOS<\/span><\/i><\/li><\/ul><p>\u00a0<\/p><h3><span style=\"font-weight: 400;\">Primer Periodo Acad\u00e9mico 2026 \u2013 Carreras de Grado &#8211; Filial San Pedro Sede Guajayvi<\/span><\/h3><p><strong><i>Inicio de clases: Febrero de 2026<\/i><\/strong><\/p><ul><li style=\"font-weight: 400;\" aria-level=\"1\"><a href=\"https:\/\/fcquna.edu.py\/v3\/wp-content\/uploads\/2026\/04\/FILIAL-CTA.pdf\" target=\"_blank\" rel=\"noopener\"><i><span style=\"font-weight: 400;\">Horario de Clases &#8211; Primer periodo 2026 &#8211; CIENCIA Y TECNOLOG\u00cdA DE ALIMENTOS<\/span><\/i><\/a><\/li><\/ul>\t\t\t\t\t\t\t\t<\/div>\n\t\t\t\t<div class=\"elementor-element elementor-element-56fbc1b elementor-widget elementor-widget-spacer\" data-id=\"56fbc1b\" data-element_type=\"widget\" data-widget_type=\"spacer.default\">\n\t\t\t\t\t\t\t<div class=\"elementor-spacer\">\n\t\t\t<div class=\"elementor-spacer-inner\"><\/div>\n\t\t<\/div>\n\t\t\t\t\t\t<\/div>\n\t\t\t\t\t<\/div>\n\t\t\t\t<\/div>\n\t\t\t\t<\/div>\n\t\t","protected":false},"excerpt":{"rendered":"<p>Home \/ Page HORARIO DE CLASES Primer Periodo Acad\u00e9mico 2026 \u2013 Carreras de Grado &#8211; Central Inicio de clases: Febrero de 2026 Horario de Clases &#8211; Primer periodo 2026 &#8211; FARMACIA Horario de Clases &#8211; Primer periodo 2026 &#8211; BIOQU\u00cdMICA Horario de Clases &#8211; Primer periodo 2026 &#8211; INGENIER\u00cdA QU\u00cdMICA Horario de Clases &#8211; Primer [&hellip;]<\/p>\n","protected":false},"author":2,"featured_media":0,"parent":0,"menu_order":0,"comment_status":"closed","ping_status":"closed","template":"elementor_header_footer","meta":{"footnotes":""},"class_list":["post-56187","page","type-page","status-publish","hentry"],"_links":{"self":[{"href":"https:\/\/fcquna.edu.py\/v3\/wp-json\/wp\/v2\/pages\/56187","targetHints":{"allow":["GET"]}}],"collection":[{"href":"https:\/\/fcquna.edu.py\/v3\/wp-json\/wp\/v2\/pages"}],"about":[{"href":"https:\/\/fcquna.edu.py\/v3\/wp-json\/wp\/v2\/types\/page"}],"author":[{"embeddable":true,"href":"https:\/\/fcquna.edu.py\/v3\/wp-json\/wp\/v2\/users\/2"}],"replies":[{"embeddable":true,"href":"https:\/\/fcquna.edu.py\/v3\/wp-json\/wp\/v2\/comments?post=56187"}],"version-history":[{"count":22,"href":"https:\/\/fcquna.edu.py\/v3\/wp-json\/wp\/v2\/pages\/56187\/revisions"}],"predecessor-version":[{"id":56216,"href":"https:\/\/fcquna.edu.py\/v3\/wp-json\/wp\/v2\/pages\/56187\/revisions\/56216"}],"wp:attachment":[{"href":"https:\/\/fcquna.edu.py\/v3\/wp-json\/wp\/v2\/media?parent=56187"}],"curies":[{"name":"wp","href":"https:\/\/api.w.org\/{rel}","templated":true}]}}