{"id":56028,"date":"2026-04-07T18:59:08","date_gmt":"2026-04-07T18:59:08","guid":{"rendered":"https:\/\/fcquna.edu.py\/v3\/?page_id=56028"},"modified":"2026-04-07T19:13:48","modified_gmt":"2026-04-07T19:13:48","slug":"respuestas-al-buzon","status":"publish","type":"page","link":"https:\/\/fcquna.edu.py\/v3\/buzon-de-sugerencias\/respuestas-al-buzon\/","title":{"rendered":"Respuestas al Buz\u00f3n"},"content":{"rendered":"\t\t<div data-elementor-type=\"wp-page\" data-elementor-id=\"56028\" class=\"elementor elementor-56028\" data-elementor-post-type=\"page\">\n\t\t\t\t<div class=\"elementor-element elementor-element-a428810 e-flex e-con-boxed e-con e-parent\" data-id=\"a428810\" data-element_type=\"container\" data-settings=\"{&quot;jet_parallax_layout_list&quot;:[]}\">\n\t\t\t\t\t<div class=\"e-con-inner\">\n\t\t\t\t<div class=\"elementor-element elementor-element-c9b214f elementor-widget elementor-widget-eael-breadcrumbs\" data-id=\"c9b214f\" data-element_type=\"widget\" data-widget_type=\"eael-breadcrumbs.default\">\n\t\t\t\t<div class=\"elementor-widget-container\">\n\t\t\t\t\t\t\t<div class=\"eael-breadcrumbs\">\n\t\t\t<div class=\"eael-breadcrumbs__content\"><a href=\"https:\/\/fcquna.edu.py\/v3\">Home<\/a> <span class=\"eael-breadcrumb-separator\">\/<\/span> <span class = \"eael-current\">Page<\/span><\/div>\t\t<\/div>\n\t\t\t\t\t\t<\/div>\n\t\t\t\t<\/div>\n\t\t\t\t<div class=\"elementor-element elementor-element-484990b elementor-widget elementor-widget-spacer\" data-id=\"484990b\" data-element_type=\"widget\" data-widget_type=\"spacer.default\">\n\t\t\t\t\t\t\t<div class=\"elementor-spacer\">\n\t\t\t<div class=\"elementor-spacer-inner\"><\/div>\n\t\t<\/div>\n\t\t\t\t\t\t<\/div>\n\t\t\t\t<div class=\"elementor-element elementor-element-c372b58 elementor-widget elementor-widget-heading\" data-id=\"c372b58\" data-element_type=\"widget\" data-widget_type=\"heading.default\">\n\t\t\t\t\t<h2 class=\"elementor-heading-title elementor-size-default\">RESPUESTAS AL BUZ\u00d3N<\/h2>\t\t\t\t<\/div>\n\t\t\t\t<div class=\"elementor-element elementor-element-426b07b elementor-widget elementor-widget-spacer\" data-id=\"426b07b\" data-element_type=\"widget\" data-widget_type=\"spacer.default\">\n\t\t\t\t\t\t\t<div class=\"elementor-spacer\">\n\t\t\t<div class=\"elementor-spacer-inner\"><\/div>\n\t\t<\/div>\n\t\t\t\t\t\t<\/div>\n\t\t<div class=\"elementor-element elementor-element-4dcbe25 e-con-full e-flex e-con e-child\" data-id=\"4dcbe25\" data-element_type=\"container\" data-settings=\"{&quot;jet_parallax_layout_list&quot;:[]}\">\n\t\t\t\t<div class=\"elementor-element elementor-element-d584b10 elementor-widget elementor-widget-n-accordion\" data-id=\"d584b10\" data-element_type=\"widget\" data-settings=\"{&quot;default_state&quot;:&quot;all_collapsed&quot;,&quot;max_items_expended&quot;:&quot;one&quot;,&quot;n_accordion_animation_duration&quot;:{&quot;unit&quot;:&quot;ms&quot;,&quot;size&quot;:400,&quot;sizes&quot;:[]}}\" data-widget_type=\"nested-accordion.default\">\n\t\t\t\t\t\t\t<div class=\"e-n-accordion\" aria-label=\"Accordion. Open links with Enter or Space, close with Escape, and navigate with Arrow Keys\">\n\t\t\t\t\t\t<details id=\"e-n-accordion-item-2230\" class=\"e-n-accordion-item\" >\n\t\t\t\t<summary class=\"e-n-accordion-item-title\" data-accordion-index=\"1\" tabindex=\"0\" aria-expanded=\"false\" aria-controls=\"e-n-accordion-item-2230\" >\n\t\t\t\t\t<span class='e-n-accordion-item-title-header'><div class=\"e-n-accordion-item-title-text\"> 2025 <\/div><\/span>\n\t\t\t\t\t\t\t<span class='e-n-accordion-item-title-icon'>\n\t\t\t<span class='e-opened' ><svg aria-hidden=\"true\" class=\"e-font-icon-svg e-fas-minus\" viewBox=\"0 0 448 512\" xmlns=\"http:\/\/www.w3.org\/2000\/svg\"><path d=\"M416 208H32c-17.67 0-32 14.33-32 32v32c0 17.67 14.33 32 32 32h384c17.67 0 32-14.33 32-32v-32c0-17.67-14.33-32-32-32z\"><\/path><\/svg><\/span>\n\t\t\t<span class='e-closed'><svg aria-hidden=\"true\" class=\"e-font-icon-svg e-fas-plus\" viewBox=\"0 0 448 512\" xmlns=\"http:\/\/www.w3.org\/2000\/svg\"><path d=\"M416 208H272V64c0-17.67-14.33-32-32-32h-32c-17.67 0-32 14.33-32 32v144H32c-17.67 0-32 14.33-32 32v32c0 17.67 14.33 32 32 32h144v144c0 17.67 14.33 32 32 32h32c17.67 0 32-14.33 32-32V304h144c17.67 0 32-14.33 32-32v-32c0-17.67-14.33-32-32-32z\"><\/path><\/svg><\/span>\n\t\t<\/span>\n\n\t\t\t\t\t\t<\/summary>\n\t\t\t\t<div role=\"region\" aria-labelledby=\"e-n-accordion-item-2230\" class=\"elementor-element elementor-element-a9fb7dd e-con-full e-flex e-con e-child\" data-id=\"a9fb7dd\" data-element_type=\"container\" data-settings=\"{&quot;jet_parallax_layout_list&quot;:[]}\">\n\t\t\t\t<div class=\"elementor-element elementor-element-970bb05 elementor-widget elementor-widget-text-editor\" data-id=\"970bb05\" data-element_type=\"widget\" data-widget_type=\"text-editor.default\">\n\t\t\t\t\t\t\t\t\t<table border=\"1\">\n<tbody>\n<tr>\n<td>DICIEMBRE 2025<\/td>\n<td><a href=\"https:\/\/www.qui.una.py\/v2\/wp-content\/uploads\/Buzon-de-sugerencias-Diciembre.pdf\" target=\"_blank\" rel=\"noopener\"><strong>Click aqu\u00ed para descargar el documento<\/strong><\/a><\/td>\n<\/tr>\n<tr>\n<td>NOVIEMBRE 2025<\/td>\n<td><a href=\"https:\/\/www.qui.una.py\/v2\/wp-content\/uploads\/Buzon-de-sugerencias-Noviembre.pdf\" target=\"_blank\" rel=\"noopener\"><strong>Click aqu\u00ed para descargar el documento<\/strong><\/a><\/td>\n<\/tr>\n<tr>\n<td>OCTUBRE 2025<\/td>\n<td><a href=\"https:\/\/www.qui.una.py\/v2\/wp-content\/uploads\/Buzon-de-sugerencias-Octubre.pdf\" target=\"_blank\" rel=\"noopener\"><strong>Click aqu\u00ed para descargar el documento<\/strong><\/a><\/td>\n<\/tr>\n<tr>\n<td>SETIEMBRE 2025<\/td>\n<td><a href=\"https:\/\/www.qui.una.py\/v2\/wp-content\/uploads\/Buzon-de-sugerencias-Setiembre.pdf\" target=\"_blank\" rel=\"noopener\"><strong>Click aqu\u00ed para descargar el documento<\/strong><\/a><\/td>\n<\/tr>\n<tr>\n<td>AGOSTO 2025<\/td>\n<td><a href=\"https:\/\/www.qui.una.py\/v2\/wp-content\/uploads\/Buzon-de-sugerencias-Respuestas-AGOSTO.pdf\" target=\"_blank\" rel=\"noopener\"><strong>Click aqu\u00ed para descargar el documento<\/strong><\/a><\/td>\n<\/tr>\n<tr>\n<td>JULIO 2025<\/td>\n<td><a href=\"https:\/\/www.qui.una.py\/v2\/wp-content\/uploads\/Buzon-de-sugerencias-Respuestas-JULIO.pdf\" target=\"_blank\" rel=\"noopener\"><strong>Click aqu\u00ed para descargar el documento<\/strong><\/a><\/td>\n<\/tr>\n<tr>\n<td>JUNIO\u00a0 2025<\/td>\n<td><a href=\"https:\/\/www.qui.una.py\/v2\/wp-content\/uploads\/Buzon-de-sugerencias-Respuestas-JUNIO.pdf\" target=\"_blank\" rel=\"noopener\"><strong>Click aqu\u00ed para descargar el documento<\/strong><\/a><\/td>\n<\/tr>\n\n<\/tbody>\n<\/table>\t\t\t\t\t\t\t\t<\/div>\n\t\t\t\t<\/div>\n\t\t\t\t\t<\/details>\n\t\t\t\t\t\t<details id=\"e-n-accordion-item-2231\" class=\"e-n-accordion-item\" >\n\t\t\t\t<summary class=\"e-n-accordion-item-title\" data-accordion-index=\"2\" tabindex=\"-1\" aria-expanded=\"false\" aria-controls=\"e-n-accordion-item-2231\" >\n\t\t\t\t\t<span class='e-n-accordion-item-title-header'><div class=\"e-n-accordion-item-title-text\"> 2023 <\/div><\/span>\n\t\t\t\t\t\t\t<span class='e-n-accordion-item-title-icon'>\n\t\t\t<span class='e-opened' ><svg aria-hidden=\"true\" class=\"e-font-icon-svg e-fas-minus\" viewBox=\"0 0 448 512\" xmlns=\"http:\/\/www.w3.org\/2000\/svg\"><path d=\"M416 208H32c-17.67 0-32 14.33-32 32v32c0 17.67 14.33 32 32 32h384c17.67 0 32-14.33 32-32v-32c0-17.67-14.33-32-32-32z\"><\/path><\/svg><\/span>\n\t\t\t<span class='e-closed'><svg aria-hidden=\"true\" class=\"e-font-icon-svg e-fas-plus\" viewBox=\"0 0 448 512\" xmlns=\"http:\/\/www.w3.org\/2000\/svg\"><path d=\"M416 208H272V64c0-17.67-14.33-32-32-32h-32c-17.67 0-32 14.33-32 32v144H32c-17.67 0-32 14.33-32 32v32c0 17.67 14.33 32 32 32h144v144c0 17.67 14.33 32 32 32h32c17.67 0 32-14.33 32-32V304h144c17.67 0 32-14.33 32-32v-32c0-17.67-14.33-32-32-32z\"><\/path><\/svg><\/span>\n\t\t<\/span>\n\n\t\t\t\t\t\t<\/summary>\n\t\t\t\t<div role=\"region\" aria-labelledby=\"e-n-accordion-item-2231\" class=\"elementor-element elementor-element-6cc153c e-con-full e-flex e-con e-child\" data-id=\"6cc153c\" data-element_type=\"container\" data-settings=\"{&quot;jet_parallax_layout_list&quot;:[]}\">\n\t\t<div role=\"region\" aria-labelledby=\"e-n-accordion-item-2231\" class=\"elementor-element elementor-element-69d8109 e-flex e-con-boxed e-con e-child\" data-id=\"69d8109\" data-element_type=\"container\" data-settings=\"{&quot;jet_parallax_layout_list&quot;:[]}\">\n\t\t\t\t\t<div class=\"e-con-inner\">\n\t\t\t\t<div class=\"elementor-element elementor-element-2623077 elementor-widget elementor-widget-text-editor\" data-id=\"2623077\" data-element_type=\"widget\" data-widget_type=\"text-editor.default\">\n\t\t\t\t\t\t\t\t\t<table border=\"1\"><tbody><tr><td>JUNIO\u00a0 2023<\/td><td><a href=\"https:\/\/www.qui.una.py\/v2\/wp-content\/uploads\/Respuestas_Buzon-de-Sugerencias_junio_2023.pdf\" target=\"_blank\" rel=\"noopener\"><strong>Click aqu\u00ed para descargar el documento<\/strong><\/a><\/td><\/tr><tr><td>NOVIEMBRE\u00a0 2023<\/td><td><a href=\"https:\/\/www.qui.una.py\/v2\/wp-content\/uploads\/Respuestas_Buzon-de-Sugerencias_noviembre_2023.pdf\" target=\"_blank\" rel=\"noopener\"><strong>Click aqu\u00ed para descargar el documento<\/strong><\/a><\/td><\/tr><tr><td>FEBRERO 2023<\/td><td><strong><a href=\"https:\/\/www.qui.una.py\/v2\/wp-content\/uploads\/Respuestas_Buzon-de-Sugerencias_2023.pdf\" target=\"_blank\" rel=\"noopener\">Click aqu\u00ed para descargar el documento<\/a><\/strong><\/td><\/tr><\/tbody><\/table>\t\t\t\t\t\t\t\t<\/div>\n\t\t\t\t\t<\/div>\n\t\t\t\t<\/div>\n\t\t\t\t<\/div>\n\t\t\t\t\t<\/details>\n\t\t\t\t\t\t<details id=\"e-n-accordion-item-2232\" class=\"e-n-accordion-item\" >\n\t\t\t\t<summary class=\"e-n-accordion-item-title\" data-accordion-index=\"3\" tabindex=\"-1\" aria-expanded=\"false\" aria-controls=\"e-n-accordion-item-2232\" >\n\t\t\t\t\t<span class='e-n-accordion-item-title-header'><div class=\"e-n-accordion-item-title-text\"> 2022 <\/div><\/span>\n\t\t\t\t\t\t\t<span class='e-n-accordion-item-title-icon'>\n\t\t\t<span class='e-opened' ><svg aria-hidden=\"true\" class=\"e-font-icon-svg e-fas-minus\" viewBox=\"0 0 448 512\" xmlns=\"http:\/\/www.w3.org\/2000\/svg\"><path d=\"M416 208H32c-17.67 0-32 14.33-32 32v32c0 17.67 14.33 32 32 32h384c17.67 0 32-14.33 32-32v-32c0-17.67-14.33-32-32-32z\"><\/path><\/svg><\/span>\n\t\t\t<span class='e-closed'><svg aria-hidden=\"true\" class=\"e-font-icon-svg e-fas-plus\" viewBox=\"0 0 448 512\" xmlns=\"http:\/\/www.w3.org\/2000\/svg\"><path d=\"M416 208H272V64c0-17.67-14.33-32-32-32h-32c-17.67 0-32 14.33-32 32v144H32c-17.67 0-32 14.33-32 32v32c0 17.67 14.33 32 32 32h144v144c0 17.67 14.33 32 32 32h32c17.67 0 32-14.33 32-32V304h144c17.67 0 32-14.33 32-32v-32c0-17.67-14.33-32-32-32z\"><\/path><\/svg><\/span>\n\t\t<\/span>\n\n\t\t\t\t\t\t<\/summary>\n\t\t\t\t<div role=\"region\" aria-labelledby=\"e-n-accordion-item-2232\" class=\"elementor-element elementor-element-0d7d552 e-con-full e-flex e-con e-child\" data-id=\"0d7d552\" data-element_type=\"container\" data-settings=\"{&quot;jet_parallax_layout_list&quot;:[]}\">\n\t\t<div role=\"region\" aria-labelledby=\"e-n-accordion-item-2232\" class=\"elementor-element elementor-element-8d6234f e-flex e-con-boxed e-con e-child\" data-id=\"8d6234f\" data-element_type=\"container\" data-settings=\"{&quot;jet_parallax_layout_list&quot;:[]}\">\n\t\t\t\t\t<div class=\"e-con-inner\">\n\t\t\t\t<div class=\"elementor-element elementor-element-1b69389 elementor-widget elementor-widget-text-editor\" data-id=\"1b69389\" data-element_type=\"widget\" data-widget_type=\"text-editor.default\">\n\t\t\t\t\t\t\t\t\t<table border=\"1\"><tbody><tr><td>DICIEMBRE 2022<\/td><td><strong><a href=\"https:\/\/www.qui.una.py\/v2\/wp-content\/uploads\/Respuestas_BS_2022.pdf\" target=\"_blank\" rel=\"noopener\">Click aqu\u00ed para descargar el documento<\/a><\/strong><\/td><\/tr><\/tbody><\/table>\t\t\t\t\t\t\t\t<\/div>\n\t\t\t\t\t<\/div>\n\t\t\t\t<\/div>\n\t\t\t\t<\/div>\n\t\t\t\t\t<\/details>\n\t\t\t\t\t\t<details id=\"e-n-accordion-item-2233\" class=\"e-n-accordion-item\" >\n\t\t\t\t<summary class=\"e-n-accordion-item-title\" data-accordion-index=\"4\" tabindex=\"-1\" aria-expanded=\"false\" aria-controls=\"e-n-accordion-item-2233\" >\n\t\t\t\t\t<span class='e-n-accordion-item-title-header'><div class=\"e-n-accordion-item-title-text\"> 2021 <\/div><\/span>\n\t\t\t\t\t\t\t<span class='e-n-accordion-item-title-icon'>\n\t\t\t<span class='e-opened' ><svg aria-hidden=\"true\" class=\"e-font-icon-svg e-fas-minus\" viewBox=\"0 0 448 512\" xmlns=\"http:\/\/www.w3.org\/2000\/svg\"><path d=\"M416 208H32c-17.67 0-32 14.33-32 32v32c0 17.67 14.33 32 32 32h384c17.67 0 32-14.33 32-32v-32c0-17.67-14.33-32-32-32z\"><\/path><\/svg><\/span>\n\t\t\t<span class='e-closed'><svg aria-hidden=\"true\" class=\"e-font-icon-svg e-fas-plus\" viewBox=\"0 0 448 512\" xmlns=\"http:\/\/www.w3.org\/2000\/svg\"><path d=\"M416 208H272V64c0-17.67-14.33-32-32-32h-32c-17.67 0-32 14.33-32 32v144H32c-17.67 0-32 14.33-32 32v32c0 17.67 14.33 32 32 32h144v144c0 17.67 14.33 32 32 32h32c17.67 0 32-14.33 32-32V304h144c17.67 0 32-14.33 32-32v-32c0-17.67-14.33-32-32-32z\"><\/path><\/svg><\/span>\n\t\t<\/span>\n\n\t\t\t\t\t\t<\/summary>\n\t\t\t\t<div role=\"region\" aria-labelledby=\"e-n-accordion-item-2233\" class=\"elementor-element elementor-element-30b094b e-flex e-con-boxed e-con e-child\" data-id=\"30b094b\" data-element_type=\"container\" data-settings=\"{&quot;jet_parallax_layout_list&quot;:[]}\">\n\t\t\t\t\t<div class=\"e-con-inner\">\n\t\t<div role=\"region\" aria-labelledby=\"e-n-accordion-item-2233\" class=\"elementor-element elementor-element-017ea87 e-con-full e-flex e-con e-child\" data-id=\"017ea87\" data-element_type=\"container\" data-settings=\"{&quot;jet_parallax_layout_list&quot;:[]}\">\n\t\t\t\t<div class=\"elementor-element elementor-element-1c4fe3a elementor-widget elementor-widget-text-editor\" data-id=\"1c4fe3a\" data-element_type=\"widget\" data-widget_type=\"text-editor.default\">\n\t\t\t\t\t\t\t\t\t<table border=\"1\"><tbody><tr><td>NOVIEMBRE 2021<\/td><td><a href=\"https:\/\/www.qui.una.py\/v2\/wp-content\/uploads\/PUBLICACION-OFICIAL-MES-DE-NOVIMEBRE-DE-2021.pdf\" target=\"_blank\" rel=\"noopener\"><strong>Click aqu\u00ed para descargar el documento<\/strong><\/a><\/td><\/tr><tr><td>OCTUBRE 2021<\/td><td><a href=\"https:\/\/www.qui.una.py\/v2\/wp-content\/uploads\/publicacion-mes-de-octubre_felicitaciones_formulario-118_31-octubre-de-2021.pdf\" target=\"_blank\" rel=\"noopener\"><strong>Click aqu\u00ed para descargar el documento<\/strong><\/a><\/td><\/tr><tr><td>JUNIO 2021<\/td><td><a href=\"https:\/\/www.qui.una.py\/v2\/wp-content\/uploads\/PUBLICACION-mes-de-junio-de-2021.pdf\" target=\"_blank\" rel=\"noopener\"><strong>Click aqu\u00ed para descargar el documento<\/strong><\/a><\/td><\/tr><tr><td>MAYO 2021<\/td><td><a href=\"https:\/\/www.qui.una.py\/v2\/wp-content\/uploads\/PUBLICACION-mes-de-mayo-de-2021.pdf\" target=\"_blank\" rel=\"noopener\"><strong>Click aqu\u00ed para descargar el documento<\/strong><\/a><\/td><\/tr><tr><td>ABRIL 2021<\/td><td><a href=\"https:\/\/www.qui.una.py\/v2\/wp-content\/uploads\/PUBLICACION-mes-de-abril-de-2021.pdf\" target=\"_blank\" rel=\"noopener\"><strong>Click aqu\u00ed para descargar el documento<\/strong><\/a><\/td><\/tr><tr><td>MARZO 2021<\/td><td><a href=\"https:\/\/www.qui.una.py\/v2\/wp-content\/uploads\/PUBLICACION-mes-de-marzo-de-2021.pdf\" target=\"_blank\" rel=\"noopener\"><strong>Click aqu\u00ed para descargar el documento<\/strong><\/a><\/td><\/tr><tr><td>FEBRERO 2021<\/td><td><a href=\"https:\/\/www.qui.una.py\/v2\/wp-content\/uploads\/PUBLICACION-mes-de-febrero-de-2021.pdf\" target=\"_blank\" rel=\"noopener\"><strong>Click aqu\u00ed para descargar el documento<\/strong><\/a><\/td><\/tr><tr><td>ENERO 2021<\/td><td><a href=\"https:\/\/www.qui.una.py\/v2\/wp-content\/uploads\/PUBLICACION-mes-de-enero-de-2021.pdf\" target=\"_blank\" rel=\"noopener\"><strong>Click aqu\u00ed para descargar el documento<\/strong><\/a><\/td><\/tr><\/tbody><\/table>\t\t\t\t\t\t\t\t<\/div>\n\t\t\t\t<\/div>\n\t\t\t\t\t<\/div>\n\t\t\t\t<\/div>\n\t\t\t\t\t<\/details>\n\t\t\t\t\t\t<details id=\"e-n-accordion-item-2234\" class=\"e-n-accordion-item\" >\n\t\t\t\t<summary class=\"e-n-accordion-item-title\" data-accordion-index=\"5\" tabindex=\"-1\" aria-expanded=\"false\" aria-controls=\"e-n-accordion-item-2234\" >\n\t\t\t\t\t<span class='e-n-accordion-item-title-header'><div class=\"e-n-accordion-item-title-text\"> 2020 <\/div><\/span>\n\t\t\t\t\t\t\t<span class='e-n-accordion-item-title-icon'>\n\t\t\t<span class='e-opened' ><svg aria-hidden=\"true\" class=\"e-font-icon-svg e-fas-minus\" viewBox=\"0 0 448 512\" xmlns=\"http:\/\/www.w3.org\/2000\/svg\"><path d=\"M416 208H32c-17.67 0-32 14.33-32 32v32c0 17.67 14.33 32 32 32h384c17.67 0 32-14.33 32-32v-32c0-17.67-14.33-32-32-32z\"><\/path><\/svg><\/span>\n\t\t\t<span class='e-closed'><svg aria-hidden=\"true\" class=\"e-font-icon-svg e-fas-plus\" viewBox=\"0 0 448 512\" xmlns=\"http:\/\/www.w3.org\/2000\/svg\"><path d=\"M416 208H272V64c0-17.67-14.33-32-32-32h-32c-17.67 0-32 14.33-32 32v144H32c-17.67 0-32 14.33-32 32v32c0 17.67 14.33 32 32 32h144v144c0 17.67 14.33 32 32 32h32c17.67 0 32-14.33 32-32V304h144c17.67 0 32-14.33 32-32v-32c0-17.67-14.33-32-32-32z\"><\/path><\/svg><\/span>\n\t\t<\/span>\n\n\t\t\t\t\t\t<\/summary>\n\t\t\t\t<div role=\"region\" aria-labelledby=\"e-n-accordion-item-2234\" class=\"elementor-element elementor-element-0c4f7a2 e-flex e-con-boxed e-con e-child\" data-id=\"0c4f7a2\" data-element_type=\"container\" data-settings=\"{&quot;jet_parallax_layout_list&quot;:[]}\">\n\t\t\t\t\t<div class=\"e-con-inner\">\n\t\t<div role=\"region\" aria-labelledby=\"e-n-accordion-item-2234\" class=\"elementor-element elementor-element-32127a4 e-con-full e-flex e-con e-child\" data-id=\"32127a4\" data-element_type=\"container\" data-settings=\"{&quot;jet_parallax_layout_list&quot;:[]}\">\n\t\t\t\t<div class=\"elementor-element elementor-element-51562ec elementor-widget elementor-widget-text-editor\" data-id=\"51562ec\" data-element_type=\"widget\" data-widget_type=\"text-editor.default\">\n\t\t\t\t\t\t\t\t\t<table border=\"1\"><tbody><tr><td>NOVIEMBRE 2020<\/td><td><strong><a href=\"https:\/\/www.qui.una.py\/v2\/wp-content\/uploads\/PUBLICACION-mes-de-noviembre-de-2020.pdf\" target=\"_blank\" rel=\"noopener\">Click aqu\u00ed para descargar el documento<\/a><\/strong><\/td><\/tr><tr><td>OCTUBRE 2020<\/td><td><a href=\"https:\/\/www.qui.una.py\/v2\/wp-content\/uploads\/PUBLICACION-mes-de-octubre-de-2020.pdf\" target=\"_blank\" rel=\"noopener\"><strong>Click aqu\u00ed para descargar el documento<\/strong><\/a><\/td><\/tr><tr><td>SEPTIEMBRE 2020<\/td><td><a href=\"https:\/\/www.qui.una.py\/v2\/wp-content\/uploads\/publicacion-mes-de-septiembre-de-2020.docx.pdf\" target=\"_blank\" rel=\"noopener\"><strong>Click aqu\u00ed para descargar el documento<\/strong><\/a><\/td><\/tr><tr><td>AGOSTO 2020<strong><br \/><\/strong><\/td><td><a href=\"https:\/\/www.qui.una.py\/v2\/wp-content\/uploads\/RespuestasSRF_Agosto2020.pdf\" target=\"_blank\" rel=\"noopener\"><strong>Click aqu\u00ed para descargar el documento<\/strong><\/a><\/td><\/tr><\/tbody><\/table>\t\t\t\t\t\t\t\t<\/div>\n\t\t\t\t<\/div>\n\t\t\t\t\t<\/div>\n\t\t\t\t<\/div>\n\t\t\t\t\t<\/details>\n\t\t\t\t\t<\/div>\n\t\t\t\t\t\t<\/div>\n\t\t\t\t<\/div>\n\t\t\t\t\t<\/div>\n\t\t\t\t<\/div>\n\t\t<div class=\"elementor-element elementor-element-055c212 e-flex e-con-boxed e-con e-parent\" data-id=\"055c212\" data-element_type=\"container\" data-settings=\"{&quot;jet_parallax_layout_list&quot;:[]}\">\n\t\t\t\t\t<div class=\"e-con-inner\">\n\t\t\t\t\t<\/div>\n\t\t\t\t<\/div>\n\t\t\t\t<\/div>\n\t\t","protected":false},"excerpt":{"rendered":"<p>Home \/ Page RESPUESTAS AL BUZ\u00d3N 2025 DICIEMBRE 2025 Click aqu\u00ed para descargar el documento NOVIEMBRE 2025 Click aqu\u00ed para descargar el documento OCTUBRE 2025 Click aqu\u00ed para descargar el documento SETIEMBRE 2025 Click aqu\u00ed para descargar el documento AGOSTO 2025 Click aqu\u00ed para descargar el documento JULIO 2025 Click aqu\u00ed para descargar el documento [&hellip;]<\/p>\n","protected":false},"author":2,"featured_media":0,"parent":54600,"menu_order":0,"comment_status":"closed","ping_status":"closed","template":"elementor_header_footer","meta":{"footnotes":""},"class_list":["post-56028","page","type-page","status-publish","hentry"],"_links":{"self":[{"href":"https:\/\/fcquna.edu.py\/v3\/wp-json\/wp\/v2\/pages\/56028","targetHints":{"allow":["GET"]}}],"collection":[{"href":"https:\/\/fcquna.edu.py\/v3\/wp-json\/wp\/v2\/pages"}],"about":[{"href":"https:\/\/fcquna.edu.py\/v3\/wp-json\/wp\/v2\/types\/page"}],"author":[{"embeddable":true,"href":"https:\/\/fcquna.edu.py\/v3\/wp-json\/wp\/v2\/users\/2"}],"replies":[{"embeddable":true,"href":"https:\/\/fcquna.edu.py\/v3\/wp-json\/wp\/v2\/comments?post=56028"}],"version-history":[{"count":7,"href":"https:\/\/fcquna.edu.py\/v3\/wp-json\/wp\/v2\/pages\/56028\/revisions"}],"predecessor-version":[{"id":56039,"href":"https:\/\/fcquna.edu.py\/v3\/wp-json\/wp\/v2\/pages\/56028\/revisions\/56039"}],"up":[{"embeddable":true,"href":"https:\/\/fcquna.edu.py\/v3\/wp-json\/wp\/v2\/pages\/54600"}],"wp:attachment":[{"href":"https:\/\/fcquna.edu.py\/v3\/wp-json\/wp\/v2\/media?parent=56028"}],"curies":[{"name":"wp","href":"https:\/\/api.w.org\/{rel}","templated":true}]}}