{"id":55770,"date":"2026-03-30T17:11:32","date_gmt":"2026-03-30T17:11:32","guid":{"rendered":"https:\/\/fcquna.edu.py\/v3\/?page_id=55770"},"modified":"2026-03-30T17:26:48","modified_gmt":"2026-03-30T17:26:48","slug":"tei-ad-hoc-calendario-electoral","status":"publish","type":"page","link":"https:\/\/fcquna.edu.py\/v3\/tei-ad-hoc\/tei-ad-hoc-calendario-electoral\/","title":{"rendered":"TEI AD HOC Calendario Electoral"},"content":{"rendered":"\t\t<div data-elementor-type=\"wp-page\" data-elementor-id=\"55770\" class=\"elementor elementor-55770\" data-elementor-post-type=\"page\">\n\t\t\t\t<div class=\"elementor-element elementor-element-9891bbb e-flex e-con-boxed e-con e-parent\" data-id=\"9891bbb\" data-element_type=\"container\" data-settings=\"{&quot;jet_parallax_layout_list&quot;:[]}\">\n\t\t\t\t\t<div class=\"e-con-inner\">\n\t\t\t\t<div class=\"elementor-element elementor-element-cdd42f9 elementor-widget elementor-widget-eael-breadcrumbs\" data-id=\"cdd42f9\" data-element_type=\"widget\" data-widget_type=\"eael-breadcrumbs.default\">\n\t\t\t\t<div class=\"elementor-widget-container\">\n\t\t\t\t\t\t\t<div class=\"eael-breadcrumbs\">\n\t\t\t<div class=\"eael-breadcrumbs__content\"><a href=\"https:\/\/fcquna.edu.py\/v3\">Home<\/a> <span class=\"eael-breadcrumb-separator\">\/<\/span> <span class = \"eael-current\">Page<\/span><\/div>\t\t<\/div>\n\t\t\t\t\t\t<\/div>\n\t\t\t\t<\/div>\n\t\t\t\t\t<\/div>\n\t\t\t\t<\/div>\n\t\t<div class=\"elementor-element elementor-element-a39f3dd e-flex e-con-boxed e-con e-parent\" data-id=\"a39f3dd\" data-element_type=\"container\" data-settings=\"{&quot;jet_parallax_layout_list&quot;:[]}\">\n\t\t\t\t\t<div class=\"e-con-inner\">\n\t\t\t\t<div class=\"elementor-element elementor-element-a6970a3 elementor-widget elementor-widget-spacer\" data-id=\"a6970a3\" data-element_type=\"widget\" data-widget_type=\"spacer.default\">\n\t\t\t\t\t\t\t<div class=\"elementor-spacer\">\n\t\t\t<div class=\"elementor-spacer-inner\"><\/div>\n\t\t<\/div>\n\t\t\t\t\t\t<\/div>\n\t\t\t\t<div class=\"elementor-element elementor-element-066e4f6 elementor-widget elementor-widget-heading\" data-id=\"066e4f6\" data-element_type=\"widget\" data-widget_type=\"heading.default\">\n\t\t\t\t\t<h2 class=\"elementor-heading-title elementor-size-default\">TEI AD HOC - Calendario Electoral<\/h2>\t\t\t\t<\/div>\n\t\t\t\t<div class=\"elementor-element elementor-element-fcd69f5 elementor-widget elementor-widget-text-editor\" data-id=\"fcd69f5\" data-element_type=\"widget\" data-widget_type=\"text-editor.default\">\n\t\t\t\t\t\t\t\t\t<table data-ninja_table_instance=\"ninja_table_instance_0\" data-footable_id=\"323\" data-filter-delay=\"1000\" aria-label=\"CalendarioElectoral\" data-unique_identifier=\"ninja_table_unique_id_1721293746_323\">\n<thead>\n<tr>\n<th scope=\"col\">Actividades<\/th>\n<th scope=\"col\">Plazos<\/th>\n<\/tr>\n<\/thead>\n<colgroup> <col \/> <col \/> <\/colgroup>\n<tbody>\n<tr>\n<td>a) Calendarizaci\u00f3n de las elecciones y publicaci\u00f3n de las mismas.<\/td>\n<td>19 de julio de 2021<\/td>\n<\/tr>\n<tr>\n<td>b) Recepci\u00f3n del prepadr\u00f3n por el TEI ad hoc, del Consejo Directivo, enviado por la Secretar\u00eda de la Facultad.<\/td>\n<td>20 de julio de 2021<\/td>\n<\/tr>\n<tr>\n<td>c) Publicaci\u00f3n del prepadr\u00f3n.<\/td>\n<td><span style=\"font-size: 14.4px;\">20 de julio de 2021<\/span><\/td>\n<\/tr>\n<tr>\n<td>d) Recepci\u00f3n de tachas o reclamos al prepadr\u00f3n.<\/td>\n<td><span style=\"font-size: 14.4px;\">21 y 22 de julio de 2021<\/span><\/td>\n<\/tr>\n<tr>\n<td>e) Notificaci\u00f3n a los afectados por las tachas presentadas.<\/td>\n<td><span style=\"font-size: 14.4px;\">23 de julio de 2021<\/span><\/td>\n<\/tr>\n<tr>\n<td>f) Contestaci\u00f3n de los afectados por tachas o reclamos.<\/td>\n<td><span style=\"font-size: 14.4px;\">26 y 27 de julio de 2021<\/span><\/td>\n<\/tr>\n<tr>\n<td>g) Resoluci\u00f3n de tachas o reclamos presentados y oficializaci\u00f3n del padr\u00f3n definitivo.<\/td>\n<td><span style=\"font-size: 14.4px;\">28 de julio de 2021<\/span><\/td>\n<\/tr>\n<tr>\n<td>h) Publicaci\u00f3n y exhibici\u00f3n del padr\u00f3n definitivo de electores.<\/td>\n<td><span style=\"font-size: 14.4px;\">29 de julio de 2021<\/span><\/td>\n<\/tr>\n<tr>\n<td>i) Inscripci\u00f3n de candidaturas a Decano y a Vicedecano al TEI ad hoc<\/td>\n<td><span style=\"font-size: 14.4px;\">30 de julio y 02 de agosto de 2021<\/span><\/td>\n<\/tr>\n<tr>\n<td>j) Publicaci\u00f3n de candidaturas.<\/td>\n<td>03 y 04 de agosto de 2021<\/td>\n<\/tr>\n<tr>\n<td>k) Recepci\u00f3n de impugnaciones a las candidaturas.<\/td>\n<td>05 de agosto de 2021<\/td>\n<\/tr>\n<tr>\n<td>l) Notificaci\u00f3n a los afectados por impugnaciones<\/td>\n<td>06 de agosto de 2021<\/td>\n<\/tr>\n<tr>\n<td>m) Contestaci\u00f3n de impugnaciones.<\/td>\n<td>09 y 11 de agosto de 2021<\/td>\n<\/tr>\n<tr>\n<td>n) Resoluci\u00f3n de impugnaciones de los candidatos.<\/td>\n<td>12 de agosto de 2021<\/td>\n<\/tr>\n<tr>\n<td>o) Publicaci\u00f3n de la resoluci\u00f3n de aprobaci\u00f3n de candidaturas.<\/td>\n<td>13 al 20 de agosto de 2021<\/td>\n<\/tr>\n<tr>\n<td>p) Presentaci\u00f3n de Programa de gobierno de candidatos a Decano y a Vicedecano ante el pleno del Consejo Directivo de la Facultad.<\/td>\n<td>17 de agosto de 2021<\/td>\n<\/tr>\n<tr>\n<td>q) Elecci\u00f3n de Decano y de Vicedecano.<\/td>\n<td>20 de agosto de 2021<\/td>\n<\/tr>\n<tr>\n<td>p) Presentaci\u00f3n de Programa de gobierno de candidatos a Decano y a Vicedecano ante el pleno del Consejo Directivo de la Facultad.<\/td>\n<td>17 de agosto de 2021<\/td>\n<\/tr>\n<tr>\n<td>r) Comunicar el resultado de las elecciones al Consejo Directivo.<\/td>\n<td>20 de agosto de 2021<\/td>\n<\/tr>\n<\/tbody>\n<\/table>\t\t\t\t\t\t\t\t<\/div>\n\t\t\t\t\t<\/div>\n\t\t\t\t<\/div>\n\t\t<div class=\"elementor-element elementor-element-7770acc e-flex e-con-boxed e-con e-parent\" data-id=\"7770acc\" data-element_type=\"container\" data-settings=\"{&quot;jet_parallax_layout_list&quot;:[]}\">\n\t\t\t\t\t<div class=\"e-con-inner\">\n\t\t\t\t<div class=\"elementor-element elementor-element-1e58b42 elementor-widget elementor-widget-text-editor\" data-id=\"1e58b42\" data-element_type=\"widget\" data-widget_type=\"text-editor.default\">\n\t\t\t\t\t\t\t\t\t<p>Seg\u00fan Resoluci\u00f3n N\u00b0 001-00-2021 con fecha 19\/07\/2021 del TEI ad hoc<\/p>\t\t\t\t\t\t\t\t<\/div>\n\t\t\t\t<div class=\"elementor-element elementor-element-63f24d3 elementor-widget elementor-widget-text-editor\" data-id=\"63f24d3\" data-element_type=\"widget\" data-widget_type=\"text-editor.default\">\n\t\t\t\t\t\t\t\t\t<p>\u201cPOR LA CUAL SE ESTABLECE EL CALENDARIO ELECTORAL, PARA LAS ELECCIONES DE DECANO Y VICEDECANO, DE LA FACULTAD DE CIENCIAS QU\u00cdMICAS DE LA UNIVERSIDAD NACIONAL DE ASUNCI\u00d3N, PARA EL PERIODO 2021-2026&#8243;<\/p>\t\t\t\t\t\t\t\t<\/div>\n\t\t\t\t<div class=\"elementor-element elementor-element-a9ccf44 elementor-widget elementor-widget-button\" data-id=\"a9ccf44\" data-element_type=\"widget\" data-widget_type=\"button.default\">\n\t\t\t\t\t\t\t\t\t\t<a class=\"elementor-button elementor-button-link elementor-size-sm\" href=\"https:\/\/www.qui.una.py\/v2\/wp-content\/uploads\/Calendario-Electoral-de-Decano-y-Vicedecano-2021.pdf\" target=\"_blank\">\n\t\t\t\t\t\t<span class=\"elementor-button-content-wrapper\">\n\t\t\t\t\t\t\t\t\t<span class=\"elementor-button-text\">Descagar Resoluci\u00f3n<\/span>\n\t\t\t\t\t<\/span>\n\t\t\t\t\t<\/a>\n\t\t\t\t\t\t\t\t<\/div>\n\t\t\t\t<div class=\"elementor-element elementor-element-95489c4 elementor-widget elementor-widget-spacer\" data-id=\"95489c4\" data-element_type=\"widget\" data-widget_type=\"spacer.default\">\n\t\t\t\t\t\t\t<div class=\"elementor-spacer\">\n\t\t\t<div class=\"elementor-spacer-inner\"><\/div>\n\t\t<\/div>\n\t\t\t\t\t\t<\/div>\n\t\t\t\t\t<\/div>\n\t\t\t\t<\/div>\n\t\t\t\t<\/div>\n\t\t","protected":false},"excerpt":{"rendered":"<p>Home \/ Page TEI AD HOC &#8211; Calendario Electoral Actividades Plazos a) Calendarizaci\u00f3n de las elecciones y publicaci\u00f3n de las mismas. 19 de julio de 2021 b) Recepci\u00f3n del prepadr\u00f3n por el TEI ad hoc, del Consejo Directivo, enviado por la Secretar\u00eda de la Facultad. 20 de julio de 2021 c) Publicaci\u00f3n del prepadr\u00f3n. 20 [&hellip;]<\/p>\n","protected":false},"author":2,"featured_media":0,"parent":55667,"menu_order":0,"comment_status":"closed","ping_status":"closed","template":"elementor_header_footer","meta":{"footnotes":""},"class_list":["post-55770","page","type-page","status-publish","hentry"],"_links":{"self":[{"href":"https:\/\/fcquna.edu.py\/v3\/wp-json\/wp\/v2\/pages\/55770","targetHints":{"allow":["GET"]}}],"collection":[{"href":"https:\/\/fcquna.edu.py\/v3\/wp-json\/wp\/v2\/pages"}],"about":[{"href":"https:\/\/fcquna.edu.py\/v3\/wp-json\/wp\/v2\/types\/page"}],"author":[{"embeddable":true,"href":"https:\/\/fcquna.edu.py\/v3\/wp-json\/wp\/v2\/users\/2"}],"replies":[{"embeddable":true,"href":"https:\/\/fcquna.edu.py\/v3\/wp-json\/wp\/v2\/comments?post=55770"}],"version-history":[{"count":10,"href":"https:\/\/fcquna.edu.py\/v3\/wp-json\/wp\/v2\/pages\/55770\/revisions"}],"predecessor-version":[{"id":55780,"href":"https:\/\/fcquna.edu.py\/v3\/wp-json\/wp\/v2\/pages\/55770\/revisions\/55780"}],"up":[{"embeddable":true,"href":"https:\/\/fcquna.edu.py\/v3\/wp-json\/wp\/v2\/pages\/55667"}],"wp:attachment":[{"href":"https:\/\/fcquna.edu.py\/v3\/wp-json\/wp\/v2\/media?parent=55770"}],"curies":[{"name":"wp","href":"https:\/\/api.w.org\/{rel}","templated":true}]}}