{"id":55707,"date":"2026-03-30T16:19:22","date_gmt":"2026-03-30T16:19:22","guid":{"rendered":"https:\/\/fcquna.edu.py\/v3\/?page_id=55707"},"modified":"2026-03-30T16:56:51","modified_gmt":"2026-03-30T16:56:51","slug":"tei-ad-hoc-resoluciones","status":"publish","type":"page","link":"https:\/\/fcquna.edu.py\/v3\/tei-ad-hoc\/tei-ad-hoc-resoluciones\/","title":{"rendered":"TEI AD HOC &#8211; Resoluciones"},"content":{"rendered":"\t\t<div data-elementor-type=\"wp-page\" data-elementor-id=\"55707\" class=\"elementor elementor-55707\" data-elementor-post-type=\"page\">\n\t\t\t\t<div class=\"elementor-element elementor-element-efa20e7 e-flex e-con-boxed e-con e-parent\" data-id=\"efa20e7\" data-element_type=\"container\" data-settings=\"{&quot;jet_parallax_layout_list&quot;:[]}\">\n\t\t\t\t\t<div class=\"e-con-inner\">\n\t\t\t\t<div class=\"elementor-element elementor-element-a32b1ca elementor-widget elementor-widget-eael-breadcrumbs\" data-id=\"a32b1ca\" data-element_type=\"widget\" data-widget_type=\"eael-breadcrumbs.default\">\n\t\t\t\t<div class=\"elementor-widget-container\">\n\t\t\t\t\t\t\t<div class=\"eael-breadcrumbs\">\n\t\t\t<div class=\"eael-breadcrumbs__content\"><a href=\"https:\/\/fcquna.edu.py\/v3\">Home<\/a> <span class=\"eael-breadcrumb-separator\">\/<\/span> <span class = \"eael-current\">Page<\/span><\/div>\t\t<\/div>\n\t\t\t\t\t\t<\/div>\n\t\t\t\t<\/div>\n\t\t\t\t\t<\/div>\n\t\t\t\t<\/div>\n\t\t<div class=\"elementor-element elementor-element-673fc57 e-flex e-con-boxed e-con e-parent\" data-id=\"673fc57\" data-element_type=\"container\" data-settings=\"{&quot;jet_parallax_layout_list&quot;:[]}\">\n\t\t\t\t\t<div class=\"e-con-inner\">\n\t\t\t\t<div class=\"elementor-element elementor-element-c7d7014 elementor-widget elementor-widget-spacer\" data-id=\"c7d7014\" data-element_type=\"widget\" data-widget_type=\"spacer.default\">\n\t\t\t\t\t\t\t<div class=\"elementor-spacer\">\n\t\t\t<div class=\"elementor-spacer-inner\"><\/div>\n\t\t<\/div>\n\t\t\t\t\t\t<\/div>\n\t\t\t\t<div class=\"elementor-element elementor-element-dfa03e6 elementor-widget elementor-widget-heading\" data-id=\"dfa03e6\" data-element_type=\"widget\" data-widget_type=\"heading.default\">\n\t\t\t\t\t<h2 class=\"elementor-heading-title elementor-size-default\">TEI AD HOC - Resoluciones<\/h2>\t\t\t\t<\/div>\n\t\t\t\t<div class=\"elementor-element elementor-element-566d81e elementor-widget elementor-widget-spacer\" data-id=\"566d81e\" data-element_type=\"widget\" data-widget_type=\"spacer.default\">\n\t\t\t\t\t\t\t<div class=\"elementor-spacer\">\n\t\t\t<div class=\"elementor-spacer-inner\"><\/div>\n\t\t<\/div>\n\t\t\t\t\t\t<\/div>\n\t\t\t\t<div class=\"elementor-element elementor-element-8405c57 elementor-widget elementor-widget-text-editor\" data-id=\"8405c57\" data-element_type=\"widget\" data-widget_type=\"text-editor.default\">\n\t\t\t\t\t\t\t\t\t<table width=\"100%\" cellpadding=\"5\">\n<tbody>\n<tr>\n<td><strong>Fecha<\/strong><\/td>\n<td><strong>Resoluci\u00f3n N\u00ba<\/strong><\/td>\n<td><strong>Descripci\u00f3n<\/strong><\/td>\n<td><strong>Bajar<\/strong><\/td>\n<\/tr>\n<tr>\n<td>19\/07\/2021<\/td>\n<td width=\"120px\">001-00-2021<\/td>\n<td>POR LA CUAL SE ESTABLECE EL CALENDARIO ELECTORAL, PARA LAS ELECCIONES DE DECANO Y DE VICEDECANO, DE LA FACULTAD DE CIENCAS QU\u00cdMICAS DE LA UNIVERSIDAD NACIONAL DE ASUNCI\u00d3N, PARA EL PERIODO 2021-2026<\/td>\n<td><a href=\"https:\/\/www.qui.una.py\/v2\/wp-content\/uploads\/Calendario-Electoral-de-Decano-y-Vicedecano-2021.pdf\" target=\"_blank\" rel=\"noopener\">Bajar Resoluci\u00f3n<\/a><\/td>\n<\/tr>\n<tr>\n<td>20\/07\/2021<\/td>\n<td>002-00-2021<\/td>\n<td>POR LA CUAL SE PROCEDE A LA R\u00daBRICA DEL PREPADR\u00d3N DEL CONSEJO DIRECTIVO, DE LA FACULTAD DE CIENCIAS QU\u00cdMICAS DE LA UNA, PARA LAS ELECCIONES DE DECANO Y DE VICEDECANO, PARA EL PERIODO 2021-2026<\/td>\n<td><a href=\"https:\/\/www.qui.una.py\/v2\/wp-content\/uploads\/Resolucion-del-TEI-ad-hoc-N\u00b0-002-00-2021.pdf\" target=\"_blank\" rel=\"noopener\">Bajar Resoluci\u00f3n<\/a><\/td>\n<\/tr>\n<tr>\n<td>20-07-2021<\/td>\n<td>003-00-2021<\/td>\n<td>POR LA CUAL SE ESTABLECEN LAS DISPOSICIONES GENERALES, PARA LAS ELECCIONES DE DECANO Y DE VICEDECANO, PARA EL PERIODO 2021-2026, DE LA FACULTAD DE CIENCIAS QU\u00cdMICAS DE LA UNIVERSIDAD NACIONAL DE ASUNCI\u00d3N<\/td>\n<td><a href=\"https:\/\/www.qui.una.py\/v2\/wp-content\/uploads\/Resolucion-del-TEI-ad-hoc-N\u00b0-003-00-2021.pdf\" target=\"_blank\" rel=\"noopener\">Bajar Resoluci\u00f3n<\/a><\/td>\n<\/tr>\n<tr>\n<td>09-04-2021<\/td>\n<td>004-00-2021<\/td>\n<td>POR LA CUAL SE ESTABLECE EL CALENDARIO ELECTORAL DE LA FACULTAD DE CIENCIAS QU\u00cdMICAS DE LA UNVERSIDAD NACIONAL DE ASUNCI\u00d3N, PARA EL A\u00d1O 2021<\/td>\n<td><a href=\"https:\/\/www.qui.una.py\/v2\/wp-content\/uploads\/Resolucion-del-TEI-ad-hoc-N\u00b0-04-00-2021.pdf\" target=\"_blank\" rel=\"noopener\">Bajar Resoluci\u00f3n<\/a><\/td>\n<\/tr>\n<tr>\n<td>23-07-2021<\/td>\n<td>005-00-2021<\/td>\n<td>POR LA CUAL SE ESTABLECEN LAS DISPOSICIONES GENERALES PARA LA FORMALIZACI\u00d3N DE CANDIDATURA A DECANO Y A VICEDECANO, DE LA FACULTAD DE CIENCIAS QU\u00cdMICAS DE LA UNIVERSIDAD NACIONAL DE ASUNCION, PARA EL PERIODO 2021-2026<\/td>\n<td><a href=\"https:\/\/www.qui.una.py\/v2\/wp-content\/uploads\/Resolucion-del-TEI-ad-hoc-N\u00b0-005-00-2021.pdf\" target=\"_blank\" rel=\"noopener\">Bajar Resoluci\u00f3n<\/a><\/td>\n<\/tr>\n<tr>\n<td>28-07-2021<\/td>\n<td>006-00-2021<\/td>\n<td>POR LA CUAL SE PROCEDE A LA R\u00daBRICA DEL PREPADR\u00d3N DEL CONSEJO DIRECTIVO, DE LA FACULTAD DE CIENCIAS QU\u00cdMICAS DE LA UNA<\/td>\n<td><a href=\"https:\/\/www.qui.una.py\/v2\/wp-content\/uploads\/Resolucion-del-TEI-ad-hoc-N\u00b0-006-00-2021.pdf\" target=\"_blank\" rel=\"noopener\">Bajar Resoluci\u00f3n<\/a><\/td>\n<\/tr>\n<tr>\n<td>03-08-2021<\/td>\n<td>007-00-2021<\/td>\n<td>POR LA CUAL SE PUBLICAN LAS CANDIDATURAS A DECANO Y A VICEDECANO, DE LA FACULTAD DE CIENCIAS QU\u00cdMICAS DE LA UNIVERSIDAD NACIONAL DE ASUNCI\u00d3N, PARA EL PERIODO 2021-2026<\/td>\n<td><a href=\"https:\/\/www.qui.una.py\/v2\/wp-content\/uploads\/Resolucion-del-TEI-ad-hoc-N\u00b0-007-00-2021.pdf\" target=\"_blank\" rel=\"noopener\">Bajar Resoluci\u00f3n<\/a><\/td>\n<\/tr>\n<tr>\n<td>06-08-2021<\/td>\n<td>008-00-2021<\/td>\n<td>POR LA CUAL SE PROCEDE A COMUNICAR QUE NO SE PRESENTARON IMPUGNACIONES A LAS CANDIDATURAS A DECANO Y A VICEDECANO, DE LA FACULTAD DE CIENCIAS QU\u00cdMICAS DE LA UNIVERSIDAD NACIONAL DE ASUNCI\u00d3N, PARA EL PERIODO 2021-2026<\/td>\n<td><a href=\"https:\/\/www.qui.una.py\/v2\/wp-content\/uploads\/Resolucion-del-TEI-ad-hoc-N\u00b0-008-00-2021.pdf\" target=\"_blank\" rel=\"noopener\">Bajar Resoluci\u00f3n<\/a><\/td>\n<\/tr>\n<tr>\n<td>12-08-2021<\/td>\n<td>009-00-2021<\/td>\n<td>POR LA CUAL SE APRUEBAN LAS CANDIDATURAS A DECANO Y A VICEDECANO, DE LA FACULTAD DE CIENCIAS QU\u00cdMICAS DE LA UNIVERSIDAD NACIONAL DE ASUNCI\u00d3N, PARA EL PERIODO 2021-2026<\/td>\n<td><a href=\"https:\/\/www.qui.una.py\/v2\/wp-content\/uploads\/Resolucion-del-TEI-ad-hoc-N\u00b0-009-00-2021.pdf\" target=\"_blank\" rel=\"noopener\">Bajar Resoluci\u00f3n<\/a><\/td>\n<\/tr>\n<tr>\n<td>13-08-2021<\/td>\n<td>010-00-2021<\/td>\n<td>POR LA CUAL SE ESTABLECEN LAS DISPOSICIONES GENERALES A FIN DE ORGANIZAR LOS COMICIOS ELECTORALES PARA LA ELECCI\u00d3N DE DECANO Y DE VICEDECANO, DE LA FACULTAD DE CIENCIAS QU\u00cdMICAS DE LA UNIVERSIDAD NACIONAL DE ASUNCION, PARA EL PERIODO 2021-2026<\/td>\n<td><a href=\"https:\/\/www.qui.una.py\/v2\/wp-content\/uploads\/Resolucion-del-TEI-ad-hoc-N\u00b0-010-00-2021.pdf\" target=\"_blank\" rel=\"noopener\">Bajar Resoluci\u00f3n<\/a><\/td>\n<\/tr>\n<\/tbody>\n<\/table>\t\t\t\t\t\t\t\t<\/div>\n\t\t\t\t\t<\/div>\n\t\t\t\t<\/div>\n\t\t\t\t<\/div>\n\t\t","protected":false},"excerpt":{"rendered":"<p>Home \/ Page TEI AD HOC &#8211; Resoluciones Fecha Resoluci\u00f3n N\u00ba Descripci\u00f3n Bajar 19\/07\/2021 001-00-2021 POR LA CUAL SE ESTABLECE EL CALENDARIO ELECTORAL, PARA LAS ELECCIONES DE DECANO Y DE VICEDECANO, DE LA FACULTAD DE CIENCAS QU\u00cdMICAS DE LA UNIVERSIDAD NACIONAL DE ASUNCI\u00d3N, PARA EL PERIODO 2021-2026 Bajar Resoluci\u00f3n 20\/07\/2021 002-00-2021 POR LA CUAL SE [&hellip;]<\/p>\n","protected":false},"author":2,"featured_media":0,"parent":55667,"menu_order":0,"comment_status":"closed","ping_status":"closed","template":"elementor_header_footer","meta":{"footnotes":""},"class_list":["post-55707","page","type-page","status-publish","hentry"],"_links":{"self":[{"href":"https:\/\/fcquna.edu.py\/v3\/wp-json\/wp\/v2\/pages\/55707","targetHints":{"allow":["GET"]}}],"collection":[{"href":"https:\/\/fcquna.edu.py\/v3\/wp-json\/wp\/v2\/pages"}],"about":[{"href":"https:\/\/fcquna.edu.py\/v3\/wp-json\/wp\/v2\/types\/page"}],"author":[{"embeddable":true,"href":"https:\/\/fcquna.edu.py\/v3\/wp-json\/wp\/v2\/users\/2"}],"replies":[{"embeddable":true,"href":"https:\/\/fcquna.edu.py\/v3\/wp-json\/wp\/v2\/comments?post=55707"}],"version-history":[{"count":43,"href":"https:\/\/fcquna.edu.py\/v3\/wp-json\/wp\/v2\/pages\/55707\/revisions"}],"predecessor-version":[{"id":55756,"href":"https:\/\/fcquna.edu.py\/v3\/wp-json\/wp\/v2\/pages\/55707\/revisions\/55756"}],"up":[{"embeddable":true,"href":"https:\/\/fcquna.edu.py\/v3\/wp-json\/wp\/v2\/pages\/55667"}],"wp:attachment":[{"href":"https:\/\/fcquna.edu.py\/v3\/wp-json\/wp\/v2\/media?parent=55707"}],"curies":[{"name":"wp","href":"https:\/\/api.w.org\/{rel}","templated":true}]}}