{"id":55412,"date":"2026-03-23T19:23:35","date_gmt":"2026-03-23T19:23:35","guid":{"rendered":"https:\/\/fcquna.edu.py\/v3\/?page_id=55412"},"modified":"2026-03-23T22:53:52","modified_gmt":"2026-03-23T22:53:52","slug":"licitaciones","status":"publish","type":"page","link":"https:\/\/fcquna.edu.py\/v3\/licitaciones\/","title":{"rendered":"Licitaciones"},"content":{"rendered":"\t\t<div data-elementor-type=\"wp-page\" data-elementor-id=\"55412\" class=\"elementor elementor-55412\" data-elementor-post-type=\"page\">\n\t\t\t\t<div class=\"elementor-element elementor-element-85be75f e-flex e-con-boxed e-con e-parent\" data-id=\"85be75f\" data-element_type=\"container\" data-settings=\"{&quot;jet_parallax_layout_list&quot;:[]}\">\n\t\t\t\t\t<div class=\"e-con-inner\">\n\t\t\t\t<div class=\"elementor-element elementor-element-375f491 elementor-widget elementor-widget-eael-breadcrumbs\" data-id=\"375f491\" data-element_type=\"widget\" data-widget_type=\"eael-breadcrumbs.default\">\n\t\t\t\t<div class=\"elementor-widget-container\">\n\t\t\t\t\t\t\t<div class=\"eael-breadcrumbs\">\n\t\t\t<div class=\"eael-breadcrumbs__content\"><a href=\"https:\/\/fcquna.edu.py\/v3\">Home<\/a> <span class=\"eael-breadcrumb-separator\">\/<\/span> <span class = \"eael-current\">Page<\/span><\/div>\t\t<\/div>\n\t\t\t\t\t\t<\/div>\n\t\t\t\t<\/div>\n\t\t\t\t\t<\/div>\n\t\t\t\t<\/div>\n\t\t<div class=\"elementor-element elementor-element-3d4eadd e-flex e-con-boxed e-con e-parent\" data-id=\"3d4eadd\" data-element_type=\"container\" data-settings=\"{&quot;jet_parallax_layout_list&quot;:[]}\">\n\t\t\t\t\t<div class=\"e-con-inner\">\n\t\t\t\t<div class=\"elementor-element elementor-element-e2f5535 elementor-widget elementor-widget-heading\" data-id=\"e2f5535\" data-element_type=\"widget\" data-widget_type=\"heading.default\">\n\t\t\t\t\t<h2 class=\"elementor-heading-title elementor-size-default\">Adquisici\u00f3n de Bienes y\/o Insumos<\/h2>\t\t\t\t<\/div>\n\t\t\t\t<div class=\"elementor-element elementor-element-bd7cf1d elementor-widget elementor-widget-text-editor\" data-id=\"bd7cf1d\" data-element_type=\"widget\" data-widget_type=\"text-editor.default\">\n\t\t\t\t\t\t\t\t\t<div class=\"elementor-element elementor-element-59db1f4c e-flex e-con-boxed e-con e-parent e-lazyloaded\" data-id=\"59db1f4c\" data-element_type=\"container\" data-settings=\"{&quot;_ha_eqh_enable&quot;:false}\"><div class=\"e-con-inner\"><div class=\"elementor-element elementor-element-6ad6d6ee elementor-widget elementor-widget-text-editor\" data-id=\"6ad6d6ee\" data-element_type=\"widget\" data-widget_type=\"text-editor.default\"><div class=\"elementor-widget-container\"><p><strong>Ley N\u00ba 6759 \/ CREA LAS UNIDADES DE GESTI\u00d3N DE PROYECTOS DE INVESTIGACI\u00d3N EN LAS UNIVERSIDADES E INSTITUTOS SUPERIORES DE GESTI\u00d3N P\u00daBLICA.<\/strong><span style=\"text-align: center; font-size: 1rem;\">\u00a0<\/span><\/p><\/div><\/div><\/div><\/div>\t\t\t\t\t\t\t\t<\/div>\n\t\t<div class=\"elementor-element elementor-element-d662a88 e-grid e-con-full e-con e-child\" data-id=\"d662a88\" data-element_type=\"container\" data-settings=\"{&quot;jet_parallax_layout_list&quot;:[]}\">\n\t\t<div class=\"elementor-element elementor-element-cddc425 e-con-full e-flex e-con e-child\" data-id=\"cddc425\" data-element_type=\"container\" data-settings=\"{&quot;jet_parallax_layout_list&quot;:[]}\">\n\t\t<div class=\"elementor-element elementor-element-0e90d31 e-con-full e-flex e-con e-child\" data-id=\"0e90d31\" data-element_type=\"container\" data-settings=\"{&quot;background_background&quot;:&quot;classic&quot;,&quot;jet_parallax_layout_list&quot;:[]}\">\n\t\t\t\t<div class=\"elementor-element elementor-element-c6e0105 elementor-widget elementor-widget-text-editor\" data-id=\"c6e0105\" data-element_type=\"widget\" data-widget_type=\"text-editor.default\">\n\t\t\t\t\t\t\t\t\t<h2><a href=\"https:\/\/fcquna.edu.py\/v3\/licitaciones\/licitaciones-en-curso\">Licitaciones en curso<\/a><\/h2>\t\t\t\t\t\t\t\t<\/div>\n\t\t\t\t<\/div>\n\t\t\t\t<\/div>\n\t\t<div class=\"elementor-element elementor-element-e2273ea e-con-full e-flex e-con e-child\" data-id=\"e2273ea\" data-element_type=\"container\" data-settings=\"{&quot;jet_parallax_layout_list&quot;:[]}\">\n\t\t<div class=\"elementor-element elementor-element-311ca16 e-con-full e-flex e-con e-child\" data-id=\"311ca16\" data-element_type=\"container\" data-settings=\"{&quot;background_background&quot;:&quot;classic&quot;,&quot;jet_parallax_layout_list&quot;:[]}\">\n\t\t\t\t<div class=\"elementor-element elementor-element-ce8881e elementor-widget elementor-widget-text-editor\" data-id=\"ce8881e\" data-element_type=\"widget\" data-widget_type=\"text-editor.default\">\n\t\t\t\t\t\t\t\t\t<h2>Licitaciones finalizadas<\/h2>\t\t\t\t\t\t\t\t<\/div>\n\t\t\t\t<\/div>\n\t\t\t\t<\/div>\n\t\t\t\t<\/div>\n\t\t\t\t\t<\/div>\n\t\t\t\t<\/div>\n\t\t<div class=\"elementor-element elementor-element-dd5bcdb e-flex e-con-boxed e-con e-parent\" data-id=\"dd5bcdb\" data-element_type=\"container\" data-settings=\"{&quot;jet_parallax_layout_list&quot;:[]}\">\n\t\t\t\t\t<div class=\"e-con-inner\">\n\t\t\t\t<div class=\"elementor-element elementor-element-2642b2c elementor-widget elementor-widget-spacer\" data-id=\"2642b2c\" data-element_type=\"widget\" data-widget_type=\"spacer.default\">\n\t\t\t\t\t\t\t<div class=\"elementor-spacer\">\n\t\t\t<div class=\"elementor-spacer-inner\"><\/div>\n\t\t<\/div>\n\t\t\t\t\t\t<\/div>\n\t\t\t\t\t<\/div>\n\t\t\t\t<\/div>\n\t\t\t\t<\/div>\n\t\t","protected":false},"excerpt":{"rendered":"<p>Home \/ Page Adquisici\u00f3n de Bienes y\/o Insumos Ley N\u00ba 6759 \/ CREA LAS UNIDADES DE GESTI\u00d3N DE PROYECTOS DE INVESTIGACI\u00d3N EN LAS UNIVERSIDADES E INSTITUTOS SUPERIORES DE GESTI\u00d3N P\u00daBLICA.\u00a0 Licitaciones en curso Licitaciones finalizadas<\/p>\n","protected":false},"author":2,"featured_media":0,"parent":0,"menu_order":0,"comment_status":"closed","ping_status":"closed","template":"elementor_header_footer","meta":{"footnotes":""},"class_list":["post-55412","page","type-page","status-publish","hentry"],"_links":{"self":[{"href":"https:\/\/fcquna.edu.py\/v3\/wp-json\/wp\/v2\/pages\/55412","targetHints":{"allow":["GET"]}}],"collection":[{"href":"https:\/\/fcquna.edu.py\/v3\/wp-json\/wp\/v2\/pages"}],"about":[{"href":"https:\/\/fcquna.edu.py\/v3\/wp-json\/wp\/v2\/types\/page"}],"author":[{"embeddable":true,"href":"https:\/\/fcquna.edu.py\/v3\/wp-json\/wp\/v2\/users\/2"}],"replies":[{"embeddable":true,"href":"https:\/\/fcquna.edu.py\/v3\/wp-json\/wp\/v2\/comments?post=55412"}],"version-history":[{"count":22,"href":"https:\/\/fcquna.edu.py\/v3\/wp-json\/wp\/v2\/pages\/55412\/revisions"}],"predecessor-version":[{"id":55493,"href":"https:\/\/fcquna.edu.py\/v3\/wp-json\/wp\/v2\/pages\/55412\/revisions\/55493"}],"wp:attachment":[{"href":"https:\/\/fcquna.edu.py\/v3\/wp-json\/wp\/v2\/media?parent=55412"}],"curies":[{"name":"wp","href":"https:\/\/api.w.org\/{rel}","templated":true}]}}