{"id":54910,"date":"2026-03-17T21:10:58","date_gmt":"2026-03-17T21:10:58","guid":{"rendered":"https:\/\/fcquna.edu.py\/v3\/?page_id=54910"},"modified":"2026-03-17T21:53:03","modified_gmt":"2026-03-17T21:53:03","slug":"inscripcion-admision","status":"publish","type":"page","link":"https:\/\/fcquna.edu.py\/v3\/inscripcion-admision\/","title":{"rendered":"Inscripci\u00f3n &#8211; Admisi\u00f3n"},"content":{"rendered":"\t\t<div data-elementor-type=\"wp-page\" data-elementor-id=\"54910\" class=\"elementor elementor-54910\" data-elementor-post-type=\"page\">\n\t\t\t\t<div class=\"elementor-element elementor-element-642c362 e-flex e-con-boxed e-con e-parent\" data-id=\"642c362\" data-element_type=\"container\" data-settings=\"{&quot;jet_parallax_layout_list&quot;:[]}\">\n\t\t\t\t\t<div class=\"e-con-inner\">\n\t\t\t\t<div class=\"elementor-element elementor-element-ff9377e elementor-widget elementor-widget-eael-breadcrumbs\" data-id=\"ff9377e\" data-element_type=\"widget\" data-widget_type=\"eael-breadcrumbs.default\">\n\t\t\t\t<div class=\"elementor-widget-container\">\n\t\t\t\t\t\t\t<div class=\"eael-breadcrumbs\">\n\t\t\t<div class=\"eael-breadcrumbs__content\"><a href=\"https:\/\/fcquna.edu.py\/v3\">Home<\/a> <span class=\"eael-breadcrumb-separator\">\/<\/span> <span class = \"eael-current\">Page<\/span><\/div>\t\t<\/div>\n\t\t\t\t\t\t<\/div>\n\t\t\t\t<\/div>\n\t\t\t\t\t<\/div>\n\t\t\t\t<\/div>\n\t\t<div class=\"elementor-element elementor-element-99f720b e-flex e-con-boxed e-con e-parent\" data-id=\"99f720b\" data-element_type=\"container\" data-settings=\"{&quot;jet_parallax_layout_list&quot;:[]}\">\n\t\t\t\t\t<div class=\"e-con-inner\">\n\t\t\t\t<div class=\"elementor-element elementor-element-3f9c95d elementor-widget elementor-widget-spacer\" data-id=\"3f9c95d\" data-element_type=\"widget\" data-widget_type=\"spacer.default\">\n\t\t\t\t\t\t\t<div class=\"elementor-spacer\">\n\t\t\t<div class=\"elementor-spacer-inner\"><\/div>\n\t\t<\/div>\n\t\t\t\t\t\t<\/div>\n\t\t\t\t<div class=\"elementor-element elementor-element-324a275 elementor-widget elementor-widget-heading\" data-id=\"324a275\" data-element_type=\"widget\" data-widget_type=\"heading.default\">\n\t\t\t\t\t<h2 class=\"elementor-heading-title elementor-size-default\">Inscripci\u00f3n - Admisi\u00f3n<\/h2>\t\t\t\t<\/div>\n\t\t\t\t<div class=\"elementor-element elementor-element-e7aba03 elementor-widget elementor-widget-text-editor\" data-id=\"e7aba03\" data-element_type=\"widget\" data-widget_type=\"text-editor.default\">\n\t\t\t\t\t\t\t\t\t<p><strong>Inscribite<\/strong><br \/>En solo cuatro pasos: Pre-ingreso, presentaci\u00f3n de la documentaci\u00f3n requerida, selecci\u00f3n de sede y turno e inscripci\u00f3n a materias , que deber\u00e1n realizarse en los periodos establecidos.<\/p>\t\t\t\t\t\t\t\t<\/div>\n\t\t<div class=\"elementor-element elementor-element-6f8493e e-con-full e-flex e-con e-child\" data-id=\"6f8493e\" data-element_type=\"container\" data-settings=\"{&quot;jet_parallax_layout_list&quot;:[]}\">\n\t\t<div class=\"elementor-element elementor-element-8f459ce e-con-full e-flex e-con e-child\" data-id=\"8f459ce\" data-element_type=\"container\" data-settings=\"{&quot;background_background&quot;:&quot;classic&quot;,&quot;jet_parallax_layout_list&quot;:[]}\">\n\t\t\t\t<div class=\"elementor-element elementor-element-b97f1b5 elementor-widget elementor-widget-text-editor\" data-id=\"b97f1b5\" data-element_type=\"widget\" data-widget_type=\"text-editor.default\">\n\t\t\t\t\t\t\t\t\t<p>PASO 1<\/p>\t\t\t\t\t\t\t\t<\/div>\n\t\t\t\t<\/div>\n\t\t<div class=\"elementor-element elementor-element-c987468 e-flex e-con-boxed e-con e-child\" data-id=\"c987468\" data-element_type=\"container\" data-settings=\"{&quot;jet_parallax_layout_list&quot;:[]}\">\n\t\t\t\t\t<div class=\"e-con-inner\">\n\t\t<div class=\"elementor-element elementor-element-47eea2a e-con-full e-flex e-con e-child\" data-id=\"47eea2a\" data-element_type=\"container\" data-settings=\"{&quot;background_background&quot;:&quot;classic&quot;,&quot;jet_parallax_layout_list&quot;:[]}\">\n\t\t\t\t<div class=\"elementor-element elementor-element-014ed1b elementor-widget elementor-widget-image\" data-id=\"014ed1b\" data-element_type=\"widget\" data-widget_type=\"image.default\">\n\t\t\t\t\t\t\t\t\t\t\t\t\t\t\t<img decoding=\"async\" width=\"52\" height=\"56\" src=\"https:\/\/fcquna.edu.py\/v3\/wp-content\/uploads\/2026\/03\/icono-inscripcion.png\" class=\"attachment-medium size-medium wp-image-54935\" alt=\"\" \/>\t\t\t\t\t\t\t\t\t\t\t\t\t\t\t<\/div>\n\t\t\t\t<\/div>\n\t\t<div class=\"elementor-element elementor-element-7a84c2e e-con-full e-flex e-con e-child\" data-id=\"7a84c2e\" data-element_type=\"container\" data-settings=\"{&quot;jet_parallax_layout_list&quot;:[]}\">\n\t\t\t\t<div class=\"elementor-element elementor-element-16d1aa9 elementor-widget elementor-widget-text-editor\" data-id=\"16d1aa9\" data-element_type=\"widget\" data-widget_type=\"text-editor.default\">\n\t\t\t\t\t\t\t\t\t<p>Ingres\u00e1 a la <a href=\"#\">Plataforma de Inscripci\u00f3n<\/a> con tu CI, Nombre y Apellido, si nunca fuiste estudiante de la FCQ-UNA, el sistema te derivar\u00e1 a Preingreso de FCQ-UNA.<\/p><p>Si ya te inscribiste alguna vez podes solicitar el certificado de inscripci\u00f3n <a href=\"#\">aqui<\/a><\/p>\t\t\t\t\t\t\t\t<\/div>\n\t\t\t\t<\/div>\n\t\t\t\t\t<\/div>\n\t\t\t\t<\/div>\n\t\t\t\t<\/div>\n\t\t<div class=\"elementor-element elementor-element-0e190e3 e-con-full e-flex e-con e-child\" data-id=\"0e190e3\" data-element_type=\"container\" data-settings=\"{&quot;jet_parallax_layout_list&quot;:[]}\">\n\t\t<div class=\"elementor-element elementor-element-eb09735 e-con-full e-flex e-con e-child\" data-id=\"eb09735\" data-element_type=\"container\" data-settings=\"{&quot;background_background&quot;:&quot;classic&quot;,&quot;jet_parallax_layout_list&quot;:[]}\">\n\t\t\t\t<div class=\"elementor-element elementor-element-6ae4d29 elementor-widget elementor-widget-text-editor\" data-id=\"6ae4d29\" data-element_type=\"widget\" data-widget_type=\"text-editor.default\">\n\t\t\t\t\t\t\t\t\t<p>PASO 2<\/p>\t\t\t\t\t\t\t\t<\/div>\n\t\t\t\t<\/div>\n\t\t<div class=\"elementor-element elementor-element-bb52557 e-flex e-con-boxed e-con e-child\" data-id=\"bb52557\" data-element_type=\"container\" data-settings=\"{&quot;jet_parallax_layout_list&quot;:[]}\">\n\t\t\t\t\t<div class=\"e-con-inner\">\n\t\t<div class=\"elementor-element elementor-element-530d2c0 e-con-full e-flex e-con e-child\" data-id=\"530d2c0\" data-element_type=\"container\" data-settings=\"{&quot;background_background&quot;:&quot;classic&quot;,&quot;jet_parallax_layout_list&quot;:[]}\">\n\t\t\t\t<div class=\"elementor-element elementor-element-3aeb534 elementor-widget elementor-widget-image\" data-id=\"3aeb534\" data-element_type=\"widget\" data-widget_type=\"image.default\">\n\t\t\t\t\t\t\t\t\t\t\t\t\t\t\t<img decoding=\"async\" width=\"52\" height=\"56\" src=\"https:\/\/fcquna.edu.py\/v3\/wp-content\/uploads\/2026\/03\/icono-inscripcion.png\" class=\"attachment-medium size-medium wp-image-54935\" alt=\"\" \/>\t\t\t\t\t\t\t\t\t\t\t\t\t\t\t<\/div>\n\t\t\t\t<\/div>\n\t\t<div class=\"elementor-element elementor-element-23fc55b e-con-full e-flex e-con e-child\" data-id=\"23fc55b\" data-element_type=\"container\" data-settings=\"{&quot;jet_parallax_layout_list&quot;:[]}\">\n\t\t\t\t<div class=\"elementor-element elementor-element-a7948d6 elementor-widget elementor-widget-text-editor\" data-id=\"a7948d6\" data-element_type=\"widget\" data-widget_type=\"text-editor.default\">\n\t\t\t\t\t\t\t\t\t<p>Ingres\u00e1 a la <a href=\"#\">Plataforma de Inscripci\u00f3n<\/a> con tu CI, Nombre y Apellido, si nunca fuiste estudiante de la FCQ-UNA, el sistema te derivar\u00e1 a Preingreso de FCQ-UNA.<\/p><p>Si ya te inscribiste alguna vez podes solicitar el certificado de inscripci\u00f3n <a href=\"#\">aqui<\/a><\/p>\t\t\t\t\t\t\t\t<\/div>\n\t\t\t\t<\/div>\n\t\t\t\t\t<\/div>\n\t\t\t\t<\/div>\n\t\t\t\t<\/div>\n\t\t<div class=\"elementor-element elementor-element-1b7a269 e-con-full e-flex e-con e-child\" data-id=\"1b7a269\" data-element_type=\"container\" data-settings=\"{&quot;jet_parallax_layout_list&quot;:[]}\">\n\t\t<div class=\"elementor-element elementor-element-d480180 e-con-full e-flex e-con e-child\" data-id=\"d480180\" data-element_type=\"container\" data-settings=\"{&quot;background_background&quot;:&quot;classic&quot;,&quot;jet_parallax_layout_list&quot;:[]}\">\n\t\t\t\t<div class=\"elementor-element elementor-element-b100665 elementor-widget elementor-widget-text-editor\" data-id=\"b100665\" data-element_type=\"widget\" data-widget_type=\"text-editor.default\">\n\t\t\t\t\t\t\t\t\t<p>PASO 3<\/p>\t\t\t\t\t\t\t\t<\/div>\n\t\t\t\t<\/div>\n\t\t<div class=\"elementor-element elementor-element-d4806bd e-flex e-con-boxed e-con e-child\" data-id=\"d4806bd\" data-element_type=\"container\" data-settings=\"{&quot;jet_parallax_layout_list&quot;:[]}\">\n\t\t\t\t\t<div class=\"e-con-inner\">\n\t\t<div class=\"elementor-element elementor-element-01e7083 e-con-full e-flex e-con e-child\" data-id=\"01e7083\" data-element_type=\"container\" data-settings=\"{&quot;background_background&quot;:&quot;classic&quot;,&quot;jet_parallax_layout_list&quot;:[]}\">\n\t\t\t\t<div class=\"elementor-element elementor-element-14da622 elementor-widget elementor-widget-image\" data-id=\"14da622\" data-element_type=\"widget\" data-widget_type=\"image.default\">\n\t\t\t\t\t\t\t\t\t\t\t\t\t\t\t<img decoding=\"async\" width=\"52\" height=\"56\" src=\"https:\/\/fcquna.edu.py\/v3\/wp-content\/uploads\/2026\/03\/icono-inscripcion.png\" class=\"attachment-medium size-medium wp-image-54935\" alt=\"\" \/>\t\t\t\t\t\t\t\t\t\t\t\t\t\t\t<\/div>\n\t\t\t\t<\/div>\n\t\t<div class=\"elementor-element elementor-element-82ec18d e-con-full e-flex e-con e-child\" data-id=\"82ec18d\" data-element_type=\"container\" data-settings=\"{&quot;jet_parallax_layout_list&quot;:[]}\">\n\t\t\t\t<div class=\"elementor-element elementor-element-cc3b975 elementor-widget elementor-widget-text-editor\" data-id=\"cc3b975\" data-element_type=\"widget\" data-widget_type=\"text-editor.default\">\n\t\t\t\t\t\t\t\t\t<p>Ingres\u00e1 a la <a href=\"#\">Plataforma de Inscripci\u00f3n<\/a> con tu CI, Nombre y Apellido, si nunca fuiste estudiante de la FCQ-UNA, el sistema te derivar\u00e1 a Preingreso de FCQ-UNA.<\/p><p>Si ya te inscribiste alguna vez podes solicitar el certificado de inscripci\u00f3n <a href=\"#\">aqui<\/a><\/p>\t\t\t\t\t\t\t\t<\/div>\n\t\t\t\t<\/div>\n\t\t\t\t\t<\/div>\n\t\t\t\t<\/div>\n\t\t\t\t<\/div>\n\t\t<div class=\"elementor-element elementor-element-95fc069 e-con-full e-flex e-con e-child\" data-id=\"95fc069\" data-element_type=\"container\" data-settings=\"{&quot;jet_parallax_layout_list&quot;:[]}\">\n\t\t<div class=\"elementor-element elementor-element-fafb998 e-con-full e-flex e-con e-child\" data-id=\"fafb998\" data-element_type=\"container\" data-settings=\"{&quot;background_background&quot;:&quot;classic&quot;,&quot;jet_parallax_layout_list&quot;:[]}\">\n\t\t\t\t<div class=\"elementor-element elementor-element-1b512e8 elementor-widget elementor-widget-text-editor\" data-id=\"1b512e8\" data-element_type=\"widget\" data-widget_type=\"text-editor.default\">\n\t\t\t\t\t\t\t\t\t<p>PASO 4<\/p>\t\t\t\t\t\t\t\t<\/div>\n\t\t\t\t<\/div>\n\t\t<div class=\"elementor-element elementor-element-952c7a8 e-flex e-con-boxed e-con e-child\" data-id=\"952c7a8\" data-element_type=\"container\" data-settings=\"{&quot;jet_parallax_layout_list&quot;:[]}\">\n\t\t\t\t\t<div class=\"e-con-inner\">\n\t\t<div class=\"elementor-element elementor-element-90768fa e-con-full e-flex e-con e-child\" data-id=\"90768fa\" data-element_type=\"container\" data-settings=\"{&quot;background_background&quot;:&quot;classic&quot;,&quot;jet_parallax_layout_list&quot;:[]}\">\n\t\t\t\t<div class=\"elementor-element elementor-element-b3b4aec elementor-widget elementor-widget-image\" data-id=\"b3b4aec\" data-element_type=\"widget\" data-widget_type=\"image.default\">\n\t\t\t\t\t\t\t\t\t\t\t\t\t\t\t<img decoding=\"async\" width=\"52\" height=\"56\" src=\"https:\/\/fcquna.edu.py\/v3\/wp-content\/uploads\/2026\/03\/icono-inscripcion.png\" class=\"attachment-medium size-medium wp-image-54935\" alt=\"\" \/>\t\t\t\t\t\t\t\t\t\t\t\t\t\t\t<\/div>\n\t\t\t\t<\/div>\n\t\t<div class=\"elementor-element elementor-element-597daf5 e-con-full e-flex e-con e-child\" data-id=\"597daf5\" data-element_type=\"container\" data-settings=\"{&quot;jet_parallax_layout_list&quot;:[]}\">\n\t\t\t\t<div class=\"elementor-element elementor-element-07b1e44 elementor-widget elementor-widget-text-editor\" data-id=\"07b1e44\" data-element_type=\"widget\" data-widget_type=\"text-editor.default\">\n\t\t\t\t\t\t\t\t\t<p>Ingres\u00e1 a la <a href=\"#\">Plataforma de Inscripci\u00f3n<\/a> con tu CI, Nombre y Apellido, si nunca fuiste estudiante de la FCQ-UNA, el sistema te derivar\u00e1 a Preingreso de FCQ-UNA.<\/p><p>Si ya te inscribiste alguna vez podes solicitar el certificado de inscripci\u00f3n <a href=\"#\">aqui<\/a><\/p>\t\t\t\t\t\t\t\t<\/div>\n\t\t\t\t<\/div>\n\t\t\t\t\t<\/div>\n\t\t\t\t<\/div>\n\t\t\t\t<\/div>\n\t\t\t\t\t<\/div>\n\t\t\t\t<\/div>\n\t\t<div class=\"elementor-element elementor-element-ea3f671 e-flex e-con-boxed e-con e-parent\" data-id=\"ea3f671\" data-element_type=\"container\" data-settings=\"{&quot;jet_parallax_layout_list&quot;:[]}\">\n\t\t\t\t\t<div class=\"e-con-inner\">\n\t\t\t\t\t<\/div>\n\t\t\t\t<\/div>\n\t\t\t\t<\/div>\n\t\t","protected":false},"excerpt":{"rendered":"<p>Home \/ Page Inscripci\u00f3n &#8211; Admisi\u00f3n InscribiteEn solo cuatro pasos: Pre-ingreso, presentaci\u00f3n de la documentaci\u00f3n requerida, selecci\u00f3n de sede y turno e inscripci\u00f3n a materias , que deber\u00e1n realizarse en los periodos establecidos. PASO 1 Ingres\u00e1 a la Plataforma de Inscripci\u00f3n con tu CI, Nombre y Apellido, si nunca fuiste estudiante de la FCQ-UNA, el [&hellip;]<\/p>\n","protected":false},"author":2,"featured_media":0,"parent":0,"menu_order":0,"comment_status":"closed","ping_status":"closed","template":"elementor_header_footer","meta":{"footnotes":""},"class_list":["post-54910","page","type-page","status-publish","hentry"],"_links":{"self":[{"href":"https:\/\/fcquna.edu.py\/v3\/wp-json\/wp\/v2\/pages\/54910","targetHints":{"allow":["GET"]}}],"collection":[{"href":"https:\/\/fcquna.edu.py\/v3\/wp-json\/wp\/v2\/pages"}],"about":[{"href":"https:\/\/fcquna.edu.py\/v3\/wp-json\/wp\/v2\/types\/page"}],"author":[{"embeddable":true,"href":"https:\/\/fcquna.edu.py\/v3\/wp-json\/wp\/v2\/users\/2"}],"replies":[{"embeddable":true,"href":"https:\/\/fcquna.edu.py\/v3\/wp-json\/wp\/v2\/comments?post=54910"}],"version-history":[{"count":56,"href":"https:\/\/fcquna.edu.py\/v3\/wp-json\/wp\/v2\/pages\/54910\/revisions"}],"predecessor-version":[{"id":56295,"href":"https:\/\/fcquna.edu.py\/v3\/wp-json\/wp\/v2\/pages\/54910\/revisions\/56295"}],"wp:attachment":[{"href":"https:\/\/fcquna.edu.py\/v3\/wp-json\/wp\/v2\/media?parent=54910"}],"curies":[{"name":"wp","href":"https:\/\/api.w.org\/{rel}","templated":true}]}}