{"id":54626,"date":"2026-03-16T14:34:15","date_gmt":"2026-03-16T14:34:15","guid":{"rendered":"https:\/\/fcquna.edu.py\/v3\/?page_id=54626"},"modified":"2026-03-16T14:37:12","modified_gmt":"2026-03-16T14:37:12","slug":"solicitud-de-correo-institucional-para-estudiantes","status":"publish","type":"page","link":"https:\/\/fcquna.edu.py\/v3\/solicitud-de-correo-institucional-para-estudiantes\/","title":{"rendered":"Solicitud de Correo Institucional para Estudiantes"},"content":{"rendered":"\t\t<div data-elementor-type=\"wp-page\" data-elementor-id=\"54626\" class=\"elementor elementor-54626\" data-elementor-post-type=\"page\">\n\t\t\t\t<div class=\"elementor-element elementor-element-43a0b0f e-flex e-con-boxed e-con e-parent\" data-id=\"43a0b0f\" data-element_type=\"container\" data-settings=\"{&quot;jet_parallax_layout_list&quot;:[]}\">\n\t\t\t\t\t<div class=\"e-con-inner\">\n\t\t\t\t<div class=\"elementor-element elementor-element-445aaea elementor-widget elementor-widget-eael-breadcrumbs\" data-id=\"445aaea\" data-element_type=\"widget\" data-widget_type=\"eael-breadcrumbs.default\">\n\t\t\t\t<div class=\"elementor-widget-container\">\n\t\t\t\t\t\t\t<div class=\"eael-breadcrumbs\">\n\t\t\t<div class=\"eael-breadcrumbs__content\"><a href=\"https:\/\/fcquna.edu.py\/v3\">Home<\/a> <span class=\"eael-breadcrumb-separator\">\/<\/span> <span class = \"eael-current\">Page<\/span><\/div>\t\t<\/div>\n\t\t\t\t\t\t<\/div>\n\t\t\t\t<\/div>\n\t\t\t\t\t<\/div>\n\t\t\t\t<\/div>\n\t\t<div class=\"elementor-element elementor-element-4bdbd95 e-flex e-con-boxed e-con e-parent\" data-id=\"4bdbd95\" data-element_type=\"container\" data-settings=\"{&quot;jet_parallax_layout_list&quot;:[]}\">\n\t\t\t\t\t<div class=\"e-con-inner\">\n\t\t\t\t<div class=\"elementor-element elementor-element-1d2c623 elementor-widget elementor-widget-spacer\" data-id=\"1d2c623\" data-element_type=\"widget\" data-widget_type=\"spacer.default\">\n\t\t\t\t\t\t\t<div class=\"elementor-spacer\">\n\t\t\t<div class=\"elementor-spacer-inner\"><\/div>\n\t\t<\/div>\n\t\t\t\t\t\t<\/div>\n\t\t\t\t<div class=\"elementor-element elementor-element-cd66c06 elementor-widget elementor-widget-heading\" data-id=\"cd66c06\" data-element_type=\"widget\" data-widget_type=\"heading.default\">\n\t\t\t\t\t<h2 class=\"elementor-heading-title elementor-size-default\">Solicitud de Correo Institucional para Estudiantes<\/h2>\t\t\t\t<\/div>\n\t\t\t\t<div class=\"elementor-element elementor-element-7d958b7 elementor-widget elementor-widget-text-editor\" data-id=\"7d958b7\" data-element_type=\"widget\" data-widget_type=\"text-editor.default\">\n\t\t\t\t\t\t\t\t\t<p>El correo institucional para los Estudiantes de Grado de la FCQ &#8211; UNA se encuentra habilitado y se debe seguir algunos pasos para solicitarlo.\u00a0<b><\/b><\/p><ul><li aria-level=\"1\">Ingresa a e-Tr\u00e1mite en <a href=\"https:\/\/tramites.una.py\">https:\/\/tramites.una.py<br \/><\/a>Si a\u00fan no cuenta con usuario, debe crearlo.\u00a0<\/li><\/ul><ul><li aria-level=\"1\">Elegir \u201cQUI-Facultad de Ciencias Qu\u00edmicas\u201d<\/li><\/ul><ul><li aria-level=\"1\">En \u201cMis Tr\u00e1mites\u201d, seleccionar \u201cCreaci\u00f3n de Correo Institucional (Estudiante de Grado)\u201d<\/li><\/ul><ul><li aria-level=\"1\">Descargar los documentos requeridos, completarlos y subirlos en formato PDF.\u00a0<\/li><\/ul><ol><li style=\"list-style-type: none;\"><ol><li aria-level=\"2\">Formulario de solicitud debidamente completado y firmado<\/li><li aria-level=\"2\">digital de la C\u00e9dula de Identidad Civil vigente (anverso y reverso)<\/li><li aria-level=\"2\">Contrato de Adhesi\u00f3n debidamente completado y firmado<\/li><\/ol><\/li><\/ol><p>En el correo personal registrado en el e-Tr\u00e1mite, se recibir\u00e1n las indicaciones y contrase\u00f1a de usuario.\u00a0<\/p><p><b>IMPORTANTE<\/b>: El plazo m\u00e1ximo del proceso es de 5 d\u00edas h\u00e1biles.\u00a0<\/p><p><b>Beneficios de contar con un Correo Institucional siendo Estudiante:<\/b><\/p>\t\t\t\t\t\t\t\t<\/div>\n\t\t\t\t<div class=\"elementor-element elementor-element-8faea05 elementor-widget elementor-widget-spacer\" data-id=\"8faea05\" data-element_type=\"widget\" data-widget_type=\"spacer.default\">\n\t\t\t\t\t\t\t<div class=\"elementor-spacer\">\n\t\t\t<div class=\"elementor-spacer-inner\"><\/div>\n\t\t<\/div>\n\t\t\t\t\t\t<\/div>\n\t\t\t\t\t<\/div>\n\t\t\t\t<\/div>\n\t\t\t\t<\/div>\n\t\t","protected":false},"excerpt":{"rendered":"<p>Home \/ Page Solicitud de Correo Institucional para Estudiantes El correo institucional para los Estudiantes de Grado de la FCQ &#8211; UNA se encuentra habilitado y se debe seguir algunos pasos para solicitarlo.\u00a0 Ingresa a e-Tr\u00e1mite en https:\/\/tramites.una.pySi a\u00fan no cuenta con usuario, debe crearlo.\u00a0 Elegir \u201cQUI-Facultad de Ciencias Qu\u00edmicas\u201d En \u201cMis Tr\u00e1mites\u201d, seleccionar \u201cCreaci\u00f3n [&hellip;]<\/p>\n","protected":false},"author":2,"featured_media":0,"parent":0,"menu_order":0,"comment_status":"closed","ping_status":"closed","template":"elementor_header_footer","meta":{"footnotes":""},"class_list":["post-54626","page","type-page","status-publish","hentry"],"_links":{"self":[{"href":"https:\/\/fcquna.edu.py\/v3\/wp-json\/wp\/v2\/pages\/54626","targetHints":{"allow":["GET"]}}],"collection":[{"href":"https:\/\/fcquna.edu.py\/v3\/wp-json\/wp\/v2\/pages"}],"about":[{"href":"https:\/\/fcquna.edu.py\/v3\/wp-json\/wp\/v2\/types\/page"}],"author":[{"embeddable":true,"href":"https:\/\/fcquna.edu.py\/v3\/wp-json\/wp\/v2\/users\/2"}],"replies":[{"embeddable":true,"href":"https:\/\/fcquna.edu.py\/v3\/wp-json\/wp\/v2\/comments?post=54626"}],"version-history":[{"count":10,"href":"https:\/\/fcquna.edu.py\/v3\/wp-json\/wp\/v2\/pages\/54626\/revisions"}],"predecessor-version":[{"id":54640,"href":"https:\/\/fcquna.edu.py\/v3\/wp-json\/wp\/v2\/pages\/54626\/revisions\/54640"}],"wp:attachment":[{"href":"https:\/\/fcquna.edu.py\/v3\/wp-json\/wp\/v2\/media?parent=54626"}],"curies":[{"name":"wp","href":"https:\/\/api.w.org\/{rel}","templated":true}]}}