{"id":54600,"date":"2026-03-16T13:30:31","date_gmt":"2026-03-16T13:30:31","guid":{"rendered":"https:\/\/fcquna.edu.py\/v3\/?page_id=54600"},"modified":"2026-04-07T19:14:22","modified_gmt":"2026-04-07T19:14:22","slug":"buzon-de-sugerencias","status":"publish","type":"page","link":"https:\/\/fcquna.edu.py\/v3\/buzon-de-sugerencias\/","title":{"rendered":"Buz\u00f3n de Sugerencias"},"content":{"rendered":"\t\t<div data-elementor-type=\"wp-page\" data-elementor-id=\"54600\" class=\"elementor elementor-54600\" data-elementor-post-type=\"page\">\n\t\t\t\t<div class=\"elementor-element elementor-element-3979583 e-flex e-con-boxed e-con e-parent\" data-id=\"3979583\" data-element_type=\"container\" data-settings=\"{&quot;jet_parallax_layout_list&quot;:[]}\">\n\t\t\t\t\t<div class=\"e-con-inner\">\n\t\t\t\t<div class=\"elementor-element elementor-element-1fc29cf elementor-widget elementor-widget-eael-breadcrumbs\" data-id=\"1fc29cf\" data-element_type=\"widget\" data-widget_type=\"eael-breadcrumbs.default\">\n\t\t\t\t<div class=\"elementor-widget-container\">\n\t\t\t\t\t\t\t<div class=\"eael-breadcrumbs\">\n\t\t\t<div class=\"eael-breadcrumbs__content\"><a href=\"https:\/\/fcquna.edu.py\/v3\">Home<\/a> <span class=\"eael-breadcrumb-separator\">\/<\/span> <span class = \"eael-current\">Page<\/span><\/div>\t\t<\/div>\n\t\t\t\t\t\t<\/div>\n\t\t\t\t<\/div>\n\t\t\t\t\t<\/div>\n\t\t\t\t<\/div>\n\t\t<div class=\"elementor-element elementor-element-bf5f39d e-flex e-con-boxed e-con e-parent\" data-id=\"bf5f39d\" data-element_type=\"container\" data-settings=\"{&quot;jet_parallax_layout_list&quot;:[]}\">\n\t\t\t\t\t<div class=\"e-con-inner\">\n\t\t\t\t<div class=\"elementor-element elementor-element-54b1706 elementor-widget elementor-widget-spacer\" data-id=\"54b1706\" data-element_type=\"widget\" data-widget_type=\"spacer.default\">\n\t\t\t\t\t\t\t<div class=\"elementor-spacer\">\n\t\t\t<div class=\"elementor-spacer-inner\"><\/div>\n\t\t<\/div>\n\t\t\t\t\t\t<\/div>\n\t\t\t\t<div class=\"elementor-element elementor-element-fd3f8a6 elementor-widget elementor-widget-heading\" data-id=\"fd3f8a6\" data-element_type=\"widget\" data-widget_type=\"heading.default\">\n\t\t\t\t\t<h2 class=\"elementor-heading-title elementor-size-default\">BUZ\u00d3N DE SUGERENCIAS, RECLAMOS Y FELICITACIONES<\/h2>\t\t\t\t<\/div>\n\t\t\t\t<div class=\"elementor-element elementor-element-57ce79c elementor-widget elementor-widget-spacer\" data-id=\"57ce79c\" data-element_type=\"widget\" data-widget_type=\"spacer.default\">\n\t\t\t\t\t\t\t<div class=\"elementor-spacer\">\n\t\t\t<div class=\"elementor-spacer-inner\"><\/div>\n\t\t<\/div>\n\t\t\t\t\t\t<\/div>\n\t\t\t\t<div class=\"elementor-element elementor-element-aacda42 elementor-widget elementor-widget-text-editor\" data-id=\"aacda42\" data-element_type=\"widget\" data-widget_type=\"text-editor.default\">\n\t\t\t\t\t\t\t\t\t<p>Con el prop\u00f3sito de prestar un mejor servicio al p\u00fablico, la Facultad de Ciencias Qu\u00edmicas de la Universidad Nacional de Asunci\u00f3n (FCQ-UNA) quiere establecer v\u00edas de comunicaci\u00f3n eficaces con los usuarios de los mismos.<\/p><p>Una de las v\u00edas es el Buz\u00f3n de Sugerencias, Reclamos y Felicitaciones que tiene como finalidad la mejora de la calidad de los servicios que se prestan en la instituci\u00f3n, que lleven a incrementar la satisfacci\u00f3n de estudiantes, plantel docente, personal administrativo y usuarios en general.<\/p>\t\t\t\t\t\t\t\t<\/div>\n\t\t<div class=\"elementor-element elementor-element-a6533aa e-grid e-con-full e-con e-child\" data-id=\"a6533aa\" data-element_type=\"container\" data-settings=\"{&quot;jet_parallax_layout_list&quot;:[]}\">\n\t\t\t\t<div class=\"elementor-element elementor-element-0ac8a67 elementor-widget elementor-widget-image\" data-id=\"0ac8a67\" data-element_type=\"widget\" data-widget_type=\"image.default\">\n\t\t\t\t\t\t\t\t\t\t\t\t\t\t\t\t<a href=\"https:\/\/docs.google.com\/forms\/d\/1uFYm5V7Yh58ADt9cZJu0T8VBxoyVNcLpxaMl0wyhBmo\/viewform?ts=67d1b373&#038;edit_requested=true\">\n\t\t\t\t\t\t\t<img decoding=\"async\" width=\"206\" height=\"157\" src=\"https:\/\/fcquna.edu.py\/v3\/wp-content\/uploads\/2026\/03\/formularios.png\" class=\"elementor-animation-grow attachment-large size-large wp-image-54603\" alt=\"\" \/>\t\t\t\t\t\t\t\t<\/a>\n\t\t\t\t\t\t\t\t\t\t\t\t\t\t\t<\/div>\n\t\t\t\t<div class=\"elementor-element elementor-element-e368211 elementor-widget elementor-widget-image\" data-id=\"e368211\" data-element_type=\"widget\" data-widget_type=\"image.default\">\n\t\t\t\t\t\t\t\t\t\t\t\t\t\t\t\t<a href=\"https:\/\/fcquna.edu.py\/v3\/buzon-de-sugerencias\/respuestas-al-buzon\/\">\n\t\t\t\t\t\t\t<img decoding=\"async\" width=\"206\" height=\"157\" src=\"https:\/\/fcquna.edu.py\/v3\/wp-content\/uploads\/2026\/03\/respuestas.png\" class=\"elementor-animation-grow attachment-large size-large wp-image-54607\" alt=\"\" \/>\t\t\t\t\t\t\t\t<\/a>\n\t\t\t\t\t\t\t\t\t\t\t\t\t\t\t<\/div>\n\t\t\t\t<\/div>\n\t\t\t\t\t<\/div>\n\t\t\t\t<\/div>\n\t\t<div class=\"elementor-element elementor-element-1067bc1 e-flex e-con-boxed e-con e-parent\" data-id=\"1067bc1\" data-element_type=\"container\" data-settings=\"{&quot;jet_parallax_layout_list&quot;:[]}\">\n\t\t\t\t\t<div class=\"e-con-inner\">\n\t\t\t\t<div class=\"elementor-element elementor-element-a28db5a elementor-widget elementor-widget-spacer\" data-id=\"a28db5a\" data-element_type=\"widget\" data-widget_type=\"spacer.default\">\n\t\t\t\t\t\t\t<div class=\"elementor-spacer\">\n\t\t\t<div class=\"elementor-spacer-inner\"><\/div>\n\t\t<\/div>\n\t\t\t\t\t\t<\/div>\n\t\t\t\t\t<\/div>\n\t\t\t\t<\/div>\n\t\t\t\t<\/div>\n\t\t","protected":false},"excerpt":{"rendered":"<p>Home \/ Page BUZ\u00d3N DE SUGERENCIAS, RECLAMOS Y FELICITACIONES Con el prop\u00f3sito de prestar un mejor servicio al p\u00fablico, la Facultad de Ciencias Qu\u00edmicas de la Universidad Nacional de Asunci\u00f3n (FCQ-UNA) quiere establecer v\u00edas de comunicaci\u00f3n eficaces con los usuarios de los mismos. Una de las v\u00edas es el Buz\u00f3n de Sugerencias, Reclamos y Felicitaciones [&hellip;]<\/p>\n","protected":false},"author":2,"featured_media":0,"parent":0,"menu_order":0,"comment_status":"closed","ping_status":"closed","template":"elementor_header_footer","meta":{"footnotes":""},"class_list":["post-54600","page","type-page","status-publish","hentry"],"_links":{"self":[{"href":"https:\/\/fcquna.edu.py\/v3\/wp-json\/wp\/v2\/pages\/54600","targetHints":{"allow":["GET"]}}],"collection":[{"href":"https:\/\/fcquna.edu.py\/v3\/wp-json\/wp\/v2\/pages"}],"about":[{"href":"https:\/\/fcquna.edu.py\/v3\/wp-json\/wp\/v2\/types\/page"}],"author":[{"embeddable":true,"href":"https:\/\/fcquna.edu.py\/v3\/wp-json\/wp\/v2\/users\/2"}],"replies":[{"embeddable":true,"href":"https:\/\/fcquna.edu.py\/v3\/wp-json\/wp\/v2\/comments?post=54600"}],"version-history":[{"count":22,"href":"https:\/\/fcquna.edu.py\/v3\/wp-json\/wp\/v2\/pages\/54600\/revisions"}],"predecessor-version":[{"id":56042,"href":"https:\/\/fcquna.edu.py\/v3\/wp-json\/wp\/v2\/pages\/54600\/revisions\/56042"}],"wp:attachment":[{"href":"https:\/\/fcquna.edu.py\/v3\/wp-json\/wp\/v2\/media?parent=54600"}],"curies":[{"name":"wp","href":"https:\/\/api.w.org\/{rel}","templated":true}]}}