{"id":54527,"date":"2026-03-16T12:54:34","date_gmt":"2026-03-16T12:54:34","guid":{"rendered":"https:\/\/fcquna.edu.py\/v3\/?page_id=54527"},"modified":"2026-04-10T12:58:58","modified_gmt":"2026-04-10T12:58:58","slug":"staff-de-la-biblioteca","status":"publish","type":"page","link":"https:\/\/fcquna.edu.py\/v3\/biblioteca\/staff-de-la-biblioteca\/","title":{"rendered":"Staff de la Biblioteca"},"content":{"rendered":"\t\t<div data-elementor-type=\"wp-page\" data-elementor-id=\"54527\" class=\"elementor elementor-54527\" data-elementor-post-type=\"page\">\n\t\t\t\t<div class=\"elementor-element elementor-element-08c5195 e-flex e-con-boxed e-con e-parent\" data-id=\"08c5195\" data-element_type=\"container\" data-settings=\"{&quot;background_background&quot;:&quot;slideshow&quot;,&quot;background_slideshow_gallery&quot;:[{&quot;id&quot;:54422,&quot;url&quot;:&quot;https:\\\/\\\/fcquna.edu.py\\\/v3\\\/wp-content\\\/uploads\\\/2026\\\/03\\\/pexels-abby-chung-371167-1106468-scaled.jpg&quot;}],&quot;jet_parallax_layout_list&quot;:[],&quot;background_slideshow_loop&quot;:&quot;yes&quot;,&quot;background_slideshow_slide_duration&quot;:5000,&quot;background_slideshow_slide_transition&quot;:&quot;fade&quot;,&quot;background_slideshow_transition_duration&quot;:500}\">\n\t\t\t\t\t<div class=\"e-con-inner\">\n\t\t<div class=\"elementor-element elementor-element-8a9a0cd e-con-full e-flex e-con e-child\" data-id=\"8a9a0cd\" data-element_type=\"container\" data-settings=\"{&quot;jet_parallax_layout_list&quot;:[]}\">\n\t\t<div class=\"elementor-element elementor-element-afe356d e-flex e-con-boxed e-con e-child\" data-id=\"afe356d\" data-element_type=\"container\" data-settings=\"{&quot;jet_parallax_layout_list&quot;:[]}\">\n\t\t\t\t\t<div class=\"e-con-inner\">\n\t\t<div class=\"elementor-element elementor-element-d41fdd3 e-con-full e-flex e-con e-child\" data-id=\"d41fdd3\" data-element_type=\"container\" data-settings=\"{&quot;jet_parallax_layout_list&quot;:[]}\">\n\t\t\t\t<div class=\"elementor-element elementor-element-fa67a43 elementor-widget elementor-widget-text-editor\" data-id=\"fa67a43\" data-element_type=\"widget\" data-widget_type=\"text-editor.default\">\n\t\t\t\t\t\t\t\t\t<p>Bienvenidos a la\u00a0<\/p>\t\t\t\t\t\t\t\t<\/div>\n\t\t\t\t<div class=\"elementor-element elementor-element-5f21274 elementor-widget elementor-widget-heading\" data-id=\"5f21274\" data-element_type=\"widget\" data-widget_type=\"heading.default\">\n\t\t\t\t\t<h2 class=\"elementor-heading-title elementor-size-default\">BIBLIOTECA DE LA FCQ<\/h2>\t\t\t\t<\/div>\n\t\t\t\t<div class=\"elementor-element elementor-element-ee0f398 elementor-widget elementor-widget-text-editor\" data-id=\"ee0f398\" data-element_type=\"widget\" data-widget_type=\"text-editor.default\">\n\t\t\t\t\t\t\t\t\t<p>UNA<\/p>\t\t\t\t\t\t\t\t<\/div>\n\t\t\t\t<\/div>\n\t\t\t\t\t<\/div>\n\t\t\t\t<\/div>\n\t\t\t\t<\/div>\n\t\t\t\t\t<\/div>\n\t\t\t\t<\/div>\n\t\t<div class=\"elementor-element elementor-element-68b789c e-flex e-con-boxed e-con e-parent\" data-id=\"68b789c\" data-element_type=\"container\" data-settings=\"{&quot;jet_parallax_layout_list&quot;:[]}\">\n\t\t\t\t\t<div class=\"e-con-inner\">\n\t\t\t\t<div class=\"elementor-element elementor-element-95cfb46 elementor-widget elementor-widget-eael-breadcrumbs\" data-id=\"95cfb46\" data-element_type=\"widget\" data-widget_type=\"eael-breadcrumbs.default\">\n\t\t\t\t<div class=\"elementor-widget-container\">\n\t\t\t\t\t\t\t<div class=\"eael-breadcrumbs\">\n\t\t\t<div class=\"eael-breadcrumbs__content\"><a href=\"https:\/\/fcquna.edu.py\/v3\">Home<\/a> <span class=\"eael-breadcrumb-separator\">\/<\/span> <span class = \"eael-current\">Page<\/span><\/div>\t\t<\/div>\n\t\t\t\t\t\t<\/div>\n\t\t\t\t<\/div>\n\t\t\t\t\t<\/div>\n\t\t\t\t<\/div>\n\t\t<div class=\"elementor-element elementor-element-555e68c e-flex e-con-boxed e-con e-parent\" data-id=\"555e68c\" data-element_type=\"container\" data-settings=\"{&quot;jet_parallax_layout_list&quot;:[]}\">\n\t\t\t\t\t<div class=\"e-con-inner\">\n\t\t\t\t<div class=\"elementor-element elementor-element-679a37e elementor-widget elementor-widget-spacer\" data-id=\"679a37e\" data-element_type=\"widget\" data-widget_type=\"spacer.default\">\n\t\t\t\t\t\t\t<div class=\"elementor-spacer\">\n\t\t\t<div class=\"elementor-spacer-inner\"><\/div>\n\t\t<\/div>\n\t\t\t\t\t\t<\/div>\n\t\t\t\t<div class=\"elementor-element elementor-element-39c0a8c elementor-widget elementor-widget-heading\" data-id=\"39c0a8c\" data-element_type=\"widget\" data-widget_type=\"heading.default\">\n\t\t\t\t\t<h2 class=\"elementor-heading-title elementor-size-default\">STAFF DE LA BIBLIOTECA<\/h2>\t\t\t\t<\/div>\n\t\t\t\t<div class=\"elementor-element elementor-element-418ce9b elementor-widget elementor-widget-spacer\" data-id=\"418ce9b\" data-element_type=\"widget\" data-widget_type=\"spacer.default\">\n\t\t\t\t\t\t\t<div class=\"elementor-spacer\">\n\t\t\t<div class=\"elementor-spacer-inner\"><\/div>\n\t\t<\/div>\n\t\t\t\t\t\t<\/div>\n\t\t\t\t<div class=\"elementor-element elementor-element-63d125e elementor-widget elementor-widget-heading\" data-id=\"63d125e\" data-element_type=\"widget\" data-widget_type=\"heading.default\">\n\t\t\t\t\t<h4 class=\"elementor-heading-title elementor-size-default\">Biblioteca del Campus San Lorenzo<\/h4>\t\t\t\t<\/div>\n\t\t<div class=\"elementor-element elementor-element-3338a0e e-con-full e-flex e-con e-child\" data-id=\"3338a0e\" data-element_type=\"container\" data-settings=\"{&quot;jet_parallax_layout_list&quot;:[]}\">\n\t\t<div class=\"elementor-element elementor-element-35cea4e e-grid e-con-full e-con e-child\" data-id=\"35cea4e\" data-element_type=\"container\" data-settings=\"{&quot;jet_parallax_layout_list&quot;:[]}\">\n\t\t\t\t<div class=\"elementor-element elementor-element-6528a04 elementor-widget elementor-widget-text-editor\" data-id=\"6528a04\" data-element_type=\"widget\" data-widget_type=\"text-editor.default\">\n\t\t\t\t\t\t\t\t\t<p><strong>Lic. Gustavo Alberto Zarate Guill\u00e9n<br \/><\/strong><span style=\"font-weight: 400;\">Jefe de Biblioteca<\/span><\/p><p><strong>Lic. Perfiria B\u00e1ez Barrios<br \/><\/strong><span style=\"font-weight: 400;\">Circulaci\u00f3n y referencia<br \/><\/span><span style=\"font-weight: 400;\">Turno Ma\u00f1ana<br \/><\/span><strong><br \/>Lic. Roberto Carlos Aguilar Ribeiro\u00a0<br \/><\/strong><span style=\"font-weight: 400;\">Circulaci\u00f3n y referencia<br \/><\/span><span style=\"font-weight: 400;\">Turno Ma\u00f1ana<\/span><\/p>\t\t\t\t\t\t\t\t<\/div>\n\t\t\t\t<div class=\"elementor-element elementor-element-0b76743 elementor-widget elementor-widget-text-editor\" data-id=\"0b76743\" data-element_type=\"widget\" data-widget_type=\"text-editor.default\">\n\t\t\t\t\t\t\t\t\t<p><strong>Lic. N\u00e9stor Ariel Jorgge \u00c1lvarez\u00a0<br \/><\/strong><span style=\"font-weight: 400;\">Circulaci\u00f3n y referencia<br \/><\/span><span style=\"font-weight: 400;\">Turno Tarde<\/span><\/p><p><strong>Dipl. M\u00f3nica Raquel Narv\u00e1ez Ram\u00edrez\u00a0<br \/><\/strong><span style=\"font-weight: 400;\">Circulaci\u00f3n y referencia<br \/><\/span><span style=\"font-weight: 400;\">Turno Tarde<\/span><\/p><p><strong>Univ. Carlos Fabrizzio Coronel Paredes\u00a0<br \/><\/strong><span style=\"font-weight: 400;\">Circulaci\u00f3n y referencia<br \/><\/span><span style=\"font-weight: 400;\">Turno Tarde<\/span><\/p>\t\t\t\t\t\t\t\t<\/div>\n\t\t\t\t<\/div>\n\t\t\t\t<\/div>\n\t\t\t\t<div class=\"elementor-element elementor-element-b3c37e8 elementor-widget elementor-widget-spacer\" data-id=\"b3c37e8\" data-element_type=\"widget\" data-widget_type=\"spacer.default\">\n\t\t\t\t\t\t\t<div class=\"elementor-spacer\">\n\t\t\t<div class=\"elementor-spacer-inner\"><\/div>\n\t\t<\/div>\n\t\t\t\t\t\t<\/div>\n\t\t\t\t\t<\/div>\n\t\t\t\t<\/div>\n\t\t\t\t<\/div>\n\t\t","protected":false},"excerpt":{"rendered":"<p>Bienvenidos a la\u00a0 BIBLIOTECA DE LA FCQ UNA Home \/ Page STAFF DE LA BIBLIOTECA Biblioteca del Campus San Lorenzo Lic. Gustavo Alberto Zarate Guill\u00e9nJefe de Biblioteca Lic. Perfiria B\u00e1ez BarriosCirculaci\u00f3n y referenciaTurno Ma\u00f1anaLic. Roberto Carlos Aguilar Ribeiro\u00a0Circulaci\u00f3n y referenciaTurno Ma\u00f1ana Lic. N\u00e9stor Ariel Jorgge \u00c1lvarez\u00a0Circulaci\u00f3n y referenciaTurno Tarde Dipl. M\u00f3nica Raquel Narv\u00e1ez Ram\u00edrez\u00a0Circulaci\u00f3n y [&hellip;]<\/p>\n","protected":false},"author":2,"featured_media":45887,"parent":54417,"menu_order":0,"comment_status":"closed","ping_status":"closed","template":"elementor_header_footer","meta":{"footnotes":""},"class_list":["post-54527","page","type-page","status-publish","has-post-thumbnail","hentry"],"_links":{"self":[{"href":"https:\/\/fcquna.edu.py\/v3\/wp-json\/wp\/v2\/pages\/54527","targetHints":{"allow":["GET"]}}],"collection":[{"href":"https:\/\/fcquna.edu.py\/v3\/wp-json\/wp\/v2\/pages"}],"about":[{"href":"https:\/\/fcquna.edu.py\/v3\/wp-json\/wp\/v2\/types\/page"}],"author":[{"embeddable":true,"href":"https:\/\/fcquna.edu.py\/v3\/wp-json\/wp\/v2\/users\/2"}],"replies":[{"embeddable":true,"href":"https:\/\/fcquna.edu.py\/v3\/wp-json\/wp\/v2\/comments?post=54527"}],"version-history":[{"count":16,"href":"https:\/\/fcquna.edu.py\/v3\/wp-json\/wp\/v2\/pages\/54527\/revisions"}],"predecessor-version":[{"id":56246,"href":"https:\/\/fcquna.edu.py\/v3\/wp-json\/wp\/v2\/pages\/54527\/revisions\/56246"}],"up":[{"embeddable":true,"href":"https:\/\/fcquna.edu.py\/v3\/wp-json\/wp\/v2\/pages\/54417"}],"wp:featuredmedia":[{"embeddable":true,"href":"https:\/\/fcquna.edu.py\/v3\/wp-json\/wp\/v2\/media\/45887"}],"wp:attachment":[{"href":"https:\/\/fcquna.edu.py\/v3\/wp-json\/wp\/v2\/media?parent=54527"}],"curies":[{"name":"wp","href":"https:\/\/api.w.org\/{rel}","templated":true}]}}