{"id":54471,"date":"2026-03-16T12:16:19","date_gmt":"2026-03-16T12:16:19","guid":{"rendered":"https:\/\/fcquna.edu.py\/v3\/?page_id=54471"},"modified":"2026-04-10T12:45:10","modified_gmt":"2026-04-10T12:45:10","slug":"servicios-de-la-biblioteca","status":"publish","type":"page","link":"https:\/\/fcquna.edu.py\/v3\/biblioteca\/servicios-de-la-biblioteca\/","title":{"rendered":"Servicios de la Biblioteca"},"content":{"rendered":"\t\t<div data-elementor-type=\"wp-page\" data-elementor-id=\"54471\" class=\"elementor elementor-54471\" data-elementor-post-type=\"page\">\n\t\t\t\t<div class=\"elementor-element elementor-element-08c5195 e-flex e-con-boxed e-con e-parent\" data-id=\"08c5195\" data-element_type=\"container\" data-settings=\"{&quot;background_background&quot;:&quot;slideshow&quot;,&quot;background_slideshow_gallery&quot;:[{&quot;id&quot;:54422,&quot;url&quot;:&quot;https:\\\/\\\/fcquna.edu.py\\\/v3\\\/wp-content\\\/uploads\\\/2026\\\/03\\\/pexels-abby-chung-371167-1106468-scaled.jpg&quot;}],&quot;jet_parallax_layout_list&quot;:[],&quot;background_slideshow_loop&quot;:&quot;yes&quot;,&quot;background_slideshow_slide_duration&quot;:5000,&quot;background_slideshow_slide_transition&quot;:&quot;fade&quot;,&quot;background_slideshow_transition_duration&quot;:500}\">\n\t\t\t\t\t<div class=\"e-con-inner\">\n\t\t<div class=\"elementor-element elementor-element-8a9a0cd e-con-full e-flex e-con e-child\" data-id=\"8a9a0cd\" data-element_type=\"container\" data-settings=\"{&quot;jet_parallax_layout_list&quot;:[]}\">\n\t\t<div class=\"elementor-element elementor-element-afe356d e-flex e-con-boxed e-con e-child\" data-id=\"afe356d\" data-element_type=\"container\" data-settings=\"{&quot;jet_parallax_layout_list&quot;:[]}\">\n\t\t\t\t\t<div class=\"e-con-inner\">\n\t\t<div class=\"elementor-element elementor-element-d41fdd3 e-con-full e-flex e-con e-child\" data-id=\"d41fdd3\" data-element_type=\"container\" data-settings=\"{&quot;jet_parallax_layout_list&quot;:[]}\">\n\t\t\t\t<div class=\"elementor-element elementor-element-fa67a43 elementor-widget elementor-widget-text-editor\" data-id=\"fa67a43\" data-element_type=\"widget\" data-widget_type=\"text-editor.default\">\n\t\t\t\t\t\t\t\t\t<p>Bienvenidos a la\u00a0<\/p>\t\t\t\t\t\t\t\t<\/div>\n\t\t\t\t<div class=\"elementor-element elementor-element-5f21274 elementor-widget elementor-widget-heading\" data-id=\"5f21274\" data-element_type=\"widget\" data-widget_type=\"heading.default\">\n\t\t\t\t\t<h2 class=\"elementor-heading-title elementor-size-default\">BIBLIOTECA DE LA FCQ<\/h2>\t\t\t\t<\/div>\n\t\t\t\t<div class=\"elementor-element elementor-element-ee0f398 elementor-widget elementor-widget-text-editor\" data-id=\"ee0f398\" data-element_type=\"widget\" data-widget_type=\"text-editor.default\">\n\t\t\t\t\t\t\t\t\t<p>UNA<\/p>\t\t\t\t\t\t\t\t<\/div>\n\t\t\t\t<\/div>\n\t\t\t\t\t<\/div>\n\t\t\t\t<\/div>\n\t\t\t\t<\/div>\n\t\t\t\t\t<\/div>\n\t\t\t\t<\/div>\n\t\t<div class=\"elementor-element elementor-element-68b789c e-flex e-con-boxed e-con e-parent\" data-id=\"68b789c\" data-element_type=\"container\" data-settings=\"{&quot;jet_parallax_layout_list&quot;:[]}\">\n\t\t\t\t\t<div class=\"e-con-inner\">\n\t\t\t\t<div class=\"elementor-element elementor-element-95cfb46 elementor-widget elementor-widget-eael-breadcrumbs\" data-id=\"95cfb46\" data-element_type=\"widget\" data-widget_type=\"eael-breadcrumbs.default\">\n\t\t\t\t<div class=\"elementor-widget-container\">\n\t\t\t\t\t\t\t<div class=\"eael-breadcrumbs\">\n\t\t\t<div class=\"eael-breadcrumbs__content\"><a href=\"https:\/\/fcquna.edu.py\/v3\">Home<\/a> <span class=\"eael-breadcrumb-separator\">\/<\/span> <span class = \"eael-current\">Page<\/span><\/div>\t\t<\/div>\n\t\t\t\t\t\t<\/div>\n\t\t\t\t<\/div>\n\t\t\t\t\t<\/div>\n\t\t\t\t<\/div>\n\t\t<div class=\"elementor-element elementor-element-719cf4a e-flex e-con-boxed e-con e-parent\" data-id=\"719cf4a\" data-element_type=\"container\" data-settings=\"{&quot;jet_parallax_layout_list&quot;:[]}\">\n\t\t\t\t\t<div class=\"e-con-inner\">\n\t\t<div class=\"elementor-element elementor-element-23ca2b5 e-con-full e-flex e-con e-child\" data-id=\"23ca2b5\" data-element_type=\"container\" data-settings=\"{&quot;jet_parallax_layout_list&quot;:[]}\">\n\t\t\t\t<div class=\"elementor-element elementor-element-4c02ac5 elementor-widget elementor-widget-text-editor\" data-id=\"4c02ac5\" data-element_type=\"widget\" data-widget_type=\"text-editor.default\">\n\t\t\t\t\t\t\t\t\t<p>Conoce los servicios de la<\/p>\t\t\t\t\t\t\t\t<\/div>\n\t\t\t\t<div class=\"elementor-element elementor-element-ebb8b8e elementor-widget elementor-widget-heading\" data-id=\"ebb8b8e\" data-element_type=\"widget\" data-widget_type=\"heading.default\">\n\t\t\t\t\t<h2 class=\"elementor-heading-title elementor-size-default\">Biblioteca<\/h2>\t\t\t\t<\/div>\n\t\t\t\t<div class=\"elementor-element elementor-element-e8779f7 elementor-widget elementor-widget-text-editor\" data-id=\"e8779f7\" data-element_type=\"widget\" data-widget_type=\"text-editor.default\">\n\t\t\t\t\t\t\t\t\t<div class=\"elementor-element elementor-element-6f6e2a0 elementor-widget elementor-widget-text-editor\" data-id=\"6f6e2a0\" data-element_type=\"widget\" data-widget_type=\"text-editor.default\"><div class=\"elementor-widget-container\"><p><span style=\"font-weight: 400;\">La Biblioteca de la Facultad de Ciencias Qu\u00edmicas de la Universidad Nacional de Asunci\u00f3n es\u00a0ser un\u00a0<\/span><b>centro integral de recursos para apoyar el aprendizaje, la docencia, la investigaci\u00f3n y la gesti\u00f3n de la universidad<\/b><span style=\"font-weight: 400;\">, facilitando el acceso a la informaci\u00f3n, promoviendo la creaci\u00f3n de conocimiento, desarrollando competencias informacionales y sirviendo como un espacio vital para la comunidad acad\u00e9mica<\/span><\/p><p><strong>Objetivos<\/strong><\/p><p><span style=\"font-weight: 400;\">El objetivo primordial de la Biblioteca FCQ es\u00a0apoyar la misi\u00f3n de la docencia, investigaci\u00f3n, extensi\u00f3n, proporcionando acceso a informaci\u00f3n y recursos, desarrollando colecciones relevantes, fomentando la alfabetizaci\u00f3n informacional, creando espacios para el estudio y la colaboraci\u00f3n, y sirviendo como centro cultural y repositorio del conocimiento institucional para estudiantes, profesores e investigadores, para dicho efecto se debe:<\/span><\/p><ul><li style=\"font-weight: 400;\" aria-level=\"1\"><span style=\"font-weight: 400;\">Suministrar recursos bibliogr\u00e1ficos y documentales para planes de estudio, investigaci\u00f3n y gesti\u00f3n.<\/span><\/li><li style=\"font-weight: 400;\" aria-level=\"1\"><span style=\"font-weight: 400;\">Desarrollar cat\u00e1logos y bases de datos para facilitar la b\u00fasqueda de informaci\u00f3n.<\/span><\/li><li style=\"font-weight: 400;\" aria-level=\"1\"><span style=\"font-weight: 400;\">Mantener la infraestructura tecnol\u00f3gica para el acceso a la informaci\u00f3n.<\/span><\/li><li style=\"font-weight: 400;\" aria-level=\"1\"><span style=\"font-weight: 400;\">Asegurar la igualdad de oportunidades y el libre acceso a la informaci\u00f3n<\/span><span style=\"font-weight: 400;\">.\u00a0<\/span><\/li><\/ul><\/div><\/div>\t\t\t\t\t\t\t\t<\/div>\n\t\t\t\t<\/div>\n\t\t<div class=\"elementor-element elementor-element-025441e e-con-full e-flex e-con e-child\" data-id=\"025441e\" data-element_type=\"container\" data-settings=\"{&quot;jet_parallax_layout_list&quot;:[]}\">\n\t\t<div class=\"elementor-element elementor-element-0dd3bce e-grid e-con-full e-con e-child\" data-id=\"0dd3bce\" data-element_type=\"container\" data-settings=\"{&quot;jet_parallax_layout_list&quot;:[]}\">\n\t\t<div class=\"elementor-element elementor-element-1427263 e-con-full e-flex e-con e-child\" data-id=\"1427263\" data-element_type=\"container\" data-settings=\"{&quot;jet_parallax_layout_list&quot;:[]}\">\n\t\t\t\t<div class=\"elementor-element elementor-element-b8398b6 elementor-widget elementor-widget-image\" data-id=\"b8398b6\" data-element_type=\"widget\" data-widget_type=\"image.default\">\n\t\t\t\t\t\t\t\t\t\t\t\t\t\t\t<img fetchpriority=\"high\" decoding=\"async\" width=\"800\" height=\"534\" src=\"https:\/\/fcquna.edu.py\/v3\/wp-content\/uploads\/2026\/03\/pexels-abby-chung-371167-1106468-1024x684.jpg\" class=\"attachment-large size-large wp-image-54422\" alt=\"\" srcset=\"https:\/\/fcquna.edu.py\/v3\/wp-content\/uploads\/2026\/03\/pexels-abby-chung-371167-1106468-1024x684.jpg 1024w, https:\/\/fcquna.edu.py\/v3\/wp-content\/uploads\/2026\/03\/pexels-abby-chung-371167-1106468-300x200.jpg 300w, https:\/\/fcquna.edu.py\/v3\/wp-content\/uploads\/2026\/03\/pexels-abby-chung-371167-1106468-768x513.jpg 768w, https:\/\/fcquna.edu.py\/v3\/wp-content\/uploads\/2026\/03\/pexels-abby-chung-371167-1106468-1536x1025.jpg 1536w, https:\/\/fcquna.edu.py\/v3\/wp-content\/uploads\/2026\/03\/pexels-abby-chung-371167-1106468-2048x1367.jpg 2048w\" sizes=\"(max-width: 800px) 100vw, 800px\" \/>\t\t\t\t\t\t\t\t\t\t\t\t\t\t\t<\/div>\n\t\t\t\t<div class=\"elementor-element elementor-element-04ea82c elementor-widget elementor-widget-heading\" data-id=\"04ea82c\" data-element_type=\"widget\" data-widget_type=\"heading.default\">\n\t\t\t\t\t<h4 class=\"elementor-heading-title elementor-size-default\">Pr\u00e9stamo<\/h4>\t\t\t\t<\/div>\n\t\t\t\t<div class=\"elementor-element elementor-element-7bf1f7e elementor-widget elementor-widget-text-editor\" data-id=\"7bf1f7e\" data-element_type=\"widget\" data-widget_type=\"text-editor.default\">\n\t\t\t\t\t\t\t\t\t<p><span style=\"font-weight: 400;\">El pr\u00e9stamo bibliogr\u00e1fico consiste en retirar uno o varios materiales de la biblioteca, una persona, con el objetivo de hacer uso del libro con la obligaci\u00f3n de devolverlo antes del periodo de vencimiento del mismo.<\/span><\/p>\t\t\t\t\t\t\t\t<\/div>\n\t\t\t\t<\/div>\n\t\t<div class=\"elementor-element elementor-element-440cf26 e-con-full e-flex e-con e-child\" data-id=\"440cf26\" data-element_type=\"container\" data-settings=\"{&quot;jet_parallax_layout_list&quot;:[]}\">\n\t\t\t\t<div class=\"elementor-element elementor-element-dc67dbd elementor-widget elementor-widget-image\" data-id=\"dc67dbd\" data-element_type=\"widget\" data-widget_type=\"image.default\">\n\t\t\t\t\t\t\t\t\t\t\t\t\t\t\t<img fetchpriority=\"high\" decoding=\"async\" width=\"800\" height=\"534\" src=\"https:\/\/fcquna.edu.py\/v3\/wp-content\/uploads\/2026\/03\/pexels-abby-chung-371167-1106468-1024x684.jpg\" class=\"attachment-large size-large wp-image-54422\" alt=\"\" srcset=\"https:\/\/fcquna.edu.py\/v3\/wp-content\/uploads\/2026\/03\/pexels-abby-chung-371167-1106468-1024x684.jpg 1024w, https:\/\/fcquna.edu.py\/v3\/wp-content\/uploads\/2026\/03\/pexels-abby-chung-371167-1106468-300x200.jpg 300w, https:\/\/fcquna.edu.py\/v3\/wp-content\/uploads\/2026\/03\/pexels-abby-chung-371167-1106468-768x513.jpg 768w, https:\/\/fcquna.edu.py\/v3\/wp-content\/uploads\/2026\/03\/pexels-abby-chung-371167-1106468-1536x1025.jpg 1536w, https:\/\/fcquna.edu.py\/v3\/wp-content\/uploads\/2026\/03\/pexels-abby-chung-371167-1106468-2048x1367.jpg 2048w\" sizes=\"(max-width: 800px) 100vw, 800px\" \/>\t\t\t\t\t\t\t\t\t\t\t\t\t\t\t<\/div>\n\t\t\t\t<div class=\"elementor-element elementor-element-5d1a6ab elementor-widget elementor-widget-heading\" data-id=\"5d1a6ab\" data-element_type=\"widget\" data-widget_type=\"heading.default\">\n\t\t\t\t\t<h4 class=\"elementor-heading-title elementor-size-default\">Pr\u00e9stamo Interbibliotecario<\/h4>\t\t\t\t<\/div>\n\t\t\t\t<div class=\"elementor-element elementor-element-16ba623 elementor-widget elementor-widget-text-editor\" data-id=\"16ba623\" data-element_type=\"widget\" data-widget_type=\"text-editor.default\">\n\t\t\t\t\t\t\t\t\t<p><span style=\"font-weight: 400;\">Es donde una unidad acad\u00e9mica puede solicitar uno o varios materiales bibliogr\u00e1ficos a otra unidad acad\u00e9mica, con el objetivo de que los alumnos puedan utilizar, teniendo en cuenta el reglamento de la Biblioteca\u00a0\u00a0<\/span><\/p>\t\t\t\t\t\t\t\t<\/div>\n\t\t\t\t<\/div>\n\t\t<div class=\"elementor-element elementor-element-ae09edb e-con-full e-flex e-con e-child\" data-id=\"ae09edb\" data-element_type=\"container\" data-settings=\"{&quot;jet_parallax_layout_list&quot;:[]}\">\n\t\t\t\t<div class=\"elementor-element elementor-element-7a8cd6d elementor-widget elementor-widget-image\" data-id=\"7a8cd6d\" data-element_type=\"widget\" data-widget_type=\"image.default\">\n\t\t\t\t\t\t\t\t\t\t\t\t\t\t\t<img fetchpriority=\"high\" decoding=\"async\" width=\"800\" height=\"534\" src=\"https:\/\/fcquna.edu.py\/v3\/wp-content\/uploads\/2026\/03\/pexels-abby-chung-371167-1106468-1024x684.jpg\" class=\"attachment-large size-large wp-image-54422\" alt=\"\" srcset=\"https:\/\/fcquna.edu.py\/v3\/wp-content\/uploads\/2026\/03\/pexels-abby-chung-371167-1106468-1024x684.jpg 1024w, https:\/\/fcquna.edu.py\/v3\/wp-content\/uploads\/2026\/03\/pexels-abby-chung-371167-1106468-300x200.jpg 300w, https:\/\/fcquna.edu.py\/v3\/wp-content\/uploads\/2026\/03\/pexels-abby-chung-371167-1106468-768x513.jpg 768w, https:\/\/fcquna.edu.py\/v3\/wp-content\/uploads\/2026\/03\/pexels-abby-chung-371167-1106468-1536x1025.jpg 1536w, https:\/\/fcquna.edu.py\/v3\/wp-content\/uploads\/2026\/03\/pexels-abby-chung-371167-1106468-2048x1367.jpg 2048w\" sizes=\"(max-width: 800px) 100vw, 800px\" \/>\t\t\t\t\t\t\t\t\t\t\t\t\t\t\t<\/div>\n\t\t\t\t<div class=\"elementor-element elementor-element-0159b50 elementor-widget elementor-widget-heading\" data-id=\"0159b50\" data-element_type=\"widget\" data-widget_type=\"heading.default\">\n\t\t\t\t\t<h4 class=\"elementor-heading-title elementor-size-default\">Pr\u00e9stamo Interbibliotecario<\/h4>\t\t\t\t<\/div>\n\t\t\t\t<div class=\"elementor-element elementor-element-1eecf01 elementor-widget elementor-widget-text-editor\" data-id=\"1eecf01\" data-element_type=\"widget\" data-widget_type=\"text-editor.default\">\n\t\t\t\t\t\t\t\t\t<p><span style=\"font-weight: 400;\">Satisfacer la demanda de informaci\u00f3n, a trav\u00e9s de materiales que se encuentran dentro de la colecci\u00f3n de las bibliotecas de la UNA.<\/span><\/p>\t\t\t\t\t\t\t\t<\/div>\n\t\t\t\t<\/div>\n\t\t<div class=\"elementor-element elementor-element-7ae7e7b e-con-full e-flex e-con e-child\" data-id=\"7ae7e7b\" data-element_type=\"container\" data-settings=\"{&quot;jet_parallax_layout_list&quot;:[]}\">\n\t\t\t\t<div class=\"elementor-element elementor-element-2d0f87d elementor-widget elementor-widget-image\" data-id=\"2d0f87d\" data-element_type=\"widget\" data-widget_type=\"image.default\">\n\t\t\t\t\t\t\t\t\t\t\t\t\t\t\t<img fetchpriority=\"high\" decoding=\"async\" width=\"800\" height=\"534\" src=\"https:\/\/fcquna.edu.py\/v3\/wp-content\/uploads\/2026\/03\/pexels-abby-chung-371167-1106468-1024x684.jpg\" class=\"attachment-large size-large wp-image-54422\" alt=\"\" srcset=\"https:\/\/fcquna.edu.py\/v3\/wp-content\/uploads\/2026\/03\/pexels-abby-chung-371167-1106468-1024x684.jpg 1024w, https:\/\/fcquna.edu.py\/v3\/wp-content\/uploads\/2026\/03\/pexels-abby-chung-371167-1106468-300x200.jpg 300w, https:\/\/fcquna.edu.py\/v3\/wp-content\/uploads\/2026\/03\/pexels-abby-chung-371167-1106468-768x513.jpg 768w, https:\/\/fcquna.edu.py\/v3\/wp-content\/uploads\/2026\/03\/pexels-abby-chung-371167-1106468-1536x1025.jpg 1536w, https:\/\/fcquna.edu.py\/v3\/wp-content\/uploads\/2026\/03\/pexels-abby-chung-371167-1106468-2048x1367.jpg 2048w\" sizes=\"(max-width: 800px) 100vw, 800px\" \/>\t\t\t\t\t\t\t\t\t\t\t\t\t\t\t<\/div>\n\t\t\t\t<div class=\"elementor-element elementor-element-eb0d3bd elementor-widget elementor-widget-heading\" data-id=\"eb0d3bd\" data-element_type=\"widget\" data-widget_type=\"heading.default\">\n\t\t\t\t\t<h4 class=\"elementor-heading-title elementor-size-default\">Referencia<\/h4>\t\t\t\t<\/div>\n\t\t\t\t<div class=\"elementor-element elementor-element-8ffdea8 elementor-widget elementor-widget-text-editor\" data-id=\"8ffdea8\" data-element_type=\"widget\" data-widget_type=\"text-editor.default\">\n\t\t\t\t\t\t\t\t\t<p><span style=\"font-weight: 400;\">Proveer respuestas inmediatas a preguntas simples y espec\u00edficas utilizando fuentes como diccionarios, enciclopedias, anuarios, etc.<\/span><\/p>\t\t\t\t\t\t\t\t<\/div>\n\t\t\t\t<\/div>\n\t\t<div class=\"elementor-element elementor-element-0affb4c e-con-full e-flex e-con e-child\" data-id=\"0affb4c\" data-element_type=\"container\" data-settings=\"{&quot;jet_parallax_layout_list&quot;:[]}\">\n\t\t\t\t<div class=\"elementor-element elementor-element-d610f9b elementor-widget elementor-widget-image\" data-id=\"d610f9b\" data-element_type=\"widget\" data-widget_type=\"image.default\">\n\t\t\t\t\t\t\t\t\t\t\t\t\t\t\t<img fetchpriority=\"high\" decoding=\"async\" width=\"800\" height=\"534\" src=\"https:\/\/fcquna.edu.py\/v3\/wp-content\/uploads\/2026\/03\/pexels-abby-chung-371167-1106468-1024x684.jpg\" class=\"attachment-large size-large wp-image-54422\" alt=\"\" srcset=\"https:\/\/fcquna.edu.py\/v3\/wp-content\/uploads\/2026\/03\/pexels-abby-chung-371167-1106468-1024x684.jpg 1024w, https:\/\/fcquna.edu.py\/v3\/wp-content\/uploads\/2026\/03\/pexels-abby-chung-371167-1106468-300x200.jpg 300w, https:\/\/fcquna.edu.py\/v3\/wp-content\/uploads\/2026\/03\/pexels-abby-chung-371167-1106468-768x513.jpg 768w, https:\/\/fcquna.edu.py\/v3\/wp-content\/uploads\/2026\/03\/pexels-abby-chung-371167-1106468-1536x1025.jpg 1536w, https:\/\/fcquna.edu.py\/v3\/wp-content\/uploads\/2026\/03\/pexels-abby-chung-371167-1106468-2048x1367.jpg 2048w\" sizes=\"(max-width: 800px) 100vw, 800px\" \/>\t\t\t\t\t\t\t\t\t\t\t\t\t\t\t<\/div>\n\t\t\t\t<div class=\"elementor-element elementor-element-ada4aa1 elementor-widget elementor-widget-heading\" data-id=\"ada4aa1\" data-element_type=\"widget\" data-widget_type=\"heading.default\">\n\t\t\t\t\t<h4 class=\"elementor-heading-title elementor-size-default\">Diseminaci\u00f3n Selectiva de la Informaci\u00f3n (DSI)<\/h4>\t\t\t\t<\/div>\n\t\t\t\t<div class=\"elementor-element elementor-element-6eb0a49 elementor-widget elementor-widget-text-editor\" data-id=\"6eb0a49\" data-element_type=\"widget\" data-widget_type=\"text-editor.default\">\n\t\t\t\t\t\t\t\t\t<p><span style=\"font-weight: 400;\">Distribuci\u00f3n parcial de la informaci\u00f3n preparada de acuerdo a cada necesidad, ofrecida a docentes, t\u00e9cnicos e investigadores de nuestra casa de estudio.<\/span><\/p>\t\t\t\t\t\t\t\t<\/div>\n\t\t\t\t<\/div>\n\t\t<div class=\"elementor-element elementor-element-5b823d5 e-con-full e-flex e-con e-child\" data-id=\"5b823d5\" data-element_type=\"container\" data-settings=\"{&quot;jet_parallax_layout_list&quot;:[]}\">\n\t\t\t\t<div class=\"elementor-element elementor-element-31dc93b elementor-widget elementor-widget-image\" data-id=\"31dc93b\" data-element_type=\"widget\" data-widget_type=\"image.default\">\n\t\t\t\t\t\t\t\t\t\t\t\t\t\t\t<img fetchpriority=\"high\" decoding=\"async\" width=\"800\" height=\"534\" src=\"https:\/\/fcquna.edu.py\/v3\/wp-content\/uploads\/2026\/03\/pexels-abby-chung-371167-1106468-1024x684.jpg\" class=\"attachment-large size-large wp-image-54422\" alt=\"\" srcset=\"https:\/\/fcquna.edu.py\/v3\/wp-content\/uploads\/2026\/03\/pexels-abby-chung-371167-1106468-1024x684.jpg 1024w, https:\/\/fcquna.edu.py\/v3\/wp-content\/uploads\/2026\/03\/pexels-abby-chung-371167-1106468-300x200.jpg 300w, https:\/\/fcquna.edu.py\/v3\/wp-content\/uploads\/2026\/03\/pexels-abby-chung-371167-1106468-768x513.jpg 768w, https:\/\/fcquna.edu.py\/v3\/wp-content\/uploads\/2026\/03\/pexels-abby-chung-371167-1106468-1536x1025.jpg 1536w, https:\/\/fcquna.edu.py\/v3\/wp-content\/uploads\/2026\/03\/pexels-abby-chung-371167-1106468-2048x1367.jpg 2048w\" sizes=\"(max-width: 800px) 100vw, 800px\" \/>\t\t\t\t\t\t\t\t\t\t\t\t\t\t\t<\/div>\n\t\t\t\t<div class=\"elementor-element elementor-element-78497e4 elementor-widget elementor-widget-heading\" data-id=\"78497e4\" data-element_type=\"widget\" data-widget_type=\"heading.default\">\n\t\t\t\t\t<h4 class=\"elementor-heading-title elementor-size-default\">Acceso a Base de Datos<\/h4>\t\t\t\t<\/div>\n\t\t\t\t<div class=\"elementor-element elementor-element-c101df2 elementor-widget elementor-widget-text-editor\" data-id=\"c101df2\" data-element_type=\"widget\" data-widget_type=\"text-editor.default\">\n\t\t\t\t\t\t\t\t\t<p>La b\u00fasqueda en el cat\u00e1logo automatizado, permite la b\u00fasqueda efectiva de la informaci\u00f3n para lo cual se dispone el Sistema Gerenciador para Biblioteca (SGB).<\/p>\t\t\t\t\t\t\t\t<\/div>\n\t\t\t\t<\/div>\n\t\t<div class=\"elementor-element elementor-element-e4b5cb2 e-con-full e-flex e-con e-child\" data-id=\"e4b5cb2\" data-element_type=\"container\" data-settings=\"{&quot;jet_parallax_layout_list&quot;:[]}\">\n\t\t\t\t<div class=\"elementor-element elementor-element-a507e16 elementor-widget elementor-widget-image\" data-id=\"a507e16\" data-element_type=\"widget\" data-widget_type=\"image.default\">\n\t\t\t\t\t\t\t\t\t\t\t\t\t\t\t<img fetchpriority=\"high\" decoding=\"async\" width=\"800\" height=\"534\" src=\"https:\/\/fcquna.edu.py\/v3\/wp-content\/uploads\/2026\/03\/pexels-abby-chung-371167-1106468-1024x684.jpg\" class=\"attachment-large size-large wp-image-54422\" alt=\"\" srcset=\"https:\/\/fcquna.edu.py\/v3\/wp-content\/uploads\/2026\/03\/pexels-abby-chung-371167-1106468-1024x684.jpg 1024w, https:\/\/fcquna.edu.py\/v3\/wp-content\/uploads\/2026\/03\/pexels-abby-chung-371167-1106468-300x200.jpg 300w, https:\/\/fcquna.edu.py\/v3\/wp-content\/uploads\/2026\/03\/pexels-abby-chung-371167-1106468-768x513.jpg 768w, https:\/\/fcquna.edu.py\/v3\/wp-content\/uploads\/2026\/03\/pexels-abby-chung-371167-1106468-1536x1025.jpg 1536w, https:\/\/fcquna.edu.py\/v3\/wp-content\/uploads\/2026\/03\/pexels-abby-chung-371167-1106468-2048x1367.jpg 2048w\" sizes=\"(max-width: 800px) 100vw, 800px\" \/>\t\t\t\t\t\t\t\t\t\t\t\t\t\t\t<\/div>\n\t\t\t\t<div class=\"elementor-element elementor-element-9e3d74b elementor-widget elementor-widget-heading\" data-id=\"9e3d74b\" data-element_type=\"widget\" data-widget_type=\"heading.default\">\n\t\t\t\t\t<h4 class=\"elementor-heading-title elementor-size-default\">Internet<\/h4>\t\t\t\t<\/div>\n\t\t\t\t<div class=\"elementor-element elementor-element-b771387 elementor-widget elementor-widget-text-editor\" data-id=\"b771387\" data-element_type=\"widget\" data-widget_type=\"text-editor.default\">\n\t\t\t\t\t\t\t\t\t<p><span style=\"font-weight: 400;\">Acceso a la red de redes sin costo alguno, para los socios de la Biblioteca.<\/span><\/p>\t\t\t\t\t\t\t\t<\/div>\n\t\t\t\t<\/div>\n\t\t<div class=\"elementor-element elementor-element-1500ea1 e-con-full e-flex e-con e-child\" data-id=\"1500ea1\" data-element_type=\"container\" data-settings=\"{&quot;jet_parallax_layout_list&quot;:[]}\">\n\t\t\t\t<div class=\"elementor-element elementor-element-e8b6e8b elementor-widget elementor-widget-image\" data-id=\"e8b6e8b\" data-element_type=\"widget\" data-widget_type=\"image.default\">\n\t\t\t\t\t\t\t\t\t\t\t\t\t\t\t<img fetchpriority=\"high\" decoding=\"async\" width=\"800\" height=\"534\" src=\"https:\/\/fcquna.edu.py\/v3\/wp-content\/uploads\/2026\/03\/pexels-abby-chung-371167-1106468-1024x684.jpg\" class=\"attachment-large size-large wp-image-54422\" alt=\"\" srcset=\"https:\/\/fcquna.edu.py\/v3\/wp-content\/uploads\/2026\/03\/pexels-abby-chung-371167-1106468-1024x684.jpg 1024w, https:\/\/fcquna.edu.py\/v3\/wp-content\/uploads\/2026\/03\/pexels-abby-chung-371167-1106468-300x200.jpg 300w, https:\/\/fcquna.edu.py\/v3\/wp-content\/uploads\/2026\/03\/pexels-abby-chung-371167-1106468-768x513.jpg 768w, https:\/\/fcquna.edu.py\/v3\/wp-content\/uploads\/2026\/03\/pexels-abby-chung-371167-1106468-1536x1025.jpg 1536w, https:\/\/fcquna.edu.py\/v3\/wp-content\/uploads\/2026\/03\/pexels-abby-chung-371167-1106468-2048x1367.jpg 2048w\" sizes=\"(max-width: 800px) 100vw, 800px\" \/>\t\t\t\t\t\t\t\t\t\t\t\t\t\t\t<\/div>\n\t\t\t\t<div class=\"elementor-element elementor-element-e85f87d elementor-widget elementor-widget-heading\" data-id=\"e85f87d\" data-element_type=\"widget\" data-widget_type=\"heading.default\">\n\t\t\t\t\t<h4 class=\"elementor-heading-title elementor-size-default\">Educaci\u00f3n de usuarios<\/h4>\t\t\t\t<\/div>\n\t\t\t\t<div class=\"elementor-element elementor-element-002e1c0 elementor-widget elementor-widget-text-editor\" data-id=\"002e1c0\" data-element_type=\"widget\" data-widget_type=\"text-editor.default\">\n\t\t\t\t\t\t\t\t\t<p><span style=\"font-weight: 400;\">Charlas sobre el funcionamiento de la Biblioteca, las colecciones y los servicios que ofrece, para mejor aprovechamiento de los recursos.<\/span><\/p>\t\t\t\t\t\t\t\t<\/div>\n\t\t\t\t<\/div>\n\t\t\t\t<\/div>\n\t\t\t\t<\/div>\n\t\t\t\t\t<\/div>\n\t\t\t\t<\/div>\n\t\t<div class=\"elementor-element elementor-element-6683d52 e-flex e-con-boxed e-con e-parent\" data-id=\"6683d52\" data-element_type=\"container\" data-settings=\"{&quot;jet_parallax_layout_list&quot;:[]}\">\n\t\t\t\t\t<div class=\"e-con-inner\">\n\t\t\t\t<div class=\"elementor-element elementor-element-d11359d elementor-widget elementor-widget-spacer\" data-id=\"d11359d\" data-element_type=\"widget\" data-widget_type=\"spacer.default\">\n\t\t\t\t\t\t\t<div class=\"elementor-spacer\">\n\t\t\t<div class=\"elementor-spacer-inner\"><\/div>\n\t\t<\/div>\n\t\t\t\t\t\t<\/div>\n\t\t\t\t\t<\/div>\n\t\t\t\t<\/div>\n\t\t\t\t<\/div>\n\t\t","protected":false},"excerpt":{"rendered":"<p>Bienvenidos a la\u00a0 BIBLIOTECA DE LA FCQ UNA Home \/ Page Conoce los servicios de la Biblioteca La Biblioteca de la Facultad de Ciencias Qu\u00edmicas de la Universidad Nacional de Asunci\u00f3n es\u00a0ser un\u00a0centro integral de recursos para apoyar el aprendizaje, la docencia, la investigaci\u00f3n y la gesti\u00f3n de la universidad, facilitando el acceso a la [&hellip;]<\/p>\n","protected":false},"author":2,"featured_media":45887,"parent":54417,"menu_order":0,"comment_status":"closed","ping_status":"closed","template":"elementor_header_footer","meta":{"footnotes":""},"class_list":["post-54471","page","type-page","status-publish","has-post-thumbnail","hentry"],"_links":{"self":[{"href":"https:\/\/fcquna.edu.py\/v3\/wp-json\/wp\/v2\/pages\/54471","targetHints":{"allow":["GET"]}}],"collection":[{"href":"https:\/\/fcquna.edu.py\/v3\/wp-json\/wp\/v2\/pages"}],"about":[{"href":"https:\/\/fcquna.edu.py\/v3\/wp-json\/wp\/v2\/types\/page"}],"author":[{"embeddable":true,"href":"https:\/\/fcquna.edu.py\/v3\/wp-json\/wp\/v2\/users\/2"}],"replies":[{"embeddable":true,"href":"https:\/\/fcquna.edu.py\/v3\/wp-json\/wp\/v2\/comments?post=54471"}],"version-history":[{"count":25,"href":"https:\/\/fcquna.edu.py\/v3\/wp-json\/wp\/v2\/pages\/54471\/revisions"}],"predecessor-version":[{"id":56226,"href":"https:\/\/fcquna.edu.py\/v3\/wp-json\/wp\/v2\/pages\/54471\/revisions\/56226"}],"up":[{"embeddable":true,"href":"https:\/\/fcquna.edu.py\/v3\/wp-json\/wp\/v2\/pages\/54417"}],"wp:featuredmedia":[{"embeddable":true,"href":"https:\/\/fcquna.edu.py\/v3\/wp-json\/wp\/v2\/media\/45887"}],"wp:attachment":[{"href":"https:\/\/fcquna.edu.py\/v3\/wp-json\/wp\/v2\/media?parent=54471"}],"curies":[{"name":"wp","href":"https:\/\/api.w.org\/{rel}","templated":true}]}}