{"id":54292,"date":"2026-03-13T15:56:38","date_gmt":"2026-03-13T15:56:38","guid":{"rendered":"https:\/\/fcquna.edu.py\/v3\/?page_id=54292"},"modified":"2026-03-13T16:07:07","modified_gmt":"2026-03-13T16:07:07","slug":"tei-resoluciones","status":"publish","type":"page","link":"https:\/\/fcquna.edu.py\/v3\/tei\/tei-resoluciones\/","title":{"rendered":"TEI &#8211; Resoluciones"},"content":{"rendered":"\t\t<div data-elementor-type=\"wp-page\" data-elementor-id=\"54292\" class=\"elementor elementor-54292\" data-elementor-post-type=\"page\">\n\t\t\t\t<div class=\"elementor-element elementor-element-efa20e7 e-flex e-con-boxed e-con e-parent\" data-id=\"efa20e7\" data-element_type=\"container\" data-settings=\"{&quot;jet_parallax_layout_list&quot;:[]}\">\n\t\t\t\t\t<div class=\"e-con-inner\">\n\t\t\t\t<div class=\"elementor-element elementor-element-a32b1ca elementor-widget elementor-widget-eael-breadcrumbs\" data-id=\"a32b1ca\" data-element_type=\"widget\" data-widget_type=\"eael-breadcrumbs.default\">\n\t\t\t\t<div class=\"elementor-widget-container\">\n\t\t\t\t\t\t\t<div class=\"eael-breadcrumbs\">\n\t\t\t<div class=\"eael-breadcrumbs__content\"><a href=\"https:\/\/fcquna.edu.py\/v3\">Home<\/a> <span class=\"eael-breadcrumb-separator\">\/<\/span> <span class = \"eael-current\">Page<\/span><\/div>\t\t<\/div>\n\t\t\t\t\t\t<\/div>\n\t\t\t\t<\/div>\n\t\t\t\t\t<\/div>\n\t\t\t\t<\/div>\n\t\t<div class=\"elementor-element elementor-element-673fc57 e-flex e-con-boxed e-con e-parent\" data-id=\"673fc57\" data-element_type=\"container\" data-settings=\"{&quot;jet_parallax_layout_list&quot;:[]}\">\n\t\t\t\t\t<div class=\"e-con-inner\">\n\t\t\t\t<div class=\"elementor-element elementor-element-c7d7014 elementor-widget elementor-widget-spacer\" data-id=\"c7d7014\" data-element_type=\"widget\" data-widget_type=\"spacer.default\">\n\t\t\t\t\t\t\t<div class=\"elementor-spacer\">\n\t\t\t<div class=\"elementor-spacer-inner\"><\/div>\n\t\t<\/div>\n\t\t\t\t\t\t<\/div>\n\t\t\t\t<div class=\"elementor-element elementor-element-dfa03e6 elementor-widget elementor-widget-heading\" data-id=\"dfa03e6\" data-element_type=\"widget\" data-widget_type=\"heading.default\">\n\t\t\t\t\t<h2 class=\"elementor-heading-title elementor-size-default\">TEI - Resoluciones<\/h2>\t\t\t\t<\/div>\n\t\t\t\t<div class=\"elementor-element elementor-element-566d81e elementor-widget elementor-widget-spacer\" data-id=\"566d81e\" data-element_type=\"widget\" data-widget_type=\"spacer.default\">\n\t\t\t\t\t\t\t<div class=\"elementor-spacer\">\n\t\t\t<div class=\"elementor-spacer-inner\"><\/div>\n\t\t<\/div>\n\t\t\t\t\t\t<\/div>\n\t\t\t\t<div class=\"elementor-element elementor-element-8405c57 elementor-widget elementor-widget-text-editor\" data-id=\"8405c57\" data-element_type=\"widget\" data-widget_type=\"text-editor.default\">\n\t\t\t\t\t\t\t\t\t<table width=\"100%\" cellpadding=\"5\">\n  <tbody>\n    <tr>\n      <td>16\/04\/2024<\/td>\n      <td>Resoluci\u00f3n N\u00ba<\/td>\n      <td>&ldquo;POR LA CUAL SE APRUEBAN LAS CANDIDATURAS PARA RECTOR Y VICERRECTOR DE  LA UNIVERSIDAD NACIONAL DE ASUNCI\u00d3N PARA EL PERIODO 2024-2029 Y SE  ORDENA LA PUBLICACI\u00d3N DE LA PRESENTE RESOLUCI\u00d3N&rdquo;<\/td>\n      <td><button>Bajar Resoluci\u00f3n<\/button><\/td>\n    <\/tr>\n    <tr>\n      <td>&nbsp;<\/td>\n      <td>&nbsp;<\/td>\n      <td>&nbsp;<\/td>\n      <td>&nbsp;<\/td>\n    <\/tr>\n    <tr>\n      <td>&nbsp;<\/td>\n      <td>&nbsp;<\/td>\n      <td>&nbsp;<\/td>\n      <td>&nbsp;<\/td>\n    <\/tr>\n    <tr>\n      <td>&nbsp;<\/td>\n      <td>&nbsp;<\/td>\n      <td>&nbsp;<\/td>\n      <td>&nbsp;<\/td>\n    <\/tr>\n    <tr>\n      <td>&nbsp;<\/td>\n      <td>&nbsp;<\/td>\n      <td>&nbsp;<\/td>\n      <td>&nbsp;<\/td>\n    <\/tr>\n  <\/tbody>\n<\/table>\t\t\t\t\t\t\t\t<\/div>\n\t\t\t\t\t<\/div>\n\t\t\t\t<\/div>\n\t\t\t\t<\/div>\n\t\t","protected":false},"excerpt":{"rendered":"<p>Home \/ Page TEI &#8211; Resoluciones 16\/04\/2024 Resoluci\u00f3n N\u00ba &ldquo;POR LA CUAL SE APRUEBAN LAS CANDIDATURAS PARA RECTOR Y VICERRECTOR DE LA UNIVERSIDAD NACIONAL DE ASUNCI\u00d3N PARA EL PERIODO 2024-2029 Y SE ORDENA LA PUBLICACI\u00d3N DE LA PRESENTE RESOLUCI\u00d3N&rdquo; Bajar Resoluci\u00f3n &nbsp; &nbsp; &nbsp; &nbsp; &nbsp; &nbsp; &nbsp; &nbsp; &nbsp; &nbsp; &nbsp; &nbsp; &nbsp; &nbsp; [&hellip;]<\/p>\n","protected":false},"author":2,"featured_media":0,"parent":54183,"menu_order":0,"comment_status":"closed","ping_status":"closed","template":"elementor_header_footer","meta":{"footnotes":""},"class_list":["post-54292","page","type-page","status-publish","hentry"],"_links":{"self":[{"href":"https:\/\/fcquna.edu.py\/v3\/wp-json\/wp\/v2\/pages\/54292","targetHints":{"allow":["GET"]}}],"collection":[{"href":"https:\/\/fcquna.edu.py\/v3\/wp-json\/wp\/v2\/pages"}],"about":[{"href":"https:\/\/fcquna.edu.py\/v3\/wp-json\/wp\/v2\/types\/page"}],"author":[{"embeddable":true,"href":"https:\/\/fcquna.edu.py\/v3\/wp-json\/wp\/v2\/users\/2"}],"replies":[{"embeddable":true,"href":"https:\/\/fcquna.edu.py\/v3\/wp-json\/wp\/v2\/comments?post=54292"}],"version-history":[{"count":7,"href":"https:\/\/fcquna.edu.py\/v3\/wp-json\/wp\/v2\/pages\/54292\/revisions"}],"predecessor-version":[{"id":54301,"href":"https:\/\/fcquna.edu.py\/v3\/wp-json\/wp\/v2\/pages\/54292\/revisions\/54301"}],"up":[{"embeddable":true,"href":"https:\/\/fcquna.edu.py\/v3\/wp-json\/wp\/v2\/pages\/54183"}],"wp:attachment":[{"href":"https:\/\/fcquna.edu.py\/v3\/wp-json\/wp\/v2\/media?parent=54292"}],"curies":[{"name":"wp","href":"https:\/\/api.w.org\/{rel}","templated":true}]}}