{"id":54265,"date":"2026-03-13T15:35:21","date_gmt":"2026-03-13T15:35:21","guid":{"rendered":"https:\/\/fcquna.edu.py\/v3\/?page_id=54265"},"modified":"2026-03-13T15:54:14","modified_gmt":"2026-03-13T15:54:14","slug":"calendario-electoral","status":"publish","type":"page","link":"https:\/\/fcquna.edu.py\/v3\/tei\/calendario-electoral\/","title":{"rendered":"Calendario Electoral"},"content":{"rendered":"\t\t<div data-elementor-type=\"wp-page\" data-elementor-id=\"54265\" class=\"elementor elementor-54265\" data-elementor-post-type=\"page\">\n\t\t\t\t<div class=\"elementor-element elementor-element-9891bbb e-flex e-con-boxed e-con e-parent\" data-id=\"9891bbb\" data-element_type=\"container\" data-settings=\"{&quot;jet_parallax_layout_list&quot;:[]}\">\n\t\t\t\t\t<div class=\"e-con-inner\">\n\t\t\t\t<div class=\"elementor-element elementor-element-cdd42f9 elementor-widget elementor-widget-eael-breadcrumbs\" data-id=\"cdd42f9\" data-element_type=\"widget\" data-widget_type=\"eael-breadcrumbs.default\">\n\t\t\t\t<div class=\"elementor-widget-container\">\n\t\t\t\t\t\t\t<div class=\"eael-breadcrumbs\">\n\t\t\t<div class=\"eael-breadcrumbs__content\"><a href=\"https:\/\/fcquna.edu.py\/v3\">Home<\/a> <span class=\"eael-breadcrumb-separator\">\/<\/span> <span class = \"eael-current\">Page<\/span><\/div>\t\t<\/div>\n\t\t\t\t\t\t<\/div>\n\t\t\t\t<\/div>\n\t\t\t\t\t<\/div>\n\t\t\t\t<\/div>\n\t\t<div class=\"elementor-element elementor-element-a39f3dd e-flex e-con-boxed e-con e-parent\" data-id=\"a39f3dd\" data-element_type=\"container\" data-settings=\"{&quot;jet_parallax_layout_list&quot;:[]}\">\n\t\t\t\t\t<div class=\"e-con-inner\">\n\t\t\t\t<div class=\"elementor-element elementor-element-a6970a3 elementor-widget elementor-widget-spacer\" data-id=\"a6970a3\" data-element_type=\"widget\" data-widget_type=\"spacer.default\">\n\t\t\t\t\t\t\t<div class=\"elementor-spacer\">\n\t\t\t<div class=\"elementor-spacer-inner\"><\/div>\n\t\t<\/div>\n\t\t\t\t\t\t<\/div>\n\t\t\t\t<div class=\"elementor-element elementor-element-066e4f6 elementor-widget elementor-widget-heading\" data-id=\"066e4f6\" data-element_type=\"widget\" data-widget_type=\"heading.default\">\n\t\t\t\t\t<h2 class=\"elementor-heading-title elementor-size-default\">Calendario Electoral<\/h2>\t\t\t\t<\/div>\n\t\t\t\t<div class=\"elementor-element elementor-element-fcd69f5 elementor-widget elementor-widget-text-editor\" data-id=\"fcd69f5\" data-element_type=\"widget\" data-widget_type=\"text-editor.default\">\n\t\t\t\t\t\t\t\t\t<table id=\"footable_323\" class=\"foo-table ninja_footable foo_table_323 ninja_table_unique_id_1721293746_323 ui table nt_type_ajax_table selectable striped vertical_centered footable-paging-right ninja_table_search_disabled footable footable-1 breakpoint-lg\" data-ninja_table_instance=\"ninja_table_instance_0\" data-footable_id=\"323\" data-filter-delay=\"1000\" aria-label=\"CalendarioElectoral\" data-unique_identifier=\"ninja_table_unique_id_1721293746_323\"><thead><tr class=\"footable-header\"><th class=\"ninja_column_0 ninja_clmn_nm_actividades footable-first-visible\" scope=\"col\">Actividades<\/th><th class=\"ninja_column_1 ninja_clmn_nm_plazos footable-last-visible\" scope=\"col\">Plazos<\/th><\/tr><\/thead><colgroup> <col class=\"ninja_column_0 \" \/> <col class=\"ninja_column_1 \" \/> <\/colgroup><tbody><tr class=\"ninja_table_row_0 nt_row_id_1\"><td class=\"ninja_column_0 ninja_clmn_nm_actividades footable-first-visible\">a) Calendarizaci\u00f3n de las elecciones.<\/td><td class=\"ninja_column_1 ninja_clmn_nm_plazos footable-last-visible\">El d\u00eda viernes 8 de marzo de 2024<\/td><\/tr><tr class=\"ninja_table_row_1 nt_row_id_2\"><td class=\"ninja_column_0 ninja_clmn_nm_actividades footable-first-visible\">b) Recepci\u00f3n del prepadr\u00f3n por el TEI ad hoc, enviado por la Secretar\u00eda General de la UNA.<\/td><td class=\"ninja_column_1 ninja_clmn_nm_plazos footable-last-visible\">El d\u00eda lunes 11 de marzo de 2024<\/td><\/tr><tr class=\"ninja_table_row_2 nt_row_id_3\"><td class=\"ninja_column_0 ninja_clmn_nm_actividades footable-first-visible\">c) Publicaci\u00f3n del prepadr\u00f3n.<\/td><td class=\"ninja_column_1 ninja_clmn_nm_plazos footable-last-visible\">El d\u00eda martes 12 al jueves 14 de marzo de 2024<\/td><\/tr><tr class=\"ninja_table_row_3 nt_row_id_4\"><td class=\"ninja_column_0 ninja_clmn_nm_actividades footable-first-visible\">d) Recepci\u00f3n de tachas o reclamos al prepadr\u00f3n.<\/td><td class=\"ninja_column_1 ninja_clmn_nm_plazos footable-last-visible\">Los d\u00edas viernes 15 y lunes 18 de marzo de 2024<\/td><\/tr><tr class=\"ninja_table_row_4 nt_row_id_5\"><td class=\"ninja_column_0 ninja_clmn_nm_actividades footable-first-visible\">e) Notificaci\u00f3n a los afectados por las tachas presentadas.<\/td><td class=\"ninja_column_1 ninja_clmn_nm_plazos footable-last-visible\">El d\u00eda martes 19 de marzo de 2024<\/td><\/tr><tr class=\"ninja_table_row_5 nt_row_id_6\"><td class=\"ninja_column_0 ninja_clmn_nm_actividades footable-first-visible\">f) Contestaci\u00f3n de los afectados por tachas o reclamos.<\/td><td class=\"ninja_column_1 ninja_clmn_nm_plazos footable-last-visible\">Los d\u00edas mi\u00e9rcoles 20 y jueves 21 de marzo de 2024<\/td><\/tr><tr class=\"ninja_table_row_6 nt_row_id_7\"><td class=\"ninja_column_0 ninja_clmn_nm_actividades footable-first-visible\">g) Resoluci\u00f3n de tachas o reclamos presentados y oficializaci\u00f3n del padr\u00f3n definitivo.<\/td><td class=\"ninja_column_1 ninja_clmn_nm_plazos footable-last-visible\">El d\u00eda viernes 22 de marzo de 2024<\/td><\/tr><tr class=\"ninja_table_row_7 nt_row_id_8\"><td class=\"ninja_column_0 ninja_clmn_nm_actividades footable-first-visible\">h) Publicaci\u00f3n y exhibici\u00f3n del padr\u00f3n definitivo de electores.<\/td><td class=\"ninja_column_1 ninja_clmn_nm_plazos footable-last-visible\">El d\u00eda lunes 25 de marzo de 2024<\/td><\/tr><tr class=\"ninja_table_row_8 nt_row_id_9\"><td class=\"ninja_column_0 ninja_clmn_nm_actividades footable-first-visible\">i) Presentaci\u00f3n de candidaturas a Rector y a Vicerrector al TEI ad hoc.<\/td><td class=\"ninja_column_1 ninja_clmn_nm_plazos footable-last-visible\">El d\u00eda martes 26 de marzo de 2024<\/td><\/tr><tr class=\"ninja_table_row_9 nt_row_id_10\"><td class=\"ninja_column_0 ninja_clmn_nm_actividades footable-first-visible\">j) Publicaci\u00f3n de candidaturas.<\/td><td class=\"ninja_column_1 ninja_clmn_nm_plazos footable-last-visible\">Los d\u00edas mi\u00e9rcoles 27 y lunes 1 de abril de 2024<\/td><\/tr><tr class=\"ninja_table_row_10 nt_row_id_11\"><td class=\"ninja_column_0 ninja_clmn_nm_actividades footable-first-visible\">k) Recepci\u00f3n de impugnaciones a las candidaturas.<\/td><td class=\"ninja_column_1 ninja_clmn_nm_plazos footable-last-visible\">El d\u00eda martes 2 de abril de 2024<\/td><\/tr><tr class=\"ninja_table_row_11 nt_row_id_12\"><td class=\"ninja_column_0 ninja_clmn_nm_actividades footable-first-visible\">l) Notificaci\u00f3n a los afectados por impugnaciones<\/td><td class=\"ninja_column_1 ninja_clmn_nm_plazos footable-last-visible\">El d\u00eda mi\u00e9rcoles 3 de abril de 2024<\/td><\/tr><tr class=\"ninja_table_row_12 nt_row_id_13\"><td class=\"ninja_column_0 ninja_clmn_nm_actividades footable-first-visible\">m) Contestaci\u00f3n de impugnaciones.<\/td><td class=\"ninja_column_1 ninja_clmn_nm_plazos footable-last-visible\">El d\u00eda jueves 4 y viernes 5 de abril de 2024<\/td><\/tr><tr class=\"ninja_table_row_13 nt_row_id_14\"><td class=\"ninja_column_0 ninja_clmn_nm_actividades footable-first-visible\">n) Resoluci\u00f3n de impugnaciones de los candidatos.<\/td><td class=\"ninja_column_1 ninja_clmn_nm_plazos footable-last-visible\">El d\u00eda lunes 8 de abril de 2024<\/td><\/tr><tr class=\"ninja_table_row_14 nt_row_id_15\"><td class=\"ninja_column_0 ninja_clmn_nm_actividades footable-first-visible\">o) Publicaci\u00f3n de la resoluci\u00f3n de aprobaci\u00f3n de candidaturas.<\/td><td class=\"ninja_column_1 ninja_clmn_nm_plazos footable-last-visible\">El d\u00eda martes 9 de abril de 2024<\/td><\/tr><tr class=\"ninja_table_row_15 nt_row_id_16\"><td class=\"ninja_column_0 ninja_clmn_nm_actividades footable-first-visible\">p) Elecci\u00f3n de Rector y Vicerrector.<\/td><td class=\"ninja_column_1 ninja_clmn_nm_plazos footable-last-visible\">El d\u00eda martes 16 de abril de 2024<\/td><\/tr><\/tbody><\/table>\t\t\t\t\t\t\t\t<\/div>\n\t\t\t\t\t<\/div>\n\t\t\t\t<\/div>\n\t\t<div class=\"elementor-element elementor-element-7770acc e-flex e-con-boxed e-con e-parent\" data-id=\"7770acc\" data-element_type=\"container\" data-settings=\"{&quot;jet_parallax_layout_list&quot;:[]}\">\n\t\t\t\t\t<div class=\"e-con-inner\">\n\t\t\t\t<div class=\"elementor-element elementor-element-1e58b42 elementor-widget elementor-widget-text-editor\" data-id=\"1e58b42\" data-element_type=\"widget\" data-widget_type=\"text-editor.default\">\n\t\t\t\t\t\t\t\t\tSeg\u00fan Resoluci\u00f3n N\u00b0 001-00-2025 con fecha 09\/05\/2025 del TEI ad hoc\n\t\t\t\t\t\t\t\t<\/div>\n\t\t\t\t<div class=\"elementor-element elementor-element-63f24d3 elementor-widget elementor-widget-text-editor\" data-id=\"63f24d3\" data-element_type=\"widget\" data-widget_type=\"text-editor.default\">\n\t\t\t\t\t\t\t\t\t<p>\u201cPOR LA CUAL SE ESTABLECE EL CALENDARIO ELECTORAL DE LA FACULTAD DE CIENCIAS QU\u00cdMICAS DE LA UNIVERSIDAD NACIONAL DE ASUNCI\u00d3N, PARA EL A\u00d1O 2025&#8243;<\/p>\t\t\t\t\t\t\t\t<\/div>\n\t\t\t\t<div class=\"elementor-element elementor-element-a9ccf44 elementor-widget elementor-widget-button\" data-id=\"a9ccf44\" data-element_type=\"widget\" data-widget_type=\"button.default\">\n\t\t\t\t\t\t\t\t\t\t<a class=\"elementor-button elementor-button-link elementor-size-sm\" href=\"https:\/\/www.qui.una.py\/v2\/wp-content\/uploads\/Resolucion-N%C2%B0-001-00-2025.pdf\" target=\"_blank\">\n\t\t\t\t\t\t<span class=\"elementor-button-content-wrapper\">\n\t\t\t\t\t\t\t\t\t<span class=\"elementor-button-text\">Descagar Resoluci\u00f3n<\/span>\n\t\t\t\t\t<\/span>\n\t\t\t\t\t<\/a>\n\t\t\t\t\t\t\t\t<\/div>\n\t\t\t\t<div class=\"elementor-element elementor-element-95489c4 elementor-widget elementor-widget-spacer\" data-id=\"95489c4\" data-element_type=\"widget\" data-widget_type=\"spacer.default\">\n\t\t\t\t\t\t\t<div class=\"elementor-spacer\">\n\t\t\t<div class=\"elementor-spacer-inner\"><\/div>\n\t\t<\/div>\n\t\t\t\t\t\t<\/div>\n\t\t\t\t\t<\/div>\n\t\t\t\t<\/div>\n\t\t\t\t<\/div>\n\t\t","protected":false},"excerpt":{"rendered":"<p>Home \/ Page Calendario Electoral Actividades Plazos a) Calendarizaci\u00f3n de las elecciones. El d\u00eda viernes 8 de marzo de 2024 b) Recepci\u00f3n del prepadr\u00f3n por el TEI ad hoc, enviado por la Secretar\u00eda General de la UNA. El d\u00eda lunes 11 de marzo de 2024 c) Publicaci\u00f3n del prepadr\u00f3n. El d\u00eda martes 12 al jueves [&hellip;]<\/p>\n","protected":false},"author":2,"featured_media":0,"parent":54183,"menu_order":0,"comment_status":"closed","ping_status":"closed","template":"elementor_header_footer","meta":{"footnotes":""},"class_list":["post-54265","page","type-page","status-publish","hentry"],"_links":{"self":[{"href":"https:\/\/fcquna.edu.py\/v3\/wp-json\/wp\/v2\/pages\/54265","targetHints":{"allow":["GET"]}}],"collection":[{"href":"https:\/\/fcquna.edu.py\/v3\/wp-json\/wp\/v2\/pages"}],"about":[{"href":"https:\/\/fcquna.edu.py\/v3\/wp-json\/wp\/v2\/types\/page"}],"author":[{"embeddable":true,"href":"https:\/\/fcquna.edu.py\/v3\/wp-json\/wp\/v2\/users\/2"}],"replies":[{"embeddable":true,"href":"https:\/\/fcquna.edu.py\/v3\/wp-json\/wp\/v2\/comments?post=54265"}],"version-history":[{"count":22,"href":"https:\/\/fcquna.edu.py\/v3\/wp-json\/wp\/v2\/pages\/54265\/revisions"}],"predecessor-version":[{"id":54291,"href":"https:\/\/fcquna.edu.py\/v3\/wp-json\/wp\/v2\/pages\/54265\/revisions\/54291"}],"up":[{"embeddable":true,"href":"https:\/\/fcquna.edu.py\/v3\/wp-json\/wp\/v2\/pages\/54183"}],"wp:attachment":[{"href":"https:\/\/fcquna.edu.py\/v3\/wp-json\/wp\/v2\/media?parent=54265"}],"curies":[{"name":"wp","href":"https:\/\/api.w.org\/{rel}","templated":true}]}}