{"id":54221,"date":"2026-03-13T14:52:42","date_gmt":"2026-03-13T14:52:42","guid":{"rendered":"https:\/\/fcquna.edu.py\/v3\/?page_id=54221"},"modified":"2026-03-13T15:13:00","modified_gmt":"2026-03-13T15:13:00","slug":"tei-miembros","status":"publish","type":"page","link":"https:\/\/fcquna.edu.py\/v3\/tei\/tei-miembros\/","title":{"rendered":"TEI &#8211; Miembros"},"content":{"rendered":"\t\t<div data-elementor-type=\"wp-page\" data-elementor-id=\"54221\" class=\"elementor elementor-54221\" data-elementor-post-type=\"page\">\n\t\t\t\t<div class=\"elementor-element elementor-element-e071218 e-flex e-con-boxed e-con e-parent\" data-id=\"e071218\" data-element_type=\"container\" data-settings=\"{&quot;jet_parallax_layout_list&quot;:[]}\">\n\t\t\t\t\t<div class=\"e-con-inner\">\n\t\t\t\t<div class=\"elementor-element elementor-element-39bed98 elementor-widget elementor-widget-eael-breadcrumbs\" data-id=\"39bed98\" data-element_type=\"widget\" data-widget_type=\"eael-breadcrumbs.default\">\n\t\t\t\t<div class=\"elementor-widget-container\">\n\t\t\t\t\t\t\t<div class=\"eael-breadcrumbs\">\n\t\t\t<div class=\"eael-breadcrumbs__content\"><a href=\"https:\/\/fcquna.edu.py\/v3\">Home<\/a> <span class=\"eael-breadcrumb-separator\">\/<\/span> <span class = \"eael-current\">Page<\/span><\/div>\t\t<\/div>\n\t\t\t\t\t\t<\/div>\n\t\t\t\t<\/div>\n\t\t\t\t\t<\/div>\n\t\t\t\t<\/div>\n\t\t<div class=\"elementor-element elementor-element-efc256a e-flex e-con-boxed e-con e-parent\" data-id=\"efc256a\" data-element_type=\"container\" data-settings=\"{&quot;jet_parallax_layout_list&quot;:[]}\">\n\t\t\t\t\t<div class=\"e-con-inner\">\n\t\t\t\t<div class=\"elementor-element elementor-element-2f99894 elementor-widget elementor-widget-spacer\" data-id=\"2f99894\" data-element_type=\"widget\" data-widget_type=\"spacer.default\">\n\t\t\t\t\t\t\t<div class=\"elementor-spacer\">\n\t\t\t<div class=\"elementor-spacer-inner\"><\/div>\n\t\t<\/div>\n\t\t\t\t\t\t<\/div>\n\t\t\t\t<div class=\"elementor-element elementor-element-3c1d6d3 elementor-widget elementor-widget-heading\" data-id=\"3c1d6d3\" data-element_type=\"widget\" data-widget_type=\"heading.default\">\n\t\t\t\t\t<h2 class=\"elementor-heading-title elementor-size-default\">TEI - Miembros<\/h2>\t\t\t\t<\/div>\n\t\t\t\t<div class=\"elementor-element elementor-element-22414a8 elementor-widget elementor-widget-heading\" data-id=\"22414a8\" data-element_type=\"widget\" data-widget_type=\"heading.default\">\n\t\t\t\t\t<h4 class=\"elementor-heading-title elementor-size-default\">Integrantes del TEI ad hoc<\/h4>\t\t\t\t<\/div>\n\t\t<div class=\"elementor-element elementor-element-58fc7eb e-grid e-con-full e-con e-child\" data-id=\"58fc7eb\" data-element_type=\"container\" data-settings=\"{&quot;jet_parallax_layout_list&quot;:[]}\">\n\t\t<div class=\"elementor-element elementor-element-18d6397 e-con-full e-flex e-con e-child\" data-id=\"18d6397\" data-element_type=\"container\" data-settings=\"{&quot;jet_parallax_layout_list&quot;:[]}\">\n\t\t\t\t<div class=\"elementor-element elementor-element-6e750e1 elementor-widget elementor-widget-image\" data-id=\"6e750e1\" data-element_type=\"widget\" data-widget_type=\"image.default\">\n\t\t\t\t\t\t\t\t\t\t\t\t\t\t\t<img decoding=\"async\" width=\"128\" height=\"128\" src=\"https:\/\/fcquna.edu.py\/v3\/wp-content\/uploads\/2026\/02\/testimonio-08.png\" class=\"attachment-medium size-medium wp-image-48804\" alt=\"\" \/>\t\t\t\t\t\t\t\t\t\t\t\t\t\t\t<\/div>\n\t\t\t\t<div class=\"elementor-element elementor-element-78bfdaa elementor-widget elementor-widget-text-editor\" data-id=\"78bfdaa\" data-element_type=\"widget\" data-widget_type=\"text-editor.default\">\n\t\t\t\t\t\t\t\t\t<p><strong>Prof. Dr. Jorge Daniel Gonz\u00e1lez Villalba<\/strong><\/p>\t\t\t\t\t\t\t\t<\/div>\n\t\t\t\t<div class=\"elementor-element elementor-element-a33519f elementor-widget elementor-widget-text-editor\" data-id=\"a33519f\" data-element_type=\"widget\" data-widget_type=\"text-editor.default\">\n\t\t\t\t\t\t\t\t\t<p>Representante docente Titular<\/p>\t\t\t\t\t\t\t\t<\/div>\n\t\t\t\t<div class=\"elementor-element elementor-element-8589533 elementor-widget elementor-widget-text-editor\" data-id=\"8589533\" data-element_type=\"widget\" data-widget_type=\"text-editor.default\">\n\t\t\t\t\t\t\t\t\t<p><strong>Presidente TEI ad hoc<\/strong><\/p>\t\t\t\t\t\t\t\t<\/div>\n\t\t\t\t<\/div>\n\t\t<div class=\"elementor-element elementor-element-f6013b6 e-con-full e-flex e-con e-child\" data-id=\"f6013b6\" data-element_type=\"container\" data-settings=\"{&quot;jet_parallax_layout_list&quot;:[]}\">\n\t\t\t\t<div class=\"elementor-element elementor-element-a4600d9 elementor-widget elementor-widget-image\" data-id=\"a4600d9\" data-element_type=\"widget\" data-widget_type=\"image.default\">\n\t\t\t\t\t\t\t\t\t\t\t\t\t\t\t<img decoding=\"async\" width=\"128\" height=\"128\" src=\"https:\/\/fcquna.edu.py\/v3\/wp-content\/uploads\/2026\/02\/testimonio-08.png\" class=\"attachment-medium size-medium wp-image-48804\" alt=\"\" \/>\t\t\t\t\t\t\t\t\t\t\t\t\t\t\t<\/div>\n\t\t\t\t<div class=\"elementor-element elementor-element-f6b320a elementor-widget elementor-widget-text-editor\" data-id=\"f6b320a\" data-element_type=\"widget\" data-widget_type=\"text-editor.default\">\n\t\t\t\t\t\t\t\t\t<p><strong>Prof. Dr. Jorge Daniel Gonz\u00e1lez Villalba<\/strong><\/p>\t\t\t\t\t\t\t\t<\/div>\n\t\t\t\t<div class=\"elementor-element elementor-element-2825dc7 elementor-widget elementor-widget-text-editor\" data-id=\"2825dc7\" data-element_type=\"widget\" data-widget_type=\"text-editor.default\">\n\t\t\t\t\t\t\t\t\t<p>Representante docente Titular<\/p>\t\t\t\t\t\t\t\t<\/div>\n\t\t\t\t<div class=\"elementor-element elementor-element-2ae42f1 elementor-widget elementor-widget-text-editor\" data-id=\"2ae42f1\" data-element_type=\"widget\" data-widget_type=\"text-editor.default\">\n\t\t\t\t\t\t\t\t\t<p><strong>Presidente TEI ad hoc<\/strong><\/p>\t\t\t\t\t\t\t\t<\/div>\n\t\t\t\t<\/div>\n\t\t<div class=\"elementor-element elementor-element-b527667 e-con-full e-flex e-con e-child\" data-id=\"b527667\" data-element_type=\"container\" data-settings=\"{&quot;jet_parallax_layout_list&quot;:[]}\">\n\t\t\t\t<div class=\"elementor-element elementor-element-ada1df3 elementor-widget elementor-widget-image\" data-id=\"ada1df3\" data-element_type=\"widget\" data-widget_type=\"image.default\">\n\t\t\t\t\t\t\t\t\t\t\t\t\t\t\t<img decoding=\"async\" width=\"128\" height=\"128\" src=\"https:\/\/fcquna.edu.py\/v3\/wp-content\/uploads\/2026\/02\/testimonio-08.png\" class=\"attachment-medium size-medium wp-image-48804\" alt=\"\" \/>\t\t\t\t\t\t\t\t\t\t\t\t\t\t\t<\/div>\n\t\t\t\t<div class=\"elementor-element elementor-element-36e81be elementor-widget elementor-widget-text-editor\" data-id=\"36e81be\" data-element_type=\"widget\" data-widget_type=\"text-editor.default\">\n\t\t\t\t\t\t\t\t\t<p><strong>Prof. Dr. Jorge Daniel Gonz\u00e1lez Villalba<\/strong><\/p>\t\t\t\t\t\t\t\t<\/div>\n\t\t\t\t<div class=\"elementor-element elementor-element-e6ee476 elementor-widget elementor-widget-text-editor\" data-id=\"e6ee476\" data-element_type=\"widget\" data-widget_type=\"text-editor.default\">\n\t\t\t\t\t\t\t\t\t<p>Representante docente Titular<\/p>\t\t\t\t\t\t\t\t<\/div>\n\t\t\t\t<div class=\"elementor-element elementor-element-dbad23e elementor-widget elementor-widget-text-editor\" data-id=\"dbad23e\" data-element_type=\"widget\" data-widget_type=\"text-editor.default\">\n\t\t\t\t\t\t\t\t\t<p><strong>Presidente TEI ad hoc<\/strong><\/p>\t\t\t\t\t\t\t\t<\/div>\n\t\t\t\t<\/div>\n\t\t\t\t<\/div>\n\t\t\t\t\t<\/div>\n\t\t\t\t<\/div>\n\t\t\t\t<\/div>\n\t\t","protected":false},"excerpt":{"rendered":"<p>Home \/ Page TEI &#8211; Miembros Integrantes del TEI ad hoc Prof. Dr. Jorge Daniel Gonz\u00e1lez Villalba Representante docente Titular Presidente TEI ad hoc Prof. Dr. Jorge Daniel Gonz\u00e1lez Villalba Representante docente Titular Presidente TEI ad hoc Prof. Dr. Jorge Daniel Gonz\u00e1lez Villalba Representante docente Titular Presidente TEI ad hoc<\/p>\n","protected":false},"author":2,"featured_media":0,"parent":54183,"menu_order":0,"comment_status":"closed","ping_status":"closed","template":"elementor_header_footer","meta":{"footnotes":""},"class_list":["post-54221","page","type-page","status-publish","hentry"],"_links":{"self":[{"href":"https:\/\/fcquna.edu.py\/v3\/wp-json\/wp\/v2\/pages\/54221","targetHints":{"allow":["GET"]}}],"collection":[{"href":"https:\/\/fcquna.edu.py\/v3\/wp-json\/wp\/v2\/pages"}],"about":[{"href":"https:\/\/fcquna.edu.py\/v3\/wp-json\/wp\/v2\/types\/page"}],"author":[{"embeddable":true,"href":"https:\/\/fcquna.edu.py\/v3\/wp-json\/wp\/v2\/users\/2"}],"replies":[{"embeddable":true,"href":"https:\/\/fcquna.edu.py\/v3\/wp-json\/wp\/v2\/comments?post=54221"}],"version-history":[{"count":28,"href":"https:\/\/fcquna.edu.py\/v3\/wp-json\/wp\/v2\/pages\/54221\/revisions"}],"predecessor-version":[{"id":54253,"href":"https:\/\/fcquna.edu.py\/v3\/wp-json\/wp\/v2\/pages\/54221\/revisions\/54253"}],"up":[{"embeddable":true,"href":"https:\/\/fcquna.edu.py\/v3\/wp-json\/wp\/v2\/pages\/54183"}],"wp:attachment":[{"href":"https:\/\/fcquna.edu.py\/v3\/wp-json\/wp\/v2\/media?parent=54221"}],"curies":[{"name":"wp","href":"https:\/\/api.w.org\/{rel}","templated":true}]}}