{"id":54175,"date":"2026-03-12T21:36:43","date_gmt":"2026-03-12T21:36:43","guid":{"rendered":"https:\/\/fcquna.edu.py\/v3\/?page_id=54175"},"modified":"2026-03-12T21:37:57","modified_gmt":"2026-03-12T21:37:57","slug":"distinciones-2","status":"publish","type":"page","link":"https:\/\/fcquna.edu.py\/v3\/institucional\/distinciones-2\/","title":{"rendered":"Distinciones"},"content":{"rendered":"\t\t<div data-elementor-type=\"wp-page\" data-elementor-id=\"54175\" class=\"elementor elementor-54175\" data-elementor-post-type=\"page\">\n\t\t\t\t<div class=\"elementor-element elementor-element-600fc3f e-flex e-con-boxed e-con e-parent\" data-id=\"600fc3f\" data-element_type=\"container\" data-settings=\"{&quot;jet_parallax_layout_list&quot;:[]}\">\n\t\t\t\t\t<div class=\"e-con-inner\">\n\t\t\t\t<div class=\"elementor-element elementor-element-06d7743 elementor-widget elementor-widget-eael-breadcrumbs\" data-id=\"06d7743\" data-element_type=\"widget\" data-widget_type=\"eael-breadcrumbs.default\">\n\t\t\t\t<div class=\"elementor-widget-container\">\n\t\t\t\t\t\t\t<div class=\"eael-breadcrumbs\">\n\t\t\t<div class=\"eael-breadcrumbs__content\"><a href=\"https:\/\/fcquna.edu.py\/v3\">Home<\/a> <span class=\"eael-breadcrumb-separator\">\/<\/span> <span class = \"eael-current\">Page<\/span><\/div>\t\t<\/div>\n\t\t\t\t\t\t<\/div>\n\t\t\t\t<\/div>\n\t\t\t\t\t<\/div>\n\t\t\t\t<\/div>\n\t\t<div class=\"elementor-element elementor-element-c74f987 e-flex e-con-boxed e-con e-parent\" data-id=\"c74f987\" data-element_type=\"container\" data-settings=\"{&quot;jet_parallax_layout_list&quot;:[]}\">\n\t\t\t\t\t<div class=\"e-con-inner\">\n\t\t\t\t<div class=\"elementor-element elementor-element-a28e14b elementor-widget elementor-widget-heading\" data-id=\"a28e14b\" data-element_type=\"widget\" data-widget_type=\"heading.default\">\n\t\t\t\t\t<h2 class=\"elementor-heading-title elementor-size-default\">Distinciones<\/h2>\t\t\t\t<\/div>\n\t\t\t\t<div class=\"elementor-element elementor-element-37b12e0 elementor-widget elementor-widget-text-editor\" data-id=\"37b12e0\" data-element_type=\"widget\" data-widget_type=\"text-editor.default\">\n\t\t\t\t\t\t\t\t\t<p><strong>Profesor y a\u00f1o de entrega de la distinci\u00f3n<\/strong><\/p><ul><li>Prof. Dr Rafael Camperchioli Ugarte\u00a0<em>(1998)<\/em><\/li><li>Prof. Dr Luis H.Berganza\u00a0<em>(2001)<\/em><\/li><li>Prof. Dra. Nelda Salom\u00f3n de Girala\u00a0<em>(2001)<\/em><\/li><li>Prof. Dra. Catalina Porzio Aponte\u00a0<em>(2001)<\/em><\/li><li>Prof. Dra. Celia Elvira Oxilia\u00a0<em>(2001)<\/em><\/li><li>Prof. Dra. Elma Dila Brizuela de Flores\u00a0<em>(2001)<\/em><\/li><li>Prof. Dr. Mart\u00edn Cuevas Marsal\u00a0<em>(2003)<\/em><\/li><li>Prof. Dra. Gladys Le\u00f3n Bojanovich de Lozano\u00a0<em>(2003)<\/em><\/li><li>Prof. Dr. Rub\u00e9n Victor Ben\u00edtez Ferreira\u00a0<em>(2005)<\/em><\/li><li>Prof. Dr. Gilberto Penayo Ortiz\u00a0<em>(2005)<\/em><\/li><li>Prof. Dr. Reinaldo Miguel Angel Quintana Echauri\u00a0<em>(2005)<\/em><\/li><li>Prof. Dr.Rafael Vera Garcia (2005)<\/li><li>Prof. Dr. Carlos Vera Garcia\u00a0<em>(2005)<\/em><\/li><li>Prof. Dr. Carlos Zayas Vallejo\u00a0<em>(2005)<\/em><\/li><li>Prof. Dra. Maria Yolanda Mereles de S\u00e1nchez\u00a0<em>(2007)<\/em><\/li><li>Prof. Dr. Juan Carlos Zanotti Cavazzoni\u00a0<em>(2007)<\/em><\/li><li>Prof. Dr. Ignacio Ram\u00edrez Sciacca\u00a0<em>(2007)<\/em><\/li><li>Prof. Dr. Juan Carlos Urbieta Rehnfeldt\u00a0<em>(2008)<\/em><\/li><li>Prof. Dr. Ubaldo Federico Scavone Yodice\u00a0<em>(2010)<\/em><\/li><li>Prof. Dr. Gustavo Adolfo D\u00edaz Gill\u00a0<em>(2010)<\/em><\/li><li>Prof. Dra. Nuri Maricel Benedicta Sequera de Escobar\u00a0<em>(2012)<\/em><\/li><li>Prof. Geol. Gustavo Adolfo Ramiro Vera y Arag\u00f3n Mor\u00ednigo\u00a0<em>(2012)\u00a0<\/em><\/li><li>Prof. Dr. Rodolfo Tadeo Acosta Cabello\u00a0<em>(2014)<\/em><\/li><li>Prof. Dra. Blanca Estela Gompertt Giangreco\u00a0<em>(2014)<\/em><\/li><li>Prof. Dra. Claudia Isabel C\u00e9spedes Z\u00e1rate\u00a0<em>(2014)<\/em><\/li><li>Prof. Dra. Yolanda Haydee Richer Carnibella\u00a0<em>(2014)<\/em><\/li><li>Prof. Dr. Higinio Villalba Palacio\u00a0<em>(2015)<\/em><\/li><li>Prof. Dr. C\u00e9sar Dar\u00edo Aguilera Fern\u00e1ndez (\u2020)\u00a0<em>(2024)<\/em><\/li><li>Prof. Dr. Andr\u00e9s Amarilla Avalos\u00a0<em>(2024)<\/em><\/li><li>Prof. M.Sc. Clotilde Stella Cabrera de Gini (2024)<\/li><li>Prof. Dr. Miguel \u00c1ngel Campuzano Bublitz\u00a0<em>(2024)<\/em><\/li><li>Prof. M.Sc. Rosa Luisa Degen de Arr\u00faa\u00a0<em>(2024)<\/em><\/li><li>Prof. Dr. Esteban Antonio Ferro Bertolotto\u00a0<em>(2024)<\/em><\/li><li>Prof. Dra. Mar\u00eda Amalia Garcete de Leguizam\u00f3n\u00a0<em>(2024)<\/em><\/li><li>Prof. Dra. Mar\u00eda Luisa Kennedy Rol\u00f3n\u00a0<em>(2024)<\/em><\/li><li>Prof. Dra. Gladys Beatriz Lugo Rodr\u00edguez\u00a0<em>(2024)<\/em><\/li><li>Prof. IQ. Juan Carlos Mart\u00ednez Schulz\u00a0<em>(2024)<\/em><\/li><li>Prof. IQ. Tomasa Beatriz Nunes de Mendoza\u00a0<em>(2024)<\/em><\/li><li>Prof. Dr. Jos\u00e9 F\u00e9lix Marcial Plans Perrotta\u00a0<em>(2024)<\/em><\/li><li>Prof. Dr. Luciano Miguel \u00c1ngel Recalde Llano\u00a0<em>(2024)<\/em><\/li><li>Prof. Dra. Graciela Mabel Russomando \u00c1lvarez\u00a0<em>(2024)<\/em><\/li><li>Prof. Dra. Mar\u00eda In\u00e9s Salas de G\u00f3mez\u00a0<em>(2024)<\/em><\/li><li>Prof. M.Sc. Mar\u00eda Edelira Vel\u00e1zquez de Barreto\u00a0<em>(2024)<\/em><\/li><\/ul>\t\t\t\t\t\t\t\t<\/div>\n\t\t\t\t\t<\/div>\n\t\t\t\t<\/div>\n\t\t\t\t<\/div>\n\t\t","protected":false},"excerpt":{"rendered":"<p>Home \/ Page Distinciones Profesor y a\u00f1o de entrega de la distinci\u00f3n Prof. Dr Rafael Camperchioli Ugarte\u00a0(1998) Prof. Dr Luis H.Berganza\u00a0(2001) Prof. Dra. Nelda Salom\u00f3n de Girala\u00a0(2001) Prof. Dra. Catalina Porzio Aponte\u00a0(2001) Prof. Dra. Celia Elvira Oxilia\u00a0(2001) Prof. Dra. Elma Dila Brizuela de Flores\u00a0(2001) Prof. Dr. Mart\u00edn Cuevas Marsal\u00a0(2003) Prof. Dra. Gladys Le\u00f3n Bojanovich de [&hellip;]<\/p>\n","protected":false},"author":2,"featured_media":0,"parent":9,"menu_order":0,"comment_status":"closed","ping_status":"closed","template":"elementor_header_footer","meta":{"footnotes":""},"class_list":["post-54175","page","type-page","status-publish","hentry"],"_links":{"self":[{"href":"https:\/\/fcquna.edu.py\/v3\/wp-json\/wp\/v2\/pages\/54175","targetHints":{"allow":["GET"]}}],"collection":[{"href":"https:\/\/fcquna.edu.py\/v3\/wp-json\/wp\/v2\/pages"}],"about":[{"href":"https:\/\/fcquna.edu.py\/v3\/wp-json\/wp\/v2\/types\/page"}],"author":[{"embeddable":true,"href":"https:\/\/fcquna.edu.py\/v3\/wp-json\/wp\/v2\/users\/2"}],"replies":[{"embeddable":true,"href":"https:\/\/fcquna.edu.py\/v3\/wp-json\/wp\/v2\/comments?post=54175"}],"version-history":[{"count":4,"href":"https:\/\/fcquna.edu.py\/v3\/wp-json\/wp\/v2\/pages\/54175\/revisions"}],"predecessor-version":[{"id":54179,"href":"https:\/\/fcquna.edu.py\/v3\/wp-json\/wp\/v2\/pages\/54175\/revisions\/54179"}],"up":[{"embeddable":true,"href":"https:\/\/fcquna.edu.py\/v3\/wp-json\/wp\/v2\/pages\/9"}],"wp:attachment":[{"href":"https:\/\/fcquna.edu.py\/v3\/wp-json\/wp\/v2\/media?parent=54175"}],"curies":[{"name":"wp","href":"https:\/\/api.w.org\/{rel}","templated":true}]}}