{"id":54088,"date":"2026-03-09T21:10:24","date_gmt":"2026-03-09T21:10:24","guid":{"rendered":"https:\/\/fcquna.edu.py\/v3\/?page_id=54088"},"modified":"2026-03-09T21:13:24","modified_gmt":"2026-03-09T21:13:24","slug":"direccion-de-la-filial","status":"publish","type":"page","link":"https:\/\/fcquna.edu.py\/v3\/institucional\/dependencias\/direccion-de-la-filial\/","title":{"rendered":"Direcci\u00f3n de la Filial"},"content":{"rendered":"\t\t<div data-elementor-type=\"wp-page\" data-elementor-id=\"54088\" class=\"elementor elementor-54088\" data-elementor-post-type=\"page\">\n\t\t\t\t<div class=\"elementor-element elementor-element-87eb018 e-flex e-con-boxed e-con e-parent\" data-id=\"87eb018\" data-element_type=\"container\" data-settings=\"{&quot;jet_parallax_layout_list&quot;:[]}\">\n\t\t\t\t\t<div class=\"e-con-inner\">\n\t\t\t\t<div class=\"elementor-element elementor-element-c728319 elementor-widget elementor-widget-heading\" data-id=\"c728319\" data-element_type=\"widget\" data-widget_type=\"heading.default\">\n\t\t\t\t\t<h2 class=\"elementor-heading-title elementor-size-default\">Presentaci\u00f3n<\/h2>\t\t\t\t<\/div>\n\t\t\t\t<div class=\"elementor-element elementor-element-b139cc4 elementor-widget elementor-widget-text-editor\" data-id=\"b139cc4\" data-element_type=\"widget\" data-widget_type=\"text-editor.default\">\n\t\t\t\t\t\t\t\t\t<p>La Filial ofrece la carrera de grado en <b>Ciencia y Tecnolog\u00eda de Alimentos<\/b>, formando profesionales capacitados para responder a los desaf\u00edos del sector productivo, industrial y de investigaci\u00f3n. Asimismo, se proyecta la futura habilitaci\u00f3n de las carreras de <b>Bioqu\u00edmica <\/b>y <b>Qu\u00edmica Industrial<\/b>, ampliando la oferta acad\u00e9mica y fortaleciendo el desarrollo cient\u00edfico y tecnol\u00f3gico del departamento. A nivel de postgrado, se cuenta con la <b>Especializaci\u00f3n en Did\u00e1ctica Universitaria<\/b>, orientada a la formaci\u00f3n y actualizaci\u00f3n permanente de docentes de educaci\u00f3n superior.<\/p><p><b>Contacto:<\/b> <a href=\"mailto:info_filial@qui.una.py\">info_filial@qui.una.py<\/a>\u00a0<\/p><p>\u00a0<\/p><p><b>Director: <\/b>Lic. Antonio Rodr\u00edguez <b>&#8211; FOTO<\/b><\/p><p><b>Contacto: <\/b><a href=\"mailto:arodriguez@qui.una.py\">arodriguez@qui.una.py<\/a> <\/p>\t\t\t\t\t\t\t\t<\/div>\n\t\t\t\t<div class=\"elementor-element elementor-element-76c5f11 elementor-widget elementor-widget-heading\" data-id=\"76c5f11\" data-element_type=\"widget\" data-widget_type=\"heading.default\">\n\t\t\t\t\t<h2 class=\"elementor-heading-title elementor-size-default\">Secretar\u00eda<\/h2>\t\t\t\t<\/div>\n\t\t\t\t<div class=\"elementor-element elementor-element-9c4cacf elementor-widget elementor-widget-text-editor\" data-id=\"9c4cacf\" data-element_type=\"widget\" data-widget_type=\"text-editor.default\">\n\t\t\t\t\t\t\t\t\t<p>Lic. Karina Beatriz B\u00e1ez Larroza\u00a0<\/p><p><b>Contacto:<\/b> <a href=\"mailto:kbaez@qui.una.py\">kbaez@qui.una.py<\/a><\/p>\t\t\t\t\t\t\t\t<\/div>\n\t\t\t\t<div class=\"elementor-element elementor-element-a5220ca elementor-widget elementor-widget-heading\" data-id=\"a5220ca\" data-element_type=\"widget\" data-widget_type=\"heading.default\">\n\t\t\t\t\t<h2 class=\"elementor-heading-title elementor-size-default\">Coordinaci\u00f3n Acad\u00e9mica<\/h2>\t\t\t\t<\/div>\n\t\t\t\t<div class=\"elementor-element elementor-element-6a38ce8 elementor-widget elementor-widget-text-editor\" data-id=\"6a38ce8\" data-element_type=\"widget\" data-widget_type=\"text-editor.default\">\n\t\t\t\t\t\t\t\t\t<p>Bioq. Ryad El Khalili Lusardi<\/p><p><b>Contacto: <\/b><a href=\"mailto:rlusardi@qui.una.py\">rlusardi@qui.una.py<\/a> <\/p>\t\t\t\t\t\t\t\t<\/div>\n\t\t\t\t<div class=\"elementor-element elementor-element-f2aca5f elementor-widget elementor-widget-heading\" data-id=\"f2aca5f\" data-element_type=\"widget\" data-widget_type=\"heading.default\">\n\t\t\t\t\t<h2 class=\"elementor-heading-title elementor-size-default\">Coordinaci\u00f3n de Extensi\u00f3n<\/h2>\t\t\t\t<\/div>\n\t\t\t\t<div class=\"elementor-element elementor-element-3237b21 elementor-widget elementor-widget-text-editor\" data-id=\"3237b21\" data-element_type=\"widget\" data-widget_type=\"text-editor.default\">\n\t\t\t\t\t\t\t\t\t<p>Ing. Jos\u00e9 Ramon Ledesma Morales<\/p><p><b>Contacto:<\/b> <a href=\"mailto:jledesma@qui.una.py\">jledesma@qui.una.py<\/a> <\/p>\t\t\t\t\t\t\t\t<\/div>\n\t\t\t\t<div class=\"elementor-element elementor-element-c2beff6 elementor-widget elementor-widget-heading\" data-id=\"c2beff6\" data-element_type=\"widget\" data-widget_type=\"heading.default\">\n\t\t\t\t\t<h2 class=\"elementor-heading-title elementor-size-default\">Coordinaci\u00f3n de Investigaci\u00f3n<\/h2>\t\t\t\t<\/div>\n\t\t\t\t<div class=\"elementor-element elementor-element-b227d70 elementor-widget elementor-widget-text-editor\" data-id=\"b227d70\" data-element_type=\"widget\" data-widget_type=\"text-editor.default\">\n\t\t\t\t\t\t\t\t\t<p><strong>Contacto:<\/strong><\/p>\t\t\t\t\t\t\t\t<\/div>\n\t\t\t\t<div class=\"elementor-element elementor-element-b8bc0bb elementor-widget elementor-widget-heading\" data-id=\"b8bc0bb\" data-element_type=\"widget\" data-widget_type=\"heading.default\">\n\t\t\t\t\t<h2 class=\"elementor-heading-title elementor-size-default\">Departamento Administrativo y Financiero<\/h2>\t\t\t\t<\/div>\n\t\t\t\t<div class=\"elementor-element elementor-element-c4b4e49 elementor-widget elementor-widget-text-editor\" data-id=\"c4b4e49\" data-element_type=\"widget\" data-widget_type=\"text-editor.default\">\n\t\t\t\t\t\t\t\t\t<p>Lic. Rosal\u00eda Jara Ben\u00edtez<\/p><p><b>Contacto: <\/b><a href=\"mailto:rjara@qui.una.py\">rjara@qui.una.py<\/a> <\/p>\t\t\t\t\t\t\t\t<\/div>\n\t\t\t\t\t<\/div>\n\t\t\t\t<\/div>\n\t\t\t\t<\/div>\n\t\t","protected":false},"excerpt":{"rendered":"<p>Presentaci\u00f3n La Filial ofrece la carrera de grado en Ciencia y Tecnolog\u00eda de Alimentos, formando profesionales capacitados para responder a los desaf\u00edos del sector productivo, industrial y de investigaci\u00f3n. Asimismo, se proyecta la futura habilitaci\u00f3n de las carreras de Bioqu\u00edmica y Qu\u00edmica Industrial, ampliando la oferta acad\u00e9mica y fortaleciendo el desarrollo cient\u00edfico y tecnol\u00f3gico del [&hellip;]<\/p>\n","protected":false},"author":2,"featured_media":0,"parent":48650,"menu_order":0,"comment_status":"closed","ping_status":"closed","template":"","meta":{"footnotes":""},"class_list":["post-54088","page","type-page","status-publish","hentry"],"_links":{"self":[{"href":"https:\/\/fcquna.edu.py\/v3\/wp-json\/wp\/v2\/pages\/54088","targetHints":{"allow":["GET"]}}],"collection":[{"href":"https:\/\/fcquna.edu.py\/v3\/wp-json\/wp\/v2\/pages"}],"about":[{"href":"https:\/\/fcquna.edu.py\/v3\/wp-json\/wp\/v2\/types\/page"}],"author":[{"embeddable":true,"href":"https:\/\/fcquna.edu.py\/v3\/wp-json\/wp\/v2\/users\/2"}],"replies":[{"embeddable":true,"href":"https:\/\/fcquna.edu.py\/v3\/wp-json\/wp\/v2\/comments?post=54088"}],"version-history":[{"count":10,"href":"https:\/\/fcquna.edu.py\/v3\/wp-json\/wp\/v2\/pages\/54088\/revisions"}],"predecessor-version":[{"id":54098,"href":"https:\/\/fcquna.edu.py\/v3\/wp-json\/wp\/v2\/pages\/54088\/revisions\/54098"}],"up":[{"embeddable":true,"href":"https:\/\/fcquna.edu.py\/v3\/wp-json\/wp\/v2\/pages\/48650"}],"wp:attachment":[{"href":"https:\/\/fcquna.edu.py\/v3\/wp-json\/wp\/v2\/media?parent=54088"}],"curies":[{"name":"wp","href":"https:\/\/api.w.org\/{rel}","templated":true}]}}