{"id":54077,"date":"2026-03-09T21:05:26","date_gmt":"2026-03-09T21:05:26","guid":{"rendered":"https:\/\/fcquna.edu.py\/v3\/?page_id=54077"},"modified":"2026-03-19T20:59:31","modified_gmt":"2026-03-19T20:59:31","slug":"direccion-de-seguridad-salud-e-inclusividad","status":"publish","type":"page","link":"https:\/\/fcquna.edu.py\/v3\/institucional\/dependencias\/direccion-de-seguridad-salud-e-inclusividad\/","title":{"rendered":"Direcci\u00f3n de Seguridad, Salud e Inclusividad"},"content":{"rendered":"\t\t<div data-elementor-type=\"wp-page\" data-elementor-id=\"54077\" class=\"elementor elementor-54077\" data-elementor-post-type=\"page\">\n\t\t\t\t<div class=\"elementor-element elementor-element-e60a1ef e-flex e-con-boxed e-con e-parent\" data-id=\"e60a1ef\" data-element_type=\"container\" data-settings=\"{&quot;jet_parallax_layout_list&quot;:[]}\">\n\t\t\t\t\t<div class=\"e-con-inner\">\n\t\t\t\t<div class=\"elementor-element elementor-element-fbc1baa elementor-widget elementor-widget-heading\" data-id=\"fbc1baa\" data-element_type=\"widget\" data-widget_type=\"heading.default\">\n\t\t\t\t\t<h2 class=\"elementor-heading-title elementor-size-default\">Presentaci\u00f3n<\/h2>\t\t\t\t<\/div>\n\t\t\t\t<div class=\"elementor-element elementor-element-2fdf0ff elementor-widget elementor-widget-text-editor\" data-id=\"2fdf0ff\" data-element_type=\"widget\" data-widget_type=\"text-editor.default\">\n\t\t\t\t\t\t\t\t\t<p>Se encarga del cumplimiento normativo vigente referente a la seguridad, salud e inclusividad; trabajando transversalmente con las dem\u00e1s dependencias de la Instituci\u00f3n para lograr entornos laborales seguros, saludables, inclusivos y accesibles.<\/p><p><b>Objetivos:<\/b><\/p><p>Planificar, proponer, ejecutar, evaluar e informar actividades relacionadas a la seguridad laboral, la salud ocupacional y la inclusividad en la comunidad educativa a trav\u00e9s de programas orientados a la cultura de seguridad y a la evaluaci\u00f3n de riesgos; el autocuidado y la promoci\u00f3n de la salud; la inclusi\u00f3n acad\u00e9mica y la accesibilidad de las personas, para lograr un ambiente laboral y educativo seguro, saludable, inclusivo y accesible.<\/p><p><b>Funciones:<\/b>\u00a0<\/p><ul><li aria-level=\"1\">Acompa\u00f1ar y asesorar en cuestiones de seguridad, salud e inclusividad el dise\u00f1o, construcci\u00f3n, equipamiento, mantenimiento y funcionamiento de edificaciones.<\/li><li aria-level=\"1\">Realizar una evaluaci\u00f3n de riesgos de las dependencias, instalaciones y servicios de la Instituci\u00f3n.<\/li><li aria-level=\"1\">Desarrollar capacitaciones sobre temas vinculados a la seguridad laboral, salud ocupacional e inclusividad.<\/li><li aria-level=\"1\">Hacer el seguimiento de la gesti\u00f3n integral de los residuos generados en la Instituci\u00f3n.<\/li><li aria-level=\"1\">Controlar los sistemas de prevenci\u00f3n y protecci\u00f3n contra incendios realizando las pruebas correspondientes.<\/li><li aria-level=\"1\">Organizar y supervisar las brigadas de combate contra el incendio y de evacuaci\u00f3n, de primeros auxilios, de gesti\u00f3n de residuos y la Comisi\u00f3n Interna de Prevenci\u00f3n de Accidentes (CIPA).<\/li><li aria-level=\"1\">Representar, relacionarse y mantener intercambio con entidades, tanto p\u00fablicas como privadas, ligadas a la seguridad laboral, salud ocupacional y la inclusividad.<\/li><\/ul>\t\t\t\t\t\t\t\t<\/div>\n\t\t<div class=\"elementor-element elementor-element-46cbfbb e-con-full e-flex e-con e-child\" data-id=\"46cbfbb\" data-element_type=\"container\" data-settings=\"{&quot;jet_parallax_layout_list&quot;:[]}\">\n\t\t<div class=\"elementor-element elementor-element-b63332e e-con-full e-flex e-con e-child\" data-id=\"b63332e\" data-element_type=\"container\" data-settings=\"{&quot;jet_parallax_layout_list&quot;:[]}\">\n\t\t<div class=\"elementor-element elementor-element-606b004 e-con-full e-flex e-con e-child\" data-id=\"606b004\" data-element_type=\"container\" data-settings=\"{&quot;jet_parallax_layout_list&quot;:[]}\">\n\t\t<div class=\"elementor-element elementor-element-f5da79d e-con-full e-flex e-con e-child\" data-id=\"f5da79d\" data-element_type=\"container\" data-settings=\"{&quot;jet_parallax_layout_list&quot;:[]}\">\n\t\t\t\t<div class=\"elementor-element elementor-element-7b921f5 elementor-widget elementor-widget-image\" data-id=\"7b921f5\" data-element_type=\"widget\" data-widget_type=\"image.default\">\n\t\t\t\t\t\t\t\t\t\t\t\t\t\t\t<img fetchpriority=\"high\" decoding=\"async\" width=\"768\" height=\"768\" src=\"https:\/\/fcquna.edu.py\/v3\/wp-content\/uploads\/2026\/03\/Seguridad_Salud_e_Inclusividad_Aristides_Munoz-768x768.jpg\" class=\"attachment-medium_large size-medium_large wp-image-54705\" alt=\"\" srcset=\"https:\/\/fcquna.edu.py\/v3\/wp-content\/uploads\/2026\/03\/Seguridad_Salud_e_Inclusividad_Aristides_Munoz-768x768.jpg 768w, https:\/\/fcquna.edu.py\/v3\/wp-content\/uploads\/2026\/03\/Seguridad_Salud_e_Inclusividad_Aristides_Munoz-300x300.jpg 300w, https:\/\/fcquna.edu.py\/v3\/wp-content\/uploads\/2026\/03\/Seguridad_Salud_e_Inclusividad_Aristides_Munoz-150x150.jpg 150w, https:\/\/fcquna.edu.py\/v3\/wp-content\/uploads\/2026\/03\/Seguridad_Salud_e_Inclusividad_Aristides_Munoz.jpg 841w\" sizes=\"(max-width: 768px) 100vw, 768px\" \/>\t\t\t\t\t\t\t\t\t\t\t\t\t\t\t<\/div>\n\t\t\t\t<\/div>\n\t\t<div class=\"elementor-element elementor-element-96e5a17 e-con-full e-flex e-con e-child\" data-id=\"96e5a17\" data-element_type=\"container\" data-settings=\"{&quot;jet_parallax_layout_list&quot;:[],&quot;background_background&quot;:&quot;classic&quot;}\">\n\t\t\t\t<div class=\"elementor-element elementor-element-2ae2ba2 elementor-widget elementor-widget-heading\" data-id=\"2ae2ba2\" data-element_type=\"widget\" data-widget_type=\"heading.default\">\n\t\t\t\t\t<h2 class=\"elementor-heading-title elementor-size-default\">Prof. Farm. Aristides Mu\u00f1oz, Mag.<\/h2>\t\t\t\t<\/div>\n\t\t\t\t<div class=\"elementor-element elementor-element-48bbc35 elementor-widget elementor-widget-text-editor\" data-id=\"48bbc35\" data-element_type=\"widget\" data-widget_type=\"text-editor.default\">\n\t\t\t\t\t\t\t\t\t<p>Director<\/p>\t\t\t\t\t\t\t\t<\/div>\n\t\t\t\t<div class=\"elementor-element elementor-element-309acd1 elementor-icon-list--layout-traditional elementor-list-item-link-full_width elementor-widget elementor-widget-icon-list\" data-id=\"309acd1\" data-element_type=\"widget\" data-widget_type=\"icon-list.default\">\n\t\t\t\t\t\t\t<ul class=\"elementor-icon-list-items\">\n\t\t\t\t\t\t\t<li class=\"elementor-icon-list-item\">\n\t\t\t\t\t\t\t\t\t\t\t<a href=\"mailto:ugpi@qui.una.py\u00a0\">\n\n\t\t\t\t\t\t\t\t\t\t\t\t<span class=\"elementor-icon-list-icon\">\n\t\t\t\t\t\t\t<svg aria-hidden=\"true\" class=\"e-font-icon-svg e-fas-envelope\" viewBox=\"0 0 512 512\" xmlns=\"http:\/\/www.w3.org\/2000\/svg\"><path d=\"M502.3 190.8c3.9-3.1 9.7-.2 9.7 4.7V400c0 26.5-21.5 48-48 48H48c-26.5 0-48-21.5-48-48V195.6c0-5 5.7-7.8 9.7-4.7 22.4 17.4 52.1 39.5 154.1 113.6 21.1 15.4 56.7 47.8 92.2 47.6 35.7.3 72-32.8 92.3-47.6 102-74.1 131.6-96.3 154-113.7zM256 320c23.2.4 56.6-29.2 73.4-41.4 132.7-96.3 142.8-104.7 173.4-128.7 5.8-4.5 9.2-11.5 9.2-18.9v-19c0-26.5-21.5-48-48-48H48C21.5 64 0 85.5 0 112v19c0 7.4 3.4 14.3 9.2 18.9 30.6 23.9 40.7 32.4 173.4 128.7 16.8 12.2 50.2 41.8 73.4 41.4z\"><\/path><\/svg>\t\t\t\t\t\t<\/span>\n\t\t\t\t\t\t\t\t\t\t<span class=\"elementor-icon-list-text\">amunoz@qui.una.py<\/span>\n\t\t\t\t\t\t\t\t\t\t\t<\/a>\n\t\t\t\t\t\t\t\t\t<\/li>\n\t\t\t\t\t\t<\/ul>\n\t\t\t\t\t\t<\/div>\n\t\t\t\t<\/div>\n\t\t\t\t<\/div>\n\t\t\t\t<\/div>\n\t\t\t\t<\/div>\n\t\t\t\t<div class=\"elementor-element elementor-element-ed01061 elementor-widget elementor-widget-heading\" data-id=\"ed01061\" data-element_type=\"widget\" data-widget_type=\"heading.default\">\n\t\t\t\t\t<h2 class=\"elementor-heading-title elementor-size-default\">Coordinaci\u00f3n de Seguridad Laboral<\/h2>\t\t\t\t<\/div>\n\t\t\t\t<div class=\"elementor-element elementor-element-1ddd130 elementor-widget elementor-widget-text-editor\" data-id=\"1ddd130\" data-element_type=\"widget\" data-widget_type=\"text-editor.default\">\n\t\t\t\t\t\t\t\t\t<p><b>\u00c1rea de Gesti\u00f3n de Riesgos y de Residuos<\/b><\/p><p>Abarca la detecci\u00f3n, propuesta y evaluaci\u00f3n de acciones sobre seguridad laboral para prevenir y proteger de forma integral a los miembros de la comunidad educativa de la FCQ-UNA mediante la prevenci\u00f3n y protecci\u00f3n contra peligros y riesgos relacionados; la realizaci\u00f3n de la evaluaciones de riesgos, la gesti\u00f3n apropiada de los residuos peligrosos y el estudio de los accidentes e incidentes que sucedan.<\/p><p><b>Funciones:\u00a0<\/b><\/p><ul><li aria-level=\"1\">Dise\u00f1ar, implementar y evaluar programas de seguridad laboral dirigidos a la comunidad educativa.<\/li><li aria-level=\"1\">Evaluar las condiciones de trabajo e informar a la autoridad competente y a su superior inmediato y sugerir medidas correctoras a tomar para el mejoramiento de las condiciones y del medio ambiente de trabajo.<\/li><li aria-level=\"1\">Coordinar y dictar capacitaciones sobre el uso de los equipos de seguridad; prevenci\u00f3n y protecci\u00f3n contra incendios; accidentes laborales, evaluaci\u00f3n de riesgos; gesti\u00f3n de residuos peligrosos y temas relacionados.\u00a0<\/li><li aria-level=\"1\">Realizar la evaluaci\u00f3n de riesgos laborales seg\u00fan la normativa vigente<\/li><li aria-level=\"1\">Inspeccionar y acompa\u00f1ar la gesti\u00f3n adecuada de residuos generados por la Instituci\u00f3n conforme al contrato con la empresa tercerizada y siguiendo las directivas de la normativa vigente.<\/li><\/ul><p><b>Responsable:<\/b> Lic. F\u00e9lix Arzamendia<\/p><p><b>Contacto:<\/b> <a href=\"mailto:fvarzamendia@qui.una.py\">fvarzamendia@qui.una.py<\/a> <\/p>\t\t\t\t\t\t\t\t<\/div>\n\t\t\t\t<div class=\"elementor-element elementor-element-384ac01 elementor-widget elementor-widget-heading\" data-id=\"384ac01\" data-element_type=\"widget\" data-widget_type=\"heading.default\">\n\t\t\t\t\t<h2 class=\"elementor-heading-title elementor-size-default\">Coordinaci\u00f3n de Salud Ocupacional<\/h2>\t\t\t\t<\/div>\n\t\t\t\t\t<\/div>\n\t\t\t\t<\/div>\n\t\t<div class=\"elementor-element elementor-element-281e8e6 e-flex e-con-boxed e-con e-parent\" data-id=\"281e8e6\" data-element_type=\"container\" data-settings=\"{&quot;jet_parallax_layout_list&quot;:[]}\">\n\t\t\t\t\t<div class=\"e-con-inner\">\n\t\t\t\t<div class=\"elementor-element elementor-element-aff9d07 elementor-widget elementor-widget-text-editor\" data-id=\"aff9d07\" data-element_type=\"widget\" data-widget_type=\"text-editor.default\">\n\t\t\t\t\t\t\t\t\t<p><b>\u00c1rea de Asistencia Psicol\u00f3gica; \u00c1rea de Medicina del Trabajo y Primeros Auxilios<\/b><\/p><p>Promover acciones que fomenten la salud integral de la comunidad educativa, mediante la implementaci\u00f3n de programas enfocados en la promoci\u00f3n, la prevenci\u00f3n y la atenci\u00f3n en salud.<\/p><p><b>Funciones:\u00a0<\/b><\/p><ul><li aria-level=\"1\">Dise\u00f1ar, implementar y evaluar programas de promoci\u00f3n de la salud y prevenci\u00f3n de enfermedades dirigidos a la comunidad educativa.<\/li><li aria-level=\"1\">Coordinar actividades de sensibilizaci\u00f3n y educaci\u00f3n sobre temas de salud relevantes para la poblaci\u00f3n universitaria.<\/li><li aria-level=\"1\">Implementar los programas de salud integral en las dependencias de la Instituci\u00f3n.<\/li><li aria-level=\"1\">Organizar y promover capacitaciones y actividades de prevenci\u00f3n de enfermedades profesionales y actualizaci\u00f3n en primeros auxilios ante emergencias y de primeros auxilios psicol\u00f3gicos.<\/li><li aria-level=\"1\">Hacer el seguimiento de los resultados de ex\u00e1menes de salud establecidos en las fichas m\u00e9dicas para promover acciones y sugerencias que mejoren la salud y calidad de vida de docentes y funcionarios de la Instituci\u00f3n.<\/li><\/ul><p><b>Responsable:<\/b> Prof. Lic. Bel\u00e9n Rojas<\/p><p><b>Contacto: <\/b><a href=\"mailto:mrojas@qui.una.py\">mrojas@qui.una.py<\/a> <\/p>\t\t\t\t\t\t\t\t<\/div>\n\t\t\t\t<div class=\"elementor-element elementor-element-a9df1e6 elementor-widget elementor-widget-heading\" data-id=\"a9df1e6\" data-element_type=\"widget\" data-widget_type=\"heading.default\">\n\t\t\t\t\t<h2 class=\"elementor-heading-title elementor-size-default\">Coordinaci\u00f3n de Inclusividad<\/h2>\t\t\t\t<\/div>\n\t\t\t\t<div class=\"elementor-element elementor-element-e46763a elementor-widget elementor-widget-text-editor\" data-id=\"e46763a\" data-element_type=\"widget\" data-widget_type=\"text-editor.default\">\n\t\t\t\t\t\t\t\t\t<p><b>\u00c1rea de Trabajo Social y Accesibilidad<\/b><\/p><p>Planificar, ejecutar y acciones de orientaci\u00f3n y apoyo a docentes, funcionarios y estudiantes referentes a la inclusividad acad\u00e9mica y social, y la accesibilidad al medio f\u00edsico.<\/p><p><b>Funciones:\u00a0<\/b><\/p><ul><li aria-level=\"1\">Dise\u00f1ar, implementar y evaluar programas de inclusividad dirigidos a la comunidad educativa.<\/li><li aria-level=\"1\">Articular acciones con las dem\u00e1s dependencias para aplicar de forma efectiva la inclusividad acad\u00e9mica, comunicacional y actitudinal, y la accesibilidad al medio f\u00edsico.<\/li><li aria-level=\"1\">Recibir, registrar y realizar el seguimiento de casos de estudiantes, docentes y funcionarios con necesidades de inclusi\u00f3n y accesibilidad.<\/li><li aria-level=\"1\">Analizar los casos de inclusividad para proponer ajustes razonables no significativos seg\u00fan la normativa vigente.<\/li><li aria-level=\"1\">Desarrollar talleres, charlas y campa\u00f1as orientadas a docentes, funcionarios y estudiantes que promuevan inclusi\u00f3n y la accesibilidad al medio f\u00edsico.<\/li><\/ul><p><b>Responsable: <\/b>Un. Clara Garc\u00eda<\/p><p><b>Contacto: <\/b><a href=\"mailto:cgarcia@qui.una.py\">cgarcia@qui.una.py<\/a> <\/p>\t\t\t\t\t\t\t\t<\/div>\n\t\t\t\t\t<\/div>\n\t\t\t\t<\/div>\n\t\t\t\t<\/div>\n\t\t","protected":false},"excerpt":{"rendered":"<p>Presentaci\u00f3n Se encarga del cumplimiento normativo vigente referente a la seguridad, salud e inclusividad; trabajando transversalmente con las dem\u00e1s dependencias de la Instituci\u00f3n para lograr entornos laborales seguros, saludables, inclusivos y accesibles. Objetivos: Planificar, proponer, ejecutar, evaluar e informar actividades relacionadas a la seguridad laboral, la salud ocupacional y la inclusividad en la comunidad educativa [&hellip;]<\/p>\n","protected":false},"author":2,"featured_media":0,"parent":48650,"menu_order":0,"comment_status":"closed","ping_status":"closed","template":"","meta":{"footnotes":""},"class_list":["post-54077","page","type-page","status-publish","hentry"],"_links":{"self":[{"href":"https:\/\/fcquna.edu.py\/v3\/wp-json\/wp\/v2\/pages\/54077","targetHints":{"allow":["GET"]}}],"collection":[{"href":"https:\/\/fcquna.edu.py\/v3\/wp-json\/wp\/v2\/pages"}],"about":[{"href":"https:\/\/fcquna.edu.py\/v3\/wp-json\/wp\/v2\/types\/page"}],"author":[{"embeddable":true,"href":"https:\/\/fcquna.edu.py\/v3\/wp-json\/wp\/v2\/users\/2"}],"replies":[{"embeddable":true,"href":"https:\/\/fcquna.edu.py\/v3\/wp-json\/wp\/v2\/comments?post=54077"}],"version-history":[{"count":19,"href":"https:\/\/fcquna.edu.py\/v3\/wp-json\/wp\/v2\/pages\/54077\/revisions"}],"predecessor-version":[{"id":55374,"href":"https:\/\/fcquna.edu.py\/v3\/wp-json\/wp\/v2\/pages\/54077\/revisions\/55374"}],"up":[{"embeddable":true,"href":"https:\/\/fcquna.edu.py\/v3\/wp-json\/wp\/v2\/pages\/48650"}],"wp:attachment":[{"href":"https:\/\/fcquna.edu.py\/v3\/wp-json\/wp\/v2\/media?parent=54077"}],"curies":[{"name":"wp","href":"https:\/\/api.w.org\/{rel}","templated":true}]}}