{"id":54069,"date":"2026-03-09T21:01:06","date_gmt":"2026-03-09T21:01:06","guid":{"rendered":"https:\/\/fcquna.edu.py\/v3\/?page_id=54069"},"modified":"2026-03-19T20:58:16","modified_gmt":"2026-03-19T20:58:16","slug":"direccion-de-las-tecnologias-de-la-informacion-y-comunicacion","status":"publish","type":"page","link":"https:\/\/fcquna.edu.py\/v3\/institucional\/dependencias\/direccion-de-las-tecnologias-de-la-informacion-y-comunicacion\/","title":{"rendered":"Direcci\u00f3n de las Tecnolog\u00edas de la Informaci\u00f3n y Comunicaci\u00f3n"},"content":{"rendered":"\t\t<div data-elementor-type=\"wp-page\" data-elementor-id=\"54069\" class=\"elementor elementor-54069\" data-elementor-post-type=\"page\">\n\t\t\t\t<div class=\"elementor-element elementor-element-e8783df e-flex e-con-boxed e-con e-parent\" data-id=\"e8783df\" data-element_type=\"container\" data-settings=\"{&quot;jet_parallax_layout_list&quot;:[]}\">\n\t\t\t\t\t<div class=\"e-con-inner\">\n\t\t\t\t<div class=\"elementor-element elementor-element-6f6f2b6 elementor-widget elementor-widget-heading\" data-id=\"6f6f2b6\" data-element_type=\"widget\" data-widget_type=\"heading.default\">\n\t\t\t\t\t<h2 class=\"elementor-heading-title elementor-size-default\">Presentacii\u00f3n<\/h2>\t\t\t\t<\/div>\n\t\t\t\t<div class=\"elementor-element elementor-element-f318844 elementor-widget elementor-widget-text-editor\" data-id=\"f318844\" data-element_type=\"widget\" data-widget_type=\"text-editor.default\">\n\t\t\t\t\t\t\t\t\t<p>Servir de apoyo tecnol\u00f3gico a todas las \u00e1reas dentro de la Facultad de Ciencias Qu\u00edmicas. Dar soporte a todos los usuarios en temas relacionados a: sistemas de gesti\u00f3n acad\u00e9mica, software de ofim\u00e1tica, pol\u00edticas de ciberseguridad, soporte de datos, conexi\u00f3n a internet, equipamiento inform\u00e1tico y redes de comunicaci\u00f3n.<\/p><p><b>Objetivos:<\/b><\/p><ul><li aria-level=\"1\">Servir de apoyo t\u00e9cnico en todos los procesos relacionados las tecnolog\u00edas de la informaci\u00f3n en lo acad\u00e9mico y administrativo<\/li><li aria-level=\"1\">Generar pol\u00edticas de ciberseguridad<\/li><li aria-level=\"1\">Mantener \u00f3ptimos todos los servicios de conectividad\u00a0<\/li><\/ul><p><b>Funciones<\/b><\/p><ul><li aria-level=\"1\">Servicio t\u00e9cnico inform\u00e1tico<\/li><li aria-level=\"1\">Gesti\u00f3n de sistemas del CNC<\/li><li aria-level=\"1\">Administraci\u00f3n de contenido del sitio web<\/li><li aria-level=\"1\">Apoyo a sistemas acad\u00e9micos y encuestas en general<\/li><li aria-level=\"1\">Apoyo a compras inform\u00e1ticas institucionales<\/li><li aria-level=\"1\">Gesti\u00f3n de recursos tecnol\u00f3gicos en general<\/li><\/ul>\t\t\t\t\t\t\t\t<\/div>\n\t\t<div class=\"elementor-element elementor-element-e73431f e-con-full e-flex e-con e-child\" data-id=\"e73431f\" data-element_type=\"container\" data-settings=\"{&quot;jet_parallax_layout_list&quot;:[]}\">\n\t\t<div class=\"elementor-element elementor-element-b7c6166 e-con-full e-flex e-con e-child\" data-id=\"b7c6166\" data-element_type=\"container\" data-settings=\"{&quot;jet_parallax_layout_list&quot;:[]}\">\n\t\t<div class=\"elementor-element elementor-element-34f59ec e-con-full e-flex e-con e-child\" data-id=\"34f59ec\" data-element_type=\"container\" data-settings=\"{&quot;jet_parallax_layout_list&quot;:[]}\">\n\t\t<div class=\"elementor-element elementor-element-b03aa82 e-con-full e-flex e-con e-child\" data-id=\"b03aa82\" data-element_type=\"container\" data-settings=\"{&quot;jet_parallax_layout_list&quot;:[]}\">\n\t\t\t\t<div class=\"elementor-element elementor-element-f0f853f elementor-widget elementor-widget-image\" data-id=\"f0f853f\" data-element_type=\"widget\" data-widget_type=\"image.default\">\n\t\t\t\t\t\t\t\t\t\t\t\t\t\t\t<img fetchpriority=\"high\" decoding=\"async\" width=\"768\" height=\"774\" src=\"https:\/\/fcquna.edu.py\/v3\/wp-content\/uploads\/2026\/03\/TIC_Nestor_Riveros-768x774.jpg\" class=\"attachment-medium_large size-medium_large wp-image-54715\" alt=\"\" srcset=\"https:\/\/fcquna.edu.py\/v3\/wp-content\/uploads\/2026\/03\/TIC_Nestor_Riveros-768x774.jpg 768w, https:\/\/fcquna.edu.py\/v3\/wp-content\/uploads\/2026\/03\/TIC_Nestor_Riveros-298x300.jpg 298w, https:\/\/fcquna.edu.py\/v3\/wp-content\/uploads\/2026\/03\/TIC_Nestor_Riveros-1016x1024.jpg 1016w, https:\/\/fcquna.edu.py\/v3\/wp-content\/uploads\/2026\/03\/TIC_Nestor_Riveros-150x150.jpg 150w, https:\/\/fcquna.edu.py\/v3\/wp-content\/uploads\/2026\/03\/TIC_Nestor_Riveros-1524x1536.jpg 1524w, https:\/\/fcquna.edu.py\/v3\/wp-content\/uploads\/2026\/03\/TIC_Nestor_Riveros-2031x2048.jpg 2031w\" sizes=\"(max-width: 768px) 100vw, 768px\" \/>\t\t\t\t\t\t\t\t\t\t\t\t\t\t\t<\/div>\n\t\t\t\t<\/div>\n\t\t<div class=\"elementor-element elementor-element-09a67bd e-con-full e-flex e-con e-child\" data-id=\"09a67bd\" data-element_type=\"container\" data-settings=\"{&quot;jet_parallax_layout_list&quot;:[],&quot;background_background&quot;:&quot;classic&quot;}\">\n\t\t\t\t<div class=\"elementor-element elementor-element-07deccc elementor-widget elementor-widget-heading\" data-id=\"07deccc\" data-element_type=\"widget\" data-widget_type=\"heading.default\">\n\t\t\t\t\t<h2 class=\"elementor-heading-title elementor-size-default\">Lic. N\u00e9stor Fabi\u00e1n Riveros Godoy MSc.<\/h2>\t\t\t\t<\/div>\n\t\t\t\t<div class=\"elementor-element elementor-element-ee51828 elementor-widget elementor-widget-text-editor\" data-id=\"ee51828\" data-element_type=\"widget\" data-widget_type=\"text-editor.default\">\n\t\t\t\t\t\t\t\t\t<p>Director<\/p>\t\t\t\t\t\t\t\t<\/div>\n\t\t\t\t<div class=\"elementor-element elementor-element-4a9d2ad elementor-icon-list--layout-traditional elementor-list-item-link-full_width elementor-widget elementor-widget-icon-list\" data-id=\"4a9d2ad\" data-element_type=\"widget\" data-widget_type=\"icon-list.default\">\n\t\t\t\t\t\t\t<ul class=\"elementor-icon-list-items\">\n\t\t\t\t\t\t\t<li class=\"elementor-icon-list-item\">\n\t\t\t\t\t\t\t\t\t\t\t<a href=\"mailto:direcciontic@qui.una.py\">\n\n\t\t\t\t\t\t\t\t\t\t\t\t<span class=\"elementor-icon-list-icon\">\n\t\t\t\t\t\t\t<svg aria-hidden=\"true\" class=\"e-font-icon-svg e-fas-envelope\" viewBox=\"0 0 512 512\" xmlns=\"http:\/\/www.w3.org\/2000\/svg\"><path d=\"M502.3 190.8c3.9-3.1 9.7-.2 9.7 4.7V400c0 26.5-21.5 48-48 48H48c-26.5 0-48-21.5-48-48V195.6c0-5 5.7-7.8 9.7-4.7 22.4 17.4 52.1 39.5 154.1 113.6 21.1 15.4 56.7 47.8 92.2 47.6 35.7.3 72-32.8 92.3-47.6 102-74.1 131.6-96.3 154-113.7zM256 320c23.2.4 56.6-29.2 73.4-41.4 132.7-96.3 142.8-104.7 173.4-128.7 5.8-4.5 9.2-11.5 9.2-18.9v-19c0-26.5-21.5-48-48-48H48C21.5 64 0 85.5 0 112v19c0 7.4 3.4 14.3 9.2 18.9 30.6 23.9 40.7 32.4 173.4 128.7 16.8 12.2 50.2 41.8 73.4 41.4z\"><\/path><\/svg>\t\t\t\t\t\t<\/span>\n\t\t\t\t\t\t\t\t\t\t<span class=\"elementor-icon-list-text\">direcciontic@qui.una.py<\/span>\n\t\t\t\t\t\t\t\t\t\t\t<\/a>\n\t\t\t\t\t\t\t\t\t<\/li>\n\t\t\t\t\t\t\t\t<li class=\"elementor-icon-list-item\">\n\t\t\t\t\t\t\t\t\t\t\t<a href=\"mailto:tic.soporte@qui.una.py\u00a0\">\n\n\t\t\t\t\t\t\t\t\t\t\t\t<span class=\"elementor-icon-list-icon\">\n\t\t\t\t\t\t\t<svg aria-hidden=\"true\" class=\"e-font-icon-svg e-fas-envelope\" viewBox=\"0 0 512 512\" xmlns=\"http:\/\/www.w3.org\/2000\/svg\"><path d=\"M502.3 190.8c3.9-3.1 9.7-.2 9.7 4.7V400c0 26.5-21.5 48-48 48H48c-26.5 0-48-21.5-48-48V195.6c0-5 5.7-7.8 9.7-4.7 22.4 17.4 52.1 39.5 154.1 113.6 21.1 15.4 56.7 47.8 92.2 47.6 35.7.3 72-32.8 92.3-47.6 102-74.1 131.6-96.3 154-113.7zM256 320c23.2.4 56.6-29.2 73.4-41.4 132.7-96.3 142.8-104.7 173.4-128.7 5.8-4.5 9.2-11.5 9.2-18.9v-19c0-26.5-21.5-48-48-48H48C21.5 64 0 85.5 0 112v19c0 7.4 3.4 14.3 9.2 18.9 30.6 23.9 40.7 32.4 173.4 128.7 16.8 12.2 50.2 41.8 73.4 41.4z\"><\/path><\/svg>\t\t\t\t\t\t<\/span>\n\t\t\t\t\t\t\t\t\t\t<span class=\"elementor-icon-list-text\">tic.soporte@qui.una.py\u00a0<\/span>\n\t\t\t\t\t\t\t\t\t\t\t<\/a>\n\t\t\t\t\t\t\t\t\t<\/li>\n\t\t\t\t\t\t<\/ul>\n\t\t\t\t\t\t<\/div>\n\t\t\t\t<\/div>\n\t\t\t\t<\/div>\n\t\t\t\t<\/div>\n\t\t\t\t<\/div>\n\t\t\t\t<div class=\"elementor-element elementor-element-24feea5 elementor-widget elementor-widget-heading\" data-id=\"24feea5\" data-element_type=\"widget\" data-widget_type=\"heading.default\">\n\t\t\t\t\t<h2 class=\"elementor-heading-title elementor-size-default\">Secci\u00f3n Mantenimiento de Hardware y Redes<\/h2>\t\t\t\t<\/div>\n\t\t\t\t<div class=\"elementor-element elementor-element-0fbee24 elementor-widget elementor-widget-text-editor\" data-id=\"0fbee24\" data-element_type=\"widget\" data-widget_type=\"text-editor.default\">\n\t\t\t\t\t\t\t\t\t<p>Se encarga de la administraci\u00f3n de todo lo que a soporte t\u00e9cnico y soporte al usuario se refiere, incluyendo soporte b\u00e1sico al auditorio.<\/p>\t\t\t\t\t\t\t\t<\/div>\n\t\t\t\t<div class=\"elementor-element elementor-element-a9cbd66 elementor-widget elementor-widget-heading\" data-id=\"a9cbd66\" data-element_type=\"widget\" data-widget_type=\"heading.default\">\n\t\t\t\t\t<h2 class=\"elementor-heading-title elementor-size-default\">Secci\u00f3n Desarrollo de Sistemas y Base de Datos<\/h2>\t\t\t\t<\/div>\n\t\t\t\t<div class=\"elementor-element elementor-element-571c24d elementor-widget elementor-widget-text-editor\" data-id=\"571c24d\" data-element_type=\"widget\" data-widget_type=\"text-editor.default\">\n\t\t\t\t\t\t\t\t\t<p>Se encarga de todo lo que a Sistema de informaci\u00f3n se refiera, Base de datos e interacci\u00f3n con sistema del CNC, y soporte en general a la informaci\u00f3n.<\/p>\t\t\t\t\t\t\t\t<\/div>\n\t\t\t\t<div class=\"elementor-element elementor-element-2237e7d elementor-widget elementor-widget-heading\" data-id=\"2237e7d\" data-element_type=\"widget\" data-widget_type=\"heading.default\">\n\t\t\t\t\t<h2 class=\"elementor-heading-title elementor-size-default\">Secci\u00f3n Seguridad de la Informaci\u00f3n<\/h2>\t\t\t\t<\/div>\n\t\t\t\t<div class=\"elementor-element elementor-element-96815d4 elementor-widget elementor-widget-text-editor\" data-id=\"96815d4\" data-element_type=\"widget\" data-widget_type=\"text-editor.default\">\n\t\t\t\t\t\t\t\t\t<p>Se encarga de temas relacionados a: copias de respaldo, buenas pr\u00e1cticas de ciberseguridad, capacitaci\u00f3n a todos los usuarios sobre el cuidado de la informaci\u00f3n institucional, interacci\u00f3n con el CERT PY-MITIC.<\/p>\t\t\t\t\t\t\t\t<\/div>\n\t\t\t\t<div class=\"elementor-element elementor-element-4a73482 elementor-widget elementor-widget-heading\" data-id=\"4a73482\" data-element_type=\"widget\" data-widget_type=\"heading.default\">\n\t\t\t\t\t<h2 class=\"elementor-heading-title elementor-size-default\">Secci\u00f3n Plataformas Digitales<\/h2>\t\t\t\t<\/div>\n\t\t\t\t<div class=\"elementor-element elementor-element-10bf054 elementor-widget elementor-widget-text-editor\" data-id=\"10bf054\" data-element_type=\"widget\" data-widget_type=\"text-editor.default\">\n\t\t\t\t\t\t\t\t\t<p>Se encarga de temas relacionados al Moodle y cualquier otra plataforma de e-learning, Plataformas de Encuestas, Administraci\u00f3n de correos institucionales y sistemas en general del \u00e1rea acad\u00e9mica.<\/p>\t\t\t\t\t\t\t\t<\/div>\n\t\t\t\t\t<\/div>\n\t\t\t\t<\/div>\n\t\t\t\t<\/div>\n\t\t","protected":false},"excerpt":{"rendered":"<p>Presentacii\u00f3n Servir de apoyo tecnol\u00f3gico a todas las \u00e1reas dentro de la Facultad de Ciencias Qu\u00edmicas. Dar soporte a todos los usuarios en temas relacionados a: sistemas de gesti\u00f3n acad\u00e9mica, software de ofim\u00e1tica, pol\u00edticas de ciberseguridad, soporte de datos, conexi\u00f3n a internet, equipamiento inform\u00e1tico y redes de comunicaci\u00f3n. Objetivos: Servir de apoyo t\u00e9cnico en todos [&hellip;]<\/p>\n","protected":false},"author":2,"featured_media":0,"parent":48650,"menu_order":0,"comment_status":"closed","ping_status":"closed","template":"","meta":{"footnotes":""},"class_list":["post-54069","page","type-page","status-publish","hentry"],"_links":{"self":[{"href":"https:\/\/fcquna.edu.py\/v3\/wp-json\/wp\/v2\/pages\/54069","targetHints":{"allow":["GET"]}}],"collection":[{"href":"https:\/\/fcquna.edu.py\/v3\/wp-json\/wp\/v2\/pages"}],"about":[{"href":"https:\/\/fcquna.edu.py\/v3\/wp-json\/wp\/v2\/types\/page"}],"author":[{"embeddable":true,"href":"https:\/\/fcquna.edu.py\/v3\/wp-json\/wp\/v2\/users\/2"}],"replies":[{"embeddable":true,"href":"https:\/\/fcquna.edu.py\/v3\/wp-json\/wp\/v2\/comments?post=54069"}],"version-history":[{"count":10,"href":"https:\/\/fcquna.edu.py\/v3\/wp-json\/wp\/v2\/pages\/54069\/revisions"}],"predecessor-version":[{"id":55371,"href":"https:\/\/fcquna.edu.py\/v3\/wp-json\/wp\/v2\/pages\/54069\/revisions\/55371"}],"up":[{"embeddable":true,"href":"https:\/\/fcquna.edu.py\/v3\/wp-json\/wp\/v2\/pages\/48650"}],"wp:attachment":[{"href":"https:\/\/fcquna.edu.py\/v3\/wp-json\/wp\/v2\/media?parent=54069"}],"curies":[{"name":"wp","href":"https:\/\/api.w.org\/{rel}","templated":true}]}}