{"id":54058,"date":"2026-03-09T20:57:00","date_gmt":"2026-03-09T20:57:00","guid":{"rendered":"https:\/\/fcquna.edu.py\/v3\/?page_id=54058"},"modified":"2026-03-19T20:57:41","modified_gmt":"2026-03-19T20:57:41","slug":"direccion-de-planificacion","status":"publish","type":"page","link":"https:\/\/fcquna.edu.py\/v3\/institucional\/dependencias\/direccion-de-planificacion\/","title":{"rendered":"Direcci\u00f3n de Planificaci\u00f3n"},"content":{"rendered":"\t\t<div data-elementor-type=\"wp-page\" data-elementor-id=\"54058\" class=\"elementor elementor-54058\" data-elementor-post-type=\"page\">\n\t\t\t\t<div class=\"elementor-element elementor-element-ea067ff e-flex e-con-boxed e-con e-parent\" data-id=\"ea067ff\" data-element_type=\"container\" data-settings=\"{&quot;jet_parallax_layout_list&quot;:[]}\">\n\t\t\t\t\t<div class=\"e-con-inner\">\n\t\t\t\t<div class=\"elementor-element elementor-element-dde1c1b elementor-widget elementor-widget-heading\" data-id=\"dde1c1b\" data-element_type=\"widget\" data-widget_type=\"heading.default\">\n\t\t\t\t\t<h2 class=\"elementor-heading-title elementor-size-default\">Presentaci\u00f3n<\/h2>\t\t\t\t<\/div>\n\t\t\t\t<div class=\"elementor-element elementor-element-097dfc7 elementor-widget elementor-widget-text-editor\" data-id=\"097dfc7\" data-element_type=\"widget\" data-widget_type=\"text-editor.default\">\n\t\t\t\t\t\t\t\t\t<p><b>Objetivos:\u00a0<\/b><\/p><p>Coordinar las actividades del sistema de planificaci\u00f3n mediante el direccionamiento y control de los planes, programas y proyectos estrat\u00e9gicos de la FCQ, evaluando de forma oportuna el cumplimiento de los logros institucionales. De manera a hacer sinergia para que la Instituci\u00f3n funcione de manera eficiente cumpliendo la Norma de Requisitos M\u00ednimos MECIP 2015.<\/p><p><b>Funciones:\u00a0<\/b><\/p><ul><li aria-level=\"1\">Coordinar y supervisar la elaboraci\u00f3n de Plan Estrat\u00e9gico Institucional.<\/li><li aria-level=\"1\">Acompa\u00f1ar los procesos de implementaci\u00f3n del sistema de gesti\u00f3n y de control interno adoptado por la instituci\u00f3n con las dependencias<\/li><li aria-level=\"1\">Supervisar el Plan Operativo Institucional en base a las informaciones pertinentes proporcionadas por las distintas dependencias.<\/li><li aria-level=\"1\">Proponer acciones pertinentes para mantener actualizada la organizaci\u00f3n funcional de la Instituci\u00f3n, as\u00ed como reglamentos, procedimientos operativos y administrativos<\/li><li aria-level=\"1\">Elaborar informes institucionales solicitados a la Direcci\u00f3n en cumplimiento de las disposiciones vigentes.<\/li><li aria-level=\"1\">Supervisar la entrega de evidencias en cumplimiento a la Evaluaci\u00f3n de la Norma de Requisitos M\u00ednimos MECIP 2015.<\/li><li aria-level=\"1\">Supervisar las documentaciones presentadas por las dependencias para elevar a aprobaci\u00f3n de Consejo Directivo o Decanato.<\/li><li aria-level=\"1\">Asesorar en el an\u00e1lisis, dise\u00f1o, desarrollo e implementaci\u00f3n de la estructura organizacional, en forma integrada, en la normalizaci\u00f3n de los instrumentos y procesos, as\u00ed como, de los sistemas y procedimientos.<\/li><li aria-level=\"1\">Asegurar el cumplimiento en la carga de los sistemas de planificaci\u00f3n y otros conforme a las disposiciones vigentes.<\/li><\/ul>\t\t\t\t\t\t\t\t<\/div>\n\t\t<div class=\"elementor-element elementor-element-0ee1fa0 e-con-full e-flex e-con e-child\" data-id=\"0ee1fa0\" data-element_type=\"container\" data-settings=\"{&quot;jet_parallax_layout_list&quot;:[]}\">\n\t\t<div class=\"elementor-element elementor-element-87f6874 e-con-full e-flex e-con e-child\" data-id=\"87f6874\" data-element_type=\"container\" data-settings=\"{&quot;jet_parallax_layout_list&quot;:[]}\">\n\t\t<div class=\"elementor-element elementor-element-7515b45 e-con-full e-flex e-con e-child\" data-id=\"7515b45\" data-element_type=\"container\" data-settings=\"{&quot;jet_parallax_layout_list&quot;:[]}\">\n\t\t<div class=\"elementor-element elementor-element-4fefc83 e-con-full e-flex e-con e-child\" data-id=\"4fefc83\" data-element_type=\"container\" data-settings=\"{&quot;jet_parallax_layout_list&quot;:[]}\">\n\t\t\t\t<div class=\"elementor-element elementor-element-f5223ec elementor-widget elementor-widget-image\" data-id=\"f5223ec\" data-element_type=\"widget\" data-widget_type=\"image.default\">\n\t\t\t\t\t\t\t\t\t\t\t\t\t\t\t<img fetchpriority=\"high\" decoding=\"async\" width=\"758\" height=\"758\" src=\"https:\/\/fcquna.edu.py\/v3\/wp-content\/uploads\/2026\/03\/Planificacion_Paola_Gonzalez.jpg\" class=\"attachment-medium_large size-medium_large wp-image-54719\" alt=\"\" srcset=\"https:\/\/fcquna.edu.py\/v3\/wp-content\/uploads\/2026\/03\/Planificacion_Paola_Gonzalez.jpg 758w, https:\/\/fcquna.edu.py\/v3\/wp-content\/uploads\/2026\/03\/Planificacion_Paola_Gonzalez-300x300.jpg 300w, https:\/\/fcquna.edu.py\/v3\/wp-content\/uploads\/2026\/03\/Planificacion_Paola_Gonzalez-150x150.jpg 150w\" sizes=\"(max-width: 758px) 100vw, 758px\" \/>\t\t\t\t\t\t\t\t\t\t\t\t\t\t\t<\/div>\n\t\t\t\t<\/div>\n\t\t<div class=\"elementor-element elementor-element-81c30b7 e-con-full e-flex e-con e-child\" data-id=\"81c30b7\" data-element_type=\"container\" data-settings=\"{&quot;jet_parallax_layout_list&quot;:[],&quot;background_background&quot;:&quot;classic&quot;}\">\n\t\t\t\t<div class=\"elementor-element elementor-element-263d354 elementor-widget elementor-widget-heading\" data-id=\"263d354\" data-element_type=\"widget\" data-widget_type=\"heading.default\">\n\t\t\t\t\t<h2 class=\"elementor-heading-title elementor-size-default\">Econ. Paola Gonz\u00e1lez Burgos<\/h2>\t\t\t\t<\/div>\n\t\t\t\t<div class=\"elementor-element elementor-element-69b69d9 elementor-widget elementor-widget-text-editor\" data-id=\"69b69d9\" data-element_type=\"widget\" data-widget_type=\"text-editor.default\">\n\t\t\t\t\t\t\t\t\t<p>Coordinadora<\/p>\t\t\t\t\t\t\t\t<\/div>\n\t\t\t\t<div class=\"elementor-element elementor-element-61d6215 elementor-icon-list--layout-traditional elementor-list-item-link-full_width elementor-widget elementor-widget-icon-list\" data-id=\"61d6215\" data-element_type=\"widget\" data-widget_type=\"icon-list.default\">\n\t\t\t\t\t\t\t<ul class=\"elementor-icon-list-items\">\n\t\t\t\t\t\t\t<li class=\"elementor-icon-list-item\">\n\t\t\t\t\t\t\t\t\t\t\t<a href=\"mailto:planificacion@qui.una.py\">\n\n\t\t\t\t\t\t\t\t\t\t\t\t<span class=\"elementor-icon-list-icon\">\n\t\t\t\t\t\t\t<svg aria-hidden=\"true\" class=\"e-font-icon-svg e-fas-envelope\" viewBox=\"0 0 512 512\" xmlns=\"http:\/\/www.w3.org\/2000\/svg\"><path d=\"M502.3 190.8c3.9-3.1 9.7-.2 9.7 4.7V400c0 26.5-21.5 48-48 48H48c-26.5 0-48-21.5-48-48V195.6c0-5 5.7-7.8 9.7-4.7 22.4 17.4 52.1 39.5 154.1 113.6 21.1 15.4 56.7 47.8 92.2 47.6 35.7.3 72-32.8 92.3-47.6 102-74.1 131.6-96.3 154-113.7zM256 320c23.2.4 56.6-29.2 73.4-41.4 132.7-96.3 142.8-104.7 173.4-128.7 5.8-4.5 9.2-11.5 9.2-18.9v-19c0-26.5-21.5-48-48-48H48C21.5 64 0 85.5 0 112v19c0 7.4 3.4 14.3 9.2 18.9 30.6 23.9 40.7 32.4 173.4 128.7 16.8 12.2 50.2 41.8 73.4 41.4z\"><\/path><\/svg>\t\t\t\t\t\t<\/span>\n\t\t\t\t\t\t\t\t\t\t<span class=\"elementor-icon-list-text\">planificacion@qui.una.py\u00a0<\/span>\n\t\t\t\t\t\t\t\t\t\t\t<\/a>\n\t\t\t\t\t\t\t\t\t<\/li>\n\t\t\t\t\t\t\t\t<li class=\"elementor-icon-list-item\">\n\t\t\t\t\t\t\t\t\t\t\t<a href=\"mailto:asesoria.planificacion@qui.una.py\">\n\n\t\t\t\t\t\t\t\t\t\t\t\t<span class=\"elementor-icon-list-icon\">\n\t\t\t\t\t\t\t<svg aria-hidden=\"true\" class=\"e-font-icon-svg e-fas-envelope\" viewBox=\"0 0 512 512\" xmlns=\"http:\/\/www.w3.org\/2000\/svg\"><path d=\"M502.3 190.8c3.9-3.1 9.7-.2 9.7 4.7V400c0 26.5-21.5 48-48 48H48c-26.5 0-48-21.5-48-48V195.6c0-5 5.7-7.8 9.7-4.7 22.4 17.4 52.1 39.5 154.1 113.6 21.1 15.4 56.7 47.8 92.2 47.6 35.7.3 72-32.8 92.3-47.6 102-74.1 131.6-96.3 154-113.7zM256 320c23.2.4 56.6-29.2 73.4-41.4 132.7-96.3 142.8-104.7 173.4-128.7 5.8-4.5 9.2-11.5 9.2-18.9v-19c0-26.5-21.5-48-48-48H48C21.5 64 0 85.5 0 112v19c0 7.4 3.4 14.3 9.2 18.9 30.6 23.9 40.7 32.4 173.4 128.7 16.8 12.2 50.2 41.8 73.4 41.4z\"><\/path><\/svg>\t\t\t\t\t\t<\/span>\n\t\t\t\t\t\t\t\t\t\t<span class=\"elementor-icon-list-text\">asesoria.planificacion@qui.una.py<\/span>\n\t\t\t\t\t\t\t\t\t\t\t<\/a>\n\t\t\t\t\t\t\t\t\t<\/li>\n\t\t\t\t\t\t<\/ul>\n\t\t\t\t\t\t<\/div>\n\t\t\t\t<\/div>\n\t\t\t\t<\/div>\n\t\t\t\t<\/div>\n\t\t\t\t<\/div>\n\t\t\t\t<div class=\"elementor-element elementor-element-aef804e elementor-widget elementor-widget-heading\" data-id=\"aef804e\" data-element_type=\"widget\" data-widget_type=\"heading.default\">\n\t\t\t\t\t<h2 class=\"elementor-heading-title elementor-size-default\">Departamento de Planificaci\u00f3n<\/h2>\t\t\t\t<\/div>\n\t\t\t\t<div class=\"elementor-element elementor-element-d415aa4 elementor-widget elementor-widget-text-editor\" data-id=\"d415aa4\" data-element_type=\"widget\" data-widget_type=\"text-editor.default\">\n\t\t\t\t\t\t\t\t\t<p><b>Funciones:<\/b><\/p><ul><li aria-level=\"1\">Elaborar, asesorar y participar en la formulaci\u00f3n de objetivos, lineamientos, metas y acciones conforme a la gesti\u00f3n por procesos.<\/li><li aria-level=\"1\">Verificar la elaboraci\u00f3n del POA con las dependencias y el institucional.<\/li><li aria-level=\"1\">Colaborar con el dise\u00f1o, seguimiento y evaluaci\u00f3n del Plan Estrat\u00e9gico de la Instituci\u00f3n, Plan Operativo Institucional y Plan de Desarrollo.<\/li><li aria-level=\"1\">Coordinar la elaboraci\u00f3n de instrumentos para la ejecuci\u00f3n de planes y programas.<\/li><li aria-level=\"1\">Planificar y organizar conjuntamente con las dependencias las acciones y actividades conforme a los objetivos, pol\u00edticas y recursos.<\/li><li aria-level=\"1\">Coordinar y solicitar a las dem\u00e1s direcciones, los avances e informes cualitativos y cuantitativos.<\/li><li aria-level=\"1\">Evaluar la operatividad y\/o vigencia de los Manuales de Organizaci\u00f3n y Sistemas, Normas y Procedimientos, as\u00ed como, los formularios e instructivos implementados, con miras a la simplificaci\u00f3n, agilizaci\u00f3n y\/o actualizaci\u00f3n de los procesos administrativos y operativos que as\u00ed lo requieran.<\/li><li aria-level=\"1\">Dise\u00f1ar planes de monitoreo y presentar informes referentes a la ejecuci\u00f3n y elevar propuestas de reorientaci\u00f3n de las acciones implementadas por la instituci\u00f3n en funci\u00f3n a sus objetivos.<\/li><\/ul><p><b>Secciones:\u00a0<\/b><\/p><ul><li aria-level=\"1\">Planificaci\u00f3n y Proyectos<\/li><li aria-level=\"1\">Organizaci\u00f3n y Procesos<\/li><li aria-level=\"1\">Monitoreo y Evaluaci\u00f3n<\/li><\/ul>\t\t\t\t\t\t\t\t<\/div>\n\t\t\t\t<div class=\"elementor-element elementor-element-92a70d5 elementor-widget elementor-widget-heading\" data-id=\"92a70d5\" data-element_type=\"widget\" data-widget_type=\"heading.default\">\n\t\t\t\t\t<h2 class=\"elementor-heading-title elementor-size-default\">Departamento de MECIP<\/h2>\t\t\t\t<\/div>\n\t\t\t\t<div class=\"elementor-element elementor-element-6b8bd94 elementor-widget elementor-widget-text-editor\" data-id=\"6b8bd94\" data-element_type=\"widget\" data-widget_type=\"text-editor.default\">\n\t\t\t\t\t\t\t\t\t<p><b>Funciones:<\/b><\/p><ul><li aria-level=\"1\">Coordinar y planificar su plan de trabajo en base a las necesidades detectadas para el cumplimiento de la norma.<\/li><li aria-level=\"1\">Dirigir y coordinar las actividades del Equipo MECIP.<\/li><li aria-level=\"1\">Supervisar permanentemente en coordinaci\u00f3n con el Comit\u00e9 de Control Interno, los documentos previamente desarrollados. (actualizaci\u00f3n de formatos aprobados) y monitorear el proceso de implementaci\u00f3n a los efectos de lograr sistemas de control para la gesti\u00f3n institucional.<\/li><li aria-level=\"1\">Verificar la informaci\u00f3n para presentar propuestas de dise\u00f1o e implementaci\u00f3n de la Norma de Requisitos M\u00ednimos.<\/li><li aria-level=\"1\">Coordinar la socializaci\u00f3n\u00a0 de la Misi\u00f3n, Visi\u00f3n, Objetivos Institucionales, Valores \u00e9ticos y avances de la implementaci\u00f3n del MECIP.<\/li><li aria-level=\"1\">Mantener actualizada la p\u00e1gina web en el apartado correspondiente a las publicaciones de los documentos para el cumplimiento de la Norma de Requisitos M\u00ednimos MECIP 2015.<\/li><li aria-level=\"1\">Evaluar los resultados y proponer ajustes elevando informes sobre el avance de la implementaci\u00f3n del MECIP<\/li><li aria-level=\"1\">Coordinar con las dependencias los cronogramas para formulaci\u00f3n de procesos, identificaci\u00f3n de riesgos, manuales en conjunto con la Jefatura de Planificaci\u00f3n.<\/li><li aria-level=\"1\">Capacitar a los funcionarios sobre la importancia de la implementaci\u00f3n de la Norma de Requisitos M\u00ednimos.<\/li><li aria-level=\"1\">Asesorar a las dependencias de la instituci\u00f3n en el dise\u00f1o e implementaci\u00f3n de la Norma de Requisitos M\u00ednimos.<\/li><li aria-level=\"1\">Coordinar de manera conjunta la agenda de actividades de los Diferentes Comit\u00e9s de Trabajo que integran el MECIP.<\/li><li aria-level=\"1\">Realizar talleres para consensuar normas, pol\u00edticas y estrategias a ser implementadas en la instituci\u00f3n, con los integrantes de los Comit\u00e9s<\/li><li aria-level=\"1\">Realizar el seguimiento a las actividades planificadas con las dependencias para el cumplimiento de la Norma.<\/li><\/ul><p><b>Contacto: <\/b><a href=\"mailto:mecip@qui.una.py\"><b>mecip@qui.una.py<\/b><\/a> <\/p>\t\t\t\t\t\t\t\t<\/div>\n\t\t\t\t\t<\/div>\n\t\t\t\t<\/div>\n\t\t\t\t<\/div>\n\t\t","protected":false},"excerpt":{"rendered":"<p>Presentaci\u00f3n Objetivos:\u00a0 Coordinar las actividades del sistema de planificaci\u00f3n mediante el direccionamiento y control de los planes, programas y proyectos estrat\u00e9gicos de la FCQ, evaluando de forma oportuna el cumplimiento de los logros institucionales. De manera a hacer sinergia para que la Instituci\u00f3n funcione de manera eficiente cumpliendo la Norma de Requisitos M\u00ednimos MECIP 2015. [&hellip;]<\/p>\n","protected":false},"author":2,"featured_media":0,"parent":48650,"menu_order":0,"comment_status":"closed","ping_status":"closed","template":"","meta":{"footnotes":""},"class_list":["post-54058","page","type-page","status-publish","hentry"],"_links":{"self":[{"href":"https:\/\/fcquna.edu.py\/v3\/wp-json\/wp\/v2\/pages\/54058","targetHints":{"allow":["GET"]}}],"collection":[{"href":"https:\/\/fcquna.edu.py\/v3\/wp-json\/wp\/v2\/pages"}],"about":[{"href":"https:\/\/fcquna.edu.py\/v3\/wp-json\/wp\/v2\/types\/page"}],"author":[{"embeddable":true,"href":"https:\/\/fcquna.edu.py\/v3\/wp-json\/wp\/v2\/users\/2"}],"replies":[{"embeddable":true,"href":"https:\/\/fcquna.edu.py\/v3\/wp-json\/wp\/v2\/comments?post=54058"}],"version-history":[{"count":13,"href":"https:\/\/fcquna.edu.py\/v3\/wp-json\/wp\/v2\/pages\/54058\/revisions"}],"predecessor-version":[{"id":55368,"href":"https:\/\/fcquna.edu.py\/v3\/wp-json\/wp\/v2\/pages\/54058\/revisions\/55368"}],"up":[{"embeddable":true,"href":"https:\/\/fcquna.edu.py\/v3\/wp-json\/wp\/v2\/pages\/48650"}],"wp:attachment":[{"href":"https:\/\/fcquna.edu.py\/v3\/wp-json\/wp\/v2\/media?parent=54058"}],"curies":[{"name":"wp","href":"https:\/\/api.w.org\/{rel}","templated":true}]}}