{"id":53993,"date":"2026-03-09T19:36:49","date_gmt":"2026-03-09T19:36:49","guid":{"rendered":"https:\/\/fcquna.edu.py\/v3\/?page_id=53993"},"modified":"2026-03-16T17:37:42","modified_gmt":"2026-03-16T17:37:42","slug":"direccion-de-gestion-de-calidad","status":"publish","type":"page","link":"https:\/\/fcquna.edu.py\/v3\/institucional\/dependencias\/direccion-de-gestion-de-calidad\/","title":{"rendered":"Direcci\u00f3n de Gesti\u00f3n de Calidad"},"content":{"rendered":"\t\t<div data-elementor-type=\"wp-page\" data-elementor-id=\"53993\" class=\"elementor elementor-53993\" data-elementor-post-type=\"page\">\n\t\t\t\t<div class=\"elementor-element elementor-element-4a35aac e-flex e-con-boxed e-con e-parent\" data-id=\"4a35aac\" data-element_type=\"container\" data-settings=\"{&quot;jet_parallax_layout_list&quot;:[]}\">\n\t\t\t\t\t<div class=\"e-con-inner\">\n\t\t\t\t<div class=\"elementor-element elementor-element-2f75a62 elementor-widget elementor-widget-heading\" data-id=\"2f75a62\" data-element_type=\"widget\" data-widget_type=\"heading.default\">\n\t\t\t\t\t<h2 class=\"elementor-heading-title elementor-size-default\">Presentaci\u00f3n<\/h2>\t\t\t\t<\/div>\n\t\t\t\t<div class=\"elementor-element elementor-element-c0d28cb elementor-widget elementor-widget-text-editor\" data-id=\"c0d28cb\" data-element_type=\"widget\" data-widget_type=\"text-editor.default\">\n\t\t\t\t\t\t\t\t\t<p>La Direcci\u00f3n de Gesti\u00f3n de Calidad de la Facultad de Ciencias Qu\u00edmicas de la Universidad Nacional de Asunci\u00f3n, es una unidad t\u00e9cnica dependiente del Decanato, es la responsable de planificar, coordinar y supervisar los procesos de aseguramiento y mejoramiento continuo de la calidad acad\u00e9mica.<\/p><p>Gestiona la documentaci\u00f3n institucional, lidera los procesos de autoevaluaci\u00f3n y acreditaci\u00f3n, adem\u00e1s, dise\u00f1a y analiza instrumentos de evaluaci\u00f3n. Asimismo, promueve la cultura de calidad mediante la capacitaci\u00f3n y la actualizaci\u00f3n permanente.<\/p>\t\t\t\t\t\t\t\t<\/div>\n\t\t\t\t\t<\/div>\n\t\t\t\t<\/div>\n\t\t<div class=\"elementor-element elementor-element-e8705b3 e-flex e-con-boxed e-con e-parent\" data-id=\"e8705b3\" data-element_type=\"container\" data-settings=\"{&quot;jet_parallax_layout_list&quot;:[]}\">\n\t\t\t\t\t<div class=\"e-con-inner\">\n\t\t<div class=\"elementor-element elementor-element-2c496b4 e-con-full e-flex e-con e-child\" data-id=\"2c496b4\" data-element_type=\"container\" data-settings=\"{&quot;jet_parallax_layout_list&quot;:[]}\">\n\t\t\t\t<div class=\"elementor-element elementor-element-fbcfac3 elementor-widget elementor-widget-image\" data-id=\"fbcfac3\" data-element_type=\"widget\" data-widget_type=\"image.default\">\n\t\t\t\t\t\t\t\t\t\t\t\t\t\t\t<img fetchpriority=\"high\" decoding=\"async\" width=\"800\" height=\"800\" src=\"https:\/\/fcquna.edu.py\/v3\/wp-content\/uploads\/2026\/03\/Gestion_de_Calidad_Denhisse-1024x1024.png\" class=\"attachment-large size-large wp-image-54663\" alt=\"\" srcset=\"https:\/\/fcquna.edu.py\/v3\/wp-content\/uploads\/2026\/03\/Gestion_de_Calidad_Denhisse-1024x1024.png 1024w, https:\/\/fcquna.edu.py\/v3\/wp-content\/uploads\/2026\/03\/Gestion_de_Calidad_Denhisse-300x300.png 300w, https:\/\/fcquna.edu.py\/v3\/wp-content\/uploads\/2026\/03\/Gestion_de_Calidad_Denhisse-150x150.png 150w, https:\/\/fcquna.edu.py\/v3\/wp-content\/uploads\/2026\/03\/Gestion_de_Calidad_Denhisse-768x768.png 768w, https:\/\/fcquna.edu.py\/v3\/wp-content\/uploads\/2026\/03\/Gestion_de_Calidad_Denhisse-1536x1536.png 1536w, https:\/\/fcquna.edu.py\/v3\/wp-content\/uploads\/2026\/03\/Gestion_de_Calidad_Denhisse-2048x2048.png 2048w\" sizes=\"(max-width: 800px) 100vw, 800px\" \/>\t\t\t\t\t\t\t\t\t\t\t\t\t\t\t<\/div>\n\t\t\t\t<\/div>\n\t\t<div class=\"elementor-element elementor-element-cdbf6bf e-con-full e-flex e-con e-child\" data-id=\"cdbf6bf\" data-element_type=\"container\" data-settings=\"{&quot;background_background&quot;:&quot;classic&quot;,&quot;jet_parallax_layout_list&quot;:[]}\">\n\t\t\t\t<div class=\"elementor-element elementor-element-d82ab4f elementor-widget elementor-widget-heading\" data-id=\"d82ab4f\" data-element_type=\"widget\" data-widget_type=\"heading.default\">\n\t\t\t\t\t<h2 class=\"elementor-heading-title elementor-size-default\">BC. Denhisse Guill\u00e9n de Vera\u00a0<\/h2>\t\t\t\t<\/div>\n\t\t\t\t<div class=\"elementor-element elementor-element-1a1fd0c elementor-widget elementor-widget-text-editor\" data-id=\"1a1fd0c\" data-element_type=\"widget\" data-widget_type=\"text-editor.default\">\n\t\t\t\t\t\t\t\t\t<p>Directora<\/p>\t\t\t\t\t\t\t\t<\/div>\n\t\t\t\t<div class=\"elementor-element elementor-element-83026a4 elementor-icon-list--layout-traditional elementor-list-item-link-full_width elementor-widget elementor-widget-icon-list\" data-id=\"83026a4\" data-element_type=\"widget\" data-widget_type=\"icon-list.default\">\n\t\t\t\t\t\t\t<ul class=\"elementor-icon-list-items\">\n\t\t\t\t\t\t\t<li class=\"elementor-icon-list-item\">\n\t\t\t\t\t\t\t\t\t\t\t<a href=\"mailto:autoeval@qui.una.py\">\n\n\t\t\t\t\t\t\t\t\t\t\t\t<span class=\"elementor-icon-list-icon\">\n\t\t\t\t\t\t\t<svg aria-hidden=\"true\" class=\"e-font-icon-svg e-fas-envelope\" viewBox=\"0 0 512 512\" xmlns=\"http:\/\/www.w3.org\/2000\/svg\"><path d=\"M502.3 190.8c3.9-3.1 9.7-.2 9.7 4.7V400c0 26.5-21.5 48-48 48H48c-26.5 0-48-21.5-48-48V195.6c0-5 5.7-7.8 9.7-4.7 22.4 17.4 52.1 39.5 154.1 113.6 21.1 15.4 56.7 47.8 92.2 47.6 35.7.3 72-32.8 92.3-47.6 102-74.1 131.6-96.3 154-113.7zM256 320c23.2.4 56.6-29.2 73.4-41.4 132.7-96.3 142.8-104.7 173.4-128.7 5.8-4.5 9.2-11.5 9.2-18.9v-19c0-26.5-21.5-48-48-48H48C21.5 64 0 85.5 0 112v19c0 7.4 3.4 14.3 9.2 18.9 30.6 23.9 40.7 32.4 173.4 128.7 16.8 12.2 50.2 41.8 73.4 41.4z\"><\/path><\/svg>\t\t\t\t\t\t<\/span>\n\t\t\t\t\t\t\t\t\t\t<span class=\"elementor-icon-list-text\">autoeval@qui.una.py<\/span>\n\t\t\t\t\t\t\t\t\t\t\t<\/a>\n\t\t\t\t\t\t\t\t\t<\/li>\n\t\t\t\t\t\t<\/ul>\n\t\t\t\t\t\t<\/div>\n\t\t\t\t<\/div>\n\t\t\t\t\t<\/div>\n\t\t\t\t<\/div>\n\t\t<div class=\"elementor-element elementor-element-32de99b e-flex e-con-boxed e-con e-parent\" data-id=\"32de99b\" data-element_type=\"container\" data-settings=\"{&quot;jet_parallax_layout_list&quot;:[]}\">\n\t\t\t\t\t<div class=\"e-con-inner\">\n\t\t\t\t<div class=\"elementor-element elementor-element-6036efe elementor-widget elementor-widget-heading\" data-id=\"6036efe\" data-element_type=\"widget\" data-widget_type=\"heading.default\">\n\t\t\t\t\t<h2 class=\"elementor-heading-title elementor-size-default\">Objetivos<\/h2>\t\t\t\t<\/div>\n\t\t\t\t<div class=\"elementor-element elementor-element-cfb1c3b elementor-widget elementor-widget-text-editor\" data-id=\"cfb1c3b\" data-element_type=\"widget\" data-widget_type=\"text-editor.default\">\n\t\t\t\t\t\t\t\t\t<p>La Direcci\u00f3n de Gesti\u00f3n de la Calidad tiene por objetivo asesorar, coordinar y acompa\u00f1ar los procesos de evaluaci\u00f3n y gesti\u00f3n acad\u00e9mica de la Facultad de Ciencias Qu\u00edmicas, con el fin de:<\/p><ul><li aria-level=\"1\">Fortalecer el aseguramiento y la mejora continua de la calidad de las ofertas acad\u00e9micas de grado y postgrado.<\/li><li aria-level=\"1\">Promover la cultura de calidad en la instituci\u00f3n, basada en la planificaci\u00f3n, la autoevaluaci\u00f3n y la toma de decisiones informada.<\/li><\/ul>\t\t\t\t\t\t\t\t<\/div>\n\t\t\t\t<div class=\"elementor-element elementor-element-b28812b elementor-widget elementor-widget-heading\" data-id=\"b28812b\" data-element_type=\"widget\" data-widget_type=\"heading.default\">\n\t\t\t\t\t<h2 class=\"elementor-heading-title elementor-size-default\">Funciones<\/h2>\t\t\t\t<\/div>\n\t\t\t\t<div class=\"elementor-element elementor-element-9bcd7b0 elementor-widget elementor-widget-text-editor\" data-id=\"9bcd7b0\" data-element_type=\"widget\" data-widget_type=\"text-editor.default\">\n\t\t\t\t\t\t\t\t\t<p>Para el cumplimiento de sus objetivos, la Direcci\u00f3n de Gesti\u00f3n de la Calidad desarrolla, entre otras, las siguientes funciones:<\/p><ul><li aria-level=\"1\">Promover el cumplimiento de los est\u00e1ndares de calidad para la evaluaci\u00f3n y acreditaci\u00f3n en los distintos modelos nacionales, regionales e internacionales aplicables.<\/li><li aria-level=\"1\">Supervisar la recolecci\u00f3n, an\u00e1lisis y uso de la informaci\u00f3n institucional para la toma de decisiones estrat\u00e9gicas vinculadas a la calidad acad\u00e9mica y la gesti\u00f3n administrativa.<\/li><li aria-level=\"1\">Promover y consolidar la cultura de la calidad en la instituci\u00f3n, impulsando pr\u00e1cticas de autoevaluaci\u00f3n, rendici\u00f3n de cuentas y mejora continua.<\/li><li aria-level=\"1\">Gestionar el funcionamiento efectivo de la Direcci\u00f3n de Gesti\u00f3n de Calidad, coordinando al equipo de trabajo y administrando los recursos asignados.<\/li><\/ul>\t\t\t\t\t\t\t\t<\/div>\n\t\t\t\t<div class=\"elementor-element elementor-element-8173467 elementor-widget elementor-widget-heading\" data-id=\"8173467\" data-element_type=\"widget\" data-widget_type=\"heading.default\">\n\t\t\t\t\t<h2 class=\"elementor-heading-title elementor-size-default\">Gesti\u00f3n Documental<\/h2>\t\t\t\t<\/div>\n\t\t\t\t<div class=\"elementor-element elementor-element-fd5510e elementor-widget elementor-widget-text-editor\" data-id=\"fd5510e\" data-element_type=\"widget\" data-widget_type=\"text-editor.default\">\n\t\t\t\t\t\t\t\t\t<p>El \u00c1rea de Gesti\u00f3n Documental tiene a su cargo la organizaci\u00f3n, registro, resguardo y disponibilidad de la documentaci\u00f3n institucional relacionada con los procesos de gesti\u00f3n y aseguramiento de la calidad. Entre sus funciones principales se destacan:<\/p><ul><li aria-level=\"1\">Promover el fortalecimiento de la cultura de la calidad y el uso adecuado de la documentaci\u00f3n en la instituci\u00f3n.<\/li><li aria-level=\"1\">Redactar y apoyar en la elaboraci\u00f3n de notas, solicitudes y dem\u00e1s documentos emanados de la Direcci\u00f3n de Gesti\u00f3n de Calidad, asegurando su adecuada presentaci\u00f3n y registro.<\/li><li aria-level=\"1\">Organizar, clasificar y mantener actualizada la documentaci\u00f3n f\u00edsica y digital de la Direcci\u00f3n, garantizando su integridad, trazabilidad y disponibilidad oportuna.<\/li><\/ul>\t\t\t\t\t\t\t\t<\/div>\n\t\t\t\t<div class=\"elementor-element elementor-element-f18c7c7 elementor-widget elementor-widget-heading\" data-id=\"f18c7c7\" data-element_type=\"widget\" data-widget_type=\"heading.default\">\n\t\t\t\t\t<h2 class=\"elementor-heading-title elementor-size-default\">Coordinaci\u00f3n de Autoevaluaci\u00f3n<\/h2>\t\t\t\t<\/div>\n\t\t\t\t<div class=\"elementor-element elementor-element-7a49899 elementor-widget elementor-widget-text-editor\" data-id=\"7a49899\" data-element_type=\"widget\" data-widget_type=\"text-editor.default\">\n\t\t\t\t\t\t\t\t\t<p>La Coordinaci\u00f3n de Autoevaluaci\u00f3n es la instancia responsable de planificar, organizar y articular los procesos de evaluaci\u00f3n interna y externa de las carreras de grado, programas de postgrado y de la instituci\u00f3n en su conjunto. Bajo su \u00e1mbito se encuentran el \u00c1rea de Evaluaci\u00f3n Interna y Externa y el \u00c1rea de Instrumentos de Evaluaci\u00f3n y Estad\u00edsticas.<\/p><p>Entre sus funciones principales se destacan:<\/p><ul><li aria-level=\"1\">Coordinar el trabajo con acciones, plazos, responsables para la ejecuci\u00f3n de procesos de autoevaluaci\u00f3n de carreras, programas y de los planes de mejoras.<\/li><li aria-level=\"1\">Gestionar la recolecci\u00f3n, sistematizaci\u00f3n y an\u00e1lisis de datos para indicadores institucionales y reportes estrat\u00e9gicos.<\/li><li aria-level=\"1\">Verificar la consistencia de los informes de autoevaluaci\u00f3n y de implementaci\u00f3n de planes de mejora a medida que van siendo redactados y sugerir mejoras para fortalecer el proceso.<\/li><li aria-level=\"1\">Mantener actualizados los sistemas de informaci\u00f3n institucional, repositorios y bases de datos vinculados a los procesos de evaluaci\u00f3n, autoevaluaci\u00f3n y acreditaci\u00f3n.<\/li><li aria-level=\"1\">Capacitar y acompa\u00f1ar a los Comit\u00e9s de Autoevaluaci\u00f3n en el uso de instrumentos, as\u00ed como en la lectura, interpretaci\u00f3n y generaci\u00f3n de evidencias e indicadores, promoviendo la calidad metodol\u00f3gica de los procesos.<\/li><\/ul>\t\t\t\t\t\t\t\t<\/div>\n\t\t\t\t<div class=\"elementor-element elementor-element-fc2dd13 elementor-widget elementor-widget-heading\" data-id=\"fc2dd13\" data-element_type=\"widget\" data-widget_type=\"heading.default\">\n\t\t\t\t\t<h2 class=\"elementor-heading-title elementor-size-default\">Documentos de Inter\u00e9s<\/h2>\t\t\t\t<\/div>\n\t\t\t\t\t<\/div>\n\t\t\t\t<\/div>\n\t\t\t\t<\/div>\n\t\t","protected":false},"excerpt":{"rendered":"<p>Presentaci\u00f3n La Direcci\u00f3n de Gesti\u00f3n de Calidad de la Facultad de Ciencias Qu\u00edmicas de la Universidad Nacional de Asunci\u00f3n, es una unidad t\u00e9cnica dependiente del Decanato, es la responsable de planificar, coordinar y supervisar los procesos de aseguramiento y mejoramiento continuo de la calidad acad\u00e9mica. Gestiona la documentaci\u00f3n institucional, lidera los procesos de autoevaluaci\u00f3n y [&hellip;]<\/p>\n","protected":false},"author":2,"featured_media":0,"parent":48650,"menu_order":0,"comment_status":"closed","ping_status":"closed","template":"","meta":{"footnotes":""},"class_list":["post-53993","page","type-page","status-publish","hentry"],"_links":{"self":[{"href":"https:\/\/fcquna.edu.py\/v3\/wp-json\/wp\/v2\/pages\/53993","targetHints":{"allow":["GET"]}}],"collection":[{"href":"https:\/\/fcquna.edu.py\/v3\/wp-json\/wp\/v2\/pages"}],"about":[{"href":"https:\/\/fcquna.edu.py\/v3\/wp-json\/wp\/v2\/types\/page"}],"author":[{"embeddable":true,"href":"https:\/\/fcquna.edu.py\/v3\/wp-json\/wp\/v2\/users\/2"}],"replies":[{"embeddable":true,"href":"https:\/\/fcquna.edu.py\/v3\/wp-json\/wp\/v2\/comments?post=53993"}],"version-history":[{"count":34,"href":"https:\/\/fcquna.edu.py\/v3\/wp-json\/wp\/v2\/pages\/53993\/revisions"}],"predecessor-version":[{"id":54669,"href":"https:\/\/fcquna.edu.py\/v3\/wp-json\/wp\/v2\/pages\/53993\/revisions\/54669"}],"up":[{"embeddable":true,"href":"https:\/\/fcquna.edu.py\/v3\/wp-json\/wp\/v2\/pages\/48650"}],"wp:attachment":[{"href":"https:\/\/fcquna.edu.py\/v3\/wp-json\/wp\/v2\/media?parent=53993"}],"curies":[{"name":"wp","href":"https:\/\/api.w.org\/{rel}","templated":true}]}}