{"id":53975,"date":"2026-03-09T19:30:51","date_gmt":"2026-03-09T19:30:51","guid":{"rendered":"https:\/\/fcquna.edu.py\/v3\/?page_id=53975"},"modified":"2026-03-19T20:49:54","modified_gmt":"2026-03-19T20:49:54","slug":"direccion-de-extension-universitaria","status":"publish","type":"page","link":"https:\/\/fcquna.edu.py\/v3\/institucional\/dependencias\/direccion-de-extension-universitaria\/","title":{"rendered":"Direcci\u00f3n de Extensi\u00f3n Universitaria"},"content":{"rendered":"\t\t<div data-elementor-type=\"wp-page\" data-elementor-id=\"53975\" class=\"elementor elementor-53975\" data-elementor-post-type=\"page\">\n\t\t\t\t<div class=\"elementor-element elementor-element-3ad30cb e-flex e-con-boxed e-con e-parent\" data-id=\"3ad30cb\" data-element_type=\"container\" data-settings=\"{&quot;jet_parallax_layout_list&quot;:[]}\">\n\t\t\t\t\t<div class=\"e-con-inner\">\n\t\t\t\t<div class=\"elementor-element elementor-element-c93ec03 elementor-widget elementor-widget-heading\" data-id=\"c93ec03\" data-element_type=\"widget\" data-widget_type=\"heading.default\">\n\t\t\t\t\t<h2 class=\"elementor-heading-title elementor-size-default\">Presentaci\u00f3n<\/h2>\t\t\t\t<\/div>\n\t\t\t\t<div class=\"elementor-element elementor-element-aa238c5 elementor-widget elementor-widget-text-editor\" data-id=\"aa238c5\" data-element_type=\"widget\" data-widget_type=\"text-editor.default\">\n\t\t\t\t\t\t\t\t\t<p>La Direcci\u00f3n de Extensi\u00f3n Universitaria (DEU) es la unidad encargada de planificar, coordinar, ejecutar y evaluar las pol\u00edticas y acciones de extensi\u00f3n de la Facultad de Ciencias Qu\u00edmicas. Su misi\u00f3n es forjar un proceso integrador de ense\u00f1anza aprendizaje vinculado con la investigaci\u00f3n y la docencia, en una relaci\u00f3n din\u00e1mica y respetuosa con la sociedad a fin de contribuir al desarrollo cient\u00edfico, tecnol\u00f3gico y social.<\/p><p><b>Objetivo:<\/b><\/p><p>La Extensi\u00f3n Universitaria tiene como objetivo promover cambios significativos mediante una vinculaci\u00f3n proactiva con los actores sociales y la comunidad universitaria, implementando procesos participativos en la ejecuci\u00f3n de programas y proyectos. Se busca generar conciencia cr\u00edtica y construir empoderamiento, mejorando as\u00ed las condiciones de vida de la poblaci\u00f3n a trav\u00e9s de la interacci\u00f3n entre investigaci\u00f3n y docencia.<\/p><p><b>Funciones:\u00a0<\/b><\/p><ul><li aria-level=\"1\">Planificar y coordinar los programas y proyectos institucionales de extensi\u00f3n universitaria.<\/li><li aria-level=\"1\">Supervisar y acompa\u00f1ar las actividades acad\u00e9micas de extensi\u00f3n de todas las c\u00e1tedras.<\/li><li aria-level=\"1\">Gestionar convenios y alianzas estrat\u00e9gicas para el desarrollo de actividades comunitarias, educativas y cient\u00edficas.<\/li><li aria-level=\"1\">Organizar actividades de divulgaci\u00f3n cient\u00edfica, cultura, recreaci\u00f3n y bienestar.<\/li><li aria-level=\"1\">Elaborar informes t\u00e9cnicos, institucionales y de gesti\u00f3n.<\/li><li aria-level=\"1\">Administrar la mesa de entrada y salida documental de la DEU.<\/li><li aria-level=\"1\">Mantener organizado y actualizado el sistema documental, formularios y anexos de extensi\u00f3n.<\/li><li aria-level=\"1\">Realizar el seguimiento a egresados y empleadores con fines de retroalimentaci\u00f3n acad\u00e9mica.<\/li><li aria-level=\"1\">Coordinar las acciones de comunicaci\u00f3n institucional de las actividades de extensi\u00f3n.<\/li><li aria-level=\"1\">Monitorear y evaluar los indicadores de impacto de los programas institucionales.<\/li><\/ul>\t\t\t\t\t\t\t\t<\/div>\n\t\t<div class=\"elementor-element elementor-element-a392c8e e-con-full e-flex e-con e-child\" data-id=\"a392c8e\" data-element_type=\"container\" data-settings=\"{&quot;jet_parallax_layout_list&quot;:[]}\">\n\t\t<div class=\"elementor-element elementor-element-e6b31d6 e-con-full e-flex e-con e-child\" data-id=\"e6b31d6\" data-element_type=\"container\" data-settings=\"{&quot;jet_parallax_layout_list&quot;:[]}\">\n\t\t<div class=\"elementor-element elementor-element-44d8019 e-con-full e-flex e-con e-child\" data-id=\"44d8019\" data-element_type=\"container\" data-settings=\"{&quot;jet_parallax_layout_list&quot;:[]}\">\n\t\t\t\t<div class=\"elementor-element elementor-element-94c530a elementor-widget elementor-widget-image\" data-id=\"94c530a\" data-element_type=\"widget\" data-widget_type=\"image.default\">\n\t\t\t\t\t\t\t\t\t\t\t\t\t\t\t<img fetchpriority=\"high\" decoding=\"async\" width=\"768\" height=\"768\" src=\"https:\/\/fcquna.edu.py\/v3\/wp-content\/uploads\/2026\/03\/Extension_Universitaria_Clara_Deleon-768x768.jpg\" class=\"attachment-medium_large size-medium_large wp-image-54860\" alt=\"\" srcset=\"https:\/\/fcquna.edu.py\/v3\/wp-content\/uploads\/2026\/03\/Extension_Universitaria_Clara_Deleon-768x768.jpg 768w, https:\/\/fcquna.edu.py\/v3\/wp-content\/uploads\/2026\/03\/Extension_Universitaria_Clara_Deleon-300x300.jpg 300w, https:\/\/fcquna.edu.py\/v3\/wp-content\/uploads\/2026\/03\/Extension_Universitaria_Clara_Deleon-150x150.jpg 150w, https:\/\/fcquna.edu.py\/v3\/wp-content\/uploads\/2026\/03\/Extension_Universitaria_Clara_Deleon.jpg 1000w\" sizes=\"(max-width: 768px) 100vw, 768px\" \/>\t\t\t\t\t\t\t\t\t\t\t\t\t\t\t<\/div>\n\t\t\t\t<\/div>\n\t\t<div class=\"elementor-element elementor-element-de77d31 e-con-full e-flex e-con e-child\" data-id=\"de77d31\" data-element_type=\"container\" data-settings=\"{&quot;jet_parallax_layout_list&quot;:[],&quot;background_background&quot;:&quot;classic&quot;}\">\n\t\t\t\t<div class=\"elementor-element elementor-element-5e61cd5 elementor-widget elementor-widget-heading\" data-id=\"5e61cd5\" data-element_type=\"widget\" data-widget_type=\"heading.default\">\n\t\t\t\t\t<h2 class=\"elementor-heading-title elementor-size-default\">Lic. Clara Dele\u00f3n, MSc.<\/h2>\t\t\t\t<\/div>\n\t\t\t\t<div class=\"elementor-element elementor-element-9030fb6 elementor-widget elementor-widget-text-editor\" data-id=\"9030fb6\" data-element_type=\"widget\" data-widget_type=\"text-editor.default\">\n\t\t\t\t\t\t\t\t\t<p>Directora<\/p>\t\t\t\t\t\t\t\t<\/div>\n\t\t\t\t<div class=\"elementor-element elementor-element-3ddb082 elementor-icon-list--layout-traditional elementor-list-item-link-full_width elementor-widget elementor-widget-icon-list\" data-id=\"3ddb082\" data-element_type=\"widget\" data-widget_type=\"icon-list.default\">\n\t\t\t\t\t\t\t<ul class=\"elementor-icon-list-items\">\n\t\t\t\t\t\t\t<li class=\"elementor-icon-list-item\">\n\t\t\t\t\t\t\t\t\t\t\t<a href=\"mailto:extension@qui.una.py\">\n\n\t\t\t\t\t\t\t\t\t\t\t\t<span class=\"elementor-icon-list-icon\">\n\t\t\t\t\t\t\t<svg aria-hidden=\"true\" class=\"e-font-icon-svg e-fas-envelope\" viewBox=\"0 0 512 512\" xmlns=\"http:\/\/www.w3.org\/2000\/svg\"><path d=\"M502.3 190.8c3.9-3.1 9.7-.2 9.7 4.7V400c0 26.5-21.5 48-48 48H48c-26.5 0-48-21.5-48-48V195.6c0-5 5.7-7.8 9.7-4.7 22.4 17.4 52.1 39.5 154.1 113.6 21.1 15.4 56.7 47.8 92.2 47.6 35.7.3 72-32.8 92.3-47.6 102-74.1 131.6-96.3 154-113.7zM256 320c23.2.4 56.6-29.2 73.4-41.4 132.7-96.3 142.8-104.7 173.4-128.7 5.8-4.5 9.2-11.5 9.2-18.9v-19c0-26.5-21.5-48-48-48H48C21.5 64 0 85.5 0 112v19c0 7.4 3.4 14.3 9.2 18.9 30.6 23.9 40.7 32.4 173.4 128.7 16.8 12.2 50.2 41.8 73.4 41.4z\"><\/path><\/svg>\t\t\t\t\t\t<\/span>\n\t\t\t\t\t\t\t\t\t\t<span class=\"elementor-icon-list-text\">extension@qui.una.py<\/span>\n\t\t\t\t\t\t\t\t\t\t\t<\/a>\n\t\t\t\t\t\t\t\t\t<\/li>\n\t\t\t\t\t\t<\/ul>\n\t\t\t\t\t\t<\/div>\n\t\t\t\t<\/div>\n\t\t\t\t<\/div>\n\t\t\t\t<\/div>\n\t\t\t\t<div class=\"elementor-element elementor-element-dd7d3f7 elementor-widget elementor-widget-heading\" data-id=\"dd7d3f7\" data-element_type=\"widget\" data-widget_type=\"heading.default\">\n\t\t\t\t\t<h2 class=\"elementor-heading-title elementor-size-default\">Coordinaci\u00f3n de Proyectos de Extensi\u00f3n Universitaria - Postgrado<\/h2>\t\t\t\t<\/div>\n\t\t\t\t<div class=\"elementor-element elementor-element-6cb12dc elementor-widget elementor-widget-text-editor\" data-id=\"6cb12dc\" data-element_type=\"widget\" data-widget_type=\"text-editor.default\">\n\t\t\t\t\t\t\t\t\t<p>Unidad encargada de la planificaci\u00f3n, ejecuci\u00f3n y seguimiento de los programas y proyectos de extensi\u00f3n universitaria institucionales.<br \/><b>Funciones:<\/b><\/p><ul><li aria-level=\"1\">Coordinar la implementaci\u00f3n de proyectos institucionales.<\/li><li aria-level=\"1\">Realizar informes de avance y finales.<\/li><li aria-level=\"1\">Acompa\u00f1ar actividades en territorio.<\/li><\/ul><p><b><br \/>Contacto:<\/b> <a href=\"mailto:proyect_extension@qui.una.py\">proyect_extension@qui.una.py<\/a> <\/p>\t\t\t\t\t\t\t\t<\/div>\n\t\t\t\t<div class=\"elementor-element elementor-element-f6afc74 elementor-widget elementor-widget-heading\" data-id=\"f6afc74\" data-element_type=\"widget\" data-widget_type=\"heading.default\">\n\t\t\t\t\t<h2 class=\"elementor-heading-title elementor-size-default\">Coordinaci\u00f3n de Seguimiento a Egresados y Empleadores<\/h2>\t\t\t\t<\/div>\n\t\t\t\t<div class=\"elementor-element elementor-element-cae0d87 elementor-widget elementor-widget-text-editor\" data-id=\"cae0d87\" data-element_type=\"widget\" data-widget_type=\"text-editor.default\">\n\t\t\t\t\t\t\t\t\t<p>Unidad responsable de la recopilaci\u00f3n, an\u00e1lisis y sistematizaci\u00f3n de informaci\u00f3n referente a titulados y empleadores.<br \/><b>Funciones:<\/b><\/p><ul><li aria-level=\"1\">Levantar datos mediante encuestas, entrevistas y registros.<\/li><li aria-level=\"1\">Elaborar reportes.<\/li><li aria-level=\"1\">Gestionar redes de vinculaci\u00f3n profesional.<\/li><\/ul><p><b><br \/>Contacto:<\/b> <a href=\"mailto:egresados@qui.una.py\">egresados@qui.una.py<\/a><\/p>\t\t\t\t\t\t\t\t<\/div>\n\t\t\t\t<div class=\"elementor-element elementor-element-e1111ce elementor-widget elementor-widget-heading\" data-id=\"e1111ce\" data-element_type=\"widget\" data-widget_type=\"heading.default\">\n\t\t\t\t\t<h2 class=\"elementor-heading-title elementor-size-default\">\u00c1rea de Gesti\u00f3n Documental<\/h2>\t\t\t\t<\/div>\n\t\t\t\t<div class=\"elementor-element elementor-element-fd7a6d7 elementor-widget elementor-widget-text-editor\" data-id=\"fd7a6d7\" data-element_type=\"widget\" data-widget_type=\"text-editor.default\">\n\t\t\t\t\t\t\t\t\t<p>Unidad encargada de la administraci\u00f3n documental y de los procesos internos de la DEU.<br \/><b>Funciones:<\/b><\/p><ul><li aria-level=\"1\">Ordenar y actualizar los documentos normativos, formularios y anexos de extensi\u00f3n.<\/li><li aria-level=\"1\">Controlar la acreditaci\u00f3n de actividades y carga de horas.<\/li><li aria-level=\"1\">Administrar mesa de entrada y salida de documentos.<\/li><\/ul><p><b><br \/>Contacto:<\/b> <a href=\"mailto:proyect_extension@qui.una.py\">proyect_extension@qui.una.py<\/a> <\/p>\t\t\t\t\t\t\t\t<\/div>\n\t\t\t\t<div class=\"elementor-element elementor-element-076788f elementor-widget elementor-widget-heading\" data-id=\"076788f\" data-element_type=\"widget\" data-widget_type=\"heading.default\">\n\t\t\t\t\t<h2 class=\"elementor-heading-title elementor-size-default\">Apoyo Administrativo<\/h2>\t\t\t\t<\/div>\n\t\t\t\t<div class=\"elementor-element elementor-element-53322e8 elementor-widget elementor-widget-text-editor\" data-id=\"53322e8\" data-element_type=\"widget\" data-widget_type=\"text-editor.default\">\n\t\t\t\t\t\t\t\t\t<p>Dependencia que brinda soporte operativo y financiero a las actividades de extensi\u00f3n.<br \/><b>Funciones:<\/b><\/p><ul><li aria-level=\"1\">Asistencia administrativa y log\u00edstica.<\/li><li aria-level=\"1\">Carga documental interna.<\/li><li aria-level=\"1\">Apoyo en organizaci\u00f3n de eventos y actividades<\/li><\/ul>\t\t\t\t\t\t\t\t<\/div>\n\t\t\t\t\t<\/div>\n\t\t\t\t<\/div>\n\t\t\t\t<\/div>\n\t\t","protected":false},"excerpt":{"rendered":"<p>Presentaci\u00f3n La Direcci\u00f3n de Extensi\u00f3n Universitaria (DEU) es la unidad encargada de planificar, coordinar, ejecutar y evaluar las pol\u00edticas y acciones de extensi\u00f3n de la Facultad de Ciencias Qu\u00edmicas. Su misi\u00f3n es forjar un proceso integrador de ense\u00f1anza aprendizaje vinculado con la investigaci\u00f3n y la docencia, en una relaci\u00f3n din\u00e1mica y respetuosa con la sociedad [&hellip;]<\/p>\n","protected":false},"author":2,"featured_media":0,"parent":48650,"menu_order":0,"comment_status":"closed","ping_status":"closed","template":"","meta":{"footnotes":""},"class_list":["post-53975","page","type-page","status-publish","hentry"],"_links":{"self":[{"href":"https:\/\/fcquna.edu.py\/v3\/wp-json\/wp\/v2\/pages\/53975","targetHints":{"allow":["GET"]}}],"collection":[{"href":"https:\/\/fcquna.edu.py\/v3\/wp-json\/wp\/v2\/pages"}],"about":[{"href":"https:\/\/fcquna.edu.py\/v3\/wp-json\/wp\/v2\/types\/page"}],"author":[{"embeddable":true,"href":"https:\/\/fcquna.edu.py\/v3\/wp-json\/wp\/v2\/users\/2"}],"replies":[{"embeddable":true,"href":"https:\/\/fcquna.edu.py\/v3\/wp-json\/wp\/v2\/comments?post=53975"}],"version-history":[{"count":25,"href":"https:\/\/fcquna.edu.py\/v3\/wp-json\/wp\/v2\/pages\/53975\/revisions"}],"predecessor-version":[{"id":55352,"href":"https:\/\/fcquna.edu.py\/v3\/wp-json\/wp\/v2\/pages\/53975\/revisions\/55352"}],"up":[{"embeddable":true,"href":"https:\/\/fcquna.edu.py\/v3\/wp-json\/wp\/v2\/pages\/48650"}],"wp:attachment":[{"href":"https:\/\/fcquna.edu.py\/v3\/wp-json\/wp\/v2\/media?parent=53975"}],"curies":[{"name":"wp","href":"https:\/\/api.w.org\/{rel}","templated":true}]}}