{"id":53967,"date":"2026-03-09T19:26:22","date_gmt":"2026-03-09T19:26:22","guid":{"rendered":"https:\/\/fcquna.edu.py\/v3\/?page_id=53967"},"modified":"2026-03-19T20:52:05","modified_gmt":"2026-03-19T20:52:05","slug":"direccion-de-postgrados","status":"publish","type":"page","link":"https:\/\/fcquna.edu.py\/v3\/institucional\/dependencias\/direccion-de-postgrados\/","title":{"rendered":"Direcci\u00f3n de Postgrados"},"content":{"rendered":"\t\t<div data-elementor-type=\"wp-page\" data-elementor-id=\"53967\" class=\"elementor elementor-53967\" data-elementor-post-type=\"page\">\n\t\t\t\t<div class=\"elementor-element elementor-element-31bfbe6 e-flex e-con-boxed e-con e-parent\" data-id=\"31bfbe6\" data-element_type=\"container\" data-settings=\"{&quot;jet_parallax_layout_list&quot;:[]}\">\n\t\t\t\t\t<div class=\"e-con-inner\">\n\t\t\t\t<div class=\"elementor-element elementor-element-6734e05 elementor-widget elementor-widget-heading\" data-id=\"6734e05\" data-element_type=\"widget\" data-widget_type=\"heading.default\">\n\t\t\t\t\t<h2 class=\"elementor-heading-title elementor-size-default\">Presentaci\u00f3n<\/h2>\t\t\t\t<\/div>\n\t\t\t\t<div class=\"elementor-element elementor-element-9024887 elementor-widget elementor-widget-text-editor\" data-id=\"9024887\" data-element_type=\"widget\" data-widget_type=\"text-editor.default\">\n\t\t\t\t\t\t\t\t\t<p>La funci\u00f3n principal de la Direcci\u00f3n de Postgrado es administrar y gestionar integralmente los programas de Postgrado de la FCQ-UNA, asegurando su adecuada organizaci\u00f3n acad\u00e9mica y operativa. Esto incluye coordinar actividades destinadas a la generaci\u00f3n y transmisi\u00f3n de conocimientos, la actualizaci\u00f3n profesional y el fortalecimiento de las capacidades intelectuales e investigativas de los titulados universitarios del \u00e1rea de las ciencias qu\u00edmicas y disciplinas afines.<\/p><p><b>Correo de Contacto:<\/b> direccionpgrado@gmail.com\u00a0<\/p>\t\t\t\t\t\t\t\t<\/div>\n\t\t<div class=\"elementor-element elementor-element-905d005 e-con-full e-flex e-con e-child\" data-id=\"905d005\" data-element_type=\"container\" data-settings=\"{&quot;jet_parallax_layout_list&quot;:[]}\">\n\t\t<div class=\"elementor-element elementor-element-1412426 e-con-full e-flex e-con e-child\" data-id=\"1412426\" data-element_type=\"container\" data-settings=\"{&quot;jet_parallax_layout_list&quot;:[]}\">\n\t\t<div class=\"elementor-element elementor-element-4e32014 e-con-full e-flex e-con e-child\" data-id=\"4e32014\" data-element_type=\"container\" data-settings=\"{&quot;jet_parallax_layout_list&quot;:[]}\">\n\t\t<div class=\"elementor-element elementor-element-c916f01 e-con-full e-flex e-con e-child\" data-id=\"c916f01\" data-element_type=\"container\" data-settings=\"{&quot;jet_parallax_layout_list&quot;:[]}\">\n\t\t\t\t<div class=\"elementor-element elementor-element-13edc63 elementor-widget elementor-widget-image\" data-id=\"13edc63\" data-element_type=\"widget\" data-widget_type=\"image.default\">\n\t\t\t\t\t\t\t\t\t\t\t\t\t\t\t<img fetchpriority=\"high\" decoding=\"async\" width=\"768\" height=\"927\" src=\"https:\/\/fcquna.edu.py\/v3\/wp-content\/uploads\/2026\/03\/Postgrado_Marcelo_Ledesma-768x927.png\" class=\"attachment-medium_large size-medium_large wp-image-55353\" alt=\"\" srcset=\"https:\/\/fcquna.edu.py\/v3\/wp-content\/uploads\/2026\/03\/Postgrado_Marcelo_Ledesma-768x927.png 768w, https:\/\/fcquna.edu.py\/v3\/wp-content\/uploads\/2026\/03\/Postgrado_Marcelo_Ledesma-248x300.png 248w, https:\/\/fcquna.edu.py\/v3\/wp-content\/uploads\/2026\/03\/Postgrado_Marcelo_Ledesma.png 795w\" sizes=\"(max-width: 768px) 100vw, 768px\" \/>\t\t\t\t\t\t\t\t\t\t\t\t\t\t\t<\/div>\n\t\t\t\t<\/div>\n\t\t<div class=\"elementor-element elementor-element-3e5279d e-con-full e-flex e-con e-child\" data-id=\"3e5279d\" data-element_type=\"container\" data-settings=\"{&quot;jet_parallax_layout_list&quot;:[],&quot;background_background&quot;:&quot;classic&quot;}\">\n\t\t\t\t<div class=\"elementor-element elementor-element-be903b9 elementor-widget elementor-widget-heading\" data-id=\"be903b9\" data-element_type=\"widget\" data-widget_type=\"heading.default\">\n\t\t\t\t\t<h2 class=\"elementor-heading-title elementor-size-default\">Prof. Dr. Erik Marcelo Ledesma Sol\u00eds<\/h2>\t\t\t\t<\/div>\n\t\t\t\t<div class=\"elementor-element elementor-element-daeae83 elementor-widget elementor-widget-text-editor\" data-id=\"daeae83\" data-element_type=\"widget\" data-widget_type=\"text-editor.default\">\n\t\t\t\t\t\t\t\t\t<p>Director<\/p>\t\t\t\t\t\t\t\t<\/div>\n\t\t\t\t<div class=\"elementor-element elementor-element-a6c0b50 elementor-icon-list--layout-traditional elementor-list-item-link-full_width elementor-widget elementor-widget-icon-list\" data-id=\"a6c0b50\" data-element_type=\"widget\" data-widget_type=\"icon-list.default\">\n\t\t\t\t\t\t\t<ul class=\"elementor-icon-list-items\">\n\t\t\t\t\t\t\t<li class=\"elementor-icon-list-item\">\n\t\t\t\t\t\t\t\t\t\t\t<a href=\"mailto:direccionpgrado@gmail.com\">\n\n\t\t\t\t\t\t\t\t\t\t\t\t<span class=\"elementor-icon-list-icon\">\n\t\t\t\t\t\t\t<svg aria-hidden=\"true\" class=\"e-font-icon-svg e-fas-envelope\" viewBox=\"0 0 512 512\" xmlns=\"http:\/\/www.w3.org\/2000\/svg\"><path d=\"M502.3 190.8c3.9-3.1 9.7-.2 9.7 4.7V400c0 26.5-21.5 48-48 48H48c-26.5 0-48-21.5-48-48V195.6c0-5 5.7-7.8 9.7-4.7 22.4 17.4 52.1 39.5 154.1 113.6 21.1 15.4 56.7 47.8 92.2 47.6 35.7.3 72-32.8 92.3-47.6 102-74.1 131.6-96.3 154-113.7zM256 320c23.2.4 56.6-29.2 73.4-41.4 132.7-96.3 142.8-104.7 173.4-128.7 5.8-4.5 9.2-11.5 9.2-18.9v-19c0-26.5-21.5-48-48-48H48C21.5 64 0 85.5 0 112v19c0 7.4 3.4 14.3 9.2 18.9 30.6 23.9 40.7 32.4 173.4 128.7 16.8 12.2 50.2 41.8 73.4 41.4z\"><\/path><\/svg>\t\t\t\t\t\t<\/span>\n\t\t\t\t\t\t\t\t\t\t<span class=\"elementor-icon-list-text\">direccionpgrado@gmail.com<\/span>\n\t\t\t\t\t\t\t\t\t\t\t<\/a>\n\t\t\t\t\t\t\t\t\t<\/li>\n\t\t\t\t\t\t<\/ul>\n\t\t\t\t\t\t<\/div>\n\t\t\t\t<\/div>\n\t\t\t\t<\/div>\n\t\t\t\t<\/div>\n\t\t\t\t<\/div>\n\t\t\t\t<div class=\"elementor-element elementor-element-fd3a8e7 elementor-widget elementor-widget-heading\" data-id=\"fd3a8e7\" data-element_type=\"widget\" data-widget_type=\"heading.default\">\n\t\t\t\t\t<h2 class=\"elementor-heading-title elementor-size-default\">Dependencias<\/h2>\t\t\t\t<\/div>\n\t\t\t\t<div class=\"elementor-element elementor-element-1f738b2 elementor-widget elementor-widget-text-editor\" data-id=\"1f738b2\" data-element_type=\"widget\" data-widget_type=\"text-editor.default\">\n\t\t\t\t\t\t\t\t\t<p><b>\u00c1rea de Gesti\u00f3n Documental:<\/b> <a href=\"mailto:pgrado@qui.una.py\">pgrado@qui.una.py<\/a>\u00a0<\/p><p><b>\u00c1rea de Archivo:<\/b> <a href=\"mailto:archivodp@qui.una.py\">archivodp@qui.una.py<\/a>\u00a0<\/p><p><b>Coordinaci\u00f3n de Especializaciones:<\/b> <a href=\"mailto:especializaciones@qui.una.py\">especializaciones@qui.una.py<\/a>\u00a0<\/p><p><b>Coordinaci\u00f3n de Maestr\u00edas:<\/b> <a href=\"mailto:maestrias@qui.una.py\">maestrias@qui.una.py<\/a>\u00a0<\/p><p><b>Coordinaci\u00f3n de Doctorados:<\/b> <a href=\"mailto:doctorados@qui.una.py\">doctorados@qui.una.py<\/a> <\/p>\t\t\t\t\t\t\t\t<\/div>\n\t\t\t\t\t<\/div>\n\t\t\t\t<\/div>\n\t\t\t\t<\/div>\n\t\t","protected":false},"excerpt":{"rendered":"<p>Presentaci\u00f3n La funci\u00f3n principal de la Direcci\u00f3n de Postgrado es administrar y gestionar integralmente los programas de Postgrado de la FCQ-UNA, asegurando su adecuada organizaci\u00f3n acad\u00e9mica y operativa. Esto incluye coordinar actividades destinadas a la generaci\u00f3n y transmisi\u00f3n de conocimientos, la actualizaci\u00f3n profesional y el fortalecimiento de las capacidades intelectuales e investigativas de los titulados [&hellip;]<\/p>\n","protected":false},"author":2,"featured_media":0,"parent":48650,"menu_order":0,"comment_status":"closed","ping_status":"closed","template":"","meta":{"footnotes":""},"class_list":["post-53967","page","type-page","status-publish","hentry"],"_links":{"self":[{"href":"https:\/\/fcquna.edu.py\/v3\/wp-json\/wp\/v2\/pages\/53967","targetHints":{"allow":["GET"]}}],"collection":[{"href":"https:\/\/fcquna.edu.py\/v3\/wp-json\/wp\/v2\/pages"}],"about":[{"href":"https:\/\/fcquna.edu.py\/v3\/wp-json\/wp\/v2\/types\/page"}],"author":[{"embeddable":true,"href":"https:\/\/fcquna.edu.py\/v3\/wp-json\/wp\/v2\/users\/2"}],"replies":[{"embeddable":true,"href":"https:\/\/fcquna.edu.py\/v3\/wp-json\/wp\/v2\/comments?post=53967"}],"version-history":[{"count":10,"href":"https:\/\/fcquna.edu.py\/v3\/wp-json\/wp\/v2\/pages\/53967\/revisions"}],"predecessor-version":[{"id":55359,"href":"https:\/\/fcquna.edu.py\/v3\/wp-json\/wp\/v2\/pages\/53967\/revisions\/55359"}],"up":[{"embeddable":true,"href":"https:\/\/fcquna.edu.py\/v3\/wp-json\/wp\/v2\/pages\/48650"}],"wp:attachment":[{"href":"https:\/\/fcquna.edu.py\/v3\/wp-json\/wp\/v2\/media?parent=53967"}],"curies":[{"name":"wp","href":"https:\/\/api.w.org\/{rel}","templated":true}]}}