{"id":53948,"date":"2026-03-09T19:20:15","date_gmt":"2026-03-09T19:20:15","guid":{"rendered":"https:\/\/fcquna.edu.py\/v3\/?page_id=53948"},"modified":"2026-03-19T20:43:56","modified_gmt":"2026-03-19T20:43:56","slug":"direccion-academica","status":"publish","type":"page","link":"https:\/\/fcquna.edu.py\/v3\/institucional\/dependencias\/direccion-academica\/","title":{"rendered":"Direcci\u00f3n Acad\u00e9mica"},"content":{"rendered":"\t\t<div data-elementor-type=\"wp-page\" data-elementor-id=\"53948\" class=\"elementor elementor-53948\" data-elementor-post-type=\"page\">\n\t\t\t\t<div class=\"elementor-element elementor-element-27418a3 e-flex e-con-boxed e-con e-parent\" data-id=\"27418a3\" data-element_type=\"container\" data-settings=\"{&quot;jet_parallax_layout_list&quot;:[]}\">\n\t\t\t\t\t<div class=\"e-con-inner\">\n\t\t\t\t<div class=\"elementor-element elementor-element-1493e47 elementor-widget elementor-widget-heading\" data-id=\"1493e47\" data-element_type=\"widget\" data-widget_type=\"heading.default\">\n\t\t\t\t\t<h2 class=\"elementor-heading-title elementor-size-default\">Pesentaci\u00f3n<\/h2>\t\t\t\t<\/div>\n\t\t\t\t<div class=\"elementor-element elementor-element-32168db elementor-widget elementor-widget-text-editor\" data-id=\"32168db\" data-element_type=\"widget\" data-widget_type=\"text-editor.default\">\n\t\t\t\t\t\t\t\t\t<p>La Direcci\u00f3n Acad\u00e9mica es la responsable de organizar, dirigir y coordinar las actividades acad\u00e9micas de la Facultad de Ciencias Qu\u00edmicas, garantizando el adecuado desarrollo de los programas de estudio de todas las carreras profesionales que ofrece la instituci\u00f3n.<br \/><b>Funciones Principales:<\/b><\/p><ul><li aria-level=\"1\">Facilitar el cumplimiento de los planes y programas acad\u00e9micos vigentes.<\/li><li aria-level=\"1\">Promover la calidad de la ense\u00f1anza a trav\u00e9s del acompa\u00f1amiento y evaluaci\u00f3n del desarrollo acad\u00e9mico.<\/li><li aria-level=\"1\">Coordinar la planificaci\u00f3n y supervisi\u00f3n de las actividades docentes te\u00f3ricas y pr\u00e1cticas.<\/li><li aria-level=\"1\">Atender y canalizar reclamos o consultas de estudiantes y docentes en materia acad\u00e9mica.<\/li><li aria-level=\"1\">Proponer designaciones docentes y apoyar los procesos de concursos de m\u00e9ritos y aptitudes.<\/li><li aria-level=\"1\">Supervisar la elaboraci\u00f3n de horarios, ex\u00e1menes finales y programas de asignaturas.<\/li><li aria-level=\"1\">Gestionar tr\u00e1mites de convalidaci\u00f3n, certificaciones y documentaci\u00f3n acad\u00e9mica.<\/li><\/ul><p>La Direcci\u00f3n Acad\u00e9mica trabaja en estrecha colaboraci\u00f3n con la Coordinaci\u00f3n Acad\u00e9mica, responsable adem\u00e1s de la gesti\u00f3n de los laboratorios de la Facultad, la Direcci\u00f3n de Admisi\u00f3n y la Biblioteca.<\/p><p><strong>Contacto:<\/strong><\/p><p><b>&#8211;\u00a0 Secretar\u00eda Acad\u00e9mica:<\/b> <a href=\"mailto:acade@qui.una.py\">acade@qui.una.py<\/a><\/p><p>Lic. Lourdes Alicia Ortiz Soria<\/p><p>Lic. Maura Elvira Abadiez<\/p><p>Abg. Sara Maribel Cuellar Jara<\/p><p>&#8211;<b> Atenci\u00f3n a docentes y alumnos:<\/b> <a href=\"mailto:documentos.acad@qui.una.py\">documentos.acad@qui.una.py<\/a>\u00a0\u00a0<br \/>(Recepci\u00f3n de solicitudes de docentes y estudiantes)<br \/><b> <\/b><\/p><p><b>&#8211; Solicitud de constancias<\/b>: <a href=\"mailto:constancia@qui.una.py\">constancia@qui.una.py<\/a>\u00a0<\/p>\t\t\t\t\t\t\t\t<\/div>\n\t\t<div class=\"elementor-element elementor-element-68bc674 e-con-full e-flex e-con e-child\" data-id=\"68bc674\" data-element_type=\"container\" data-settings=\"{&quot;jet_parallax_layout_list&quot;:[]}\">\n\t\t<div class=\"elementor-element elementor-element-baa1542 e-con-full e-flex e-con e-child\" data-id=\"baa1542\" data-element_type=\"container\" data-settings=\"{&quot;jet_parallax_layout_list&quot;:[]}\">\n\t\t<div class=\"elementor-element elementor-element-bea4964 e-con-full e-flex e-con e-child\" data-id=\"bea4964\" data-element_type=\"container\" data-settings=\"{&quot;jet_parallax_layout_list&quot;:[]}\">\n\t\t\t\t<div class=\"elementor-element elementor-element-45d0f47 elementor-widget elementor-widget-image\" data-id=\"45d0f47\" data-element_type=\"widget\" data-widget_type=\"image.default\">\n\t\t\t\t\t\t\t\t\t\t\t\t\t\t\t<img fetchpriority=\"high\" decoding=\"async\" width=\"768\" height=\"960\" src=\"https:\/\/fcquna.edu.py\/v3\/wp-content\/uploads\/2026\/03\/Academica_Sirim_Onieva-768x960.jpg\" class=\"attachment-medium_large size-medium_large wp-image-54870\" alt=\"\" srcset=\"https:\/\/fcquna.edu.py\/v3\/wp-content\/uploads\/2026\/03\/Academica_Sirim_Onieva-768x960.jpg 768w, https:\/\/fcquna.edu.py\/v3\/wp-content\/uploads\/2026\/03\/Academica_Sirim_Onieva-240x300.jpg 240w, https:\/\/fcquna.edu.py\/v3\/wp-content\/uploads\/2026\/03\/Academica_Sirim_Onieva-819x1024.jpg 819w, https:\/\/fcquna.edu.py\/v3\/wp-content\/uploads\/2026\/03\/Academica_Sirim_Onieva.jpg 1000w\" sizes=\"(max-width: 768px) 100vw, 768px\" \/>\t\t\t\t\t\t\t\t\t\t\t\t\t\t\t<\/div>\n\t\t\t\t<\/div>\n\t\t<div class=\"elementor-element elementor-element-d66e1ee e-con-full e-flex e-con e-child\" data-id=\"d66e1ee\" data-element_type=\"container\" data-settings=\"{&quot;jet_parallax_layout_list&quot;:[],&quot;background_background&quot;:&quot;classic&quot;}\">\n\t\t\t\t<div class=\"elementor-element elementor-element-2e17cd9 elementor-widget elementor-widget-heading\" data-id=\"2e17cd9\" data-element_type=\"widget\" data-widget_type=\"heading.default\">\n\t\t\t\t\t<h2 class=\"elementor-heading-title elementor-size-default\">Prof. Ing. Ethel Sirim Onieva Feltes<\/h2>\t\t\t\t<\/div>\n\t\t\t\t<div class=\"elementor-element elementor-element-7611ac3 elementor-widget elementor-widget-text-editor\" data-id=\"7611ac3\" data-element_type=\"widget\" data-widget_type=\"text-editor.default\">\n\t\t\t\t\t\t\t\t\t<p>Coordinadora<\/p>\t\t\t\t\t\t\t\t<\/div>\n\t\t\t\t<div class=\"elementor-element elementor-element-850daf7 elementor-icon-list--layout-traditional elementor-list-item-link-full_width elementor-widget elementor-widget-icon-list\" data-id=\"850daf7\" data-element_type=\"widget\" data-widget_type=\"icon-list.default\">\n\t\t\t\t\t\t\t<ul class=\"elementor-icon-list-items\">\n\t\t\t\t\t\t\t<li class=\"elementor-icon-list-item\">\n\t\t\t\t\t\t\t\t\t\t\t<a href=\"mailto:secgen@qui.una.py\">\n\n\t\t\t\t\t\t\t\t\t\t\t\t<span class=\"elementor-icon-list-icon\">\n\t\t\t\t\t\t\t<svg aria-hidden=\"true\" class=\"e-font-icon-svg e-fas-envelope\" viewBox=\"0 0 512 512\" xmlns=\"http:\/\/www.w3.org\/2000\/svg\"><path d=\"M502.3 190.8c3.9-3.1 9.7-.2 9.7 4.7V400c0 26.5-21.5 48-48 48H48c-26.5 0-48-21.5-48-48V195.6c0-5 5.7-7.8 9.7-4.7 22.4 17.4 52.1 39.5 154.1 113.6 21.1 15.4 56.7 47.8 92.2 47.6 35.7.3 72-32.8 92.3-47.6 102-74.1 131.6-96.3 154-113.7zM256 320c23.2.4 56.6-29.2 73.4-41.4 132.7-96.3 142.8-104.7 173.4-128.7 5.8-4.5 9.2-11.5 9.2-18.9v-19c0-26.5-21.5-48-48-48H48C21.5 64 0 85.5 0 112v19c0 7.4 3.4 14.3 9.2 18.9 30.6 23.9 40.7 32.4 173.4 128.7 16.8 12.2 50.2 41.8 73.4 41.4z\"><\/path><\/svg>\t\t\t\t\t\t<\/span>\n\t\t\t\t\t\t\t\t\t\t<span class=\"elementor-icon-list-text\">@qui.una.py<\/span>\n\t\t\t\t\t\t\t\t\t\t\t<\/a>\n\t\t\t\t\t\t\t\t\t<\/li>\n\t\t\t\t\t\t<\/ul>\n\t\t\t\t\t\t<\/div>\n\t\t\t\t<\/div>\n\t\t\t\t<\/div>\n\t\t\t\t<\/div>\n\t\t\t\t<div class=\"elementor-element elementor-element-59c256e elementor-widget elementor-widget-heading\" data-id=\"59c256e\" data-element_type=\"widget\" data-widget_type=\"heading.default\">\n\t\t\t\t\t<h2 class=\"elementor-heading-title elementor-size-default\">Coordinaciones Acad\u00e9micas<\/h2>\t\t\t\t<\/div>\n\t\t\t\t<div class=\"elementor-element elementor-element-03222ab elementor-widget elementor-widget-text-editor\" data-id=\"03222ab\" data-element_type=\"widget\" data-widget_type=\"text-editor.default\">\n\t\t\t\t\t\t\t\t\t<p>La Direcci\u00f3n Acad\u00e9mica desarrolla sus funciones a trav\u00e9s de siete Coordinaciones Acad\u00e9micas, correspondientes a las siguientes carreras:<br \/><b>1. Farmacia<\/b><b><br \/><\/b><b> 2. Bioqu\u00edmica<\/b><b><br \/><\/b><b> 3. Ciencia y Tecnolog\u00eda de Alimentos<\/b><b><br \/><\/b><b> 4. Ingenier\u00eda Qu\u00edmica<\/b><b><br \/><\/b><b> 5. Qu\u00edmica Industrial<\/b><b><br \/><\/b><b> 6. Nutrici\u00f3n<\/b><b><br \/><\/b><b> 7. Ingenier\u00eda de Alimento<\/b>s<\/p><p>Cada Coordinaci\u00f3n Acad\u00e9mica tiene a su cargo las siguientes funciones:<\/p><ul><li aria-level=\"1\">Coordinar y supervisar las tareas docentes te\u00f3ricas y pr\u00e1cticas de su \u00e1rea.<\/li><li aria-level=\"1\">Atender las consultas y reclamos acad\u00e9micos de estudiantes.<\/li><li aria-level=\"1\">Promover reuniones peri\u00f3dicas con el cuerpo docente y actividades t\u00e9cnico-cient\u00edficas.<\/li><li aria-level=\"1\">Presentar propuestas de designaci\u00f3n de profesores y auxiliares.<\/li><li aria-level=\"1\">Participar en la elaboraci\u00f3n de horarios y supervisi\u00f3n de ex\u00e1menes finales.<\/li><li aria-level=\"1\">Elaborar los programas acad\u00e9micos conforme al plan de estudios vigente.<\/li><li aria-level=\"1\">Participar en los procesos de concursos de m\u00e9ritos y aptitudes.<\/li><li aria-level=\"1\">Elaborar en tiempo y forma la documentaci\u00f3n requerida por la Direcci\u00f3n Acad\u00e9mica<\/li><\/ul>\t\t\t\t\t\t\t\t<\/div>\n\t\t\t\t\t<\/div>\n\t\t\t\t<\/div>\n\t\t\t\t<\/div>\n\t\t","protected":false},"excerpt":{"rendered":"<p>Pesentaci\u00f3n La Direcci\u00f3n Acad\u00e9mica es la responsable de organizar, dirigir y coordinar las actividades acad\u00e9micas de la Facultad de Ciencias Qu\u00edmicas, garantizando el adecuado desarrollo de los programas de estudio de todas las carreras profesionales que ofrece la instituci\u00f3n.Funciones Principales: Facilitar el cumplimiento de los planes y programas acad\u00e9micos vigentes. Promover la calidad de la [&hellip;]<\/p>\n","protected":false},"author":2,"featured_media":0,"parent":48650,"menu_order":0,"comment_status":"closed","ping_status":"closed","template":"","meta":{"footnotes":""},"class_list":["post-53948","page","type-page","status-publish","hentry"],"_links":{"self":[{"href":"https:\/\/fcquna.edu.py\/v3\/wp-json\/wp\/v2\/pages\/53948","targetHints":{"allow":["GET"]}}],"collection":[{"href":"https:\/\/fcquna.edu.py\/v3\/wp-json\/wp\/v2\/pages"}],"about":[{"href":"https:\/\/fcquna.edu.py\/v3\/wp-json\/wp\/v2\/types\/page"}],"author":[{"embeddable":true,"href":"https:\/\/fcquna.edu.py\/v3\/wp-json\/wp\/v2\/users\/2"}],"replies":[{"embeddable":true,"href":"https:\/\/fcquna.edu.py\/v3\/wp-json\/wp\/v2\/comments?post=53948"}],"version-history":[{"count":16,"href":"https:\/\/fcquna.edu.py\/v3\/wp-json\/wp\/v2\/pages\/53948\/revisions"}],"predecessor-version":[{"id":55346,"href":"https:\/\/fcquna.edu.py\/v3\/wp-json\/wp\/v2\/pages\/53948\/revisions\/55346"}],"up":[{"embeddable":true,"href":"https:\/\/fcquna.edu.py\/v3\/wp-json\/wp\/v2\/pages\/48650"}],"wp:attachment":[{"href":"https:\/\/fcquna.edu.py\/v3\/wp-json\/wp\/v2\/media?parent=53948"}],"curies":[{"name":"wp","href":"https:\/\/api.w.org\/{rel}","templated":true}]}}