{"id":53934,"date":"2026-03-09T19:15:24","date_gmt":"2026-03-09T19:15:24","guid":{"rendered":"https:\/\/fcquna.edu.py\/v3\/?page_id=53934"},"modified":"2026-03-09T19:17:55","modified_gmt":"2026-03-09T19:17:55","slug":"coordinacion-de-relaciones-internacionales-e-interinstitucionales","status":"publish","type":"page","link":"https:\/\/fcquna.edu.py\/v3\/institucional\/dependencias\/coordinacion-de-relaciones-internacionales-e-interinstitucionales\/","title":{"rendered":"Coordinaci\u00f3n de Relaciones Internacionales e Interinstitucionales"},"content":{"rendered":"\t\t<div data-elementor-type=\"wp-page\" data-elementor-id=\"53934\" class=\"elementor elementor-53934\" data-elementor-post-type=\"page\">\n\t\t\t\t<div class=\"elementor-element elementor-element-096edae e-flex e-con-boxed e-con e-parent\" data-id=\"096edae\" data-element_type=\"container\" data-settings=\"{&quot;jet_parallax_layout_list&quot;:[]}\">\n\t\t\t\t\t<div class=\"e-con-inner\">\n\t\t\t\t<div class=\"elementor-element elementor-element-ba0ff5b elementor-widget elementor-widget-heading\" data-id=\"ba0ff5b\" data-element_type=\"widget\" data-widget_type=\"heading.default\">\n\t\t\t\t\t<h2 class=\"elementor-heading-title elementor-size-default\">Presentaci\u00f3n<\/h2>\t\t\t\t<\/div>\n\t\t\t\t<div class=\"elementor-element elementor-element-036b7e9 elementor-widget elementor-widget-text-editor\" data-id=\"036b7e9\" data-element_type=\"widget\" data-widget_type=\"text-editor.default\">\n\t\t\t\t\t\t\t\t\t<p><b>Objetivos: <br \/><\/b>Promover, gestionar y coordinar las acciones de internacionalizaci\u00f3n de la Facultad de Ciencias Qu\u00edmicas de la Universidad Nacional de Asunci\u00f3n, fortaleciendo la cooperaci\u00f3n acad\u00e9mica, cient\u00edfica y cultural con instituciones nacionales y extranjeras, a trav\u00e9s de programas de movilidad, convenios y proyectos colaborativos que contribuyan a la proyecci\u00f3n global de la instituci\u00f3n.\u00a0<\/p><p><b>Funciones principales:\u00a0<\/b><\/p><ul><li aria-level=\"1\">Representar a la Facultad ante redes nacionales e internacionales de cooperaci\u00f3n e intercambio<\/li><\/ul><ul><li aria-level=\"1\">Coordinar la participaci\u00f3n en programas regionales e internacionales<\/li><\/ul><ul><li aria-level=\"1\">Promover la suscripci\u00f3n, actualizaci\u00f3n y seguimiento de convenios nacionales e internacionales<\/li><\/ul><ul><li aria-level=\"1\">Coordinar actividades de bienvenida y cierre de estancias de movilidad entrante<\/li><\/ul><ul><li aria-level=\"1\">Mantener bases de datos institucionales sobre movilidad y convenios<\/li><\/ul><ul><li aria-level=\"1\">Difundir oportunidades acad\u00e9micas, becas y programas de cooperaci\u00f3n mediante canales institucionales<\/li><\/ul><ul><li aria-level=\"1\">Impulsar la formaci\u00f3n en internacionalizaci\u00f3n de la comunidad educativa<\/li><\/ul><ul><li aria-level=\"1\">Articular proyectos interinstitucionales<br \/><br \/><\/li><\/ul><p><b>Contacto:<\/b> <a href=\"mailto:movilidadfcq@qui.una.py\">movilidadfcq@qui.una.py<\/a>\u00a0<\/p><p><b>Coordinadora:<\/b> Dra. Rossmary Acu\u00f1a <b>&#8211; FOTO<\/b><\/p><p><b>Correo:<\/b> <a href=\"mailto:racuna@qui.una.py\">racuna@qui.una.py<\/a><\/p>\t\t\t\t\t\t\t\t<\/div>\n\t\t\t\t<div class=\"elementor-element elementor-element-7e2ebde elementor-widget elementor-widget-heading\" data-id=\"7e2ebde\" data-element_type=\"widget\" data-widget_type=\"heading.default\">\n\t\t\t\t\t<h2 class=\"elementor-heading-title elementor-size-default\">\u00c1rea de Movilidad<\/h2>\t\t\t\t<\/div>\n\t\t\t\t<div class=\"elementor-element elementor-element-cf27c42 elementor-widget elementor-widget-text-editor\" data-id=\"cf27c42\" data-element_type=\"widget\" data-widget_type=\"text-editor.default\">\n\t\t\t\t\t\t\t\t\t<p><b>Objetivo:<\/b><\/p><p>Planificar, coordinar y supervisar el desarrollo de las actividades de movilidad nacional e internacional de la Facultad de Ciencias Qu\u00edmicas, promoviendo la participaci\u00f3n de estudiantes, docentes e investigadores en programas de intercambio y cooperaci\u00f3n acad\u00e9mica que contribuyan a la proyecci\u00f3n internacional de la instituci\u00f3n.\u00a0<\/p><p><b>Funciones principales:\u00a0<\/b><\/p><ul><li aria-level=\"1\">Planificar la realizaci\u00f3n y socializaci\u00f3n de las oportunidades de movilidad acad\u00e9mica nacional e internacional.<\/li><li aria-level=\"1\">Monitorear la ejecuci\u00f3n de los programas de movilidad y documentar los resultados obtenidos.<\/li><li aria-level=\"1\">Evidenciar y difundir los logros de los proyectos de movilidad internacional realizados por docentes, estudiantes y gestores.<\/li><li aria-level=\"1\">Realizar convocatorias, seguimiento, selecci\u00f3n y evaluaci\u00f3n de los beneficiarios de movilidad<\/li><li aria-level=\"1\">Gestionar los acuerdos acad\u00e9micos de reconocimiento de asignaturas de estudiantes de movilidad<\/li><li aria-level=\"1\">Gestionar la matriculaci\u00f3n, seguimiento e informes de estudiantes extranjeros en movilidad entrante<\/li><li aria-level=\"1\">Elaborar y remitir informes semestrales de movilidad a la Coordinaci\u00f3n de Relaciones Internacionales<\/li><li aria-level=\"1\">Mantener actualizada la secci\u00f3n web institucional y redes oficiales con informaci\u00f3n de movilidad<\/li><li aria-level=\"1\">Organizar actividades de inducci\u00f3n, acompa\u00f1amiento y cierre de estancias de movilidad<\/li><li aria-level=\"1\">Representar al \u00e1rea en reuniones o eventos institucionales vinculados a movilidad.<\/li><li aria-level=\"1\">Coordinar con las carreras, direcciones y dependencias el cumplimiento de procesos administrativos y acad\u00e9micos.<\/li><li aria-level=\"1\">Promover la participaci\u00f3n de docentes y estudiantes en redes y programas internacionales<\/li><\/ul>\t\t\t\t\t\t\t\t<\/div>\n\t\t\t\t<div class=\"elementor-element elementor-element-986e911 elementor-widget elementor-widget-heading\" data-id=\"986e911\" data-element_type=\"widget\" data-widget_type=\"heading.default\">\n\t\t\t\t\t<h2 class=\"elementor-heading-title elementor-size-default\">\u00c1rea de Convenios<\/h2>\t\t\t\t<\/div>\n\t\t\t\t<div class=\"elementor-element elementor-element-109fd97 elementor-widget elementor-widget-text-editor\" data-id=\"109fd97\" data-element_type=\"widget\" data-widget_type=\"text-editor.default\">\n\t\t\t\t\t\t\t\t\t<p><b>Objetivo:<\/b><br \/>Impulsar, formalizar, registrar, controlar y dar seguimiento a los convenios y acuerdos nacionales e internacionales suscritos por la Facultad de Ciencias Qu\u00edmicas, garantizando su solidez legal, cumplimiento operativo y alineaci\u00f3n con los objetivos estrat\u00e9gicos de internacionalizaci\u00f3n institucional.<\/p><p><b>Funciones principales:<\/b><\/p><ul><li aria-level=\"1\">Gestionar con la Asesor\u00eda Jur\u00eddica y Secretar\u00eda General el circuito de aprobaci\u00f3n y firma de convenios.<\/li><li aria-level=\"1\">Registrar, organizar y custodiar el archivo f\u00edsico y digital de convenios vigentes y antecedentes hist\u00f3ricos.<\/li><li aria-level=\"1\">Monitorear plazos de vigencia, vencimientos y necesidad de renovaci\u00f3n de convenios.<\/li><li aria-level=\"1\">Mantener actualizado el sistema de control interno de convenios (base de datos).<\/li><li aria-level=\"1\">Gestionar la comunicaci\u00f3n con contrapartes nacionales e internacionales sobre temas vinculados a convenios.<\/li><li aria-level=\"1\">Preparar informes t\u00e9cnicos del estado de convenios y de los proyectos derivados.<\/li><li aria-level=\"1\">Apoyar procesos de seguimiento, ejecuci\u00f3n y evaluaci\u00f3n de acciones desarrolladas bajo convenios.<\/li><li aria-level=\"1\">Identificar y proponer nuevas oportunidades de cooperaci\u00f3n y alianzas estrat\u00e9gicas.<\/li><\/ul>\t\t\t\t\t\t\t\t<\/div>\n\t\t\t\t\t<\/div>\n\t\t\t\t<\/div>\n\t\t\t\t<\/div>\n\t\t","protected":false},"excerpt":{"rendered":"<p>Presentaci\u00f3n Objetivos: Promover, gestionar y coordinar las acciones de internacionalizaci\u00f3n de la Facultad de Ciencias Qu\u00edmicas de la Universidad Nacional de Asunci\u00f3n, fortaleciendo la cooperaci\u00f3n acad\u00e9mica, cient\u00edfica y cultural con instituciones nacionales y extranjeras, a trav\u00e9s de programas de movilidad, convenios y proyectos colaborativos que contribuyan a la proyecci\u00f3n global de la instituci\u00f3n.\u00a0 Funciones principales:\u00a0 [&hellip;]<\/p>\n","protected":false},"author":2,"featured_media":0,"parent":48650,"menu_order":0,"comment_status":"closed","ping_status":"closed","template":"","meta":{"footnotes":""},"class_list":["post-53934","page","type-page","status-publish","hentry"],"_links":{"self":[{"href":"https:\/\/fcquna.edu.py\/v3\/wp-json\/wp\/v2\/pages\/53934","targetHints":{"allow":["GET"]}}],"collection":[{"href":"https:\/\/fcquna.edu.py\/v3\/wp-json\/wp\/v2\/pages"}],"about":[{"href":"https:\/\/fcquna.edu.py\/v3\/wp-json\/wp\/v2\/types\/page"}],"author":[{"embeddable":true,"href":"https:\/\/fcquna.edu.py\/v3\/wp-json\/wp\/v2\/users\/2"}],"replies":[{"embeddable":true,"href":"https:\/\/fcquna.edu.py\/v3\/wp-json\/wp\/v2\/comments?post=53934"}],"version-history":[{"count":10,"href":"https:\/\/fcquna.edu.py\/v3\/wp-json\/wp\/v2\/pages\/53934\/revisions"}],"predecessor-version":[{"id":53944,"href":"https:\/\/fcquna.edu.py\/v3\/wp-json\/wp\/v2\/pages\/53934\/revisions\/53944"}],"up":[{"embeddable":true,"href":"https:\/\/fcquna.edu.py\/v3\/wp-json\/wp\/v2\/pages\/48650"}],"wp:attachment":[{"href":"https:\/\/fcquna.edu.py\/v3\/wp-json\/wp\/v2\/media?parent=53934"}],"curies":[{"name":"wp","href":"https:\/\/api.w.org\/{rel}","templated":true}]}}