{"id":53906,"date":"2026-03-09T18:58:26","date_gmt":"2026-03-09T18:58:26","guid":{"rendered":"https:\/\/fcquna.edu.py\/v3\/?page_id=53906"},"modified":"2026-03-19T20:38:45","modified_gmt":"2026-03-19T20:38:45","slug":"coordinacion-de-comunicacion-institucional","status":"publish","type":"page","link":"https:\/\/fcquna.edu.py\/v3\/institucional\/dependencias\/coordinacion-de-comunicacion-institucional\/","title":{"rendered":"Coordinaci\u00f3n de Comunicaci\u00f3n Institucional"},"content":{"rendered":"\t\t<div data-elementor-type=\"wp-page\" data-elementor-id=\"53906\" class=\"elementor elementor-53906\" data-elementor-post-type=\"page\">\n\t\t\t\t<div class=\"elementor-element elementor-element-30b542e e-flex e-con-boxed e-con e-parent\" data-id=\"30b542e\" data-element_type=\"container\" data-settings=\"{&quot;jet_parallax_layout_list&quot;:[]}\">\n\t\t\t\t\t<div class=\"e-con-inner\">\n\t\t\t\t<div class=\"elementor-element elementor-element-56b1e8b elementor-widget elementor-widget-heading\" data-id=\"56b1e8b\" data-element_type=\"widget\" data-widget_type=\"heading.default\">\n\t\t\t\t\t<h2 class=\"elementor-heading-title elementor-size-default\">Presentaci\u00f3n<\/h2>\t\t\t\t<\/div>\n\t\t\t\t<div class=\"elementor-element elementor-element-a666fb2 elementor-widget elementor-widget-text-editor\" data-id=\"a666fb2\" data-element_type=\"widget\" data-widget_type=\"text-editor.default\">\n\t\t\t\t\t\t\t\t\t<p><strong>Objetivo<\/strong><br \/>Contribuir al fortalecimiento de la imagen de la Instituci\u00f3n mediante la gesti\u00f3n eficiente de la comunicaci\u00f3n interna y externa, con el objeto de visibilizar las actividades misionales y estrat\u00e9gicas.<\/p><p><strong>Funciones:<\/strong><\/p><ul><li>Gestionar la difusi\u00f3n y socializaci\u00f3n de la documentaci\u00f3n institucional entre los miembros de la FCQ-UNA, en coordinaci\u00f3n con otras dependencias.<\/li><li>Gestionar la difusi\u00f3n y socializaci\u00f3n de actividades a realizar y realizadas, que aporten a la Misi\u00f3n institucional.<\/li><li>Gestionar los medios oficiales de la FCQ-UNA.<\/li><\/ul>\t\t\t\t\t\t\t\t<\/div>\n\t\t<div class=\"elementor-element elementor-element-1a99eef e-con-full e-flex e-con e-child\" data-id=\"1a99eef\" data-element_type=\"container\" data-settings=\"{&quot;jet_parallax_layout_list&quot;:[]}\">\n\t\t<div class=\"elementor-element elementor-element-e1fea20 e-con-full e-flex e-con e-child\" data-id=\"e1fea20\" data-element_type=\"container\" data-settings=\"{&quot;jet_parallax_layout_list&quot;:[]}\">\n\t\t<div class=\"elementor-element elementor-element-7e60905 e-con-full e-flex e-con e-child\" data-id=\"7e60905\" data-element_type=\"container\" data-settings=\"{&quot;jet_parallax_layout_list&quot;:[]}\">\n\t\t<div class=\"elementor-element elementor-element-9f0cf05 e-con-full e-flex e-con e-child\" data-id=\"9f0cf05\" data-element_type=\"container\" data-settings=\"{&quot;jet_parallax_layout_list&quot;:[]}\">\n\t\t\t\t<div class=\"elementor-element elementor-element-ab3e3d8 elementor-widget elementor-widget-image\" data-id=\"ab3e3d8\" data-element_type=\"widget\" data-widget_type=\"image.default\">\n\t\t\t\t\t\t\t\t\t\t\t\t\t\t\t<img fetchpriority=\"high\" decoding=\"async\" width=\"768\" height=\"768\" src=\"https:\/\/fcquna.edu.py\/v3\/wp-content\/uploads\/2026\/03\/Comunicacion_Institucional_Angeles_Gonzalez-768x768.jpg\" class=\"attachment-medium_large size-medium_large wp-image-54723\" alt=\"\" srcset=\"https:\/\/fcquna.edu.py\/v3\/wp-content\/uploads\/2026\/03\/Comunicacion_Institucional_Angeles_Gonzalez-768x768.jpg 768w, https:\/\/fcquna.edu.py\/v3\/wp-content\/uploads\/2026\/03\/Comunicacion_Institucional_Angeles_Gonzalez-300x300.jpg 300w, https:\/\/fcquna.edu.py\/v3\/wp-content\/uploads\/2026\/03\/Comunicacion_Institucional_Angeles_Gonzalez-150x150.jpg 150w, https:\/\/fcquna.edu.py\/v3\/wp-content\/uploads\/2026\/03\/Comunicacion_Institucional_Angeles_Gonzalez.jpg 800w\" sizes=\"(max-width: 768px) 100vw, 768px\" \/>\t\t\t\t\t\t\t\t\t\t\t\t\t\t\t<\/div>\n\t\t\t\t<\/div>\n\t\t<div class=\"elementor-element elementor-element-7940093 e-con-full e-flex e-con e-child\" data-id=\"7940093\" data-element_type=\"container\" data-settings=\"{&quot;jet_parallax_layout_list&quot;:[],&quot;background_background&quot;:&quot;classic&quot;}\">\n\t\t\t\t<div class=\"elementor-element elementor-element-14cecee elementor-widget elementor-widget-heading\" data-id=\"14cecee\" data-element_type=\"widget\" data-widget_type=\"heading.default\">\n\t\t\t\t\t<h2 class=\"elementor-heading-title elementor-size-default\">Lic. Mar\u00eda de los \u00c1ngeles Gonz\u00e1lez<\/h2>\t\t\t\t<\/div>\n\t\t\t\t<div class=\"elementor-element elementor-element-e5e389b elementor-widget elementor-widget-text-editor\" data-id=\"e5e389b\" data-element_type=\"widget\" data-widget_type=\"text-editor.default\">\n\t\t\t\t\t\t\t\t\t<p>Director<\/p>\t\t\t\t\t\t\t\t<\/div>\n\t\t\t\t<div class=\"elementor-element elementor-element-6324a9a elementor-icon-list--layout-traditional elementor-list-item-link-full_width elementor-widget elementor-widget-icon-list\" data-id=\"6324a9a\" data-element_type=\"widget\" data-widget_type=\"icon-list.default\">\n\t\t\t\t\t\t\t<ul class=\"elementor-icon-list-items\">\n\t\t\t\t\t\t\t<li class=\"elementor-icon-list-item\">\n\t\t\t\t\t\t\t\t\t\t\t<a href=\"mailto:comunicacion@qui.una.py\">\n\n\t\t\t\t\t\t\t\t\t\t\t\t<span class=\"elementor-icon-list-icon\">\n\t\t\t\t\t\t\t<svg aria-hidden=\"true\" class=\"e-font-icon-svg e-fas-envelope\" viewBox=\"0 0 512 512\" xmlns=\"http:\/\/www.w3.org\/2000\/svg\"><path d=\"M502.3 190.8c3.9-3.1 9.7-.2 9.7 4.7V400c0 26.5-21.5 48-48 48H48c-26.5 0-48-21.5-48-48V195.6c0-5 5.7-7.8 9.7-4.7 22.4 17.4 52.1 39.5 154.1 113.6 21.1 15.4 56.7 47.8 92.2 47.6 35.7.3 72-32.8 92.3-47.6 102-74.1 131.6-96.3 154-113.7zM256 320c23.2.4 56.6-29.2 73.4-41.4 132.7-96.3 142.8-104.7 173.4-128.7 5.8-4.5 9.2-11.5 9.2-18.9v-19c0-26.5-21.5-48-48-48H48C21.5 64 0 85.5 0 112v19c0 7.4 3.4 14.3 9.2 18.9 30.6 23.9 40.7 32.4 173.4 128.7 16.8 12.2 50.2 41.8 73.4 41.4z\"><\/path><\/svg>\t\t\t\t\t\t<\/span>\n\t\t\t\t\t\t\t\t\t\t<span class=\"elementor-icon-list-text\">comunicacion@qui.una.py<\/span>\n\t\t\t\t\t\t\t\t\t\t\t<\/a>\n\t\t\t\t\t\t\t\t\t<\/li>\n\t\t\t\t\t\t\t\t<li class=\"elementor-icon-list-item\">\n\t\t\t\t\t\t\t\t\t\t\t<a href=\"mailto:mgonzalez@qui.una.py\">\n\n\t\t\t\t\t\t\t\t\t\t\t\t<span class=\"elementor-icon-list-icon\">\n\t\t\t\t\t\t\t<svg aria-hidden=\"true\" class=\"e-font-icon-svg e-fas-envelope\" viewBox=\"0 0 512 512\" xmlns=\"http:\/\/www.w3.org\/2000\/svg\"><path d=\"M502.3 190.8c3.9-3.1 9.7-.2 9.7 4.7V400c0 26.5-21.5 48-48 48H48c-26.5 0-48-21.5-48-48V195.6c0-5 5.7-7.8 9.7-4.7 22.4 17.4 52.1 39.5 154.1 113.6 21.1 15.4 56.7 47.8 92.2 47.6 35.7.3 72-32.8 92.3-47.6 102-74.1 131.6-96.3 154-113.7zM256 320c23.2.4 56.6-29.2 73.4-41.4 132.7-96.3 142.8-104.7 173.4-128.7 5.8-4.5 9.2-11.5 9.2-18.9v-19c0-26.5-21.5-48-48-48H48C21.5 64 0 85.5 0 112v19c0 7.4 3.4 14.3 9.2 18.9 30.6 23.9 40.7 32.4 173.4 128.7 16.8 12.2 50.2 41.8 73.4 41.4z\"><\/path><\/svg>\t\t\t\t\t\t<\/span>\n\t\t\t\t\t\t\t\t\t\t<span class=\"elementor-icon-list-text\">mgonzalez@qui.una.py<\/span>\n\t\t\t\t\t\t\t\t\t\t\t<\/a>\n\t\t\t\t\t\t\t\t\t<\/li>\n\t\t\t\t\t\t<\/ul>\n\t\t\t\t\t\t<\/div>\n\t\t\t\t<\/div>\n\t\t\t\t<\/div>\n\t\t\t\t<\/div>\n\t\t\t\t<\/div>\n\t\t\t\t<div class=\"elementor-element elementor-element-166d7e1 elementor-widget elementor-widget-heading\" data-id=\"166d7e1\" data-element_type=\"widget\" data-widget_type=\"heading.default\">\n\t\t\t\t\t<h2 class=\"elementor-heading-title elementor-size-default\">Difusi\u00f3n<\/h2>\t\t\t\t<\/div>\n\t\t\t\t<div class=\"elementor-element elementor-element-6fae943 elementor-widget elementor-widget-text-editor\" data-id=\"6fae943\" data-element_type=\"widget\" data-widget_type=\"text-editor.default\">\n\t\t\t\t\t\t\t\t\t<p><b>Objetivo:<\/b><\/p><p>Garantizar la generaci\u00f3n y difusi\u00f3n de informaci\u00f3n institucional veraz, oportuna y coherente, mediante la gesti\u00f3n de medios, la producci\u00f3n de contenidos y la articulaci\u00f3n interna, contribuyendo al posicionamiento institucional y al cumplimiento de normativas de transparencia.<\/p><p><b>Funciones:<\/b><\/p><ul><li aria-level=\"1\">Gestionar la comunicaci\u00f3n externa e interna siguiendo lineamientos institucionales.\u00a0<\/li><li aria-level=\"1\">Garantizar que la informaci\u00f3n difundida sea veraz, oportuna y alineada a los objetivos institucionales.\u00a0<\/li><li aria-level=\"1\">Elaborar productos comunicacionales institucionales para uso externo.\u00a0<\/li><li aria-level=\"1\">Redactar noticias, boletines, comunicados y gacetillas institucionales.\u00a0<\/li><li aria-level=\"1\">Realizar cobertura de prensa de actividades institucionales.\u00a0<\/li><li aria-level=\"1\">Gestionar publicaciones en medios digitales institucionales.<\/li><li aria-level=\"1\">Velar por la actualizaci\u00f3n del sitio web institucional en coordinaci\u00f3n con TIC.\u00a0<\/li><li aria-level=\"1\">Analizar las informaciones publicadas en los diferentes medios de comunicaci\u00f3n y difusi\u00f3n, seleccionando las de inter\u00e9s para la FCQ-UNA para su difusi\u00f3n.\u00a0<\/li><li aria-level=\"1\">Colaborar en la elaboraci\u00f3n de guiones y materiales audiovisuales institucionales.\u00a0<\/li><li aria-level=\"1\">Participar en la elaboraci\u00f3n de la Revista Institucional y su difusi\u00f3n.\u00a0<\/li><li aria-level=\"1\">Colaborar en la producci\u00f3n de certificados institucionales.\u00a0<\/li><li aria-level=\"1\">Registrar y archivar materiales de prensa para conformar un repositorio institucional.\u00a0<\/li><\/ul><p>Monitorear publicaciones en medios para evaluar el posicionamiento institucional<b>. <\/b><\/p>\t\t\t\t\t\t\t\t<\/div>\n\t\t\t\t<div class=\"elementor-element elementor-element-5292fd7 elementor-widget elementor-widget-heading\" data-id=\"5292fd7\" data-element_type=\"widget\" data-widget_type=\"heading.default\">\n\t\t\t\t\t<h2 class=\"elementor-heading-title elementor-size-default\">Marketing<\/h2>\t\t\t\t<\/div>\n\t\t\t\t<div class=\"elementor-element elementor-element-fdc9c90 elementor-widget elementor-widget-text-editor\" data-id=\"fdc9c90\" data-element_type=\"widget\" data-widget_type=\"text-editor.default\">\n\t\t\t\t\t\t\t\t\t<p><b>Objetivo:<\/b>\u00a0<\/p><p>Desarrollar y crear materiales y contenidos de comunicaci\u00f3n institucional que contribuyan al fortalecimiento de la imagen, identidad y presencia de la FCQ-UNA, asegurando que todas las acciones est\u00e9n alineadas con los objetivos institucionales.<\/p><p><b>Funciones:<\/b><\/p><ul><li aria-level=\"1\">Contribuir al fortalecimiento de la identidad, coherencia y presencia institucional en todas las acciones comunicacionales dentro del marco de la Coordinaci\u00f3n de Comunicaci\u00f3n Institucional.<\/li><\/ul><ul><li aria-level=\"1\">Gestionar la creaci\u00f3n de contenidos y materiales gr\u00e1ficos y audiovisuales en diferentes formatos, as\u00ed como la presencia en medios y redes sociales institucionales.\u00a0<\/li><\/ul><ul><li aria-level=\"1\">Desarrollar productos comunicacionales gr\u00e1ficos y digitales alineados con los objetivos institucionales.\u00a0<\/li><\/ul><ul><li aria-level=\"1\">Crear contenidos que reflejen la identidad visual de la FCQ-UNA, asegurando coherencia est\u00e9tica y conceptual en todas las piezas.\u00a0<\/li><\/ul><ul><li aria-level=\"1\">Colaborar en la planificaci\u00f3n comunicacional, aportando criterios visuales, estrat\u00e9gicos y conceptuales para asegurar la coherencia de todas las acciones de marketing con los objetivos institucionales. (Diariamente)<\/li><\/ul><ul><li aria-level=\"1\">Gestionar las redes sociales institucionales: planificaci\u00f3n, programaci\u00f3n, creaci\u00f3n y publicaci\u00f3n de contenidos, seguimiento de interacciones y atenci\u00f3n al p\u00fablico, asegurando coherencia con la identidad visual y los objetivos institucionales.\u00a0<\/li><\/ul><ul><li aria-level=\"1\">Promocionar las ofertas acad\u00e9micas de grado y posgrado, eventos institucionales y actividades de divulgaci\u00f3n cient\u00edfica mediante piezas y campa\u00f1as de comunicaci\u00f3n.\u00a0<\/li><\/ul><ul><li aria-level=\"1\">Elaborar reportes de rendimiento, analizando m\u00e9tricas y resultados para la toma de decisiones comunicacionales.<\/li><\/ul><p>\u00a0<\/p>\t\t\t\t\t\t\t\t<\/div>\n\t\t\t\t\t<\/div>\n\t\t\t\t<\/div>\n\t\t\t\t<\/div>\n\t\t","protected":false},"excerpt":{"rendered":"<p>Presentaci\u00f3n ObjetivoContribuir al fortalecimiento de la imagen de la Instituci\u00f3n mediante la gesti\u00f3n eficiente de la comunicaci\u00f3n interna y externa, con el objeto de visibilizar las actividades misionales y estrat\u00e9gicas. Funciones: Gestionar la difusi\u00f3n y socializaci\u00f3n de la documentaci\u00f3n institucional entre los miembros de la FCQ-UNA, en coordinaci\u00f3n con otras dependencias. Gestionar la difusi\u00f3n y [&hellip;]<\/p>\n","protected":false},"author":2,"featured_media":0,"parent":48650,"menu_order":0,"comment_status":"closed","ping_status":"closed","template":"","meta":{"footnotes":""},"class_list":["post-53906","page","type-page","status-publish","hentry"],"_links":{"self":[{"href":"https:\/\/fcquna.edu.py\/v3\/wp-json\/wp\/v2\/pages\/53906","targetHints":{"allow":["GET"]}}],"collection":[{"href":"https:\/\/fcquna.edu.py\/v3\/wp-json\/wp\/v2\/pages"}],"about":[{"href":"https:\/\/fcquna.edu.py\/v3\/wp-json\/wp\/v2\/types\/page"}],"author":[{"embeddable":true,"href":"https:\/\/fcquna.edu.py\/v3\/wp-json\/wp\/v2\/users\/2"}],"replies":[{"embeddable":true,"href":"https:\/\/fcquna.edu.py\/v3\/wp-json\/wp\/v2\/comments?post=53906"}],"version-history":[{"count":16,"href":"https:\/\/fcquna.edu.py\/v3\/wp-json\/wp\/v2\/pages\/53906\/revisions"}],"predecessor-version":[{"id":55340,"href":"https:\/\/fcquna.edu.py\/v3\/wp-json\/wp\/v2\/pages\/53906\/revisions\/55340"}],"up":[{"embeddable":true,"href":"https:\/\/fcquna.edu.py\/v3\/wp-json\/wp\/v2\/pages\/48650"}],"wp:attachment":[{"href":"https:\/\/fcquna.edu.py\/v3\/wp-json\/wp\/v2\/media?parent=53906"}],"curies":[{"name":"wp","href":"https:\/\/api.w.org\/{rel}","templated":true}]}}