{"id":53898,"date":"2026-03-09T18:56:30","date_gmt":"2026-03-09T18:56:30","guid":{"rendered":"https:\/\/fcquna.edu.py\/v3\/?page_id=53898"},"modified":"2026-03-09T18:57:28","modified_gmt":"2026-03-09T18:57:28","slug":"unidad-de-transparencia-y-anticorrupcion","status":"publish","type":"page","link":"https:\/\/fcquna.edu.py\/v3\/institucional\/dependencias\/unidad-de-transparencia-y-anticorrupcion\/","title":{"rendered":"Unidad de Transparencia y Anticorrupci\u00f3n"},"content":{"rendered":"\t\t<div data-elementor-type=\"wp-page\" data-elementor-id=\"53898\" class=\"elementor elementor-53898\" data-elementor-post-type=\"page\">\n\t\t\t\t<div class=\"elementor-element elementor-element-336ee77 e-flex e-con-boxed e-con e-parent\" data-id=\"336ee77\" data-element_type=\"container\" data-settings=\"{&quot;jet_parallax_layout_list&quot;:[]}\">\n\t\t\t\t\t<div class=\"e-con-inner\">\n\t\t\t\t<div class=\"elementor-element elementor-element-765cf33 elementor-widget elementor-widget-heading\" data-id=\"765cf33\" data-element_type=\"widget\" data-widget_type=\"heading.default\">\n\t\t\t\t\t<h2 class=\"elementor-heading-title elementor-size-default\">Presentaci\u00f3n<\/h2>\t\t\t\t<\/div>\n\t\t\t\t<div class=\"elementor-element elementor-element-feced98 elementor-widget elementor-widget-text-editor\" data-id=\"feced98\" data-element_type=\"widget\" data-widget_type=\"text-editor.default\">\n\t\t\t\t\t\t\t\t\t<p><b>Responsable:<\/b> Prof. Lic. Laura Gonz\u00e1lez C\u00e9spedes <b>&#8211; FOTO<\/b><\/p><p><b>Contacto:<\/b> <a href=\"mailto:anticorrupcion@qui.una.py\">anticorrupcion@qui.una.py<\/a><\/p><p><b>Dependencias:\u00a0<\/b><\/p><p><b>Secci\u00f3n de Acceso a la Informaci\u00f3n P\u00fablica<\/b><\/p>\t\t\t\t\t\t\t\t<\/div>\n\t\t\t\t\t<\/div>\n\t\t\t\t<\/div>\n\t\t\t\t<\/div>\n\t\t","protected":false},"excerpt":{"rendered":"<p>Presentaci\u00f3n Responsable: Prof. Lic. Laura Gonz\u00e1lez C\u00e9spedes &#8211; FOTO Contacto: anticorrupcion@qui.una.py Dependencias:\u00a0 Secci\u00f3n de Acceso a la Informaci\u00f3n P\u00fablica<\/p>\n","protected":false},"author":2,"featured_media":0,"parent":48650,"menu_order":0,"comment_status":"closed","ping_status":"closed","template":"","meta":{"footnotes":""},"class_list":["post-53898","page","type-page","status-publish","hentry"],"_links":{"self":[{"href":"https:\/\/fcquna.edu.py\/v3\/wp-json\/wp\/v2\/pages\/53898","targetHints":{"allow":["GET"]}}],"collection":[{"href":"https:\/\/fcquna.edu.py\/v3\/wp-json\/wp\/v2\/pages"}],"about":[{"href":"https:\/\/fcquna.edu.py\/v3\/wp-json\/wp\/v2\/types\/page"}],"author":[{"embeddable":true,"href":"https:\/\/fcquna.edu.py\/v3\/wp-json\/wp\/v2\/users\/2"}],"replies":[{"embeddable":true,"href":"https:\/\/fcquna.edu.py\/v3\/wp-json\/wp\/v2\/comments?post=53898"}],"version-history":[{"count":4,"href":"https:\/\/fcquna.edu.py\/v3\/wp-json\/wp\/v2\/pages\/53898\/revisions"}],"predecessor-version":[{"id":53902,"href":"https:\/\/fcquna.edu.py\/v3\/wp-json\/wp\/v2\/pages\/53898\/revisions\/53902"}],"up":[{"embeddable":true,"href":"https:\/\/fcquna.edu.py\/v3\/wp-json\/wp\/v2\/pages\/48650"}],"wp:attachment":[{"href":"https:\/\/fcquna.edu.py\/v3\/wp-json\/wp\/v2\/media?parent=53898"}],"curies":[{"name":"wp","href":"https:\/\/api.w.org\/{rel}","templated":true}]}}