{"id":53857,"date":"2026-03-09T17:40:20","date_gmt":"2026-03-09T17:40:20","guid":{"rendered":"https:\/\/fcquna.edu.py\/v3\/?page_id=53857"},"modified":"2026-03-19T20:35:21","modified_gmt":"2026-03-19T20:35:21","slug":"secretaria-de-la-facultad","status":"publish","type":"page","link":"https:\/\/fcquna.edu.py\/v3\/institucional\/dependencias\/secretaria-de-la-facultad\/","title":{"rendered":"Secretar\u00eda de la Facultad"},"content":{"rendered":"\t\t<div data-elementor-type=\"wp-page\" data-elementor-id=\"53857\" class=\"elementor elementor-53857\" data-elementor-post-type=\"page\">\n\t\t\t\t<div class=\"elementor-element elementor-element-81289a2 e-flex e-con-boxed e-con e-parent\" data-id=\"81289a2\" data-element_type=\"container\" data-settings=\"{&quot;jet_parallax_layout_list&quot;:[]}\">\n\t\t\t\t\t<div class=\"e-con-inner\">\n\t\t\t\t<div class=\"elementor-element elementor-element-d069fc5 elementor-widget elementor-widget-heading\" data-id=\"d069fc5\" data-element_type=\"widget\" data-widget_type=\"heading.default\">\n\t\t\t\t\t<h2 class=\"elementor-heading-title elementor-size-default\">Presentaci\u00f3n<\/h2>\t\t\t\t<\/div>\n\t\t\t\t<div class=\"elementor-element elementor-element-1f876e7 elementor-widget elementor-widget-text-editor\" data-id=\"1f876e7\" data-element_type=\"widget\" data-widget_type=\"text-editor.default\">\n\t\t\t\t\t\t\t\t\t<h2>Objetivos de la Secretar\u00eda de la Facultad:<\/h2><ul><li aria-level=\"1\">Desarrollar procesos de gesti\u00f3n que respalden al Consejo Directivo y al Decano en la administraci\u00f3n institucional y en la gesti\u00f3n de documentos oficiales.<\/li><li aria-level=\"1\">Garantizar la custodia, conservaci\u00f3n y seguridad de la documentaci\u00f3n oficial institucional.<\/li><li aria-level=\"1\">Coordinar y supervisar la organizaci\u00f3n, manejo y disponibilidad de la informaci\u00f3n institucional para consulta y uso adecuado.<\/li><\/ul><p>Entre las funciones principales de la Secretar\u00eda se destacan:<\/p><ul><li aria-level=\"1\">Dar fe de lo tratado en las sesiones del Consejo Directivo y custodiar la documentaci\u00f3n correspondiente.<\/li><li aria-level=\"1\">Ejercer la Secretar\u00eda del Consejo Directivo, refrendar sus resoluciones y darles difusi\u00f3n oficial.<\/li><li aria-level=\"1\">Ejercer la Secretar\u00eda del Tribunal Electoral Independiente (TEI) de la Facultad.<\/li><li aria-level=\"1\">Refrendar la firma del Decano en resoluciones, certificados acad\u00e9micos y otros documentos oficiales.<\/li><li aria-level=\"1\">Publicar actas y resoluciones del Consejo Directivo en los medios oficiales de la Facultad.<\/li><li aria-level=\"1\">Velar por el buen uso y custodia de los s\u00edmbolos, sellos y patrimonio hist\u00f3rico-documental de la Facultad.<\/li><li aria-level=\"1\">Autenticar copias de documentos oficiales.<\/li><li aria-level=\"1\">Elaborar el Plan Operativo Anual conforme al Plan Estrat\u00e9gico Institucional y necesidades de la Secretar\u00eda de la Facultad.<\/li><li aria-level=\"1\">Coordinar actividades con los responsables de los departamentos a su cargo y con otras \u00e1reas, optimizando la gesti\u00f3n y administraci\u00f3n de recursos.<\/li><li aria-level=\"1\">Garantizar la seguridad y confidencialidad de la informaci\u00f3n y documentaci\u00f3n Institucional.<\/li><li aria-level=\"1\">Realizar otras funciones asignadas por el Decano, relacionadas con el \u00e1mbito de su competencia.<\/li><\/ul><p>\u00a0<\/p>\t\t\t\t\t\t\t\t<\/div>\n\t\t<div class=\"elementor-element elementor-element-f1eda3a e-flex e-con-boxed e-con e-child\" data-id=\"f1eda3a\" data-element_type=\"container\" data-settings=\"{&quot;jet_parallax_layout_list&quot;:[]}\">\n\t\t\t\t\t<div class=\"e-con-inner\">\n\t\t<div class=\"elementor-element elementor-element-1dbc3dd e-con-full e-flex e-con e-child\" data-id=\"1dbc3dd\" data-element_type=\"container\" data-settings=\"{&quot;jet_parallax_layout_list&quot;:[]}\">\n\t\t\t\t<div class=\"elementor-element elementor-element-c326ec6 elementor-widget elementor-widget-image\" data-id=\"c326ec6\" data-element_type=\"widget\" data-widget_type=\"image.default\">\n\t\t\t\t\t\t\t\t\t\t\t\t\t\t\t<img fetchpriority=\"high\" decoding=\"async\" width=\"768\" height=\"768\" src=\"https:\/\/fcquna.edu.py\/v3\/wp-content\/uploads\/2026\/03\/Secretaria_Diosnel_Corvalan-768x768.png\" class=\"attachment-medium_large size-medium_large wp-image-54642\" alt=\"\" srcset=\"https:\/\/fcquna.edu.py\/v3\/wp-content\/uploads\/2026\/03\/Secretaria_Diosnel_Corvalan-768x768.png 768w, https:\/\/fcquna.edu.py\/v3\/wp-content\/uploads\/2026\/03\/Secretaria_Diosnel_Corvalan-300x300.png 300w, https:\/\/fcquna.edu.py\/v3\/wp-content\/uploads\/2026\/03\/Secretaria_Diosnel_Corvalan-1024x1024.png 1024w, https:\/\/fcquna.edu.py\/v3\/wp-content\/uploads\/2026\/03\/Secretaria_Diosnel_Corvalan-150x150.png 150w, https:\/\/fcquna.edu.py\/v3\/wp-content\/uploads\/2026\/03\/Secretaria_Diosnel_Corvalan-1536x1536.png 1536w, https:\/\/fcquna.edu.py\/v3\/wp-content\/uploads\/2026\/03\/Secretaria_Diosnel_Corvalan-2048x2048.png 2048w\" sizes=\"(max-width: 768px) 100vw, 768px\" \/>\t\t\t\t\t\t\t\t\t\t\t\t\t\t\t<\/div>\n\t\t\t\t<\/div>\n\t\t<div class=\"elementor-element elementor-element-e1920fc e-con-full e-flex e-con e-child\" data-id=\"e1920fc\" data-element_type=\"container\" data-settings=\"{&quot;jet_parallax_layout_list&quot;:[],&quot;background_background&quot;:&quot;classic&quot;}\">\n\t\t\t\t<div class=\"elementor-element elementor-element-f2816bd elementor-widget elementor-widget-heading\" data-id=\"f2816bd\" data-element_type=\"widget\" data-widget_type=\"heading.default\">\n\t\t\t\t\t<h2 class=\"elementor-heading-title elementor-size-default\">Lic. Abg. Juan Diosnel Corval\u00e1n Ag\u00fcero<\/h2>\t\t\t\t<\/div>\n\t\t\t\t<div class=\"elementor-element elementor-element-1af7900 elementor-widget elementor-widget-text-editor\" data-id=\"1af7900\" data-element_type=\"widget\" data-widget_type=\"text-editor.default\">\n\t\t\t\t\t\t\t\t\t<p>Director<\/p>\t\t\t\t\t\t\t\t<\/div>\n\t\t\t\t<div class=\"elementor-element elementor-element-41facca elementor-icon-list--layout-traditional elementor-list-item-link-full_width elementor-widget elementor-widget-icon-list\" data-id=\"41facca\" data-element_type=\"widget\" data-widget_type=\"icon-list.default\">\n\t\t\t\t\t\t\t<ul class=\"elementor-icon-list-items\">\n\t\t\t\t\t\t\t<li class=\"elementor-icon-list-item\">\n\t\t\t\t\t\t\t\t\t\t\t<a href=\"mailto:secgen@qui.una.py\">\n\n\t\t\t\t\t\t\t\t\t\t\t\t<span class=\"elementor-icon-list-icon\">\n\t\t\t\t\t\t\t<svg aria-hidden=\"true\" class=\"e-font-icon-svg e-fas-envelope\" viewBox=\"0 0 512 512\" xmlns=\"http:\/\/www.w3.org\/2000\/svg\"><path d=\"M502.3 190.8c3.9-3.1 9.7-.2 9.7 4.7V400c0 26.5-21.5 48-48 48H48c-26.5 0-48-21.5-48-48V195.6c0-5 5.7-7.8 9.7-4.7 22.4 17.4 52.1 39.5 154.1 113.6 21.1 15.4 56.7 47.8 92.2 47.6 35.7.3 72-32.8 92.3-47.6 102-74.1 131.6-96.3 154-113.7zM256 320c23.2.4 56.6-29.2 73.4-41.4 132.7-96.3 142.8-104.7 173.4-128.7 5.8-4.5 9.2-11.5 9.2-18.9v-19c0-26.5-21.5-48-48-48H48C21.5 64 0 85.5 0 112v19c0 7.4 3.4 14.3 9.2 18.9 30.6 23.9 40.7 32.4 173.4 128.7 16.8 12.2 50.2 41.8 73.4 41.4z\"><\/path><\/svg>\t\t\t\t\t\t<\/span>\n\t\t\t\t\t\t\t\t\t\t<span class=\"elementor-icon-list-text\">secgen@qui.una.py<\/span>\n\t\t\t\t\t\t\t\t\t\t\t<\/a>\n\t\t\t\t\t\t\t\t\t<\/li>\n\t\t\t\t\t\t\t\t<li class=\"elementor-icon-list-item\">\n\t\t\t\t\t\t\t\t\t\t\t<a href=\"mailto:dcorvalan@qui.una.py\">\n\n\t\t\t\t\t\t\t\t\t\t\t\t<span class=\"elementor-icon-list-icon\">\n\t\t\t\t\t\t\t<svg aria-hidden=\"true\" class=\"e-font-icon-svg e-fas-envelope\" viewBox=\"0 0 512 512\" xmlns=\"http:\/\/www.w3.org\/2000\/svg\"><path d=\"M502.3 190.8c3.9-3.1 9.7-.2 9.7 4.7V400c0 26.5-21.5 48-48 48H48c-26.5 0-48-21.5-48-48V195.6c0-5 5.7-7.8 9.7-4.7 22.4 17.4 52.1 39.5 154.1 113.6 21.1 15.4 56.7 47.8 92.2 47.6 35.7.3 72-32.8 92.3-47.6 102-74.1 131.6-96.3 154-113.7zM256 320c23.2.4 56.6-29.2 73.4-41.4 132.7-96.3 142.8-104.7 173.4-128.7 5.8-4.5 9.2-11.5 9.2-18.9v-19c0-26.5-21.5-48-48-48H48C21.5 64 0 85.5 0 112v19c0 7.4 3.4 14.3 9.2 18.9 30.6 23.9 40.7 32.4 173.4 128.7 16.8 12.2 50.2 41.8 73.4 41.4z\"><\/path><\/svg>\t\t\t\t\t\t<\/span>\n\t\t\t\t\t\t\t\t\t\t<span class=\"elementor-icon-list-text\">dcorvalan@qui.una.py<\/span>\n\t\t\t\t\t\t\t\t\t\t\t<\/a>\n\t\t\t\t\t\t\t\t\t<\/li>\n\t\t\t\t\t\t<\/ul>\n\t\t\t\t\t\t<\/div>\n\t\t\t\t<\/div>\n\t\t\t\t\t<\/div>\n\t\t\t\t<\/div>\n\t\t\t\t<div class=\"elementor-element elementor-element-c7e483f elementor-widget elementor-widget-heading\" data-id=\"c7e483f\" data-element_type=\"widget\" data-widget_type=\"heading.default\">\n\t\t\t\t\t<h2 class=\"elementor-heading-title elementor-size-default\">Departamento de Gesti\u00f3n Documental<\/h2>\t\t\t\t<\/div>\n\t\t\t\t<div class=\"elementor-element elementor-element-ae2516a elementor-widget elementor-widget-text-editor\" data-id=\"ae2516a\" data-element_type=\"widget\" data-widget_type=\"text-editor.default\">\n\t\t\t\t\t\t\t\t\t<p><b>Objetivos<\/b><\/p><p>Coordinar y supervisar la recepci\u00f3n y tramitaci\u00f3n de documentos ingresados por la Mesa de Entrada y de los documentos institucionales, controlando los procesos de consulta, seguimiento, digitalizaci\u00f3n y resguardo. Asimismo, aplica los procedimientos y normas relativas a la producci\u00f3n, organizaci\u00f3n, conservaci\u00f3n y disposici\u00f3n final de la documentaci\u00f3n institucional.<\/p><p><b>Funciones<\/b><\/p><ul><li aria-level=\"1\">Elaborar y gestionar documentos oficiales emitidos por las autoridades institucionales, incluyendo Decanato y Consejo Directivo.<\/li><li aria-level=\"1\">Coordinar la elaboraci\u00f3n, revisi\u00f3n, control e impresi\u00f3n de documentos institucionales.<\/li><li aria-level=\"1\">Gestionar la recepci\u00f3n, registro, distribuci\u00f3n y seguimiento de documentos y expedientes.<\/li><li aria-level=\"1\">Brindar atenci\u00f3n e informaci\u00f3n al p\u00fablico sobre consultas y solicitudes documentales.<\/li><li aria-level=\"1\">Organizar, archivar y resguardar la documentaci\u00f3n para su adecuada conservaci\u00f3n y uso.<\/li><\/ul><p><b>Jefe de Departamento: <\/b>Abg. Cesar Sebasti\u00e1n Ch\u00e1vez Fern\u00e1ndez<\/p><p><b>Correo electr\u00f3nico:<\/b> <a href=\"mailto:cchavez@qui.una.py\">cchavez@qui.una.py<\/a><\/p><p><b>Secci\u00f3n de Producci\u00f3n Documental del Decanato<\/b><\/p><ul><li aria-level=\"1\">Lic. Aurora Natalia Acheverria Delvalle<\/li><\/ul><p><b>Secci\u00f3n de Producci\u00f3n Documental del Consejo Directivo<\/b><\/p><p><b>Secretar\u00eda del Consejo Directivo \u2013 Responsable:<\/b> Lic. Abg. Juan Diosnel Corval\u00e1n Ag\u00fcero<\/p><p><b>Secci\u00f3n de Distribuci\u00f3n y Organizaci\u00f3n Documental<\/b><\/p><ul><li aria-level=\"1\">Lic. Beatriz Paredes B\u00e1ez<\/li><\/ul><p><b>Secci\u00f3n de Mesa de Entrada y Atenci\u00f3n al P\u00fablico<\/b><\/p><ul><li aria-level=\"1\">Univ. Adalberto Rodr\u00edguez Ben\u00edtez<\/li><li aria-level=\"1\">Univ. Jos\u00e9 Adolfo Armoa Ortiz<\/li><li aria-level=\"1\">Univ. Nayeli Gonz\u00e1lez Centuri\u00f3n<\/li><li aria-level=\"1\">Esc. Rosalba Azurina Cantero Causarano<\/li><\/ul>\t\t\t\t\t\t\t\t<\/div>\n\t\t\t\t<div class=\"elementor-element elementor-element-2781d75 elementor-widget elementor-widget-heading\" data-id=\"2781d75\" data-element_type=\"widget\" data-widget_type=\"heading.default\">\n\t\t\t\t\t<h2 class=\"elementor-heading-title elementor-size-default\">Departamento de Archivo Central<\/h2>\t\t\t\t<\/div>\n\t\t\t\t<div class=\"elementor-element elementor-element-abafde3 elementor-widget elementor-widget-text-editor\" data-id=\"abafde3\" data-element_type=\"widget\" data-widget_type=\"text-editor.default\">\n\t\t\t\t\t\t\t\t\t<p><b>Objetivo<\/b><\/p><p>Administrar, organizar y custodiar la documentaci\u00f3n Institucional, tanto temporal como permanente, garantizando su clasificaci\u00f3n, conservaci\u00f3n, digitalizaci\u00f3n y disponibilidad para consulta. Coordina y supervisa la recepci\u00f3n, procesamiento, revisi\u00f3n y manejo de documentos y expedientes conforme a las normas y procedimientos vigentes.<\/p><p><b>Funciones Resumidas<\/b><\/p><ul><li aria-level=\"1\">Realizar el procesamiento t\u00e9cnico del archivo.<\/li><li aria-level=\"1\">Supervisar la expedici\u00f3n, revisi\u00f3n y digitalizaci\u00f3n de documentos.<\/li><li aria-level=\"1\">Mantener organizados los archivos f\u00edsicos y digitales, asegurando calidad, exactitud y acceso seguro a la informaci\u00f3n Institucional.<\/li><\/ul><p><b>Jefe de Departamento: <\/b>C.P. Nelsy Dejes\u00fas Torres Fari\u00f1a<\/p><p><b>Correo electr\u00f3nico:<\/b> <a href=\"mailto:archivo@qui.una.py\">archivo@qui.una.py<\/a> <\/p>\t\t\t\t\t\t\t\t<\/div>\n\t\t\t\t\t<\/div>\n\t\t\t\t<\/div>\n\t\t\t\t<\/div>\n\t\t","protected":false},"excerpt":{"rendered":"<p>Presentaci\u00f3n Objetivos de la Secretar\u00eda de la Facultad: Desarrollar procesos de gesti\u00f3n que respalden al Consejo Directivo y al Decano en la administraci\u00f3n institucional y en la gesti\u00f3n de documentos oficiales. Garantizar la custodia, conservaci\u00f3n y seguridad de la documentaci\u00f3n oficial institucional. Coordinar y supervisar la organizaci\u00f3n, manejo y disponibilidad de la informaci\u00f3n institucional para [&hellip;]<\/p>\n","protected":false},"author":2,"featured_media":0,"parent":48650,"menu_order":0,"comment_status":"closed","ping_status":"closed","template":"","meta":{"footnotes":""},"class_list":["post-53857","page","type-page","status-publish","hentry"],"_links":{"self":[{"href":"https:\/\/fcquna.edu.py\/v3\/wp-json\/wp\/v2\/pages\/53857","targetHints":{"allow":["GET"]}}],"collection":[{"href":"https:\/\/fcquna.edu.py\/v3\/wp-json\/wp\/v2\/pages"}],"about":[{"href":"https:\/\/fcquna.edu.py\/v3\/wp-json\/wp\/v2\/types\/page"}],"author":[{"embeddable":true,"href":"https:\/\/fcquna.edu.py\/v3\/wp-json\/wp\/v2\/users\/2"}],"replies":[{"embeddable":true,"href":"https:\/\/fcquna.edu.py\/v3\/wp-json\/wp\/v2\/comments?post=53857"}],"version-history":[{"count":38,"href":"https:\/\/fcquna.edu.py\/v3\/wp-json\/wp\/v2\/pages\/53857\/revisions"}],"predecessor-version":[{"id":55375,"href":"https:\/\/fcquna.edu.py\/v3\/wp-json\/wp\/v2\/pages\/53857\/revisions\/55375"}],"up":[{"embeddable":true,"href":"https:\/\/fcquna.edu.py\/v3\/wp-json\/wp\/v2\/pages\/48650"}],"wp:attachment":[{"href":"https:\/\/fcquna.edu.py\/v3\/wp-json\/wp\/v2\/media?parent=53857"}],"curies":[{"name":"wp","href":"https:\/\/api.w.org\/{rel}","templated":true}]}}