{"id":53505,"date":"2026-02-26T17:39:16","date_gmt":"2026-02-26T17:39:16","guid":{"rendered":"https:\/\/fcquna.edu.py\/v3\/?page_id=53505"},"modified":"2026-03-19T20:28:44","modified_gmt":"2026-03-19T20:28:44","slug":"transparencia-2","status":"publish","type":"page","link":"https:\/\/fcquna.edu.py\/v3\/transparencia-2\/","title":{"rendered":"Transparencia"},"content":{"rendered":"\t\t<div data-elementor-type=\"wp-page\" data-elementor-id=\"53505\" class=\"elementor elementor-53505\" data-elementor-post-type=\"page\">\n\t\t\t\t<div class=\"elementor-element elementor-element-08afe76 e-flex e-con-boxed e-con e-parent\" data-id=\"08afe76\" data-element_type=\"container\" data-settings=\"{&quot;jet_parallax_layout_list&quot;:[]}\">\n\t\t\t\t\t<div class=\"e-con-inner\">\n\t\t\t\t<div class=\"elementor-element elementor-element-4c3bf45 elementor-widget elementor-widget-spacer\" data-id=\"4c3bf45\" data-element_type=\"widget\" data-widget_type=\"spacer.default\">\n\t\t\t\t\t\t\t<div class=\"elementor-spacer\">\n\t\t\t<div class=\"elementor-spacer-inner\"><\/div>\n\t\t<\/div>\n\t\t\t\t\t\t<\/div>\n\t\t\t\t<div class=\"elementor-element elementor-element-a601858 elementor-widget elementor-widget-heading\" data-id=\"a601858\" data-element_type=\"widget\" data-widget_type=\"heading.default\">\n\t\t\t\t\t<h2 class=\"elementor-heading-title elementor-size-default\">Transparencia<\/h2>\t\t\t\t<\/div>\n\t\t\t\t<div class=\"elementor-element elementor-element-c1f4940 elementor-widget elementor-widget-spacer\" data-id=\"c1f4940\" data-element_type=\"widget\" data-widget_type=\"spacer.default\">\n\t\t\t\t\t\t\t<div class=\"elementor-spacer\">\n\t\t\t<div class=\"elementor-spacer-inner\"><\/div>\n\t\t<\/div>\n\t\t\t\t\t\t<\/div>\n\t\t<div class=\"elementor-element elementor-element-ecf1ec9 e-grid e-con-full e-con e-child\" data-id=\"ecf1ec9\" data-element_type=\"container\" data-settings=\"{&quot;jet_parallax_layout_list&quot;:[]}\">\n\t\t<div class=\"elementor-element elementor-element-a53e43e e-con-full e-flex e-con e-child\" data-id=\"a53e43e\" data-element_type=\"container\" data-settings=\"{&quot;background_background&quot;:&quot;classic&quot;,&quot;jet_parallax_layout_list&quot;:[]}\">\n\t\t\t\t<div class=\"elementor-element elementor-element-a5b7fc8 elementor-widget elementor-widget-text-editor\" data-id=\"a5b7fc8\" data-element_type=\"widget\" data-widget_type=\"text-editor.default\">\n\t\t\t\t\t\t\t\t\t<h2><a href=\"https:\/\/fcquna.edu.py\/v3\/transparencia-2\/transparencia-ley-no-5189-14\/\">Ley N\u00ba 5189\/14<\/a><\/h2>\t\t\t\t\t\t\t\t<\/div>\n\t\t\t\t<\/div>\n\t\t<div class=\"elementor-element elementor-element-a57905b e-con-full e-flex e-con e-child\" data-id=\"a57905b\" data-element_type=\"container\" data-settings=\"{&quot;background_background&quot;:&quot;classic&quot;,&quot;jet_parallax_layout_list&quot;:[]}\">\n\t\t\t\t<div class=\"elementor-element elementor-element-a06c9ea elementor-widget elementor-widget-text-editor\" data-id=\"a06c9ea\" data-element_type=\"widget\" data-widget_type=\"text-editor.default\">\n\t\t\t\t\t\t\t\t\t<h2><a href=\"#\">Ley N\u00ba 5282\/14<\/a><\/h2>\t\t\t\t\t\t\t\t<\/div>\n\t\t\t\t<\/div>\n\t\t<div class=\"elementor-element elementor-element-672eae1 e-con-full e-flex e-con e-child\" data-id=\"672eae1\" data-element_type=\"container\" data-settings=\"{&quot;background_background&quot;:&quot;classic&quot;,&quot;jet_parallax_layout_list&quot;:[]}\">\n\t\t\t\t<div class=\"elementor-element elementor-element-0d79c68 elementor-widget elementor-widget-text-editor\" data-id=\"0d79c68\" data-element_type=\"widget\" data-widget_type=\"text-editor.default\">\n\t\t\t\t\t\t\t\t\t<h2><a href=\"https:\/\/fcquna.edu.py\/v3\/transparencia-2\/ley-no-7239-2024\">Ley N\u00ba 7239\/24<\/a><\/h2>\t\t\t\t\t\t\t\t<\/div>\n\t\t\t\t<\/div>\n\t\t<div class=\"elementor-element elementor-element-7c4a7e0 e-con-full e-flex e-con e-child\" data-id=\"7c4a7e0\" data-element_type=\"container\" data-settings=\"{&quot;background_background&quot;:&quot;classic&quot;,&quot;jet_parallax_layout_list&quot;:[]}\">\n\t\t\t\t<div class=\"elementor-element elementor-element-85c987b elementor-widget elementor-widget-text-editor\" data-id=\"85c987b\" data-element_type=\"widget\" data-widget_type=\"text-editor.default\">\n\t\t\t\t\t\t\t\t\t<h2><a href=\"https:\/\/fcquna.edu.py\/v3\/transparencia-2\/ley-no-7389-2024\/\">Ley N\u00ba 7389\/24<\/a><\/h2>\t\t\t\t\t\t\t\t<\/div>\n\t\t\t\t<\/div>\n\t\t<div class=\"elementor-element elementor-element-f88a52e e-con-full e-flex e-con e-child\" data-id=\"f88a52e\" data-element_type=\"container\" data-settings=\"{&quot;background_background&quot;:&quot;classic&quot;,&quot;jet_parallax_layout_list&quot;:[]}\">\n\t\t\t\t<div class=\"elementor-element elementor-element-3d7cab9 elementor-widget elementor-widget-text-editor\" data-id=\"3d7cab9\" data-element_type=\"widget\" data-widget_type=\"text-editor.default\">\n\t\t\t\t\t\t\t\t\t<h2><a href=\"https:\/\/fcquna.edu.py\/v3\/transparencia-2\/declaracion-jurada-de-intereses\/\">Declaraci\u00f3n Jurada de Intereses<\/a><\/h2>\t\t\t\t\t\t\t\t<\/div>\n\t\t\t\t<\/div>\n\t\t<div class=\"elementor-element elementor-element-443882c e-con-full e-flex e-con e-child\" data-id=\"443882c\" data-element_type=\"container\" data-settings=\"{&quot;background_background&quot;:&quot;classic&quot;,&quot;jet_parallax_layout_list&quot;:[]}\">\n\t\t\t\t<div class=\"elementor-element elementor-element-aa8635a elementor-widget elementor-widget-text-editor\" data-id=\"aa8635a\" data-element_type=\"widget\" data-widget_type=\"text-editor.default\">\n\t\t\t\t\t\t\t\t\t<h2><a href=\"#\">Rendici\u00f3n de Cuentas al Ciudadano<\/a><\/h2>\t\t\t\t\t\t\t\t<\/div>\n\t\t\t\t<\/div>\n\t\t<div class=\"elementor-element elementor-element-41b08d5 e-con-full e-flex e-con e-child\" data-id=\"41b08d5\" data-element_type=\"container\" data-settings=\"{&quot;background_background&quot;:&quot;classic&quot;,&quot;jet_parallax_layout_list&quot;:[]}\">\n\t\t\t\t<div class=\"elementor-element elementor-element-40d9a14 elementor-widget elementor-widget-text-editor\" data-id=\"40d9a14\" data-element_type=\"widget\" data-widget_type=\"text-editor.default\">\n\t\t\t\t\t\t\t\t\t<h2><a href=\"https:\/\/denuncias.contraloria.gov.py\/\" target=\"_blank\" rel=\"noopener\">Denuncias Ciudadanas<\/a><\/h2>\t\t\t\t\t\t\t\t<\/div>\n\t\t\t\t<\/div>\n\t\t<div class=\"elementor-element elementor-element-c41456b e-con-full e-flex e-con e-child\" data-id=\"c41456b\" data-element_type=\"container\" data-settings=\"{&quot;background_background&quot;:&quot;classic&quot;,&quot;jet_parallax_layout_list&quot;:[]}\">\n\t\t\t\t<div class=\"elementor-element elementor-element-21b5759 elementor-widget elementor-widget-text-editor\" data-id=\"21b5759\" data-element_type=\"widget\" data-widget_type=\"text-editor.default\">\n\t\t\t\t\t\t\t\t\t<h2><a href=\"https:\/\/informacionpublica.paraguay.gov.py\/#!\/\" target=\"_blank\" rel=\"noopener\">Acceso a la Informaci\u00f3n P\u00fablica<\/a><\/h2>\t\t\t\t\t\t\t\t<\/div>\n\t\t\t\t<\/div>\n\t\t<div class=\"elementor-element elementor-element-660efdc e-con-full e-flex e-con e-child\" data-id=\"660efdc\" data-element_type=\"container\" data-settings=\"{&quot;background_background&quot;:&quot;classic&quot;,&quot;jet_parallax_layout_list&quot;:[]}\">\n\t\t\t\t<div class=\"elementor-element elementor-element-a43853f elementor-widget elementor-widget-text-editor\" data-id=\"a43853f\" data-element_type=\"widget\" data-widget_type=\"text-editor.default\">\n\t\t\t\t\t\t\t\t\t<h2><a href=\"https:\/\/fcquna.edu.py\/v3\/transparencia-2\/memorias\">Memorias<\/a><\/h2>\t\t\t\t\t\t\t\t<\/div>\n\t\t\t\t<\/div>\n\t\t\t\t<\/div>\n\t\t\t\t\t<\/div>\n\t\t\t\t<\/div>\n\t\t<div class=\"elementor-element elementor-element-7d3eee4 e-flex e-con-boxed e-con e-parent\" data-id=\"7d3eee4\" data-element_type=\"container\" data-settings=\"{&quot;jet_parallax_layout_list&quot;:[]}\">\n\t\t\t\t\t<div class=\"e-con-inner\">\n\t\t\t\t<div class=\"elementor-element elementor-element-2deef5b elementor-widget elementor-widget-spacer\" data-id=\"2deef5b\" data-element_type=\"widget\" data-widget_type=\"spacer.default\">\n\t\t\t\t\t\t\t<div class=\"elementor-spacer\">\n\t\t\t<div class=\"elementor-spacer-inner\"><\/div>\n\t\t<\/div>\n\t\t\t\t\t\t<\/div>\n\t\t\t\t\t<\/div>\n\t\t\t\t<\/div>\n\t\t\t\t<\/div>\n\t\t","protected":false},"excerpt":{"rendered":"<p>Transparencia Ley N\u00ba 5189\/14 Ley N\u00ba 5282\/14 Ley N\u00ba 7239\/24 Ley N\u00ba 7389\/24 Declaraci\u00f3n Jurada de Intereses Rendici\u00f3n de Cuentas al Ciudadano Denuncias Ciudadanas Acceso a la Informaci\u00f3n P\u00fablica Memorias<\/p>\n","protected":false},"author":2,"featured_media":0,"parent":0,"menu_order":0,"comment_status":"closed","ping_status":"closed","template":"elementor_header_footer","meta":{"footnotes":""},"class_list":["post-53505","page","type-page","status-publish","hentry"],"_links":{"self":[{"href":"https:\/\/fcquna.edu.py\/v3\/wp-json\/wp\/v2\/pages\/53505","targetHints":{"allow":["GET"]}}],"collection":[{"href":"https:\/\/fcquna.edu.py\/v3\/wp-json\/wp\/v2\/pages"}],"about":[{"href":"https:\/\/fcquna.edu.py\/v3\/wp-json\/wp\/v2\/types\/page"}],"author":[{"embeddable":true,"href":"https:\/\/fcquna.edu.py\/v3\/wp-json\/wp\/v2\/users\/2"}],"replies":[{"embeddable":true,"href":"https:\/\/fcquna.edu.py\/v3\/wp-json\/wp\/v2\/comments?post=53505"}],"version-history":[{"count":55,"href":"https:\/\/fcquna.edu.py\/v3\/wp-json\/wp\/v2\/pages\/53505\/revisions"}],"predecessor-version":[{"id":55331,"href":"https:\/\/fcquna.edu.py\/v3\/wp-json\/wp\/v2\/pages\/53505\/revisions\/55331"}],"wp:attachment":[{"href":"https:\/\/fcquna.edu.py\/v3\/wp-json\/wp\/v2\/media?parent=53505"}],"curies":[{"name":"wp","href":"https:\/\/api.w.org\/{rel}","templated":true}]}}