{"id":48570,"date":"2026-02-16T19:38:10","date_gmt":"2026-02-16T19:38:10","guid":{"rendered":"https:\/\/fcquna.edu.py\/v3\/?page_id=48570"},"modified":"2026-02-16T20:26:06","modified_gmt":"2026-02-16T20:26:06","slug":"aplicaciones-industriales","status":"publish","type":"page","link":"https:\/\/fcquna.edu.py\/v3\/investigacion\/departamentos\/aplicaciones-industriales\/","title":{"rendered":"Aplicaciones Industriales"},"content":{"rendered":"\t\t<div data-elementor-type=\"wp-page\" data-elementor-id=\"48570\" class=\"elementor elementor-48570\" data-elementor-post-type=\"page\">\n\t\t\t\t<div class=\"elementor-element elementor-element-e24b4bf e-flex e-con-boxed e-con e-parent\" data-id=\"e24b4bf\" data-element_type=\"container\" data-settings=\"{&quot;jet_parallax_layout_list&quot;:[]}\">\n\t\t\t\t\t<div class=\"e-con-inner\">\n\t\t\t\t<div class=\"elementor-element elementor-element-54c0a19 elementor-widget elementor-widget-text-editor\" data-id=\"54c0a19\" data-element_type=\"widget\" data-widget_type=\"text-editor.default\">\n\t\t\t\t\t\t\t\t\t<p>El Departamento de Aplicaciones Industriales fue creado para apoyar las actividades de investigaci\u00f3n y docencia de las carreras\u00a0 de grado \u00a0y postgrado del \u00e1rea industrial relacionados con Ingenier\u00eda Qu\u00edmica, Ingenier\u00eda de Alimentos y\u00a0 Qu\u00edmica Industrial.<\/p>\t\t\t\t\t\t\t\t<\/div>\n\t\t\t\t\t<\/div>\n\t\t\t\t<\/div>\n\t\t<div class=\"elementor-element elementor-element-c43d66d e-flex e-con-boxed e-con e-parent\" data-id=\"c43d66d\" data-element_type=\"container\" data-settings=\"{&quot;jet_parallax_layout_list&quot;:[]}\">\n\t\t\t\t\t<div class=\"e-con-inner\">\n\t\t\t\t<div class=\"elementor-element elementor-element-7ed5b99 elementor-widget elementor-widget-heading\" data-id=\"7ed5b99\" data-element_type=\"widget\" data-widget_type=\"heading.default\">\n\t\t\t\t\t<h2 class=\"elementor-heading-title elementor-size-default\">L\u00edneas de  Investigaci\u00f3n<\/h2>\t\t\t\t<\/div>\n\t\t\t\t<div class=\"elementor-element elementor-element-78073db elementor-widget elementor-widget-text-editor\" data-id=\"78073db\" data-element_type=\"widget\" data-widget_type=\"text-editor.default\">\n\t\t\t\t\t\t\t\t\t<ul class=\"wp-block-list\"><li>Dise\u00f1o de procesos extractivos y de fabricaci\u00f3n para productos de inter\u00e9s alimenticio e industrial a partir de materias primas nacionales.<\/li><li>Evaluaci\u00f3n de materias primas y procesos productivos para biocombustibles.<\/li><li>Simulaci\u00f3n y modelado de procesos industriales.<\/li><li>Biotecnolog\u00eda para el desarrollo de productos de inter\u00e9s industrial.<\/li><li>Tratamientos termoqu\u00edmicos para la obtenci\u00f3n de productos y materiales de alto valor agregado.<\/li><li>Tecnolog\u00edas del medio ambiente y energ\u00edas renovables.<\/li><\/ul><p>\u00a0<\/p><p><strong>Observaci\u00f3n:<\/strong>\u00a0Debido a la versatilidad del plantel de investigadores, los mismos realizan trabajos en simult\u00e1neo en las diferentes l\u00edneas de investigaci\u00f3n declaradas, existiendo una sinergia din\u00e1mica de apoyo constante entre los diferentes miembros del departamento.<\/p>\t\t\t\t\t\t\t\t<\/div>\n\t\t\t\t\t<\/div>\n\t\t\t\t<\/div>\n\t\t<div class=\"elementor-element elementor-element-0ea9732 e-flex e-con-boxed e-con e-parent\" data-id=\"0ea9732\" data-element_type=\"container\" data-settings=\"{&quot;jet_parallax_layout_list&quot;:[]}\">\n\t\t\t\t\t<div class=\"e-con-inner\">\n\t\t\t\t<div class=\"elementor-element elementor-element-68de832 elementor-widget elementor-widget-heading\" data-id=\"68de832\" data-element_type=\"widget\" data-widget_type=\"heading.default\">\n\t\t\t\t\t<h2 class=\"elementor-heading-title elementor-size-default\">Miembros<\/h2>\t\t\t\t<\/div>\n\t\t\t\t<div class=\"elementor-element elementor-element-730775d elementor-widget elementor-widget-text-editor\" data-id=\"730775d\" data-element_type=\"widget\" data-widget_type=\"text-editor.default\">\n\t\t\t\t\t\t\t\t\t<table border=\"1\" width=\"869\" cellspacing=\"2\" cellpadding=\"2\" align=\"center\"><tbody><tr><td><strong>TRATAMIENTO<\/strong><\/td><td><strong>CARGO<\/strong><\/td><td><strong>CATEGORIZADOS EN EL PRONII<\/strong><\/td><td><strong>LINK CVPY<\/strong><\/td><td><strong>E-MAIL<\/strong><\/td><\/tr><tr><td>Prof. I.Q. Shirley Johanna Duarte, MSc.<\/td><td>Jefe de Departamento<\/td><td>Nivel I<\/td><td><a href=\"https:\/\/cv.conacyt.gov.py\/publicar\/cv?id=f107ea685efdfe78833c300783f661f9\">https:\/\/cv.conacyt.gov.py\/publicar\/cv?id=f107ea685efdfe78833c300783f661f9<\/a><\/td><td>\u00a0<span id=\"cloake1320eb794e79942773326d8ed6a0734\"><a href=\"mailto:sduarte@qui.una.py\">sduarte@qui.una.py<\/a><\/span><\/td><\/tr><tr><td>Prof. I.Q. Juan Daniel Rivaldi, DSc.<\/td><td>\u00a0<\/td><td>Nivel I<\/td><td><a href=\"https:\/\/cv.conacyt.gov.py\/publicar\/cv?id=2b42d76aeedbce3f66dabc26d091f578\">https:\/\/cv.conacyt.gov.py\/publicar\/cv?id=2b42d76aeedbce3f66dabc26d091f578<\/a><\/td><td><span id=\"cloakfa97bb1b4d61bf57588e8e2b1dfe4819\"><a href=\"mailto:danielrivaldi@gmail.com\">danielrivaldi@gmail.com<\/a><\/span><\/td><\/tr><tr><td>Prof. I.Q. Michel Galeano, D.Sc.<\/td><td>\u00a0<\/td><td>Nivel I<\/td><td><a href=\"https:\/\/cv.conacyt.gov.py\/publicar\/cv?id=1596b38cb62ef606cd90d9cbaf7ed961\">https:\/\/cv.conacyt.gov.py\/publicar\/cv?id=1596b38cb62ef606cd90d9cbaf7ed961<\/a><\/td><td>\u00a0<span id=\"cloakf9289d7fdf6f386d5b0bca3b20f27e99\"><a href=\"mailto:michelosvaldo@qui.una.py\">michelosvaldo@qui.una.py<\/a><\/span><\/td><\/tr><tr><td>Prof. I.Q. Carlos Mendez, MSc.<\/td><td>\u00a0<\/td><td>\u00a0<\/td><td><a href=\"https:\/\/cv.conacyt.gov.py\/publicar\/cv?id=da8467ddc1af657b83f01e8dd0aedd69\">https:\/\/cv.conacyt.gov.py\/publicar\/cv?id=da8467ddc1af657b83f01e8dd0aedd69<\/a><\/td><td>\u00a0<span id=\"cloak4b98d8c8156d121fe5dd88ba094bc410\"><a href=\"mailto:cmendez@qui.una.py\">cmendez@qui.una.py<\/a><\/span><\/td><\/tr><tr><td>Prof. I.Q. Maria Laura Correa, MSc.<\/td><td>\u00a0<\/td><td>\u00a0<\/td><td><a href=\"https:\/\/cv.conacyt.gov.py\/publicar\/cv?id=5f8e9b50877895e71b8c48cd08939b5d\">https:\/\/cv.conacyt.gov.py\/publicar\/cv?id=5f8e9b50877895e71b8c48cd08939b5d<\/a><\/td><td><span id=\"cloak69960b4a3c1905a94fc1faeac609b0fc\"><a href=\"mailto:lauracorrea087@gmail.com\">lauracorrea087@gmail.com<\/a><\/span><\/td><\/tr><tr><td>Prof. I.Q. Mario Smidt, Mg.<\/td><td>\u00a0<\/td><td>\u00a0<\/td><td><a href=\"https:\/\/cv.conacyt.gov.py\/publicar\/cv?id=bdcaaca5197ce38b76bd1ca3635874c4\">https:\/\/cv.conacyt.gov.py\/publicar\/cv?id=bdcaaca5197ce38b76bd1ca3635874c4<\/a><\/td><td><span id=\"cloak44821501b4312fdb40567a43b78b32a9\"><a href=\"mailto:msmidt@qui.una.py\">msmidt@qui.una.py<\/a><\/span><\/td><\/tr><tr><td>Prof. I.Q. Jorge Rodas<\/td><td>\u00a0<\/td><td>\u00a0<\/td><td><a href=\"https:\/\/cv.conacyt.gov.py\/publicar\/cv?id=0488ddad82a0f42a16f85e62607e2ce1\">https:\/\/cv.conacyt.gov.py\/publicar\/cv?id=0488ddad82a0f42a16f85e62607e2ce1<\/a><\/td><td><span id=\"cloakcaee58d969842aecb5a8a211a7a3c3b8\"><a href=\"mailto:jrodas@qui.una.py\">jrodas@qui.una.py<\/a><\/span><\/td><\/tr><tr><td>Ing. Qca. Cristina Penayo, MSc.<\/td><td>\u00a0<\/td><td>\u00a0<\/td><td><a href=\"https:\/\/cv.conacyt.gov.py\/publicar\/cv?id=a4c4d483153561108ac2d0aef55309c0\">https:\/\/cv.conacyt.gov.py\/publicar\/cv?id=a4c4d483153561108ac2d0aef55309c0<\/a><\/td><td><span id=\"cloakf15cf287d588e71fec476c91586927f3\"><a href=\"mailto:mcpenayo@gmail.com\">mcpenayo@gmail.com<\/a><\/span><\/td><\/tr><\/tbody><\/table>\t\t\t\t\t\t\t\t<\/div>\n\t\t\t\t\t<\/div>\n\t\t\t\t<\/div>\n\t\t<div class=\"elementor-element elementor-element-7ce531a e-flex e-con-boxed e-con e-parent\" data-id=\"7ce531a\" data-element_type=\"container\" data-settings=\"{&quot;jet_parallax_layout_list&quot;:[]}\">\n\t\t\t\t\t<div class=\"e-con-inner\">\n\t\t\t\t<div class=\"elementor-element elementor-element-15d1678 elementor-widget elementor-widget-heading\" data-id=\"15d1678\" data-element_type=\"widget\" data-widget_type=\"heading.default\">\n\t\t\t\t\t<h2 class=\"elementor-heading-title elementor-size-default\">Proyectos de Investigaci\u00f3n y Desarrollo<\/h2>\t\t\t\t<\/div>\n\t\t\t\t<div class=\"elementor-element elementor-element-971645c elementor-widget elementor-widget-text-editor\" data-id=\"971645c\" data-element_type=\"widget\" data-widget_type=\"text-editor.default\">\n\t\t\t\t\t\t\t\t\t<p>Proyecto 14 INV 001-\u201cEstudio del proceso de industrializaci\u00f3n de nueces de macadamia, con calidad de exportaci\u00f3n\u201d<\/p>\t\t\t\t\t\t\t\t<\/div>\n\t\t\t\t\t<\/div>\n\t\t\t\t<\/div>\n\t\t<div class=\"elementor-element elementor-element-4baee26 e-flex e-con-boxed e-con e-parent\" data-id=\"4baee26\" data-element_type=\"container\" data-settings=\"{&quot;jet_parallax_layout_list&quot;:[]}\">\n\t\t\t\t\t<div class=\"e-con-inner\">\n\t\t\t\t<div class=\"elementor-element elementor-element-8d1636c elementor-widget elementor-widget-heading\" data-id=\"8d1636c\" data-element_type=\"widget\" data-widget_type=\"heading.default\">\n\t\t\t\t\t<h2 class=\"elementor-heading-title elementor-size-default\">Infraestructura \/ Equipamientos<\/h2>\t\t\t\t<\/div>\n\t\t\t\t<div class=\"elementor-element elementor-element-3756679 elementor-widget elementor-widget-text-editor\" data-id=\"3756679\" data-element_type=\"widget\" data-widget_type=\"text-editor.default\">\n\t\t\t\t\t\t\t\t\t<p>El departamento cuenta con laboratorios y planta piloto que comparte con la docencia de grado y postgrado. Los equipos de uso mas frecuentes en\u00a0 investigaci\u00f3n con que se cuenta son: equipo de extracci\u00f3n s\u00f3lido \u2013l\u00edquido con sistema de evaporaci\u00f3n al vac\u00edo, secadero spray, columna de destilaci\u00f3n continua de 20 platos, caldera \u00a0de producci\u00f3n de vapor de\u00a0 8 kg\/cm<sup>2<\/sup>\u00a0de presi\u00f3n, equipo de intercambio i\u00f3nico, equipo de absorci\u00f3n gas-l\u00edquido, horno el\u00e9ctrico hasta 1200 \u00baC, bomba calorim\u00e9trica, bomba de vac\u00edo, sistemas de filtraci\u00f3n, sistemas de molienda y tamizado de s\u00f3lidos, balanza,\u00a0 balanza anal\u00edtica, estufa, mufla, refract\u00f3metro AB, refract\u00f3metro port\u00e1til, polar\u00edmetro, phmetro, espectrofot\u00f3metro UV\/vis, extractor de l\u00edpidos, extractor soxhlet, planchas calefactoras con agitaci\u00f3n magn\u00e9tica, turbid\u00edmetro, crioscopio, centr\u00edfuga de cesta, centr\u00edfuga de tubos<\/p>\t\t\t\t\t\t\t\t<\/div>\n\t\t\t\t\t<\/div>\n\t\t\t\t<\/div>\n\t\t<div class=\"elementor-element elementor-element-77c51d0 e-flex e-con-boxed e-con e-parent\" data-id=\"77c51d0\" data-element_type=\"container\" data-settings=\"{&quot;jet_parallax_layout_list&quot;:[]}\">\n\t\t\t\t\t<div class=\"e-con-inner\">\n\t\t\t\t<div class=\"elementor-element elementor-element-7b9b0ea elementor-widget elementor-widget-heading\" data-id=\"7b9b0ea\" data-element_type=\"widget\" data-widget_type=\"heading.default\">\n\t\t\t\t\t<h2 class=\"elementor-heading-title elementor-size-default\">Publicaciones y Transferencia<\/h2>\t\t\t\t<\/div>\n\t\t\t\t\t<\/div>\n\t\t\t\t<\/div>\n\t\t<div class=\"elementor-element elementor-element-5281fd9 e-flex e-con-boxed e-con e-parent\" data-id=\"5281fd9\" data-element_type=\"container\" data-settings=\"{&quot;jet_parallax_layout_list&quot;:[]}\">\n\t\t\t\t\t<div class=\"e-con-inner\">\n\t\t\t\t<div class=\"elementor-element elementor-element-dbdd47d elementor-widget elementor-widget-heading\" data-id=\"dbdd47d\" data-element_type=\"widget\" data-widget_type=\"heading.default\">\n\t\t\t\t\t<h2 class=\"elementor-heading-title elementor-size-default\">Instituciones y Empresas Asociadas<\/h2>\t\t\t\t<\/div>\n\t\t\t\t\t<\/div>\n\t\t\t\t<\/div>\n\t\t<div class=\"elementor-element elementor-element-47d03e9 e-flex e-con-boxed e-con e-parent\" data-id=\"47d03e9\" data-element_type=\"container\" data-settings=\"{&quot;jet_parallax_layout_list&quot;:[]}\">\n\t\t\t\t\t<div class=\"e-con-inner\">\n\t\t\t\t<div class=\"elementor-element elementor-element-4e8fe50 elementor-widget elementor-widget-heading\" data-id=\"4e8fe50\" data-element_type=\"widget\" data-widget_type=\"heading.default\">\n\t\t\t\t\t<h2 class=\"elementor-heading-title elementor-size-default\">Contacto<\/h2>\t\t\t\t<\/div>\n\t\t\t\t\t<\/div>\n\t\t\t\t<\/div>\n\t\t\t\t<\/div>\n\t\t","protected":false},"excerpt":{"rendered":"<p>El Departamento de Aplicaciones Industriales fue creado para apoyar las actividades de investigaci\u00f3n y docencia de las carreras\u00a0 de grado \u00a0y postgrado del \u00e1rea industrial relacionados con Ingenier\u00eda Qu\u00edmica, Ingenier\u00eda de Alimentos y\u00a0 Qu\u00edmica Industrial. L\u00edneas de Investigaci\u00f3n Dise\u00f1o de procesos extractivos y de fabricaci\u00f3n para productos de inter\u00e9s alimenticio e industrial a partir de [&hellip;]<\/p>\n","protected":false},"author":1,"featured_media":0,"parent":48585,"menu_order":0,"comment_status":"closed","ping_status":"closed","template":"","meta":{"footnotes":""},"class_list":["post-48570","page","type-page","status-publish","hentry"],"_links":{"self":[{"href":"https:\/\/fcquna.edu.py\/v3\/wp-json\/wp\/v2\/pages\/48570","targetHints":{"allow":["GET"]}}],"collection":[{"href":"https:\/\/fcquna.edu.py\/v3\/wp-json\/wp\/v2\/pages"}],"about":[{"href":"https:\/\/fcquna.edu.py\/v3\/wp-json\/wp\/v2\/types\/page"}],"author":[{"embeddable":true,"href":"https:\/\/fcquna.edu.py\/v3\/wp-json\/wp\/v2\/users\/1"}],"replies":[{"embeddable":true,"href":"https:\/\/fcquna.edu.py\/v3\/wp-json\/wp\/v2\/comments?post=48570"}],"version-history":[{"count":22,"href":"https:\/\/fcquna.edu.py\/v3\/wp-json\/wp\/v2\/pages\/48570\/revisions"}],"predecessor-version":[{"id":48636,"href":"https:\/\/fcquna.edu.py\/v3\/wp-json\/wp\/v2\/pages\/48570\/revisions\/48636"}],"up":[{"embeddable":true,"href":"https:\/\/fcquna.edu.py\/v3\/wp-json\/wp\/v2\/pages\/48585"}],"wp:attachment":[{"href":"https:\/\/fcquna.edu.py\/v3\/wp-json\/wp\/v2\/media?parent=48570"}],"curies":[{"name":"wp","href":"https:\/\/api.w.org\/{rel}","templated":true}]}}