{"id":48311,"date":"2026-02-06T16:47:52","date_gmt":"2026-02-06T16:47:52","guid":{"rendered":"https:\/\/fcquna.edu.py\/v3\/?page_id=48311"},"modified":"2026-02-06T16:49:50","modified_gmt":"2026-02-06T16:49:50","slug":"analisis-critico-del-sci","status":"publish","type":"page","link":"https:\/\/fcquna.edu.py\/v3\/mecip\/analisis-critico-del-sci\/","title":{"rendered":"An\u00e1lisis Cr\u00edtico del SCI"},"content":{"rendered":"\t\t<div data-elementor-type=\"wp-page\" data-elementor-id=\"48311\" class=\"elementor elementor-48311\" data-elementor-post-type=\"page\">\n\t\t\t\t<div class=\"elementor-element elementor-element-31561d8 e-flex e-con-boxed e-con e-parent\" data-id=\"31561d8\" data-element_type=\"container\" data-settings=\"{&quot;jet_parallax_layout_list&quot;:[]}\">\n\t\t\t\t\t<div class=\"e-con-inner\">\n\t\t\t\t<div class=\"elementor-element elementor-element-c7e8ede elementor-widget elementor-widget-eael-breadcrumbs\" data-id=\"c7e8ede\" data-element_type=\"widget\" data-widget_type=\"eael-breadcrumbs.default\">\n\t\t\t\t<div class=\"elementor-widget-container\">\n\t\t\t\t\t\t\t<div class=\"eael-breadcrumbs\">\n\t\t\t<div class=\"eael-breadcrumbs__content\"><a href=\"https:\/\/fcquna.edu.py\/v3\">Home<\/a> <span class=\"eael-breadcrumb-separator\">\/<\/span> <span class = \"eael-current\">Page<\/span><\/div>\t\t<\/div>\n\t\t\t\t\t\t<\/div>\n\t\t\t\t<\/div>\n\t\t\t\t\t<\/div>\n\t\t\t\t<\/div>\n\t\t<div class=\"elementor-element elementor-element-2af4904 e-flex e-con-boxed e-con e-parent\" data-id=\"2af4904\" data-element_type=\"container\" data-settings=\"{&quot;jet_parallax_layout_list&quot;:[]}\">\n\t\t\t\t\t<div class=\"e-con-inner\">\n\t\t\t\t<div class=\"elementor-element elementor-element-f7c505a elementor-widget elementor-widget-heading\" data-id=\"f7c505a\" data-element_type=\"widget\" data-widget_type=\"heading.default\">\n\t\t\t\t\t<h2 class=\"elementor-heading-title elementor-size-default\">An\u00e1lisis cr\u00edtico del SCI (Sistema de Control Interno)<\/h2>\t\t\t\t<\/div>\n\t\t\t\t\t<\/div>\n\t\t\t\t<\/div>\n\t\t<div class=\"elementor-element elementor-element-6dab971 e-flex e-con-boxed e-con e-parent\" data-id=\"6dab971\" data-element_type=\"container\" data-settings=\"{&quot;jet_parallax_layout_list&quot;:[]}\">\n\t\t\t\t\t<div class=\"e-con-inner\">\n\t\t\t\t<div class=\"elementor-element elementor-element-1bde7bf elementor-widget elementor-widget-text-editor\" data-id=\"1bde7bf\" data-element_type=\"widget\" data-widget_type=\"text-editor.default\">\n\t\t\t\t\t\t\t\t\t<table width=\"508\"><tbody><tr><td width=\"508\"><a href=\"https:\/\/www.qui.una.py\/v2\/wp-content\/uploads\/analisis-critico-2021-1.pdf\" target=\"_blank\" rel=\"noopener\">\u00a0An\u00e1lisis cr\u00edtico del Sistema de Control Interno 2021<\/a><\/td><\/tr><tr><td><a href=\"https:\/\/www.qui.una.py\/v2\/wp-content\/uploads\/Analisis-de-Control-Interno-2022-b.pdf\" target=\"_blank\" rel=\"noopener\">An\u00e1lisis cr\u00edtico del Sistema de Control Interno 2022<\/a><\/td><\/tr><tr><td><a href=\"https:\/\/www.qui.una.py\/v2\/wp-content\/uploads\/ANALISIS-CRITICO-2023-.pdf\" target=\"_blank\" rel=\"noopener\">An\u00e1lisis cr\u00edtico del Sistema de Control Interno\u00a0 2023<\/a><\/td><\/tr><tr><td><a href=\"https:\/\/www.qui.una.py\/v2\/wp-content\/uploads\/Resolucion-No-0166-2025-Analisis-Critico.pdf\" target=\"_blank\" rel=\"noopener\">An\u00e1lisis cr\u00edtico del Sistema de Control Interno 2024<\/a><\/td><\/tr><\/tbody><\/table>\t\t\t\t\t\t\t\t<\/div>\n\t\t\t\t\t<\/div>\n\t\t\t\t<\/div>\n\t\t\t\t<\/div>\n\t\t","protected":false},"excerpt":{"rendered":"<p>Home \/ Page An\u00e1lisis cr\u00edtico del SCI (Sistema de Control Interno) \u00a0An\u00e1lisis cr\u00edtico del Sistema de Control Interno 2021 An\u00e1lisis cr\u00edtico del Sistema de Control Interno 2022 An\u00e1lisis cr\u00edtico del Sistema de Control Interno\u00a0 2023 An\u00e1lisis cr\u00edtico del Sistema de Control Interno 2024<\/p>\n","protected":false},"author":1,"featured_media":0,"parent":45547,"menu_order":0,"comment_status":"closed","ping_status":"closed","template":"elementor_header_footer","meta":{"footnotes":""},"class_list":["post-48311","page","type-page","status-publish","hentry"],"_links":{"self":[{"href":"https:\/\/fcquna.edu.py\/v3\/wp-json\/wp\/v2\/pages\/48311","targetHints":{"allow":["GET"]}}],"collection":[{"href":"https:\/\/fcquna.edu.py\/v3\/wp-json\/wp\/v2\/pages"}],"about":[{"href":"https:\/\/fcquna.edu.py\/v3\/wp-json\/wp\/v2\/types\/page"}],"author":[{"embeddable":true,"href":"https:\/\/fcquna.edu.py\/v3\/wp-json\/wp\/v2\/users\/1"}],"replies":[{"embeddable":true,"href":"https:\/\/fcquna.edu.py\/v3\/wp-json\/wp\/v2\/comments?post=48311"}],"version-history":[{"count":4,"href":"https:\/\/fcquna.edu.py\/v3\/wp-json\/wp\/v2\/pages\/48311\/revisions"}],"predecessor-version":[{"id":48315,"href":"https:\/\/fcquna.edu.py\/v3\/wp-json\/wp\/v2\/pages\/48311\/revisions\/48315"}],"up":[{"embeddable":true,"href":"https:\/\/fcquna.edu.py\/v3\/wp-json\/wp\/v2\/pages\/45547"}],"wp:attachment":[{"href":"https:\/\/fcquna.edu.py\/v3\/wp-json\/wp\/v2\/media?parent=48311"}],"curies":[{"name":"wp","href":"https:\/\/api.w.org\/{rel}","templated":true}]}}