{"id":48295,"date":"2026-02-06T16:39:58","date_gmt":"2026-02-06T16:39:58","guid":{"rendered":"https:\/\/fcquna.edu.py\/v3\/?page_id=48295"},"modified":"2026-02-06T16:41:39","modified_gmt":"2026-02-06T16:41:39","slug":"seguimiento-y-medicion-del-control-interno","status":"publish","type":"page","link":"https:\/\/fcquna.edu.py\/v3\/mecip\/seguimiento-y-medicion-del-control-interno\/","title":{"rendered":"Seguimiento y Medici\u00f3n del Control Interno"},"content":{"rendered":"\t\t<div data-elementor-type=\"wp-page\" data-elementor-id=\"48295\" class=\"elementor elementor-48295\" data-elementor-post-type=\"page\">\n\t\t\t\t<div class=\"elementor-element elementor-element-31561d8 e-flex e-con-boxed e-con e-parent\" data-id=\"31561d8\" data-element_type=\"container\" data-settings=\"{&quot;jet_parallax_layout_list&quot;:[]}\">\n\t\t\t\t\t<div class=\"e-con-inner\">\n\t\t\t\t<div class=\"elementor-element elementor-element-c7e8ede elementor-widget elementor-widget-eael-breadcrumbs\" data-id=\"c7e8ede\" data-element_type=\"widget\" data-widget_type=\"eael-breadcrumbs.default\">\n\t\t\t\t<div class=\"elementor-widget-container\">\n\t\t\t\t\t\t\t<div class=\"eael-breadcrumbs\">\n\t\t\t<div class=\"eael-breadcrumbs__content\"><a href=\"https:\/\/fcquna.edu.py\/v3\">Home<\/a> <span class=\"eael-breadcrumb-separator\">\/<\/span> <span class = \"eael-current\">Page<\/span><\/div>\t\t<\/div>\n\t\t\t\t\t\t<\/div>\n\t\t\t\t<\/div>\n\t\t\t\t\t<\/div>\n\t\t\t\t<\/div>\n\t\t<div class=\"elementor-element elementor-element-2af4904 e-flex e-con-boxed e-con e-parent\" data-id=\"2af4904\" data-element_type=\"container\" data-settings=\"{&quot;jet_parallax_layout_list&quot;:[]}\">\n\t\t\t\t\t<div class=\"e-con-inner\">\n\t\t\t\t<div class=\"elementor-element elementor-element-f7c505a elementor-widget elementor-widget-heading\" data-id=\"f7c505a\" data-element_type=\"widget\" data-widget_type=\"heading.default\">\n\t\t\t\t\t<h2 class=\"elementor-heading-title elementor-size-default\">Seguimiento y Medici\u00f3n del Control Interno<\/h2>\t\t\t\t<\/div>\n\t\t\t\t\t<\/div>\n\t\t\t\t<\/div>\n\t\t<div class=\"elementor-element elementor-element-3e73193 e-flex e-con-boxed e-con e-parent\" data-id=\"3e73193\" data-element_type=\"container\" data-settings=\"{&quot;jet_parallax_layout_list&quot;:[]}\">\n\t\t\t\t\t<div class=\"e-con-inner\">\n\t\t\t\t<div class=\"elementor-element elementor-element-aebd4b3 elementor-widget elementor-widget-text-editor\" data-id=\"aebd4b3\" data-element_type=\"widget\" data-widget_type=\"text-editor.default\">\n\t\t\t\t\t\t\t\t\t<table width=\"939\"><tbody><tr><td width=\"939\"><a href=\"https:\/\/www.qui.una.py\/v2\/wp-content\/uploads\/Informe-de-Evaluacion-MECIP-_AUI-2024.pdf\" target=\"_blank\" rel=\"noopener\">Informe de Evaluaci\u00f3n MECIP 2024<\/a><\/td><\/tr><tr><td><a href=\"https:\/\/www.qui.una.py\/v2\/wp-content\/uploads\/Informe-de-Evaluacion-MECIP-2%C2%B02023.pdf\" target=\"_blank\" rel=\"noopener\">Informe de Evaluaci\u00f3n\u00a0MECIP 2023<\/a><\/td><\/tr><tr><td><a href=\"https:\/\/www.qui.una.py\/v2\/wp-content\/uploads\/Informe-de-Evaluacion-MECIP-2%C2%B02022.pdf\" target=\"_blank\" rel=\"noopener\">Informe de Evaluaci\u00f3n MECIP 2022<\/a><\/td><\/tr><tr><td><a href=\"https:\/\/www.qui.una.py\/v2\/wp-content\/uploads\/Informe-de-Evaluacion-MECIP-2o-2021.pdf\" target=\"_blank\" rel=\"noopener\">Informe de Evaluaci\u00f3n MECIP 2021<\/a><\/td><\/tr><tr><td><a href=\"https:\/\/www.qui.una.py\/v2\/wp-content\/uploads\/Informe-de-Evaluacion-MECIP-2o-2020.pdf\" target=\"_blank\" rel=\"noopener\">Informe de Evaluaci\u00f3n MECIP 2020<\/a><\/td><\/tr><tr><td><a href=\"https:\/\/www.qui.una.py\/v2\/wp-content\/uploads\/Informe-de-Evaluacion-MECIP-2o-2019.pdf\" target=\"_blank\" rel=\"noopener\">Informe de Evaluaci\u00f3n MECIP 2019<\/a><\/td><\/tr><\/tbody><\/table>\t\t\t\t\t\t\t\t<\/div>\n\t\t\t\t\t<\/div>\n\t\t\t\t<\/div>\n\t\t\t\t<\/div>\n\t\t","protected":false},"excerpt":{"rendered":"<p>Home \/ Page Seguimiento y Medici\u00f3n del Control Interno Informe de Evaluaci\u00f3n MECIP 2024 Informe de Evaluaci\u00f3n\u00a0MECIP 2023 Informe de Evaluaci\u00f3n MECIP 2022 Informe de Evaluaci\u00f3n MECIP 2021 Informe de Evaluaci\u00f3n MECIP 2020 Informe de Evaluaci\u00f3n MECIP 2019<\/p>\n","protected":false},"author":1,"featured_media":0,"parent":45547,"menu_order":0,"comment_status":"closed","ping_status":"closed","template":"elementor_header_footer","meta":{"footnotes":""},"class_list":["post-48295","page","type-page","status-publish","hentry"],"_links":{"self":[{"href":"https:\/\/fcquna.edu.py\/v3\/wp-json\/wp\/v2\/pages\/48295","targetHints":{"allow":["GET"]}}],"collection":[{"href":"https:\/\/fcquna.edu.py\/v3\/wp-json\/wp\/v2\/pages"}],"about":[{"href":"https:\/\/fcquna.edu.py\/v3\/wp-json\/wp\/v2\/types\/page"}],"author":[{"embeddable":true,"href":"https:\/\/fcquna.edu.py\/v3\/wp-json\/wp\/v2\/users\/1"}],"replies":[{"embeddable":true,"href":"https:\/\/fcquna.edu.py\/v3\/wp-json\/wp\/v2\/comments?post=48295"}],"version-history":[{"count":4,"href":"https:\/\/fcquna.edu.py\/v3\/wp-json\/wp\/v2\/pages\/48295\/revisions"}],"predecessor-version":[{"id":48299,"href":"https:\/\/fcquna.edu.py\/v3\/wp-json\/wp\/v2\/pages\/48295\/revisions\/48299"}],"up":[{"embeddable":true,"href":"https:\/\/fcquna.edu.py\/v3\/wp-json\/wp\/v2\/pages\/45547"}],"wp:attachment":[{"href":"https:\/\/fcquna.edu.py\/v3\/wp-json\/wp\/v2\/media?parent=48295"}],"curies":[{"name":"wp","href":"https:\/\/api.w.org\/{rel}","templated":true}]}}