{"id":48284,"date":"2026-02-06T14:18:36","date_gmt":"2026-02-06T14:18:36","guid":{"rendered":"https:\/\/fcquna.edu.py\/v3\/?page_id=48284"},"modified":"2026-02-06T14:25:38","modified_gmt":"2026-02-06T14:25:38","slug":"comunicacion","status":"publish","type":"page","link":"https:\/\/fcquna.edu.py\/v3\/mecip\/comunicacion\/","title":{"rendered":"Comunicaci\u00f3n"},"content":{"rendered":"\t\t<div data-elementor-type=\"wp-page\" data-elementor-id=\"48284\" class=\"elementor elementor-48284\" data-elementor-post-type=\"page\">\n\t\t\t\t<div class=\"elementor-element elementor-element-31561d8 e-flex e-con-boxed e-con e-parent\" data-id=\"31561d8\" data-element_type=\"container\" data-settings=\"{&quot;jet_parallax_layout_list&quot;:[]}\">\n\t\t\t\t\t<div class=\"e-con-inner\">\n\t\t\t\t<div class=\"elementor-element elementor-element-c7e8ede elementor-widget elementor-widget-eael-breadcrumbs\" data-id=\"c7e8ede\" data-element_type=\"widget\" data-widget_type=\"eael-breadcrumbs.default\">\n\t\t\t\t<div class=\"elementor-widget-container\">\n\t\t\t\t\t\t\t<div class=\"eael-breadcrumbs\">\n\t\t\t<div class=\"eael-breadcrumbs__content\"><a href=\"https:\/\/fcquna.edu.py\/v3\">Home<\/a> <span class=\"eael-breadcrumb-separator\">\/<\/span> <span class = \"eael-current\">Page<\/span><\/div>\t\t<\/div>\n\t\t\t\t\t\t<\/div>\n\t\t\t\t<\/div>\n\t\t\t\t\t<\/div>\n\t\t\t\t<\/div>\n\t\t<div class=\"elementor-element elementor-element-2af4904 e-flex e-con-boxed e-con e-parent\" data-id=\"2af4904\" data-element_type=\"container\" data-settings=\"{&quot;jet_parallax_layout_list&quot;:[]}\">\n\t\t\t\t\t<div class=\"e-con-inner\">\n\t\t\t\t<div class=\"elementor-element elementor-element-f7c505a elementor-widget elementor-widget-heading\" data-id=\"f7c505a\" data-element_type=\"widget\" data-widget_type=\"heading.default\">\n\t\t\t\t\t<h2 class=\"elementor-heading-title elementor-size-default\">Comunicaci\u00f3n<\/h2>\t\t\t\t<\/div>\n\t\t\t\t\t<\/div>\n\t\t\t\t<\/div>\n\t\t<div class=\"elementor-element elementor-element-674dc5c e-flex e-con-boxed e-con e-parent\" data-id=\"674dc5c\" data-element_type=\"container\" data-settings=\"{&quot;jet_parallax_layout_list&quot;:[]}\">\n\t\t\t\t\t<div class=\"e-con-inner\">\n\t\t\t\t<div class=\"elementor-element elementor-element-9721684 elementor-widget elementor-widget-text-editor\" data-id=\"9721684\" data-element_type=\"widget\" data-widget_type=\"text-editor.default\">\n\t\t\t\t\t\t\t\t\t<table width=\"1498\">\n<tbody>\n<tr>\n<td colspan=\"2\" width=\"1498\"><a href=\"https:\/\/www.qui.una.py\/v2\/wp-content\/uploads\/Informe-de-Alcance-y-Seguidores-2o-Semestre-2025.pdf\" target=\"_blank\" rel=\"noopener\">Reporte del alcance de las comunicaciones institucionales 2\u00ba Semestre 2025<\/a><\/td>\n<\/tr>\n<tr>\n<td colspan=\"2\">Reporte de seguimiento y seguidores a los medios digitales de la\u00a0Facultad de Ciencias Qu\u00edmicas \u2013 UNA<\/td>\n<\/tr>\n\n<tr>\n<td colspan=\"2\"><a href=\"https:\/\/www.qui.una.py\/v2\/wp-content\/uploads\/Informe-sobre-la-Evolucion-y-Comportamiento-de-los-Seguidores-de-las-Redes-Sociales.pdf\" target=\"_blank\" rel=\"noopener\">Informe General de Redes Sociales Institucionales 2025<\/a><\/td>\n<\/tr>\n<tr>\n<td colspan=\"2\">Informe sobre la evoluci\u00f3n y comportamiento de los seguidores a las Redes Sociales Institucionales.<\/td>\n<\/tr>\n\n<tr>\n<td colspan=\"2\"><a href=\"https:\/\/www.qui.una.py\/v2\/wp-content\/uploads\/Informe-de-Satisfaccion-de-los-Medios-de-Comunicacion-Institucionales-2025.pdf\" target=\"_blank\" rel=\"noopener\">Informe sobre la Satisfacci\u00f3n del Usuario de los Medios de Comunicaci\u00f3n Institucionales a\u00f1o 2025.<\/a><\/td>\n<\/tr>\n<tr>\n<td colspan=\"2\">Informe de Satisfacci\u00f3n\u00a0 del P\u00fablico sobre la Comunicaci\u00f3n Interna.<\/td>\n<\/tr>\n\n<tr>\n<td colspan=\"2\"><a href=\"https:\/\/www.qui.una.py\/v2\/wp-content\/uploads\/Informe-de-Alcance-y-Seguidores-Enero-a-Junio-2025.pdf\" target=\"_blank\" rel=\"noopener\">Reporte del alcance de las comunicaciones institucionales 1\u00ba Semestre 2025<\/a><\/td>\n<\/tr>\n<tr>\n<td colspan=\"2\">Reporte de seguimiento y seguidores a los medios digitales de la\u00a0Facultad de Ciencias Qu\u00edmicas \u2013 UNA<\/td>\n<\/tr>\n\n<tr>\n<td colspan=\"2\"><a href=\"https:\/\/www.qui.una.py\/v2\/wp-content\/uploads\/Resolucion-No-8799-2025-Informe-de-Gestion.pdf\" target=\"_blank\" rel=\"noopener\">Acta N\u00b0 1359 fecha 25\/02\/2025 resoluci\u00f3n 8799-00-2025<\/a><\/td>\n<\/tr>\n<tr>\n<td colspan=\"2\" width=\"1498\">Por la cual se aprueba el Informe de Gesti\u00f3n y Ejecuci\u00f3n de Gastos correspondiente al Ejercicio Fiscal 2024, presentado por la Decana de la Facultad de Ciencias Qu\u00edmicas de la UNA, Prof. Lic. Cynthia Susana Saucedo de Schupmann<\/td>\n<\/tr>\n\n<tr>\n<td colspan=\"2\"><a href=\"https:\/\/www.qui.una.py\/v2\/wp-content\/uploads\/Resolucion-CD-No-8774-00-2025-Politicas-de-Comunicacion.pdf\" target=\"_blank\" rel=\"noopener\">Acta N\u00b0 1357 Fecha 28\/01\/2025 Resoluci\u00f3n 8774-00-2025<\/a><\/td>\n<\/tr>\n<tr>\n<td colspan=\"2\">Por la cual se aprueba la Pol\u00edtica de Comunicaci\u00f3n Institucional de la Facultad de Ciencias Qu\u00edmicas-UNA<\/td>\n<\/tr>\n\n<tr>\n<td colspan=\"2\"><a href=\"https:\/\/www.qui.una.py\/v2\/wp-content\/uploads\/Reporte-de-alcance-de-Comunicacion-2do-Semestre-2024.pdf\" target=\"_blank\" rel=\"noopener\">Reporte\u00a0del\u00a0alcance\u00a0de las comunicaciones institucionales 2\u00ba Semestre 2024<\/a><\/td>\n<\/tr>\n<tr>\n<td colspan=\"2\">Reporte\u00a0de seguimiento y seguidores a los medios digitales de la\u00a0Facultad de Ciencias Qu\u00edmicas \u2013 UNA<\/td>\n<\/tr>\n\n<tr>\n<td colspan=\"2\"><a href=\"https:\/\/www.qui.una.py\/v2\/wp-content\/uploads\/Reporte-del-alcance-de-las-comunicaciones-institucionales-1o-Semestre-2024.pdf\" target=\"_blank\" rel=\"noopener\">Reporte del alcance de las comunicaciones institucionales 1\u00ba Semestre 2024<\/a><\/td>\n<\/tr>\n<tr>\n<td colspan=\"2\">Reporte de seguimiento y seguidores a los medios digitales de la\u00a0Facultad de Ciencias Qu\u00edmicas \u2013 UNA<\/td>\n<\/tr>\n\n<tr>\n<td colspan=\"2\"><a href=\"https:\/\/www.qui.una.py\/v2\/wp-content\/uploads\/Resolucion-Informe-de-Gestion-2023.pdf\" target=\"_blank\" rel=\"noopener\">Acta N\u00b0 1334 fecha 20\/02\/2024 resoluci\u00f3n 8523-00-2024<\/a><\/td>\n<\/tr>\n<tr>\n<td colspan=\"2\" width=\"1498\">Por la cual se aprueba el Informe de Gesti\u00f3n y Ejecuci\u00f3n de Gastos correspondiente al Ejercicio Fiscal 2023, presentado por la Decana de la Facultad de Ciencias\u00a0Qu\u00edmicas de la UNA; Prof. Lic. Cynthia Susana Saucedo de Schupmann<\/td>\n<\/tr>\n\n<tr>\n<td colspan=\"2\"><a href=\"https:\/\/www.qui.una.py\/v2\/wp-content\/uploads\/Acta-1334-Resolucion-8521-Manual-de-Comunicacion-Institucional-2.pdf\" target=\"_blank\" rel=\"noopener\">Acta N\u00b0 1334 fecha 20\/02\/2024 resoluci\u00f3n 8521\/2024<\/a><\/td>\n<\/tr>\n<tr>\n<td colspan=\"2\">Por la cual se aprueba el Manual de Comunicaci\u00f3n Institucional de la Facultad de Ciencias Qu\u00edmicas-UNA<\/td>\n<\/tr>\n\n<tr>\n<td colspan=\"2\"><a href=\"https:\/\/www.qui.una.py\/v2\/wp-content\/uploads\/Reporte-de-Alcance-de-Comunicacion-2023.pdf\" target=\"_blank\" rel=\"noopener\">Reporte del alcance de las comunicaciones institucionales 2023<\/a><\/td>\n<\/tr>\n<tr>\n<td colspan=\"2\">Reporte de seguimiento y seguidores a los medios digitales de la\u00a0Facultad de Ciencias Qu\u00edmicas \u2013 UNA<\/td>\n<\/tr>\n\n<tr>\n<td colspan=\"2\"><a href=\"https:\/\/www.qui.una.py\/v2\/wp-content\/uploads\/nueva-magen-inst-2020-1.pdf\" target=\"_blank\" rel=\"noopener\">Acta N\u00b0 1253 10\/11\/2020 resoluci\u00f3n 7462\/2020<\/a><\/td>\n<\/tr>\n<tr>\n<td colspan=\"2\">Por la cual se aprueba de nueva imagen institucional.<\/td>\n<\/tr>\n\n<tr>\n<td colspan=\"2\"><a href=\"https:\/\/www.qui.una.py\/v2\/wp-content\/uploads\/imagotipos_carrera.pdf\" target=\"_blank\" rel=\"noopener\">Resoluci\u00f3n N\u00b0 7412-00-2020 Acta 1250 22\/09\/20<\/a><\/td>\n<\/tr>\n<tr>\n<td colspan=\"2\">Por la cual se aprueba el uso de imagotipos para carreras de la Facultad de Ciencias Qu\u00edmicas-UNA<\/td>\n<\/tr>\n\n<tr>\n<td colspan=\"2\"><a href=\"https:\/\/www.qui.una.py\/v2\/wp-content\/uploads\/manual-de-comunicacion_2020-1.pdf\" target=\"_blank\" rel=\"noopener\">Acta N\u00b0 1255 fecha 02\/12\/2020 resoluci\u00f3n 7498\/2020<\/a><\/td>\n<\/tr>\n<tr>\n<td colspan=\"2\">Por la cual se aprueba el Manual de Comunicaci\u00f3n de la Facultad de Ciencias Qu\u00edmicas-UNA<\/td>\n<\/tr>\n<\/tbody>\n<\/table>\t\t\t\t\t\t\t\t<\/div>\n\t\t\t\t\t<\/div>\n\t\t\t\t<\/div>\n\t\t\t\t<\/div>\n\t\t","protected":false},"excerpt":{"rendered":"<p>Home \/ Page Comunicaci\u00f3n Reporte del alcance de las comunicaciones institucionales 2\u00ba Semestre 2025 Reporte de seguimiento y seguidores a los medios digitales de la\u00a0Facultad de Ciencias Qu\u00edmicas \u2013 UNA Informe General de Redes Sociales Institucionales 2025 Informe sobre la evoluci\u00f3n y comportamiento de los seguidores a las Redes Sociales Institucionales. Informe sobre la Satisfacci\u00f3n [&hellip;]<\/p>\n","protected":false},"author":1,"featured_media":0,"parent":45547,"menu_order":0,"comment_status":"closed","ping_status":"closed","template":"elementor_header_footer","meta":{"footnotes":""},"class_list":["post-48284","page","type-page","status-publish","hentry"],"_links":{"self":[{"href":"https:\/\/fcquna.edu.py\/v3\/wp-json\/wp\/v2\/pages\/48284","targetHints":{"allow":["GET"]}}],"collection":[{"href":"https:\/\/fcquna.edu.py\/v3\/wp-json\/wp\/v2\/pages"}],"about":[{"href":"https:\/\/fcquna.edu.py\/v3\/wp-json\/wp\/v2\/types\/page"}],"author":[{"embeddable":true,"href":"https:\/\/fcquna.edu.py\/v3\/wp-json\/wp\/v2\/users\/1"}],"replies":[{"embeddable":true,"href":"https:\/\/fcquna.edu.py\/v3\/wp-json\/wp\/v2\/comments?post=48284"}],"version-history":[{"count":7,"href":"https:\/\/fcquna.edu.py\/v3\/wp-json\/wp\/v2\/pages\/48284\/revisions"}],"predecessor-version":[{"id":48291,"href":"https:\/\/fcquna.edu.py\/v3\/wp-json\/wp\/v2\/pages\/48284\/revisions\/48291"}],"up":[{"embeddable":true,"href":"https:\/\/fcquna.edu.py\/v3\/wp-json\/wp\/v2\/pages\/45547"}],"wp:attachment":[{"href":"https:\/\/fcquna.edu.py\/v3\/wp-json\/wp\/v2\/media?parent=48284"}],"curies":[{"name":"wp","href":"https:\/\/api.w.org\/{rel}","templated":true}]}}