{"id":48240,"date":"2026-02-06T13:42:33","date_gmt":"2026-02-06T13:42:33","guid":{"rendered":"https:\/\/fcquna.edu.py\/v3\/?page_id=48240"},"modified":"2026-02-06T13:44:33","modified_gmt":"2026-02-06T13:44:33","slug":"politicas-operacionales","status":"publish","type":"page","link":"https:\/\/fcquna.edu.py\/v3\/mecip\/politicas-operacionales\/","title":{"rendered":"Pol\u00edticas Operacionales"},"content":{"rendered":"\t\t<div data-elementor-type=\"wp-page\" data-elementor-id=\"48240\" class=\"elementor elementor-48240\" data-elementor-post-type=\"page\">\n\t\t\t\t<div class=\"elementor-element elementor-element-31561d8 e-flex e-con-boxed e-con e-parent\" data-id=\"31561d8\" data-element_type=\"container\" data-settings=\"{&quot;jet_parallax_layout_list&quot;:[]}\">\n\t\t\t\t\t<div class=\"e-con-inner\">\n\t\t\t\t<div class=\"elementor-element elementor-element-c7e8ede elementor-widget elementor-widget-eael-breadcrumbs\" data-id=\"c7e8ede\" data-element_type=\"widget\" data-widget_type=\"eael-breadcrumbs.default\">\n\t\t\t\t<div class=\"elementor-widget-container\">\n\t\t\t\t\t\t\t<div class=\"eael-breadcrumbs\">\n\t\t\t<div class=\"eael-breadcrumbs__content\"><a href=\"https:\/\/fcquna.edu.py\/v3\">Home<\/a> <span class=\"eael-breadcrumb-separator\">\/<\/span> <span class = \"eael-current\">Page<\/span><\/div>\t\t<\/div>\n\t\t\t\t\t\t<\/div>\n\t\t\t\t<\/div>\n\t\t\t\t\t<\/div>\n\t\t\t\t<\/div>\n\t\t<div class=\"elementor-element elementor-element-2af4904 e-flex e-con-boxed e-con e-parent\" data-id=\"2af4904\" data-element_type=\"container\" data-settings=\"{&quot;jet_parallax_layout_list&quot;:[]}\">\n\t\t\t\t\t<div class=\"e-con-inner\">\n\t\t\t\t<div class=\"elementor-element elementor-element-f7c505a elementor-widget elementor-widget-heading\" data-id=\"f7c505a\" data-element_type=\"widget\" data-widget_type=\"heading.default\">\n\t\t\t\t\t<h2 class=\"elementor-heading-title elementor-size-default\">Pol\u00edticas Operacionales<\/h2>\t\t\t\t<\/div>\n\t\t\t\t\t<\/div>\n\t\t\t\t<\/div>\n\t\t<div class=\"elementor-element elementor-element-599dff3 e-flex e-con-boxed e-con e-parent\" data-id=\"599dff3\" data-element_type=\"container\" data-settings=\"{&quot;jet_parallax_layout_list&quot;:[]}\">\n\t\t\t\t\t<div class=\"e-con-inner\">\n\t\t\t\t<div class=\"elementor-element elementor-element-166f3e0 elementor-widget elementor-widget-text-editor\" data-id=\"166f3e0\" data-element_type=\"widget\" data-widget_type=\"text-editor.default\">\n\t\t\t\t\t\t\t\t\t<table width=\"1411\"><tbody><tr><td width=\"1411\"><a href=\"https:\/\/www.qui.una.py\/v2\/wp-content\/uploads\/politicas-operacionales-2021-1.pdf\" target=\"_blank\" rel=\"noopener\">Pol\u00edticas Operacionales 2021<\/a><\/td><\/tr><tr><td><a href=\"https:\/\/www.qui.una.py\/v2\/wp-content\/uploads\/politicas-operacionales-2022.pdf\" target=\"_blank\" rel=\"noopener\">Pol\u00edticas Operacionales 2022<\/a><\/td><\/tr><tr><td width=\"1411\"><a href=\"https:\/\/www.qui.una.py\/v2\/wp-content\/uploads\/Politicas-Operacionales-2023-APROBADO.pdf\" target=\"_blank\" rel=\"noopener\">Manual de pol\u00edticas Operacionales 2023<\/a><\/td><\/tr><\/tbody><\/table>\t\t\t\t\t\t\t\t<\/div>\n\t\t\t\t\t<\/div>\n\t\t\t\t<\/div>\n\t\t\t\t<\/div>\n\t\t","protected":false},"excerpt":{"rendered":"<p>Home \/ Page Pol\u00edticas Operacionales Pol\u00edticas Operacionales 2021 Pol\u00edticas Operacionales 2022 Manual de pol\u00edticas Operacionales 2023<\/p>\n","protected":false},"author":1,"featured_media":0,"parent":45547,"menu_order":0,"comment_status":"closed","ping_status":"closed","template":"elementor_header_footer","meta":{"footnotes":""},"class_list":["post-48240","page","type-page","status-publish","hentry"],"_links":{"self":[{"href":"https:\/\/fcquna.edu.py\/v3\/wp-json\/wp\/v2\/pages\/48240","targetHints":{"allow":["GET"]}}],"collection":[{"href":"https:\/\/fcquna.edu.py\/v3\/wp-json\/wp\/v2\/pages"}],"about":[{"href":"https:\/\/fcquna.edu.py\/v3\/wp-json\/wp\/v2\/types\/page"}],"author":[{"embeddable":true,"href":"https:\/\/fcquna.edu.py\/v3\/wp-json\/wp\/v2\/users\/1"}],"replies":[{"embeddable":true,"href":"https:\/\/fcquna.edu.py\/v3\/wp-json\/wp\/v2\/comments?post=48240"}],"version-history":[{"count":7,"href":"https:\/\/fcquna.edu.py\/v3\/wp-json\/wp\/v2\/pages\/48240\/revisions"}],"predecessor-version":[{"id":48247,"href":"https:\/\/fcquna.edu.py\/v3\/wp-json\/wp\/v2\/pages\/48240\/revisions\/48247"}],"up":[{"embeddable":true,"href":"https:\/\/fcquna.edu.py\/v3\/wp-json\/wp\/v2\/pages\/45547"}],"wp:attachment":[{"href":"https:\/\/fcquna.edu.py\/v3\/wp-json\/wp\/v2\/media?parent=48240"}],"curies":[{"name":"wp","href":"https:\/\/api.w.org\/{rel}","templated":true}]}}