{"id":48206,"date":"2026-02-05T20:49:41","date_gmt":"2026-02-05T20:49:41","guid":{"rendered":"https:\/\/fcquna.edu.py\/v3\/?page_id=48206"},"modified":"2026-02-05T20:54:33","modified_gmt":"2026-02-05T20:54:33","slug":"identificacion-y-evaluacion-de-riesgos","status":"publish","type":"page","link":"https:\/\/fcquna.edu.py\/v3\/mecip\/identificacion-y-evaluacion-de-riesgos\/","title":{"rendered":"Identificaci\u00f3n y Evaluaci\u00f3n de Riesgos"},"content":{"rendered":"\t\t<div data-elementor-type=\"wp-page\" data-elementor-id=\"48206\" class=\"elementor elementor-48206\" data-elementor-post-type=\"page\">\n\t\t\t\t<div class=\"elementor-element elementor-element-31561d8 e-flex e-con-boxed e-con e-parent\" data-id=\"31561d8\" data-element_type=\"container\" data-settings=\"{&quot;jet_parallax_layout_list&quot;:[]}\">\n\t\t\t\t\t<div class=\"e-con-inner\">\n\t\t\t\t<div class=\"elementor-element elementor-element-c7e8ede elementor-widget elementor-widget-eael-breadcrumbs\" data-id=\"c7e8ede\" data-element_type=\"widget\" data-widget_type=\"eael-breadcrumbs.default\">\n\t\t\t\t<div class=\"elementor-widget-container\">\n\t\t\t\t\t\t\t<div class=\"eael-breadcrumbs\">\n\t\t\t<div class=\"eael-breadcrumbs__content\"><a href=\"https:\/\/fcquna.edu.py\/v3\">Home<\/a> <span class=\"eael-breadcrumb-separator\">\/<\/span> <span class = \"eael-current\">Page<\/span><\/div>\t\t<\/div>\n\t\t\t\t\t\t<\/div>\n\t\t\t\t<\/div>\n\t\t\t\t\t<\/div>\n\t\t\t\t<\/div>\n\t\t<div class=\"elementor-element elementor-element-2af4904 e-flex e-con-boxed e-con e-parent\" data-id=\"2af4904\" data-element_type=\"container\" data-settings=\"{&quot;jet_parallax_layout_list&quot;:[]}\">\n\t\t\t\t\t<div class=\"e-con-inner\">\n\t\t\t\t<div class=\"elementor-element elementor-element-f7c505a elementor-widget elementor-widget-heading\" data-id=\"f7c505a\" data-element_type=\"widget\" data-widget_type=\"heading.default\">\n\t\t\t\t\t<h2 class=\"elementor-heading-title elementor-size-default\">Identificaci\u00f3n y Evaluaci\u00f3n de Riesgos<\/h2>\t\t\t\t<\/div>\n\t\t\t\t\t<\/div>\n\t\t\t\t<\/div>\n\t\t<div class=\"elementor-element elementor-element-cb4047d e-flex e-con-boxed e-con e-parent\" data-id=\"cb4047d\" data-element_type=\"container\" data-settings=\"{&quot;jet_parallax_layout_list&quot;:[]}\">\n\t\t\t\t\t<div class=\"e-con-inner\">\n\t\t\t\t<div class=\"elementor-element elementor-element-121aa1b elementor-widget elementor-widget-n-accordion\" data-id=\"121aa1b\" data-element_type=\"widget\" data-settings=\"{&quot;default_state&quot;:&quot;all_collapsed&quot;,&quot;max_items_expended&quot;:&quot;one&quot;,&quot;n_accordion_animation_duration&quot;:{&quot;unit&quot;:&quot;ms&quot;,&quot;size&quot;:400,&quot;sizes&quot;:[]}}\" data-widget_type=\"nested-accordion.default\">\n\t\t\t\t\t\t\t<div class=\"e-n-accordion\" aria-label=\"Accordion. Open links with Enter or Space, close with Escape, and navigate with Arrow Keys\">\n\t\t\t\t\t\t<details id=\"e-n-accordion-item-1890\" class=\"e-n-accordion-item\" >\n\t\t\t\t<summary class=\"e-n-accordion-item-title\" data-accordion-index=\"1\" tabindex=\"0\" aria-expanded=\"false\" aria-controls=\"e-n-accordion-item-1890\" >\n\t\t\t\t\t<span class='e-n-accordion-item-title-header'><div class=\"e-n-accordion-item-title-text\"> 2025 <\/div><\/span>\n\t\t\t\t\t\t\t<span class='e-n-accordion-item-title-icon'>\n\t\t\t<span class='e-opened' ><svg aria-hidden=\"true\" class=\"e-font-icon-svg e-fas-minus\" viewBox=\"0 0 448 512\" xmlns=\"http:\/\/www.w3.org\/2000\/svg\"><path d=\"M416 208H32c-17.67 0-32 14.33-32 32v32c0 17.67 14.33 32 32 32h384c17.67 0 32-14.33 32-32v-32c0-17.67-14.33-32-32-32z\"><\/path><\/svg><\/span>\n\t\t\t<span class='e-closed'><svg aria-hidden=\"true\" class=\"e-font-icon-svg e-fas-plus\" viewBox=\"0 0 448 512\" xmlns=\"http:\/\/www.w3.org\/2000\/svg\"><path d=\"M416 208H272V64c0-17.67-14.33-32-32-32h-32c-17.67 0-32 14.33-32 32v144H32c-17.67 0-32 14.33-32 32v32c0 17.67 14.33 32 32 32h144v144c0 17.67 14.33 32 32 32h32c17.67 0 32-14.33 32-32V304h144c17.67 0 32-14.33 32-32v-32c0-17.67-14.33-32-32-32z\"><\/path><\/svg><\/span>\n\t\t<\/span>\n\n\t\t\t\t\t\t<\/summary>\n\t\t\t\t<div role=\"region\" aria-labelledby=\"e-n-accordion-item-1890\" class=\"elementor-element elementor-element-131ca49 e-con-full e-flex e-con e-child\" data-id=\"131ca49\" data-element_type=\"container\" data-settings=\"{&quot;jet_parallax_layout_list&quot;:[]}\">\n\t\t<div role=\"region\" aria-labelledby=\"e-n-accordion-item-1890\" class=\"elementor-element elementor-element-2a6a4d9 e-flex e-con-boxed e-con e-child\" data-id=\"2a6a4d9\" data-element_type=\"container\" data-settings=\"{&quot;jet_parallax_layout_list&quot;:[]}\">\n\t\t\t\t\t<div class=\"e-con-inner\">\n\t\t\t\t<div class=\"elementor-element elementor-element-ec67ae4 elementor-widget elementor-widget-text-editor\" data-id=\"ec67ae4\" data-element_type=\"widget\" data-widget_type=\"text-editor.default\">\n\t\t\t\t\t\t\t\t\t<table width=\"1376\"><tbody><tr><td colspan=\"2\" width=\"1376\"><a href=\"https:\/\/www.qui.una.py\/v2\/wp-content\/uploads\/Resolucion-No-9055-2025_-Politica-de-Administracion-de-Riesgos.pdf\" target=\"_blank\" rel=\"noopener\">Acta N\u00b0 1380\/2025 fecha 16\/12\/2025 Resoluci\u00f3n N\u00ba 9055-00-2025<\/a><\/td><\/tr><tr><td colspan=\"2\">Por la cual se aprueba la Pol\u00edtica de Administraci\u00f3n de Riesgos Versi\u00f3n N\u00ba 1 de la Facultad de Ciencias Qu\u00edmicas \u2013 UNA<\/td><\/tr><tr><td colspan=\"2\"><a href=\"https:\/\/www.qui.una.py\/v2\/wp-content\/uploads\/Resolucion-No-0308-2025-Formatos-71-72-73-y-74-de-Riesgos.pdf\" target=\"_blank\" rel=\"noopener\">Resoluci\u00f3n N\u00b0 0307\/2025\u00a0 Fecha: 20\/03\/2025<\/a><\/td><\/tr><tr><td colspan=\"2\" width=\"1376\">Por la cual se aprueba la tercera versi\u00f3n de los Formatos N\u00ba 71, 72 y 73 y la primera versi\u00f3n del\u00a0Formato N\u00ba 74, correspondientes al Modelo Est\u00e1ndar de Control Interno para las Instituciones P\u00fablicas del Paraguay (MECIP) de la Facultad de Ciencias Qu\u00edmicas \u2013 UNA<\/td><\/tr><tr><td colspan=\"2\"><a href=\"https:\/\/www.qui.una.py\/v2\/wp-content\/uploads\/Resolucion-de-Decanado-No-0163-2025_-Formatos-66-al-69.pdf\" target=\"_blank\" rel=\"noopener\">Resoluci\u00f3n del Decanato N\u00b00163\/2025 Fecha: 26\/02\/2025<\/a><\/td><\/tr><tr><td colspan=\"2\" width=\"1376\">Por la cual se aprueba la primera versi\u00f3n del Formato 66, la cuarta versi\u00f3n del Formato 67, la quinta versi\u00f3n del Formato 68 y la primera versi\u00f3n del Formato 69, correspondiente al MECIP de la Facultad de Ciencias Qu\u00edmicas \u2013 UNA<\/td><\/tr><\/tbody><\/table>\t\t\t\t\t\t\t\t<\/div>\n\t\t\t\t\t<\/div>\n\t\t\t\t<\/div>\n\t\t\t\t<\/div>\n\t\t\t\t\t<\/details>\n\t\t\t\t\t\t<details id=\"e-n-accordion-item-1891\" class=\"e-n-accordion-item\" >\n\t\t\t\t<summary class=\"e-n-accordion-item-title\" data-accordion-index=\"2\" tabindex=\"-1\" aria-expanded=\"false\" aria-controls=\"e-n-accordion-item-1891\" >\n\t\t\t\t\t<span class='e-n-accordion-item-title-header'><div class=\"e-n-accordion-item-title-text\"> 2024 <\/div><\/span>\n\t\t\t\t\t\t\t<span class='e-n-accordion-item-title-icon'>\n\t\t\t<span class='e-opened' ><svg aria-hidden=\"true\" class=\"e-font-icon-svg e-fas-minus\" viewBox=\"0 0 448 512\" xmlns=\"http:\/\/www.w3.org\/2000\/svg\"><path d=\"M416 208H32c-17.67 0-32 14.33-32 32v32c0 17.67 14.33 32 32 32h384c17.67 0 32-14.33 32-32v-32c0-17.67-14.33-32-32-32z\"><\/path><\/svg><\/span>\n\t\t\t<span class='e-closed'><svg aria-hidden=\"true\" class=\"e-font-icon-svg e-fas-plus\" viewBox=\"0 0 448 512\" xmlns=\"http:\/\/www.w3.org\/2000\/svg\"><path d=\"M416 208H272V64c0-17.67-14.33-32-32-32h-32c-17.67 0-32 14.33-32 32v144H32c-17.67 0-32 14.33-32 32v32c0 17.67 14.33 32 32 32h144v144c0 17.67 14.33 32 32 32h32c17.67 0 32-14.33 32-32V304h144c17.67 0 32-14.33 32-32v-32c0-17.67-14.33-32-32-32z\"><\/path><\/svg><\/span>\n\t\t<\/span>\n\n\t\t\t\t\t\t<\/summary>\n\t\t\t\t<div role=\"region\" aria-labelledby=\"e-n-accordion-item-1891\" class=\"elementor-element elementor-element-e587484 e-con-full e-flex e-con e-child\" data-id=\"e587484\" data-element_type=\"container\" data-settings=\"{&quot;jet_parallax_layout_list&quot;:[]}\">\n\t\t<div role=\"region\" aria-labelledby=\"e-n-accordion-item-1891\" class=\"elementor-element elementor-element-e5d23f0 e-flex e-con-boxed e-con e-child\" data-id=\"e5d23f0\" data-element_type=\"container\" data-settings=\"{&quot;jet_parallax_layout_list&quot;:[]}\">\n\t\t\t\t\t<div class=\"e-con-inner\">\n\t\t\t\t<div class=\"elementor-element elementor-element-1c66dbd elementor-widget elementor-widget-text-editor\" data-id=\"1c66dbd\" data-element_type=\"widget\" data-widget_type=\"text-editor.default\">\n\t\t\t\t\t\t\t\t\t<table width=\"1376\"><tbody><tr><td colspan=\"2\" width=\"1376\"><a href=\"https:\/\/www.qui.una.py\/v2\/wp-content\/uploads\/2024\/07\/Resolucion-0849-2024-Formato-65.pdf\" target=\"_blank\" rel=\"noopener\">Resoluci\u00f3n N\u00b0 0849\/2024 Fecha 23\/07\/2024<\/a><\/td><\/tr><tr><td colspan=\"2\" width=\"1376\">Por la cual se aprueba la quinta versi\u00f3n del Formato 65, correspondientes al Modelo Est\u00e1ndar de Control Interno para las Instituciones P\u00fablicas del Paraguay (Mecip) de la Facultad de Ciencias Qu\u00edmicas \u2013 UNA<\/td><\/tr><tr><td colspan=\"2\"><a href=\"https:\/\/www.qui.una.py\/v2\/wp-content\/uploads\/2024\/03\/Resolucion-0135-Formatos-71-72-y-73-de-Riesgos-1.pdf\" target=\"_blank\" rel=\"noopener\">Resoluci\u00f3n N\u00b0 0135\/2024 Fecha26\/02\/2024<\/a><\/td><\/tr><tr><td colspan=\"2\" width=\"1376\">Por la cual se aprueba la segunda versi\u00f3n de los\u00a0 Formatos 71, 72 y 73, correspondientes al Modelo Est\u00e1ndar de Control Interno para las Instituciones P\u00fablicas del Paraguay (Mecip) de la Facultad de Ciencias Qu\u00edmicas-UNA<\/td><\/tr><\/tbody><\/table>\t\t\t\t\t\t\t\t<\/div>\n\t\t\t\t\t<\/div>\n\t\t\t\t<\/div>\n\t\t\t\t<\/div>\n\t\t\t\t\t<\/details>\n\t\t\t\t\t\t<details id=\"e-n-accordion-item-1892\" class=\"e-n-accordion-item\" >\n\t\t\t\t<summary class=\"e-n-accordion-item-title\" data-accordion-index=\"3\" tabindex=\"-1\" aria-expanded=\"false\" aria-controls=\"e-n-accordion-item-1892\" >\n\t\t\t\t\t<span class='e-n-accordion-item-title-header'><div class=\"e-n-accordion-item-title-text\"> 2023 <\/div><\/span>\n\t\t\t\t\t\t\t<span class='e-n-accordion-item-title-icon'>\n\t\t\t<span class='e-opened' ><svg aria-hidden=\"true\" class=\"e-font-icon-svg e-fas-minus\" viewBox=\"0 0 448 512\" xmlns=\"http:\/\/www.w3.org\/2000\/svg\"><path d=\"M416 208H32c-17.67 0-32 14.33-32 32v32c0 17.67 14.33 32 32 32h384c17.67 0 32-14.33 32-32v-32c0-17.67-14.33-32-32-32z\"><\/path><\/svg><\/span>\n\t\t\t<span class='e-closed'><svg aria-hidden=\"true\" class=\"e-font-icon-svg e-fas-plus\" viewBox=\"0 0 448 512\" xmlns=\"http:\/\/www.w3.org\/2000\/svg\"><path d=\"M416 208H272V64c0-17.67-14.33-32-32-32h-32c-17.67 0-32 14.33-32 32v144H32c-17.67 0-32 14.33-32 32v32c0 17.67 14.33 32 32 32h144v144c0 17.67 14.33 32 32 32h32c17.67 0 32-14.33 32-32V304h144c17.67 0 32-14.33 32-32v-32c0-17.67-14.33-32-32-32z\"><\/path><\/svg><\/span>\n\t\t<\/span>\n\n\t\t\t\t\t\t<\/summary>\n\t\t\t\t<div role=\"region\" aria-labelledby=\"e-n-accordion-item-1892\" class=\"elementor-element elementor-element-aa2eba7 e-con-full e-flex e-con e-child\" data-id=\"aa2eba7\" data-element_type=\"container\" data-settings=\"{&quot;jet_parallax_layout_list&quot;:[]}\">\n\t\t<div role=\"region\" aria-labelledby=\"e-n-accordion-item-1892\" class=\"elementor-element elementor-element-8b8de5d e-flex e-con-boxed e-con e-child\" data-id=\"8b8de5d\" data-element_type=\"container\" data-settings=\"{&quot;jet_parallax_layout_list&quot;:[]}\">\n\t\t\t\t\t<div class=\"e-con-inner\">\n\t\t\t\t<div class=\"elementor-element elementor-element-2817ef1 elementor-widget elementor-widget-text-editor\" data-id=\"2817ef1\" data-element_type=\"widget\" data-widget_type=\"text-editor.default\">\n\t\t\t\t\t\t\t\t\t<table width=\"1284\">\n<tbody>\n<tr>\n<td width=\"1284\"><a href=\"https:\/\/www.qui.una.py\/v2\/wp-content\/uploads\/2024\/03\/Resolucion-1250-formato-67-y-68.pdf\" target=\"_blank\" rel=\"noopener\">Resoluci\u00f3n N\u00b01250\/2023\u00a0 Fecha: 12\/11\/2023<\/a><\/td>\n<\/tr>\n<tr>\n<td>Por la cual se aprueba la tercera versi\u00f3n del Formato 67 y la cuarta versi\u00f3n del Formato 68, correspondiente al MECIP de la Facultad de Ciencias Qu\u00edmicas \u2013 UNA<\/td>\n<\/tr>\n\n<tr>\n<td><a href=\"https:\/\/www.qui.una.py\/v2\/wp-content\/uploads\/2024\/03\/Resolucion-1167-2023-formato-65-1.pdf\" target=\"_blank\" rel=\"noopener\">Resoluci\u00f3n N\u00b0 1167\/2023 fecha 13\/10\/2023<\/a><\/td>\n<\/tr>\n<tr>\n<td>Por la cual se aprueba la cuarta versi\u00f3n del Formato 65 correspondiente al MECIP de la Facultad de Ciencias Qu\u00edmicas \u2013 UNA<\/td>\n<\/tr>\n<\/tbody>\n<\/table>\t\t\t\t\t\t\t\t<\/div>\n\t\t\t\t\t<\/div>\n\t\t\t\t<\/div>\n\t\t\t\t<\/div>\n\t\t\t\t\t<\/details>\n\t\t\t\t\t\t<details id=\"e-n-accordion-item-1893\" class=\"e-n-accordion-item\" >\n\t\t\t\t<summary class=\"e-n-accordion-item-title\" data-accordion-index=\"4\" tabindex=\"-1\" aria-expanded=\"false\" aria-controls=\"e-n-accordion-item-1893\" >\n\t\t\t\t\t<span class='e-n-accordion-item-title-header'><div class=\"e-n-accordion-item-title-text\"> 2022 <\/div><\/span>\n\t\t\t\t\t\t\t<span class='e-n-accordion-item-title-icon'>\n\t\t\t<span class='e-opened' ><svg aria-hidden=\"true\" class=\"e-font-icon-svg e-fas-minus\" viewBox=\"0 0 448 512\" xmlns=\"http:\/\/www.w3.org\/2000\/svg\"><path d=\"M416 208H32c-17.67 0-32 14.33-32 32v32c0 17.67 14.33 32 32 32h384c17.67 0 32-14.33 32-32v-32c0-17.67-14.33-32-32-32z\"><\/path><\/svg><\/span>\n\t\t\t<span class='e-closed'><svg aria-hidden=\"true\" class=\"e-font-icon-svg e-fas-plus\" viewBox=\"0 0 448 512\" xmlns=\"http:\/\/www.w3.org\/2000\/svg\"><path d=\"M416 208H272V64c0-17.67-14.33-32-32-32h-32c-17.67 0-32 14.33-32 32v144H32c-17.67 0-32 14.33-32 32v32c0 17.67 14.33 32 32 32h144v144c0 17.67 14.33 32 32 32h32c17.67 0 32-14.33 32-32V304h144c17.67 0 32-14.33 32-32v-32c0-17.67-14.33-32-32-32z\"><\/path><\/svg><\/span>\n\t\t<\/span>\n\n\t\t\t\t\t\t<\/summary>\n\t\t\t\t<div role=\"region\" aria-labelledby=\"e-n-accordion-item-1893\" class=\"elementor-element elementor-element-e3437d3 e-flex e-con-boxed e-con e-child\" data-id=\"e3437d3\" data-element_type=\"container\" data-settings=\"{&quot;jet_parallax_layout_list&quot;:[]}\">\n\t\t\t\t\t<div class=\"e-con-inner\">\n\t\t<div role=\"region\" aria-labelledby=\"e-n-accordion-item-1893\" class=\"elementor-element elementor-element-d3f940a e-con-full e-flex e-con e-child\" data-id=\"d3f940a\" data-element_type=\"container\" data-settings=\"{&quot;jet_parallax_layout_list&quot;:[]}\">\n\t\t\t\t<div class=\"elementor-element elementor-element-22047a8 elementor-widget elementor-widget-text-editor\" data-id=\"22047a8\" data-element_type=\"widget\" data-widget_type=\"text-editor.default\">\n\t\t\t\t\t\t\t\t\t<table width=\"1376\"><tbody><tr><td colspan=\"2\" width=\"1376\"><a href=\"https:\/\/www.qui.una.py\/v2\/wp-content\/uploads\/2024\/03\/riesgos-2023.pdf\" target=\"_blank\" rel=\"noopener\">Resoluci\u00f3n N\u00b0 1550\/2022 Fecha 30\/12\/2022<\/a><\/td><\/tr><tr><td colspan=\"2\" width=\"1376\">Por la cual se aprueba la tercera versi\u00f3n del Formato 65 y la segunda versi\u00f3n de los formatos 67 y 68, correspondientes al Modelo Est\u00e1ndar de Control Interno para las Instituciones P\u00fablicas del paraguay (Mecip) de la Facultad de Ciencias Qu\u00edmicas \u2013 UNA<\/td><\/tr><\/tbody><\/table>\t\t\t\t\t\t\t\t<\/div>\n\t\t\t\t<\/div>\n\t\t\t\t\t<\/div>\n\t\t\t\t<\/div>\n\t\t\t\t\t<\/details>\n\t\t\t\t\t\t<details id=\"e-n-accordion-item-1894\" class=\"e-n-accordion-item\" >\n\t\t\t\t<summary class=\"e-n-accordion-item-title\" data-accordion-index=\"5\" tabindex=\"-1\" aria-expanded=\"false\" aria-controls=\"e-n-accordion-item-1894\" >\n\t\t\t\t\t<span class='e-n-accordion-item-title-header'><div class=\"e-n-accordion-item-title-text\"> 2021 <\/div><\/span>\n\t\t\t\t\t\t\t<span class='e-n-accordion-item-title-icon'>\n\t\t\t<span class='e-opened' ><svg aria-hidden=\"true\" class=\"e-font-icon-svg e-fas-minus\" viewBox=\"0 0 448 512\" xmlns=\"http:\/\/www.w3.org\/2000\/svg\"><path d=\"M416 208H32c-17.67 0-32 14.33-32 32v32c0 17.67 14.33 32 32 32h384c17.67 0 32-14.33 32-32v-32c0-17.67-14.33-32-32-32z\"><\/path><\/svg><\/span>\n\t\t\t<span class='e-closed'><svg aria-hidden=\"true\" class=\"e-font-icon-svg e-fas-plus\" viewBox=\"0 0 448 512\" xmlns=\"http:\/\/www.w3.org\/2000\/svg\"><path d=\"M416 208H272V64c0-17.67-14.33-32-32-32h-32c-17.67 0-32 14.33-32 32v144H32c-17.67 0-32 14.33-32 32v32c0 17.67 14.33 32 32 32h144v144c0 17.67 14.33 32 32 32h32c17.67 0 32-14.33 32-32V304h144c17.67 0 32-14.33 32-32v-32c0-17.67-14.33-32-32-32z\"><\/path><\/svg><\/span>\n\t\t<\/span>\n\n\t\t\t\t\t\t<\/summary>\n\t\t\t\t<div role=\"region\" aria-labelledby=\"e-n-accordion-item-1894\" class=\"elementor-element elementor-element-d5a11ad e-flex e-con-boxed e-con e-child\" data-id=\"d5a11ad\" data-element_type=\"container\" data-settings=\"{&quot;jet_parallax_layout_list&quot;:[]}\">\n\t\t\t\t\t<div class=\"e-con-inner\">\n\t\t<div role=\"region\" aria-labelledby=\"e-n-accordion-item-1894\" class=\"elementor-element elementor-element-6894fa2 e-con-full e-flex e-con e-child\" data-id=\"6894fa2\" data-element_type=\"container\" data-settings=\"{&quot;jet_parallax_layout_list&quot;:[]}\">\n\t\t\t\t<div class=\"elementor-element elementor-element-ff487e6 elementor-widget elementor-widget-text-editor\" data-id=\"ff487e6\" data-element_type=\"widget\" data-widget_type=\"text-editor.default\">\n\t\t\t\t\t\t\t\t\t<table width=\"1284\"><tbody><tr><td width=\"1284\"><a href=\"https:\/\/www.qui.una.py\/v2\/wp-content\/uploads\/2024\/03\/resol-matriz-de-riesgo-2021.pdf\" target=\"_blank\" rel=\"noopener\">Resoluci\u00f3n\u00a0 N\u00b0 1718\/2021\u00a0 Fecha: 28\/12\/2021<\/a><\/td><\/tr><tr><td>Por la cual se aprueba la matriz de Riesgos de Objetivos estrat\u00e9gicos y su relaci\u00f3n con los Objetivos de Desarrollo Sostenible de la Facultad de Ciencias Qu\u00edmicas-UNA<\/td><\/tr><tr><td><a href=\"https:\/\/www.qui.una.py\/v2\/wp-content\/uploads\/2024\/03\/contexto-estrategico-2021.pdf\" target=\"_blank\" rel=\"noopener\">Acta N\u00b0 1279 Fecha 09\/11\/2021 Resoluci\u00f3n 7882 \u2013 00 \u2013 2021<\/a><\/td><\/tr><tr><td>Por la cual se aprueba el Contexto estrat\u00e9gico de Riesgo \u2013 Formato 65 a\u00f1o 2021 Versi\u00f3n 2 de la Facultad de Ciencias Qu\u00edmicas de la UNA .<\/td><\/tr><\/tbody><\/table>\t\t\t\t\t\t\t\t<\/div>\n\t\t\t\t<\/div>\n\t\t\t\t\t<\/div>\n\t\t\t\t<\/div>\n\t\t\t\t\t<\/details>\n\t\t\t\t\t\t<details id=\"e-n-accordion-item-1895\" class=\"e-n-accordion-item\" >\n\t\t\t\t<summary class=\"e-n-accordion-item-title\" data-accordion-index=\"6\" tabindex=\"-1\" aria-expanded=\"false\" aria-controls=\"e-n-accordion-item-1895\" >\n\t\t\t\t\t<span class='e-n-accordion-item-title-header'><div class=\"e-n-accordion-item-title-text\"> 2020 <\/div><\/span>\n\t\t\t\t\t\t\t<span class='e-n-accordion-item-title-icon'>\n\t\t\t<span class='e-opened' ><svg aria-hidden=\"true\" class=\"e-font-icon-svg e-fas-minus\" viewBox=\"0 0 448 512\" xmlns=\"http:\/\/www.w3.org\/2000\/svg\"><path d=\"M416 208H32c-17.67 0-32 14.33-32 32v32c0 17.67 14.33 32 32 32h384c17.67 0 32-14.33 32-32v-32c0-17.67-14.33-32-32-32z\"><\/path><\/svg><\/span>\n\t\t\t<span class='e-closed'><svg aria-hidden=\"true\" class=\"e-font-icon-svg e-fas-plus\" viewBox=\"0 0 448 512\" xmlns=\"http:\/\/www.w3.org\/2000\/svg\"><path d=\"M416 208H272V64c0-17.67-14.33-32-32-32h-32c-17.67 0-32 14.33-32 32v144H32c-17.67 0-32 14.33-32 32v32c0 17.67 14.33 32 32 32h144v144c0 17.67 14.33 32 32 32h32c17.67 0 32-14.33 32-32V304h144c17.67 0 32-14.33 32-32v-32c0-17.67-14.33-32-32-32z\"><\/path><\/svg><\/span>\n\t\t<\/span>\n\n\t\t\t\t\t\t<\/summary>\n\t\t\t\t<div role=\"region\" aria-labelledby=\"e-n-accordion-item-1895\" class=\"elementor-element elementor-element-d057968 e-flex e-con-boxed e-con e-child\" data-id=\"d057968\" data-element_type=\"container\" data-settings=\"{&quot;jet_parallax_layout_list&quot;:[]}\">\n\t\t\t\t\t<div class=\"e-con-inner\">\n\t\t<div role=\"region\" aria-labelledby=\"e-n-accordion-item-1895\" class=\"elementor-element elementor-element-14c8c12 e-con-full e-flex e-con e-child\" data-id=\"14c8c12\" data-element_type=\"container\" data-settings=\"{&quot;jet_parallax_layout_list&quot;:[]}\">\n\t\t\t\t<div class=\"elementor-element elementor-element-26e25b4 elementor-widget elementor-widget-text-editor\" data-id=\"26e25b4\" data-element_type=\"widget\" data-widget_type=\"text-editor.default\">\n\t\t\t\t\t\t\t\t\t<table width=\"1284\"><tbody><tr><td width=\"1284\"><a href=\"https:\/\/www.qui.una.py\/v2\/wp-content\/uploads\/2024\/03\/resolucion7378_formato-68-2020.pdf\" target=\"_blank\" rel=\"noopener\">Resoluci\u00f3n 7378-00-2020<\/a><\/td><\/tr><tr><td>Por la cual se aprueba el formato 68 de Identificaci\u00f3n de Riegos<\/td><\/tr><\/tbody><\/table>\t\t\t\t\t\t\t\t<\/div>\n\t\t\t\t<\/div>\n\t\t\t\t\t<\/div>\n\t\t\t\t<\/div>\n\t\t\t\t\t<\/details>\n\t\t\t\t\t<\/div>\n\t\t\t\t\t\t<\/div>\n\t\t\t\t\t<\/div>\n\t\t\t\t<\/div>\n\t\t\t\t<\/div>\n\t\t","protected":false},"excerpt":{"rendered":"<p>Home \/ Page Identificaci\u00f3n y Evaluaci\u00f3n de Riesgos 2025 Acta N\u00b0 1380\/2025 fecha 16\/12\/2025 Resoluci\u00f3n N\u00ba 9055-00-2025 Por la cual se aprueba la Pol\u00edtica de Administraci\u00f3n de Riesgos Versi\u00f3n N\u00ba 1 de la Facultad de Ciencias Qu\u00edmicas \u2013 UNA Resoluci\u00f3n N\u00b0 0307\/2025\u00a0 Fecha: 20\/03\/2025 Por la cual se aprueba la tercera versi\u00f3n de los Formatos [&hellip;]<\/p>\n","protected":false},"author":1,"featured_media":0,"parent":45547,"menu_order":0,"comment_status":"closed","ping_status":"closed","template":"elementor_header_footer","meta":{"footnotes":""},"class_list":["post-48206","page","type-page","status-publish","hentry"],"_links":{"self":[{"href":"https:\/\/fcquna.edu.py\/v3\/wp-json\/wp\/v2\/pages\/48206","targetHints":{"allow":["GET"]}}],"collection":[{"href":"https:\/\/fcquna.edu.py\/v3\/wp-json\/wp\/v2\/pages"}],"about":[{"href":"https:\/\/fcquna.edu.py\/v3\/wp-json\/wp\/v2\/types\/page"}],"author":[{"embeddable":true,"href":"https:\/\/fcquna.edu.py\/v3\/wp-json\/wp\/v2\/users\/1"}],"replies":[{"embeddable":true,"href":"https:\/\/fcquna.edu.py\/v3\/wp-json\/wp\/v2\/comments?post=48206"}],"version-history":[{"count":16,"href":"https:\/\/fcquna.edu.py\/v3\/wp-json\/wp\/v2\/pages\/48206\/revisions"}],"predecessor-version":[{"id":48222,"href":"https:\/\/fcquna.edu.py\/v3\/wp-json\/wp\/v2\/pages\/48206\/revisions\/48222"}],"up":[{"embeddable":true,"href":"https:\/\/fcquna.edu.py\/v3\/wp-json\/wp\/v2\/pages\/45547"}],"wp:attachment":[{"href":"https:\/\/fcquna.edu.py\/v3\/wp-json\/wp\/v2\/media?parent=48206"}],"curies":[{"name":"wp","href":"https:\/\/api.w.org\/{rel}","templated":true}]}}