{"id":48115,"date":"2026-02-05T18:18:12","date_gmt":"2026-02-05T18:18:12","guid":{"rendered":"https:\/\/fcquna.edu.py\/v3\/?page_id=48115"},"modified":"2026-02-05T18:19:48","modified_gmt":"2026-02-05T18:19:48","slug":"politica-de-gestion-del-talento-humano","status":"publish","type":"page","link":"https:\/\/fcquna.edu.py\/v3\/mecip\/politica-de-gestion-del-talento-humano\/","title":{"rendered":"Pol\u00edtica de Gesti\u00f3n del Talento Humano"},"content":{"rendered":"\t\t<div data-elementor-type=\"wp-page\" data-elementor-id=\"48115\" class=\"elementor elementor-48115\" data-elementor-post-type=\"page\">\n\t\t\t\t<div class=\"elementor-element elementor-element-31561d8 e-flex e-con-boxed e-con e-parent\" data-id=\"31561d8\" data-element_type=\"container\" data-settings=\"{&quot;jet_parallax_layout_list&quot;:[]}\">\n\t\t\t\t\t<div class=\"e-con-inner\">\n\t\t\t\t<div class=\"elementor-element elementor-element-c7e8ede elementor-widget elementor-widget-eael-breadcrumbs\" data-id=\"c7e8ede\" data-element_type=\"widget\" data-widget_type=\"eael-breadcrumbs.default\">\n\t\t\t\t<div class=\"elementor-widget-container\">\n\t\t\t\t\t\t\t<div class=\"eael-breadcrumbs\">\n\t\t\t<div class=\"eael-breadcrumbs__content\"><a href=\"https:\/\/fcquna.edu.py\/v3\">Home<\/a> <span class=\"eael-breadcrumb-separator\">\/<\/span> <span class = \"eael-current\">Page<\/span><\/div>\t\t<\/div>\n\t\t\t\t\t\t<\/div>\n\t\t\t\t<\/div>\n\t\t\t\t\t<\/div>\n\t\t\t\t<\/div>\n\t\t<div class=\"elementor-element elementor-element-2af4904 e-flex e-con-boxed e-con e-parent\" data-id=\"2af4904\" data-element_type=\"container\" data-settings=\"{&quot;jet_parallax_layout_list&quot;:[]}\">\n\t\t\t\t\t<div class=\"e-con-inner\">\n\t\t\t\t<div class=\"elementor-element elementor-element-f7c505a elementor-widget elementor-widget-heading\" data-id=\"f7c505a\" data-element_type=\"widget\" data-widget_type=\"heading.default\">\n\t\t\t\t\t<h2 class=\"elementor-heading-title elementor-size-default\">Pol\u00edtica de Gesti\u00f3n del Talento Humano<\/h2>\t\t\t\t<\/div>\n\t\t\t\t\t<\/div>\n\t\t\t\t<\/div>\n\t\t<div class=\"elementor-element elementor-element-1ea0427 e-flex e-con-boxed e-con e-parent\" data-id=\"1ea0427\" data-element_type=\"container\" data-settings=\"{&quot;jet_parallax_layout_list&quot;:[]}\">\n\t\t\t\t\t<div class=\"e-con-inner\">\n\t\t\t\t<div class=\"elementor-element elementor-element-3f6a7ac elementor-widget elementor-widget-text-editor\" data-id=\"3f6a7ac\" data-element_type=\"widget\" data-widget_type=\"text-editor.default\">\n\t\t\t\t\t\t\t\t\t<table width=\"982\"><tbody><tr><td colspan=\"2\" width=\"982\"><strong>4. Pol\u00edtica de Gesti\u00f3n del Talento Humano<\/strong><\/td><\/tr><tr><td colspan=\"2\" width=\"982\"><a href=\"https:\/\/www.qui.una.py\/v2\/wp-content\/uploads\/Res.1832-2025-Matriz-de-Polifuncionalidad-.pdf\">Resoluci\u00f3n N\u00b0 1832\/2025 Fecha: 24\/11\/2025<\/a><\/td><\/tr><tr><td colspan=\"2\" width=\"982\">Por la cual se aprueba la\u00a0Matriz\u00a0de Polifuncionalidad \u2013 2025 de la Facultad de Ciencias\u00a0Qu\u00edmicas \u2013 UNA<\/td><\/tr><tr><td colspan=\"2\" width=\"982\"><a href=\"https:\/\/www.qui.una.py\/v2\/wp-content\/uploads\/Resolucion-No-9017-2025-Politica-de-Talento-Humano-V5.pdf\">Acta N\u00b0 1376 Fecha: 21\/10\/2025 Resoluci\u00f3n N\u00ba 9017-00-2025<\/a><\/td><\/tr><tr><td colspan=\"2\" width=\"982\">Por la cual se aprueba la actualizaci\u00f3n de la Pol\u00edtica de\u00a0Talento Humano\u00a0(Versi\u00f3n N\u00b0 5) de la Facultad de Ciencias Qu\u00edmicas \u2013 UNA<\/td><\/tr><tr><td colspan=\"2\" width=\"982\"><a href=\"https:\/\/www.qui.una.py\/v2\/wp-content\/uploads\/Plan-de-Formacion-y-Capacitacion-2024.pdf\">Resoluci\u00f3n N\u00b0 0003\/2025 Fecha: 06\/01\/2025<\/a><\/td><\/tr><tr><td colspan=\"2\" width=\"982\">Por la cual se aprueba la\u00a0Matriz\u00a0de\u00a0Polifuncionalidad\u00a0\u2013 2024 de la Facultad de Ciencias\u00a0Qu\u00edmicas \u2013 UNA<\/td><\/tr><tr><td colspan=\"2\" width=\"982\"><a href=\"https:\/\/www.qui.una.py\/v2\/wp-content\/uploads\/Plan-de-Formacion-y-Capacitacion-2024.pdf\">Resoluci\u00f3n N\u00b0 1882\/2024 Fecha: 26\/12\/2024<\/a><\/td><\/tr><tr><td colspan=\"2\" width=\"982\"><a href=\"https:\/\/www.qui.una.py\/v2\/wp-content\/uploads\/Plan-de-Formacion-y-Capacitacion-2024.pdf\">Por la cual se se aprueba el Plan de Formaci\u00f3n y Capacitaci\u00f3n de la Direcci\u00f3n de Gesti\u00f3n y Desarrollo del Talento Humano de la Facultad de Ciencias Qu\u00edmicas \u2013 UNA<\/a><\/td><\/tr><tr><td colspan=\"2\" width=\"982\"><a href=\"https:\/\/www.qui.una.py\/v2\/wp-content\/uploads\/Acta-No-1348-Resolucion-8706-2024-Politica-de-Gestion-del-Telento-Humano.pdf\">Acta N\u00b0 1348 Fecha: 03\/09\/2024 Resoluci\u00f3n N\u00ba 8706-00-2024\u00a0<\/a><\/td><\/tr><tr><td colspan=\"2\" width=\"982\">Por la cual se actualizan las Pol\u00edticas de la Direcci\u00f3n de Gesti\u00f3n y Desarrollo del Talento Humano (Versi\u00f3n N\u00b0 4) de la Facultad de Ciencias Qu\u00edmicas \u2013 UNA<\/td><\/tr><tr><td colspan=\"2\" width=\"982\"><a href=\"https:\/\/www.qui.una.py\/v2\/wp-content\/uploads\/Resolucion-No8679-2024-Reglamento-de-Trabajo.pdf\">Acta N\u00b0 1347 Fecha: 27\/08\/2024 Resoluci\u00f3n N\u00ba 8679-00-2024<\/a><\/td><\/tr><tr><td colspan=\"2\" width=\"982\">Por la cual se aprueba el Reglamento de Trabajo y del R\u00e9gimen Disciplinario de docentes, funcionarios permanentes administrativos, funcionarios comisionados y funcionarios contratados de la Facultad de Ciencias\u00a0Qu\u00edmicas \u2013 UNA<\/td><\/tr><tr><td colspan=\"2\" width=\"982\"><a href=\"https:\/\/www.qui.una.py\/v2\/wp-content\/uploads\/Res.1532-2023-Matriz-de-Polifuncionalidad.pdf\">Resoluci\u00f3n N\u00b0 1532\/2023 Fecha: 18\/12\/2023\u00a0<\/a><\/td><\/tr><tr><td colspan=\"2\" width=\"982\">Por la cual se aprueba la Matriz de Polifuncionalidad 2023 de la facultad de Ciencias Qu\u00edmicas -UNA<\/td><\/tr><tr><td colspan=\"2\" width=\"982\"><a href=\"https:\/\/www.qui.una.py\/v2\/wp-content\/uploads\/Res.1320-2023-Mecanismo-Plan-de-Carrera.pdf\">Resoluci\u00f3n 1320\/2023\u00a0 Fecha 28\/11\/2023\u00a0<\/a><\/td><\/tr><tr><td colspan=\"2\" width=\"982\">Por la cual se aprueba el Mecanismo de Plan de Carrera del Funcionario Administrativo, Permanente y Contratado de la Facultad de Ciencias Qu\u00edmicas \u2013 UNA<\/td><\/tr><tr><td colspan=\"2\" width=\"982\"><a href=\"https:\/\/www.qui.una.py\/v2\/wp-content\/uploads\/politicas-de-talento-humano-2023.pdf\">Acta N\u00b0 1318\u00a0 Fecha: 27\/06\/2023\u00a0Resoluci\u00f3n N\u00ba 8359-00-2023\u00a0<\/a><\/td><\/tr><tr><td colspan=\"2\" width=\"982\">Por la cual se actualizan las pol\u00edticas de la Direcci\u00f3n de Gesti\u00f3n y Desarrollo del Talento Humano (versi\u00f3n N\u00b0 3) de la Facultad de Ciencias Qu\u00edmicas \u2013 UNA<\/td><\/tr><tr><td colspan=\"2\" width=\"982\"><a href=\"https:\/\/www.qui.una.py\/v2\/wp-content\/uploads\/resol-matriz-de-polif-2022.pdf\">Resoluci\u00f3n N\u00b0 0715\/2022 Fecha: 12\/09\/2022<\/a><\/td><\/tr><tr><td colspan=\"2\" width=\"982\">Por la cual se aprueba la Matriz de Polifuncionalidad 2022 de la facultad de Ciencias Qu\u00edmicas -UNA<\/td><\/tr><tr><td colspan=\"2\" width=\"982\"><a href=\"https:\/\/www.qui.una.py\/v2\/wp-content\/uploads\/Resolucion-plan-de-capacitacion-2022.pdf\">Resoluci\u00f3n N\u00b0 506\/2022 Fecha: 23\/06\/2022<\/a><\/td><\/tr><tr><td colspan=\"2\" width=\"982\">Por la cual se se aprueba el Plan de Formaci\u00f3n y Capacitaci\u00f3n de la Direcci\u00f3n de Gesti\u00f3n y Desarrollo del Talento Humano de la Facultad de Ciencias Qu\u00edmicas \u2013 UNA<\/td><\/tr><tr><td colspan=\"2\" width=\"982\"><a href=\"https:\/\/www.qui.una.py\/v2\/wp-content\/uploads\/resol-7852-politicas-de-talento-humano-2021.pdf\">Acta N\u00b0 1277 Fecha: 12\/10\/2021 Resoluci\u00f3n N\u00b0 7852-00-2021<\/a><\/td><\/tr><tr><td colspan=\"2\" width=\"982\">Por la cual se aprueba la Pol\u00edtica de la Direcci\u00f3n de Gesti\u00f3n y Desarrollo del Talento Humano, Versi\u00f3n 2, de la Facultad de Ciencias Qu\u00edmicas -UNA.<\/td><\/tr><tr><td colspan=\"2\" width=\"982\"><a href=\"https:\/\/www.qui.una.py\/v2\/wp-content\/uploads\/Resolucion-No-7668-Plan-de-Carrera-1.pdf\">Acta 1266\u00a0 Fecha 18\/05\/2021 Resoluci\u00f3n 7668\/2021<\/a><\/td><\/tr><tr><td colspan=\"2\" width=\"982\">Por la cual se aprueba el Plan de Carrera del Funcionario Administrativo, Permanente y Contratado de la Facultad de Ciencias Qu\u00edmicas UNA<\/td><\/tr><tr><td colspan=\"2\" width=\"982\"><a href=\"https:\/\/www.qui.una.py\/v2\/wp-content\/uploads\/politicastalentohumano.pdf\">Resoluci\u00f3n N\u00b0 7191\/2020 fecha: 25\/02\/2020<\/a><\/td><\/tr><tr><td colspan=\"2\" width=\"982\">Por la cual se aprueba la Pol\u00edtica de la Direcci\u00f3n de Gesti\u00f3n y Desarrollo del Talento Humano<\/td><\/tr><tr><td colspan=\"2\" width=\"982\"><a href=\"https:\/\/www.qui.una.py\/v2\/wp-content\/uploads\/resol_evaluacion-de-desemp.pdf\">Resoluci\u00f3n 1075\/2020 fecha 09\/12\/2020<\/a><\/td><\/tr><tr><td colspan=\"2\" width=\"982\">Por la cual se aprueba el reglamento de Evaluaci\u00f3n de Desempe\u00f1o para Docentes de Gesti\u00f3n Acad\u00e9mica, Funcionarios permanentes, Personal contratado y comisionados de la Facultad de Ciencias Qu\u00edmicas -UNA.<\/td><\/tr><\/tbody><\/table>\t\t\t\t\t\t\t\t<\/div>\n\t\t\t\t\t<\/div>\n\t\t\t\t<\/div>\n\t\t\t\t<\/div>\n\t\t","protected":false},"excerpt":{"rendered":"<p>Home \/ Page Pol\u00edtica de Gesti\u00f3n del Talento Humano 4. Pol\u00edtica de Gesti\u00f3n del Talento Humano Resoluci\u00f3n N\u00b0 1832\/2025 Fecha: 24\/11\/2025 Por la cual se aprueba la\u00a0Matriz\u00a0de Polifuncionalidad \u2013 2025 de la Facultad de Ciencias\u00a0Qu\u00edmicas \u2013 UNA Acta N\u00b0 1376 Fecha: 21\/10\/2025 Resoluci\u00f3n N\u00ba 9017-00-2025 Por la cual se aprueba la actualizaci\u00f3n de la Pol\u00edtica [&hellip;]<\/p>\n","protected":false},"author":1,"featured_media":0,"parent":45547,"menu_order":0,"comment_status":"closed","ping_status":"closed","template":"elementor_header_footer","meta":{"footnotes":""},"class_list":["post-48115","page","type-page","status-publish","hentry"],"_links":{"self":[{"href":"https:\/\/fcquna.edu.py\/v3\/wp-json\/wp\/v2\/pages\/48115","targetHints":{"allow":["GET"]}}],"collection":[{"href":"https:\/\/fcquna.edu.py\/v3\/wp-json\/wp\/v2\/pages"}],"about":[{"href":"https:\/\/fcquna.edu.py\/v3\/wp-json\/wp\/v2\/types\/page"}],"author":[{"embeddable":true,"href":"https:\/\/fcquna.edu.py\/v3\/wp-json\/wp\/v2\/users\/1"}],"replies":[{"embeddable":true,"href":"https:\/\/fcquna.edu.py\/v3\/wp-json\/wp\/v2\/comments?post=48115"}],"version-history":[{"count":4,"href":"https:\/\/fcquna.edu.py\/v3\/wp-json\/wp\/v2\/pages\/48115\/revisions"}],"predecessor-version":[{"id":48119,"href":"https:\/\/fcquna.edu.py\/v3\/wp-json\/wp\/v2\/pages\/48115\/revisions\/48119"}],"up":[{"embeddable":true,"href":"https:\/\/fcquna.edu.py\/v3\/wp-json\/wp\/v2\/pages\/45547"}],"wp:attachment":[{"href":"https:\/\/fcquna.edu.py\/v3\/wp-json\/wp\/v2\/media?parent=48115"}],"curies":[{"name":"wp","href":"https:\/\/api.w.org\/{rel}","templated":true}]}}