{"id":48106,"date":"2026-02-05T18:14:20","date_gmt":"2026-02-05T18:14:20","guid":{"rendered":"https:\/\/fcquna.edu.py\/v3\/?page_id=48106"},"modified":"2026-02-05T18:15:31","modified_gmt":"2026-02-05T18:15:31","slug":"protocolo-de-buen-gobierno","status":"publish","type":"page","link":"https:\/\/fcquna.edu.py\/v3\/mecip\/protocolo-de-buen-gobierno\/","title":{"rendered":"Protocolo de Buen Gobierno"},"content":{"rendered":"\t\t<div data-elementor-type=\"wp-page\" data-elementor-id=\"48106\" class=\"elementor elementor-48106\" data-elementor-post-type=\"page\">\n\t\t\t\t<div class=\"elementor-element elementor-element-31561d8 e-flex e-con-boxed e-con e-parent\" data-id=\"31561d8\" data-element_type=\"container\" data-settings=\"{&quot;jet_parallax_layout_list&quot;:[]}\">\n\t\t\t\t\t<div class=\"e-con-inner\">\n\t\t\t\t<div class=\"elementor-element elementor-element-c7e8ede elementor-widget elementor-widget-eael-breadcrumbs\" data-id=\"c7e8ede\" data-element_type=\"widget\" data-widget_type=\"eael-breadcrumbs.default\">\n\t\t\t\t<div class=\"elementor-widget-container\">\n\t\t\t\t\t\t\t<div class=\"eael-breadcrumbs\">\n\t\t\t<div class=\"eael-breadcrumbs__content\"><a href=\"https:\/\/fcquna.edu.py\/v3\">Home<\/a> <span class=\"eael-breadcrumb-separator\">\/<\/span> <span class = \"eael-current\">Page<\/span><\/div>\t\t<\/div>\n\t\t\t\t\t\t<\/div>\n\t\t\t\t<\/div>\n\t\t\t\t\t<\/div>\n\t\t\t\t<\/div>\n\t\t<div class=\"elementor-element elementor-element-2af4904 e-flex e-con-boxed e-con e-parent\" data-id=\"2af4904\" data-element_type=\"container\" data-settings=\"{&quot;jet_parallax_layout_list&quot;:[]}\">\n\t\t\t\t\t<div class=\"e-con-inner\">\n\t\t\t\t<div class=\"elementor-element elementor-element-f7c505a elementor-widget elementor-widget-heading\" data-id=\"f7c505a\" data-element_type=\"widget\" data-widget_type=\"heading.default\">\n\t\t\t\t\t<h2 class=\"elementor-heading-title elementor-size-default\">Protocolo de Buen Gobierno<\/h2>\t\t\t\t<\/div>\n\t\t\t\t\t<\/div>\n\t\t\t\t<\/div>\n\t\t<div class=\"elementor-element elementor-element-1ea0427 e-flex e-con-boxed e-con e-parent\" data-id=\"1ea0427\" data-element_type=\"container\" data-settings=\"{&quot;jet_parallax_layout_list&quot;:[]}\">\n\t\t\t\t\t<div class=\"e-con-inner\">\n\t\t\t\t<div class=\"elementor-element elementor-element-3f6a7ac elementor-widget elementor-widget-text-editor\" data-id=\"3f6a7ac\" data-element_type=\"widget\" data-widget_type=\"text-editor.default\">\n\t\t\t\t\t\t\t\t\t<table width=\"982\"><tbody><tr><td colspan=\"2\" width=\"982\"><strong>3. Protocolo de Buen Gobierno<\/strong><\/td><\/tr><tr><td colspan=\"2\"><a href=\"https:\/\/www.qui.una.py\/v2\/wp-content\/uploads\/Resolucion-No-9060-2025_-Actualizacion-Codigo-de-Buen-Gobierno-.pdf\">Acta N\u00b0 1380\/2025 fecha 16\/12\/2025 Resoluci\u00f3n N\u00ba 9060-00-2025<\/a><\/td><\/tr><tr><td colspan=\"2\" width=\"982\">Por la cual se actualiza el C\u00f3digo de Buen Gobierno Versi\u00f3n N\u00ba 7 de la Facultad de Ciencias Qu\u00edmicas \u2013 UNA<\/td><\/tr><tr><td colspan=\"2\" width=\"982\"><a href=\"https:\/\/www.qui.una.py\/v2\/wp-content\/uploads\/Resolucion-No-8828-2025-_Codigo-de-Buen-Gobierno.pdf\">Acta N\u00b0 1361\/2025 fecha 18\/03\/2025\u00a0Resoluci\u00f3n 8828-00-2025<\/a><\/td><\/tr><tr><td colspan=\"2\" width=\"982\">Por la cual se actualiza el C\u00f3digo de Buen Gobierno de la Facultad de Ciencias Qu\u00edmicas \u2013 UNA<\/td><\/tr><tr><td colspan=\"2\" width=\"982\"><a href=\"https:\/\/www.qui.una.py\/v2\/wp-content\/uploads\/Codigo-de-Buen-Gobierno-FCQ-UNA-2024.pdf\">Acta N\u00b0 1333\u00a0 Fecha: 13\/02\/2024 Resoluci\u00f3n 8514 \u2013 00 -2024<\/a><\/td><\/tr><tr><td colspan=\"2\" width=\"982\">Por la cual se actualiza el C\u00f3digo de Buen Gobierno de la Facultad de Ciencias Qu\u00edmicas \u2013 UNA<\/td><\/tr><tr><td colspan=\"2\" width=\"982\"><a href=\"https:\/\/www.qui.una.py\/v2\/wp-content\/uploads\/codigo-de-buen-gobierno-2022.pdf\">Acta N\u00b0 1298\u00a0 Fecha: 23\/08\/2022 Resoluci\u00f3n 8103 \u2013 00 -2022<\/a><\/td><\/tr><tr><td colspan=\"2\" width=\"982\">Por la cual se actualiza el C\u00f3digo de Buen Gobierno de la Facultad de Ciencias Qu\u00edmicas \u2013 UNA<\/td><\/tr><tr><td colspan=\"2\" width=\"982\"><a href=\"https:\/\/www.qui.una.py\/v2\/wp-content\/uploads\/Resolucion-7595-reat-de-politicas-de-control-interno-y-aprob-cod-buen-gobierno-1.pdf\">Acta N\u00b0 1262 fecha: 23\/03\/2021\u00a0Resoluci\u00f3n 7595\/2021<\/a><\/td><\/tr><tr><td colspan=\"2\" width=\"982\">Por la cual se aprueba el C\u00f3digo de Buen Gobierno de la Facultad de Ciencias Qu\u00edmicas\u2013 UNA<\/td><\/tr><tr><td colspan=\"2\" width=\"982\"><a href=\"https:\/\/www.qui.una.py\/v2\/wp-content\/uploads\/resol_7299_2020_-codigo_buen-gobierno-2.pdf\">Resoluci\u00f3n N\u00b0 7299\/2020 fecha: 16\/06\/2020<\/a><\/td><\/tr><tr><td colspan=\"2\" width=\"982\">Por la cual se aprueba el C\u00f3digo de Buen Gobierno Institucional.<\/td><\/tr><tr><td colspan=\"2\" width=\"982\"><a href=\"https:\/\/www.qui.una.py\/v2\/wp-content\/uploads\/codigo-de-buen-gobierno-2013.pdf\">Acta N\u00b0 1059 Resoluci\u00f3n\u00a0 N\u00b0 5404\/2013 fecha: 17\/10\/2013<\/a><\/td><\/tr><tr><td colspan=\"2\" width=\"982\">Por la cual se aprueba el C\u00f3digo de Buen Gobierno de la Facultad de Ciencias Qu\u00edmicas \u2013 UNA<\/td><\/tr><tr><td colspan=\"2\" width=\"982\">\u00a0<\/td><\/tr><tr><td colspan=\"2\" width=\"982\"><strong>3.1. Comit\u00e9 de Buen Gobierno<\/strong><\/td><\/tr><tr><td colspan=\"2\" width=\"982\">Resoluci\u00f3n N\u00b0 1098\/2025 fecha: 14\/07\/2025<\/td><\/tr><tr><td colspan=\"2\" width=\"982\">Por la cual se actualiza el Comit\u00e9 de Buen Gobierno de la Facultad de Ciencias Qu\u00edmicas\u2013 UNA<\/td><\/tr><tr><td colspan=\"2\" width=\"982\"><a href=\"https:\/\/www.qui.una.py\/v2\/wp-content\/uploads\/Resolucion-1760-2024-designacion-de-los-nuevos-miembros-del-CCI-y-CBG-1.pdf\">Resoluci\u00f3n N\u00b0 1760\/2024 fecha 04\/12\/2024<\/a><\/td><\/tr><tr><td colspan=\"2\" width=\"982\"><a href=\"https:\/\/www.qui.una.py\/v2\/wp-content\/uploads\/Resolucion-1760-2024-designacion-de-los-nuevos-miembros-del-CCI-y-CBG-1.pdf\">Por la cual se ratifica la designaci\u00f3n de la responsable del MECIP ante la M\u00e1xima Autoridad de la Instituci\u00f3n, y se actualizan y ratifican las conformaciones de Comit\u00e9s y Equipos en la Facultad de Ciencias Qu\u00edmicas \u2013 UNA<\/a><\/td><\/tr><tr><td colspan=\"2\" width=\"982\"><a href=\"https:\/\/www.qui.una.py\/v2\/wp-content\/uploads\/Res.-No-0264-2024-Actualizacion-de-Comites-y-Equipos-de-la-FCQ-2024-3.pdf\">Resoluci\u00f3n N\u00b0 0264\/2024 fecha 02\/04\/2024<\/a><\/td><\/tr><tr><td colspan=\"2\" width=\"982\">Por la cual se ratifica la designaci\u00f3n de la responsable del MECIP ante la M\u00e1xima Autoridad de la Instituci\u00f3n, y se actualizan y ratifican las conformaciones de Comit\u00e9s y Equipos en la Facultad de Ciencias Qu\u00edmicas \u2013 UNA<\/td><\/tr><tr><td colspan=\"2\" width=\"982\"><a href=\"https:\/\/www.qui.una.py\/v2\/wp-content\/uploads\/res-1436-desig-de-comites-2022-3.pdf\">Resoluci\u00f3n N\u00b0 1436\/2022 fecha:30\/11\/2022<\/a><\/td><\/tr><tr><td colspan=\"2\" width=\"982\">Por la cual se ratifica la designaci\u00f3n de la responsable del Mecip ante la m\u00e1xima autoridad de la Instituci\u00f3n y se actualiza la n\u00f3mina de integrantes del Comit\u00e9 del Control Interno, el Equipo\u00a0 Mecip, el Equipo Evaluador del Sistema de Control interno del Mecip, el Comit\u00e9 de \u00c9tica Institucional, el Comit\u00e9 de Buen Gobierno, el Equipo de Alto desempe\u00f1o (en \u00c9tica) y se definen sus roles y responsabilidades en la Facultad de Ciencias Qu\u00edmicas \u2013\u00a0 UNA<\/td><\/tr><tr><td colspan=\"2\" width=\"982\"><a href=\"https:\/\/www.qui.una.py\/v2\/wp-content\/uploads\/resol-1558-2021-comite-buen-gobierno.pdf\">Resoluci\u00f3n N\u00b0 1558\/2021 fecha: 23\/11\/2021<\/a><\/td><\/tr><tr><td colspan=\"2\" width=\"982\">Por la cual se restructura la conformaci\u00f3n del Comit\u00e9 de Buen Gobierno de la Facultad de Ciencias Qu\u00edmicas\u2013 UNA<\/td><\/tr><tr><td colspan=\"2\" width=\"982\"><a href=\"https:\/\/www.qui.una.py\/v2\/wp-content\/uploads\/reestructura-del-comite-de-buen-gobierno.pdf\">Resoluci\u00f3n 0374\/2021 fecha: 30\/04\/2021<\/a><\/td><\/tr><tr><td colspan=\"2\" width=\"982\">Por la cual se restructura la conformaci\u00f3n del\u00a0 Comit\u00e9 de Buen Gobierno de la Facultad de Ciencias Qu\u00edmicas \u2013 UNA<\/td><\/tr><tr><td colspan=\"2\" width=\"982\"><a href=\"https:\/\/www.qui.una.py\/v2\/wp-content\/uploads\/res_0150-ratf-de-comit-de-buen-gobierno.pdf\">Resoluci\u00f3n 0150\/2021 Fecha 15\/03\/2021<\/a><\/td><\/tr><tr><td colspan=\"2\" width=\"982\">Por la cual se ratifica la conformaci\u00f3n y Estructura del Comit\u00e9 de Buen Gobierno Institucional<\/td><\/tr><tr><td colspan=\"2\"><a href=\"https:\/\/www.qui.una.py\/v2\/wp-content\/uploads\/reestructura_cbg_2019.pdf\">Resoluci\u00f3n N\u00b0 817\/2019 fecha: 28\/06\/2019<\/a><\/td><\/tr><tr><td colspan=\"2\" width=\"982\">Por la cual se aprueba reestructura del Comit\u00e9 de Buen Gobierno Institucional<\/td><\/tr><\/tbody><\/table>\t\t\t\t\t\t\t\t<\/div>\n\t\t\t\t\t<\/div>\n\t\t\t\t<\/div>\n\t\t\t\t<\/div>\n\t\t","protected":false},"excerpt":{"rendered":"<p>Home \/ Page Protocolo de Buen Gobierno 3. Protocolo de Buen Gobierno Acta N\u00b0 1380\/2025 fecha 16\/12\/2025 Resoluci\u00f3n N\u00ba 9060-00-2025 Por la cual se actualiza el C\u00f3digo de Buen Gobierno Versi\u00f3n N\u00ba 7 de la Facultad de Ciencias Qu\u00edmicas \u2013 UNA Acta N\u00b0 1361\/2025 fecha 18\/03\/2025\u00a0Resoluci\u00f3n 8828-00-2025 Por la cual se actualiza el C\u00f3digo de [&hellip;]<\/p>\n","protected":false},"author":1,"featured_media":0,"parent":45547,"menu_order":0,"comment_status":"closed","ping_status":"closed","template":"elementor_header_footer","meta":{"footnotes":""},"class_list":["post-48106","page","type-page","status-publish","hentry"],"_links":{"self":[{"href":"https:\/\/fcquna.edu.py\/v3\/wp-json\/wp\/v2\/pages\/48106","targetHints":{"allow":["GET"]}}],"collection":[{"href":"https:\/\/fcquna.edu.py\/v3\/wp-json\/wp\/v2\/pages"}],"about":[{"href":"https:\/\/fcquna.edu.py\/v3\/wp-json\/wp\/v2\/types\/page"}],"author":[{"embeddable":true,"href":"https:\/\/fcquna.edu.py\/v3\/wp-json\/wp\/v2\/users\/1"}],"replies":[{"embeddable":true,"href":"https:\/\/fcquna.edu.py\/v3\/wp-json\/wp\/v2\/comments?post=48106"}],"version-history":[{"count":4,"href":"https:\/\/fcquna.edu.py\/v3\/wp-json\/wp\/v2\/pages\/48106\/revisions"}],"predecessor-version":[{"id":48111,"href":"https:\/\/fcquna.edu.py\/v3\/wp-json\/wp\/v2\/pages\/48106\/revisions\/48111"}],"up":[{"embeddable":true,"href":"https:\/\/fcquna.edu.py\/v3\/wp-json\/wp\/v2\/pages\/45547"}],"wp:attachment":[{"href":"https:\/\/fcquna.edu.py\/v3\/wp-json\/wp\/v2\/media?parent=48106"}],"curies":[{"name":"wp","href":"https:\/\/api.w.org\/{rel}","templated":true}]}}