{"id":48075,"date":"2026-02-05T17:35:09","date_gmt":"2026-02-05T17:35:09","guid":{"rendered":"https:\/\/fcquna.edu.py\/v3\/?page_id=48075"},"modified":"2026-02-05T18:03:13","modified_gmt":"2026-02-05T18:03:13","slug":"acuerdos-y-compromisos-eticos","status":"publish","type":"page","link":"https:\/\/fcquna.edu.py\/v3\/mecip\/acuerdos-y-compromisos-eticos\/","title":{"rendered":"Acuerdos y Compromisos Eticos"},"content":{"rendered":"\t\t<div data-elementor-type=\"wp-page\" data-elementor-id=\"48075\" class=\"elementor elementor-48075\" data-elementor-post-type=\"page\">\n\t\t\t\t<div class=\"elementor-element elementor-element-31561d8 e-flex e-con-boxed e-con e-parent\" data-id=\"31561d8\" data-element_type=\"container\" data-settings=\"{&quot;jet_parallax_layout_list&quot;:[]}\">\n\t\t\t\t\t<div class=\"e-con-inner\">\n\t\t\t\t<div class=\"elementor-element elementor-element-c7e8ede elementor-widget elementor-widget-eael-breadcrumbs\" data-id=\"c7e8ede\" data-element_type=\"widget\" data-widget_type=\"eael-breadcrumbs.default\">\n\t\t\t\t<div class=\"elementor-widget-container\">\n\t\t\t\t\t\t\t<div class=\"eael-breadcrumbs\">\n\t\t\t<div class=\"eael-breadcrumbs__content\"><a href=\"https:\/\/fcquna.edu.py\/v3\">Home<\/a> <span class=\"eael-breadcrumb-separator\">\/<\/span> <span class = \"eael-current\">Page<\/span><\/div>\t\t<\/div>\n\t\t\t\t\t\t<\/div>\n\t\t\t\t<\/div>\n\t\t\t\t\t<\/div>\n\t\t\t\t<\/div>\n\t\t<div class=\"elementor-element elementor-element-2af4904 e-flex e-con-boxed e-con e-parent\" data-id=\"2af4904\" data-element_type=\"container\" data-settings=\"{&quot;jet_parallax_layout_list&quot;:[]}\">\n\t\t\t\t\t<div class=\"e-con-inner\">\n\t\t\t\t<div class=\"elementor-element elementor-element-f7c505a elementor-widget elementor-widget-heading\" data-id=\"f7c505a\" data-element_type=\"widget\" data-widget_type=\"heading.default\">\n\t\t\t\t\t<h2 class=\"elementor-heading-title elementor-size-default\">Acuerdos y Compromisos \u00c9ticos<\/h2>\t\t\t\t<\/div>\n\t\t\t\t\t<\/div>\n\t\t\t\t<\/div>\n\t\t<div class=\"elementor-element elementor-element-1ea0427 e-flex e-con-boxed e-con e-parent\" data-id=\"1ea0427\" data-element_type=\"container\" data-settings=\"{&quot;jet_parallax_layout_list&quot;:[]}\">\n\t\t\t\t\t<div class=\"e-con-inner\">\n\t\t\t\t<div class=\"elementor-element elementor-element-3f6a7ac elementor-widget elementor-widget-text-editor\" data-id=\"3f6a7ac\" data-element_type=\"widget\" data-widget_type=\"text-editor.default\">\n\t\t\t\t\t\t\t\t\t<table width=\"982\"><tbody><tr><td colspan=\"2\" width=\"982\"><strong>2.\u00a0 Acuerdos y Compromisos \u00c9ticos<\/strong><\/td><\/tr><tr><td colspan=\"2\" width=\"982\"><strong>\u00a02.1. Acuerdos y Compromisos<\/strong><\/td><\/tr><tr><td colspan=\"2\" width=\"982\"><a href=\"https:\/\/www.qui.una.py\/v2\/wp-content\/uploads\/AyCE-_Dependencias-de-la-FCQ-2025-.pdf\">Acuerdos y Compromisos \u00c9ticos 2025<\/a><\/td><\/tr><tr><td colspan=\"2\" width=\"982\"><a href=\"https:\/\/www.qui.una.py\/v2\/wp-content\/uploads\/Acuerdos-y-Compromisos-Eticos-por-Dependencias-2024.pdf\">Acuerdos y Compromisos \u00c9ticos 2024<\/a><\/td><\/tr><tr><td colspan=\"2\" width=\"982\"><a href=\"https:\/\/www.qui.una.py\/v2\/wp-content\/uploads\/Acuerdos-y-Compromisos-Eticos.pdf\">Acuerdos y Compromisos \u00c9ticos 2023<\/a><\/td><\/tr><tr><td colspan=\"2\" width=\"982\"><a href=\"https:\/\/www.qui.una.py\/v2\/wp-content\/uploads\/acuerdos-y-compromisos-eticos-2022-.pdf\">Acuerdos y Compromisos \u00c9ticos 2022<\/a><\/td><\/tr><tr><td colspan=\"2\" width=\"982\"><a href=\"https:\/\/www.qui.una.py\/v2\/wp-content\/uploads\/acuerdos-y-compromisos-eticos-2021.pdf\">Acuerdos y Compromisos \u00c9ticos 2021<\/a><\/td><\/tr><tr><td colspan=\"2\" width=\"982\">\u00a0<\/td><\/tr><tr><td colspan=\"2\" width=\"982\"><strong>2.2. C\u00f3digo de \u00c9tica<\/strong><\/td><\/tr><tr><td colspan=\"2\" width=\"982\"><a href=\"https:\/\/www.qui.una.py\/v2\/wp-content\/uploads\/Resolucion-No-9059-2025_-Actualizacion-Codigo-de-Etica-.pdf\">Acta N\u00b0 1380\/2025 Fecha: 16\/12\/2025 Resoluci\u00f3n N\u00ba 9059-00-2025<\/a><\/td><\/tr><tr><td colspan=\"2\" width=\"982\">Por la cual se aprueba la actualizaci\u00f3n del\u00a0C\u00f3digo de \u00cbtica\u00a0Versi\u00f3n N\u00ba 5 de la Facultad de Ciencias Qu\u00edmicas \u2013 UNA<\/td><\/tr><tr><td colspan=\"2\" width=\"982\"><a href=\"https:\/\/www.qui.una.py\/v2\/wp-content\/uploads\/Acta-1352-Resolucion-8740-2024-Codigo-de-Etica-_-Anexos.pdf\">Acta N\u00b0 1352\/2024 Fecha: 19\/11\/2024 Resoluci\u00f3n 8740-00-2024<\/a><\/td><\/tr><tr><td colspan=\"2\" width=\"982\">Por la cual se aprueba la actualizaci\u00f3n del C\u00f3digo de \u00c9tica de la Facultad de Ciencias Qu\u00edmicas \u2013 UNA<\/td><\/tr><tr><td colspan=\"2\" width=\"982\"><a href=\"https:\/\/www.qui.una.py\/v2\/wp-content\/uploads\/Codigo_de_Etica_2023.pdf\">Acta N\u00b0 1316\u00a0 \u00a0Fecha: 30\/05\/2023\u00a0 \u00a0Resoluci\u00f3n 8332-00-2023<\/a><\/td><\/tr><tr><td colspan=\"2\" width=\"982\">Por la cual se aprueba la actualizaci\u00f3n del C\u00f3digo de \u00c9tica de la Facultad de Ciencias Qu\u00edmicas \u2013 UNA<\/td><\/tr><tr><td colspan=\"2\" width=\"982\"><a href=\"https:\/\/www.qui.una.py\/v2\/wp-content\/uploads\/doc0054002023032312001.pdf\">Acta N\u00b0 1295 fecha 05\/07\/2022 Resoluci\u00f3n N\u00b0 8038-00-2022<\/a><\/td><\/tr><tr><td colspan=\"2\" width=\"982\">Por la cual se aprueba la actualizaci\u00f3n del C\u00f3digo de \u00c9tica de la Facultad de Ciencias Qu\u00edmicas \u2013 UNA<\/td><\/tr><tr><td colspan=\"2\" width=\"982\"><a href=\"https:\/\/www.qui.una.py\/v2\/wp-content\/uploads\/resolucion-ratific-cod-de-etica-2021.pdf\">Acta 1260 fecha 23\/02\/2021 Resoluci\u00f3n 7573\/2021<\/a><\/td><\/tr><tr><td colspan=\"2\" width=\"982\">Por la cual se ratifica el C\u00f3digo de \u00c9tica de la Facultad de Ciencias Qu\u00edmicas \u2013 UNA<\/td><\/tr><tr><td colspan=\"2\" width=\"982\"><a href=\"https:\/\/www.qui.una.py\/v2\/wp-content\/uploads\/Codigo-de-etica-2019.pdf\">Resoluci\u00f3n\u00a0N\u00b0 7080\/2019 fecha: 12\/11\/2019<\/a><\/td><\/tr><tr><td colspan=\"2\" width=\"982\">Por la cual se aprueba el C\u00f3digo de \u00c9tica de la Facultad de Ciencias Qu\u00edmicas- UNA<\/td><\/tr><tr><td colspan=\"2\" width=\"982\"><a href=\"https:\/\/www.qui.una.py\/v2\/wp-content\/uploads\/codigo-de-etica-2010.pdf\">Acta N\u00b0 979\u00a0 Fecha: 26\/08\/2010\u00a0 Resoluci\u00f3n 4832-00- 2010<\/a><\/td><\/tr><tr><td colspan=\"2\" width=\"982\">Por la cual se aprueba el Manual de C\u00f3digo de \u00c9tica de la Facultad de Qu\u00edmicas \u2013 UNA<\/td><\/tr><tr><td colspan=\"2\" width=\"982\">\u00a0<\/td><\/tr><tr><td colspan=\"2\" width=\"982\"><strong>2. 3. Comit\u00e9 de \u00c9tica<\/strong><\/td><\/tr><tr><td colspan=\"2\" width=\"982\">Resoluci\u00f3n N\u00b0 1098\/2025 fecha: 14\/07\/2025<\/td><\/tr><tr><td colspan=\"2\" width=\"982\">Por la cual se actualiza el Comit\u00e9 de \u00c9tica Institucional de la Facultad de Ciencias Qu\u00edmicas\u2013 UNA<\/td><\/tr><tr><td colspan=\"2\" width=\"982\"><a href=\"https:\/\/www.qui.una.py\/v2\/wp-content\/uploads\/Res.-0598-2024-Comite-de-Etica-de-Investigacion.pdf\">Resoluci\u00f3n N\u00b0 0598\/2024 fecha 25\/06\/2024<\/a><\/td><\/tr><tr><td colspan=\"2\" width=\"982\">Por la cual se designan a los miembros del Comit\u00e9 de \u00c9tica de Investigaci\u00f3n de la Facultad de Ciencias Qu\u00edmicas \u2013 UNA<\/td><\/tr><tr><td colspan=\"2\" width=\"982\"><a href=\"https:\/\/www.qui.una.py\/v2\/wp-content\/uploads\/Res.-No-0264-2024-Actualizacion-de-Comites-y-Equipos-de-la-FCQ-2024-2.pdf\">Resoluci\u00f3n N\u00b0 0264\/2024 fecha 02\/04\/2024<\/a><\/td><\/tr><tr><td colspan=\"2\" width=\"982\">Por la cual se ratifica la designaci\u00f3n de la responsable del MECIP ante la M\u00e1xima Autoridad de la Instituci\u00f3n, y se actualizan y ratifican las conformaciones de Comit\u00e9s y Equipos en la Facultad de Ciencias Qu\u00edmicas \u2013 UNA<\/td><\/tr><tr><td colspan=\"2\" width=\"982\"><a href=\"https:\/\/www.qui.una.py\/v2\/wp-content\/uploads\/Resolucion-Na-599-actualizacion-comite-etica-2023.pdf\">Resoluci\u00f3n\u00a0 N\u00ba599\/2023 Fecha: 13\/07\/2023<\/a><\/td><\/tr><tr><td colspan=\"2\" width=\"982\">Por la cual se actualiza el Comit\u00e9 de \u00c9tica Institucional de la Facultad de Ciencias Qu\u00edmicas . UNA<\/td><\/tr><tr><td colspan=\"2\" width=\"982\"><a href=\"https:\/\/www.qui.una.py\/v2\/wp-content\/uploads\/actualizac-de-comit-de-etic-de-investig-2022.pdf\">Resoluci\u00f3n 0632\/2022 Fecha: 26\/07\/2022\u00a0<\/a><\/td><\/tr><tr><td colspan=\"2\" width=\"982\">Por la cual se actualiza la conformaci\u00f3n del Comit\u00e9 de \u00c9tica de Investigaci\u00f3n de la Facultad de Ciencias Qu\u00edmicas \u2013 UNA<\/td><\/tr><tr><td colspan=\"2\" width=\"982\"><a href=\"https:\/\/www.qui.una.py\/v2\/wp-content\/uploads\/reglamento-etica-investigac.pdf\">Acta N\u00b0 1291\u00a0 \u00a0Fecha: 10\/05\/2022\u00a0 Resoluci\u00f3n 8001-00- 2022<\/a><\/td><\/tr><tr><td colspan=\"2\" width=\"982\">Por la cual se aprueba la actualizaci\u00f3n del reglamento Interno del Comit\u00e9 de \u00c9tica de Investigaci\u00f3n de la Facultad de Ciencias Qu\u00edmicas \u2013 UNA<\/td><\/tr><tr><td colspan=\"2\" width=\"982\"><a href=\"https:\/\/www.qui.una.py\/v2\/wp-content\/uploads\/res_0147-ratificac-de-comite-de-etica.pdf\">Resoluci\u00f3n 0147\/2021 Fecha 15\/03\/2021<\/a><\/td><\/tr><tr><td colspan=\"2\" width=\"982\">Por la cual se ratifica la conformaci\u00f3n y Estructura del Comit\u00e9 de \u00c9tica Institucional<\/td><\/tr><tr><td colspan=\"2\" width=\"982\"><a href=\"https:\/\/www.qui.una.py\/v2\/wp-content\/uploads\/res_0148-ratif-alto-desempeno-etica.pdf\">Resoluci\u00f3n 0148\/2021 Fecha 15\/03\/2021<\/a><\/td><\/tr><tr><td colspan=\"2\" width=\"982\">Por la cual se ratifica la conformaci\u00f3n y Estructura del equipo de\u00a0 Alto\u00a0 Desempe\u00f1o de \u00c9tica Institucional<\/td><\/tr><tr><td colspan=\"2\" width=\"982\"><a href=\"https:\/\/www.qui.una.py\/v2\/wp-content\/uploads\/REESTRUCTURA-DEL-COMITE-DE-ETICA-28-06-2019-RESOL-816-19.pdf\">Resoluci\u00f3n N\u00b0 816\/2019 fecha: 28\/06\/2019<\/a><\/td><\/tr><tr><td colspan=\"2\" width=\"982\">Por la cual se aprueba reestructura del Comit\u00e9 de \u00c9tica Institucional<\/td><\/tr><tr><td colspan=\"2\" width=\"982\"><a href=\"https:\/\/www.qui.una.py\/v2\/wp-content\/uploads\/Reglamento-del-Comite-de-Etica-2015.pdf\">Acta N\u00b0 1113\u00a0 Fecha: 23\/09\/2015 Resoluci\u00f3n 5913-00- 2015<\/a><\/td><\/tr><tr><td colspan=\"2\" width=\"982\">Por la cual se modifica el reglamento del Comit\u00e9 de \u00c9tica Institucional de la Facultad de Ciencias Qu\u00edmicas \u2013 UNA<\/td><\/tr><tr><td colspan=\"2\" width=\"982\"><a href=\"https:\/\/www.qui.una.py\/v2\/wp-content\/uploads\/propiedad_intelectual.pdf\">Resoluci\u00f3n N\u00b0 150\/2013 fecha: 17\/04\/2013<\/a><\/td><\/tr><tr><td colspan=\"2\" width=\"982\">Por la cual se aprueba el reglamento de propiedad intelectual de la Universidad Nacional de Asunci\u00f3n.<\/td><\/tr><\/tbody><\/table>\t\t\t\t\t\t\t\t<\/div>\n\t\t\t\t\t<\/div>\n\t\t\t\t<\/div>\n\t\t\t\t<\/div>\n\t\t","protected":false},"excerpt":{"rendered":"<p>Home \/ Page Acuerdos y Compromisos \u00c9ticos 2.\u00a0 Acuerdos y Compromisos \u00c9ticos \u00a02.1. Acuerdos y Compromisos Acuerdos y Compromisos \u00c9ticos 2025 Acuerdos y Compromisos \u00c9ticos 2024 Acuerdos y Compromisos \u00c9ticos 2023 Acuerdos y Compromisos \u00c9ticos 2022 Acuerdos y Compromisos \u00c9ticos 2021 \u00a0 2.2. C\u00f3digo de \u00c9tica Acta N\u00b0 1380\/2025 Fecha: 16\/12\/2025 Resoluci\u00f3n N\u00ba 9059-00-2025 Por [&hellip;]<\/p>\n","protected":false},"author":1,"featured_media":0,"parent":45547,"menu_order":0,"comment_status":"closed","ping_status":"closed","template":"elementor_header_footer","meta":{"footnotes":""},"class_list":["post-48075","page","type-page","status-publish","hentry"],"_links":{"self":[{"href":"https:\/\/fcquna.edu.py\/v3\/wp-json\/wp\/v2\/pages\/48075","targetHints":{"allow":["GET"]}}],"collection":[{"href":"https:\/\/fcquna.edu.py\/v3\/wp-json\/wp\/v2\/pages"}],"about":[{"href":"https:\/\/fcquna.edu.py\/v3\/wp-json\/wp\/v2\/types\/page"}],"author":[{"embeddable":true,"href":"https:\/\/fcquna.edu.py\/v3\/wp-json\/wp\/v2\/users\/1"}],"replies":[{"embeddable":true,"href":"https:\/\/fcquna.edu.py\/v3\/wp-json\/wp\/v2\/comments?post=48075"}],"version-history":[{"count":7,"href":"https:\/\/fcquna.edu.py\/v3\/wp-json\/wp\/v2\/pages\/48075\/revisions"}],"predecessor-version":[{"id":48105,"href":"https:\/\/fcquna.edu.py\/v3\/wp-json\/wp\/v2\/pages\/48075\/revisions\/48105"}],"up":[{"embeddable":true,"href":"https:\/\/fcquna.edu.py\/v3\/wp-json\/wp\/v2\/pages\/45547"}],"wp:attachment":[{"href":"https:\/\/fcquna.edu.py\/v3\/wp-json\/wp\/v2\/media?parent=48075"}],"curies":[{"name":"wp","href":"https:\/\/api.w.org\/{rel}","templated":true}]}}