{"id":48006,"date":"2026-01-30T15:21:29","date_gmt":"2026-01-30T15:21:29","guid":{"rendered":"https:\/\/fcquna.edu.py\/v3\/?page_id=48006"},"modified":"2026-02-05T17:25:11","modified_gmt":"2026-02-05T17:25:11","slug":"compromiso-de-alta-direccion","status":"publish","type":"page","link":"https:\/\/fcquna.edu.py\/v3\/mecip\/compromiso-de-alta-direccion\/","title":{"rendered":"Compromiso de alta direcci\u00f3n"},"content":{"rendered":"\t\t<div data-elementor-type=\"wp-page\" data-elementor-id=\"48006\" class=\"elementor elementor-48006\" data-elementor-post-type=\"page\">\n\t\t\t\t<div class=\"elementor-element elementor-element-31561d8 e-flex e-con-boxed e-con e-parent\" data-id=\"31561d8\" data-element_type=\"container\" data-settings=\"{&quot;jet_parallax_layout_list&quot;:[]}\">\n\t\t\t\t\t<div class=\"e-con-inner\">\n\t\t\t\t<div class=\"elementor-element elementor-element-c7e8ede elementor-widget elementor-widget-eael-breadcrumbs\" data-id=\"c7e8ede\" data-element_type=\"widget\" data-widget_type=\"eael-breadcrumbs.default\">\n\t\t\t\t<div class=\"elementor-widget-container\">\n\t\t\t\t\t\t\t<div class=\"eael-breadcrumbs\">\n\t\t\t<div class=\"eael-breadcrumbs__content\"><a href=\"https:\/\/fcquna.edu.py\/v3\">Home<\/a> <span class=\"eael-breadcrumb-separator\">\/<\/span> <span class = \"eael-current\">Page<\/span><\/div>\t\t<\/div>\n\t\t\t\t\t\t<\/div>\n\t\t\t\t<\/div>\n\t\t\t\t\t<\/div>\n\t\t\t\t<\/div>\n\t\t<div class=\"elementor-element elementor-element-2af4904 e-flex e-con-boxed e-con e-parent\" data-id=\"2af4904\" data-element_type=\"container\" data-settings=\"{&quot;jet_parallax_layout_list&quot;:[]}\">\n\t\t\t\t\t<div class=\"e-con-inner\">\n\t\t\t\t<div class=\"elementor-element elementor-element-f7c505a elementor-widget elementor-widget-heading\" data-id=\"f7c505a\" data-element_type=\"widget\" data-widget_type=\"heading.default\">\n\t\t\t\t\t<h2 class=\"elementor-heading-title elementor-size-default\">Compromiso de alta direcci\u00f3n<\/h2>\t\t\t\t<\/div>\n\t\t\t\t\t<\/div>\n\t\t\t\t<\/div>\n\t\t<div class=\"elementor-element elementor-element-cb4047d e-flex e-con-boxed e-con e-parent\" data-id=\"cb4047d\" data-element_type=\"container\" data-settings=\"{&quot;jet_parallax_layout_list&quot;:[]}\">\n\t\t\t\t\t<div class=\"e-con-inner\">\n\t\t\t\t<div class=\"elementor-element elementor-element-121aa1b elementor-widget elementor-widget-n-accordion\" data-id=\"121aa1b\" data-element_type=\"widget\" data-settings=\"{&quot;default_state&quot;:&quot;all_collapsed&quot;,&quot;max_items_expended&quot;:&quot;one&quot;,&quot;n_accordion_animation_duration&quot;:{&quot;unit&quot;:&quot;ms&quot;,&quot;size&quot;:400,&quot;sizes&quot;:[]}}\" data-widget_type=\"nested-accordion.default\">\n\t\t\t\t\t\t\t<div class=\"e-n-accordion\" aria-label=\"Accordion. Open links with Enter or Space, close with Escape, and navigate with Arrow Keys\">\n\t\t\t\t\t\t<details id=\"e-n-accordion-item-1890\" class=\"e-n-accordion-item\" >\n\t\t\t\t<summary class=\"e-n-accordion-item-title\" data-accordion-index=\"1\" tabindex=\"0\" aria-expanded=\"false\" aria-controls=\"e-n-accordion-item-1890\" >\n\t\t\t\t\t<span class='e-n-accordion-item-title-header'><div class=\"e-n-accordion-item-title-text\"> 2025 <\/div><\/span>\n\t\t\t\t\t\t\t<span class='e-n-accordion-item-title-icon'>\n\t\t\t<span class='e-opened' ><svg aria-hidden=\"true\" class=\"e-font-icon-svg e-fas-minus\" viewBox=\"0 0 448 512\" xmlns=\"http:\/\/www.w3.org\/2000\/svg\"><path d=\"M416 208H32c-17.67 0-32 14.33-32 32v32c0 17.67 14.33 32 32 32h384c17.67 0 32-14.33 32-32v-32c0-17.67-14.33-32-32-32z\"><\/path><\/svg><\/span>\n\t\t\t<span class='e-closed'><svg aria-hidden=\"true\" class=\"e-font-icon-svg e-fas-plus\" viewBox=\"0 0 448 512\" xmlns=\"http:\/\/www.w3.org\/2000\/svg\"><path d=\"M416 208H272V64c0-17.67-14.33-32-32-32h-32c-17.67 0-32 14.33-32 32v144H32c-17.67 0-32 14.33-32 32v32c0 17.67 14.33 32 32 32h144v144c0 17.67 14.33 32 32 32h32c17.67 0 32-14.33 32-32V304h144c17.67 0 32-14.33 32-32v-32c0-17.67-14.33-32-32-32z\"><\/path><\/svg><\/span>\n\t\t<\/span>\n\n\t\t\t\t\t\t<\/summary>\n\t\t\t\t<div role=\"region\" aria-labelledby=\"e-n-accordion-item-1890\" class=\"elementor-element elementor-element-131ca49 e-con-full e-flex e-con e-child\" data-id=\"131ca49\" data-element_type=\"container\" data-settings=\"{&quot;jet_parallax_layout_list&quot;:[]}\">\n\t\t<div role=\"region\" aria-labelledby=\"e-n-accordion-item-1890\" class=\"elementor-element elementor-element-2a6a4d9 e-flex e-con-boxed e-con e-child\" data-id=\"2a6a4d9\" data-element_type=\"container\" data-settings=\"{&quot;jet_parallax_layout_list&quot;:[]}\">\n\t\t\t\t\t<div class=\"e-con-inner\">\n\t\t\t\t<div class=\"elementor-element elementor-element-ec67ae4 elementor-widget elementor-widget-text-editor\" data-id=\"ec67ae4\" data-element_type=\"widget\" data-widget_type=\"text-editor.default\">\n\t\t\t\t\t\t\t\t\t<table width=\"982\">\n<tbody>\n<tr>\n<td width=\"100%\"><a href=\"https:\/\/www.qui.una.py\/v2\/wp-content\/uploads\/2025_RESOLUCION-N%C2%B0-1172_RESPONSABLES-DE-LA-UTA.pdf\">Resoluci\u00f3n N\u00aa 1172\/2025 fecha 22\/07\/2025<\/a><\/td>\n<\/tr>\n<tr>\n<td width=\"100%\">Por la cual se designan responsables, titular y suplente de la Unidad de Transparencia y Anticorrupci\u00f3n, de la Facultad de Ciencias Qu\u00edmicas \u2013 UNA<\/td>\n<\/tr>\n<tr>\n<td>Resoluci\u00f3n N\u00b0 1098\/2025\u00a0fecha: 14\/07\/2025<\/td>\n<\/tr>\n<tr>\n<td colspan=\"2\" width=\"982\">Por la cual se ratifica la designaci\u00f3n de la responsable del MECIP ante la M\u00e1xima Autoridad de la Instituci\u00f3n, y se actualizan y ratifican las conformaciones de Comit\u00e9s y Equipos en la Facultad de Ciencias Qu\u00edmicas \u2013 UNA<\/td>\n<\/tr>\n<\/tbody>\n<\/table>\t\t\t\t\t\t\t\t<\/div>\n\t\t\t\t\t<\/div>\n\t\t\t\t<\/div>\n\t\t\t\t<\/div>\n\t\t\t\t\t<\/details>\n\t\t\t\t\t\t<details id=\"e-n-accordion-item-1891\" class=\"e-n-accordion-item\" >\n\t\t\t\t<summary class=\"e-n-accordion-item-title\" data-accordion-index=\"2\" tabindex=\"-1\" aria-expanded=\"false\" aria-controls=\"e-n-accordion-item-1891\" >\n\t\t\t\t\t<span class='e-n-accordion-item-title-header'><div class=\"e-n-accordion-item-title-text\"> 2024 <\/div><\/span>\n\t\t\t\t\t\t\t<span class='e-n-accordion-item-title-icon'>\n\t\t\t<span class='e-opened' ><svg aria-hidden=\"true\" class=\"e-font-icon-svg e-fas-minus\" viewBox=\"0 0 448 512\" xmlns=\"http:\/\/www.w3.org\/2000\/svg\"><path d=\"M416 208H32c-17.67 0-32 14.33-32 32v32c0 17.67 14.33 32 32 32h384c17.67 0 32-14.33 32-32v-32c0-17.67-14.33-32-32-32z\"><\/path><\/svg><\/span>\n\t\t\t<span class='e-closed'><svg aria-hidden=\"true\" class=\"e-font-icon-svg e-fas-plus\" viewBox=\"0 0 448 512\" xmlns=\"http:\/\/www.w3.org\/2000\/svg\"><path d=\"M416 208H272V64c0-17.67-14.33-32-32-32h-32c-17.67 0-32 14.33-32 32v144H32c-17.67 0-32 14.33-32 32v32c0 17.67 14.33 32 32 32h144v144c0 17.67 14.33 32 32 32h32c17.67 0 32-14.33 32-32V304h144c17.67 0 32-14.33 32-32v-32c0-17.67-14.33-32-32-32z\"><\/path><\/svg><\/span>\n\t\t<\/span>\n\n\t\t\t\t\t\t<\/summary>\n\t\t\t\t<div role=\"region\" aria-labelledby=\"e-n-accordion-item-1891\" class=\"elementor-element elementor-element-e587484 e-con-full e-flex e-con e-child\" data-id=\"e587484\" data-element_type=\"container\" data-settings=\"{&quot;jet_parallax_layout_list&quot;:[]}\">\n\t\t<div role=\"region\" aria-labelledby=\"e-n-accordion-item-1891\" class=\"elementor-element elementor-element-e5d23f0 e-flex e-con-boxed e-con e-child\" data-id=\"e5d23f0\" data-element_type=\"container\" data-settings=\"{&quot;jet_parallax_layout_list&quot;:[]}\">\n\t\t\t\t\t<div class=\"e-con-inner\">\n\t\t\t\t<div class=\"elementor-element elementor-element-1c66dbd elementor-widget elementor-widget-text-editor\" data-id=\"1c66dbd\" data-element_type=\"widget\" data-widget_type=\"text-editor.default\">\n\t\t\t\t\t\t\t\t\t<table width=\"982\">\n<tbody>\n<tr>\n<td><a href=\"https:\/\/www.qui.una.py\/v2\/wp-content\/uploads\/Resolucion-1760-2024-designacion-de-los-nuevos-miembros-del-CCI-y-CBG-1.pdf\">Resoluci\u00f3n N\u00b0 1760\/2024 fecha 04\/12\/2024<\/a><\/td>\n\n<\/tr>\n<tr>\n<td>Por la cual se ratifica la designaci\u00f3n de la responsable del MECIP ante la M\u00e1xima Autoridad de la Instituci\u00f3n, y se actualizan y ratifican las conformaciones de Comit\u00e9s y Equipos en la Facultad de Ciencias Qu\u00edmicas \u2013 UNA<\/td>\n<\/tr>\n<tr>\n<td><a href=\"https:\/\/www.qui.una.py\/v2\/wp-content\/uploads\/Res.-No-0264-2024-Actualizacion-de-Comites-y-Equipos-de-la-FCQ-2024-1.pdf\">Resoluci\u00f3n N\u00b0 0264\/2024 fecha: 02\/04\/2024<\/a><\/td>\n\n<\/tr>\n<tr>\n<td>Por la cual se ratifica la designaci\u00f3n de la responsable del Mecip ante la m\u00e1xima autoridad de la Instituci\u00f3n \u00a0y se actualizan y ratifican las conformaciones de Comit\u00e9s\u00a0 y Equipos en la Facultad de Ciencias Qu\u00edmicas \u2013 UNA<\/td>\n<\/tr>\n<tr>\n<td><a href=\"https:\/\/www.qui.una.py\/v2\/wp-content\/uploads\/Conformacion-Cuerpo-directivo-2024.pdf\">Resoluci\u00f3n\u00a0N\u00b0 0190\/2024 fecha 13\/03\/2024<\/a><\/td>\n\n<\/tr>\n<tr>\n<td colspan=\"2\">Por la cual se actualizan la conformaci\u00f3n del Cuerpo Directivo, de la Facultad de Ciencias Qu\u00edmicas \u2013 UNA<\/td>\n<\/tr>\n<\/tbody>\n<\/table>\t\t\t\t\t\t\t\t<\/div>\n\t\t\t\t\t<\/div>\n\t\t\t\t<\/div>\n\t\t\t\t<\/div>\n\t\t\t\t\t<\/details>\n\t\t\t\t\t\t<details id=\"e-n-accordion-item-1892\" class=\"e-n-accordion-item\" >\n\t\t\t\t<summary class=\"e-n-accordion-item-title\" data-accordion-index=\"3\" tabindex=\"-1\" aria-expanded=\"false\" aria-controls=\"e-n-accordion-item-1892\" >\n\t\t\t\t\t<span class='e-n-accordion-item-title-header'><div class=\"e-n-accordion-item-title-text\"> 2023 <\/div><\/span>\n\t\t\t\t\t\t\t<span class='e-n-accordion-item-title-icon'>\n\t\t\t<span class='e-opened' ><svg aria-hidden=\"true\" class=\"e-font-icon-svg e-fas-minus\" viewBox=\"0 0 448 512\" xmlns=\"http:\/\/www.w3.org\/2000\/svg\"><path d=\"M416 208H32c-17.67 0-32 14.33-32 32v32c0 17.67 14.33 32 32 32h384c17.67 0 32-14.33 32-32v-32c0-17.67-14.33-32-32-32z\"><\/path><\/svg><\/span>\n\t\t\t<span class='e-closed'><svg aria-hidden=\"true\" class=\"e-font-icon-svg e-fas-plus\" viewBox=\"0 0 448 512\" xmlns=\"http:\/\/www.w3.org\/2000\/svg\"><path d=\"M416 208H272V64c0-17.67-14.33-32-32-32h-32c-17.67 0-32 14.33-32 32v144H32c-17.67 0-32 14.33-32 32v32c0 17.67 14.33 32 32 32h144v144c0 17.67 14.33 32 32 32h32c17.67 0 32-14.33 32-32V304h144c17.67 0 32-14.33 32-32v-32c0-17.67-14.33-32-32-32z\"><\/path><\/svg><\/span>\n\t\t<\/span>\n\n\t\t\t\t\t\t<\/summary>\n\t\t\t\t<div role=\"region\" aria-labelledby=\"e-n-accordion-item-1892\" class=\"elementor-element elementor-element-aa2eba7 e-con-full e-flex e-con e-child\" data-id=\"aa2eba7\" data-element_type=\"container\" data-settings=\"{&quot;jet_parallax_layout_list&quot;:[]}\">\n\t\t<div role=\"region\" aria-labelledby=\"e-n-accordion-item-1892\" class=\"elementor-element elementor-element-8b8de5d e-flex e-con-boxed e-con e-child\" data-id=\"8b8de5d\" data-element_type=\"container\" data-settings=\"{&quot;jet_parallax_layout_list&quot;:[]}\">\n\t\t\t\t\t<div class=\"e-con-inner\">\n\t\t\t\t<div class=\"elementor-element elementor-element-2817ef1 elementor-widget elementor-widget-text-editor\" data-id=\"2817ef1\" data-element_type=\"widget\" data-widget_type=\"text-editor.default\">\n\t\t\t\t\t\t\t\t\t<table width=\"982\"><tbody><tr><td colspan=\"2\" width=\"982\"><a href=\"https:\/\/www.qui.una.py\/v2\/wp-content\/uploads\/acta-compormiso-2023.pdf\">Acta compromiso para la Implementaci\u00f3n del Mecip \u2013 2023<\/a><\/td><\/tr><tr><td colspan=\"2\">Actualizaci\u00f3n del compromiso de las autoridades<\/td><\/tr><tr><td colspan=\"2\"><a href=\"https:\/\/www.qui.una.py\/v2\/wp-content\/uploads\/acta-compormiso-2023.pdf\">Resoluci\u00f3n N\u00b0 0046\/2023 Fecha 16\/01\/2023<\/a><\/td><\/tr><tr><td colspan=\"2\">Por la cual se actualizan la conformaci\u00f3n del cuerpo directivo de la Facultad de Ciencias Qu\u00edmicas \u2013 UNA<\/td><\/tr><\/tbody><\/table>\t\t\t\t\t\t\t\t<\/div>\n\t\t\t\t\t<\/div>\n\t\t\t\t<\/div>\n\t\t\t\t<\/div>\n\t\t\t\t\t<\/details>\n\t\t\t\t\t\t<details id=\"e-n-accordion-item-1893\" class=\"e-n-accordion-item\" >\n\t\t\t\t<summary class=\"e-n-accordion-item-title\" data-accordion-index=\"4\" tabindex=\"-1\" aria-expanded=\"false\" aria-controls=\"e-n-accordion-item-1893\" >\n\t\t\t\t\t<span class='e-n-accordion-item-title-header'><div class=\"e-n-accordion-item-title-text\"> 2022 <\/div><\/span>\n\t\t\t\t\t\t\t<span class='e-n-accordion-item-title-icon'>\n\t\t\t<span class='e-opened' ><svg aria-hidden=\"true\" class=\"e-font-icon-svg e-fas-minus\" viewBox=\"0 0 448 512\" xmlns=\"http:\/\/www.w3.org\/2000\/svg\"><path d=\"M416 208H32c-17.67 0-32 14.33-32 32v32c0 17.67 14.33 32 32 32h384c17.67 0 32-14.33 32-32v-32c0-17.67-14.33-32-32-32z\"><\/path><\/svg><\/span>\n\t\t\t<span class='e-closed'><svg aria-hidden=\"true\" class=\"e-font-icon-svg e-fas-plus\" viewBox=\"0 0 448 512\" xmlns=\"http:\/\/www.w3.org\/2000\/svg\"><path d=\"M416 208H272V64c0-17.67-14.33-32-32-32h-32c-17.67 0-32 14.33-32 32v144H32c-17.67 0-32 14.33-32 32v32c0 17.67 14.33 32 32 32h144v144c0 17.67 14.33 32 32 32h32c17.67 0 32-14.33 32-32V304h144c17.67 0 32-14.33 32-32v-32c0-17.67-14.33-32-32-32z\"><\/path><\/svg><\/span>\n\t\t<\/span>\n\n\t\t\t\t\t\t<\/summary>\n\t\t\t\t<div role=\"region\" aria-labelledby=\"e-n-accordion-item-1893\" class=\"elementor-element elementor-element-e3437d3 e-flex e-con-boxed e-con e-child\" data-id=\"e3437d3\" data-element_type=\"container\" data-settings=\"{&quot;jet_parallax_layout_list&quot;:[]}\">\n\t\t\t\t\t<div class=\"e-con-inner\">\n\t\t<div role=\"region\" aria-labelledby=\"e-n-accordion-item-1893\" class=\"elementor-element elementor-element-d3f940a e-con-full e-flex e-con e-child\" data-id=\"d3f940a\" data-element_type=\"container\" data-settings=\"{&quot;jet_parallax_layout_list&quot;:[]}\">\n\t\t\t\t<div class=\"elementor-element elementor-element-22047a8 elementor-widget elementor-widget-text-editor\" data-id=\"22047a8\" data-element_type=\"widget\" data-widget_type=\"text-editor.default\">\n\t\t\t\t\t\t\t\t\t<table width=\"982\"><tbody><tr><td colspan=\"2\" width=\"982\"><a href=\"https:\/\/www.qui.una.py\/v2\/wp-content\/uploads\/res-1436-desig-de-comites-2022-1.pdf\">Resoluci\u00f3n N\u00b0 1436\/2022 fecha:30\/11\/2022<\/a><\/td><\/tr><tr><td colspan=\"2\" width=\"982\">Por la cual se ratifica la designaci\u00f3n de la responsable del Mecip ante la m\u00e1xima autoridad \u00a0de la Instituci\u00f3n y se actualiza la n\u00f3mina de integrantes del Comit\u00e9 de Control Interno, el \u00a0Equipo\u00a0 Mecip, el Equipo Evaluador del Sistema de Control interno del Mecip, el Comit\u00e9 de \u00c9tica Institucional, el Comit\u00e9 de Buen Gobierno, el Equipo de Alto desempe\u00f1o (en \u00c9tica) y\u00a0 se definen sus roles y responsabilidades en la Facultad de Ciencias \u00a0Qu\u00edmicas \u2013 UNA\u00a0\u00a0 \u00a0 \u00a0 \u00a0 \u00a0 \u00a0<\/td><\/tr><\/tbody><\/table>\t\t\t\t\t\t\t\t<\/div>\n\t\t\t\t<\/div>\n\t\t\t\t\t<\/div>\n\t\t\t\t<\/div>\n\t\t\t\t\t<\/details>\n\t\t\t\t\t\t<details id=\"e-n-accordion-item-1894\" class=\"e-n-accordion-item\" >\n\t\t\t\t<summary class=\"e-n-accordion-item-title\" data-accordion-index=\"5\" tabindex=\"-1\" aria-expanded=\"false\" aria-controls=\"e-n-accordion-item-1894\" >\n\t\t\t\t\t<span class='e-n-accordion-item-title-header'><div class=\"e-n-accordion-item-title-text\"> 2021 <\/div><\/span>\n\t\t\t\t\t\t\t<span class='e-n-accordion-item-title-icon'>\n\t\t\t<span class='e-opened' ><svg aria-hidden=\"true\" class=\"e-font-icon-svg e-fas-minus\" viewBox=\"0 0 448 512\" xmlns=\"http:\/\/www.w3.org\/2000\/svg\"><path d=\"M416 208H32c-17.67 0-32 14.33-32 32v32c0 17.67 14.33 32 32 32h384c17.67 0 32-14.33 32-32v-32c0-17.67-14.33-32-32-32z\"><\/path><\/svg><\/span>\n\t\t\t<span class='e-closed'><svg aria-hidden=\"true\" class=\"e-font-icon-svg e-fas-plus\" viewBox=\"0 0 448 512\" xmlns=\"http:\/\/www.w3.org\/2000\/svg\"><path d=\"M416 208H272V64c0-17.67-14.33-32-32-32h-32c-17.67 0-32 14.33-32 32v144H32c-17.67 0-32 14.33-32 32v32c0 17.67 14.33 32 32 32h144v144c0 17.67 14.33 32 32 32h32c17.67 0 32-14.33 32-32V304h144c17.67 0 32-14.33 32-32v-32c0-17.67-14.33-32-32-32z\"><\/path><\/svg><\/span>\n\t\t<\/span>\n\n\t\t\t\t\t\t<\/summary>\n\t\t\t\t<div role=\"region\" aria-labelledby=\"e-n-accordion-item-1894\" class=\"elementor-element elementor-element-d5a11ad e-flex e-con-boxed e-con e-child\" data-id=\"d5a11ad\" data-element_type=\"container\" data-settings=\"{&quot;jet_parallax_layout_list&quot;:[]}\">\n\t\t\t\t\t<div class=\"e-con-inner\">\n\t\t<div role=\"region\" aria-labelledby=\"e-n-accordion-item-1894\" class=\"elementor-element elementor-element-6894fa2 e-con-full e-flex e-con e-child\" data-id=\"6894fa2\" data-element_type=\"container\" data-settings=\"{&quot;jet_parallax_layout_list&quot;:[]}\">\n\t\t\t\t<div class=\"elementor-element elementor-element-ff487e6 elementor-widget elementor-widget-text-editor\" data-id=\"ff487e6\" data-element_type=\"widget\" data-widget_type=\"text-editor.default\">\n\t\t\t\t\t\t\t\t\t<table width=\"982\"><tbody><tr><td colspan=\"2\" width=\"982\"><a href=\"https:\/\/www.qui.una.py\/v2\/wp-content\/uploads\/resol-1436-2021-equip-mecip.pdf\">Resoluci\u00f3n 1436\/2021 Fecha 22\/10\/2021<\/a><\/td><\/tr><tr><td colspan=\"2\" width=\"982\">Por la cual se ratifica la designaci\u00f3n de la responsable del Mecip ante la M\u00e1xima\u00a0Autoridad de la Instituci\u00f3n, la n\u00f3mina de integrantes del Comit\u00e9\u00a0de Control Interno, el Equipo Mecip y el Equipo Evaluador<\/td><\/tr><tr><td colspan=\"2\"><a href=\"https:\/\/www.qui.una.py\/v2\/wp-content\/uploads\/proclamacion-Decana-y-vicedecana-2021.pdf\">Resoluci\u00f3n 1420\/2021\u00a0 Fecha 20\/08\/2021<\/a><\/td><\/tr><tr><td colspan=\"2\" width=\"982\">Por la cual se proclama a la Prof. Lic. Cynthia Susana Saucedo de Shupmann como Decana y a la Prof. Dra. Olga Maciel como Vicedecana de la Facultad de Ciencias Qu\u00edmicas \u2013 UNA<\/td><\/tr><tr><td colspan=\"2\"><a href=\"https:\/\/www.qui.una.py\/v2\/wp-content\/uploads\/resol_0725-act-equipo-mecip.pdf\">Resoluci\u00f3n 0725\/2021 Fecha: 28\/06\/2021<\/a><\/td><\/tr><tr><td colspan=\"2\" width=\"982\"><a href=\"https:\/\/www.qui.una.py\/v2\/wp-content\/uploads\/confirmacion-de-cargos-de-directores-2021.pdf\">Por la cual se actualiza la conformaci\u00f3n del equipo MECIP y del equipo Evaluador del MECIP de la Facultad de\u00a0Ciencias\u00a0 Qu\u00edmicas \u2013 UNA<\/a><\/td><\/tr><tr><td colspan=\"2\"><a href=\"https:\/\/www.qui.una.py\/v2\/wp-content\/uploads\/confirmacion-de-cargos-de-directores-2021.pdf\">Resoluci\u00f3n 0184\/2021 fecha: 24\/03\/2021<\/a><\/td><\/tr><tr><td colspan=\"2\">Por la cual se conforman en el cargo a los Directores de la Facultad de Ciencias Qu\u00edmicas \u2013 UNA<\/td><\/tr><tr><td colspan=\"2\"><a href=\"https:\/\/www.qui.una.py\/v2\/wp-content\/uploads\/res_-0149-ratificacion-de-designacion-de-resp-MECIP.pdf\">Resoluci\u00f3n 0149\/2021 Fecha 15\/03\/2021<\/a><\/td><\/tr><tr><td colspan=\"2\" width=\"982\">Por la cual se ratifica la Designaci\u00f3n de la Responsable del MECIP ante la M\u00e1xima Autoridad de la Instituci\u00f3n, la n\u00f3mina de Integrantes del Comit\u00e9 de Control Interno,el Equipo MECIP,\u00a0 el Equipo Evaluador.<\/td><\/tr><\/tbody><\/table>\t\t\t\t\t\t\t\t<\/div>\n\t\t\t\t<\/div>\n\t\t\t\t\t<\/div>\n\t\t\t\t<\/div>\n\t\t\t\t\t<\/details>\n\t\t\t\t\t\t<details id=\"e-n-accordion-item-1895\" class=\"e-n-accordion-item\" >\n\t\t\t\t<summary class=\"e-n-accordion-item-title\" data-accordion-index=\"6\" tabindex=\"-1\" aria-expanded=\"false\" aria-controls=\"e-n-accordion-item-1895\" >\n\t\t\t\t\t<span class='e-n-accordion-item-title-header'><div class=\"e-n-accordion-item-title-text\"> 2019 <\/div><\/span>\n\t\t\t\t\t\t\t<span class='e-n-accordion-item-title-icon'>\n\t\t\t<span class='e-opened' ><svg aria-hidden=\"true\" class=\"e-font-icon-svg e-fas-minus\" viewBox=\"0 0 448 512\" xmlns=\"http:\/\/www.w3.org\/2000\/svg\"><path d=\"M416 208H32c-17.67 0-32 14.33-32 32v32c0 17.67 14.33 32 32 32h384c17.67 0 32-14.33 32-32v-32c0-17.67-14.33-32-32-32z\"><\/path><\/svg><\/span>\n\t\t\t<span class='e-closed'><svg aria-hidden=\"true\" class=\"e-font-icon-svg e-fas-plus\" viewBox=\"0 0 448 512\" xmlns=\"http:\/\/www.w3.org\/2000\/svg\"><path d=\"M416 208H272V64c0-17.67-14.33-32-32-32h-32c-17.67 0-32 14.33-32 32v144H32c-17.67 0-32 14.33-32 32v32c0 17.67 14.33 32 32 32h144v144c0 17.67 14.33 32 32 32h32c17.67 0 32-14.33 32-32V304h144c17.67 0 32-14.33 32-32v-32c0-17.67-14.33-32-32-32z\"><\/path><\/svg><\/span>\n\t\t<\/span>\n\n\t\t\t\t\t\t<\/summary>\n\t\t\t\t<div role=\"region\" aria-labelledby=\"e-n-accordion-item-1895\" class=\"elementor-element elementor-element-d057968 e-flex e-con-boxed e-con e-child\" data-id=\"d057968\" data-element_type=\"container\" data-settings=\"{&quot;jet_parallax_layout_list&quot;:[]}\">\n\t\t\t\t\t<div class=\"e-con-inner\">\n\t\t<div role=\"region\" aria-labelledby=\"e-n-accordion-item-1895\" class=\"elementor-element elementor-element-14c8c12 e-con-full e-flex e-con e-child\" data-id=\"14c8c12\" data-element_type=\"container\" data-settings=\"{&quot;jet_parallax_layout_list&quot;:[]}\">\n\t\t\t\t<div class=\"elementor-element elementor-element-26e25b4 elementor-widget elementor-widget-text-editor\" data-id=\"26e25b4\" data-element_type=\"widget\" data-widget_type=\"text-editor.default\">\n\t\t\t\t\t\t\t\t\t<table width=\"982\"><tbody><tr><td colspan=\"2\" width=\"982\"><a href=\"https:\/\/www.qui.una.py\/v2\/wp-content\/uploads\/politica_control_interno_resol_7081-2019.pdf\">Resoluci\u00f3n N\u00b0 7081\/2019 fecha: 12\/11\/2019<\/a><\/td><\/tr><tr><td colspan=\"2\">Por la cual se aprueba la Pol\u00edtica de Control Interno de la Facultad de Ciencias Qu\u00edmicas- UNA<\/td><\/tr><tr><td colspan=\"2\"><a href=\"https:\/\/www.qui.una.py\/v2\/wp-content\/uploads\/2019_Resol_ActaCompromiso_01.pdf\">Resoluci\u00f3n Acta N\u00b01 fecha: 28\/06\/2019<\/a><\/td><\/tr><tr><td colspan=\"2\">Compromiso de la m\u00e1xima autoridad a\u00f1o 2019<\/td><\/tr><tr><td colspan=\"2\"><a href=\"https:\/\/www.qui.una.py\/v2\/wp-content\/uploads\/CamScanner-29-02-2024-14.52.pdf\">Resol. 1655 Conformaci\u00f3n del Equipo Evaluador<\/a><\/td><\/tr><tr><td colspan=\"2\" width=\"982\">Por la cual se designa la Responsable del MECIP ante la M\u00e1xima Autoridad, N\u00f3mina de CCI, Equipo MECIP, Equipo Evaluador.<\/td><\/tr><\/tbody><\/table>\t\t\t\t\t\t\t\t<\/div>\n\t\t\t\t<\/div>\n\t\t\t\t\t<\/div>\n\t\t\t\t<\/div>\n\t\t\t\t\t<\/details>\n\t\t\t\t\t<\/div>\n\t\t\t\t\t\t<\/div>\n\t\t\t\t\t<\/div>\n\t\t\t\t<\/div>\n\t\t<div class=\"elementor-element elementor-element-5b5115e e-flex e-con-boxed e-con e-parent\" data-id=\"5b5115e\" data-element_type=\"container\" data-settings=\"{&quot;jet_parallax_layout_list&quot;:[]}\">\n\t\t\t\t\t<div class=\"e-con-inner\">\n\t\t\t\t\t<\/div>\n\t\t\t\t<\/div>\n\t\t<div class=\"elementor-element elementor-element-181448a e-flex e-con-boxed e-con e-parent\" data-id=\"181448a\" data-element_type=\"container\" data-settings=\"{&quot;jet_parallax_layout_list&quot;:[]}\">\n\t\t\t\t\t<div class=\"e-con-inner\">\n\t\t\t\t\t<\/div>\n\t\t\t\t<\/div>\n\t\t\t\t<\/div>\n\t\t","protected":false},"excerpt":{"rendered":"<p>Home \/ Page Compromiso de alta direcci\u00f3n 2025 Resoluci\u00f3n N\u00aa 1172\/2025 fecha 22\/07\/2025 Por la cual se designan responsables, titular y suplente de la Unidad de Transparencia y Anticorrupci\u00f3n, de la Facultad de Ciencias Qu\u00edmicas \u2013 UNA Resoluci\u00f3n N\u00b0 1098\/2025\u00a0fecha: 14\/07\/2025 Por la cual se ratifica la designaci\u00f3n de la responsable del MECIP ante la [&hellip;]<\/p>\n","protected":false},"author":1,"featured_media":0,"parent":45547,"menu_order":0,"comment_status":"closed","ping_status":"closed","template":"elementor_header_footer","meta":{"footnotes":""},"class_list":["post-48006","page","type-page","status-publish","hentry"],"_links":{"self":[{"href":"https:\/\/fcquna.edu.py\/v3\/wp-json\/wp\/v2\/pages\/48006","targetHints":{"allow":["GET"]}}],"collection":[{"href":"https:\/\/fcquna.edu.py\/v3\/wp-json\/wp\/v2\/pages"}],"about":[{"href":"https:\/\/fcquna.edu.py\/v3\/wp-json\/wp\/v2\/types\/page"}],"author":[{"embeddable":true,"href":"https:\/\/fcquna.edu.py\/v3\/wp-json\/wp\/v2\/users\/1"}],"replies":[{"embeddable":true,"href":"https:\/\/fcquna.edu.py\/v3\/wp-json\/wp\/v2\/comments?post=48006"}],"version-history":[{"count":43,"href":"https:\/\/fcquna.edu.py\/v3\/wp-json\/wp\/v2\/pages\/48006\/revisions"}],"predecessor-version":[{"id":48060,"href":"https:\/\/fcquna.edu.py\/v3\/wp-json\/wp\/v2\/pages\/48006\/revisions\/48060"}],"up":[{"embeddable":true,"href":"https:\/\/fcquna.edu.py\/v3\/wp-json\/wp\/v2\/pages\/45547"}],"wp:attachment":[{"href":"https:\/\/fcquna.edu.py\/v3\/wp-json\/wp\/v2\/media?parent=48006"}],"curies":[{"name":"wp","href":"https:\/\/api.w.org\/{rel}","templated":true}]}}