{"id":47759,"date":"2025-12-11T15:29:52","date_gmt":"2025-12-11T15:29:52","guid":{"rendered":"https:\/\/fcquna.edu.py\/v3\/?page_id=47759"},"modified":"2025-12-15T13:21:31","modified_gmt":"2025-12-15T13:21:31","slug":"horario-de-dependencias-de-la-fcq-una","status":"publish","type":"page","link":"https:\/\/fcquna.edu.py\/v3\/horario-de-dependencias-de-la-fcq-una\/","title":{"rendered":"Horario de Dependencias de la FCQ \u2013 UNA"},"content":{"rendered":"\t\t<div data-elementor-type=\"wp-page\" data-elementor-id=\"47759\" class=\"elementor elementor-47759\" data-elementor-post-type=\"page\">\n\t\t\t\t<div class=\"elementor-element elementor-element-437961b e-flex e-con-boxed e-con e-parent\" data-id=\"437961b\" data-element_type=\"container\" data-settings=\"{&quot;jet_parallax_layout_list&quot;:[]}\">\n\t\t\t\t\t<div class=\"e-con-inner\">\n\t\t\t\t<div class=\"elementor-element elementor-element-63025ab elementor-widget elementor-widget-eael-breadcrumbs\" data-id=\"63025ab\" data-element_type=\"widget\" data-widget_type=\"eael-breadcrumbs.default\">\n\t\t\t\t<div class=\"elementor-widget-container\">\n\t\t\t\t\t\t\t<div class=\"eael-breadcrumbs\">\n\t\t\t<div class=\"eael-breadcrumbs__content\"><a href=\"https:\/\/fcquna.edu.py\/v3\">Inicio<\/a> <span class=\"eael-breadcrumb-separator\">\/<\/span> <span class = \"eael-current\">Page<\/span><\/div>\t\t<\/div>\n\t\t\t\t\t\t<\/div>\n\t\t\t\t<\/div>\n\t\t\t\t\t<\/div>\n\t\t\t\t<\/div>\n\t\t<div class=\"elementor-element elementor-element-a86a221 e-flex e-con-boxed e-con e-parent\" data-id=\"a86a221\" data-element_type=\"container\" data-settings=\"{&quot;jet_parallax_layout_list&quot;:[]}\">\n\t\t\t\t\t<div class=\"e-con-inner\">\n\t\t\t\t<div class=\"elementor-element elementor-element-6608ca9 elementor-widget elementor-widget-heading\" data-id=\"6608ca9\" data-element_type=\"widget\" data-widget_type=\"heading.default\">\n\t\t\t\t\t<h2 class=\"elementor-heading-title elementor-size-default\">Horarios de Atenci\u00f3n al P\u00fablico en la FCQ-UNA<\/h2>\t\t\t\t<\/div>\n\t\t\t\t\t<\/div>\n\t\t\t\t<\/div>\n\t\t<div class=\"elementor-element elementor-element-709ed7f e-flex e-con-boxed e-con e-parent\" data-id=\"709ed7f\" data-element_type=\"container\" data-settings=\"{&quot;jet_parallax_layout_list&quot;:[]}\">\n\t\t\t\t\t<div class=\"e-con-inner\">\n\t\t\t\t\t<\/div>\n\t\t\t\t<\/div>\n\t\t<div class=\"elementor-element elementor-element-41ba405 e-grid e-con-boxed e-con e-parent\" data-id=\"41ba405\" data-element_type=\"container\" data-settings=\"{&quot;jet_parallax_layout_list&quot;:[]}\">\n\t\t\t\t\t<div class=\"e-con-inner\">\n\t\t<div class=\"elementor-element elementor-element-144ad05 e-con-full e-flex e-con e-child\" data-id=\"144ad05\" data-element_type=\"container\" data-settings=\"{&quot;background_background&quot;:&quot;classic&quot;,&quot;jet_parallax_layout_list&quot;:[]}\">\n\t\t\t\t<div class=\"elementor-element elementor-element-d186e03 elementor-widget__width-initial elementor-widget elementor-widget-heading\" data-id=\"d186e03\" data-element_type=\"widget\" data-widget_type=\"heading.default\">\n\t\t\t\t\t<h3 class=\"elementor-heading-title elementor-size-default\">Secretar\u00eda<\/h3>\t\t\t\t<\/div>\n\t\t\t\t<div class=\"elementor-element elementor-element-71e6974 elementor-widget elementor-widget-text-editor\" data-id=\"71e6974\" data-element_type=\"widget\" data-widget_type=\"text-editor.default\">\n\t\t\t\t\t\t\t\t\t<p><strong>Contacto:<\/strong> <a href=\"mailto:secgen@qui.una.py\"><span style=\"font-weight: 400;\">secgen@qui.una.py<\/span><\/a><\/p>\t\t\t\t\t\t\t\t<\/div>\n\t\t\t\t<div class=\"elementor-element elementor-element-d378eed elementor-widget elementor-widget-text-editor\" data-id=\"d378eed\" data-element_type=\"widget\" data-widget_type=\"text-editor.default\">\n\t\t\t\t\t\t\t\t\t<p><strong>Horario de atenci\u00f3n:<br \/><\/strong><span style=\"font-weight: 400;\">Lunes a Viernes <br \/><\/span><span style=\"font-weight: 400;\">07:00\u00a0 a 18:00 h<\/span><\/p>\t\t\t\t\t\t\t\t<\/div>\n\t\t\t\t<\/div>\n\t\t<div class=\"elementor-element elementor-element-522892d e-con-full e-flex e-con e-child\" data-id=\"522892d\" data-element_type=\"container\" data-settings=\"{&quot;background_background&quot;:&quot;classic&quot;,&quot;jet_parallax_layout_list&quot;:[]}\">\n\t\t\t\t<div class=\"elementor-element elementor-element-1ac974f elementor-widget__width-initial elementor-widget elementor-widget-heading\" data-id=\"1ac974f\" data-element_type=\"widget\" data-widget_type=\"heading.default\">\n\t\t\t\t\t<h3 class=\"elementor-heading-title elementor-size-default\">Perceptor\u00eda<\/h3>\t\t\t\t<\/div>\n\t\t\t\t<div class=\"elementor-element elementor-element-062eda9 elementor-widget elementor-widget-text-editor\" data-id=\"062eda9\" data-element_type=\"widget\" data-widget_type=\"text-editor.default\">\n\t\t\t\t\t\t\t\t\t<p><strong>Contacto:<\/strong> <a href=\"mailto:perceptoria@qui.una.py\"><span style=\"font-weight: 400;\">perceptoria@qui.una.py<\/span><\/a><\/p>\t\t\t\t\t\t\t\t<\/div>\n\t\t\t\t<div class=\"elementor-element elementor-element-36e6e45 elementor-widget elementor-widget-text-editor\" data-id=\"36e6e45\" data-element_type=\"widget\" data-widget_type=\"text-editor.default\">\n\t\t\t\t\t\t\t\t\t<p><strong>Horario de atenci\u00f3n:<br \/><\/strong><span style=\"font-weight: 400;\">Lunes a Viernes <br \/><\/span><span style=\"font-weight: 400;\">07:00\u00a0 a 18:00 h<\/span><\/p>\t\t\t\t\t\t\t\t<\/div>\n\t\t\t\t<\/div>\n\t\t<div class=\"elementor-element elementor-element-c8ed3d3 e-con-full e-flex e-con e-child\" data-id=\"c8ed3d3\" data-element_type=\"container\" data-settings=\"{&quot;background_background&quot;:&quot;classic&quot;,&quot;jet_parallax_layout_list&quot;:[]}\">\n\t\t\t\t<div class=\"elementor-element elementor-element-e6b3912 elementor-widget__width-initial elementor-widget elementor-widget-heading\" data-id=\"e6b3912\" data-element_type=\"widget\" data-widget_type=\"heading.default\">\n\t\t\t\t\t<h3 class=\"elementor-heading-title elementor-size-default\">Direcci\u00f3n Acad\u00e9mica<\/h3>\t\t\t\t<\/div>\n\t\t\t\t<div class=\"elementor-element elementor-element-e1ad079 elementor-widget elementor-widget-text-editor\" data-id=\"e1ad079\" data-element_type=\"widget\" data-widget_type=\"text-editor.default\">\n\t\t\t\t\t\t\t\t\t<p><strong>Contacto:<\/strong> <a href=\"mailto:acade@qui.una.py\"><span style=\"font-weight: 400;\">acade@qui.una.py<\/span><\/a><\/p>\t\t\t\t\t\t\t\t<\/div>\n\t\t\t\t<div class=\"elementor-element elementor-element-1583e02 elementor-widget elementor-widget-text-editor\" data-id=\"1583e02\" data-element_type=\"widget\" data-widget_type=\"text-editor.default\">\n\t\t\t\t\t\t\t\t\t<p><strong>Horario de atenci\u00f3n:<br \/><\/strong><span style=\"font-weight: 400;\">Lunes a Viernes <br \/><\/span><span style=\"font-weight: 400;\">07:00\u00a0 a 18:00 h<\/span><\/p>\t\t\t\t\t\t\t\t<\/div>\n\t\t\t\t<\/div>\n\t\t<div class=\"elementor-element elementor-element-daad676 e-con-full e-flex e-con e-child\" data-id=\"daad676\" data-element_type=\"container\" data-settings=\"{&quot;background_background&quot;:&quot;classic&quot;,&quot;jet_parallax_layout_list&quot;:[]}\">\n\t\t\t\t<div class=\"elementor-element elementor-element-226e08a elementor-widget__width-initial elementor-widget elementor-widget-heading\" data-id=\"226e08a\" data-element_type=\"widget\" data-widget_type=\"heading.default\">\n\t\t\t\t\t<h3 class=\"elementor-heading-title elementor-size-default\">Biblioteca<\/h3>\t\t\t\t<\/div>\n\t\t\t\t<div class=\"elementor-element elementor-element-e5127a3 elementor-widget elementor-widget-text-editor\" data-id=\"e5127a3\" data-element_type=\"widget\" data-widget_type=\"text-editor.default\">\n\t\t\t\t\t\t\t\t\t<p><strong>Contacto:<br \/><\/strong><a href=\"mailto:biblioteca@qui.una.py\"><span style=\"font-weight: 400;\">biblioteca@qui.una.py<\/span><\/a><span style=\"font-weight: 400;\">\u00a0<\/span><\/p>\t\t\t\t\t\t\t\t<\/div>\n\t\t\t\t<div class=\"elementor-element elementor-element-121b9fa elementor-widget elementor-widget-text-editor\" data-id=\"121b9fa\" data-element_type=\"widget\" data-widget_type=\"text-editor.default\">\n\t\t\t\t\t\t\t\t\t<p><strong>Horario de atenci\u00f3n:<br \/><\/strong><span style=\"font-weight: 400;\">Lunes a Viernes <br \/><\/span><span style=\"font-weight: 400;\">07:00\u00a0 a 19:00 h<\/span><\/p>\t\t\t\t\t\t\t\t<\/div>\n\t\t\t\t<\/div>\n\t\t<div class=\"elementor-element elementor-element-0b91458 e-con-full e-flex e-con e-child\" data-id=\"0b91458\" data-element_type=\"container\" data-settings=\"{&quot;background_background&quot;:&quot;classic&quot;,&quot;jet_parallax_layout_list&quot;:[]}\">\n\t\t\t\t<div class=\"elementor-element elementor-element-8334fee elementor-widget__width-initial elementor-widget elementor-widget-heading\" data-id=\"8334fee\" data-element_type=\"widget\" data-widget_type=\"heading.default\">\n\t\t\t\t\t<h3 class=\"elementor-heading-title elementor-size-default\">Admisi\u00f3n<\/h3>\t\t\t\t<\/div>\n\t\t\t\t<div class=\"elementor-element elementor-element-705f33f elementor-widget elementor-widget-text-editor\" data-id=\"705f33f\" data-element_type=\"widget\" data-widget_type=\"text-editor.default\">\n\t\t\t\t\t\t\t\t\t<p><strong>Contacto:<br \/><\/strong><span style=\"font-weight: 400;\"><a href=\"mailto:admision@qui.una.py\">admision@qui.una.py<\/a> <\/span><\/p>\t\t\t\t\t\t\t\t<\/div>\n\t\t\t\t<div class=\"elementor-element elementor-element-414e256 elementor-widget elementor-widget-text-editor\" data-id=\"414e256\" data-element_type=\"widget\" data-widget_type=\"text-editor.default\">\n\t\t\t\t\t\t\t\t\t<p><strong>Horario de atenci\u00f3n:<br \/><\/strong><span style=\"font-weight: 400;\">Lunes a Viernes <br \/><\/span><span style=\"font-weight: 400;\">08:00\u00a0 a 18:00 h<\/span><\/p>\t\t\t\t\t\t\t\t<\/div>\n\t\t\t\t<\/div>\n\t\t<div class=\"elementor-element elementor-element-4e01d82 e-con-full e-flex e-con e-child\" data-id=\"4e01d82\" data-element_type=\"container\" data-settings=\"{&quot;background_background&quot;:&quot;classic&quot;,&quot;jet_parallax_layout_list&quot;:[]}\">\n\t\t\t\t<div class=\"elementor-element elementor-element-68fb609 elementor-widget__width-initial elementor-widget elementor-widget-heading\" data-id=\"68fb609\" data-element_type=\"widget\" data-widget_type=\"heading.default\">\n\t\t\t\t\t<h3 class=\"elementor-heading-title elementor-size-default\">Coordinaci\u00f3n de Laboratorio\n- \u00c1reas B\u00e1sicas<\/h3>\t\t\t\t<\/div>\n\t\t\t\t<div class=\"elementor-element elementor-element-e56e8b8 elementor-widget elementor-widget-text-editor\" data-id=\"e56e8b8\" data-element_type=\"widget\" data-widget_type=\"text-editor.default\">\n\t\t\t\t\t\t\t\t\t<p><strong>Contacto:<br \/><\/strong><a href=\"mailto:coordlab@qui.una.py\"><span style=\"font-weight: 400;\">coordlab@qui.una.py<\/span><\/a><\/p>\t\t\t\t\t\t\t\t<\/div>\n\t\t\t\t<div class=\"elementor-element elementor-element-2450e35 elementor-widget elementor-widget-text-editor\" data-id=\"2450e35\" data-element_type=\"widget\" data-widget_type=\"text-editor.default\">\n\t\t\t\t\t\t\t\t\t<p><strong>Horario de atenci\u00f3n:<br \/><\/strong><span style=\"font-weight: 400;\">Lunes a Viernes <br \/><\/span><span style=\"font-weight: 400;\">07:00\u00a0 a 19:00 h<\/span><\/p>\t\t\t\t\t\t\t\t<\/div>\n\t\t\t\t<\/div>\n\t\t<div class=\"elementor-element elementor-element-530900e e-con-full e-flex e-con e-child\" data-id=\"530900e\" data-element_type=\"container\" data-settings=\"{&quot;background_background&quot;:&quot;classic&quot;,&quot;jet_parallax_layout_list&quot;:[]}\">\n\t\t\t\t<div class=\"elementor-element elementor-element-f2f58d4 elementor-widget__width-initial elementor-widget elementor-widget-heading\" data-id=\"f2f58d4\" data-element_type=\"widget\" data-widget_type=\"heading.default\">\n\t\t\t\t\t<h3 class=\"elementor-heading-title elementor-size-default\">Coordinaci\u00f3n de Laboratorio \u2013 \u00c1rea Industrial<\/h3>\t\t\t\t<\/div>\n\t\t\t\t<div class=\"elementor-element elementor-element-2c80731 elementor-widget elementor-widget-text-editor\" data-id=\"2c80731\" data-element_type=\"widget\" data-widget_type=\"text-editor.default\">\n\t\t\t\t\t\t\t\t\t<p><strong>Contacto:<br \/><\/strong><a href=\"mailto:coordlab@qui.una.py\"><span style=\"font-weight: 400;\">coordlab@qui.una.py<\/span><\/a><\/p>\t\t\t\t\t\t\t\t<\/div>\n\t\t\t\t<div class=\"elementor-element elementor-element-311b49d elementor-widget elementor-widget-text-editor\" data-id=\"311b49d\" data-element_type=\"widget\" data-widget_type=\"text-editor.default\">\n\t\t\t\t\t\t\t\t\t<p><strong>Horario de atenci\u00f3n:<br \/><\/strong><span style=\"font-weight: 400;\">Lunes a Viernes <br \/><\/span><span style=\"font-weight: 400;\">07:30\u00a0 a 19:30 h<\/span><\/p>\t\t\t\t\t\t\t\t<\/div>\n\t\t\t\t<\/div>\n\t\t<div class=\"elementor-element elementor-element-53748f0 e-con-full e-flex e-con e-child\" data-id=\"53748f0\" data-element_type=\"container\" data-settings=\"{&quot;background_background&quot;:&quot;classic&quot;,&quot;jet_parallax_layout_list&quot;:[]}\">\n\t\t\t\t<div class=\"elementor-element elementor-element-e5456ef elementor-widget__width-initial elementor-widget elementor-widget-heading\" data-id=\"e5456ef\" data-element_type=\"widget\" data-widget_type=\"heading.default\">\n\t\t\t\t\t<h3 class=\"elementor-heading-title elementor-size-default\">Vidrier\u00eda<\/h3>\t\t\t\t<\/div>\n\t\t\t\t<div class=\"elementor-element elementor-element-abf52c3 elementor-widget elementor-widget-text-editor\" data-id=\"abf52c3\" data-element_type=\"widget\" data-widget_type=\"text-editor.default\">\n\t\t\t\t\t\t\t\t\t<p><strong>Contacto:<br \/><\/strong><a href=\"mailto:vidrieria@qui.una.py\"><span style=\"font-weight: 400;\">vidrieria@qui.una.py<\/span><\/a><\/p>\t\t\t\t\t\t\t\t<\/div>\n\t\t\t\t<div class=\"elementor-element elementor-element-1131e6b elementor-widget elementor-widget-text-editor\" data-id=\"1131e6b\" data-element_type=\"widget\" data-widget_type=\"text-editor.default\">\n\t\t\t\t\t\t\t\t\t<p><strong>Horario de atenci\u00f3n:<br \/><\/strong><span style=\"font-weight: 400;\">Lunes a Viernes <br \/><\/span><span style=\"font-weight: 400;\">07:00\u00a0 a 19:00 h<\/span><\/p>\t\t\t\t\t\t\t\t<\/div>\n\t\t\t\t<\/div>\n\t\t<div class=\"elementor-element elementor-element-9f9c802 e-con-full e-flex e-con e-child\" data-id=\"9f9c802\" data-element_type=\"container\" data-settings=\"{&quot;background_background&quot;:&quot;classic&quot;,&quot;jet_parallax_layout_list&quot;:[]}\">\n\t\t\t\t<div class=\"elementor-element elementor-element-09d043a elementor-widget__width-initial elementor-widget elementor-widget-heading\" data-id=\"09d043a\" data-element_type=\"widget\" data-widget_type=\"heading.default\">\n\t\t\t\t\t<h3 class=\"elementor-heading-title elementor-size-default\">Postgrado<\/h3>\t\t\t\t<\/div>\n\t\t\t\t<div class=\"elementor-element elementor-element-f08e60c elementor-widget elementor-widget-text-editor\" data-id=\"f08e60c\" data-element_type=\"widget\" data-widget_type=\"text-editor.default\">\n\t\t\t\t\t\t\t\t\t<p><strong>Contacto:<br \/><\/strong><a href=\"mailto:pgrado@qui.una.py\"><span style=\"font-weight: 400;\">pgrado@qui.una.py<\/span><\/a><\/p>\t\t\t\t\t\t\t\t<\/div>\n\t\t\t\t<div class=\"elementor-element elementor-element-8a7156e elementor-widget elementor-widget-text-editor\" data-id=\"8a7156e\" data-element_type=\"widget\" data-widget_type=\"text-editor.default\">\n\t\t\t\t\t\t\t\t\t<p><strong>Horario de atenci\u00f3n:<br \/><\/strong><span style=\"font-weight: 400;\">Lunes a Viernes <br \/><\/span><span style=\"font-weight: 400;\">07:30\u00a0 a 21:00 h<\/span><\/p>\t\t\t\t\t\t\t\t<\/div>\n\t\t\t\t<\/div>\n\t\t<div class=\"elementor-element elementor-element-ffeccbc e-con-full e-flex e-con e-child\" data-id=\"ffeccbc\" data-element_type=\"container\" data-settings=\"{&quot;background_background&quot;:&quot;classic&quot;,&quot;jet_parallax_layout_list&quot;:[]}\">\n\t\t\t\t<div class=\"elementor-element elementor-element-f274099 elementor-widget__width-initial elementor-widget elementor-widget-heading\" data-id=\"f274099\" data-element_type=\"widget\" data-widget_type=\"heading.default\">\n\t\t\t\t\t<h3 class=\"elementor-heading-title elementor-size-default\">Centro Tecnol\u00f3gico Qu\u00edmico<\/h3>\t\t\t\t<\/div>\n\t\t\t\t<div class=\"elementor-element elementor-element-dfd95da elementor-widget elementor-widget-text-editor\" data-id=\"dfd95da\" data-element_type=\"widget\" data-widget_type=\"text-editor.default\">\n\t\t\t\t\t\t\t\t\t<p><strong>Contacto:<br \/><\/strong><a href=\"mailto:ctqenlace@qui.una.py\"><span style=\"font-weight: 400;\">ctqenlace@qui.una.py<\/span><\/a><\/p>\t\t\t\t\t\t\t\t<\/div>\n\t\t\t\t<div class=\"elementor-element elementor-element-bc40cd2 elementor-widget elementor-widget-text-editor\" data-id=\"bc40cd2\" data-element_type=\"widget\" data-widget_type=\"text-editor.default\">\n\t\t\t\t\t\t\t\t\t<p><strong>Horario de atenci\u00f3n:<br \/><\/strong><span style=\"font-weight: 400;\">Lunes a Viernes <br \/><\/span><span style=\"font-weight: 400;\">08:00\u00a0 a 16:00 h<\/span><\/p>\t\t\t\t\t\t\t\t<\/div>\n\t\t\t\t<\/div>\n\t\t<div class=\"elementor-element elementor-element-e404aa2 e-con-full e-flex e-con e-child\" data-id=\"e404aa2\" data-element_type=\"container\" data-settings=\"{&quot;background_background&quot;:&quot;classic&quot;,&quot;jet_parallax_layout_list&quot;:[]}\">\n\t\t\t\t<div class=\"elementor-element elementor-element-156fb65 elementor-widget__width-initial elementor-widget elementor-widget-heading\" data-id=\"156fb65\" data-element_type=\"widget\" data-widget_type=\"heading.default\">\n\t\t\t\t\t<h3 class=\"elementor-heading-title elementor-size-default\">Gesti\u00f3n y Desarrollo del Talento Humano<\/h3>\t\t\t\t<\/div>\n\t\t\t\t<div class=\"elementor-element elementor-element-019e23e elementor-widget elementor-widget-text-editor\" data-id=\"019e23e\" data-element_type=\"widget\" data-widget_type=\"text-editor.default\">\n\t\t\t\t\t\t\t\t\t<p><strong>Contacto:<br \/><\/strong><a href=\"mailto:talentohumano@qui.una.py\"><span style=\"font-weight: 400;\">talentohumano@qui.una.py<\/span><\/a> <\/p>\t\t\t\t\t\t\t\t<\/div>\n\t\t\t\t<div class=\"elementor-element elementor-element-346e184 elementor-widget elementor-widget-text-editor\" data-id=\"346e184\" data-element_type=\"widget\" data-widget_type=\"text-editor.default\">\n\t\t\t\t\t\t\t\t\t<p><strong>Horario de atenci\u00f3n:<br \/><\/strong><span style=\"font-weight: 400;\">Lunes a Viernes <br \/><\/span><span style=\"font-weight: 400;\">07:00\u00a0 a 18:00 h<\/span><\/p>\t\t\t\t\t\t\t\t<\/div>\n\t\t\t\t<\/div>\n\t\t<div class=\"elementor-element elementor-element-8e34b76 e-con-full e-flex e-con e-child\" data-id=\"8e34b76\" data-element_type=\"container\" data-settings=\"{&quot;background_background&quot;:&quot;classic&quot;,&quot;jet_parallax_layout_list&quot;:[]}\">\n\t\t\t\t<div class=\"elementor-element elementor-element-6d98854 elementor-widget__width-initial elementor-widget elementor-widget-heading\" data-id=\"6d98854\" data-element_type=\"widget\" data-widget_type=\"heading.default\">\n\t\t\t\t\t<h3 class=\"elementor-heading-title elementor-size-default\">Cantina<\/h3>\t\t\t\t<\/div>\n\t\t\t\t<div class=\"elementor-element elementor-element-e51b3c0 elementor-widget elementor-widget-text-editor\" data-id=\"e51b3c0\" data-element_type=\"widget\" data-widget_type=\"text-editor.default\">\n\t\t\t\t\t\t\t\t\t<p><strong>Contacto:<\/strong><\/p>\t\t\t\t\t\t\t\t<\/div>\n\t\t\t\t<div class=\"elementor-element elementor-element-6ca04fc elementor-widget elementor-widget-text-editor\" data-id=\"6ca04fc\" data-element_type=\"widget\" data-widget_type=\"text-editor.default\">\n\t\t\t\t\t\t\t\t\t<p><strong>Horario de atenci\u00f3n:<br \/><\/strong><span style=\"font-weight: 400;\">Lunes a Viernes <br \/><\/span><span style=\"font-weight: 400;\">07:00\u00a0 a 19:00 h<\/span><\/p>\t\t\t\t\t\t\t\t<\/div>\n\t\t\t\t<\/div>\n\t\t\t\t\t<\/div>\n\t\t\t\t<\/div>\n\t\t<div class=\"elementor-element elementor-element-a022213 e-flex e-con-boxed e-con e-parent\" data-id=\"a022213\" data-element_type=\"container\" data-settings=\"{&quot;jet_parallax_layout_list&quot;:[]}\">\n\t\t\t\t\t<div class=\"e-con-inner\">\n\t\t\t\t<div class=\"elementor-element elementor-element-0a19613 elementor-widget elementor-widget-spacer\" data-id=\"0a19613\" data-element_type=\"widget\" data-widget_type=\"spacer.default\">\n\t\t\t\t\t\t\t<div class=\"elementor-spacer\">\n\t\t\t<div class=\"elementor-spacer-inner\"><\/div>\n\t\t<\/div>\n\t\t\t\t\t\t<\/div>\n\t\t\t\t\t<\/div>\n\t\t\t\t<\/div>\n\t\t<div class=\"elementor-element elementor-element-f819e14 e-flex e-con-boxed e-con e-parent\" data-id=\"f819e14\" data-element_type=\"container\" data-settings=\"{&quot;jet_parallax_layout_list&quot;:[]}\">\n\t\t\t\t\t<div class=\"e-con-inner\">\n\t\t\t\t\t<\/div>\n\t\t\t\t<\/div>\n\t\t\t\t<\/div>\n\t\t","protected":false},"excerpt":{"rendered":"<p>Inicio \/ Page Horarios de Atenci\u00f3n al P\u00fablico en la FCQ-UNA Secretar\u00eda Contacto: secgen@qui.una.py Horario de atenci\u00f3n:Lunes a Viernes 07:00\u00a0 a 18:00 h Perceptor\u00eda Contacto: perceptoria@qui.una.py Horario de atenci\u00f3n:Lunes a Viernes 07:00\u00a0 a 18:00 h Direcci\u00f3n Acad\u00e9mica Contacto: acade@qui.una.py Horario de atenci\u00f3n:Lunes a Viernes 07:00\u00a0 a 18:00 h Biblioteca Contacto:biblioteca@qui.una.py\u00a0 Horario de atenci\u00f3n:Lunes a Viernes [&hellip;]<\/p>\n","protected":false},"author":1,"featured_media":0,"parent":0,"menu_order":0,"comment_status":"closed","ping_status":"closed","template":"elementor_header_footer","meta":{"footnotes":""},"class_list":["post-47759","page","type-page","status-publish","hentry"],"_links":{"self":[{"href":"https:\/\/fcquna.edu.py\/v3\/wp-json\/wp\/v2\/pages\/47759","targetHints":{"allow":["GET"]}}],"collection":[{"href":"https:\/\/fcquna.edu.py\/v3\/wp-json\/wp\/v2\/pages"}],"about":[{"href":"https:\/\/fcquna.edu.py\/v3\/wp-json\/wp\/v2\/types\/page"}],"author":[{"embeddable":true,"href":"https:\/\/fcquna.edu.py\/v3\/wp-json\/wp\/v2\/users\/1"}],"replies":[{"embeddable":true,"href":"https:\/\/fcquna.edu.py\/v3\/wp-json\/wp\/v2\/comments?post=47759"}],"version-history":[{"count":43,"href":"https:\/\/fcquna.edu.py\/v3\/wp-json\/wp\/v2\/pages\/47759\/revisions"}],"predecessor-version":[{"id":47817,"href":"https:\/\/fcquna.edu.py\/v3\/wp-json\/wp\/v2\/pages\/47759\/revisions\/47817"}],"wp:attachment":[{"href":"https:\/\/fcquna.edu.py\/v3\/wp-json\/wp\/v2\/media?parent=47759"}],"curies":[{"name":"wp","href":"https:\/\/api.w.org\/{rel}","templated":true}]}}