{"id":47536,"date":"2025-12-10T16:03:10","date_gmt":"2025-12-10T16:03:10","guid":{"rendered":"https:\/\/fcquna.edu.py\/v3\/?page_id=47536"},"modified":"2026-03-12T20:42:11","modified_gmt":"2026-03-12T20:42:11","slug":"filial","status":"publish","type":"page","link":"https:\/\/fcquna.edu.py\/v3\/filial\/","title":{"rendered":"Filial"},"content":{"rendered":"\t\t<div data-elementor-type=\"wp-page\" data-elementor-id=\"47536\" class=\"elementor elementor-47536\" data-elementor-post-type=\"page\">\n\t\t\t\t<div class=\"elementor-element elementor-element-1bb7d99 e-flex e-con-boxed e-con e-parent\" data-id=\"1bb7d99\" data-element_type=\"container\" data-settings=\"{&quot;jet_parallax_layout_list&quot;:[]}\">\n\t\t\t\t\t<div class=\"e-con-inner\">\n\t\t\t\t<div class=\"elementor-element elementor-element-550be36 elementor-widget elementor-widget-spacer\" data-id=\"550be36\" data-element_type=\"widget\" data-widget_type=\"spacer.default\">\n\t\t\t\t\t\t\t<div class=\"elementor-spacer\">\n\t\t\t<div class=\"elementor-spacer-inner\"><\/div>\n\t\t<\/div>\n\t\t\t\t\t\t<\/div>\n\t\t\t\t<div class=\"elementor-element elementor-element-18924f2 elementor-widget elementor-widget-heading\" data-id=\"18924f2\" data-element_type=\"widget\" data-widget_type=\"heading.default\">\n\t\t\t\t\t<h2 class=\"elementor-heading-title elementor-size-default\">Filial San Pedro<\/h2>\t\t\t\t<\/div>\n\t\t\t\t<div class=\"elementor-element elementor-element-ade4015 elementor-widget elementor-widget-spacer\" data-id=\"ade4015\" data-element_type=\"widget\" data-widget_type=\"spacer.default\">\n\t\t\t\t\t\t\t<div class=\"elementor-spacer\">\n\t\t\t<div class=\"elementor-spacer-inner\"><\/div>\n\t\t<\/div>\n\t\t\t\t\t\t<\/div>\n\t\t\t\t<div class=\"elementor-element elementor-element-6b9b699 elementor-widget elementor-widget-image\" data-id=\"6b9b699\" data-element_type=\"widget\" data-widget_type=\"image.default\">\n\t\t\t\t\t\t\t\t\t\t\t\t\t\t\t<img fetchpriority=\"high\" decoding=\"async\" width=\"2560\" height=\"1707\" src=\"https:\/\/fcquna.edu.py\/v3\/wp-content\/uploads\/2026\/03\/foto-de-portada_FILIAL-scaled.webp\" class=\"attachment-full size-full wp-image-54161\" alt=\"\" srcset=\"https:\/\/fcquna.edu.py\/v3\/wp-content\/uploads\/2026\/03\/foto-de-portada_FILIAL-scaled.webp 2560w, https:\/\/fcquna.edu.py\/v3\/wp-content\/uploads\/2026\/03\/foto-de-portada_FILIAL-300x200.webp 300w, https:\/\/fcquna.edu.py\/v3\/wp-content\/uploads\/2026\/03\/foto-de-portada_FILIAL-1024x683.webp 1024w, https:\/\/fcquna.edu.py\/v3\/wp-content\/uploads\/2026\/03\/foto-de-portada_FILIAL-768x512.webp 768w, https:\/\/fcquna.edu.py\/v3\/wp-content\/uploads\/2026\/03\/foto-de-portada_FILIAL-1536x1024.webp 1536w, https:\/\/fcquna.edu.py\/v3\/wp-content\/uploads\/2026\/03\/foto-de-portada_FILIAL-2048x1365.webp 2048w\" sizes=\"(max-width: 2560px) 100vw, 2560px\" \/>\t\t\t\t\t\t\t\t\t\t\t\t\t\t\t<\/div>\n\t\t\t\t<div class=\"elementor-element elementor-element-14bb6ef elementor-widget elementor-widget-text-editor\" data-id=\"14bb6ef\" data-element_type=\"widget\" data-widget_type=\"text-editor.default\">\n\t\t\t\t\t\t\t\t\t<p><span style=\"font-weight: 400;\">La Filial ofrece la carrera de grado en <\/span><b>Ciencia y Tecnolog\u00eda de Alimentos<\/b><span style=\"font-weight: 400;\">, formando profesionales capacitados para responder a los desaf\u00edos del sector productivo, industrial y de investigaci\u00f3n. Asimismo, se proyecta la futura habilitaci\u00f3n de las carreras de <\/span><b>Bioqu\u00edmica <\/b><span style=\"font-weight: 400;\">y <\/span><b>Qu\u00edmica Industrial<\/b><span style=\"font-weight: 400;\">, ampliando la oferta acad\u00e9mica y fortaleciendo el desarrollo cient\u00edfico y tecnol\u00f3gico del departamento. A nivel de postgrado, se cuenta con la <\/span><b>Especializaci\u00f3n en Did\u00e1ctica Universitaria<\/b><span style=\"font-weight: 400;\">, orientada a la formaci\u00f3n y actualizaci\u00f3n permanente de docentes de educaci\u00f3n superior.<\/span> <span style=\"font-weight: 400;\">Se rigen los mismos planes acad\u00e9micos de la sede central, y modalidad 100% presencial.<\/span><span style=\"font-weight: 400;\"><br \/><\/span><span style=\"font-weight: 400;\">Consta de un edificio de 2 pisos con 6 aulas equipadas y 2 laboratorios de Ciencias b\u00e1sicas para las pr\u00e1cticas laboratoriales.<\/span><\/p><p><strong>Direcci\u00f3n<br \/><\/strong>Ruta Nacional PY08 \u2013 Blas Garay Km 244, Barrio San Blas, Distrito de Guajayvi,<br \/><span style=\"font-weight: 400;\">Departamento de San Pedro.<\/span><span style=\"font-weight: 400;\"><br \/><\/span><a href=\"https:\/\/maps.app.goo.gl\/naFxkKZkLun9AqS18?g_st=aw\"><span style=\"font-weight: 400;\">https:\/\/maps.app.goo.gl\/9mVMFKYfQ1FpLUSUA<\/span><\/a><span style=\"font-weight: 400;\">\u00a0<\/span><\/p><p><strong>Resoluci\u00f3n de creaci\u00f3n de la Filial<\/strong><span style=\"font-weight: 400;\"><br \/><\/span><span style=\"font-weight: 400;\">Resoluci\u00f3n CONES: 228\/2024<\/span><span style=\"font-weight: 400;\">. <\/span><a href=\"https:\/\/www.qui.una.py\/v2\/wp-content\/uploads\/Habilitacion-CONES-228-24-2.pdf\"><span style=\"font-weight: 400;\">Descargar<\/span><\/a><\/p><p><strong>Oferta Acad\u00e9mica<\/strong><span style=\"font-weight: 400;\"><br \/><\/span><span style=\"font-weight: 400;\"><strong>Grado:<\/strong> Ciencia y Tecnolog\u00eda de Alimentos (Modalidad Presencial)<\/span><span style=\"font-weight: 400;\"><br \/><\/span><span style=\"font-weight: 400;\">M\u00e1s informaci\u00f3n:<\/span> <a href=\"https:\/\/www.qui.una.py\/academico\/ciencia-y-tecnologia-de-alimentos\/\"><span style=\"font-weight: 400;\">https:\/\/www.qui.una.py\/academico\/ciencia-y-tecnologia-de-<\/span><\/a><span style=\"font-weight: 400;\">alimentos\/<\/span><\/p><p><span style=\"font-weight: 400;\"><strong>Post grado:<\/strong> Especializaci\u00f3n en Did\u00e1ctica Universitaria (Modalidad Virtual)<\/span><span style=\"font-weight: 400;\"><br \/><\/span><span style=\"font-weight: 400;\">M\u00e1s informaci\u00f3n: <\/span><a href=\"https:\/\/www.qui.una.py\/postgrado\/especializaciones\/didactica-universitaria\/\"><span style=\"font-weight: 400;\">https:\/\/www.qui.una.py\/postgrado\/especializaciones\/didactica-universitaria\/<\/span><\/a><\/p>\t\t\t\t\t\t\t\t<\/div>\n\t\t\t\t\t<\/div>\n\t\t\t\t<\/div>\n\t\t\t\t<\/div>\n\t\t","protected":false},"excerpt":{"rendered":"<p>Filial San Pedro La Filial ofrece la carrera de grado en Ciencia y Tecnolog\u00eda de Alimentos, formando profesionales capacitados para responder a los desaf\u00edos del sector productivo, industrial y de investigaci\u00f3n. Asimismo, se proyecta la futura habilitaci\u00f3n de las carreras de Bioqu\u00edmica y Qu\u00edmica Industrial, ampliando la oferta acad\u00e9mica y fortaleciendo el desarrollo cient\u00edfico y [&hellip;]<\/p>\n","protected":false},"author":1,"featured_media":0,"parent":0,"menu_order":0,"comment_status":"closed","ping_status":"closed","template":"elementor_header_footer","meta":{"footnotes":""},"class_list":["post-47536","page","type-page","status-publish","hentry"],"_links":{"self":[{"href":"https:\/\/fcquna.edu.py\/v3\/wp-json\/wp\/v2\/pages\/47536","targetHints":{"allow":["GET"]}}],"collection":[{"href":"https:\/\/fcquna.edu.py\/v3\/wp-json\/wp\/v2\/pages"}],"about":[{"href":"https:\/\/fcquna.edu.py\/v3\/wp-json\/wp\/v2\/types\/page"}],"author":[{"embeddable":true,"href":"https:\/\/fcquna.edu.py\/v3\/wp-json\/wp\/v2\/users\/1"}],"replies":[{"embeddable":true,"href":"https:\/\/fcquna.edu.py\/v3\/wp-json\/wp\/v2\/comments?post=47536"}],"version-history":[{"count":16,"href":"https:\/\/fcquna.edu.py\/v3\/wp-json\/wp\/v2\/pages\/47536\/revisions"}],"predecessor-version":[{"id":54170,"href":"https:\/\/fcquna.edu.py\/v3\/wp-json\/wp\/v2\/pages\/47536\/revisions\/54170"}],"wp:attachment":[{"href":"https:\/\/fcquna.edu.py\/v3\/wp-json\/wp\/v2\/media?parent=47536"}],"curies":[{"name":"wp","href":"https:\/\/api.w.org\/{rel}","templated":true}]}}