{"id":47226,"date":"2025-12-02T18:47:24","date_gmt":"2025-12-02T18:47:24","guid":{"rendered":"https:\/\/fcquna.edu.py\/v3\/?page_id=47226"},"modified":"2025-12-02T18:47:27","modified_gmt":"2025-12-02T18:47:27","slug":"farmacia-industrial","status":"publish","type":"page","link":"https:\/\/fcquna.edu.py\/v3\/postgrado-2\/especializaciones\/farmacia-industrial\/","title":{"rendered":"Farmacia Industrial"},"content":{"rendered":"\t\t<div data-elementor-type=\"wp-page\" data-elementor-id=\"47226\" class=\"elementor elementor-47226\" data-elementor-post-type=\"page\">\n\t\t\t\t<div class=\"elementor-element elementor-element-61d5bf9 e-flex e-con-boxed e-con e-parent\" data-id=\"61d5bf9\" data-element_type=\"container\" data-settings=\"{&quot;jet_parallax_layout_list&quot;:[]}\">\n\t\t\t\t\t<div class=\"e-con-inner\">\n\t\t\t\t<div class=\"elementor-element elementor-element-c457d6b elementor-widget elementor-widget-heading\" data-id=\"c457d6b\" data-element_type=\"widget\" data-widget_type=\"heading.default\">\n\t\t\t\t\t<h2 class=\"elementor-heading-title elementor-size-default\">Descripci\u00f3n del programa<\/h2>\t\t\t\t<\/div>\n\t\t\t\t\t<\/div>\n\t\t\t\t<\/div>\n\t\t<div class=\"elementor-element elementor-element-ea45a79 e-flex e-con-boxed e-con e-parent\" data-id=\"ea45a79\" data-element_type=\"container\" data-settings=\"{&quot;jet_parallax_layout_list&quot;:[]}\">\n\t\t\t\t\t<div class=\"e-con-inner\">\n\t\t\t\t<div class=\"elementor-element elementor-element-6edd8cc elementor-widget elementor-widget-text-editor\" data-id=\"6edd8cc\" data-element_type=\"widget\" data-widget_type=\"text-editor.default\">\n\t\t\t\t\t\t\t\t\t<div class=\"page\" title=\"Page 2\"><div class=\"section\"><div class=\"layoutArea\"><div class=\"column\"><p><strong>Este programa ofrece una oportunidad u\u0301nica para profesionales que buscan adquirir habilidades pedago\u0301gicas y mejorar su desempen\u0303o en educacio\u0301n superior, adapta\u0301ndose a las necesidades actuales del aprendizaje.<\/strong><\/p><\/div><\/div><\/div><\/div>\t\t\t\t\t\t\t\t<\/div>\n\t\t\t\t\t<\/div>\n\t\t\t\t<\/div>\n\t\t<div class=\"elementor-element elementor-element-3ef869d e-flex e-con-boxed e-con e-parent\" data-id=\"3ef869d\" data-element_type=\"container\" data-settings=\"{&quot;jet_parallax_layout_list&quot;:[]}\">\n\t\t\t\t\t<div class=\"e-con-inner\">\n\t\t\t\t<div class=\"elementor-element elementor-element-b7ec4b5 elementor-widget elementor-widget-text-editor\" data-id=\"b7ec4b5\" data-element_type=\"widget\" data-widget_type=\"text-editor.default\">\n\t\t\t\t\t\t\t\t\t<div class=\"page\" title=\"Page 2\"><div class=\"section\"><div class=\"layoutArea\"><div class=\"column\"><ul><li><p>Duracio\u0301n: 6 meses<\/p><\/li><li><p>Modalidad: 100% a distancia, con uso de la plataforma virtual<\/p><p>Moodle.<\/p><\/li><li><p>Carga horaria: 360 horas (330 horas de clases y 30 horas de<\/p><p>investigacio\u0301n)<\/p><\/li><\/ul><\/div><\/div><\/div><\/div>\t\t\t\t\t\t\t\t<\/div>\n\t\t\t\t\t<\/div>\n\t\t\t\t<\/div>\n\t\t<div class=\"elementor-element elementor-element-6f1ea89 e-flex e-con-boxed e-con e-parent\" data-id=\"6f1ea89\" data-element_type=\"container\" data-settings=\"{&quot;jet_parallax_layout_list&quot;:[]}\">\n\t\t\t\t\t<div class=\"e-con-inner\">\n\t\t\t\t<div class=\"elementor-element elementor-element-f506d4a elementor-widget elementor-widget-heading\" data-id=\"f506d4a\" data-element_type=\"widget\" data-widget_type=\"heading.default\">\n\t\t\t\t\t<h2 class=\"elementor-heading-title elementor-size-default\">\u00bfA qui\u00e9n va dirigido?<\/h2>\t\t\t\t<\/div>\n\t\t\t\t\t<\/div>\n\t\t\t\t<\/div>\n\t\t<div class=\"elementor-element elementor-element-4200dd5 e-flex e-con-boxed e-con e-parent\" data-id=\"4200dd5\" data-element_type=\"container\" data-settings=\"{&quot;jet_parallax_layout_list&quot;:[]}\">\n\t\t\t\t\t<div class=\"e-con-inner\">\n\t\t\t\t<div class=\"elementor-element elementor-element-8eade77 elementor-widget elementor-widget-text-editor\" data-id=\"8eade77\" data-element_type=\"widget\" data-widget_type=\"text-editor.default\">\n\t\t\t\t\t\t\t\t\t<ul>\n \t<li>Egresados de carreras universitarias de al menos 4 an\u0303os (2.700 horas).\n\n<li>Profesionales interesados en la educacio\u0301n superior de Paraguay y la regio\u0301n MERCOSUR.<\/li>\n<\/ul>\t\t\t\t\t\t\t\t<\/div>\n\t\t\t\t\t<\/div>\n\t\t\t\t<\/div>\n\t\t<div class=\"elementor-element elementor-element-029e183 e-flex e-con-boxed e-con e-parent\" data-id=\"029e183\" data-element_type=\"container\" data-settings=\"{&quot;jet_parallax_layout_list&quot;:[]}\">\n\t\t\t\t\t<div class=\"e-con-inner\">\n\t\t\t\t<div class=\"elementor-element elementor-element-38a8068 elementor-widget elementor-widget-spacer\" data-id=\"38a8068\" data-element_type=\"widget\" data-widget_type=\"spacer.default\">\n\t\t\t\t\t\t\t<div class=\"elementor-spacer\">\n\t\t\t<div class=\"elementor-spacer-inner\"><\/div>\n\t\t<\/div>\n\t\t\t\t\t\t<\/div>\n\t\t\t\t<div class=\"elementor-element elementor-element-3975e76 elementor-widget elementor-widget-heading\" data-id=\"3975e76\" data-element_type=\"widget\" data-widget_type=\"heading.default\">\n\t\t\t\t\t<h2 class=\"elementor-heading-title elementor-size-default\">Requisitos de Admisi\u00f3n<\/h2>\t\t\t\t<\/div>\n\t\t\t\t<div class=\"elementor-element elementor-element-0d5e913 elementor-widget elementor-widget-text-editor\" data-id=\"0d5e913\" data-element_type=\"widget\" data-widget_type=\"text-editor.default\">\n\t\t\t\t\t\t\t\t\t<ul>\n \t<li>Completar formulario de preinscripcio\u0301n<\/li>\n \t<li>Ti\u0301tulo de Grado<\/li>\n \t<li>Certificado de Estudios<\/li>\n \t<li>Ce\u0301dula de Identidad<\/li>\n \t<li>Curri\u0301culum Vitae actualizado<\/li>\n<\/ul>\n<br \/>\n<strong>Observaci\u00f3n:<\/strong>\n<ul>\n \t<li>Los postulantes ser\u00e1n evaluados por el comit\u00e9 de admisi\u00f3n.<\/li>\n \t<li>Una vez que el postulante sea aceptado, la coordinaci\u00f3n contacta con los candidatos elegibles para completar el proceso de inscripci\u00f3n.<\/li>\n<\/ul>\t\t\t\t\t\t\t\t<\/div>\n\t\t\t\t<div class=\"elementor-element elementor-element-002de4f elementor-widget elementor-widget-spacer\" data-id=\"002de4f\" data-element_type=\"widget\" data-widget_type=\"spacer.default\">\n\t\t\t\t\t\t\t<div class=\"elementor-spacer\">\n\t\t\t<div class=\"elementor-spacer-inner\"><\/div>\n\t\t<\/div>\n\t\t\t\t\t\t<\/div>\n\t\t\t\t<div class=\"elementor-element elementor-element-f4a6806 elementor-widget elementor-widget-heading\" data-id=\"f4a6806\" data-element_type=\"widget\" data-widget_type=\"heading.default\">\n\t\t\t\t\t<h2 class=\"elementor-heading-title elementor-size-default\">Proceso de Inscripci\u00f3n<\/h2>\t\t\t\t<\/div>\n\t\t\t\t<div class=\"elementor-element elementor-element-9224511 elementor-widget elementor-widget-text-editor\" data-id=\"9224511\" data-element_type=\"widget\" data-widget_type=\"text-editor.default\">\n\t\t\t\t\t\t\t\t\t<ul>\n \t<li>Presentar contrato de vinculacio\u0301n y formulario de matriculacio\u0301n, ambos completos y firmados.\n\n \t<li>Pago de la matri\u0301cula (Gs. 600.000)<\/li>\n \t<li>Presentacio\u0301n de documentos en fi\u0301sico:<\/li>\n<\/ul>\n<ol>\n\n<li>T\u00edtulo de grado autenticado por el rectorado de la UNA.<\/li>\n<li>Certificado de estudios autenticado por el rectorado\nde la UNA.<\/li>\n<li>C\u00e9dula de identidad autenticada por escriban\u00eda.<\/li>\n<li>Curr\u00edculum Vitae impreso. 5. Foto Carnet.<\/li>\n<\/ol>\n\t\t\t\t\t\t\t\t<\/div>\n\t\t\t\t<div class=\"elementor-element elementor-element-6a2469e elementor-widget elementor-widget-spacer\" data-id=\"6a2469e\" data-element_type=\"widget\" data-widget_type=\"spacer.default\">\n\t\t\t\t\t\t\t<div class=\"elementor-spacer\">\n\t\t\t<div class=\"elementor-spacer-inner\"><\/div>\n\t\t<\/div>\n\t\t\t\t\t\t<\/div>\n\t\t\t\t<div class=\"elementor-element elementor-element-c11dbd0 elementor-widget elementor-widget-heading\" data-id=\"c11dbd0\" data-element_type=\"widget\" data-widget_type=\"heading.default\">\n\t\t\t\t\t<h2 class=\"elementor-heading-title elementor-size-default\">Costos<\/h2>\t\t\t\t<\/div>\n\t\t\t\t<div class=\"elementor-element elementor-element-dd58788 elementor-widget elementor-widget-text-editor\" data-id=\"dd58788\" data-element_type=\"widget\" data-widget_type=\"text-editor.default\">\n\t\t\t\t\t\t\t\t\t<ul>\n \t<li>Matri\u0301cula: Gs. 600.000<\/li>\n \t<li>Curso al Contado: Gs. 3.000.000<\/li>\n \t<li>Costo financiado: 6 cuotas x 600.000 Gs.<\/li>\n \t<li>Vencimientos: el 10 de cada mes.<\/li>\n \t<li>Otros costos como: Derecho a Examen, Solicitud de\n\nConstancias, etc. segu\u0301n lo establecido en el arancel vigente.<\/li>\n<\/ul>\n\t\t\t\t\t\t\t\t<\/div>\n\t\t\t\t<div class=\"elementor-element elementor-element-f2ad116 elementor-widget elementor-widget-spacer\" data-id=\"f2ad116\" data-element_type=\"widget\" data-widget_type=\"spacer.default\">\n\t\t\t\t\t\t\t<div class=\"elementor-spacer\">\n\t\t\t<div class=\"elementor-spacer-inner\"><\/div>\n\t\t<\/div>\n\t\t\t\t\t\t<\/div>\n\t\t\t\t<div class=\"elementor-element elementor-element-a98191c elementor-widget elementor-widget-heading\" data-id=\"a98191c\" data-element_type=\"widget\" data-widget_type=\"heading.default\">\n\t\t\t\t\t<h2 class=\"elementor-heading-title elementor-size-default\">Plan de estudios<\/h2>\t\t\t\t<\/div>\n\t\t\t\t<div class=\"elementor-element elementor-element-2045b03 elementor-widget elementor-widget-text-editor\" data-id=\"2045b03\" data-element_type=\"widget\" data-widget_type=\"text-editor.default\">\n\t\t\t\t\t\t\t\t\t<div class=\"page\" title=\"Page 6\"><table><tbody><tr><td><div class=\"layoutArea\"><div class=\"column\"><p>1. Educacio\u0301n, Dida\u0301ctica y Curri\u0301culum<\/p><\/div><\/div><\/td><td><div class=\"layoutArea\"><div class=\"column\"><p>CARGA HORARIA<\/p><\/div><\/div><\/td><\/tr><tr><td><div class=\"layoutArea\"><div class=\"column\"><p>1.1 La Educacio\u0301n<\/p><\/div><\/div><\/td><td><div class=\"layoutArea\"><div class=\"column\"><p>20<\/p><\/div><\/div><\/td><\/tr><tr><td><div class=\"layoutArea\"><div class=\"column\"><p>1.2 La Dida\u0301ctica<\/p><\/div><\/div><\/td><td><div class=\"layoutArea\"><div class=\"column\"><p>30<\/p><\/div><\/div><\/td><\/tr><tr><td><div class=\"layoutArea\"><div class=\"column\"><p>1.3 El Curri\u0301culum<\/p><\/div><\/div><\/td><td><div class=\"layoutArea\"><div class=\"column\"><p>30<\/p><\/div><\/div><\/td><\/tr><tr><td><div class=\"layoutArea\"><div class=\"column\"><p>1.4 La Programacio\u0301n Dida\u0301ctica<\/p><\/div><\/div><\/td><td><div class=\"layoutArea\"><div class=\"column\"><p>50<\/p><\/div><\/div><\/td><\/tr><tr><td><div class=\"layoutArea\"><div class=\"column\"><p>1.5 El Me\u0301todo de Ensen\u0303anza<\/p><\/div><\/div><\/td><td><div class=\"layoutArea\"><div class=\"column\"><p>50<\/p><\/div><\/div><\/td><\/tr><tr><td><div class=\"layoutArea\"><div class=\"column\"><p>TOTAL ASIGNATURA 1<\/p><\/div><\/div><\/td><td><div class=\"layoutArea\"><div class=\"column\"><p>180<\/p><\/div><\/div><\/td><\/tr><tr><td><div class=\"layoutArea\"><div class=\"column\"><p>2. Disen\u0303o Curricular, Evaluacio\u0301n del Aprendizaje y Calidad de la Docencia<\/p><\/div><\/div><\/td><td><div class=\"layoutArea\"><div class=\"column\"><p>CARGA HORARIA<\/p><\/div><\/div><\/td><\/tr><tr><td><div class=\"layoutArea\"><div class=\"column\"><p>2.1 Recursos Dida\u0301cticos<\/p><\/div><\/div><\/td><td><div class=\"layoutArea\"><div class=\"column\"><p>50<\/p><\/div><\/div><\/td><\/tr><tr><td><div class=\"layoutArea\"><div class=\"column\"><p>2.2 Evaluacio\u0301n del Aprendizaje<\/p><\/div><\/div><\/td><td><div class=\"layoutArea\"><div class=\"column\"><p>30<\/p><\/div><\/div><\/td><\/tr><tr><td><div class=\"layoutArea\"><div class=\"column\"><p>2.3 El Disen\u0303o Curricular<\/p><\/div><\/div><\/td><td><div class=\"layoutArea\"><div class=\"column\"><p>40<\/p><\/div><\/div><\/td><\/tr><tr><td><div class=\"layoutArea\"><div class=\"column\"><p>2.3 Calidad de la Docencia Universitaria<\/p><\/div><\/div><\/td><td><div class=\"layoutArea\"><div class=\"column\"><p>30<\/p><\/div><\/div><\/td><\/tr><tr><td><div class=\"layoutArea\"><div class=\"column\"><p>2.4 Trabajo Final<\/p><\/div><\/div><\/td><td><div class=\"layoutArea\"><div class=\"column\"><p>30<\/p><\/div><\/div><\/td><\/tr><tr><td><div class=\"layoutArea\"><div class=\"column\"><p>TOTAL ASIGNATURA 2<\/p><\/div><\/div><\/td><td><div class=\"layoutArea\"><div class=\"column\"><p>180<\/p><\/div><\/div><\/td><\/tr><tr><td><div class=\"layoutArea\"><div class=\"column\"><p>TOTAL<\/p><\/div><\/div><\/td><td><div class=\"layoutArea\"><div class=\"column\"><p>360<\/p><\/div><\/div><\/td><\/tr><\/tbody><\/table><\/div>\t\t\t\t\t\t\t\t<\/div>\n\t\t\t\t\t<\/div>\n\t\t\t\t<\/div>\n\t\t<div class=\"elementor-element elementor-element-b1f5ada e-flex e-con-boxed e-con e-parent\" data-id=\"b1f5ada\" data-element_type=\"container\" data-settings=\"{&quot;jet_parallax_layout_list&quot;:[]}\">\n\t\t\t\t\t<div class=\"e-con-inner\">\n\t\t\t\t\t<\/div>\n\t\t\t\t<\/div>\n\t\t\t\t<\/div>\n\t\t","protected":false},"excerpt":{"rendered":"<p>Descripci\u00f3n del programa Este programa ofrece una oportunidad u\u0301nica para profesionales que buscan adquirir habilidades pedago\u0301gicas y mejorar su desempen\u0303o en educacio\u0301n superior, adapta\u0301ndose a las necesidades actuales del aprendizaje. Duracio\u0301n: 6 meses Modalidad: 100% a distancia, con uso de la plataforma virtual Moodle. Carga horaria: 360 horas (330 horas de clases y 30 horas [&hellip;]<\/p>\n","protected":false},"author":1,"featured_media":0,"parent":46915,"menu_order":0,"comment_status":"closed","ping_status":"closed","template":"","meta":{"footnotes":""},"class_list":["post-47226","page","type-page","status-publish","hentry"],"_links":{"self":[{"href":"https:\/\/fcquna.edu.py\/v3\/wp-json\/wp\/v2\/pages\/47226","targetHints":{"allow":["GET"]}}],"collection":[{"href":"https:\/\/fcquna.edu.py\/v3\/wp-json\/wp\/v2\/pages"}],"about":[{"href":"https:\/\/fcquna.edu.py\/v3\/wp-json\/wp\/v2\/types\/page"}],"author":[{"embeddable":true,"href":"https:\/\/fcquna.edu.py\/v3\/wp-json\/wp\/v2\/users\/1"}],"replies":[{"embeddable":true,"href":"https:\/\/fcquna.edu.py\/v3\/wp-json\/wp\/v2\/comments?post=47226"}],"version-history":[{"count":1,"href":"https:\/\/fcquna.edu.py\/v3\/wp-json\/wp\/v2\/pages\/47226\/revisions"}],"predecessor-version":[{"id":47227,"href":"https:\/\/fcquna.edu.py\/v3\/wp-json\/wp\/v2\/pages\/47226\/revisions\/47227"}],"up":[{"embeddable":true,"href":"https:\/\/fcquna.edu.py\/v3\/wp-json\/wp\/v2\/pages\/46915"}],"wp:attachment":[{"href":"https:\/\/fcquna.edu.py\/v3\/wp-json\/wp\/v2\/media?parent=47226"}],"curies":[{"name":"wp","href":"https:\/\/api.w.org\/{rel}","templated":true}]}}