{"id":46915,"date":"2025-12-02T11:08:57","date_gmt":"2025-12-02T11:08:57","guid":{"rendered":"https:\/\/fcquna.edu.py\/v3\/?page_id=46915"},"modified":"2025-12-03T14:22:34","modified_gmt":"2025-12-03T14:22:34","slug":"especializaciones","status":"publish","type":"page","link":"https:\/\/fcquna.edu.py\/v3\/postgrado-2\/especializaciones\/","title":{"rendered":"Especializaciones"},"content":{"rendered":"\t\t<div data-elementor-type=\"wp-page\" data-elementor-id=\"46915\" class=\"elementor elementor-46915\" data-elementor-post-type=\"page\">\n\t\t\t\t<div class=\"elementor-element elementor-element-437961b e-flex e-con-boxed e-con e-parent\" data-id=\"437961b\" data-element_type=\"container\" data-settings=\"{&quot;jet_parallax_layout_list&quot;:[]}\">\n\t\t\t\t\t<div class=\"e-con-inner\">\n\t\t\t\t<div class=\"elementor-element elementor-element-63025ab elementor-widget elementor-widget-eael-breadcrumbs\" data-id=\"63025ab\" data-element_type=\"widget\" data-widget_type=\"eael-breadcrumbs.default\">\n\t\t\t\t<div class=\"elementor-widget-container\">\n\t\t\t\t\t\t\t<div class=\"eael-breadcrumbs\">\n\t\t\t<div class=\"eael-breadcrumbs__content\"><a href=\"https:\/\/fcquna.edu.py\/v3\">Home<\/a> <span class=\"eael-breadcrumb-separator\">\/<\/span> <span class = \"eael-current\">Page<\/span><\/div>\t\t<\/div>\n\t\t\t\t\t\t<\/div>\n\t\t\t\t<\/div>\n\t\t\t\t\t<\/div>\n\t\t\t\t<\/div>\n\t\t<div class=\"elementor-element elementor-element-a86a221 e-flex e-con-boxed e-con e-parent\" data-id=\"a86a221\" data-element_type=\"container\" data-settings=\"{&quot;jet_parallax_layout_list&quot;:[]}\">\n\t\t\t\t\t<div class=\"e-con-inner\">\n\t\t\t\t<div class=\"elementor-element elementor-element-6608ca9 elementor-widget elementor-widget-heading\" data-id=\"6608ca9\" data-element_type=\"widget\" data-widget_type=\"heading.default\">\n\t\t\t\t\t<h2 class=\"elementor-heading-title elementor-size-default\">Especializaciones de Postgrado<\/h2>\t\t\t\t<\/div>\n\t\t\t\t<div class=\"elementor-element elementor-element-7e0bee8 elementor-widget__width-initial elementor-widget elementor-widget-text-editor\" data-id=\"7e0bee8\" data-element_type=\"widget\" data-widget_type=\"text-editor.default\">\n\t\t\t\t\t\t\t\t\t<p><strong>Los programas de Especializaci\u00f3n de la FCQ-UNA implican un nivel superior de conocimientos en un \u00e1rea espec\u00edfica de las ciencias y se basa en el aprendizaje te\u00f3rico y pr\u00e1ctico.<\/strong><\/p>\t\t\t\t\t\t\t\t<\/div>\n\t\t\t\t\t<\/div>\n\t\t\t\t<\/div>\n\t\t<div class=\"elementor-element elementor-element-709ed7f e-flex e-con-boxed e-con e-parent\" data-id=\"709ed7f\" data-element_type=\"container\" data-settings=\"{&quot;jet_parallax_layout_list&quot;:[]}\">\n\t\t\t\t\t<div class=\"e-con-inner\">\n\t\t\t\t\t<\/div>\n\t\t\t\t<\/div>\n\t\t<div class=\"elementor-element elementor-element-41ba405 e-grid e-con-boxed e-con e-parent\" data-id=\"41ba405\" data-element_type=\"container\" data-settings=\"{&quot;jet_parallax_layout_list&quot;:[]}\">\n\t\t\t\t\t<div class=\"e-con-inner\">\n\t\t<div class=\"elementor-element elementor-element-144ad05 e-con-full e-flex e-con e-child\" data-id=\"144ad05\" data-element_type=\"container\" data-settings=\"{&quot;background_background&quot;:&quot;classic&quot;,&quot;jet_parallax_layout_list&quot;:[]}\">\n\t\t<div class=\"elementor-element elementor-element-53958b8 e-con-full e-flex e-con e-child\" data-id=\"53958b8\" data-element_type=\"container\" data-settings=\"{&quot;jet_parallax_layout_list&quot;:[]}\">\n\t\t\t\t<div class=\"elementor-element elementor-element-f7e8ef6 elementor-widget__width-inherit elementor-widget elementor-widget-text-editor\" data-id=\"f7e8ef6\" data-element_type=\"widget\" data-widget_type=\"text-editor.default\">\n\t\t\t\t\t\t\t\t\t<p>Duraci\u00f3n: 6 meses<\/p>\t\t\t\t\t\t\t\t<\/div>\n\t\t\t\t<div class=\"elementor-element elementor-element-3ebfb13 elementor-widget__width-initial elementor-widget elementor-widget-text-editor\" data-id=\"3ebfb13\" data-element_type=\"widget\" data-widget_type=\"text-editor.default\">\n\t\t\t\t\t\t\t\t\t<p>Virtual<\/p>\t\t\t\t\t\t\t\t<\/div>\n\t\t\t\t<\/div>\n\t\t\t\t<div class=\"elementor-element elementor-element-d186e03 elementor-widget__width-initial elementor-widget elementor-widget-heading\" data-id=\"d186e03\" data-element_type=\"widget\" data-widget_type=\"heading.default\">\n\t\t\t\t\t<h3 class=\"elementor-heading-title elementor-size-default\"><a href=\"https:\/\/fcquna.edu.py\/v3\/didactica-universitaria\">Did\u00e1ctica Universitaria<\/a><\/h3>\t\t\t\t<\/div>\n\t\t\t\t<\/div>\n\t\t<div class=\"elementor-element elementor-element-79adbaf e-con-full e-flex e-con e-child\" data-id=\"79adbaf\" data-element_type=\"container\" data-settings=\"{&quot;background_background&quot;:&quot;classic&quot;,&quot;jet_parallax_layout_list&quot;:[]}\">\n\t\t<div class=\"elementor-element elementor-element-d6456d4 e-con-full e-flex e-con e-child\" data-id=\"d6456d4\" data-element_type=\"container\" data-settings=\"{&quot;jet_parallax_layout_list&quot;:[]}\">\n\t\t\t\t<div class=\"elementor-element elementor-element-2c3e650 elementor-widget__width-inherit elementor-widget elementor-widget-text-editor\" data-id=\"2c3e650\" data-element_type=\"widget\" data-widget_type=\"text-editor.default\">\n\t\t\t\t\t\t\t\t\t<p>Duraci\u00f3n: 1 a\u00f1o<\/p>\t\t\t\t\t\t\t\t<\/div>\n\t\t\t\t<div class=\"elementor-element elementor-element-efc43c2 elementor-widget__width-initial elementor-widget elementor-widget-text-editor\" data-id=\"efc43c2\" data-element_type=\"widget\" data-widget_type=\"text-editor.default\">\n\t\t\t\t\t\t\t\t\t<p>Semi presencial<\/p>\t\t\t\t\t\t\t\t<\/div>\n\t\t\t\t<\/div>\n\t\t\t\t<div class=\"elementor-element elementor-element-24d4e9c elementor-widget__width-initial elementor-widget elementor-widget-heading\" data-id=\"24d4e9c\" data-element_type=\"widget\" data-widget_type=\"heading.default\">\n\t\t\t\t\t<h3 class=\"elementor-heading-title elementor-size-default\"><a href=\"https:\/\/fcquna.edu.py\/v3\/postgrado-2\/especializaciones\/farmacia-clinica-y-atencion-farmaceutica\">Farmacia Cl\u00ednica y Atenci\u00f3n Farmac\u00e9utica<\/a><\/h3>\t\t\t\t<\/div>\n\t\t\t\t<\/div>\n\t\t<div class=\"elementor-element elementor-element-2804de7 e-con-full e-flex e-con e-child\" data-id=\"2804de7\" data-element_type=\"container\" data-settings=\"{&quot;background_background&quot;:&quot;classic&quot;,&quot;jet_parallax_layout_list&quot;:[]}\">\n\t\t<div class=\"elementor-element elementor-element-538f3e9 e-con-full e-flex e-con e-child\" data-id=\"538f3e9\" data-element_type=\"container\" data-settings=\"{&quot;jet_parallax_layout_list&quot;:[]}\">\n\t\t\t\t<div class=\"elementor-element elementor-element-77df9e1 elementor-widget__width-inherit elementor-widget elementor-widget-text-editor\" data-id=\"77df9e1\" data-element_type=\"widget\" data-widget_type=\"text-editor.default\">\n\t\t\t\t\t\t\t\t\t<p>Duraci\u00f3n: 1 a\u00f1o<\/p>\t\t\t\t\t\t\t\t<\/div>\n\t\t\t\t<div class=\"elementor-element elementor-element-b99cfce elementor-widget__width-initial elementor-widget elementor-widget-text-editor\" data-id=\"b99cfce\" data-element_type=\"widget\" data-widget_type=\"text-editor.default\">\n\t\t\t\t\t\t\t\t\t<p>Semi presencial<\/p>\t\t\t\t\t\t\t\t<\/div>\n\t\t\t\t<\/div>\n\t\t\t\t<div class=\"elementor-element elementor-element-d29e7fa elementor-widget__width-initial elementor-widget elementor-widget-heading\" data-id=\"d29e7fa\" data-element_type=\"widget\" data-widget_type=\"heading.default\">\n\t\t\t\t\t<h3 class=\"elementor-heading-title elementor-size-default\"><a href=\"https:\/\/fcquna.edu.py\/v3\/postgrado-2\/especializaciones\/farmacia-industrial\/\">Farmacia Industrial<\/a><\/h3>\t\t\t\t<\/div>\n\t\t\t\t<\/div>\n\t\t<div class=\"elementor-element elementor-element-def1448 e-con-full e-flex e-con e-child\" data-id=\"def1448\" data-element_type=\"container\" data-settings=\"{&quot;background_background&quot;:&quot;classic&quot;,&quot;jet_parallax_layout_list&quot;:[]}\">\n\t\t<div class=\"elementor-element elementor-element-906c1f7 e-con-full e-flex e-con e-child\" data-id=\"906c1f7\" data-element_type=\"container\" data-settings=\"{&quot;jet_parallax_layout_list&quot;:[]}\">\n\t\t\t\t<div class=\"elementor-element elementor-element-8c97638 elementor-widget__width-inherit elementor-widget elementor-widget-text-editor\" data-id=\"8c97638\" data-element_type=\"widget\" data-widget_type=\"text-editor.default\">\n\t\t\t\t\t\t\t\t\t<p>Duraci\u00f3n: 1 a\u00f1o<\/p>\t\t\t\t\t\t\t\t<\/div>\n\t\t\t\t<div class=\"elementor-element elementor-element-da85998 elementor-widget__width-initial elementor-widget elementor-widget-text-editor\" data-id=\"da85998\" data-element_type=\"widget\" data-widget_type=\"text-editor.default\">\n\t\t\t\t\t\t\t\t\t<p>Semi presencial<\/p>\t\t\t\t\t\t\t\t<\/div>\n\t\t\t\t<\/div>\n\t\t\t\t<div class=\"elementor-element elementor-element-a93f9bf elementor-widget__width-initial elementor-widget elementor-widget-heading\" data-id=\"a93f9bf\" data-element_type=\"widget\" data-widget_type=\"heading.default\">\n\t\t\t\t\t<h3 class=\"elementor-heading-title elementor-size-default\"><a href=\"https:\/\/fcquna.edu.py\/v3\/postgrado-2\/especializaciones\/ciencias-del-laboratorio-clinico\/\">Ciencias del Laboratorio Cl\u00ednico<\/a><\/h3>\t\t\t\t<\/div>\n\t\t\t\t<\/div>\n\t\t<div class=\"elementor-element elementor-element-6cac847 e-con-full e-flex e-con e-child\" data-id=\"6cac847\" data-element_type=\"container\" data-settings=\"{&quot;background_background&quot;:&quot;classic&quot;,&quot;jet_parallax_layout_list&quot;:[]}\">\n\t\t<div class=\"elementor-element elementor-element-2f6785e e-con-full e-flex e-con e-child\" data-id=\"2f6785e\" data-element_type=\"container\" data-settings=\"{&quot;jet_parallax_layout_list&quot;:[]}\">\n\t\t\t\t<div class=\"elementor-element elementor-element-c5a0570 elementor-widget__width-inherit elementor-widget elementor-widget-text-editor\" data-id=\"c5a0570\" data-element_type=\"widget\" data-widget_type=\"text-editor.default\">\n\t\t\t\t\t\t\t\t\t<p>Duraci\u00f3n: 1 a\u00f1o<\/p>\t\t\t\t\t\t\t\t<\/div>\n\t\t\t\t<div class=\"elementor-element elementor-element-34c26bb elementor-widget__width-initial elementor-widget elementor-widget-text-editor\" data-id=\"34c26bb\" data-element_type=\"widget\" data-widget_type=\"text-editor.default\">\n\t\t\t\t\t\t\t\t\t<p>Semi presencial<\/p>\t\t\t\t\t\t\t\t<\/div>\n\t\t\t\t<\/div>\n\t\t\t\t<div class=\"elementor-element elementor-element-6ec0f13 elementor-widget__width-initial elementor-widget elementor-widget-heading\" data-id=\"6ec0f13\" data-element_type=\"widget\" data-widget_type=\"heading.default\">\n\t\t\t\t\t<h3 class=\"elementor-heading-title elementor-size-default\"><a href=\"https:\/\/fcquna.edu.py\/v3\/postgrado-2\/especializaciones\/ciencias-de-los-alimentos\/\">Ciencias de los Alimentos<\/a><\/h3>\t\t\t\t<\/div>\n\t\t\t\t<\/div>\n\t\t<div class=\"elementor-element elementor-element-cfc9211 e-con-full e-flex e-con e-child\" data-id=\"cfc9211\" data-element_type=\"container\" data-settings=\"{&quot;background_background&quot;:&quot;classic&quot;,&quot;jet_parallax_layout_list&quot;:[]}\">\n\t\t<div class=\"elementor-element elementor-element-e60f7e9 e-con-full e-flex e-con e-child\" data-id=\"e60f7e9\" data-element_type=\"container\" data-settings=\"{&quot;jet_parallax_layout_list&quot;:[]}\">\n\t\t\t\t<div class=\"elementor-element elementor-element-27d1501 elementor-widget__width-inherit elementor-widget elementor-widget-text-editor\" data-id=\"27d1501\" data-element_type=\"widget\" data-widget_type=\"text-editor.default\">\n\t\t\t\t\t\t\t\t\t<p>Duraci\u00f3n: 1 a\u00f1o<\/p>\t\t\t\t\t\t\t\t<\/div>\n\t\t\t\t<div class=\"elementor-element elementor-element-5054332 elementor-widget__width-initial elementor-widget elementor-widget-text-editor\" data-id=\"5054332\" data-element_type=\"widget\" data-widget_type=\"text-editor.default\">\n\t\t\t\t\t\t\t\t\t<p>Semi presencial<\/p>\t\t\t\t\t\t\t\t<\/div>\n\t\t\t\t<\/div>\n\t\t\t\t<div class=\"elementor-element elementor-element-059c82e elementor-widget__width-initial elementor-widget elementor-widget-heading\" data-id=\"059c82e\" data-element_type=\"widget\" data-widget_type=\"heading.default\">\n\t\t\t\t\t<h3 class=\"elementor-heading-title elementor-size-default\"><a href=\"https:\/\/fcquna.edu.py\/v3\/postgrado-2\/especializaciones\/dietetica-clinica-y-soporte-nutricional\/\">Diet\u00e9tica Cl\u00ednica y Soporte Nutricional<\/a><\/h3>\t\t\t\t<\/div>\n\t\t\t\t<\/div>\n\t\t<div class=\"elementor-element elementor-element-9455ff2 e-con-full e-flex e-con e-child\" data-id=\"9455ff2\" data-element_type=\"container\" data-settings=\"{&quot;background_background&quot;:&quot;classic&quot;,&quot;jet_parallax_layout_list&quot;:[]}\">\n\t\t<div class=\"elementor-element elementor-element-d15b3e9 e-con-full e-flex e-con e-child\" data-id=\"d15b3e9\" data-element_type=\"container\" data-settings=\"{&quot;jet_parallax_layout_list&quot;:[]}\">\n\t\t\t\t<div class=\"elementor-element elementor-element-dc77153 elementor-widget__width-inherit elementor-widget elementor-widget-text-editor\" data-id=\"dc77153\" data-element_type=\"widget\" data-widget_type=\"text-editor.default\">\n\t\t\t\t\t\t\t\t\t<p>Duraci\u00f3n: 1 a\u00f1o<\/p>\t\t\t\t\t\t\t\t<\/div>\n\t\t\t\t<div class=\"elementor-element elementor-element-0853560 elementor-widget__width-initial elementor-widget elementor-widget-text-editor\" data-id=\"0853560\" data-element_type=\"widget\" data-widget_type=\"text-editor.default\">\n\t\t\t\t\t\t\t\t\t<p>Semi presencial<\/p>\t\t\t\t\t\t\t\t<\/div>\n\t\t\t\t<\/div>\n\t\t\t\t<div class=\"elementor-element elementor-element-bca084d elementor-widget__width-initial elementor-widget elementor-widget-heading\" data-id=\"bca084d\" data-element_type=\"widget\" data-widget_type=\"heading.default\">\n\t\t\t\t\t<h3 class=\"elementor-heading-title elementor-size-default\"><a href=\"https:\/\/fcquna.edu.py\/v3\/postgrado-2\/especializaciones\/metodologia-de-la-investigacion\/\">Metodolog\u00eda de la Investigaci\u00f3n<\/a><\/h3>\t\t\t\t<\/div>\n\t\t\t\t<\/div>\n\t\t\t\t\t<\/div>\n\t\t\t\t<\/div>\n\t\t<div class=\"elementor-element elementor-element-a022213 e-flex e-con-boxed e-con e-parent\" data-id=\"a022213\" data-element_type=\"container\" data-settings=\"{&quot;jet_parallax_layout_list&quot;:[]}\">\n\t\t\t\t\t<div class=\"e-con-inner\">\n\t\t\t\t<div class=\"elementor-element elementor-element-0a19613 elementor-widget elementor-widget-spacer\" data-id=\"0a19613\" data-element_type=\"widget\" data-widget_type=\"spacer.default\">\n\t\t\t\t\t\t\t<div class=\"elementor-spacer\">\n\t\t\t<div class=\"elementor-spacer-inner\"><\/div>\n\t\t<\/div>\n\t\t\t\t\t\t<\/div>\n\t\t\t\t\t<\/div>\n\t\t\t\t<\/div>\n\t\t<div class=\"elementor-element elementor-element-f819e14 e-flex e-con-boxed e-con e-parent\" data-id=\"f819e14\" data-element_type=\"container\" data-settings=\"{&quot;jet_parallax_layout_list&quot;:[]}\">\n\t\t\t\t\t<div class=\"e-con-inner\">\n\t\t\t\t\t<\/div>\n\t\t\t\t<\/div>\n\t\t\t\t<\/div>\n\t\t","protected":false},"excerpt":{"rendered":"<p>Home \/ Page Especializaciones de Postgrado Los programas de Especializaci\u00f3n de la FCQ-UNA implican un nivel superior de conocimientos en un \u00e1rea espec\u00edfica de las ciencias y se basa en el aprendizaje te\u00f3rico y pr\u00e1ctico. Duraci\u00f3n: 6 meses Virtual Did\u00e1ctica Universitaria Duraci\u00f3n: 1 a\u00f1o Semi presencial Farmacia Cl\u00ednica y Atenci\u00f3n Farmac\u00e9utica Duraci\u00f3n: 1 a\u00f1o Semi [&hellip;]<\/p>\n","protected":false},"author":1,"featured_media":0,"parent":45205,"menu_order":0,"comment_status":"closed","ping_status":"closed","template":"elementor_header_footer","meta":{"footnotes":""},"class_list":["post-46915","page","type-page","status-publish","hentry"],"_links":{"self":[{"href":"https:\/\/fcquna.edu.py\/v3\/wp-json\/wp\/v2\/pages\/46915","targetHints":{"allow":["GET"]}}],"collection":[{"href":"https:\/\/fcquna.edu.py\/v3\/wp-json\/wp\/v2\/pages"}],"about":[{"href":"https:\/\/fcquna.edu.py\/v3\/wp-json\/wp\/v2\/types\/page"}],"author":[{"embeddable":true,"href":"https:\/\/fcquna.edu.py\/v3\/wp-json\/wp\/v2\/users\/1"}],"replies":[{"embeddable":true,"href":"https:\/\/fcquna.edu.py\/v3\/wp-json\/wp\/v2\/comments?post=46915"}],"version-history":[{"count":313,"href":"https:\/\/fcquna.edu.py\/v3\/wp-json\/wp\/v2\/pages\/46915\/revisions"}],"predecessor-version":[{"id":47291,"href":"https:\/\/fcquna.edu.py\/v3\/wp-json\/wp\/v2\/pages\/46915\/revisions\/47291"}],"up":[{"embeddable":true,"href":"https:\/\/fcquna.edu.py\/v3\/wp-json\/wp\/v2\/pages\/45205"}],"wp:attachment":[{"href":"https:\/\/fcquna.edu.py\/v3\/wp-json\/wp\/v2\/media?parent=46915"}],"curies":[{"name":"wp","href":"https:\/\/api.w.org\/{rel}","templated":true}]}}