{"id":46002,"date":"2025-11-20T22:11:08","date_gmt":"2025-11-20T22:11:08","guid":{"rendered":"https:\/\/fcquna.edu.py\/v3\/?page_id=46002"},"modified":"2025-11-21T00:27:53","modified_gmt":"2025-11-21T00:27:53","slug":"laboratorio-de-metrologia","status":"publish","type":"page","link":"https:\/\/fcquna.edu.py\/v3\/centro-tecnologico-quimico\/servicios-ctq-2\/laboratorio-de-metrologia\/","title":{"rendered":"Laboratorio de Metrolog\u00eda"},"content":{"rendered":"\t\t<div data-elementor-type=\"wp-page\" data-elementor-id=\"46002\" class=\"elementor elementor-46002\" data-elementor-post-type=\"page\">\n\t\t\t\t<div class=\"elementor-element elementor-element-f855f5c e-flex e-con-boxed e-con e-parent\" data-id=\"f855f5c\" data-element_type=\"container\" data-settings=\"{&quot;background_background&quot;:&quot;slideshow&quot;,&quot;background_slideshow_gallery&quot;:[{&quot;id&quot;:46004,&quot;url&quot;:&quot;https:\\\/\\\/fcquna.edu.py\\\/v3\\\/wp-content\\\/uploads\\\/2025\\\/11\\\/banner-metrologia.jpg&quot;}],&quot;jet_parallax_layout_list&quot;:[],&quot;background_slideshow_loop&quot;:&quot;yes&quot;,&quot;background_slideshow_slide_duration&quot;:5000,&quot;background_slideshow_slide_transition&quot;:&quot;fade&quot;,&quot;background_slideshow_transition_duration&quot;:500}\">\n\t\t\t\t\t<div class=\"e-con-inner\">\n\t\t<div class=\"elementor-element elementor-element-ff495ac e-flex e-con-boxed e-con e-child\" data-id=\"ff495ac\" data-element_type=\"container\" data-settings=\"{&quot;jet_parallax_layout_list&quot;:[]}\">\n\t\t\t\t\t<div class=\"e-con-inner\">\n\t\t<div class=\"elementor-element elementor-element-b3b18dd e-grid e-con-boxed e-con e-child\" data-id=\"b3b18dd\" data-element_type=\"container\" data-settings=\"{&quot;jet_parallax_layout_list&quot;:[]}\">\n\t\t\t\t\t<div class=\"e-con-inner\">\n\t\t\t\t<div class=\"elementor-element elementor-element-e5486d3 elementor-widget elementor-widget-heading\" data-id=\"e5486d3\" data-element_type=\"widget\" data-widget_type=\"heading.default\">\n\t\t\t\t\t<h2 class=\"elementor-heading-title elementor-size-default\">Laboratorio de Metrolog\u00eda<\/h2>\t\t\t\t<\/div>\n\t\t\t\t\t<\/div>\n\t\t\t\t<\/div>\n\t\t\t\t\t<\/div>\n\t\t\t\t<\/div>\n\t\t\t\t\t<\/div>\n\t\t\t\t<\/div>\n\t\t<div class=\"elementor-element elementor-element-de65f62 e-flex e-con-boxed e-con e-parent\" data-id=\"de65f62\" data-element_type=\"container\" data-settings=\"{&quot;jet_parallax_layout_list&quot;:[]}\">\n\t\t\t\t\t<div class=\"e-con-inner\">\n\t\t\t\t<div class=\"elementor-element elementor-element-f8e2c3d elementor-widget elementor-widget-eael-breadcrumbs\" data-id=\"f8e2c3d\" data-element_type=\"widget\" data-widget_type=\"eael-breadcrumbs.default\">\n\t\t\t\t<div class=\"elementor-widget-container\">\n\t\t\t\t\t\t\t<div class=\"eael-breadcrumbs\">\n\t\t\t<div class=\"eael-breadcrumbs__content\"><a href=\"https:\/\/fcquna.edu.py\/v3\">Home<\/a> <span class=\"eael-breadcrumb-separator\">\/<\/span> <span class = \"eael-current\">Page<\/span><\/div>\t\t<\/div>\n\t\t\t\t\t\t<\/div>\n\t\t\t\t<\/div>\n\t\t\t\t\t<\/div>\n\t\t\t\t<\/div>\n\t\t<div class=\"elementor-element elementor-element-3d44b64 e-flex e-con-boxed e-con e-parent\" data-id=\"3d44b64\" data-element_type=\"container\" data-settings=\"{&quot;jet_parallax_layout_list&quot;:[]}\">\n\t\t\t\t\t<div class=\"e-con-inner\">\n\t\t\t\t<div class=\"elementor-element elementor-element-76bbebe elementor-widget elementor-widget-text-editor\" data-id=\"76bbebe\" data-element_type=\"widget\" data-widget_type=\"text-editor.default\">\n\t\t\t\t\t\t\t\t\t<p style=\"text-align: center;\"><strong>Laboratorio de Calibraci\u00f3n acreditado por el Organismo Nacional de Acreditaci\u00f3n, conforme con la Norma NP ISO\/IEC 17025:2018<\/strong><\/p>\t\t\t\t\t\t\t\t<\/div>\n\t\t\t\t\t<\/div>\n\t\t\t\t<\/div>\n\t\t<div class=\"elementor-element elementor-element-12c6c29 e-flex e-con-boxed e-con e-parent\" data-id=\"12c6c29\" data-element_type=\"container\" data-settings=\"{&quot;jet_parallax_layout_list&quot;:[]}\">\n\t\t\t\t\t<div class=\"e-con-inner\">\n\t\t\t\t<div class=\"elementor-element elementor-element-6edde2b elementor-widget elementor-widget-text-editor\" data-id=\"6edde2b\" data-element_type=\"widget\" data-widget_type=\"text-editor.default\">\n\t\t\t\t\t\t\t\t\t<p>SERVICIOS<\/p>\t\t\t\t\t\t\t\t<\/div>\n\t\t\t\t<div class=\"elementor-element elementor-element-6c89390 elementor-widget elementor-widget-heading\" data-id=\"6c89390\" data-element_type=\"widget\" data-widget_type=\"heading.default\">\n\t\t\t\t\t<h2 class=\"elementor-heading-title elementor-size-default\">Calibraci\u00f3n de Materiales Volum\u00e9tricos<\/h2>\t\t\t\t<\/div>\n\t\t\t\t<div class=\"elementor-element elementor-element-082a4a7 elementor-widget elementor-widget-text-editor\" data-id=\"082a4a7\" data-element_type=\"widget\" data-widget_type=\"text-editor.default\">\n\t\t\t\t\t\t\t\t\t\n<ul>\n \t<li>Matraces<\/li>\n \t<li>Pipetas Graduadas<\/li>\n \t<li>Micropipetas<\/li>\n \t<li>Pipetas volum\u00e9tricas<\/li>\n \t<li>Probetas<\/li>\n \t<li>Buretas<\/li>\n<\/ul>\t\t\t\t\t\t\t\t<\/div>\n\t\t\t\t\t<\/div>\n\t\t\t\t<\/div>\n\t\t<div class=\"elementor-element elementor-element-66cd9ee e-flex e-con-boxed e-con e-parent\" data-id=\"66cd9ee\" data-element_type=\"container\" data-settings=\"{&quot;jet_parallax_layout_list&quot;:[]}\">\n\t\t\t\t\t<div class=\"e-con-inner\">\n\t\t\t\t<div class=\"elementor-element elementor-element-4440108 elementor-widget elementor-widget-heading\" data-id=\"4440108\" data-element_type=\"widget\" data-widget_type=\"heading.default\">\n\t\t\t\t\t<h2 class=\"elementor-heading-title elementor-size-default\">Contacto<\/h2>\t\t\t\t<\/div>\n\t\t\t\t\t<\/div>\n\t\t\t\t<\/div>\n\t\t<div class=\"elementor-element elementor-element-6343160 e-flex e-con-boxed e-con e-parent\" data-id=\"6343160\" data-element_type=\"container\" data-settings=\"{&quot;jet_parallax_layout_list&quot;:[]}\">\n\t\t\t\t\t<div class=\"e-con-inner\">\n\t\t\t\t<div class=\"elementor-element elementor-element-614c8e5 elementor-widget elementor-widget-text-editor\" data-id=\"614c8e5\" data-element_type=\"widget\" data-widget_type=\"text-editor.default\">\n\t\t\t\t\t\t\t\t\t<p>(021) 729 0030 int: 103 | <i class=\"fa-brands fa-whatsapp\"><\/i> 0991 973 194 | <i class=\"fa-regular fa-envelope\"><\/i> <a href=\"mailto:ctqenlace@qui.una.py\">ctqenlace@qui.una.py<\/a><\/p>\t\t\t\t\t\t\t\t<\/div>\n\t\t\t\t\t<\/div>\n\t\t\t\t<\/div>\n\t\t\t\t<\/div>\n\t\t","protected":false},"excerpt":{"rendered":"<p>Laboratorio de Metrolog\u00eda Home \/ Page Laboratorio de Calibraci\u00f3n acreditado por el Organismo Nacional de Acreditaci\u00f3n, conforme con la Norma NP ISO\/IEC 17025:2018 SERVICIOS Calibraci\u00f3n de Materiales Volum\u00e9tricos Matraces Pipetas Graduadas Micropipetas Pipetas volum\u00e9tricas Probetas Buretas Contacto (021) 729 0030 int: 103 | 0991 973 194 | ctqenlace@qui.una.py<\/p>\n","protected":false},"author":1,"featured_media":45893,"parent":45710,"menu_order":0,"comment_status":"closed","ping_status":"closed","template":"elementor_header_footer","meta":{"footnotes":""},"class_list":["post-46002","page","type-page","status-publish","has-post-thumbnail","hentry"],"_links":{"self":[{"href":"https:\/\/fcquna.edu.py\/v3\/wp-json\/wp\/v2\/pages\/46002","targetHints":{"allow":["GET"]}}],"collection":[{"href":"https:\/\/fcquna.edu.py\/v3\/wp-json\/wp\/v2\/pages"}],"about":[{"href":"https:\/\/fcquna.edu.py\/v3\/wp-json\/wp\/v2\/types\/page"}],"author":[{"embeddable":true,"href":"https:\/\/fcquna.edu.py\/v3\/wp-json\/wp\/v2\/users\/1"}],"replies":[{"embeddable":true,"href":"https:\/\/fcquna.edu.py\/v3\/wp-json\/wp\/v2\/comments?post=46002"}],"version-history":[{"count":193,"href":"https:\/\/fcquna.edu.py\/v3\/wp-json\/wp\/v2\/pages\/46002\/revisions"}],"predecessor-version":[{"id":46312,"href":"https:\/\/fcquna.edu.py\/v3\/wp-json\/wp\/v2\/pages\/46002\/revisions\/46312"}],"up":[{"embeddable":true,"href":"https:\/\/fcquna.edu.py\/v3\/wp-json\/wp\/v2\/pages\/45710"}],"wp:featuredmedia":[{"embeddable":true,"href":"https:\/\/fcquna.edu.py\/v3\/wp-json\/wp\/v2\/media\/45893"}],"wp:attachment":[{"href":"https:\/\/fcquna.edu.py\/v3\/wp-json\/wp\/v2\/media?parent=46002"}],"curies":[{"name":"wp","href":"https:\/\/api.w.org\/{rel}","templated":true}]}}