{"id":45836,"date":"2025-11-20T20:11:23","date_gmt":"2025-11-20T20:11:23","guid":{"rendered":"https:\/\/fcquna.edu.py\/v3\/?page_id=45836"},"modified":"2025-11-21T00:21:19","modified_gmt":"2025-11-21T00:21:19","slug":"laboratorio-de-agua","status":"publish","type":"page","link":"https:\/\/fcquna.edu.py\/v3\/centro-tecnologico-quimico\/servicios-ctq-2\/laboratorio-de-agua\/","title":{"rendered":"Laboratorio de Agua"},"content":{"rendered":"\t\t<div data-elementor-type=\"wp-page\" data-elementor-id=\"45836\" class=\"elementor elementor-45836\" data-elementor-post-type=\"page\">\n\t\t\t\t<div class=\"elementor-element elementor-element-08c5195 e-flex e-con-boxed e-con e-parent\" data-id=\"08c5195\" data-element_type=\"container\" data-settings=\"{&quot;background_background&quot;:&quot;slideshow&quot;,&quot;background_slideshow_gallery&quot;:[{&quot;id&quot;:45887,&quot;url&quot;:&quot;https:\\\/\\\/fcquna.edu.py\\\/v3\\\/wp-content\\\/uploads\\\/2025\\\/11\\\/banner-lab-agua.jpg&quot;}],&quot;jet_parallax_layout_list&quot;:[],&quot;background_slideshow_loop&quot;:&quot;yes&quot;,&quot;background_slideshow_slide_duration&quot;:5000,&quot;background_slideshow_slide_transition&quot;:&quot;fade&quot;,&quot;background_slideshow_transition_duration&quot;:500}\">\n\t\t\t\t\t<div class=\"e-con-inner\">\n\t\t<div class=\"elementor-element elementor-element-8a9a0cd e-con-full e-flex e-con e-child\" data-id=\"8a9a0cd\" data-element_type=\"container\" data-settings=\"{&quot;jet_parallax_layout_list&quot;:[]}\">\n\t\t<div class=\"elementor-element elementor-element-afe356d e-flex e-con-boxed e-con e-child\" data-id=\"afe356d\" data-element_type=\"container\" data-settings=\"{&quot;jet_parallax_layout_list&quot;:[]}\">\n\t\t\t\t\t<div class=\"e-con-inner\">\n\t\t<div class=\"elementor-element elementor-element-d41fdd3 e-grid e-con-full e-con e-child\" data-id=\"d41fdd3\" data-element_type=\"container\" data-settings=\"{&quot;jet_parallax_layout_list&quot;:[]}\">\n\t\t\t\t<div class=\"elementor-element elementor-element-99db120 elementor-widget elementor-widget-text-editor\" data-id=\"99db120\" data-element_type=\"widget\" data-widget_type=\"text-editor.default\">\n\t\t\t\t\t\t\t\t\t<h2><strong>Laboratorio del Agua<\/strong><\/h2>\t\t\t\t\t\t\t\t<\/div>\n\t\t\t\t<\/div>\n\t\t\t\t\t<\/div>\n\t\t\t\t<\/div>\n\t\t\t\t<\/div>\n\t\t\t\t\t<\/div>\n\t\t\t\t<\/div>\n\t\t<div class=\"elementor-element elementor-element-68b789c e-flex e-con-boxed e-con e-parent\" data-id=\"68b789c\" data-element_type=\"container\" data-settings=\"{&quot;jet_parallax_layout_list&quot;:[]}\">\n\t\t\t\t\t<div class=\"e-con-inner\">\n\t\t\t\t<div class=\"elementor-element elementor-element-95cfb46 elementor-widget elementor-widget-eael-breadcrumbs\" data-id=\"95cfb46\" data-element_type=\"widget\" data-widget_type=\"eael-breadcrumbs.default\">\n\t\t\t\t<div class=\"elementor-widget-container\">\n\t\t\t\t\t\t\t<div class=\"eael-breadcrumbs\">\n\t\t\t<div class=\"eael-breadcrumbs__content\"><a href=\"https:\/\/fcquna.edu.py\/v3\">Home<\/a> <span class=\"eael-breadcrumb-separator\">\/<\/span> <span class = \"eael-current\">Page<\/span><\/div>\t\t<\/div>\n\t\t\t\t\t\t<\/div>\n\t\t\t\t<\/div>\n\t\t\t\t\t<\/div>\n\t\t\t\t<\/div>\n\t\t<div class=\"elementor-element elementor-element-12c6c29 e-flex e-con-boxed e-con e-parent\" data-id=\"12c6c29\" data-element_type=\"container\" data-settings=\"{&quot;jet_parallax_layout_list&quot;:[]}\">\n\t\t\t\t\t<div class=\"e-con-inner\">\n\t\t\t\t<div class=\"elementor-element elementor-element-9e304fa elementor-widget elementor-widget-text-editor\" data-id=\"9e304fa\" data-element_type=\"widget\" data-widget_type=\"text-editor.default\">\n\t\t\t\t\t\t\t\t\t<p><strong>En nuestro Laboratorio de Agua se realizan an\u00e1lisis fisicoqu\u00edmicos para el control de aguas para consumo humano, animal, riego, uso y desecho industrial, uso recreativo, fuentes naturales.<\/strong><\/p>\t\t\t\t\t\t\t\t<\/div>\n\t\t\t\t<div class=\"elementor-element elementor-element-cf89bac elementor-widget elementor-widget-text-editor\" data-id=\"cf89bac\" data-element_type=\"widget\" data-widget_type=\"text-editor.default\">\n\t\t\t\t\t\t\t\t\t<p>SERVICIOS<\/p>\t\t\t\t\t\t\t\t<\/div>\n\t\t\t\t<div class=\"elementor-element elementor-element-6c89390 elementor-widget elementor-widget-heading\" data-id=\"6c89390\" data-element_type=\"widget\" data-widget_type=\"heading.default\">\n\t\t\t\t\t<h2 class=\"elementor-heading-title elementor-size-default\">Par\u00e1metros Fisicoqu\u00edmicos<\/h2>\t\t\t\t<\/div>\n\t\t<div class=\"elementor-element elementor-element-757ec27 e-grid e-con-full e-con e-child\" data-id=\"757ec27\" data-element_type=\"container\" data-settings=\"{&quot;jet_parallax_layout_list&quot;:[]}\">\n\t\t\t\t<div class=\"elementor-element elementor-element-273243f elementor-widget elementor-widget-text-editor\" data-id=\"273243f\" data-element_type=\"widget\" data-widget_type=\"text-editor.default\">\n\t\t\t\t\t\t\t\t\t<p><strong>Par\u00e1metro de potabilidad<\/strong><\/p><ul><li>Aspecto &#8211; Alcalinidad total<\/li><li>Alcalinidad F &#8211; Calcio<\/li><li>Claro residual &#8211; Cloruro<\/li><li>Color &#8211; Conductividad<\/li><li>Dureza total &#8211; Fluoruro<\/li><li>Hierro total &#8211; Magnesia<\/li><li>Nitrate &#8211; Nitrito<\/li><li>Nitr\u00f3geno amoniacal<\/li><li>Olor &#8211; Materia org\u00e1nica<\/li><li>pH &#8211; Potasio &#8211; Sodio<\/li><li>S\u00f3lidos totales<\/li><li>S\u00f3lidos disueltos totales<\/li><li>Sulfato &#8211; Turbidez<\/li><li>Metales pesados (As, Cr, Mn, Cu, Zn, Cd, Hg, Pb)<\/li><\/ul>\t\t\t\t\t\t\t\t<\/div>\n\t\t\t\t<div class=\"elementor-element elementor-element-9b7b862 elementor-widget elementor-widget-text-editor\" data-id=\"9b7b862\" data-element_type=\"widget\" data-widget_type=\"text-editor.default\">\n\t\t\t\t\t\t\t\t\t<strong>Control de Desechos Industriales<\/strong>\n<ul>\n \t<li>Ars\u00e9nico &#8211; Born<\/li>\n \t<li>Cadmio &#8211; Cobre<\/li>\n \t<li>Cromo hexavalente<\/li>\n \t<li>Crome trivalente<\/li>\n \t<li>Crome total<\/li>\n \t<li>DBO5-DQO<\/li>\n \t<li>F\u00f3sforo total<\/li>\n \t<li>Grasas y aceites<\/li>\n \t<li>Hierro<\/li>\n \t<li>Manganeso &#8211; Mercurio<\/li>\n \t<li>Nitr\u00f3geno total &#8211; NTK<\/li>\n \t<li>pH &#8211; Plomo<\/li>\n \t<li>S\u00f3lidos sedimentables<\/li>\n \t<li>Temperatura &#8211; Zinc<\/li>\n<\/ul>\t\t\t\t\t\t\t\t<\/div>\n\t\t\t\t<div class=\"elementor-element elementor-element-ff908d1 elementor-widget elementor-widget-text-editor\" data-id=\"ff908d1\" data-element_type=\"widget\" data-widget_type=\"text-editor.default\">\n\t\t\t\t\t\t\t\t\t<p><strong>Indicadores de contaminaci\u00f3n en aguas naturales<\/strong><\/p><ul><li>Ars\u00e9nico &#8211; Cadmio &#8211; Cobre<\/li><li>Color &#8211; Cromo hexavalente<\/li><li>Cromo total &#8211; F\u00f3sforo total<\/li><li>Grasas y aceites &#8211; Manganeso<\/li><li>Mercurio &#8211; Nitrato &#8211; Nitrito<\/li><li>Nitr\u00f3geno total &#8211; NTK<\/li><li>DBO5 &#8211; Ox\u00edgeno disuelto<\/li><li>pH &#8211; Plomo<\/li><li>S\u00f3lidos disueltos totales<\/li><li>Turbidez &#8211; Zinc<\/li><\/ul>\t\t\t\t\t\t\t\t<\/div>\n\t\t\t\t<\/div>\n\t\t\t\t<div class=\"elementor-element elementor-element-90103bc elementor-widget elementor-widget-text-editor\" data-id=\"90103bc\" data-element_type=\"widget\" data-widget_type=\"text-editor.default\">\n\t\t\t\t\t\t\t\t\t<p><strong>Otros Ensayos:<\/strong><br \/>Bicarbonato &#8211; Bromuro &#8211; Cianuro &#8211; Carbonato &#8211; Clorofila &#8220;a&#8221; &#8211; Fenoles &#8211; \u00cdndice de acidez &#8211; Metales en sedimentos y Iodos &#8211; Nitr\u00f3geno org\u00e1nico disuelto &#8211; Ortofosfato &#8211; Residuo seco a 550\u00b0C &#8211; S\u00edlice &#8211; Salinidad &#8211; S\u00f3lidos suspendidos &#8211; S\u00f3lidos vol\u00e1tiles &#8211; Sulfuro<\/p>\t\t\t\t\t\t\t\t<\/div>\n\t\t\t\t<div class=\"elementor-element elementor-element-9199b51 elementor-widget elementor-widget-spacer\" data-id=\"9199b51\" data-element_type=\"widget\" data-widget_type=\"spacer.default\">\n\t\t\t\t\t\t\t<div class=\"elementor-spacer\">\n\t\t\t<div class=\"elementor-spacer-inner\"><\/div>\n\t\t<\/div>\n\t\t\t\t\t\t<\/div>\n\t\t\t\t<div class=\"elementor-element elementor-element-22bc492 elementor-widget elementor-widget-heading\" data-id=\"22bc492\" data-element_type=\"widget\" data-widget_type=\"heading.default\">\n\t\t\t\t\t<h2 class=\"elementor-heading-title elementor-size-default\">Contacto<\/h2>\t\t\t\t<\/div>\n\t\t\t\t<div class=\"elementor-element elementor-element-67056fe elementor-widget elementor-widget-text-editor\" data-id=\"67056fe\" data-element_type=\"widget\" data-widget_type=\"text-editor.default\">\n\t\t\t\t\t\t\t\t\t<p><i class=\"fa-solid fa-phone\"><\/i> (021) 729 0030 int: 101 | <i class=\"fa-brands fa-whatsapp\"><\/i> 0991 973 194 | <i class=\"fa-regular fa-envelope\"><\/i> <a href=\"mailto:ctqenlace@qui.una.py\">ctqenlace@qui.una.py<\/a><\/p>\t\t\t\t\t\t\t\t<\/div>\n\t\t\t\t\t<\/div>\n\t\t\t\t<\/div>\n\t\t\t\t<\/div>\n\t\t","protected":false},"excerpt":{"rendered":"<p>Laboratorio del Agua Home \/ Page En nuestro Laboratorio de Agua se realizan an\u00e1lisis fisicoqu\u00edmicos para el control de aguas para consumo humano, animal, riego, uso y desecho industrial, uso recreativo, fuentes naturales. SERVICIOS Par\u00e1metros Fisicoqu\u00edmicos Par\u00e1metro de potabilidad Aspecto &#8211; Alcalinidad total Alcalinidad F &#8211; Calcio Claro residual &#8211; Cloruro Color &#8211; Conductividad Dureza [&hellip;]<\/p>\n","protected":false},"author":1,"featured_media":45887,"parent":45710,"menu_order":0,"comment_status":"closed","ping_status":"closed","template":"elementor_header_footer","meta":{"footnotes":""},"class_list":["post-45836","page","type-page","status-publish","has-post-thumbnail","hentry"],"_links":{"self":[{"href":"https:\/\/fcquna.edu.py\/v3\/wp-json\/wp\/v2\/pages\/45836","targetHints":{"allow":["GET"]}}],"collection":[{"href":"https:\/\/fcquna.edu.py\/v3\/wp-json\/wp\/v2\/pages"}],"about":[{"href":"https:\/\/fcquna.edu.py\/v3\/wp-json\/wp\/v2\/types\/page"}],"author":[{"embeddable":true,"href":"https:\/\/fcquna.edu.py\/v3\/wp-json\/wp\/v2\/users\/1"}],"replies":[{"embeddable":true,"href":"https:\/\/fcquna.edu.py\/v3\/wp-json\/wp\/v2\/comments?post=45836"}],"version-history":[{"count":109,"href":"https:\/\/fcquna.edu.py\/v3\/wp-json\/wp\/v2\/pages\/45836\/revisions"}],"predecessor-version":[{"id":46294,"href":"https:\/\/fcquna.edu.py\/v3\/wp-json\/wp\/v2\/pages\/45836\/revisions\/46294"}],"up":[{"embeddable":true,"href":"https:\/\/fcquna.edu.py\/v3\/wp-json\/wp\/v2\/pages\/45710"}],"wp:featuredmedia":[{"embeddable":true,"href":"https:\/\/fcquna.edu.py\/v3\/wp-json\/wp\/v2\/media\/45887"}],"wp:attachment":[{"href":"https:\/\/fcquna.edu.py\/v3\/wp-json\/wp\/v2\/media?parent=45836"}],"curies":[{"name":"wp","href":"https:\/\/api.w.org\/{rel}","templated":true}]}}