{"id":45788,"date":"2025-11-19T17:19:58","date_gmt":"2025-11-19T17:19:58","guid":{"rendered":"https:\/\/fcquna.edu.py\/v3\/?page_id=45788"},"modified":"2025-11-21T00:22:14","modified_gmt":"2025-11-21T00:22:14","slug":"laboratorio-de-control-de-calidad-de-drogas-y-medicamentos","status":"publish","type":"page","link":"https:\/\/fcquna.edu.py\/v3\/centro-tecnologico-quimico\/servicios-ctq-2\/laboratorio-de-control-de-calidad-de-drogas-y-medicamentos\/","title":{"rendered":"Laboratorio de Control de Calidad de Drogas y Medicamentos"},"content":{"rendered":"\t\t<div data-elementor-type=\"wp-page\" data-elementor-id=\"45788\" class=\"elementor elementor-45788\" data-elementor-post-type=\"page\">\n\t\t\t\t<div class=\"elementor-element elementor-element-6fdde07 e-flex e-con-boxed e-con e-parent\" data-id=\"6fdde07\" data-element_type=\"container\" data-settings=\"{&quot;background_background&quot;:&quot;slideshow&quot;,&quot;background_slideshow_gallery&quot;:[{&quot;id&quot;:45893,&quot;url&quot;:&quot;https:\\\/\\\/fcquna.edu.py\\\/v3\\\/wp-content\\\/uploads\\\/2025\\\/11\\\/banner-labcon.jpg&quot;}],&quot;jet_parallax_layout_list&quot;:[],&quot;background_slideshow_loop&quot;:&quot;yes&quot;,&quot;background_slideshow_slide_duration&quot;:5000,&quot;background_slideshow_slide_transition&quot;:&quot;fade&quot;,&quot;background_slideshow_transition_duration&quot;:500}\">\n\t\t\t\t\t<div class=\"e-con-inner\">\n\t\t<div class=\"elementor-element elementor-element-eb22c58 e-grid e-con-full e-con e-child\" data-id=\"eb22c58\" data-element_type=\"container\" data-settings=\"{&quot;jet_parallax_layout_list&quot;:[]}\">\n\t\t\t\t<div class=\"elementor-element elementor-element-5c4327e elementor-widget elementor-widget-heading\" data-id=\"5c4327e\" data-element_type=\"widget\" data-widget_type=\"heading.default\">\n\t\t\t\t\t<h2 class=\"elementor-heading-title elementor-size-default\">Laboratorio de Control de Calidad de Drogas y Medicamentos<\/h2>\t\t\t\t<\/div>\n\t\t\t\t<\/div>\n\t\t\t\t\t<\/div>\n\t\t\t\t<\/div>\n\t\t<div class=\"elementor-element elementor-element-64e2613 e-flex e-con-boxed e-con e-parent\" data-id=\"64e2613\" data-element_type=\"container\" data-settings=\"{&quot;jet_parallax_layout_list&quot;:[]}\">\n\t\t\t\t\t<div class=\"e-con-inner\">\n\t\t\t\t<div class=\"elementor-element elementor-element-8806b95 elementor-widget elementor-widget-eael-breadcrumbs\" data-id=\"8806b95\" data-element_type=\"widget\" data-widget_type=\"eael-breadcrumbs.default\">\n\t\t\t\t<div class=\"elementor-widget-container\">\n\t\t\t\t\t\t\t<div class=\"eael-breadcrumbs\">\n\t\t\t<div class=\"eael-breadcrumbs__content\"><a href=\"https:\/\/fcquna.edu.py\/v3\">Home<\/a> <span class=\"eael-breadcrumb-separator\">\/<\/span> <span class = \"eael-current\">Page<\/span><\/div>\t\t<\/div>\n\t\t\t\t\t\t<\/div>\n\t\t\t\t<\/div>\n\t\t\t\t\t<\/div>\n\t\t\t\t<\/div>\n\t\t<div class=\"elementor-element elementor-element-3d44b64 e-flex e-con-boxed e-con e-parent\" data-id=\"3d44b64\" data-element_type=\"container\" data-settings=\"{&quot;jet_parallax_layout_list&quot;:[]}\">\n\t\t\t\t\t<div class=\"e-con-inner\">\n\t\t\t\t<div class=\"elementor-element elementor-element-c3cdf14 elementor-widget elementor-widget-heading\" data-id=\"c3cdf14\" data-element_type=\"widget\" data-widget_type=\"heading.default\">\n\t\t\t\t\t<h2 class=\"elementor-heading-title elementor-size-default\">Nuestro compromiso<\/h2>\t\t\t\t<\/div>\n\t\t\t\t\t<\/div>\n\t\t\t\t<\/div>\n\t\t<div class=\"elementor-element elementor-element-12c6c29 e-flex e-con-boxed e-con e-parent\" data-id=\"12c6c29\" data-element_type=\"container\" data-settings=\"{&quot;jet_parallax_layout_list&quot;:[]}\">\n\t\t\t\t\t<div class=\"e-con-inner\">\n\t\t\t\t<div class=\"elementor-element elementor-element-6a0d5ea elementor-widget elementor-widget-html\" data-id=\"6a0d5ea\" data-element_type=\"widget\" data-widget_type=\"html.default\">\n\t\t\t\t\t<style>\n.bg{\nbackground-color:#0099ff;\npadding: 10px;\nborder-radius: 5px;\ncolor: white;\nmargin-bottom:10px;\nmargin-right: 10px;\ndisplay: inline-block;\n}\n<\/style>\n\n<span class=\"bg\">Competencia t\u00e9cnica<\/span>\n\n<span class=\"bg\">Capacidad de Respuesta<\/span>\n\n<span class=\"bg\">Confiabilidad<\/span>\n\n<span class=\"bg\">Accesibilidad<\/span>\n\n<span class=\"bg\">Transparencia<\/span>\n<span class=\"bg\">Confiabilidad<\/span>\t\t\t\t<\/div>\n\t\t\t\t<div class=\"elementor-element elementor-element-eea949e elementor-widget elementor-widget-text-editor\" data-id=\"eea949e\" data-element_type=\"widget\" data-widget_type=\"text-editor.default\">\n\t\t\t\t\t\t\t\t\t<p>SERVICIOS<\/p>\t\t\t\t\t\t\t\t<\/div>\n\t\t\t\t<div class=\"elementor-element elementor-element-6c89390 elementor-widget elementor-widget-heading\" data-id=\"6c89390\" data-element_type=\"widget\" data-widget_type=\"heading.default\">\n\t\t\t\t\t<h2 class=\"elementor-heading-title elementor-size-default\">Determinaciones Fisicoqu\u00edmicas<\/h2>\t\t\t\t<\/div>\n\t\t\t\t<div class=\"elementor-element elementor-element-082a4a7 elementor-widget elementor-widget-text-editor\" data-id=\"082a4a7\" data-element_type=\"widget\" data-widget_type=\"text-editor.default\">\n\t\t\t\t\t\t\t\t\t<ul><li>Ensayos fisicoqu\u00edmicos en materias primas.<\/li><li>Ensayos fisicoqu\u00edmicos en productos terminados.<\/li><li>An\u00e1lisis mediante la aplicaci\u00f3n de m\u00e9todos qu\u00edmicos.<\/li><li>An\u00e1lisis mediante la aplicaci\u00f3n de m\u00e9todos espectrofotom\u00e9tricos por espectrofotometr\u00eda ultravioletas visible.<\/li><li>Determinaci\u00f3n de agua por m\u00e9todo volum\u00e9trico o gravim\u00e9trico.<\/li><li>Ensayo de disoluci\u00f3n.<\/li><li>Controles f\u00edsicos de formas farmac\u00e9uticas s\u00f3lidas (friabilidad, dureza, disgregaci\u00f3n).<\/li><li>Aplicaci\u00f3n de m\u00e9todos cromatogr\u00e1ficos (HPLC o TLC).<\/li><li>Determinaciones de \u00edndice de refracci\u00f3n.<\/li><li>Dise\u00f1o y desarrollo de estudios de estabilidad.<\/li><li>Validaciones de m\u00e9todos anal\u00edticos.<\/li><li>Desarrollo de metodolog\u00edas anal\u00edticas.<\/li><li>Elaboraci\u00f3n de Patrones Secundarios.<\/li><li>Determinaciones bot\u00e9cnicas.<\/li><\/ul>\t\t\t\t\t\t\t\t<\/div>\n\t\t\t\t<div class=\"elementor-element elementor-element-22bc492 elementor-widget elementor-widget-heading\" data-id=\"22bc492\" data-element_type=\"widget\" data-widget_type=\"heading.default\">\n\t\t\t\t\t<h2 class=\"elementor-heading-title elementor-size-default\">Contacto<\/h2>\t\t\t\t<\/div>\n\t\t\t\t<div class=\"elementor-element elementor-element-67056fe elementor-widget elementor-widget-text-editor\" data-id=\"67056fe\" data-element_type=\"widget\" data-widget_type=\"text-editor.default\">\n\t\t\t\t\t\t\t\t\t<p><i class=\"fa-solid fa-phone\"><\/i> (021) 729 0030 int: 102 | <i class=\"fa-brands fa-whatsapp\"><\/i> 0991 973 194 | <i class=\"fa-regular fa-envelope\"><\/i> <a href=\"mailto:ctqenlace@qui.una.py\">ctqenlace@qui.una.py<\/a>, <a href=\"mailto:labcon@qui.una.py\">labcon@qui.una.py<\/a><\/p>\t\t\t\t\t\t\t\t<\/div>\n\t\t\t\t\t<\/div>\n\t\t\t\t<\/div>\n\t\t\t\t<\/div>\n\t\t","protected":false},"excerpt":{"rendered":"<p>Laboratorio de Control de Calidad de Drogas y Medicamentos Home \/ Page Nuestro compromiso Competencia t\u00e9cnica Capacidad de Respuesta Confiabilidad Accesibilidad Transparencia Confiabilidad SERVICIOS Determinaciones Fisicoqu\u00edmicas Ensayos fisicoqu\u00edmicos en materias primas. Ensayos fisicoqu\u00edmicos en productos terminados. An\u00e1lisis mediante la aplicaci\u00f3n de m\u00e9todos qu\u00edmicos. An\u00e1lisis mediante la aplicaci\u00f3n de m\u00e9todos espectrofotom\u00e9tricos por espectrofotometr\u00eda ultravioletas visible. Determinaci\u00f3n [&hellip;]<\/p>\n","protected":false},"author":1,"featured_media":45893,"parent":45710,"menu_order":0,"comment_status":"closed","ping_status":"closed","template":"elementor_header_footer","meta":{"footnotes":""},"class_list":["post-45788","page","type-page","status-publish","has-post-thumbnail","hentry"],"_links":{"self":[{"href":"https:\/\/fcquna.edu.py\/v3\/wp-json\/wp\/v2\/pages\/45788","targetHints":{"allow":["GET"]}}],"collection":[{"href":"https:\/\/fcquna.edu.py\/v3\/wp-json\/wp\/v2\/pages"}],"about":[{"href":"https:\/\/fcquna.edu.py\/v3\/wp-json\/wp\/v2\/types\/page"}],"author":[{"embeddable":true,"href":"https:\/\/fcquna.edu.py\/v3\/wp-json\/wp\/v2\/users\/1"}],"replies":[{"embeddable":true,"href":"https:\/\/fcquna.edu.py\/v3\/wp-json\/wp\/v2\/comments?post=45788"}],"version-history":[{"count":73,"href":"https:\/\/fcquna.edu.py\/v3\/wp-json\/wp\/v2\/pages\/45788\/revisions"}],"predecessor-version":[{"id":46300,"href":"https:\/\/fcquna.edu.py\/v3\/wp-json\/wp\/v2\/pages\/45788\/revisions\/46300"}],"up":[{"embeddable":true,"href":"https:\/\/fcquna.edu.py\/v3\/wp-json\/wp\/v2\/pages\/45710"}],"wp:featuredmedia":[{"embeddable":true,"href":"https:\/\/fcquna.edu.py\/v3\/wp-json\/wp\/v2\/media\/45893"}],"wp:attachment":[{"href":"https:\/\/fcquna.edu.py\/v3\/wp-json\/wp\/v2\/media?parent=45788"}],"curies":[{"name":"wp","href":"https:\/\/api.w.org\/{rel}","templated":true}]}}