{"id":45435,"date":"2025-11-17T15:55:52","date_gmt":"2025-11-17T15:55:52","guid":{"rendered":"https:\/\/fcquna.edu.py\/v3\/?page_id=45435"},"modified":"2025-12-03T16:51:30","modified_gmt":"2025-12-03T16:51:30","slug":"direccion-extension-universitaria","status":"publish","type":"page","link":"https:\/\/fcquna.edu.py\/v3\/direccion-extension-universitaria\/","title":{"rendered":"Direcci\u00f3n Extensi\u00f3n Universitaria"},"content":{"rendered":"\t\t<div data-elementor-type=\"wp-post\" data-elementor-id=\"45435\" class=\"elementor elementor-45435\" data-elementor-post-type=\"page\">\n\t\t\t\t<div class=\"elementor-element elementor-element-869b279 e-flex e-con-boxed e-con e-parent\" data-id=\"869b279\" data-element_type=\"container\" data-settings=\"{&quot;jet_parallax_layout_list&quot;:[]}\">\n\t\t\t\t\t<div class=\"e-con-inner\">\n\t\t\t\t<div class=\"elementor-element elementor-element-b61abf5 elementor-widget elementor-widget-text-editor\" data-id=\"b61abf5\" data-element_type=\"widget\" data-widget_type=\"text-editor.default\">\n\t\t\t\t\t\t\t\t\t<p>La Extensi\u00f3n Universitaria es un proceso pedag\u00f3gico transformador y de compromiso social que contribuye al desarrollo inclusivo, sostenible y sustentable de la sociedad paraguaya y su entorno regional e internacional para compartir conocimientos cient\u00edficos, emp\u00edricos, tecnol\u00f3gicos y culturales.<\/p><p>La Extensi\u00f3n Universitaria debe promover la construcci\u00f3n colectiva de saberes y aplicaci\u00f3n de los mismos a la satisfacci\u00f3n de necesidades de toda la sociedad, con la participaci\u00f3n rec\u00edproca de la UNA y la sociedad, con el fin de crear conciencia cr\u00edtica y construir empoderamiento con miras a permitir las mejoras en cuanto a las condiciones de vida de la poblaci\u00f3n mediante la interacci\u00f3n con la investigaci\u00f3n y la docencia<\/p>\t\t\t\t\t\t\t\t<\/div>\n\t\t\t\t\t<\/div>\n\t\t\t\t<\/div>\n\t\t<div class=\"elementor-element elementor-element-71ce28a e-flex e-con-boxed e-con e-parent\" data-id=\"71ce28a\" data-element_type=\"container\" data-settings=\"{&quot;jet_parallax_layout_list&quot;:[]}\">\n\t\t\t\t\t<div class=\"e-con-inner\">\n\t\t\t\t<div class=\"elementor-element elementor-element-c35ffc1 elementor-widget elementor-widget-heading\" data-id=\"c35ffc1\" data-element_type=\"widget\" data-widget_type=\"heading.default\">\n\t\t\t\t\t<h2 class=\"elementor-heading-title elementor-size-default\">Integrantes<\/h2>\t\t\t\t<\/div>\n\t\t\t\t\t<\/div>\n\t\t\t\t<\/div>\n\t\t<div class=\"elementor-element elementor-element-3f896dc e-flex e-con-boxed e-con e-parent\" data-id=\"3f896dc\" data-element_type=\"container\" data-settings=\"{&quot;jet_parallax_layout_list&quot;:[]}\">\n\t\t\t\t\t<div class=\"e-con-inner\">\n\t\t\t\t<div class=\"elementor-element elementor-element-02f5c92 elementor-widget elementor-widget-text-editor\" data-id=\"02f5c92\" data-element_type=\"widget\" data-widget_type=\"text-editor.default\">\n\t\t\t\t\t\t\t\t\t<table width=\"617\">\n<tbody>\n<tr>\n<td width=\"206\"><strong>\u00c1rea<\/strong><\/td>\n<td width=\"146\"><strong>Responsable<\/strong><\/td>\n<td width=\"265\"><strong>Contacto<\/strong><\/td>\n<\/tr>\n<tr>\n<td width=\"206\">Direcci\u00f3n de Extensi\u00f3n Universitaria\n\n<strong>Principales funciones:\u00a0<\/strong>Dirigir, planificar, organizar y controlar los procedimientos y actividades relacionados con la gesti\u00f3n de la Direcci\u00f3n de Extensi\u00f3n Universitaria de la Instituci\u00f3n, para cumplir con las funciones misionales de su competencia.<\/td>\n<td width=\"146\">Lic. Clara Dele\u00f3n<\/td>\n<td width=\"265\">Para m\u00e1s informaci\u00f3n, puede comunicarse a trav\u00e9s del correo electr\u00f3nico:\n\n<a href=\"mailto:extens@qui.una.py\">extens@qui.una.py<\/a><\/td>\n<\/tr>\n<tr>\n<td width=\"206\">Coordinaci\u00f3n de Extensi\u00f3n Universitaria\n\n<strong>Principales funciones:<\/strong>\n\nPlanificar, coordinar, y supervisar el desarrollo de las actividades de extensi\u00f3n universitaria y de seguimiento a egresados y empleadores a su cargo.<\/td>\n<td width=\"146\">Lic. Jorge Belotto<\/td>\n<td width=\"265\">Para m\u00e1s informaci\u00f3n, puede comunicarse a trav\u00e9s del correo electr\u00f3nico:\u00a0<a href=\"mailto:jbelotto@qui.una.py\">jbelotto@qui.una.py<\/a><\/td>\n<\/tr>\n<tr>\n<td width=\"206\">Coordinaci\u00f3n de Movilidad\n\n<strong>Principales funciones:<\/strong>\u00a0Gestionar las acciones necesarias para incentivar el desarrollo de programas de movilidad\u00a0 internacional de docentes, estudiantes y gestores.<\/td>\n<td width=\"146\">Dra. Rossmary Acu\u00f1a<\/td>\n<td width=\"265\">Para m\u00e1s informaci\u00f3n, puede comunicarse a trav\u00e9s del correo electr\u00f3nico:<\/td>\n<\/tr>\n<tr>\n<td width=\"206\">Coordinaci\u00f3n de seguimiento a egresados y empleadores de Postgrado\n\nCoordinaci\u00f3n de Extensi\u00f3n Universitaria \u2013 \u00c1rea Salud.\n\n<strong>Principales funciones:<\/strong>\n\nPlanificar, coordinar, y supervisar el desarrollo de las actividades de extensi\u00f3n del \u00e1rea a su cargo.<\/td>\n<td width=\"146\">Lic.Vanessa Mart\u00ednez<\/td>\n<td width=\"265\">Para m\u00e1s informaci\u00f3n, puede comunicarse a trav\u00e9s del correo electr\u00f3nico\n\n<a href=\"mailto:vmartinez@qui.una.py\">vmartinez@qui.una.py<\/a><\/td>\n<\/tr>\n<tr>\n<td width=\"206\">Coordinaci\u00f3n de Extensi\u00f3n Universitaria \u2013 \u00c1rea Industrial\n\n<strong>Principales funciones:<\/strong>\n\nPlanificar, coordinar, y supervisar el desarrollo de las actividades de extensi\u00f3n del \u00e1rea a su cargo.<\/td>\n<td width=\"146\">Lic. Mirna Medina<\/td>\n<td width=\"265\">Para m\u00e1s informaci\u00f3n, puede comunicarse a trav\u00e9s del correo electr\u00f3nico\u00a0<a href=\"mailto:mmedina@qui.una.py\">mmedina@qui.una.py<\/a><\/td>\n<\/tr>\n<tr>\n<td width=\"206\">Coordinaci\u00f3n de Extensi\u00f3n Universitaria \u2013 \u00c1rea Salud\n\n<strong>Principales funciones:<\/strong>\n\nPlanificar, coordinar, y supervisar el desarrollo de las actividades de extensi\u00f3n del \u00e1rea a su cargo.<\/td>\n<td width=\"146\">Bioq.Rub\u00e9n Pizzurno<\/td>\n<td width=\"265\">Para m\u00e1s informaci\u00f3n, puede comunicarse a trav\u00e9s del correo electr\u00f3nico\u00a0<a href=\"mailto:rpizzurno@qui.una.py\">rpizzurno@qui.una.py<\/a><\/td>\n<\/tr>\n<tr>\n<td width=\"206\">Coordinaci\u00f3n de Seguimiento a Egresados y Empleadores<\/td>\n<td width=\"146\">Lic. Mar\u00eda Paz Sanabria<\/td>\n<td width=\"265\">Para m\u00e1s informaci\u00f3n, puede comunicarse a trav\u00e9s del correo electr\u00f3nico:\n\negresados<a href=\"mailto:msanabria@qui.una.py\">@qui.una.py<\/a><\/td>\n<\/tr>\n<tr>\n<td width=\"206\">Secretaria\n\n<strong>Principales funciones:\u00a0<\/strong>Velar por la gesti\u00f3n documental de la Direcci\u00f3n de Extensi\u00f3n Universitaria y la carga de cr\u00e9ditos de extensi\u00f3n universitaria.<\/td>\n<td width=\"146\">Est. Univ. Florencia Olitte<\/td>\n<td width=\"265\">Para m\u00e1s informaci\u00f3n, puede comunicarse a trav\u00e9s del correo electr\u00f3nico:\n\n<a href=\"mailto:proyec_extension@qui.una.py\">proyec_extension@qui.una.py<\/a><\/td>\n<\/tr>\n<tr>\n<td width=\"206\">Gesti\u00f3n Documental\n\n<strong>Principales funciones:\u00a0<\/strong>Velar por la gesti\u00f3n documental de la Direcci\u00f3n de Extensi\u00f3n Universitaria y la carga de cr\u00e9ditos de extensi\u00f3n universitaria.<\/td>\n<td width=\"146\">Lic. Mar\u00eda Paz Sanabria\n\nLic. Pamela Balmori<\/td>\n<td width=\"265\"><strong>Pamela Balmori:<\/strong>\n\nPara m\u00e1s informaci\u00f3n, puede comunicarse a trav\u00e9s del correo electr\u00f3nico:\n\nCorreo:\u00a0<a href=\"mailto:pbalmori@qui.una.py\">pbalmori@qui.una.py<\/a>\n\n<strong>Mar\u00eda Paz Sanabria<\/strong>\n\nPara m\u00e1s informaci\u00f3n, puede comunicarse a trav\u00e9s del correo electr\u00f3nico:\n\n<a href=\"mailto:msanabria@qui.una.py\">msanabria@qui.una.py<\/a><\/td>\n<\/tr>\n<tr>\n<td width=\"206\">Coordinaci\u00f3n de Extensi\u00f3n Universitaria \u2013 \u00c1rea Salud\n\n<strong>Principales funciones:<\/strong>\n\nPlanificar, coordinar, y supervisar el desarrollo de las actividades de extensi\u00f3n del \u00e1rea a su cargo.<\/td>\n<td width=\"146\">Bioq.Linda Denis<\/td>\n<td width=\"265\">Para m\u00e1s informaci\u00f3n, puede comunicarse a trav\u00e9s del correo electr\u00f3nico:\n\n<a href=\"mailto:libars@qui.una.py\">libars@qui.una.py<\/a><\/td>\n<\/tr>\n<tr>\n<td width=\"206\">Coordinaci\u00f3n de Extensi\u00f3n Universitaria \u2013 \u00c1rea Industrial\n\n<strong>Principales funciones:<\/strong>\n\nPlanificar, coordinar, y supervisar el desarrollo de las actividades de extensi\u00f3n del \u00e1rea a su cargo.<\/td>\n<td width=\"146\">I.Q. M\u00f3nica Ovelar<\/td>\n<td width=\"265\">Para m\u00e1s informaci\u00f3n, puede comunicarse a trav\u00e9s del correo electr\u00f3nico:\n\n<a href=\"mailto:movelar@qui.una.py\">movelar@qui.una.py<\/a><\/td>\n<\/tr>\n<\/tbody>\n<\/table>\t\t\t\t\t\t\t\t<\/div>\n\t\t\t\t\t<\/div>\n\t\t\t\t<\/div>\n\t\t<div class=\"elementor-element elementor-element-d00a52e e-flex e-con-boxed e-con e-parent\" data-id=\"d00a52e\" data-element_type=\"container\" data-settings=\"{&quot;jet_parallax_layout_list&quot;:[]}\">\n\t\t\t\t\t<div class=\"e-con-inner\">\n\t\t\t\t<div class=\"elementor-element elementor-element-4cb20df elementor-widget elementor-widget-spacer\" data-id=\"4cb20df\" data-element_type=\"widget\" data-widget_type=\"spacer.default\">\n\t\t\t\t\t\t\t<div class=\"elementor-spacer\">\n\t\t\t<div class=\"elementor-spacer-inner\"><\/div>\n\t\t<\/div>\n\t\t\t\t\t\t<\/div>\n\t\t\t\t\t<\/div>\n\t\t\t\t<\/div>\n\t\t<div class=\"elementor-element elementor-element-9accd28 e-flex e-con-boxed e-con e-parent\" data-id=\"9accd28\" data-element_type=\"container\" data-settings=\"{&quot;jet_parallax_layout_list&quot;:[]}\">\n\t\t\t\t\t<div class=\"e-con-inner\">\n\t\t\t\t<div class=\"elementor-element elementor-element-6486b6c elementor-widget elementor-widget-heading\" data-id=\"6486b6c\" data-element_type=\"widget\" data-widget_type=\"heading.default\">\n\t\t\t\t\t<h2 class=\"elementor-heading-title elementor-size-default\">Seguimiento a Egresados<\/h2>\t\t\t\t<\/div>\n\t\t\t\t\t<\/div>\n\t\t\t\t<\/div>\n\t\t<div class=\"elementor-element elementor-element-fd38e55 e-flex e-con-boxed e-con e-parent\" data-id=\"fd38e55\" data-element_type=\"container\" data-settings=\"{&quot;jet_parallax_layout_list&quot;:[]}\">\n\t\t\t\t\t<div class=\"e-con-inner\">\n\t\t\t\t<div class=\"elementor-element elementor-element-c65b766 elementor-widget elementor-widget-text-editor\" data-id=\"c65b766\" data-element_type=\"widget\" data-widget_type=\"text-editor.default\">\n\t\t\t\t\t\t\t\t\t<h4><b>\u00bfQU\u00c9 ES EL SEGUIMIENTO A EGRESADOS?<\/b><\/h4><div>El seguimiento a egresados es una herramienta que permite conocer el desarrollo y desempe\u00f1o profesional de los egresados. A trav\u00e9s de esta encuesta de seguimiento, se pretende obtener informaci\u00f3n b\u00e1sica y que sea el punto de partida para el proceso de monitoreo y de mejora continua de la Facultad de Ciencias Qu\u00edmicas de la Universidad Nacional de Asunci\u00f3n.<\/div><div>\u00a0<\/div><p><b>Resultados de la encuesta de Egresados<\/b><\/p><ul><li><a href=\"https:\/\/qui.una.py\/farmacia-deu\">Farmacia<\/a><\/li><li><a href=\"https:\/\/qui.una.py\/bioquimica\">Bioqu\u00edmica<\/a><\/li><li><a href=\"https:\/\/qui.una.py\/ingenieria-quimica\">Ingenier\u00eda Qu\u00edmica<\/a><\/li><li><a href=\"https:\/\/qui.una.py\/quimica-industria\">Qu\u00edmica Industrial<\/a><\/li><li><a href=\"https:\/\/qui.una.py\/ciencia-y-tecnologia-de-alimentos\">Ciencia y Tecnolog\u00eda de Alimentos<\/a><\/li><li><a href=\"https:\/\/qui.una.py\/nutricion-4\">Nutrici\u00f3n<\/a><\/li><li><a href=\"https:\/\/qui.una.py\/ingenieria-de-alimentos\">Ingenier\u00eda de Alimentos<\/a><\/li><\/ul><p><strong><br \/>Capacitaciones<\/strong><\/p><p><a href=\"https:\/\/drive.google.com\/file\/d\/1YmbeeFwv2Lhbs_sAeyrnMU9cqC45wrjR\/view\" target=\"_blank\" rel=\"noopener\"><b>Conferencias sobre Innovaci\u00f3n en la Educaci\u00f3n<\/b><\/a><\/p><p><strong>Saludos de Egresados por los 82\u00b0 Aniversario de la FCQ \u2013 UNA.<\/strong><\/p><p><a href=\"https:\/\/www.facebook.com\/764273420296808\/videos\/175584330364098\">https:\/\/www.facebook.com\/764273420296808\/videos\/175584330364098<\/a><\/p><p><a href=\"https:\/\/www.facebook.com\/764273420296808\/videos\/374504196822005\" target=\"_blank\" rel=\"noopener\">https:\/\/www.facebook.com\/764273420296808\/videos\/374504196822005<\/a><\/p><p><strong>Reuni\u00f3n de Egresados \u2013 Marzo 2020<\/strong><\/p><p><a href=\"https:\/\/www.facebook.com\/media\/set\/?vanity=QuiUNAPy&amp;set=a.2998111460246315\" target=\"_blank\" rel=\"noopener\">https:\/\/www.facebook.com\/media\/set\/?vanity=QuiUNAPy&amp;set=a.2998111460246315<\/a><\/p><p><strong>Graduaci\u00f3n Promoci\u00f3n 2018 \u2013 FCQ-UNA:<\/strong><\/p><p><a href=\"https:\/\/www.facebook.com\/media\/set\/?vanity=QuiUNAPy&amp;set=a.2659789424078522\" target=\"_blank\" rel=\"noopener\">https:\/\/www.facebook.com\/media\/set\/?vanity=QuiUNAPy&amp;set=a.2659789424078522<\/a><\/p><p><strong>Reuni\u00f3n de Egresados \u2013 Agosto 2019<\/strong><\/p><p><a href=\"https:\/\/www.facebook.com\/QuiUNAPy\/photos\/a.2535341823189950\/2547413228649476\" target=\"_blank\" rel=\"noopener\">https:\/\/www.facebook.com\/QuiUNAPy\/photos\/a.2535341823189950\/2547413228649476<\/a><\/p><p><strong>Graduaci\u00f3n Promoci\u00f3n 2017 \u2013 FCQ-UNA:<\/strong><\/p><p><a href=\"https:\/\/www.facebook.com\/media\/set\/?vanity=QuiUNAPy&amp;set=a.2064060793651391\" target=\"_blank\" rel=\"noopener\">https:\/\/www.facebook.com\/media\/set\/?vanity=QuiUNAPy&amp;set=a.2064060793651391<\/a><\/p><p><a href=\"https:\/\/www.facebook.com\/764273420296808\/videos\/304990446764714\" target=\"_blank\" rel=\"noopener\">https:\/\/www.facebook.com\/764273420296808\/videos\/304990446764714<\/a><\/p>\t\t\t\t\t\t\t\t<\/div>\n\t\t\t\t\t<\/div>\n\t\t\t\t<\/div>\n\t\t<div class=\"elementor-element elementor-element-cfc4872 e-flex e-con-boxed e-con e-parent\" data-id=\"cfc4872\" data-element_type=\"container\" data-settings=\"{&quot;jet_parallax_layout_list&quot;:[]}\">\n\t\t\t\t\t<div class=\"e-con-inner\">\n\t\t\t\t<div class=\"elementor-element elementor-element-5ee8529 elementor-widget elementor-widget-heading\" data-id=\"5ee8529\" data-element_type=\"widget\" data-widget_type=\"heading.default\">\n\t\t\t\t\t<h2 class=\"elementor-heading-title elementor-size-default\">Bolsa de trabajo<\/h2>\t\t\t\t<\/div>\n\t\t\t\t\t<\/div>\n\t\t\t\t<\/div>\n\t\t<div class=\"elementor-element elementor-element-d210aa1 e-flex e-con-boxed e-con e-parent\" data-id=\"d210aa1\" data-element_type=\"container\" data-settings=\"{&quot;jet_parallax_layout_list&quot;:[]}\">\n\t\t\t\t\t<div class=\"e-con-inner\">\n\t\t\t\t<div class=\"elementor-element elementor-element-b1cf19c elementor-widget elementor-widget-text-editor\" data-id=\"b1cf19c\" data-element_type=\"widget\" data-widget_type=\"text-editor.default\">\n\t\t\t\t\t\t\t\t\t<p>Este espacio fue creado para que el empleador pueda solicitar a trav\u00e9s de la Direcci\u00f3n de Extensi\u00f3n Universitaria, los perfiles que buscan para su empresa.<\/p>\t\t\t\t\t\t\t\t<\/div>\n\t\t\t\t<div class=\"elementor-element elementor-element-2391d40 elementor-widget elementor-widget-text-editor\" data-id=\"2391d40\" data-element_type=\"widget\" data-widget_type=\"text-editor.default\">\n\t\t\t\t\t\t\t\t\t<p>Necesidades del empleador: <a href=\"https:\/\/forms.gle\/Qb4tr2PyYypgWemJ6\" target=\"_blank\" rel=\"noopener\">https:\/\/forms.gle\/Qb4tr2PyYypgWemJ6<\/a><\/p>\t\t\t\t\t\t\t\t<\/div>\n\t\t\t\t\t<\/div>\n\t\t\t\t<\/div>\n\t\t<div class=\"elementor-element elementor-element-8d75a45 e-flex e-con-boxed e-con e-parent\" data-id=\"8d75a45\" data-element_type=\"container\" data-settings=\"{&quot;jet_parallax_layout_list&quot;:[]}\">\n\t\t\t\t\t<div class=\"e-con-inner\">\n\t\t\t\t<div class=\"elementor-element elementor-element-58cde14 elementor-widget elementor-widget-text-editor\" data-id=\"58cde14\" data-element_type=\"widget\" data-widget_type=\"text-editor.default\">\n\t\t\t\t\t\t\t\t\t<table width=\"617\"><tbody><tr><td width=\"206\"><strong>Especialidad<\/strong><\/td><td width=\"146\"><strong>2025<\/strong><\/td><td width=\"265\"><strong>2024<\/strong><\/td><\/tr><tr><td width=\"206\"><p>Farmacia<\/p><\/td><td width=\"146\"><a href=\"https:\/\/fcquna.edu.py\/v3\/direccion-extension-universitaria\/bolsa-de-trabajo\" target=\"_blank\" rel=\"noopener\">Ver<\/a><\/td><td width=\"265\"><a href=\"#\">Ver<\/a><\/td><\/tr><tr><td width=\"206\"><p>Bioqu\u00edmica<\/p><\/td><td width=\"146\">Principales requisitos<\/td><td width=\"265\">Responsabilidades<br \/><a href=\"mailto:extens@qui.una.py\">extens@qui.una.py<\/a><\/td><\/tr><tr><td width=\"206\"><p>Ingenier\u00eda Qu\u00edmica<\/p><\/td><td width=\"146\">Principales requisitos<\/td><td width=\"265\">Responsabilidades<br \/><a href=\"mailto:extens@qui.una.py\">extens@qui.una.py<\/a><\/td><\/tr><\/tbody><\/table>\t\t\t\t\t\t\t\t<\/div>\n\t\t\t\t\t<\/div>\n\t\t\t\t<\/div>\n\t\t<div class=\"elementor-element elementor-element-604bc1c e-flex e-con-boxed e-con e-parent\" data-id=\"604bc1c\" data-element_type=\"container\" data-settings=\"{&quot;jet_parallax_layout_list&quot;:[]}\">\n\t\t\t\t\t<div class=\"e-con-inner\">\n\t\t\t\t<div class=\"elementor-element elementor-element-d1aeea2 elementor-widget elementor-widget-text-editor\" data-id=\"d1aeea2\" data-element_type=\"widget\" data-widget_type=\"text-editor.default\">\n\t\t\t\t\t\t\t\t\t<p>Farmacia<\/p><p>Bioqu\u00edmica<\/p><p>Ingenier\u00eda Qu\u00edmica<\/p><p>Qu\u00edmica Industrial<\/p><p>Ciencias y Tecnolog\u00eda de Alimentos<\/p><p>Nutrici\u00f3n<\/p><p>Ingenier\u00eda de Alimentos\u00a0<\/p>\t\t\t\t\t\t\t\t<\/div>\n\t\t\t\t\t<\/div>\n\t\t\t\t<\/div>\n\t\t\t\t<\/div>\n\t\t","protected":false},"excerpt":{"rendered":"<p>La Extensi\u00f3n Universitaria es un proceso pedag\u00f3gico transformador y de compromiso social que contribuye al desarrollo inclusivo, sostenible y sustentable de la sociedad paraguaya y su entorno regional e internacional para compartir conocimientos cient\u00edficos, emp\u00edricos, tecnol\u00f3gicos y culturales. La Extensi\u00f3n Universitaria debe promover la construcci\u00f3n colectiva de saberes y aplicaci\u00f3n de los mismos a la [&hellip;]<\/p>\n","protected":false},"author":1,"featured_media":0,"parent":0,"menu_order":0,"comment_status":"closed","ping_status":"closed","template":"","meta":{"footnotes":""},"class_list":["post-45435","page","type-page","status-publish","hentry"],"_links":{"self":[{"href":"https:\/\/fcquna.edu.py\/v3\/wp-json\/wp\/v2\/pages\/45435","targetHints":{"allow":["GET"]}}],"collection":[{"href":"https:\/\/fcquna.edu.py\/v3\/wp-json\/wp\/v2\/pages"}],"about":[{"href":"https:\/\/fcquna.edu.py\/v3\/wp-json\/wp\/v2\/types\/page"}],"author":[{"embeddable":true,"href":"https:\/\/fcquna.edu.py\/v3\/wp-json\/wp\/v2\/users\/1"}],"replies":[{"embeddable":true,"href":"https:\/\/fcquna.edu.py\/v3\/wp-json\/wp\/v2\/comments?post=45435"}],"version-history":[{"count":50,"href":"https:\/\/fcquna.edu.py\/v3\/wp-json\/wp\/v2\/pages\/45435\/revisions"}],"predecessor-version":[{"id":48609,"href":"https:\/\/fcquna.edu.py\/v3\/wp-json\/wp\/v2\/pages\/45435\/revisions\/48609"}],"wp:attachment":[{"href":"https:\/\/fcquna.edu.py\/v3\/wp-json\/wp\/v2\/media?parent=45435"}],"curies":[{"name":"wp","href":"https:\/\/api.w.org\/{rel}","templated":true}]}}