{"id":45390,"date":"2025-11-17T14:56:25","date_gmt":"2025-11-17T14:56:25","guid":{"rendered":"https:\/\/fcquna.edu.py\/v3\/?page_id=45390"},"modified":"2025-11-17T15:52:16","modified_gmt":"2025-11-17T15:52:16","slug":"formularios-y-formatos","status":"publish","type":"page","link":"https:\/\/fcquna.edu.py\/v3\/postgrado-2\/formularios-y-formatos\/","title":{"rendered":"Formularios y Formatos"},"content":{"rendered":"\t\t<div data-elementor-type=\"wp-page\" data-elementor-id=\"45390\" class=\"elementor elementor-45390\" data-elementor-post-type=\"page\">\n\t\t\t\t<div class=\"elementor-element elementor-element-c7f36b4 e-flex e-con-boxed e-con e-parent\" data-id=\"c7f36b4\" data-element_type=\"container\" data-settings=\"{&quot;jet_parallax_layout_list&quot;:[]}\">\n\t\t\t\t\t<div class=\"e-con-inner\">\n\t\t\t\t<div class=\"elementor-element elementor-element-6ef5b71 elementor-widget elementor-widget-eael-breadcrumbs\" data-id=\"6ef5b71\" data-element_type=\"widget\" data-widget_type=\"eael-breadcrumbs.default\">\n\t\t\t\t<div class=\"elementor-widget-container\">\n\t\t\t\t\t\t\t<div class=\"eael-breadcrumbs\">\n\t\t\t<div class=\"eael-breadcrumbs__content\"><a href=\"https:\/\/fcquna.edu.py\/v3\">Home<\/a> <span class=\"eael-breadcrumb-separator\">\/<\/span> <span class = \"eael-current\">Page<\/span><\/div>\t\t<\/div>\n\t\t\t\t\t\t<\/div>\n\t\t\t\t<\/div>\n\t\t\t\t\t<\/div>\n\t\t\t\t<\/div>\n\t\t<div class=\"elementor-element elementor-element-e3edfd4 e-flex e-con-boxed e-con e-parent\" data-id=\"e3edfd4\" data-element_type=\"container\" data-settings=\"{&quot;jet_parallax_layout_list&quot;:[]}\">\n\t\t\t\t\t<div class=\"e-con-inner\">\n\t\t\t\t<div class=\"elementor-element elementor-element-49c7021 elementor-widget elementor-widget-heading\" data-id=\"49c7021\" data-element_type=\"widget\" data-widget_type=\"heading.default\">\n\t\t\t\t\t<h2 class=\"elementor-heading-title elementor-size-default\">Formatos y Formularios<\/h2>\t\t\t\t<\/div>\n\t\t\t\t\t<\/div>\n\t\t\t\t<\/div>\n\t\t<div class=\"elementor-element elementor-element-36b2969 e-flex e-con-boxed e-con e-parent\" data-id=\"36b2969\" data-element_type=\"container\" data-settings=\"{&quot;jet_parallax_layout_list&quot;:[]}\">\n\t\t\t\t\t<div class=\"e-con-inner\">\n\t\t\t\t<div class=\"elementor-element elementor-element-f6c40a2 elementor-widget elementor-widget-text-editor\" data-id=\"f6c40a2\" data-element_type=\"widget\" data-widget_type=\"text-editor.default\">\n\t\t\t\t\t\t\t\t\t<ul class=\"list-style:none\"><li><i class=\"far fa-file-pdf\"><\/i> <a href=\"https:\/\/www.qui.una.py\/v2\/wp-content\/uploads\/Registro_Tema_Tesis.doc.pdf\" target=\"_blank\" rel=\"noopener\">REGISTRO DE TEMA DE TESIS<\/a>.<\/li><li><i class=\"far fa-file-pdf\"><\/i> <a href=\"https:\/\/www.qui.una.py\/v2\/wp-content\/uploads\/SOLICITUD-DE-PRORROGA-EXTENSION-Y-READMISION.docx.pdf\" target=\"_blank\" rel=\"noopener\">SOLICITUD DE PR\u00d3RROGA, EXTENSI\u00d3N Y READMISI\u00d3N.<\/a><\/li><li><i class=\"far fa-file-pdf\"><\/i> <a href=\"https:\/\/www.qui.una.py\/v2\/wp-content\/uploads\/SOLICITUD-DE-CONSTANCIA_PG.docx.pdf\" target=\"_blank\" rel=\"noopener\">SOLICITUD DE CONSTANCIA_ PG.<\/a><\/li><li><i class=\"far fa-file-pdf\"><\/i> <a href=\"https:\/\/www.qui.una.py\/v2\/wp-content\/uploads\/Formulario-de-Certificado-de-Estudios-de-Postgrado-1.pdf\" target=\"_blank\" rel=\"noopener\">SOLICITUD DE CERTIFICADO DE ESTUDIOS DE POSTGRADO(PRESENCIAL)<\/a><\/li><li><i class=\"far fa-file-pdf\"><\/i> <a href=\"https:\/\/www.qui.una.py\/v2\/wp-content\/uploads\/RENUNCIA_PROGRAMA_PG.docx.pdf\" target=\"_blank\" rel=\"noopener\">RENUNCIA DE PROGRAMA_PG.<\/a><\/li><li><i class=\"far fa-file-pdf\"><\/i> <a href=\"https:\/\/www.qui.una.py\/v2\/wp-content\/uploads\/SOLICITUD-DE-CONVALIDACION-DE-ASIGNATURAS.docx.pdf\" target=\"_blank\" rel=\"noopener\">SOLICITUD DE CONVALIDACI\u00d3N DE ASIGNATURAS<\/a><\/li><li><i class=\"far fa-file-pdf\"><\/i> <a href=\"https:\/\/www.qui.una.py\/v2\/wp-content\/uploads\/AUTORIZACION-DESCUENTO-DE-HABERES_DPG.docx.pdf\" target=\"_blank\" rel=\"noopener\">AUTORIZACI\u00d3N DESCUENTO DE HABERES_DPG<\/a><\/li><li><i class=\"far fa-file-pdf\"><\/i> <a href=\"https:\/\/www.qui.una.py\/v2\/wp-content\/uploads\/CARTA-DE-COMPROMISO-DE-PAGO-DE-HABERES-ADEUDADOS.docx.pdf\" target=\"_blank\" rel=\"noopener\">CARTA DE COMPROMISO DE PAGO<\/a>.<\/li><li><i class=\"far fa-file-pdf\"><\/i> <a href=\"https:\/\/www.qui.una.py\/v2\/wp-content\/uploads\/CARTA-DE-REFERENCIA.docx.pdf\" target=\"_blank\" rel=\"noopener\">CARTA DE REFERENCIA.<\/a><\/li><li><i class=\"far fa-file-pdf\"><\/i> <a href=\"https:\/\/www.qui.una.py\/v2\/wp-content\/uploads\/Carta_compromiso_tutoria_tesis.doc.pdf\" target=\"_blank\" rel=\"noopener\">CARTA DE COMPROMISO PARA TUTOR\u00cdA\/COTUTOR\u00cdA DE TESIS<\/a><\/li><li><i class=\"far fa-file-pdf\"><\/i> <a href=\"https:\/\/www.qui.una.py\/v2\/wp-content\/uploads\/CARTA-DE-RESPONSABILIDAD-DE-FINANCIERA.docx.pdf\" target=\"_blank\" rel=\"noopener\">CARTA DE RESPONSABILIDAD DE FINANCIERA<\/a>.<\/li><li><i class=\"far fa-file-pdf\"><\/i> <a href=\"https:\/\/www.qui.una.py\/v2\/wp-content\/uploads\/CONTRATO-DE-VINCULO-DPG_final.docx.pdf\" target=\"_blank\" rel=\"noopener\">CONTRATO DE VINCULO DPG.<\/a><\/li><li><i class=\"far fa-file-pdf\"><\/i> <a href=\"https:\/\/www.qui.una.py\/v2\/wp-content\/uploads\/FORMULARIO-DE-MATRICULACION.docx.pdf\" target=\"_blank\" rel=\"noopener\">FORMULARIO DE MATRICULACI\u00d3N<\/a><\/li><li><i class=\"far fa-file-pdf\"><\/i> <a href=\"https:\/\/www.qui.una.py\/v2\/wp-content\/uploads\/FORMULARIO-DE-PAGO.pdf\" target=\"_blank\" rel=\"noopener\">FORMULARIO DE PAGO<\/a><a href=\"https:\/\/qui.una.py\/wp-content\/uploads\/2020\/06\/FORMULARIO-DE-PAGO-1.pdf\">.<\/a><\/li><li><i class=\"far fa-file-pdf\"><\/i> <a href=\"https:\/\/www.qui.una.py\/v2\/wp-content\/uploads\/Formulario-de-Certificado-de-Estudios-de-Postgrado-ante-el-VES-1.pdf\" target=\"_blank\" rel=\"noopener\">SOLICITUD DE CERTIFICADO DE ESTUDIOS DE POSTGRADO \u2013 PARA REGISTRAR EL DIPLOMA ANTE EL VES<\/a><\/li><li><i class=\"far fa-file-pdf\"><\/i> <a href=\"https:\/\/www.qui.una.py\/v2\/wp-content\/uploads\/SOLICITUD-DE-TRASLADO.docx.pdf\" target=\"_blank\" rel=\"noopener\">SOLICITUD DE TRASLADO ENTRE PROGRAMAS DE POSTGRADO O MENCIONES DE LA FCQ<\/a><\/li><li><i class=\"far fa-file-pdf\"><\/i> <a href=\"https:\/\/www.qui.una.py\/v2\/wp-content\/uploads\/SOLICITUD-DE-REVISION-DE-EXAMEN-FINAL.docx.pdf\" target=\"_blank\" rel=\"noopener\">SOLICITUD DE REVISI\u00d3N DE EX\u00c1MEN FINAL<\/a><\/li><li><i class=\"far fa-file-pdf\"><\/i> <a href=\"https:\/\/www.qui.una.py\/v2\/wp-content\/uploads\/EXONERACION-DEL-30-PARA-DOCENTES-DE-LA-FCQ.docx.pdf\" target=\"_blank\" rel=\"noopener\">SOLICITUD DE EXONERACI\u00d3N DEL 30% PARA DOCENTES DE LA FCQ<\/a><\/li><\/ul>\t\t\t\t\t\t\t\t<\/div>\n\t\t\t\t\t<\/div>\n\t\t\t\t<\/div>\n\t\t<div class=\"elementor-element elementor-element-5fc1476 e-flex e-con-boxed e-con e-parent\" data-id=\"5fc1476\" data-element_type=\"container\" data-settings=\"{&quot;jet_parallax_layout_list&quot;:[]}\">\n\t\t\t\t\t<div class=\"e-con-inner\">\n\t\t\t\t<div class=\"elementor-element elementor-element-8e98500 elementor-widget elementor-widget-spacer\" data-id=\"8e98500\" data-element_type=\"widget\" data-widget_type=\"spacer.default\">\n\t\t\t\t\t\t\t<div class=\"elementor-spacer\">\n\t\t\t<div class=\"elementor-spacer-inner\"><\/div>\n\t\t<\/div>\n\t\t\t\t\t\t<\/div>\n\t\t\t\t\t<\/div>\n\t\t\t\t<\/div>\n\t\t\t\t<\/div>\n\t\t","protected":false},"excerpt":{"rendered":"<p>Home \/ Page Formatos y Formularios REGISTRO DE TEMA DE TESIS. SOLICITUD DE PR\u00d3RROGA, EXTENSI\u00d3N Y READMISI\u00d3N. SOLICITUD DE CONSTANCIA_ PG. SOLICITUD DE CERTIFICADO DE ESTUDIOS DE POSTGRADO(PRESENCIAL) RENUNCIA DE PROGRAMA_PG. SOLICITUD DE CONVALIDACI\u00d3N DE ASIGNATURAS AUTORIZACI\u00d3N DESCUENTO DE HABERES_DPG CARTA DE COMPROMISO DE PAGO. CARTA DE REFERENCIA. CARTA DE COMPROMISO PARA TUTOR\u00cdA\/COTUTOR\u00cdA DE TESIS [&hellip;]<\/p>\n","protected":false},"author":1,"featured_media":0,"parent":45205,"menu_order":0,"comment_status":"closed","ping_status":"closed","template":"elementor_header_footer","meta":{"footnotes":""},"class_list":["post-45390","page","type-page","status-publish","hentry"],"_links":{"self":[{"href":"https:\/\/fcquna.edu.py\/v3\/wp-json\/wp\/v2\/pages\/45390","targetHints":{"allow":["GET"]}}],"collection":[{"href":"https:\/\/fcquna.edu.py\/v3\/wp-json\/wp\/v2\/pages"}],"about":[{"href":"https:\/\/fcquna.edu.py\/v3\/wp-json\/wp\/v2\/types\/page"}],"author":[{"embeddable":true,"href":"https:\/\/fcquna.edu.py\/v3\/wp-json\/wp\/v2\/users\/1"}],"replies":[{"embeddable":true,"href":"https:\/\/fcquna.edu.py\/v3\/wp-json\/wp\/v2\/comments?post=45390"}],"version-history":[{"count":43,"href":"https:\/\/fcquna.edu.py\/v3\/wp-json\/wp\/v2\/pages\/45390\/revisions"}],"predecessor-version":[{"id":45434,"href":"https:\/\/fcquna.edu.py\/v3\/wp-json\/wp\/v2\/pages\/45390\/revisions\/45434"}],"up":[{"embeddable":true,"href":"https:\/\/fcquna.edu.py\/v3\/wp-json\/wp\/v2\/pages\/45205"}],"wp:attachment":[{"href":"https:\/\/fcquna.edu.py\/v3\/wp-json\/wp\/v2\/media?parent=45390"}],"curies":[{"name":"wp","href":"https:\/\/api.w.org\/{rel}","templated":true}]}}