{"id":45205,"date":"2025-11-17T11:48:11","date_gmt":"2025-11-17T11:48:11","guid":{"rendered":"https:\/\/fcquna.edu.py\/v3\/?page_id=45205"},"modified":"2025-12-02T21:48:57","modified_gmt":"2025-12-02T21:48:57","slug":"postgrado-2","status":"publish","type":"page","link":"https:\/\/fcquna.edu.py\/v3\/postgrado-2\/","title":{"rendered":"Postgrado"},"content":{"rendered":"\t\t<div data-elementor-type=\"wp-post\" data-elementor-id=\"45205\" class=\"elementor elementor-45205\" data-elementor-post-type=\"page\">\n\t\t\t\t<div class=\"elementor-element elementor-element-b65d82c e-flex e-con-boxed e-con e-parent\" data-id=\"b65d82c\" data-element_type=\"container\" data-settings=\"{&quot;jet_parallax_layout_list&quot;:[]}\">\n\t\t\t\t\t<div class=\"e-con-inner\">\n\t\t\t\t<div class=\"elementor-element elementor-element-fbd3fa6 elementor-widget elementor-widget-eael-breadcrumbs\" data-id=\"fbd3fa6\" data-element_type=\"widget\" data-widget_type=\"eael-breadcrumbs.default\">\n\t\t\t\t<div class=\"elementor-widget-container\">\n\t\t\t\t\t\t\t<div class=\"eael-breadcrumbs\">\n\t\t\t<div class=\"eael-breadcrumbs__content\"><a href=\"https:\/\/fcquna.edu.py\/v3\">Inicio<\/a> <span class=\"eael-breadcrumb-separator\">\/<\/span> <span class = \"eael-current\">Page<\/span><\/div>\t\t<\/div>\n\t\t\t\t\t\t<\/div>\n\t\t\t\t<\/div>\n\t\t\t\t\t<\/div>\n\t\t\t\t<\/div>\n\t\t<div class=\"elementor-element elementor-element-e1c0c85 e-flex e-con-boxed e-con e-parent\" data-id=\"e1c0c85\" data-element_type=\"container\" data-settings=\"{&quot;jet_parallax_layout_list&quot;:[]}\">\n\t\t\t\t\t<div class=\"e-con-inner\">\n\t\t\t\t<div class=\"elementor-element elementor-element-c71e80c elementor-widget elementor-widget-spacer\" data-id=\"c71e80c\" data-element_type=\"widget\" data-widget_type=\"spacer.default\">\n\t\t\t\t\t\t\t<div class=\"elementor-spacer\">\n\t\t\t<div class=\"elementor-spacer-inner\"><\/div>\n\t\t<\/div>\n\t\t\t\t\t\t<\/div>\n\t\t\t\t<div class=\"elementor-element elementor-element-e675676 elementor-widget elementor-widget-heading\" data-id=\"e675676\" data-element_type=\"widget\" data-widget_type=\"heading.default\">\n\t\t\t\t\t<h2 class=\"elementor-heading-title elementor-size-default\">POSTGRADO<\/h2>\t\t\t\t<\/div>\n\t\t\t\t\t<\/div>\n\t\t\t\t<\/div>\n\t\t<div class=\"elementor-element elementor-element-37bc14d e-flex e-con-boxed e-con e-parent\" data-id=\"37bc14d\" data-element_type=\"container\" data-settings=\"{&quot;jet_parallax_layout_list&quot;:[]}\">\n\t\t\t\t\t<div class=\"e-con-inner\">\n\t\t\t\t<div class=\"elementor-element elementor-element-3302321 elementor-widget elementor-widget-text-editor\" data-id=\"3302321\" data-element_type=\"widget\" data-widget_type=\"text-editor.default\">\n\t\t\t\t\t\t\t\t\t<p style=\"text-align: center;\"><strong>La Direcci\u00f3n de Postgrado (DP) es el organismo encargado de la administraci\u00f3n de los programas de Postgrados en la FCQ-UNA.<br \/><\/strong><br \/>Los programas de Postgrado de la FCQ-UNA se organizan como un conjunto de actividades acad\u00e9micas destinadas a la generaci\u00f3n, transmisi\u00f3n de conocimientos y experiencias pr\u00e1cticas as\u00ed como la actualizaci\u00f3n del conocimiento de titulados universitarios relacionados a las ciencias qu\u00edmicas o disciplinas relacionadas, en donde el individuo desarrolla su capacidad intelectual e investigativa conforme a su inter\u00e9s y a su potencial.<\/p>\t\t\t\t\t\t\t\t<\/div>\n\t\t\t\t\t<\/div>\n\t\t\t\t<\/div>\n\t\t<div class=\"elementor-element elementor-element-777d749 e-flex e-con-boxed e-con e-parent\" data-id=\"777d749\" data-element_type=\"container\" data-settings=\"{&quot;jet_parallax_layout_list&quot;:[]}\">\n\t\t\t\t\t<div class=\"e-con-inner\">\n\t\t\t\t<div class=\"elementor-element elementor-element-0ac44bc elementor-widget elementor-widget-spacer\" data-id=\"0ac44bc\" data-element_type=\"widget\" data-widget_type=\"spacer.default\">\n\t\t\t\t\t\t\t<div class=\"elementor-spacer\">\n\t\t\t<div class=\"elementor-spacer-inner\"><\/div>\n\t\t<\/div>\n\t\t\t\t\t\t<\/div>\n\t\t\t\t\t<\/div>\n\t\t\t\t<\/div>\n\t\t<div class=\"elementor-element elementor-element-283e440 e-grid e-con-boxed e-con e-parent\" data-id=\"283e440\" data-element_type=\"container\" data-settings=\"{&quot;jet_parallax_layout_list&quot;:[]}\">\n\t\t\t\t\t<div class=\"e-con-inner\">\n\t\t\t\t<div class=\"elementor-element elementor-element-ae178d0 elementor-widget elementor-widget-image\" data-id=\"ae178d0\" data-element_type=\"widget\" data-widget_type=\"image.default\">\n\t\t\t\t\t\t\t\t\t\t\t\t\t\t\t\t<a href=\"https:\/\/fcquna.edu.py\/v3\/postgrado-2\/doctorados-2\">\n\t\t\t\t\t\t\t<img decoding=\"async\" width=\"206\" height=\"157\" src=\"https:\/\/fcquna.edu.py\/v3\/wp-content\/uploads\/2025\/12\/icon-postgrado-doctorado.png\" class=\"elementor-animation-grow attachment-large size-large wp-image-47196\" alt=\"\" \/>\t\t\t\t\t\t\t\t<\/a>\n\t\t\t\t\t\t\t\t\t\t\t\t\t\t\t<\/div>\n\t\t\t\t<div class=\"elementor-element elementor-element-6effd2a elementor-widget elementor-widget-image\" data-id=\"6effd2a\" data-element_type=\"widget\" data-widget_type=\"image.default\">\n\t\t\t\t\t\t\t\t\t\t\t\t\t\t\t\t<a href=\"#\">\n\t\t\t\t\t\t\t<img decoding=\"async\" width=\"206\" height=\"157\" src=\"https:\/\/fcquna.edu.py\/v3\/wp-content\/uploads\/2025\/12\/icon-postgrado-maestrias.png\" class=\"elementor-animation-grow attachment-large size-large wp-image-47197\" alt=\"\" \/>\t\t\t\t\t\t\t\t<\/a>\n\t\t\t\t\t\t\t\t\t\t\t\t\t\t\t<\/div>\n\t\t\t\t<div class=\"elementor-element elementor-element-21fb458 elementor-widget elementor-widget-image\" data-id=\"21fb458\" data-element_type=\"widget\" data-widget_type=\"image.default\">\n\t\t\t\t\t\t\t\t\t\t\t\t\t\t\t\t<a href=\"https:\/\/fcquna.edu.py\/v3\/postgrado-2\/especializaciones\">\n\t\t\t\t\t\t\t<img decoding=\"async\" width=\"206\" height=\"157\" src=\"https:\/\/fcquna.edu.py\/v3\/wp-content\/uploads\/2025\/12\/icon-postgrado-especializaciones.png\" class=\"elementor-animation-grow attachment-large size-large wp-image-47198\" alt=\"\" \/>\t\t\t\t\t\t\t\t<\/a>\n\t\t\t\t\t\t\t\t\t\t\t\t\t\t\t<\/div>\n\t\t\t\t<div class=\"elementor-element elementor-element-a4cfde0 elementor-widget elementor-widget-image\" data-id=\"a4cfde0\" data-element_type=\"widget\" data-widget_type=\"image.default\">\n\t\t\t\t\t\t\t\t\t\t\t\t\t\t\t\t<a href=\"#\">\n\t\t\t\t\t\t\t<img loading=\"lazy\" decoding=\"async\" width=\"206\" height=\"157\" src=\"https:\/\/fcquna.edu.py\/v3\/wp-content\/uploads\/2025\/12\/icon-postgrado-diplomados.png\" class=\"elementor-animation-grow attachment-large size-large wp-image-47200\" alt=\"\" \/>\t\t\t\t\t\t\t\t<\/a>\n\t\t\t\t\t\t\t\t\t\t\t\t\t\t\t<\/div>\n\t\t\t\t<div class=\"elementor-element elementor-element-790a800 elementor-widget elementor-widget-image\" data-id=\"790a800\" data-element_type=\"widget\" data-widget_type=\"image.default\">\n\t\t\t\t\t\t\t\t\t\t\t\t\t\t\t\t<a href=\"https:\/\/fcquna.edu.py\/v3\/postgrado-2\/formularios-y-formatos\/\">\n\t\t\t\t\t\t\t<img loading=\"lazy\" decoding=\"async\" width=\"206\" height=\"157\" src=\"https:\/\/fcquna.edu.py\/v3\/wp-content\/uploads\/2025\/12\/icon-postgrado-documentos.png\" class=\"elementor-animation-grow attachment-large size-large wp-image-47201\" alt=\"\" \/>\t\t\t\t\t\t\t\t<\/a>\n\t\t\t\t\t\t\t\t\t\t\t\t\t\t\t<\/div>\n\t\t\t\t\t<\/div>\n\t\t\t\t<\/div>\n\t\t<div class=\"elementor-element elementor-element-446e431 e-flex e-con-boxed e-con e-parent\" data-id=\"446e431\" data-element_type=\"container\" data-settings=\"{&quot;jet_parallax_layout_list&quot;:[]}\">\n\t\t\t\t\t<div class=\"e-con-inner\">\n\t\t\t\t<div class=\"elementor-element elementor-element-689bce7 elementor-widget elementor-widget-spacer\" data-id=\"689bce7\" data-element_type=\"widget\" data-widget_type=\"spacer.default\">\n\t\t\t\t\t\t\t<div class=\"elementor-spacer\">\n\t\t\t<div class=\"elementor-spacer-inner\"><\/div>\n\t\t<\/div>\n\t\t\t\t\t\t<\/div>\n\t\t\t\t\t<\/div>\n\t\t\t\t<\/div>\n\t\t\t\t<\/div>\n\t\t","protected":false},"excerpt":{"rendered":"<p>Inicio \/ Page POSTGRADO La Direcci\u00f3n de Postgrado (DP) es el organismo encargado de la administraci\u00f3n de los programas de Postgrados en la FCQ-UNA.Los programas de Postgrado de la FCQ-UNA se organizan como un conjunto de actividades acad\u00e9micas destinadas a la generaci\u00f3n, transmisi\u00f3n de conocimientos y experiencias pr\u00e1cticas as\u00ed como la actualizaci\u00f3n del conocimiento de [&hellip;]<\/p>\n","protected":false},"author":1,"featured_media":0,"parent":0,"menu_order":0,"comment_status":"closed","ping_status":"closed","template":"elementor_header_footer","meta":{"footnotes":""},"class_list":["post-45205","page","type-page","status-publish","hentry"],"_links":{"self":[{"href":"https:\/\/fcquna.edu.py\/v3\/wp-json\/wp\/v2\/pages\/45205","targetHints":{"allow":["GET"]}}],"collection":[{"href":"https:\/\/fcquna.edu.py\/v3\/wp-json\/wp\/v2\/pages"}],"about":[{"href":"https:\/\/fcquna.edu.py\/v3\/wp-json\/wp\/v2\/types\/page"}],"author":[{"embeddable":true,"href":"https:\/\/fcquna.edu.py\/v3\/wp-json\/wp\/v2\/users\/1"}],"replies":[{"embeddable":true,"href":"https:\/\/fcquna.edu.py\/v3\/wp-json\/wp\/v2\/comments?post=45205"}],"version-history":[{"count":46,"href":"https:\/\/fcquna.edu.py\/v3\/wp-json\/wp\/v2\/pages\/45205\/revisions"}],"predecessor-version":[{"id":47282,"href":"https:\/\/fcquna.edu.py\/v3\/wp-json\/wp\/v2\/pages\/45205\/revisions\/47282"}],"wp:attachment":[{"href":"https:\/\/fcquna.edu.py\/v3\/wp-json\/wp\/v2\/media?parent=45205"}],"curies":[{"name":"wp","href":"https:\/\/api.w.org\/{rel}","templated":true}]}}