{"id":45107,"date":"2025-11-13T21:11:25","date_gmt":"2025-11-13T21:11:25","guid":{"rendered":"https:\/\/fcquna.edu.py\/v3\/?page_id=45107"},"modified":"2025-11-20T21:08:41","modified_gmt":"2025-11-20T21:08:41","slug":"apoyo-pedagogico-2","status":"publish","type":"page","link":"https:\/\/fcquna.edu.py\/v3\/academico\/apoyo-pedagogico-2\/","title":{"rendered":"Apoyo pedag\u00f3gico"},"content":{"rendered":"\t\t<div data-elementor-type=\"wp-page\" data-elementor-id=\"45107\" class=\"elementor elementor-45107\" data-elementor-post-type=\"page\">\n\t\t\t\t<div class=\"elementor-element elementor-element-d6534d0 e-flex e-con-boxed e-con e-parent\" data-id=\"d6534d0\" data-element_type=\"container\" data-settings=\"{&quot;jet_parallax_layout_list&quot;:[]}\">\n\t\t\t\t\t<div class=\"e-con-inner\">\n\t\t\t\t<div class=\"elementor-element elementor-element-6e08244 elementor-widget elementor-widget-heading\" data-id=\"6e08244\" data-element_type=\"widget\" data-widget_type=\"heading.default\">\n\t\t\t\t\t<h3 class=\"elementor-heading-title elementor-size-default\">Estrategias para el logro del \u00e9xito<\/h3>\t\t\t\t<\/div>\n\t\t\t\t\t<\/div>\n\t\t\t\t<\/div>\n\t\t<div class=\"elementor-element elementor-element-75171e9 e-flex e-con-boxed e-con e-parent\" data-id=\"75171e9\" data-element_type=\"container\" data-settings=\"{&quot;jet_parallax_layout_list&quot;:[]}\">\n\t\t\t\t\t<div class=\"e-con-inner\">\n\t\t\t\t<div class=\"elementor-element elementor-element-f7ec2cc elementor-widget elementor-widget-heading\" data-id=\"f7ec2cc\" data-element_type=\"widget\" data-widget_type=\"heading.default\">\n\t\t\t\t\t<h2 class=\"elementor-heading-title elementor-size-default\">Organizaci\u00f3n del tiempo<\/h2>\t\t\t\t<\/div>\n\t\t\t\t<div class=\"elementor-element elementor-element-5d0b191 elementor-widget elementor-widget-text-editor\" data-id=\"5d0b191\" data-element_type=\"widget\" data-widget_type=\"text-editor.default\">\n\t\t\t\t\t\t\t\t\t<p>Aqu\u00ed encontrar\u00e1s una serie de audiovisuales que te guiar\u00e1n para lograr el prop\u00f3sito de organizar tu jornada de estudio y actividades.<\/p>\t\t\t\t\t\t\t\t<\/div>\n\t\t\t\t\t<\/div>\n\t\t\t\t<\/div>\n\t\t<div class=\"elementor-element elementor-element-f736b60 e-flex e-con-boxed e-con e-parent\" data-id=\"f736b60\" data-element_type=\"container\" data-settings=\"{&quot;jet_parallax_layout_list&quot;:[]}\">\n\t\t\t\t\t<div class=\"e-con-inner\">\n\t\t\t\t<div class=\"elementor-element elementor-element-a86f0c1 elementor-widget elementor-widget-heading\" data-id=\"a86f0c1\" data-element_type=\"widget\" data-widget_type=\"heading.default\">\n\t\t\t\t\t<h3 class=\"elementor-heading-title elementor-size-default\">Estrategias para el logro del \u00e9xito<\/h3>\t\t\t\t<\/div>\n\t\t\t\t<div class=\"elementor-element elementor-element-b9e4508 elementor-widget elementor-widget-video\" data-id=\"b9e4508\" data-element_type=\"widget\" data-settings=\"{&quot;youtube_url&quot;:&quot;https:\\\/\\\/www.youtube.com\\\/watch?v=UsQopeTzw4o&quot;,&quot;video_type&quot;:&quot;youtube&quot;,&quot;controls&quot;:&quot;yes&quot;}\" data-widget_type=\"video.default\">\n\t\t\t\t\t\t\t<div class=\"elementor-wrapper elementor-open-inline\">\n\t\t\t<div class=\"elementor-video\"><\/div>\t\t<\/div>\n\t\t\t\t\t\t<\/div>\n\t\t\t\t<div class=\"elementor-element elementor-element-e4e95bf elementor-widget elementor-widget-heading\" data-id=\"e4e95bf\" data-element_type=\"widget\" data-widget_type=\"heading.default\">\n\t\t\t\t\t<h3 class=\"elementor-heading-title elementor-size-default\">Organizaci\u00f3n del tiempo 1<\/h3>\t\t\t\t<\/div>\n\t\t<div class=\"elementor-element elementor-element-425aca0 e-con-full e-flex e-con e-child\" data-id=\"425aca0\" data-element_type=\"container\" data-settings=\"{&quot;jet_parallax_layout_list&quot;:[]}\">\n\t\t\t\t<div class=\"elementor-element elementor-element-1befe0c elementor-widget elementor-widget-video\" data-id=\"1befe0c\" data-element_type=\"widget\" data-settings=\"{&quot;youtube_url&quot;:&quot;https:\\\/\\\/www.youtube.com\\\/watch?v=Vqptaq1Z5DI&quot;,&quot;video_type&quot;:&quot;youtube&quot;,&quot;controls&quot;:&quot;yes&quot;}\" data-widget_type=\"video.default\">\n\t\t\t\t\t\t\t<div class=\"elementor-wrapper elementor-open-inline\">\n\t\t\t<div class=\"elementor-video\"><\/div>\t\t<\/div>\n\t\t\t\t\t\t<\/div>\n\t\t\t\t<\/div>\n\t\t\t\t<div class=\"elementor-element elementor-element-8d2748e elementor-widget elementor-widget-heading\" data-id=\"8d2748e\" data-element_type=\"widget\" data-widget_type=\"heading.default\">\n\t\t\t\t\t<h3 class=\"elementor-heading-title elementor-size-default\">Organizaci\u00f3n del tiempo 2<\/h3>\t\t\t\t<\/div>\n\t\t\t\t<div class=\"elementor-element elementor-element-3e11466 elementor-widget elementor-widget-video\" data-id=\"3e11466\" data-element_type=\"widget\" data-settings=\"{&quot;youtube_url&quot;:&quot;https:\\\/\\\/www.youtube.com\\\/watch?v=hZ_Y_GZ9U7Y&amp;list=PLvEswRcUk4L_FsFX26dN4aUFC-BKXXpxP&amp;index=3&quot;,&quot;video_type&quot;:&quot;youtube&quot;,&quot;controls&quot;:&quot;yes&quot;}\" data-widget_type=\"video.default\">\n\t\t\t\t\t\t\t<div class=\"elementor-wrapper elementor-open-inline\">\n\t\t\t<div class=\"elementor-video\"><\/div>\t\t<\/div>\n\t\t\t\t\t\t<\/div>\n\t\t\t\t\t<\/div>\n\t\t\t\t<\/div>\n\t\t<div class=\"elementor-element elementor-element-229b0f9 e-flex e-con-boxed e-con e-parent\" data-id=\"229b0f9\" data-element_type=\"container\" data-settings=\"{&quot;jet_parallax_layout_list&quot;:[]}\">\n\t\t\t\t\t<div class=\"e-con-inner\">\n\t\t\t\t<div class=\"elementor-element elementor-element-0a57773 elementor-widget elementor-widget-spacer\" data-id=\"0a57773\" data-element_type=\"widget\" data-widget_type=\"spacer.default\">\n\t\t\t\t\t\t\t<div class=\"elementor-spacer\">\n\t\t\t<div class=\"elementor-spacer-inner\"><\/div>\n\t\t<\/div>\n\t\t\t\t\t\t<\/div>\n\t\t\t\t<div class=\"elementor-element elementor-element-c79b5a0 elementor-widget elementor-widget-heading\" data-id=\"c79b5a0\" data-element_type=\"widget\" data-widget_type=\"heading.default\">\n\t\t\t\t\t<h2 class=\"elementor-heading-title elementor-size-default\">Estrategias para el desarrollo cognitivo<\/h2>\t\t\t\t<\/div>\n\t\t\t\t<div class=\"elementor-element elementor-element-b6829b9 elementor-widget elementor-widget-text-editor\" data-id=\"b6829b9\" data-element_type=\"widget\" data-widget_type=\"text-editor.default\">\n\t\t\t\t\t\t\t\t\t<p>Aprender a estudiar es uno de los mayores desaf\u00edos para el estudiante, lo sabemos y queremos acompa\u00f1arte en tu camino. Esta secuencia de audiovisuales te ir\u00e1 mostrando paso a paso la serie de etapas que debes ir completando para aprender y estudiar correctamente, como as\u00ed tambi\u00e9n el desarrollo de los diversos m\u00e9todos para realizar tu trabajo intelectual, de una manera concisa, sencilla y por sobre todo muy amena.<\/p>\t\t\t\t\t\t\t\t<\/div>\n\t\t\t\t\t<\/div>\n\t\t\t\t<\/div>\n\t\t<div class=\"elementor-element elementor-element-9777b3e e-flex e-con-boxed e-con e-parent\" data-id=\"9777b3e\" data-element_type=\"container\" data-settings=\"{&quot;jet_parallax_layout_list&quot;:[]}\">\n\t\t\t\t\t<div class=\"e-con-inner\">\n\t\t\t\t<div class=\"elementor-element elementor-element-23c02b3 elementor-widget elementor-widget-heading\" data-id=\"23c02b3\" data-element_type=\"widget\" data-widget_type=\"heading.default\">\n\t\t\t\t\t<h3 class=\"elementor-heading-title elementor-size-default\">Desarrollo Cognitivo 1<\/h3>\t\t\t\t<\/div>\n\t\t\t\t\t<\/div>\n\t\t\t\t<\/div>\n\t\t<div class=\"elementor-element elementor-element-35fe091 e-flex e-con-boxed e-con e-parent\" data-id=\"35fe091\" data-element_type=\"container\" data-settings=\"{&quot;jet_parallax_layout_list&quot;:[]}\">\n\t\t\t\t\t<div class=\"e-con-inner\">\n\t\t\t\t<div class=\"elementor-element elementor-element-5853900 elementor-widget elementor-widget-video\" data-id=\"5853900\" data-element_type=\"widget\" data-settings=\"{&quot;youtube_url&quot;:&quot;https:\\\/\\\/www.youtube.com\\\/watch?v=EQ80W6wqIX4&amp;list=PLvEswRcUk4L_FsFX26dN4aUFC-BKXXpxP&amp;index=5&quot;,&quot;video_type&quot;:&quot;youtube&quot;,&quot;controls&quot;:&quot;yes&quot;}\" data-widget_type=\"video.default\">\n\t\t\t\t\t\t\t<div class=\"elementor-wrapper elementor-open-inline\">\n\t\t\t<div class=\"elementor-video\"><\/div>\t\t<\/div>\n\t\t\t\t\t\t<\/div>\n\t\t\t\t\t<\/div>\n\t\t\t\t<\/div>\n\t\t<div class=\"elementor-element elementor-element-20f2491 e-flex e-con-boxed e-con e-parent\" data-id=\"20f2491\" data-element_type=\"container\" data-settings=\"{&quot;jet_parallax_layout_list&quot;:[]}\">\n\t\t\t\t\t<div class=\"e-con-inner\">\n\t\t\t\t<div class=\"elementor-element elementor-element-f0df6d8 elementor-widget elementor-widget-heading\" data-id=\"f0df6d8\" data-element_type=\"widget\" data-widget_type=\"heading.default\">\n\t\t\t\t\t<h3 class=\"elementor-heading-title elementor-size-default\">Desarrollo Cognitivo 2<\/h3>\t\t\t\t<\/div>\n\t\t\t\t\t<\/div>\n\t\t\t\t<\/div>\n\t\t<div class=\"elementor-element elementor-element-518aa34 e-flex e-con-boxed e-con e-parent\" data-id=\"518aa34\" data-element_type=\"container\" data-settings=\"{&quot;jet_parallax_layout_list&quot;:[]}\">\n\t\t\t\t\t<div class=\"e-con-inner\">\n\t\t\t\t<div class=\"elementor-element elementor-element-e564001 elementor-widget elementor-widget-video\" data-id=\"e564001\" data-element_type=\"widget\" data-settings=\"{&quot;youtube_url&quot;:&quot;https:\\\/\\\/www.youtube.com\\\/watch?v=_NGCgRmar8k&amp;list=PLvEswRcUk4L_FsFX26dN4aUFC-BKXXpxP&amp;index=6&quot;,&quot;video_type&quot;:&quot;youtube&quot;,&quot;controls&quot;:&quot;yes&quot;}\" data-widget_type=\"video.default\">\n\t\t\t\t\t\t\t<div class=\"elementor-wrapper elementor-open-inline\">\n\t\t\t<div class=\"elementor-video\"><\/div>\t\t<\/div>\n\t\t\t\t\t\t<\/div>\n\t\t\t\t\t<\/div>\n\t\t\t\t<\/div>\n\t\t<div class=\"elementor-element elementor-element-08a4a61 e-flex e-con-boxed e-con e-parent\" data-id=\"08a4a61\" data-element_type=\"container\" data-settings=\"{&quot;jet_parallax_layout_list&quot;:[]}\">\n\t\t\t\t\t<div class=\"e-con-inner\">\n\t\t\t\t<div class=\"elementor-element elementor-element-aca9b89 elementor-widget elementor-widget-heading\" data-id=\"aca9b89\" data-element_type=\"widget\" data-widget_type=\"heading.default\">\n\t\t\t\t\t<h3 class=\"elementor-heading-title elementor-size-default\">Desarrollo Cognitivo 3<\/h3>\t\t\t\t<\/div>\n\t\t\t\t\t<\/div>\n\t\t\t\t<\/div>\n\t\t<div class=\"elementor-element elementor-element-e5c7ac6 e-flex e-con-boxed e-con e-parent\" data-id=\"e5c7ac6\" data-element_type=\"container\" data-settings=\"{&quot;jet_parallax_layout_list&quot;:[]}\">\n\t\t\t\t\t<div class=\"e-con-inner\">\n\t\t\t\t<div class=\"elementor-element elementor-element-5690929 elementor-widget elementor-widget-video\" data-id=\"5690929\" data-element_type=\"widget\" data-settings=\"{&quot;youtube_url&quot;:&quot;https:\\\/\\\/www.youtube.com\\\/watch?v=8KYnR0jSV68&amp;list=PLvEswRcUk4L_FsFX26dN4aUFC-BKXXpxP&amp;index=8&quot;,&quot;video_type&quot;:&quot;youtube&quot;,&quot;controls&quot;:&quot;yes&quot;}\" data-widget_type=\"video.default\">\n\t\t\t\t\t\t\t<div class=\"elementor-wrapper elementor-open-inline\">\n\t\t\t<div class=\"elementor-video\"><\/div>\t\t<\/div>\n\t\t\t\t\t\t<\/div>\n\t\t\t\t\t<\/div>\n\t\t\t\t<\/div>\n\t\t<div class=\"elementor-element elementor-element-e78fab7 e-flex e-con-boxed e-con e-parent\" data-id=\"e78fab7\" data-element_type=\"container\" data-settings=\"{&quot;jet_parallax_layout_list&quot;:[]}\">\n\t\t\t\t\t<div class=\"e-con-inner\">\n\t\t\t\t<div class=\"elementor-element elementor-element-bbfee44 elementor-widget elementor-widget-heading\" data-id=\"bbfee44\" data-element_type=\"widget\" data-widget_type=\"heading.default\">\n\t\t\t\t\t<h3 class=\"elementor-heading-title elementor-size-default\">Desarrollo Cognitivo 4<\/h3>\t\t\t\t<\/div>\n\t\t\t\t\t<\/div>\n\t\t\t\t<\/div>\n\t\t<div class=\"elementor-element elementor-element-e4cadcc e-flex e-con-boxed e-con e-parent\" data-id=\"e4cadcc\" data-element_type=\"container\" data-settings=\"{&quot;jet_parallax_layout_list&quot;:[]}\">\n\t\t\t\t\t<div class=\"e-con-inner\">\n\t\t\t\t<div class=\"elementor-element elementor-element-67fbe3c elementor-widget elementor-widget-video\" data-id=\"67fbe3c\" data-element_type=\"widget\" data-settings=\"{&quot;youtube_url&quot;:&quot;https:\\\/\\\/www.youtube.com\\\/watch?v=OQCi4GB8lkY&amp;list=PLvEswRcUk4L_FsFX26dN4aUFC-BKXXpxP&amp;index=7&quot;,&quot;video_type&quot;:&quot;youtube&quot;,&quot;controls&quot;:&quot;yes&quot;}\" data-widget_type=\"video.default\">\n\t\t\t\t\t\t\t<div class=\"elementor-wrapper elementor-open-inline\">\n\t\t\t<div class=\"elementor-video\"><\/div>\t\t<\/div>\n\t\t\t\t\t\t<\/div>\n\t\t\t\t\t<\/div>\n\t\t\t\t<\/div>\n\t\t<div class=\"elementor-element elementor-element-dae139e e-flex e-con-boxed e-con e-parent\" data-id=\"dae139e\" data-element_type=\"container\" data-settings=\"{&quot;jet_parallax_layout_list&quot;:[]}\">\n\t\t\t\t\t<div class=\"e-con-inner\">\n\t\t\t\t<div class=\"elementor-element elementor-element-1767eea elementor-widget elementor-widget-heading\" data-id=\"1767eea\" data-element_type=\"widget\" data-widget_type=\"heading.default\">\n\t\t\t\t\t<h3 class=\"elementor-heading-title elementor-size-default\">Desarrollo Cognitivo 5<\/h3>\t\t\t\t<\/div>\n\t\t\t\t\t<\/div>\n\t\t\t\t<\/div>\n\t\t<div class=\"elementor-element elementor-element-52507b2 e-flex e-con-boxed e-con e-parent\" data-id=\"52507b2\" data-element_type=\"container\" data-settings=\"{&quot;jet_parallax_layout_list&quot;:[]}\">\n\t\t\t\t\t<div class=\"e-con-inner\">\n\t\t\t\t<div class=\"elementor-element elementor-element-84f73c5 elementor-widget elementor-widget-video\" data-id=\"84f73c5\" data-element_type=\"widget\" data-settings=\"{&quot;youtube_url&quot;:&quot;https:\\\/\\\/www.youtube.com\\\/watch?v=AWCR6II19sE&amp;list=PLvEswRcUk4L_FsFX26dN4aUFC-BKXXpxP&amp;index=6&quot;,&quot;video_type&quot;:&quot;youtube&quot;,&quot;controls&quot;:&quot;yes&quot;}\" data-widget_type=\"video.default\">\n\t\t\t\t\t\t\t<div class=\"elementor-wrapper elementor-open-inline\">\n\t\t\t<div class=\"elementor-video\"><\/div>\t\t<\/div>\n\t\t\t\t\t\t<\/div>\n\t\t\t\t<div class=\"elementor-element elementor-element-5a42cb7 elementor-widget elementor-widget-spacer\" data-id=\"5a42cb7\" data-element_type=\"widget\" data-widget_type=\"spacer.default\">\n\t\t\t\t\t\t\t<div class=\"elementor-spacer\">\n\t\t\t<div class=\"elementor-spacer-inner\"><\/div>\n\t\t<\/div>\n\t\t\t\t\t\t<\/div>\n\t\t\t\t\t<\/div>\n\t\t\t\t<\/div>\n\t\t<div class=\"elementor-element elementor-element-9388b31 e-flex e-con-boxed e-con e-parent\" data-id=\"9388b31\" data-element_type=\"container\" data-settings=\"{&quot;jet_parallax_layout_list&quot;:[]}\">\n\t\t\t\t\t<div class=\"e-con-inner\">\n\t\t\t\t<div class=\"elementor-element elementor-element-377fd27 elementor-widget elementor-widget-heading\" data-id=\"377fd27\" data-element_type=\"widget\" data-widget_type=\"heading.default\">\n\t\t\t\t\t<h2 class=\"elementor-heading-title elementor-size-default\">Otros recursos<\/h2>\t\t\t\t<\/div>\n\t\t\t\t\t<\/div>\n\t\t\t\t<\/div>\n\t\t<div class=\"elementor-element elementor-element-549c85c e-flex e-con-boxed e-con e-parent\" data-id=\"549c85c\" data-element_type=\"container\" data-settings=\"{&quot;jet_parallax_layout_list&quot;:[]}\">\n\t\t\t\t\t<div class=\"e-con-inner\">\n\t\t\t\t<div class=\"elementor-element elementor-element-a22cde1 elementor-widget elementor-widget-text-editor\" data-id=\"a22cde1\" data-element_type=\"widget\" data-widget_type=\"text-editor.default\">\n\t\t\t\t\t\t\t\t\t<p>En esta secci\u00f3n voy a compartir contigo una serie de materiales, folletos, tr\u00edpticos con informaciones adicionales que te van a servir para mejorar cada d\u00eda tu trabajo como estudiante. Tambi\u00e9n te ir\u00e9 adjuntando una serie de herramientas que puedes emplear para realizar tus res\u00famenes, tareas, mapas, etc<strong>.<\/strong><\/p>\t\t\t\t\t\t\t\t<\/div>\n\t\t\t\t\t<\/div>\n\t\t\t\t<\/div>\n\t\t<div class=\"elementor-element elementor-element-63cea09 e-flex e-con-boxed e-con e-parent\" data-id=\"63cea09\" data-element_type=\"container\" data-settings=\"{&quot;jet_parallax_layout_list&quot;:[]}\">\n\t\t\t\t\t<div class=\"e-con-inner\">\n\t\t\t\t<div class=\"elementor-element elementor-element-47675eb elementor-widget elementor-widget-text-editor\" data-id=\"47675eb\" data-element_type=\"widget\" data-widget_type=\"text-editor.default\">\n\t\t\t\t\t\t\t\t\t<p><br \/><strong>Enlaces varios:<\/strong><\/p><ul><li><a href=\"https:\/\/www.xataka.com\/basics\/herramientas-gratis-para-hacer-esquemas-diagramas-online\" target=\"_blank\" rel=\"noopener\">https:\/\/www.xataka.com\/basics\/herramientas-gratis-para-hacer-esquemas-diagramas-online<\/a><\/li><li><a href=\"https:\/\/lucidspark.com\/es\/crea\/mapas-conceptuales-online\" target=\"_blank\" rel=\"noopener\">https:\/\/lucidspark.com\/es\/crea\/mapas-conceptuales-online<\/a><\/li><li><a href=\"https:\/\/www.canva.com\/es_es\/graficos\/mapas-mentales\/\" target=\"_blank\" rel=\"noopener\">https:\/\/www.canva.com\/es_es\/graficos\/mapas-mentales\/<\/a><\/li><li><a href=\"https:\/\/es.smiletemplates.com\/most-popular\/powerpoint-diagrams-charts\/0.html\" target=\"_blank\" rel=\"noopener\">https:\/\/es.smiletemplates.com\/most-popular\/powerpoint-diagrams-charts\/0.html<\/a><\/li><\/ul>\t\t\t\t\t\t\t\t<\/div>\n\t\t\t\t\t<\/div>\n\t\t\t\t<\/div>\n\t\t<div class=\"elementor-element elementor-element-bcbea67 e-flex e-con-boxed e-con e-parent\" data-id=\"bcbea67\" data-element_type=\"container\" data-settings=\"{&quot;jet_parallax_layout_list&quot;:[]}\">\n\t\t\t\t\t<div class=\"e-con-inner\">\n\t\t\t\t<div class=\"elementor-element elementor-element-fa96433 elementor-widget elementor-widget-text-editor\" data-id=\"fa96433\" data-element_type=\"widget\" data-widget_type=\"text-editor.default\">\n\t\t\t\t\t\t\t\t\t<p><strong>Manuales. Folletos Informativos. Tripticos.<\/strong><\/p><ul><li><i class=\"far fa-file-pdf\"><\/i> <a href=\"https:\/\/www.qui.una.py\/\/wp-content\/uploads\/2024\/03\/organizacion-y-planificacion-para-el-estudio-en-la-universidad-ps-monica-osorio-vargas-pdf-989-kb.pdf\" target=\"_blank\" rel=\"noopener\">Organizaci\u00f3n para el Estudio en la Universidad<\/a><\/li><li><i class=\"far fa-file-pdf\"><\/i> <a href=\"https:\/\/www.qui.una.py\/\/wp-content\/uploads\/2024\/03\/Yoprocrastino.pdf\" target=\"_blank\" rel=\"noopener\">Yo procastino. Tu procastinas<\/a><\/li><\/ul>\t\t\t\t\t\t\t\t<\/div>\n\t\t\t\t\t<\/div>\n\t\t\t\t<\/div>\n\t\t<div class=\"elementor-element elementor-element-ef3ecab e-flex e-con-boxed e-con e-parent\" data-id=\"ef3ecab\" data-element_type=\"container\" data-settings=\"{&quot;jet_parallax_layout_list&quot;:[]}\">\n\t\t\t\t\t<div class=\"e-con-inner\">\n\t\t\t\t\t<\/div>\n\t\t\t\t<\/div>\n\t\t\t\t<\/div>\n\t\t","protected":false},"excerpt":{"rendered":"<p>Estrategias para el logro del \u00e9xito Organizaci\u00f3n del tiempo Aqu\u00ed encontrar\u00e1s una serie de audiovisuales que te guiar\u00e1n para lograr el prop\u00f3sito de organizar tu jornada de estudio y actividades. Estrategias para el logro del \u00e9xito https:\/\/www.youtube.com\/watch?v=UsQopeTzw4o Organizaci\u00f3n del tiempo 1 https:\/\/www.youtube.com\/watch?v=Vqptaq1Z5DI Organizaci\u00f3n del tiempo 2 https:\/\/www.youtube.com\/watch?v=hZ_Y_GZ9U7Y&#038;list=PLvEswRcUk4L_FsFX26dN4aUFC-BKXXpxP&#038;index=3 Estrategias para el desarrollo cognitivo Aprender a estudiar [&hellip;]<\/p>\n","protected":false},"author":1,"featured_media":0,"parent":913,"menu_order":0,"comment_status":"closed","ping_status":"closed","template":"","meta":{"footnotes":""},"class_list":["post-45107","page","type-page","status-publish","hentry"],"_links":{"self":[{"href":"https:\/\/fcquna.edu.py\/v3\/wp-json\/wp\/v2\/pages\/45107","targetHints":{"allow":["GET"]}}],"collection":[{"href":"https:\/\/fcquna.edu.py\/v3\/wp-json\/wp\/v2\/pages"}],"about":[{"href":"https:\/\/fcquna.edu.py\/v3\/wp-json\/wp\/v2\/types\/page"}],"author":[{"embeddable":true,"href":"https:\/\/fcquna.edu.py\/v3\/wp-json\/wp\/v2\/users\/1"}],"replies":[{"embeddable":true,"href":"https:\/\/fcquna.edu.py\/v3\/wp-json\/wp\/v2\/comments?post=45107"}],"version-history":[{"count":94,"href":"https:\/\/fcquna.edu.py\/v3\/wp-json\/wp\/v2\/pages\/45107\/revisions"}],"predecessor-version":[{"id":45931,"href":"https:\/\/fcquna.edu.py\/v3\/wp-json\/wp\/v2\/pages\/45107\/revisions\/45931"}],"up":[{"embeddable":true,"href":"https:\/\/fcquna.edu.py\/v3\/wp-json\/wp\/v2\/pages\/913"}],"wp:attachment":[{"href":"https:\/\/fcquna.edu.py\/v3\/wp-json\/wp\/v2\/media?parent=45107"}],"curies":[{"name":"wp","href":"https:\/\/api.w.org\/{rel}","templated":true}]}}