{"id":45048,"date":"2025-11-13T16:36:32","date_gmt":"2025-11-13T16:36:32","guid":{"rendered":"https:\/\/fcquna.edu.py\/v3\/?page_id=45048"},"modified":"2025-11-20T21:13:52","modified_gmt":"2025-11-20T21:13:52","slug":"horarios-de-clases-2","status":"publish","type":"page","link":"https:\/\/fcquna.edu.py\/v3\/academico\/horarios-de-clases-2\/","title":{"rendered":"Horarios de Clases"},"content":{"rendered":"\t\t<div data-elementor-type=\"wp-page\" data-elementor-id=\"45048\" class=\"elementor elementor-45048\" data-elementor-post-type=\"page\">\n\t\t\t\t<div class=\"elementor-element elementor-element-8b70d08 e-flex e-con-boxed e-con e-parent\" data-id=\"8b70d08\" data-element_type=\"container\" data-settings=\"{&quot;jet_parallax_layout_list&quot;:[]}\">\n\t\t\t\t\t<div class=\"e-con-inner\">\n\t\t\t\t<div class=\"elementor-element elementor-element-3838219 elementor-widget elementor-widget-heading\" data-id=\"3838219\" data-element_type=\"widget\" data-widget_type=\"heading.default\">\n\t\t\t\t\t<h2 class=\"elementor-heading-title elementor-size-default\">Segundo Semestre FCQ 2025<\/h2>\t\t\t\t<\/div>\n\t\t\t\t\t<\/div>\n\t\t\t\t<\/div>\n\t\t<div class=\"elementor-element elementor-element-bebe8b7 e-flex e-con-boxed e-con e-parent\" data-id=\"bebe8b7\" data-element_type=\"container\" data-settings=\"{&quot;jet_parallax_layout_list&quot;:[]}\">\n\t\t\t\t\t<div class=\"e-con-inner\">\n\t\t\t\t<div class=\"elementor-element elementor-element-cbfc302 lista-grupo elementor-widget elementor-widget-text-editor\" data-id=\"cbfc302\" data-element_type=\"widget\" data-widget_type=\"text-editor.default\">\n\t\t\t\t\t\t\t\t\t<ul class=\"lista-grupo\">\n \t<li class=\"lista-grupo-item\"><i class=\"far fa-file-pdf\"><\/i> <a href=\"https:\/\/www.qui.una.py\/v2\/wp-content\/uploads\/Disposiciones-Academicas-y-Of_Acad_asig_obligatorias.pdf\" target=\"_blank\" rel=\"noopener\">Disposiciones Acad\u00e9micas y Oferta acad\u00e9mica de asignaturas obligatorias<\/a><\/li>\n \t<li class=\"lista-grupo-item\"><i class=\"far fa-file-pdf\"><\/i> <a href=\"https:\/\/www.qui.una.py\/v2\/wp-content\/uploads\/Oferta-academica-temporal-de-asignaturas-optativas.pdf\" target=\"_blank\" rel=\"noopener\">Oferta acad\u00e9mica temporal de asignaturas optativas<\/a><\/li>\n \t<li class=\"lista-grupo-item\"><i class=\"far fa-file-pdf\"><\/i> <a href=\"https:\/\/www.qui.una.py\/v2\/wp-content\/uploads\/Semestre-Opuesto-2do-Semestre-2025-.pdf\" target=\"_blank\" rel=\"noopener\">Oferta de Asignaturas \u2013 Semestre Opuesto 2025<\/a><\/li>\n \t<li class=\"lista-grupo-item\"><i class=\"far fa-file-pdf\"><\/i> <a href=\"https:\/\/www.qui.una.py\/v2\/wp-content\/uploads\/Resolucion-1246_2025_optativas.pdf\" target=\"_blank\" rel=\"noopener\">Ofertas Acad\u00e9micas de Asignaturas Optativas \u2013 Sede Central y Filial \u2013 Segundo Semestre 2025<\/a><\/li>\n<\/ul>\t\t\t\t\t\t\t\t<\/div>\n\t\t\t\t\t<\/div>\n\t\t\t\t<\/div>\n\t\t<div class=\"elementor-element elementor-element-4694bf6 e-flex e-con-boxed e-con e-parent\" data-id=\"4694bf6\" data-element_type=\"container\" data-settings=\"{&quot;jet_parallax_layout_list&quot;:[]}\">\n\t\t\t\t\t<div class=\"e-con-inner\">\n\t\t\t\t<div class=\"elementor-element elementor-element-c40dff1 elementor-widget elementor-widget-spacer\" data-id=\"c40dff1\" data-element_type=\"widget\" data-widget_type=\"spacer.default\">\n\t\t\t\t\t\t\t<div class=\"elementor-spacer\">\n\t\t\t<div class=\"elementor-spacer-inner\"><\/div>\n\t\t<\/div>\n\t\t\t\t\t\t<\/div>\n\t\t\t\t\t<\/div>\n\t\t\t\t<\/div>\n\t\t<div class=\"elementor-element elementor-element-9986fe3 e-flex e-con-boxed e-con e-parent\" data-id=\"9986fe3\" data-element_type=\"container\" data-settings=\"{&quot;jet_parallax_layout_list&quot;:[]}\">\n\t\t\t\t\t<div class=\"e-con-inner\">\n\t\t\t\t<div class=\"elementor-element elementor-element-adb8fd3 elementor-widget elementor-widget-heading\" data-id=\"adb8fd3\" data-element_type=\"widget\" data-widget_type=\"heading.default\">\n\t\t\t\t\t<h2 class=\"elementor-heading-title elementor-size-default\">Sede Central<\/h2>\t\t\t\t<\/div>\n\t\t\t\t\t<\/div>\n\t\t\t\t<\/div>\n\t\t<div class=\"elementor-element elementor-element-a179910 e-flex e-con-boxed e-con e-parent\" data-id=\"a179910\" data-element_type=\"container\" data-settings=\"{&quot;jet_parallax_layout_list&quot;:[]}\">\n\t\t\t\t\t<div class=\"e-con-inner\">\n\t\t\t\t<div class=\"elementor-element elementor-element-cc0c4e9 elementor-widget elementor-widget-text-editor\" data-id=\"cc0c4e9\" data-element_type=\"widget\" data-widget_type=\"text-editor.default\">\n\t\t\t\t\t\t\t\t\t<ol><li><a href=\"https:\/\/www.qui.una.py\/v2\/wp-content\/uploads\/1_FARMACIA_HORARIO-CLASES_2do-Semestre-2025.pdf\" target=\"_blank\" rel=\"noopener\"><strong>FARMACIA<\/strong><\/a><\/li><li><a href=\"https:\/\/www.qui.una.py\/v2\/wp-content\/uploads\/2_BIOQUIMICA_HORARIO-CLASES_2do-Semestre-2025.pdf\" target=\"_blank\" rel=\"noopener\"><strong>BIOQU\u00cdMICA\u00a0<\/strong><\/a><\/li><li><a href=\"https:\/\/www.qui.una.py\/v2\/wp-content\/uploads\/3_INGENIERIA-QUIMICA_HORARIO-CLASES_2do-Semestre-2025.pdf\" target=\"_blank\" rel=\"noopener\"><strong>INGENIER\u00cdA QU\u00cdMICA<\/strong><\/a><\/li><li><a href=\"https:\/\/www.qui.una.py\/v2\/wp-content\/uploads\/4_QUIMICA-INDUSTRIAL_HORARIO-CLASES_2do-Semestre-2025.pdf\" target=\"_blank\" rel=\"noopener\"><strong>QU\u00cdMICA INDUSTRIAL<\/strong><\/a><\/li><li><a href=\"https:\/\/www.qui.una.py\/v2\/wp-content\/uploads\/5_CTA_HORARIO-CLASES_2do-Semestre-2025.pdf\" target=\"_blank\" rel=\"noopener\"><strong>CIENCIAS Y TECNOLOG\u00cdA DE ALIMENTOS<\/strong><\/a><\/li><li><a href=\"https:\/\/www.qui.una.py\/v2\/wp-content\/uploads\/6_NUTRICION_HORARIO-CLASES_2do-Semestre-2025.pdf\" target=\"_blank\" rel=\"noopener\"><strong>NUTRICI\u00d3N<\/strong><\/a><\/li><li><a href=\"https:\/\/www.qui.una.py\/v2\/wp-content\/uploads\/7_INGENIERIA-DE-ALIMENTOS_HORARIO-CLASES_2do-Semestre-2025.pdf\" target=\"_blank\" rel=\"noopener\"><strong>INGENIER\u00cdA DE ALIMENTOS<\/strong><\/a><\/li><\/ol>\t\t\t\t\t\t\t\t<\/div>\n\t\t\t\t\t<\/div>\n\t\t\t\t<\/div>\n\t\t<div class=\"elementor-element elementor-element-173b825 e-flex e-con-boxed e-con e-parent\" data-id=\"173b825\" data-element_type=\"container\" data-settings=\"{&quot;jet_parallax_layout_list&quot;:[]}\">\n\t\t\t\t\t<div class=\"e-con-inner\">\n\t\t\t\t<div class=\"elementor-element elementor-element-0ee3c65 elementor-widget elementor-widget-spacer\" data-id=\"0ee3c65\" data-element_type=\"widget\" data-widget_type=\"spacer.default\">\n\t\t\t\t\t\t\t<div class=\"elementor-spacer\">\n\t\t\t<div class=\"elementor-spacer-inner\"><\/div>\n\t\t<\/div>\n\t\t\t\t\t\t<\/div>\n\t\t\t\t\t<\/div>\n\t\t\t\t<\/div>\n\t\t<div class=\"elementor-element elementor-element-57426dd e-flex e-con-boxed e-con e-parent\" data-id=\"57426dd\" data-element_type=\"container\" data-settings=\"{&quot;jet_parallax_layout_list&quot;:[]}\">\n\t\t\t\t\t<div class=\"e-con-inner\">\n\t\t\t\t<div class=\"elementor-element elementor-element-e59ec17 elementor-widget elementor-widget-heading\" data-id=\"e59ec17\" data-element_type=\"widget\" data-widget_type=\"heading.default\">\n\t\t\t\t\t<h2 class=\"elementor-heading-title elementor-size-default\">Filial Guajaybi<\/h2>\t\t\t\t<\/div>\n\t\t\t\t\t<\/div>\n\t\t\t\t<\/div>\n\t\t<div class=\"elementor-element elementor-element-8d938dc e-flex e-con-boxed e-con e-parent\" data-id=\"8d938dc\" data-element_type=\"container\" data-settings=\"{&quot;jet_parallax_layout_list&quot;:[]}\">\n\t\t\t\t\t<div class=\"e-con-inner\">\n\t\t\t\t<div class=\"elementor-element elementor-element-2954fb2 elementor-widget elementor-widget-text-editor\" data-id=\"2954fb2\" data-element_type=\"widget\" data-widget_type=\"text-editor.default\">\n\t\t\t\t\t\t\t\t\t<ol><li><a href=\"https:\/\/www.qui.una.py\/v2\/wp-content\/uploads\/CTA_FILIAL_GUAYAIBI_FCQ.pdf\" target=\"_blank\" rel=\"noopener\"><strong>CIENCIAS Y TECNOLOG\u00cdA DE ALIMENTOS<\/strong><\/a><\/li><\/ol>\t\t\t\t\t\t\t\t<\/div>\n\t\t\t\t\t<\/div>\n\t\t\t\t<\/div>\n\t\t<div class=\"elementor-element elementor-element-7acfd6d e-flex e-con-boxed e-con e-parent\" data-id=\"7acfd6d\" data-element_type=\"container\" data-settings=\"{&quot;jet_parallax_layout_list&quot;:[]}\">\n\t\t\t\t\t<div class=\"e-con-inner\">\n\t\t\t\t<div class=\"elementor-element elementor-element-f234314 elementor-widget elementor-widget-spacer\" data-id=\"f234314\" data-element_type=\"widget\" data-widget_type=\"spacer.default\">\n\t\t\t\t\t\t\t<div class=\"elementor-spacer\">\n\t\t\t<div class=\"elementor-spacer-inner\"><\/div>\n\t\t<\/div>\n\t\t\t\t\t\t<\/div>\n\t\t\t\t\t<\/div>\n\t\t\t\t<\/div>\n\t\t\t\t<\/div>\n\t\t","protected":false},"excerpt":{"rendered":"<p>Segundo Semestre FCQ 2025 Disposiciones Acad\u00e9micas y Oferta acad\u00e9mica de asignaturas obligatorias Oferta acad\u00e9mica temporal de asignaturas optativas Oferta de Asignaturas \u2013 Semestre Opuesto 2025 Ofertas Acad\u00e9micas de Asignaturas Optativas \u2013 Sede Central y Filial \u2013 Segundo Semestre 2025 Sede Central FARMACIA BIOQU\u00cdMICA\u00a0 INGENIER\u00cdA QU\u00cdMICA QU\u00cdMICA INDUSTRIAL CIENCIAS Y TECNOLOG\u00cdA DE ALIMENTOS NUTRICI\u00d3N INGENIER\u00cdA DE [&hellip;]<\/p>\n","protected":false},"author":1,"featured_media":0,"parent":913,"menu_order":0,"comment_status":"closed","ping_status":"closed","template":"","meta":{"footnotes":""},"class_list":["post-45048","page","type-page","status-publish","hentry"],"_links":{"self":[{"href":"https:\/\/fcquna.edu.py\/v3\/wp-json\/wp\/v2\/pages\/45048","targetHints":{"allow":["GET"]}}],"collection":[{"href":"https:\/\/fcquna.edu.py\/v3\/wp-json\/wp\/v2\/pages"}],"about":[{"href":"https:\/\/fcquna.edu.py\/v3\/wp-json\/wp\/v2\/types\/page"}],"author":[{"embeddable":true,"href":"https:\/\/fcquna.edu.py\/v3\/wp-json\/wp\/v2\/users\/1"}],"replies":[{"embeddable":true,"href":"https:\/\/fcquna.edu.py\/v3\/wp-json\/wp\/v2\/comments?post=45048"}],"version-history":[{"count":31,"href":"https:\/\/fcquna.edu.py\/v3\/wp-json\/wp\/v2\/pages\/45048\/revisions"}],"predecessor-version":[{"id":45940,"href":"https:\/\/fcquna.edu.py\/v3\/wp-json\/wp\/v2\/pages\/45048\/revisions\/45940"}],"up":[{"embeddable":true,"href":"https:\/\/fcquna.edu.py\/v3\/wp-json\/wp\/v2\/pages\/913"}],"wp:attachment":[{"href":"https:\/\/fcquna.edu.py\/v3\/wp-json\/wp\/v2\/media?parent=45048"}],"curies":[{"name":"wp","href":"https:\/\/api.w.org\/{rel}","templated":true}]}}